{"id":7307,"date":"2016-12-28T17:30:14","date_gmt":"2016-12-28T14:30:14","guid":{"rendered":"https:\/\/fit360.ee\/en\/?page_id=7307"},"modified":"2016-12-28T17:30:14","modified_gmt":"2016-12-28T14:30:14","slug":"ordering-info","status":"publish","type":"page","link":"https:\/\/fit360.ee\/en\/ordering-info\/","title":{"rendered":"Ordering info"},"content":{"rendered":"<ol>\n<li><strong>Toote lisamine Ostukorvi<\/strong><\/li>\n<\/ol>\n<p>1) Veebipoes on tooted jagatud tootekategooriatesse (nt \u201eRasvap\u00f5letajad\u201c), millel on omakorda alamkategooriad (nt \u201eL-karnitiin\u201c). Tootepildil klikkides avaneb t\u00e4psem tootekirjeldus. Leidke endale sobiv toode ja lisage see ostukorvi, vajutades \u201eLISA KORVI\u201d.<\/p>\n<p>2) Sobiva toote leidmiseks v\u00f5ite kasutada ka otsingut. Kirjutage otsingumootori lahtrisse m\u00e4rks\u00f5na v\u00f5i tootenimi ning oodake tulemuste avanemist alla lahti tulevad kastis v\u00f5i vajutage \u201cLuubi m\u00e4rgile\u201d. Teile kuvatakse tooted, mis v\u00f5iksid vastata antud otsingukriteeriumile.<\/p>\n<p>3) Oma ostukorvi sisu ja maksumust saate vaadata, liikudes kursoriga paremal \u00fcleval asuvale nupule \u201eOSTUKORV\u201c.<\/p>\n<p>4) Ostukorvis saab koguse lahtril vastavalt noolega kas \u00fcles v\u00f5i alla vajutades muuta koguseid. Ostukorvist on v\u00f5imalik tooteid eemaldada, vajutades ristikujulisele ikoonile. Ostukorvist saate samuti tagasi minna tootelehele \u201cValikuid\u201d muutma. Valikud on tooteparameetrid. Nt: Punast v\u00e4rvi pluus.<\/p>\n<ol start=\"2\">\n<li><strong>Ostutehingu vormistamine<\/strong><\/li>\n<\/ol>\n<p>1) Avatud ostukorvis n\u00e4ete valitud tooteid, kogust ja hinda. Edasi liikumiseks vajutage nupule \u201eMINE KASSASSE\u201c.<\/p>\n<p>2) Arvelduseks sisestage korrektsed andmed ostu sooritaja kohta (nimi, telefon, aadress, e-posti aadress), seej\u00e4rel n\u00e4ete kauba maksumust ja hinda. Alates 50-eurosest tellimusest kehtib tasuta transport.<\/p>\n<p>3) Valige makseviis. Kasutame www.maksekeskus.ee makselahendust, mille abil saate tellimuse eest tasuda k\u00f5ikide Eestis kasutatavate pangalinkidega.<\/p>\n<p>4) N\u00f5ustuge M\u00fc\u00fcgitingimustega ning kinnitage tellimus, vajutades nuppu \u201eESITA TELLIMUS\u201c.<\/p>\n<p>5) Tellimuse esitamisega loetakse m\u00fc\u00fcgitehing s\u00f5lmituks, ekraanil kuvatakse tellimusarve. Tellimusarve saadetakse ka kliendi poolt sisestatud e-posti aadressile. Manustesse tuleb ka eraldi arve .pdf dokumendina.<\/p>\n<ol start=\"3\">\n<li><strong>Tellimuse eest tasumine<\/strong><\/li>\n<\/ol>\n<p>Kasutame www.maksekeskus.ee makselahendust, mille abil saate tellimuse eest tasuda k\u00f5ikide Eestis kasutatavate pangalinkidega.<\/p>\n<p>Tellimust hakatakse t\u00e4itma alles p\u00e4rast makse teostamist\u00a0ja raha laekumist L-Fitness\u00a0O\u00dc arveldusarvele.<\/p>\n<ol start=\"4\">\n<li><strong>Kauba kohale toimetamine<\/strong><\/li>\n<\/ol>\n<p>Alates 50-eurosest ostust kehtib tasuta transport Ostja l\u00e4himasse v\u00f5i valitud postiasutusse v\u00f5i pakiautomaati. Keskmine tarne aeg 1-2 t\u00f6\u00f6p\u00e4eva, va erandjuhtudel.<\/p>\n<p>Kui tellimuse sooritamise ja selle t\u00e4itma asumise vahepeal on toimunud mistahes p\u00f5hjusel muutus tarneajas, teavitame Ostjat esimesel v\u00f5imalusel tarneaegade muutusest e-posti v\u00f5i telefoni teel.<\/p>\n<ol start=\"5\">\n<li><strong> Toodete tagastamine ja pretensioonide esitamine<\/strong><\/li>\n<\/ol>\n<p>L-Fitness\u00a0O\u00dc vastutab veebipoes fit360.ee m\u00fc\u00fcgil olevate toodete n\u00f5uetele vastavuse ja puuduste eest. Pretensioonide esitamise t\u00e4htaeg on kaks aastat (vt \u201eM\u00fc\u00fcgitingimused\u201c). Ostjal on \u00f5igus p\u00f6\u00f6rduda oma huvide kaitseks Tarbijakaitseametisse.<\/p>\n<p>L-Fitness O\u00dc on alati huvitatud probleemile kiire ja m\u00f5lemaid osapooli rahuldava lahenduse leidmisest. Palume p\u00f6\u00f6rduda meie klienditeeninduse poole info@fit360.ee, koos leiame lahenduse!<\/p>\n<ol start=\"6\">\n<li><strong> Konfidentsiaalsus<\/strong><\/li>\n<\/ol>\n<p>L-Fitness O\u00dc ei levita Ostja isikuandmeid kolmandatele osapooltele, v.a info logistikafirmale, mis on vajalik kauba sihtkohta toimetamiseks.<\/p>\n<p>Ostjal on \u00f5igus n\u00f5uda oma andmete kustutamist fit360.ee\u00a0andmebaasist.<\/p>\n<ol start=\"7\">\n<li><strong> Kontakt<\/strong><\/li>\n<\/ol>\n<p>K\u00f5ikide k\u00fcsimuste, murede ja r\u00f5\u00f5mude korral palume v\u00f5tta meiega \u00fchendust klienditoe kontaktidel +372 \u00a0688 9621 ja +372 56 56 3323 v\u00f5i info@fit360.ee\u00a0. Kirjadele vastame 24 h jooksul.<\/p>\n","protected":false},"excerpt":{"rendered":"<p>Toote lisamine Ostukorvi 1) Veebipoes on tooted jagatud tootekategooriatesse (nt \u201eRasvap\u00f5letajad\u201c), millel on omakorda alamkategooriad (nt \u201eL-karnitiin\u201c). Tootepildil klikkides avaneb t\u00e4psem tootekirjeldus. Leidke endale sobiv toode ja lisage see ostukorvi, vajutades \u201eLISA KORVI\u201d. 2) Sobiva toote leidmiseks v\u00f5ite kasutada ka otsingut. Kirjutage otsingumootori lahtrisse m\u00e4rks\u00f5na v\u00f5i tootenimi ning oodake tulemuste avanemist alla lahti tulevad kastis [&#8230;]\n","protected":false},"author":6,"featured_media":0,"parent":0,"menu_order":0,"comment_status":"closed","ping_status":"closed","template":"","meta":{"footnotes":""},"class_list":["post-7307","page","type-page","status-publish","hentry"],"yoast_head":"<!-- This site is optimized with the Yoast SEO plugin v27.3 - https:\/\/yoast.com\/product\/yoast-seo-wordpress\/ -->\n<title>Ordering info - Fit360<\/title>\n<meta name=\"robots\" content=\"index, follow, max-snippet:-1, max-image-preview:large, max-video-preview:-1\" \/>\n<link rel=\"canonical\" href=\"https:\/\/fit360.ee\/en\/ordering-info\/\" \/>\n<meta property=\"og:locale\" content=\"en_US\" \/>\n<meta property=\"og:type\" content=\"article\" \/>\n<meta property=\"og:title\" content=\"Ordering info - Fit360\" \/>\n<meta property=\"og:description\" content=\"Toote lisamine Ostukorvi 1) Veebipoes on tooted jagatud tootekategooriatesse (nt \u201eRasvap\u00f5letajad\u201c), millel on omakorda alamkategooriad (nt \u201eL-karnitiin\u201c). Tootepildil klikkides avaneb t\u00e4psem tootekirjeldus. Leidke endale sobiv toode ja lisage see ostukorvi, vajutades \u201eLISA KORVI\u201d. 2) Sobiva toote leidmiseks v\u00f5ite kasutada ka otsingut. Kirjutage otsingumootori lahtrisse m\u00e4rks\u00f5na v\u00f5i tootenimi ning oodake tulemuste avanemist alla lahti tulevad kastis [...]\" \/>\n<meta property=\"og:url\" content=\"https:\/\/fit360.ee\/en\/ordering-info\/\" \/>\n<meta property=\"og:site_name\" content=\"Fit360\" \/>\n<meta name=\"twitter:card\" content=\"summary_large_image\" \/>\n<meta name=\"twitter:label1\" content=\"Est. reading time\" \/>\n\t<meta name=\"twitter:data1\" content=\"2 minutes\" \/>\n<script type=\"application\/ld+json\" class=\"yoast-schema-graph\">{\"@context\":\"https:\\\/\\\/schema.org\",\"@graph\":[{\"@type\":\"WebPage\",\"@id\":\"https:\\\/\\\/fit360.ee\\\/en\\\/ordering-info\\\/\",\"url\":\"https:\\\/\\\/fit360.ee\\\/en\\\/ordering-info\\\/\",\"name\":\"Ordering info - Fit360\",\"isPartOf\":{\"@id\":\"https:\\\/\\\/fit360.ee\\\/en\\\/#website\"},\"datePublished\":\"2016-12-28T14:30:14+00:00\",\"breadcrumb\":{\"@id\":\"https:\\\/\\\/fit360.ee\\\/en\\\/ordering-info\\\/#breadcrumb\"},\"inLanguage\":\"en-US\",\"potentialAction\":[{\"@type\":\"ReadAction\",\"target\":[\"https:\\\/\\\/fit360.ee\\\/en\\\/ordering-info\\\/\"]}]},{\"@type\":\"BreadcrumbList\",\"@id\":\"https:\\\/\\\/fit360.ee\\\/en\\\/ordering-info\\\/#breadcrumb\",\"itemListElement\":[{\"@type\":\"ListItem\",\"position\":1,\"name\":\"Home\",\"item\":\"https:\\\/\\\/fit360.ee\\\/en\\\/\"},{\"@type\":\"ListItem\",\"position\":2,\"name\":\"Ordering info\"}]},{\"@type\":\"WebSite\",\"@id\":\"https:\\\/\\\/fit360.ee\\\/en\\\/#website\",\"url\":\"https:\\\/\\\/fit360.ee\\\/en\\\/\",\"name\":\"Fit360\",\"description\":\"\",\"publisher\":{\"@id\":\"https:\\\/\\\/fit360.ee\\\/en\\\/#organization\"},\"potentialAction\":[{\"@type\":\"SearchAction\",\"target\":{\"@type\":\"EntryPoint\",\"urlTemplate\":\"https:\\\/\\\/fit360.ee\\\/en\\\/?s={search_term_string}\"},\"query-input\":{\"@type\":\"PropertyValueSpecification\",\"valueRequired\":true,\"valueName\":\"search_term_string\"}}],\"inLanguage\":\"en-US\"},{\"@type\":\"Organization\",\"@id\":\"https:\\\/\\\/fit360.ee\\\/en\\\/#organization\",\"name\":\"Fit360\",\"url\":\"https:\\\/\\\/fit360.ee\\\/en\\\/\",\"logo\":{\"@type\":\"ImageObject\",\"inLanguage\":\"en-US\",\"@id\":\"https:\\\/\\\/fit360.ee\\\/en\\\/#\\\/schema\\\/logo\\\/image\\\/\",\"url\":\"https:\\\/\\\/fit360.ee\\\/wp-content\\\/uploads\\\/2017\\\/01\\\/logo-fit360.png\",\"contentUrl\":\"https:\\\/\\\/fit360.ee\\\/wp-content\\\/uploads\\\/2017\\\/01\\\/logo-fit360.png\",\"width\":180,\"height\":66,\"caption\":\"Fit360\"},\"image\":{\"@id\":\"https:\\\/\\\/fit360.ee\\\/en\\\/#\\\/schema\\\/logo\\\/image\\\/\"}}]}<\/script>\n<!-- \/ Yoast SEO plugin. -->","yoast_head_json":{"title":"Ordering info - Fit360","robots":{"index":"index","follow":"follow","max-snippet":"max-snippet:-1","max-image-preview":"max-image-preview:large","max-video-preview":"max-video-preview:-1"},"canonical":"https:\/\/fit360.ee\/en\/ordering-info\/","og_locale":"en_US","og_type":"article","og_title":"Ordering info - Fit360","og_description":"Toote lisamine Ostukorvi 1) Veebipoes on tooted jagatud tootekategooriatesse (nt \u201eRasvap\u00f5letajad\u201c), millel on omakorda alamkategooriad (nt \u201eL-karnitiin\u201c). Tootepildil klikkides avaneb t\u00e4psem tootekirjeldus. Leidke endale sobiv toode ja lisage see ostukorvi, vajutades \u201eLISA KORVI\u201d. 2) Sobiva toote leidmiseks v\u00f5ite kasutada ka otsingut. Kirjutage otsingumootori lahtrisse m\u00e4rks\u00f5na v\u00f5i tootenimi ning oodake tulemuste avanemist alla lahti tulevad kastis [...]","og_url":"https:\/\/fit360.ee\/en\/ordering-info\/","og_site_name":"Fit360","twitter_card":"summary_large_image","twitter_misc":{"Est. reading time":"2 minutes"},"schema":{"@context":"https:\/\/schema.org","@graph":[{"@type":"WebPage","@id":"https:\/\/fit360.ee\/en\/ordering-info\/","url":"https:\/\/fit360.ee\/en\/ordering-info\/","name":"Ordering info - Fit360","isPartOf":{"@id":"https:\/\/fit360.ee\/en\/#website"},"datePublished":"2016-12-28T14:30:14+00:00","breadcrumb":{"@id":"https:\/\/fit360.ee\/en\/ordering-info\/#breadcrumb"},"inLanguage":"en-US","potentialAction":[{"@type":"ReadAction","target":["https:\/\/fit360.ee\/en\/ordering-info\/"]}]},{"@type":"BreadcrumbList","@id":"https:\/\/fit360.ee\/en\/ordering-info\/#breadcrumb","itemListElement":[{"@type":"ListItem","position":1,"name":"Home","item":"https:\/\/fit360.ee\/en\/"},{"@type":"ListItem","position":2,"name":"Ordering info"}]},{"@type":"WebSite","@id":"https:\/\/fit360.ee\/en\/#website","url":"https:\/\/fit360.ee\/en\/","name":"Fit360","description":"","publisher":{"@id":"https:\/\/fit360.ee\/en\/#organization"},"potentialAction":[{"@type":"SearchAction","target":{"@type":"EntryPoint","urlTemplate":"https:\/\/fit360.ee\/en\/?s={search_term_string}"},"query-input":{"@type":"PropertyValueSpecification","valueRequired":true,"valueName":"search_term_string"}}],"inLanguage":"en-US"},{"@type":"Organization","@id":"https:\/\/fit360.ee\/en\/#organization","name":"Fit360","url":"https:\/\/fit360.ee\/en\/","logo":{"@type":"ImageObject","inLanguage":"en-US","@id":"https:\/\/fit360.ee\/en\/#\/schema\/logo\/image\/","url":"https:\/\/fit360.ee\/wp-content\/uploads\/2017\/01\/logo-fit360.png","contentUrl":"https:\/\/fit360.ee\/wp-content\/uploads\/2017\/01\/logo-fit360.png","width":180,"height":66,"caption":"Fit360"},"image":{"@id":"https:\/\/fit360.ee\/en\/#\/schema\/logo\/image\/"}}]}},"_links":{"self":[{"href":"https:\/\/fit360.ee\/en\/wp-json\/wp\/v2\/pages\/7307","targetHints":{"allow":["GET"]}}],"collection":[{"href":"https:\/\/fit360.ee\/en\/wp-json\/wp\/v2\/pages"}],"about":[{"href":"https:\/\/fit360.ee\/en\/wp-json\/wp\/v2\/types\/page"}],"author":[{"embeddable":true,"href":"https:\/\/fit360.ee\/en\/wp-json\/wp\/v2\/users\/6"}],"replies":[{"embeddable":true,"href":"https:\/\/fit360.ee\/en\/wp-json\/wp\/v2\/comments?post=7307"}],"version-history":[{"count":1,"href":"https:\/\/fit360.ee\/en\/wp-json\/wp\/v2\/pages\/7307\/revisions"}],"predecessor-version":[{"id":7308,"href":"https:\/\/fit360.ee\/en\/wp-json\/wp\/v2\/pages\/7307\/revisions\/7308"}],"wp:attachment":[{"href":"https:\/\/fit360.ee\/en\/wp-json\/wp\/v2\/media?parent=7307"}],"curies":[{"name":"wp","href":"https:\/\/api.w.org\/{rel}","templated":true}]}}