{"id":7309,"date":"2016-12-28T17:30:52","date_gmt":"2016-12-28T14:30:52","guid":{"rendered":"https:\/\/fit360.ee\/en\/?page_id=7309"},"modified":"2016-12-28T17:30:52","modified_gmt":"2016-12-28T14:30:52","slug":"conditions-of-sale","status":"publish","type":"page","link":"https:\/\/fit360.ee\/en\/conditions-of-sale\/","title":{"rendered":"Conditions of Sale"},"content":{"rendered":"<ol>\n<li><strong>M\u00fc\u00fcgitingimuste kehtivus<\/strong><\/li>\n<\/ol>\n<p>1) M\u00fc\u00fcgitingimused kehtivad fit360.ee veebipoest ostja (edaspidi Ostja) ja ettev\u00f5tja L-Fitness O\u00dc (edaspidi Veebipood fit360.ee ) vahel kaupade ja teenuste ostmisel.<\/p>\n<p>2) Lisaks k\u00e4esolevatele tingimustele reguleerivad fit360.ee\u00a0veebipoest toodete ostmisel tekkivaid \u00f5igussuhteid Eesti Vabariigis kehtivad v\u00f5la\u00f5igusseadus (edaspidi V\u00d5S), tarbijakaitseseadus (edaspidi TKS) ja teised \u00f5igusaktid.<\/p>\n<p>3) Veebipood fit360.ee j\u00e4tab endale \u00f5iguse teha m\u00fc\u00fcgitingimustes muudatusi. Nimetatud muudatusi kajastatakse veebilehel www.fit360.ee.<\/p>\n<ol start=\"2\">\n<li><strong>Hinnainfo<\/strong><\/li>\n<\/ol>\n<p>1) Minimaalset tellimuse hinnapiiri ei ole. Alates 50-eurosest tellimusest kehtib tellitud kauba tasuta kohale toimetamine.<\/p>\n<p>2) Hinnad kehtivad tellimuse vormistamisest kuni vormistatud tellimuse makset\u00e4htaja aegumiseni.<\/p>\n<p>3) Kui tellimus on esitatud enne m\u00fc\u00fcgitingimuste v\u00f5i hindade muutmist, kohaldatakse Ostja ja Veebipood fit360.ee\u00a0vahel tekkinud \u00f5igussuhetele tellimuse vormistamise ajal kehtinud tingimusi.<\/p>\n<p>4) Veebipood fit360.ee\u00a0j\u00e4tab endale \u00f5iguse teha m\u00fc\u00fcgihindades muudatusi. Nimetatud muudatusi kajastatakse veebilehel www.fit360.ee\u00a0.<\/p>\n<ol start=\"3\">\n<li><strong>Tellimuse vormistamine<\/strong><\/li>\n<\/ol>\n<p>1) Lisage soovitud tooted ostukorvi.<\/p>\n<p>2) Tellimuse vormistamiseks vajutage ostukorvis lingile \u201eMine kassasse\u201c<\/p>\n<p>3) Tellimuse vormistamise lehel t\u00e4itke n\u00f5utud andmev\u00e4ljad korrektselt, sest esitatud informatsiooni t\u00e4psusest ja \u00f5igsusest s\u00f5ltub kauba kiire ja t\u00f5rgeteta kohale toimetamine ning hilisem v\u00f5imalik vaidluste ja pretensioonide lahendamine. Kliendikonto registreerimisel saadetakse andmetes m\u00e4rgitud meiliaadressile selle kohta info.<\/p>\n<p>4) Tarneviis. Tellimus saadetakse Ostjale l\u00e4himasse v\u00f5i valitud postiasutusse v\u00f5i pakiautomaati standardsete hindade eest. Tasuta transport alates 50-eurosest tellimusest.<\/p>\n<p>5) M\u00e4rkige, et olete tutvunud ja n\u00f5ustute M\u00fc\u00fcgitingimustega ning esitage tellimus, vajutades sellenimelisele nupule.<\/p>\n<p>6) Teile kuvatakse tasumiseks arve. Arvet saate n\u00e4ha igal ajal, logides sisse enda kliendikontole. Arve saadetakse ka Kliendi andmetes m\u00e4rgitud meiliaadressile.<\/p>\n<p>7) Veebipoes sooritatud tellimusi k\u00e4sitletakse t\u00f6\u00f6p\u00e4evadel (E\u2212R) 10.00\u221221.00 ja n\u00e4dalavahetustel (L, P) 10.00\u201319.00.<\/p>\n<ol start=\"4\">\n<li><strong>M\u00fc\u00fcgilepingu j\u00f5ustumine<\/strong><\/li>\n<\/ol>\n<p>1) Kauba m\u00fc\u00fcgilepinguga kohustub Veebipood fit360.ee andma Ostjale \u00fcle olemasoleva, valmistatava v\u00f5i Veebipood fit360.ee poolt tulevikus omandatava Kauba ning tegema v\u00f5imalikuks omandi \u00fclemineku Ostjale, Ostja aga kohustub Veebipood fit360.ee-le tasuma Kauba eest esitatud arvel n\u00e4idatud summa ja v\u00f5tma Kauba vastu.<\/p>\n<p>2) Tellimused, mille eest ei ole tasutud, annulleeritakse.<\/p>\n<p>3) M\u00fc\u00fcgileping j\u00f5ustub p\u00e4rast Ostja tehtud makse laekumist Veebipoe fit360.ee pangakontole.<\/p>\n<ol start=\"5\">\n<li><strong>Kohaletoimetamine<\/strong><\/li>\n<\/ol>\n<p>1) P\u00e4rast m\u00fc\u00fcgilepingu j\u00f5ustumist garanteerib veebipood fit360.ee tellimuse tarnetingimustes etten\u00e4htud aja jooksul ning annab selle kohale toimetamiseks \u00fcle ettev\u00f5tte logistikapartneritele.<\/p>\n<p>2) Kohale toimetamise t\u00e4htajad kehtivad tellimuse summa laekumise hetkest Veebipoe fit360.ee pangakontole.<\/p>\n<p>3) Viivitusteta kohale toimetamiseks tuleb olla hoolas ning tellimuse vormistamisel esitada kohale toimetamise andmete sisestamisel t\u00f5ele vastavad ning kehtivad andmed.<\/p>\n<p>4) Veebipood fit360.ee ei vastuta kauba kohale toimetamise viibimise eest juhul, kui kaup on logistikapartneritele \u00fcle antud \u00f5igel ajal, kuid kohale toimetamise viibimine on tingitud asjaoludest, mida Veebipood fit360.ee ei saanud m\u00f5jutada ega ette n\u00e4ha.<\/p>\n<ol start=\"6\">\n<li><strong>Tagastamis\u00f5igus<\/strong><\/li>\n<\/ol>\n<p>1) P\u00e4rast tellimuse k\u00e4ttesaamist on Ostjal \u00f5igus e-poes s\u00f5lmitud lepingust taganeda 14 p\u00e4eva jooksul. Tagastada saab juhul, kui kaup on praak, riknenud v\u00f5i ei vasta fit360.ee kodulehel olevale tootekirjeldusele. Lepingust taganemise korral maksab kauba tagastamisega seotud kulud Ostja.<\/p>\n<p>2) Tagastatav kaup peab olema kasutamata, t\u00e4iskomplektne ja originaalpakendis, pakend ei tohi olla l\u00f5hutud v\u00f5i vigastatud. Et veenduda eseme olemuses, omadustes ja toimimises, peab Ostja k\u00e4sitsema ja kasutama asja \u00fcksnes nii, nagu tal lubataks seda tavap\u00e4raselt poes teha.<\/p>\n<p>3) Kauba tagastamiseks tuleb esitada Kauba ostust taganemise avaldus, mille v\u00f5ib esitada vabas vormis\u00a0ning saata see aadressile info@fit360.ee\u00a0hiljemalt 14 p\u00e4eva jooksul kauba k\u00e4ttesaamisest.<\/p>\n<p>4) Ostja peab Veebipoele fit360.ee kauba tagastama viivitamatult p\u00e4rast avalduse esitamist v\u00f5i hiljemalt sellele j\u00e4rgneva 30 p\u00e4eva jooksul v\u00f5i esitama t\u00f5endi, et ta on eelnimetatud perioodi jooksul kauba \u00fcle andnud logistikafirmale.<\/p>\n<p>5) Veebipood fit360.ee tagastab taganemisavalduse k\u00e4ttesaamisel Ostjale viivitamata, kuid mitte hiljem kui 30 p\u00e4eva m\u00f6\u00f6dumisel, kauba eest tasutud summa.<\/p>\n<ol start=\"7\">\n<li><strong> V\u00e4\u00e4ramatu j\u00f5ud<\/strong><\/li>\n<\/ol>\n<p>1) Veebipood fit360.ee ei vastuta Ostjale tekitatud kahjude v\u00f5i kauba kohale toimetamise viibimise eest juhul, kui kahju v\u00f5i kauba kohale toimetamise viibimine on tingitud asjaoludest, mida Veebipood fit360.ee ei saanud m\u00f5jutada v\u00f5i ette n\u00e4ha.<\/p>\n<ol start=\"8\">\n<li><strong> Isikuandmete t\u00f6\u00f6tlemine<\/strong><\/li>\n<\/ol>\n<p>1) Ostja annab veebipoes andmeid sisestades ning vastava kinnitusega \u00f5iguse koguda ja t\u00f6\u00f6delda Ostja isikuandmeid (nimi, kontakttelefon, paki k\u00e4ttetoimetamise ja\/v\u00f5i kodune aadress, e-postiaadress) ning edastada logistikapartnerile isikuandmeid kauba kohale toimetamiseks.<\/p>\n<p>2) Ostjal on igal ajal \u00f5igus keelata oma isikuandmete kogumine ning kasutamine, v\u00e4lja arvatud juhul, kui see on vajalik lepingust tuleneva n\u00f5ude sissen\u00f5udmiseks v\u00f5i kauba kohale toimetamiseks.<\/p>\n<p>3) Elektrooniliste isikuandmete kasutamine otsepostituseks toimub ainult siis, kui Ostja on selle jaoks andnud eraldi n\u00f5usoleku veebilehel www.fit360.ee\u00a0.<\/p>\n<p>4) Kr\u00fcpteeritud andmeside pankadega ostude eest tasumisel tagab Ostja personaalsete pangatunnuste turvalisuse ja neile puudub ka Veebipoel ligip\u00e4\u00e4s.<\/p>\n<ol start=\"9\">\n<li><strong> Pretensioonide esitamise kord<\/strong><\/li>\n<\/ol>\n<p>1) Veebipood fit360.ee m\u00fc\u00fcdud toodetele kehtib V\u00d5S \u00a7-s 218 lg 2 s\u00e4testatud kaheaastane pretensiooni esitamise t\u00e4htaeg.<\/p>\n<p>2) Ostja peab puuduse ilmnemisel Veebipood fit360.ee-le pretensiooni esitama hiljemalt kahe kuu jooksul puuduse ilmnemisest, lisades digitaalselt v\u00f5i paberkandjal arve, mille alusel kauba ostu eest tasuti.<\/p>\n<p>3) Veebipood fit360.ee ei vastuta<\/p>\n<ul>\n<li>Ostja s\u00fc\u00fcl tootel tekkinud puuduste eest, mis on tekkinud toote kasutusjuhendi eiramisest, toote mitten\u00f5uetekohase v\u00f5i mitte eesm\u00e4rgip\u00e4rase kasutamise ja hoiustamise tulemusena;<\/li>\n<li>Toote normaalse kulumise eest.<\/li>\n<\/ul>\n<p>4) Toote n\u00f5uetele mittevastavuse v\u00f5i puuduste ilmnemisel palume edastada e-posti aadressile info@fit360.ee\u00a0pretensiooni, kus on m\u00e4rgitud tellimuse esitaja nimi, kontakttelefon, tellimuse number ja toote tingimustele mittevastavuse v\u00f5i puuduse t\u00e4pne kirjeldus.<\/p>\n<p>5) K\u00f5ik pretensioonid vaadatakse l\u00e4bi ja Ostjaga v\u00f5etakse \u00fchendust esimesel v\u00f5imalusel, kuid mitte hiljem kui 14 p\u00e4eva jooksul alates pretensiooni k\u00e4ttesaamisest.<\/p>\n<ol start=\"10\">\n<li><strong> Ostja \u00f5igus p\u00f6\u00f6rduda tarbijakaebuste komisjoni poole<\/strong><\/li>\n<\/ol>\n<p>Kui Veebipood on keeldunud Ostja kaebust lahendamast v\u00f5i Ostja ei ole n\u00f5us Veebipoe pakutud lahendusega ja leiab, et on rikutud tema \u00f5igusi v\u00f5i kahjustatud tema huve, v\u00f5ib Ostja esitada kaebuse tarbijakaebuste komisjonile Tarbijakaitseameti kaudu v\u00f5i kohtule. Ostja v\u00f5ib esitada kaebuse ise v\u00f5i esindaja kaudu. Tarbijakaitse komisjoni andmed on toodud Tarbijakaitseameti kodulehel, Euroopa Liidu liikmesriikides tekkivate probleemide lahendamiseks p\u00f6\u00f6rduda Euroopa Liidu tarbijate N\u00f5ustamiskeskusse.<\/p>\n","protected":false},"excerpt":{"rendered":"<p>M\u00fc\u00fcgitingimuste kehtivus 1) M\u00fc\u00fcgitingimused kehtivad fit360.ee veebipoest ostja (edaspidi Ostja) ja ettev\u00f5tja L-Fitness O\u00dc (edaspidi Veebipood fit360.ee ) vahel kaupade ja teenuste ostmisel. 2) Lisaks k\u00e4esolevatele tingimustele reguleerivad fit360.ee\u00a0veebipoest toodete ostmisel tekkivaid \u00f5igussuhteid Eesti Vabariigis kehtivad v\u00f5la\u00f5igusseadus (edaspidi V\u00d5S), tarbijakaitseseadus (edaspidi TKS) ja teised \u00f5igusaktid. 3) Veebipood fit360.ee j\u00e4tab endale \u00f5iguse teha m\u00fc\u00fcgitingimustes muudatusi. Nimetatud [&#8230;]\n","protected":false},"author":6,"featured_media":0,"parent":0,"menu_order":0,"comment_status":"closed","ping_status":"closed","template":"","meta":{"footnotes":""},"class_list":["post-7309","page","type-page","status-publish","hentry"],"yoast_head":"<!-- This site is optimized with the Yoast SEO plugin v27.3 - https:\/\/yoast.com\/product\/yoast-seo-wordpress\/ -->\n<title>Conditions of Sale - Fit360<\/title>\n<meta name=\"robots\" content=\"index, follow, max-snippet:-1, max-image-preview:large, max-video-preview:-1\" \/>\n<link rel=\"canonical\" href=\"https:\/\/fit360.ee\/en\/conditions-of-sale\/\" \/>\n<meta property=\"og:locale\" content=\"en_US\" \/>\n<meta property=\"og:type\" content=\"article\" \/>\n<meta property=\"og:title\" content=\"Conditions of Sale - Fit360\" \/>\n<meta property=\"og:description\" content=\"M\u00fc\u00fcgitingimuste kehtivus 1) M\u00fc\u00fcgitingimused kehtivad fit360.ee veebipoest ostja (edaspidi Ostja) ja ettev\u00f5tja L-Fitness O\u00dc (edaspidi Veebipood fit360.ee ) vahel kaupade ja teenuste ostmisel. 2) Lisaks k\u00e4esolevatele tingimustele reguleerivad fit360.ee\u00a0veebipoest toodete ostmisel tekkivaid \u00f5igussuhteid Eesti Vabariigis kehtivad v\u00f5la\u00f5igusseadus (edaspidi V\u00d5S), tarbijakaitseseadus (edaspidi TKS) ja teised \u00f5igusaktid. 3) Veebipood fit360.ee j\u00e4tab endale \u00f5iguse teha m\u00fc\u00fcgitingimustes muudatusi. Nimetatud [...]\" \/>\n<meta property=\"og:url\" content=\"https:\/\/fit360.ee\/en\/conditions-of-sale\/\" \/>\n<meta property=\"og:site_name\" content=\"Fit360\" \/>\n<meta name=\"twitter:card\" content=\"summary_large_image\" \/>\n<meta name=\"twitter:label1\" content=\"Est. reading time\" \/>\n\t<meta name=\"twitter:data1\" content=\"5 minutes\" \/>\n<script type=\"application\/ld+json\" class=\"yoast-schema-graph\">{\"@context\":\"https:\\\/\\\/schema.org\",\"@graph\":[{\"@type\":\"WebPage\",\"@id\":\"https:\\\/\\\/fit360.ee\\\/en\\\/conditions-of-sale\\\/\",\"url\":\"https:\\\/\\\/fit360.ee\\\/en\\\/conditions-of-sale\\\/\",\"name\":\"Conditions of Sale - Fit360\",\"isPartOf\":{\"@id\":\"https:\\\/\\\/fit360.ee\\\/en\\\/#website\"},\"datePublished\":\"2016-12-28T14:30:52+00:00\",\"breadcrumb\":{\"@id\":\"https:\\\/\\\/fit360.ee\\\/en\\\/conditions-of-sale\\\/#breadcrumb\"},\"inLanguage\":\"en-US\",\"potentialAction\":[{\"@type\":\"ReadAction\",\"target\":[\"https:\\\/\\\/fit360.ee\\\/en\\\/conditions-of-sale\\\/\"]}]},{\"@type\":\"BreadcrumbList\",\"@id\":\"https:\\\/\\\/fit360.ee\\\/en\\\/conditions-of-sale\\\/#breadcrumb\",\"itemListElement\":[{\"@type\":\"ListItem\",\"position\":1,\"name\":\"Home\",\"item\":\"https:\\\/\\\/fit360.ee\\\/en\\\/\"},{\"@type\":\"ListItem\",\"position\":2,\"name\":\"Conditions of Sale\"}]},{\"@type\":\"WebSite\",\"@id\":\"https:\\\/\\\/fit360.ee\\\/en\\\/#website\",\"url\":\"https:\\\/\\\/fit360.ee\\\/en\\\/\",\"name\":\"Fit360\",\"description\":\"\",\"publisher\":{\"@id\":\"https:\\\/\\\/fit360.ee\\\/en\\\/#organization\"},\"potentialAction\":[{\"@type\":\"SearchAction\",\"target\":{\"@type\":\"EntryPoint\",\"urlTemplate\":\"https:\\\/\\\/fit360.ee\\\/en\\\/?s={search_term_string}\"},\"query-input\":{\"@type\":\"PropertyValueSpecification\",\"valueRequired\":true,\"valueName\":\"search_term_string\"}}],\"inLanguage\":\"en-US\"},{\"@type\":\"Organization\",\"@id\":\"https:\\\/\\\/fit360.ee\\\/en\\\/#organization\",\"name\":\"Fit360\",\"url\":\"https:\\\/\\\/fit360.ee\\\/en\\\/\",\"logo\":{\"@type\":\"ImageObject\",\"inLanguage\":\"en-US\",\"@id\":\"https:\\\/\\\/fit360.ee\\\/en\\\/#\\\/schema\\\/logo\\\/image\\\/\",\"url\":\"https:\\\/\\\/fit360.ee\\\/wp-content\\\/uploads\\\/2017\\\/01\\\/logo-fit360.png\",\"contentUrl\":\"https:\\\/\\\/fit360.ee\\\/wp-content\\\/uploads\\\/2017\\\/01\\\/logo-fit360.png\",\"width\":180,\"height\":66,\"caption\":\"Fit360\"},\"image\":{\"@id\":\"https:\\\/\\\/fit360.ee\\\/en\\\/#\\\/schema\\\/logo\\\/image\\\/\"}}]}<\/script>\n<!-- \/ Yoast SEO plugin. -->","yoast_head_json":{"title":"Conditions of Sale - Fit360","robots":{"index":"index","follow":"follow","max-snippet":"max-snippet:-1","max-image-preview":"max-image-preview:large","max-video-preview":"max-video-preview:-1"},"canonical":"https:\/\/fit360.ee\/en\/conditions-of-sale\/","og_locale":"en_US","og_type":"article","og_title":"Conditions of Sale - Fit360","og_description":"M\u00fc\u00fcgitingimuste kehtivus 1) M\u00fc\u00fcgitingimused kehtivad fit360.ee veebipoest ostja (edaspidi Ostja) ja ettev\u00f5tja L-Fitness O\u00dc (edaspidi Veebipood fit360.ee ) vahel kaupade ja teenuste ostmisel. 2) Lisaks k\u00e4esolevatele tingimustele reguleerivad fit360.ee\u00a0veebipoest toodete ostmisel tekkivaid \u00f5igussuhteid Eesti Vabariigis kehtivad v\u00f5la\u00f5igusseadus (edaspidi V\u00d5S), tarbijakaitseseadus (edaspidi TKS) ja teised \u00f5igusaktid. 3) Veebipood fit360.ee j\u00e4tab endale \u00f5iguse teha m\u00fc\u00fcgitingimustes muudatusi. Nimetatud [...]","og_url":"https:\/\/fit360.ee\/en\/conditions-of-sale\/","og_site_name":"Fit360","twitter_card":"summary_large_image","twitter_misc":{"Est. reading time":"5 minutes"},"schema":{"@context":"https:\/\/schema.org","@graph":[{"@type":"WebPage","@id":"https:\/\/fit360.ee\/en\/conditions-of-sale\/","url":"https:\/\/fit360.ee\/en\/conditions-of-sale\/","name":"Conditions of Sale - Fit360","isPartOf":{"@id":"https:\/\/fit360.ee\/en\/#website"},"datePublished":"2016-12-28T14:30:52+00:00","breadcrumb":{"@id":"https:\/\/fit360.ee\/en\/conditions-of-sale\/#breadcrumb"},"inLanguage":"en-US","potentialAction":[{"@type":"ReadAction","target":["https:\/\/fit360.ee\/en\/conditions-of-sale\/"]}]},{"@type":"BreadcrumbList","@id":"https:\/\/fit360.ee\/en\/conditions-of-sale\/#breadcrumb","itemListElement":[{"@type":"ListItem","position":1,"name":"Home","item":"https:\/\/fit360.ee\/en\/"},{"@type":"ListItem","position":2,"name":"Conditions of Sale"}]},{"@type":"WebSite","@id":"https:\/\/fit360.ee\/en\/#website","url":"https:\/\/fit360.ee\/en\/","name":"Fit360","description":"","publisher":{"@id":"https:\/\/fit360.ee\/en\/#organization"},"potentialAction":[{"@type":"SearchAction","target":{"@type":"EntryPoint","urlTemplate":"https:\/\/fit360.ee\/en\/?s={search_term_string}"},"query-input":{"@type":"PropertyValueSpecification","valueRequired":true,"valueName":"search_term_string"}}],"inLanguage":"en-US"},{"@type":"Organization","@id":"https:\/\/fit360.ee\/en\/#organization","name":"Fit360","url":"https:\/\/fit360.ee\/en\/","logo":{"@type":"ImageObject","inLanguage":"en-US","@id":"https:\/\/fit360.ee\/en\/#\/schema\/logo\/image\/","url":"https:\/\/fit360.ee\/wp-content\/uploads\/2017\/01\/logo-fit360.png","contentUrl":"https:\/\/fit360.ee\/wp-content\/uploads\/2017\/01\/logo-fit360.png","width":180,"height":66,"caption":"Fit360"},"image":{"@id":"https:\/\/fit360.ee\/en\/#\/schema\/logo\/image\/"}}]}},"_links":{"self":[{"href":"https:\/\/fit360.ee\/en\/wp-json\/wp\/v2\/pages\/7309","targetHints":{"allow":["GET"]}}],"collection":[{"href":"https:\/\/fit360.ee\/en\/wp-json\/wp\/v2\/pages"}],"about":[{"href":"https:\/\/fit360.ee\/en\/wp-json\/wp\/v2\/types\/page"}],"author":[{"embeddable":true,"href":"https:\/\/fit360.ee\/en\/wp-json\/wp\/v2\/users\/6"}],"replies":[{"embeddable":true,"href":"https:\/\/fit360.ee\/en\/wp-json\/wp\/v2\/comments?post=7309"}],"version-history":[{"count":1,"href":"https:\/\/fit360.ee\/en\/wp-json\/wp\/v2\/pages\/7309\/revisions"}],"predecessor-version":[{"id":7310,"href":"https:\/\/fit360.ee\/en\/wp-json\/wp\/v2\/pages\/7309\/revisions\/7310"}],"wp:attachment":[{"href":"https:\/\/fit360.ee\/en\/wp-json\/wp\/v2\/media?parent=7309"}],"curies":[{"name":"wp","href":"https:\/\/api.w.org\/{rel}","templated":true}]}}