{"id":7311,"date":"2016-12-28T17:31:49","date_gmt":"2016-12-28T14:31:49","guid":{"rendered":"https:\/\/fit360.ee\/en\/?page_id=7311"},"modified":"2016-12-28T17:31:49","modified_gmt":"2016-12-28T14:31:49","slug":"delivery","status":"publish","type":"page","link":"https:\/\/fit360.ee\/en\/delivery\/","title":{"rendered":"Delivery"},"content":{"rendered":"<p>Alates 50-eurosest ostust kehtib tasuta transport Ostja l\u00e4himasse v\u00f5i valitud postiasutusse v\u00f5i pakiautomaati. Keskmine tarne aeg 1-2 t\u00f6\u00f6p\u00e4eva, va erandjuhtudel.<\/p>\n<p>Kui tellimuse sooritamise ja selle t\u00e4itma asumise vahepeal on toimunud mistahes p\u00f5hjusel muutus tarneajas, teavitame Ostjat esimesel v\u00f5imalusel tarneaegade muutusest e-posti v\u00f5i telefoni teel.<\/p>\n","protected":false},"excerpt":{"rendered":"<p>Alates 50-eurosest ostust kehtib tasuta transport Ostja l\u00e4himasse v\u00f5i valitud postiasutusse v\u00f5i pakiautomaati. Keskmine tarne aeg 1-2 t\u00f6\u00f6p\u00e4eva, va erandjuhtudel. Kui tellimuse sooritamise ja selle t\u00e4itma asumise vahepeal on toimunud mistahes p\u00f5hjusel muutus tarneajas, teavitame Ostjat esimesel v\u00f5imalusel tarneaegade muutusest e-posti v\u00f5i telefoni teel.<\/p>\n","protected":false},"author":6,"featured_media":0,"parent":0,"menu_order":0,"comment_status":"closed","ping_status":"open","template":"","meta":{"footnotes":""},"class_list":["post-7311","page","type-page","status-publish","hentry"],"yoast_head":"<!-- This site is optimized with the Yoast SEO plugin v27.3 - https:\/\/yoast.com\/product\/yoast-seo-wordpress\/ -->\n<title>Delivery - Fit360<\/title>\n<meta name=\"robots\" content=\"index, follow, max-snippet:-1, max-image-preview:large, max-video-preview:-1\" \/>\n<link rel=\"canonical\" href=\"https:\/\/fit360.ee\/en\/delivery\/\" \/>\n<meta property=\"og:locale\" content=\"en_US\" \/>\n<meta property=\"og:type\" content=\"article\" \/>\n<meta property=\"og:title\" content=\"Delivery - Fit360\" \/>\n<meta property=\"og:description\" content=\"Alates 50-eurosest ostust kehtib tasuta transport Ostja l\u00e4himasse v\u00f5i valitud postiasutusse v\u00f5i pakiautomaati. Keskmine tarne aeg 1-2 t\u00f6\u00f6p\u00e4eva, va erandjuhtudel. Kui tellimuse sooritamise ja selle t\u00e4itma asumise vahepeal on toimunud mistahes p\u00f5hjusel muutus tarneajas, teavitame Ostjat esimesel v\u00f5imalusel tarneaegade muutusest e-posti v\u00f5i telefoni teel.\" \/>\n<meta property=\"og:url\" content=\"https:\/\/fit360.ee\/en\/delivery\/\" \/>\n<meta property=\"og:site_name\" content=\"Fit360\" \/>\n<meta name=\"twitter:card\" content=\"summary_large_image\" \/>\n<script type=\"application\/ld+json\" class=\"yoast-schema-graph\">{\"@context\":\"https:\\\/\\\/schema.org\",\"@graph\":[{\"@type\":\"WebPage\",\"@id\":\"https:\\\/\\\/fit360.ee\\\/en\\\/delivery\\\/\",\"url\":\"https:\\\/\\\/fit360.ee\\\/en\\\/delivery\\\/\",\"name\":\"Delivery - Fit360\",\"isPartOf\":{\"@id\":\"https:\\\/\\\/fit360.ee\\\/en\\\/#website\"},\"datePublished\":\"2016-12-28T14:31:49+00:00\",\"breadcrumb\":{\"@id\":\"https:\\\/\\\/fit360.ee\\\/en\\\/delivery\\\/#breadcrumb\"},\"inLanguage\":\"en-US\",\"potentialAction\":[{\"@type\":\"ReadAction\",\"target\":[\"https:\\\/\\\/fit360.ee\\\/en\\\/delivery\\\/\"]}]},{\"@type\":\"BreadcrumbList\",\"@id\":\"https:\\\/\\\/fit360.ee\\\/en\\\/delivery\\\/#breadcrumb\",\"itemListElement\":[{\"@type\":\"ListItem\",\"position\":1,\"name\":\"Home\",\"item\":\"https:\\\/\\\/fit360.ee\\\/en\\\/\"},{\"@type\":\"ListItem\",\"position\":2,\"name\":\"Delivery\"}]},{\"@type\":\"WebSite\",\"@id\":\"https:\\\/\\\/fit360.ee\\\/en\\\/#website\",\"url\":\"https:\\\/\\\/fit360.ee\\\/en\\\/\",\"name\":\"Fit360\",\"description\":\"\",\"publisher\":{\"@id\":\"https:\\\/\\\/fit360.ee\\\/en\\\/#organization\"},\"potentialAction\":[{\"@type\":\"SearchAction\",\"target\":{\"@type\":\"EntryPoint\",\"urlTemplate\":\"https:\\\/\\\/fit360.ee\\\/en\\\/?s={search_term_string}\"},\"query-input\":{\"@type\":\"PropertyValueSpecification\",\"valueRequired\":true,\"valueName\":\"search_term_string\"}}],\"inLanguage\":\"en-US\"},{\"@type\":\"Organization\",\"@id\":\"https:\\\/\\\/fit360.ee\\\/en\\\/#organization\",\"name\":\"Fit360\",\"url\":\"https:\\\/\\\/fit360.ee\\\/en\\\/\",\"logo\":{\"@type\":\"ImageObject\",\"inLanguage\":\"en-US\",\"@id\":\"https:\\\/\\\/fit360.ee\\\/en\\\/#\\\/schema\\\/logo\\\/image\\\/\",\"url\":\"https:\\\/\\\/fit360.ee\\\/wp-content\\\/uploads\\\/2017\\\/01\\\/logo-fit360.png\",\"contentUrl\":\"https:\\\/\\\/fit360.ee\\\/wp-content\\\/uploads\\\/2017\\\/01\\\/logo-fit360.png\",\"width\":180,\"height\":66,\"caption\":\"Fit360\"},\"image\":{\"@id\":\"https:\\\/\\\/fit360.ee\\\/en\\\/#\\\/schema\\\/logo\\\/image\\\/\"}}]}<\/script>\n<!-- \/ Yoast SEO plugin. -->","yoast_head_json":{"title":"Delivery - Fit360","robots":{"index":"index","follow":"follow","max-snippet":"max-snippet:-1","max-image-preview":"max-image-preview:large","max-video-preview":"max-video-preview:-1"},"canonical":"https:\/\/fit360.ee\/en\/delivery\/","og_locale":"en_US","og_type":"article","og_title":"Delivery - Fit360","og_description":"Alates 50-eurosest ostust kehtib tasuta transport Ostja l\u00e4himasse v\u00f5i valitud postiasutusse v\u00f5i pakiautomaati. Keskmine tarne aeg 1-2 t\u00f6\u00f6p\u00e4eva, va erandjuhtudel. Kui tellimuse sooritamise ja selle t\u00e4itma asumise vahepeal on toimunud mistahes p\u00f5hjusel muutus tarneajas, teavitame Ostjat esimesel v\u00f5imalusel tarneaegade muutusest e-posti v\u00f5i telefoni teel.","og_url":"https:\/\/fit360.ee\/en\/delivery\/","og_site_name":"Fit360","twitter_card":"summary_large_image","schema":{"@context":"https:\/\/schema.org","@graph":[{"@type":"WebPage","@id":"https:\/\/fit360.ee\/en\/delivery\/","url":"https:\/\/fit360.ee\/en\/delivery\/","name":"Delivery - Fit360","isPartOf":{"@id":"https:\/\/fit360.ee\/en\/#website"},"datePublished":"2016-12-28T14:31:49+00:00","breadcrumb":{"@id":"https:\/\/fit360.ee\/en\/delivery\/#breadcrumb"},"inLanguage":"en-US","potentialAction":[{"@type":"ReadAction","target":["https:\/\/fit360.ee\/en\/delivery\/"]}]},{"@type":"BreadcrumbList","@id":"https:\/\/fit360.ee\/en\/delivery\/#breadcrumb","itemListElement":[{"@type":"ListItem","position":1,"name":"Home","item":"https:\/\/fit360.ee\/en\/"},{"@type":"ListItem","position":2,"name":"Delivery"}]},{"@type":"WebSite","@id":"https:\/\/fit360.ee\/en\/#website","url":"https:\/\/fit360.ee\/en\/","name":"Fit360","description":"","publisher":{"@id":"https:\/\/fit360.ee\/en\/#organization"},"potentialAction":[{"@type":"SearchAction","target":{"@type":"EntryPoint","urlTemplate":"https:\/\/fit360.ee\/en\/?s={search_term_string}"},"query-input":{"@type":"PropertyValueSpecification","valueRequired":true,"valueName":"search_term_string"}}],"inLanguage":"en-US"},{"@type":"Organization","@id":"https:\/\/fit360.ee\/en\/#organization","name":"Fit360","url":"https:\/\/fit360.ee\/en\/","logo":{"@type":"ImageObject","inLanguage":"en-US","@id":"https:\/\/fit360.ee\/en\/#\/schema\/logo\/image\/","url":"https:\/\/fit360.ee\/wp-content\/uploads\/2017\/01\/logo-fit360.png","contentUrl":"https:\/\/fit360.ee\/wp-content\/uploads\/2017\/01\/logo-fit360.png","width":180,"height":66,"caption":"Fit360"},"image":{"@id":"https:\/\/fit360.ee\/en\/#\/schema\/logo\/image\/"}}]}},"_links":{"self":[{"href":"https:\/\/fit360.ee\/en\/wp-json\/wp\/v2\/pages\/7311","targetHints":{"allow":["GET"]}}],"collection":[{"href":"https:\/\/fit360.ee\/en\/wp-json\/wp\/v2\/pages"}],"about":[{"href":"https:\/\/fit360.ee\/en\/wp-json\/wp\/v2\/types\/page"}],"author":[{"embeddable":true,"href":"https:\/\/fit360.ee\/en\/wp-json\/wp\/v2\/users\/6"}],"replies":[{"embeddable":true,"href":"https:\/\/fit360.ee\/en\/wp-json\/wp\/v2\/comments?post=7311"}],"version-history":[{"count":1,"href":"https:\/\/fit360.ee\/en\/wp-json\/wp\/v2\/pages\/7311\/revisions"}],"predecessor-version":[{"id":7312,"href":"https:\/\/fit360.ee\/en\/wp-json\/wp\/v2\/pages\/7311\/revisions\/7312"}],"wp:attachment":[{"href":"https:\/\/fit360.ee\/en\/wp-json\/wp\/v2\/media?parent=7311"}],"curies":[{"name":"wp","href":"https:\/\/api.w.org\/{rel}","templated":true}]}}