{"id":10447,"date":"2017-01-18T16:52:58","date_gmt":"2017-01-18T14:52:58","guid":{"rendered":"https:\/\/fit360.ee\/shop\/maaratlemata\/glutamine-300caps-2\/"},"modified":"2022-09-17T05:43:54","modified_gmt":"2022-09-17T03:43:54","slug":"glutamine-300caps","status":"publish","type":"product","link":"https:\/\/fit360.ee\/en\/pood\/product-groups\/amino-acids-bcaa\/l-glutamine-en\/glutamine-300caps\/","title":{"rendered":"Glutamine (300caps)"},"content":{"rendered":"<p><strong>Ingredients<\/strong>: L-Glutamine, Gelatine (capsule), Water (capsule), Titanium Oxide (colourant).<\/p>\n<p><strong>Directions For use<\/strong>: take 1 serving &#8211; 4 capsules a day<\/p>\n<p><strong>Size<\/strong>: 300 capsules<\/p>\n<table width=\"1364\">\n<tbody>\n<tr>\n<td width=\"92\"><strong>Active ingredients<\/strong><\/td>\n<td width=\"66\"><strong>1 capsule:<\/strong><\/td>\n<td width=\"38\"><strong>%RDA<\/strong><\/td>\n<td width=\"95\"><strong>1 serving (4 capsules)<\/strong><\/td>\n<td width=\"47\"><strong>%RDA<\/strong><\/td>\n<\/tr>\n<tr>\n<td width=\"92\">L-Glutamine<\/td>\n<td width=\"66\">1000 mg<\/td>\n<td width=\"38\">**<\/td>\n<td width=\"95\">4000 mg<\/td>\n<td width=\"47\">**<\/td>\n<\/tr>\n<\/tbody>\n<\/table>\n<p>%RDA \u2013 Recommended Daily Allowance, ** \u2013 RDA not established.<\/p>\n","protected":false},"excerpt":{"rendered":"<h2>GLUTAMINE BY REAL PHARM 300 CAPS<\/h2>\n<p><strong>Glutamine<\/strong> is one of the key amino acids for every athlete, physically active person and everyone who treats sport as a form of relax. If you want to obtain exceptionally powerful anticatabolic protection, increase endurance or gain significantly more energy, choose the top quality supplement Glutamine by Real Pharm, which will enable you to speed up the effects of daily exercise and support your body before and after workout sessions.<\/p>\n<p>Glutamine by Real Pharm is the purest glutamine on the market available in easy-to-swallow capsules, which guarantees 100% customer satisfaction! The combination of top quality L-glutamine, a large dose of amino acid in a single capsule and increased absorption rate will allow you to reach every training goal and ultimately speed up post-workout recovery!<\/p>\n","protected":false},"featured_media":37828,"comment_status":"open","ping_status":"closed","template":"","meta":[],"product_brand":[],"product_cat":[520,2307,515],"product_tag":[1787,1820,1821,1803],"giftcard-category":[],"class_list":{"0":"post-10447","1":"product","2":"type-product","3":"status-publish","4":"has-post-thumbnail","6":"product_cat-amino-acids-bcaa","7":"product_cat-l-glutamine-en","8":"product_cat-real-pharm","9":"product_tag-aminohapped-en","10":"product_tag-glutamiin-en","11":"product_tag-glutamine-en","12":"product_tag-real-pharm-en","13":"pa_kogus-300-capslues","14":"pa_toidulisand-branddd-real-pharm","15":"pa_tootegruppp-amino-acidsbcaa","16":"pa_tootegruppp-l-glutamiin-en","18":"first","19":"outofstock","20":"sale","21":"taxable","22":"shipping-taxable","23":"purchasable","24":"product-type-simple"},"yoast_head":"<!-- This site is optimized with the Yoast SEO plugin v27.3 - https:\/\/yoast.com\/product\/yoast-seo-wordpress\/ -->\n<title>Glutamiini kapslid (300caps) - Aminohapped - Tarne: 1-3 p\u00e4eva<\/title>\n<meta name=\"description\" content=\"Glutamiini kapslid stimuleerivad lihasgl\u00fckogeeni s\u00fcnteesi. Soodusadavad lihasvalkude s\u00fcnteesi ja lihasmassi suurenemist. Meil on parimad hinnad!\" \/>\n<meta name=\"robots\" content=\"index, follow, max-snippet:-1, max-image-preview:large, max-video-preview:-1\" \/>\n<link rel=\"canonical\" href=\"https:\/\/fit360.ee\/en\/pood\/product-groups\/amino-acids-bcaa\/l-glutamine-en\/glutamine-300caps\/\" \/>\n<meta property=\"og:locale\" content=\"en_US\" \/>\n<meta property=\"og:type\" content=\"article\" \/>\n<meta property=\"og:title\" content=\"Glutamiini kapslid (300caps) - Aminohapped - Tarne: 1-3 p\u00e4eva\" \/>\n<meta property=\"og:description\" content=\"Glutamiini kapslid stimuleerivad lihasgl\u00fckogeeni s\u00fcnteesi. Soodusadavad lihasvalkude s\u00fcnteesi ja lihasmassi suurenemist. Meil on parimad hinnad!\" \/>\n<meta property=\"og:url\" content=\"https:\/\/fit360.ee\/en\/pood\/product-groups\/amino-acids-bcaa\/l-glutamine-en\/glutamine-300caps\/\" \/>\n<meta property=\"og:site_name\" content=\"Fit360\" \/>\n<meta property=\"article:modified_time\" content=\"2022-09-17T03:43:54+00:00\" \/>\n<meta property=\"og:image\" content=\"https:\/\/fit360.ee\/wp-content\/uploads\/2017\/01\/new-glutamine-mini-600x600-1.png\" \/>\n\t<meta property=\"og:image:width\" content=\"600\" \/>\n\t<meta property=\"og:image:height\" content=\"600\" \/>\n\t<meta property=\"og:image:type\" content=\"image\/png\" \/>\n<meta name=\"twitter:card\" content=\"summary_large_image\" \/>\n<script type=\"application\/ld+json\" class=\"yoast-schema-graph\">{\"@context\":\"https:\\\/\\\/schema.org\",\"@graph\":[{\"@type\":\"WebPage\",\"@id\":\"https:\\\/\\\/fit360.ee\\\/en\\\/pood\\\/product-groups\\\/amino-acids-bcaa\\\/l-glutamine-en\\\/glutamine-300caps\\\/\",\"url\":\"https:\\\/\\\/fit360.ee\\\/en\\\/pood\\\/product-groups\\\/amino-acids-bcaa\\\/l-glutamine-en\\\/glutamine-300caps\\\/\",\"name\":\"Glutamiini kapslid (300caps) - Aminohapped - Tarne: 1-3 p\u00e4eva\",\"isPartOf\":{\"@id\":\"https:\\\/\\\/fit360.ee\\\/en\\\/#website\"},\"primaryImageOfPage\":{\"@id\":\"https:\\\/\\\/fit360.ee\\\/en\\\/pood\\\/product-groups\\\/amino-acids-bcaa\\\/l-glutamine-en\\\/glutamine-300caps\\\/#primaryimage\"},\"image\":{\"@id\":\"https:\\\/\\\/fit360.ee\\\/en\\\/pood\\\/product-groups\\\/amino-acids-bcaa\\\/l-glutamine-en\\\/glutamine-300caps\\\/#primaryimage\"},\"thumbnailUrl\":\"https:\\\/\\\/fit360.ee\\\/wp-content\\\/uploads\\\/2017\\\/01\\\/new-glutamine-mini-600x600-1.png\",\"datePublished\":\"2017-01-18T14:52:58+00:00\",\"dateModified\":\"2022-09-17T03:43:54+00:00\",\"description\":\"Glutamiini kapslid stimuleerivad lihasgl\u00fckogeeni s\u00fcnteesi. Soodusadavad lihasvalkude s\u00fcnteesi ja lihasmassi suurenemist. Meil on parimad hinnad!\",\"breadcrumb\":{\"@id\":\"https:\\\/\\\/fit360.ee\\\/en\\\/pood\\\/product-groups\\\/amino-acids-bcaa\\\/l-glutamine-en\\\/glutamine-300caps\\\/#breadcrumb\"},\"inLanguage\":\"en-US\",\"potentialAction\":[{\"@type\":\"ReadAction\",\"target\":[\"https:\\\/\\\/fit360.ee\\\/en\\\/pood\\\/product-groups\\\/amino-acids-bcaa\\\/l-glutamine-en\\\/glutamine-300caps\\\/\"]}]},{\"@type\":\"ImageObject\",\"inLanguage\":\"en-US\",\"@id\":\"https:\\\/\\\/fit360.ee\\\/en\\\/pood\\\/product-groups\\\/amino-acids-bcaa\\\/l-glutamine-en\\\/glutamine-300caps\\\/#primaryimage\",\"url\":\"https:\\\/\\\/fit360.ee\\\/wp-content\\\/uploads\\\/2017\\\/01\\\/new-glutamine-mini-600x600-1.png\",\"contentUrl\":\"https:\\\/\\\/fit360.ee\\\/wp-content\\\/uploads\\\/2017\\\/01\\\/new-glutamine-mini-600x600-1.png\",\"width\":600,\"height\":600,\"caption\":\"Glutamiini kapslid - Glutamiin - fit360.ee\"},{\"@type\":\"BreadcrumbList\",\"@id\":\"https:\\\/\\\/fit360.ee\\\/en\\\/pood\\\/product-groups\\\/amino-acids-bcaa\\\/l-glutamine-en\\\/glutamine-300caps\\\/#breadcrumb\",\"itemListElement\":[{\"@type\":\"ListItem\",\"position\":1,\"name\":\"Home\",\"item\":\"https:\\\/\\\/fit360.ee\\\/en\\\/\"},{\"@type\":\"ListItem\",\"position\":2,\"name\":\"Shop\",\"item\":\"https:\\\/\\\/fit360.ee\\\/en\\\/shop\\\/\"},{\"@type\":\"ListItem\",\"position\":3,\"name\":\"Glutamine (300caps)\"}]},{\"@type\":\"WebSite\",\"@id\":\"https:\\\/\\\/fit360.ee\\\/en\\\/#website\",\"url\":\"https:\\\/\\\/fit360.ee\\\/en\\\/\",\"name\":\"Fit360\",\"description\":\"\",\"publisher\":{\"@id\":\"https:\\\/\\\/fit360.ee\\\/en\\\/#organization\"},\"potentialAction\":[{\"@type\":\"SearchAction\",\"target\":{\"@type\":\"EntryPoint\",\"urlTemplate\":\"https:\\\/\\\/fit360.ee\\\/en\\\/?s={search_term_string}\"},\"query-input\":{\"@type\":\"PropertyValueSpecification\",\"valueRequired\":true,\"valueName\":\"search_term_string\"}}],\"inLanguage\":\"en-US\"},{\"@type\":\"Organization\",\"@id\":\"https:\\\/\\\/fit360.ee\\\/en\\\/#organization\",\"name\":\"Fit360\",\"url\":\"https:\\\/\\\/fit360.ee\\\/en\\\/\",\"logo\":{\"@type\":\"ImageObject\",\"inLanguage\":\"en-US\",\"@id\":\"https:\\\/\\\/fit360.ee\\\/en\\\/#\\\/schema\\\/logo\\\/image\\\/\",\"url\":\"https:\\\/\\\/fit360.ee\\\/wp-content\\\/uploads\\\/2017\\\/01\\\/logo-fit360.png\",\"contentUrl\":\"https:\\\/\\\/fit360.ee\\\/wp-content\\\/uploads\\\/2017\\\/01\\\/logo-fit360.png\",\"width\":180,\"height\":66,\"caption\":\"Fit360\"},\"image\":{\"@id\":\"https:\\\/\\\/fit360.ee\\\/en\\\/#\\\/schema\\\/logo\\\/image\\\/\"}}]}<\/script>\n<!-- \/ Yoast SEO plugin. -->","yoast_head_json":{"title":"Glutamiini kapslid (300caps) - Aminohapped - Tarne: 1-3 p\u00e4eva","description":"Glutamiini kapslid stimuleerivad lihasgl\u00fckogeeni s\u00fcnteesi. Soodusadavad lihasvalkude s\u00fcnteesi ja lihasmassi suurenemist. Meil on parimad hinnad!","robots":{"index":"index","follow":"follow","max-snippet":"max-snippet:-1","max-image-preview":"max-image-preview:large","max-video-preview":"max-video-preview:-1"},"canonical":"https:\/\/fit360.ee\/en\/pood\/product-groups\/amino-acids-bcaa\/l-glutamine-en\/glutamine-300caps\/","og_locale":"en_US","og_type":"article","og_title":"Glutamiini kapslid (300caps) - Aminohapped - Tarne: 1-3 p\u00e4eva","og_description":"Glutamiini kapslid stimuleerivad lihasgl\u00fckogeeni s\u00fcnteesi. Soodusadavad lihasvalkude s\u00fcnteesi ja lihasmassi suurenemist. Meil on parimad hinnad!","og_url":"https:\/\/fit360.ee\/en\/pood\/product-groups\/amino-acids-bcaa\/l-glutamine-en\/glutamine-300caps\/","og_site_name":"Fit360","article_modified_time":"2022-09-17T03:43:54+00:00","og_image":[{"width":600,"height":600,"url":"https:\/\/fit360.ee\/wp-content\/uploads\/2017\/01\/new-glutamine-mini-600x600-1.png","type":"image\/png"}],"twitter_card":"summary_large_image","schema":{"@context":"https:\/\/schema.org","@graph":[{"@type":"WebPage","@id":"https:\/\/fit360.ee\/en\/pood\/product-groups\/amino-acids-bcaa\/l-glutamine-en\/glutamine-300caps\/","url":"https:\/\/fit360.ee\/en\/pood\/product-groups\/amino-acids-bcaa\/l-glutamine-en\/glutamine-300caps\/","name":"Glutamiini kapslid (300caps) - Aminohapped - Tarne: 1-3 p\u00e4eva","isPartOf":{"@id":"https:\/\/fit360.ee\/en\/#website"},"primaryImageOfPage":{"@id":"https:\/\/fit360.ee\/en\/pood\/product-groups\/amino-acids-bcaa\/l-glutamine-en\/glutamine-300caps\/#primaryimage"},"image":{"@id":"https:\/\/fit360.ee\/en\/pood\/product-groups\/amino-acids-bcaa\/l-glutamine-en\/glutamine-300caps\/#primaryimage"},"thumbnailUrl":"https:\/\/fit360.ee\/wp-content\/uploads\/2017\/01\/new-glutamine-mini-600x600-1.png","datePublished":"2017-01-18T14:52:58+00:00","dateModified":"2022-09-17T03:43:54+00:00","description":"Glutamiini kapslid stimuleerivad lihasgl\u00fckogeeni s\u00fcnteesi. Soodusadavad lihasvalkude s\u00fcnteesi ja lihasmassi suurenemist. Meil on parimad hinnad!","breadcrumb":{"@id":"https:\/\/fit360.ee\/en\/pood\/product-groups\/amino-acids-bcaa\/l-glutamine-en\/glutamine-300caps\/#breadcrumb"},"inLanguage":"en-US","potentialAction":[{"@type":"ReadAction","target":["https:\/\/fit360.ee\/en\/pood\/product-groups\/amino-acids-bcaa\/l-glutamine-en\/glutamine-300caps\/"]}]},{"@type":"ImageObject","inLanguage":"en-US","@id":"https:\/\/fit360.ee\/en\/pood\/product-groups\/amino-acids-bcaa\/l-glutamine-en\/glutamine-300caps\/#primaryimage","url":"https:\/\/fit360.ee\/wp-content\/uploads\/2017\/01\/new-glutamine-mini-600x600-1.png","contentUrl":"https:\/\/fit360.ee\/wp-content\/uploads\/2017\/01\/new-glutamine-mini-600x600-1.png","width":600,"height":600,"caption":"Glutamiini kapslid - Glutamiin - fit360.ee"},{"@type":"BreadcrumbList","@id":"https:\/\/fit360.ee\/en\/pood\/product-groups\/amino-acids-bcaa\/l-glutamine-en\/glutamine-300caps\/#breadcrumb","itemListElement":[{"@type":"ListItem","position":1,"name":"Home","item":"https:\/\/fit360.ee\/en\/"},{"@type":"ListItem","position":2,"name":"Shop","item":"https:\/\/fit360.ee\/en\/shop\/"},{"@type":"ListItem","position":3,"name":"Glutamine (300caps)"}]},{"@type":"WebSite","@id":"https:\/\/fit360.ee\/en\/#website","url":"https:\/\/fit360.ee\/en\/","name":"Fit360","description":"","publisher":{"@id":"https:\/\/fit360.ee\/en\/#organization"},"potentialAction":[{"@type":"SearchAction","target":{"@type":"EntryPoint","urlTemplate":"https:\/\/fit360.ee\/en\/?s={search_term_string}"},"query-input":{"@type":"PropertyValueSpecification","valueRequired":true,"valueName":"search_term_string"}}],"inLanguage":"en-US"},{"@type":"Organization","@id":"https:\/\/fit360.ee\/en\/#organization","name":"Fit360","url":"https:\/\/fit360.ee\/en\/","logo":{"@type":"ImageObject","inLanguage":"en-US","@id":"https:\/\/fit360.ee\/en\/#\/schema\/logo\/image\/","url":"https:\/\/fit360.ee\/wp-content\/uploads\/2017\/01\/logo-fit360.png","contentUrl":"https:\/\/fit360.ee\/wp-content\/uploads\/2017\/01\/logo-fit360.png","width":180,"height":66,"caption":"Fit360"},"image":{"@id":"https:\/\/fit360.ee\/en\/#\/schema\/logo\/image\/"}}]}},"_links":{"self":[{"href":"https:\/\/fit360.ee\/en\/wp-json\/wp\/v2\/product\/10447","targetHints":{"allow":["GET"]}}],"collection":[{"href":"https:\/\/fit360.ee\/en\/wp-json\/wp\/v2\/product"}],"about":[{"href":"https:\/\/fit360.ee\/en\/wp-json\/wp\/v2\/types\/product"}],"replies":[{"embeddable":true,"href":"https:\/\/fit360.ee\/en\/wp-json\/wp\/v2\/comments?post=10447"}],"wp:featuredmedia":[{"embeddable":true,"href":"https:\/\/fit360.ee\/en\/wp-json\/wp\/v2\/media\/37828"}],"wp:attachment":[{"href":"https:\/\/fit360.ee\/en\/wp-json\/wp\/v2\/media?parent=10447"}],"wp:term":[{"taxonomy":"product_brand","embeddable":true,"href":"https:\/\/fit360.ee\/en\/wp-json\/wp\/v2\/product_brand?post=10447"},{"taxonomy":"product_cat","embeddable":true,"href":"https:\/\/fit360.ee\/en\/wp-json\/wp\/v2\/product_cat?post=10447"},{"taxonomy":"product_tag","embeddable":true,"href":"https:\/\/fit360.ee\/en\/wp-json\/wp\/v2\/product_tag?post=10447"},{"taxonomy":"giftcard-category","embeddable":true,"href":"https:\/\/fit360.ee\/en\/wp-json\/wp\/v2\/giftcard-category?post=10447"}],"curies":[{"name":"wp","href":"https:\/\/api.w.org\/{rel}","templated":true}]}}