{"id":10641,"date":"2017-02-13T18:16:27","date_gmt":"2017-02-13T16:16:27","guid":{"rendered":"https:\/\/fit360.ee\/shop\/maaratlemata\/pancake-1kg-2\/"},"modified":"2025-04-01T19:25:17","modified_gmt":"2025-04-01T17:25:17","slug":"pancake-1kg-2","status":"publish","type":"product","link":"https:\/\/fit360.ee\/en\/pood\/product-groups\/protein-bars-and-snacks\/pancake-1kg-2\/","title":{"rendered":"Pancake (1kg)"},"content":{"rendered":"<p><strong>Ingredients<\/strong>: Natural instant oatmeal, whey protein concentrate (from milk) WPC 80, powdered skimmed milk, oat flour, chicken protein in powder, egg yolk in powder, baking soda, baking powder, salt, thickener &#8211; xanthan gum, aroma, sweetner &#8211; sucralose.<\/p>\n<p><strong>How to use<\/strong>: Pour 80g of powder into a bowl, mix with 75ml of water or milk, mix with an eggbeater until cake has even texture. Fry on both sides on a hot and well-greased pan.<\/p>\n<p><strong>Storage<\/strong>: Store in a cool and dry place, away from light.<\/p>\n<table>\n<tbody>\n<tr style=\"height: 44px;\">\n<td style=\"height: 44px;\" width=\"205\"><strong>Nutritional Value<\/strong><\/td>\n<td style=\"height: 44px;\" width=\"205\"><strong>\u00a0in 100g<\/strong><\/td>\n<td style=\"height: 44px;\" width=\"205\"><strong>80g (per serving, 3 scoops)(%RDA)<\/strong><\/td>\n<\/tr>\n<tr style=\"height: 18.4792px;\">\n<td style=\"height: 18.4792px;\" width=\"205\">Energy value<\/td>\n<td style=\"height: 18.4792px;\" width=\"205\">1606,12kJ\/382,11kcal<\/td>\n<td style=\"height: 18.4792px;\" width=\"205\">1284,89kJ\/305,69kcal(15%)<\/td>\n<\/tr>\n<tr style=\"height: 21px;\">\n<td style=\"height: 21px;\" width=\"205\">Fat<\/td>\n<td style=\"height: 21px;\" width=\"205\">7,68g<\/td>\n<td style=\"height: 21px;\" width=\"205\">6,15g(9%)<\/td>\n<\/tr>\n<tr style=\"height: 44px;\">\n<td style=\"height: 44px;\" width=\"205\"><em>of which saturated fatty acids<\/em><\/td>\n<td style=\"height: 44px;\" width=\"205\">2,72g<\/td>\n<td style=\"height: 44px;\" width=\"205\">2,18g(11%)<\/td>\n<\/tr>\n<tr style=\"height: 21px;\">\n<td style=\"height: 21px;\" width=\"205\">Carbohydrates<\/td>\n<td style=\"height: 21px;\" width=\"205\">41,16g<\/td>\n<td style=\"height: 21px;\" width=\"205\">32,93g(13%)<\/td>\n<\/tr>\n<tr style=\"height: 21px;\">\n<td style=\"height: 21px;\" width=\"205\"><em>of which sugar<\/em><\/td>\n<td style=\"height: 21px;\" width=\"205\">11,65g<\/td>\n<td style=\"height: 21px;\" width=\"205\">9,32g(10%)<\/td>\n<\/tr>\n<tr style=\"height: 21px;\">\n<td style=\"height: 21px;\" width=\"205\">Fibre<\/td>\n<td style=\"height: 21px;\" width=\"205\">2,84g<\/td>\n<td style=\"height: 21px;\" width=\"205\">2,27g<\/td>\n<\/tr>\n<tr style=\"height: 21px;\">\n<td style=\"height: 21px;\" width=\"205\">Protein<\/td>\n<td style=\"height: 21px;\" width=\"205\">36,1g<\/td>\n<td style=\"height: 21px;\" width=\"205\">28,88g(58%)<\/td>\n<\/tr>\n<tr style=\"height: 21px;\">\n<td style=\"height: 21px;\" width=\"205\">Salt<\/td>\n<td style=\"height: 21px;\" width=\"205\">0,52g<\/td>\n<td style=\"height: 21px;\" width=\"205\">0,42g(7%)<\/td>\n<\/tr>\n<\/tbody>\n<\/table>\n<p>RDA- Recommended Daily allowance, reference intake for an average adult. (8400KJ\/2000Kcal)<\/p>\n","protected":false},"excerpt":{"rendered":"<p><strong>REAL PHARM PANCAKE:<\/strong><\/p>\n<ul>\n<li>Natural Oatmeal<\/li>\n<li>Delicious taste<\/li>\n<li>36% Protein<\/li>\n<li>Suitable to eat on a diet<\/li>\n<li>Helps to reduce fat<\/li>\n<li>Made for fit people<\/li>\n<\/ul>\n<p><strong>PANCAKES<\/strong> can be eaten as breakfast, dinner or supper or whenever you need fully nutritional meal, for example after the workout. They can be served warm or cold, they are easy to carry with you to work, school or in travel . If you\u2019re an athlete or an active person, our protein pancakes will be your source of protein carbohydrates and other nutrients wherever you go and whenever you need them. They are healthy, light and low in calories, so they are perfect for dieting. They are rich in protein, low in calories and will satisfy your hunger for hours. Now you only need a few minutes to prepare full plate of delicious and nutritious pancakes<\/p>\n","protected":false},"featured_media":10626,"comment_status":"open","ping_status":"closed","template":"","meta":[],"product_brand":[],"product_cat":[534,535,515],"product_tag":[1758,1759],"giftcard-category":[],"class_list":{"0":"post-10641","1":"product","2":"type-product","3":"status-publish","4":"has-post-thumbnail","6":"product_cat-protein-bars-and-snacks","7":"product_cat-protein-poweders-en","8":"product_cat-real-pharm","9":"product_tag-proteiini-pannkoogid-en","10":"product_tag-protein-pancakes-en","11":"pa_maitse-apple-pear","12":"pa_maitse-banana","13":"pa_maitse-coconut","14":"pa_maitse-natural","15":"pa_maitse-strawberry","17":"first","18":"outofstock","19":"sale","20":"taxable","21":"shipping-taxable","22":"purchasable","23":"product-type-variable"},"yoast_head":"<!-- This site is optimized with the Yoast SEO plugin v27.3 - https:\/\/yoast.com\/product\/yoast-seo-wordpress\/ -->\n<title>Pancake (1kg) - Naturaalne kaerajahu - Madal suhkrusisaldus<\/title>\n<meta name=\"description\" content=\"\u00dclimaitsev proteiini pannkoogi pulber! Valmista sellest endale tervislikke ja madala kaloraa\u017eiga pannkooke! \u00dcliiire kauba tarne: 1-3 p\u00e4eva!\" \/>\n<meta name=\"robots\" content=\"index, follow, max-snippet:-1, max-image-preview:large, max-video-preview:-1\" \/>\n<link rel=\"canonical\" href=\"https:\/\/fit360.ee\/en\/pood\/product-groups\/protein-bars-and-snacks\/pancake-1kg-2\/\" \/>\n<meta property=\"og:locale\" content=\"en_US\" \/>\n<meta property=\"og:type\" content=\"article\" \/>\n<meta property=\"og:title\" content=\"Pancake (1kg) - Naturaalne kaerajahu - Madal suhkrusisaldus\" \/>\n<meta property=\"og:description\" content=\"\u00dclimaitsev proteiini pannkoogi pulber! Valmista sellest endale tervislikke ja madala kaloraa\u017eiga pannkooke! \u00dcliiire kauba tarne: 1-3 p\u00e4eva!\" \/>\n<meta property=\"og:url\" content=\"https:\/\/fit360.ee\/en\/pood\/product-groups\/protein-bars-and-snacks\/pancake-1kg-2\/\" \/>\n<meta property=\"og:site_name\" content=\"Fit360\" \/>\n<meta property=\"article:modified_time\" content=\"2025-04-01T17:25:17+00:00\" \/>\n<meta property=\"og:image\" content=\"https:\/\/fit360.ee\/wp-content\/uploads\/2017\/02\/pancake600x600.png\" \/>\n\t<meta property=\"og:image:width\" content=\"600\" \/>\n\t<meta property=\"og:image:height\" content=\"600\" \/>\n\t<meta property=\"og:image:type\" content=\"image\/png\" \/>\n<meta name=\"twitter:card\" content=\"summary_large_image\" \/>\n<meta name=\"twitter:label1\" content=\"Est. reading time\" \/>\n\t<meta name=\"twitter:data1\" content=\"1 minute\" \/>\n<script type=\"application\/ld+json\" class=\"yoast-schema-graph\">{\"@context\":\"https:\\\/\\\/schema.org\",\"@graph\":[{\"@type\":\"WebPage\",\"@id\":\"https:\\\/\\\/fit360.ee\\\/en\\\/pood\\\/product-groups\\\/protein-bars-and-snacks\\\/pancake-1kg-2\\\/\",\"url\":\"https:\\\/\\\/fit360.ee\\\/en\\\/pood\\\/product-groups\\\/protein-bars-and-snacks\\\/pancake-1kg-2\\\/\",\"name\":\"Pancake (1kg) - Naturaalne kaerajahu - Madal suhkrusisaldus\",\"isPartOf\":{\"@id\":\"https:\\\/\\\/fit360.ee\\\/en\\\/#website\"},\"primaryImageOfPage\":{\"@id\":\"https:\\\/\\\/fit360.ee\\\/en\\\/pood\\\/product-groups\\\/protein-bars-and-snacks\\\/pancake-1kg-2\\\/#primaryimage\"},\"image\":{\"@id\":\"https:\\\/\\\/fit360.ee\\\/en\\\/pood\\\/product-groups\\\/protein-bars-and-snacks\\\/pancake-1kg-2\\\/#primaryimage\"},\"thumbnailUrl\":\"https:\\\/\\\/fit360.ee\\\/wp-content\\\/uploads\\\/2017\\\/02\\\/pancake600x600.png\",\"datePublished\":\"2017-02-13T16:16:27+00:00\",\"dateModified\":\"2025-04-01T17:25:17+00:00\",\"description\":\"\u00dclimaitsev proteiini pannkoogi pulber! Valmista sellest endale tervislikke ja madala kaloraa\u017eiga pannkooke! \u00dcliiire kauba tarne: 1-3 p\u00e4eva!\",\"breadcrumb\":{\"@id\":\"https:\\\/\\\/fit360.ee\\\/en\\\/pood\\\/product-groups\\\/protein-bars-and-snacks\\\/pancake-1kg-2\\\/#breadcrumb\"},\"inLanguage\":\"en-US\",\"potentialAction\":[{\"@type\":\"ReadAction\",\"target\":[\"https:\\\/\\\/fit360.ee\\\/en\\\/pood\\\/product-groups\\\/protein-bars-and-snacks\\\/pancake-1kg-2\\\/\"]}]},{\"@type\":\"ImageObject\",\"inLanguage\":\"en-US\",\"@id\":\"https:\\\/\\\/fit360.ee\\\/en\\\/pood\\\/product-groups\\\/protein-bars-and-snacks\\\/pancake-1kg-2\\\/#primaryimage\",\"url\":\"https:\\\/\\\/fit360.ee\\\/wp-content\\\/uploads\\\/2017\\\/02\\\/pancake600x600.png\",\"contentUrl\":\"https:\\\/\\\/fit360.ee\\\/wp-content\\\/uploads\\\/2017\\\/02\\\/pancake600x600.png\",\"width\":600,\"height\":600,\"caption\":\"Protein pancakes\"},{\"@type\":\"BreadcrumbList\",\"@id\":\"https:\\\/\\\/fit360.ee\\\/en\\\/pood\\\/product-groups\\\/protein-bars-and-snacks\\\/pancake-1kg-2\\\/#breadcrumb\",\"itemListElement\":[{\"@type\":\"ListItem\",\"position\":1,\"name\":\"Home\",\"item\":\"https:\\\/\\\/fit360.ee\\\/en\\\/\"},{\"@type\":\"ListItem\",\"position\":2,\"name\":\"Shop\",\"item\":\"https:\\\/\\\/fit360.ee\\\/en\\\/shop\\\/\"},{\"@type\":\"ListItem\",\"position\":3,\"name\":\"Pancake (1kg)\"}]},{\"@type\":\"WebSite\",\"@id\":\"https:\\\/\\\/fit360.ee\\\/en\\\/#website\",\"url\":\"https:\\\/\\\/fit360.ee\\\/en\\\/\",\"name\":\"Fit360\",\"description\":\"\",\"publisher\":{\"@id\":\"https:\\\/\\\/fit360.ee\\\/en\\\/#organization\"},\"potentialAction\":[{\"@type\":\"SearchAction\",\"target\":{\"@type\":\"EntryPoint\",\"urlTemplate\":\"https:\\\/\\\/fit360.ee\\\/en\\\/?s={search_term_string}\"},\"query-input\":{\"@type\":\"PropertyValueSpecification\",\"valueRequired\":true,\"valueName\":\"search_term_string\"}}],\"inLanguage\":\"en-US\"},{\"@type\":\"Organization\",\"@id\":\"https:\\\/\\\/fit360.ee\\\/en\\\/#organization\",\"name\":\"Fit360\",\"url\":\"https:\\\/\\\/fit360.ee\\\/en\\\/\",\"logo\":{\"@type\":\"ImageObject\",\"inLanguage\":\"en-US\",\"@id\":\"https:\\\/\\\/fit360.ee\\\/en\\\/#\\\/schema\\\/logo\\\/image\\\/\",\"url\":\"https:\\\/\\\/fit360.ee\\\/wp-content\\\/uploads\\\/2017\\\/01\\\/logo-fit360.png\",\"contentUrl\":\"https:\\\/\\\/fit360.ee\\\/wp-content\\\/uploads\\\/2017\\\/01\\\/logo-fit360.png\",\"width\":180,\"height\":66,\"caption\":\"Fit360\"},\"image\":{\"@id\":\"https:\\\/\\\/fit360.ee\\\/en\\\/#\\\/schema\\\/logo\\\/image\\\/\"}}]}<\/script>\n<!-- \/ Yoast SEO plugin. -->","yoast_head_json":{"title":"Pancake (1kg) - Naturaalne kaerajahu - Madal suhkrusisaldus","description":"\u00dclimaitsev proteiini pannkoogi pulber! Valmista sellest endale tervislikke ja madala kaloraa\u017eiga pannkooke! \u00dcliiire kauba tarne: 1-3 p\u00e4eva!","robots":{"index":"index","follow":"follow","max-snippet":"max-snippet:-1","max-image-preview":"max-image-preview:large","max-video-preview":"max-video-preview:-1"},"canonical":"https:\/\/fit360.ee\/en\/pood\/product-groups\/protein-bars-and-snacks\/pancake-1kg-2\/","og_locale":"en_US","og_type":"article","og_title":"Pancake (1kg) - Naturaalne kaerajahu - Madal suhkrusisaldus","og_description":"\u00dclimaitsev proteiini pannkoogi pulber! Valmista sellest endale tervislikke ja madala kaloraa\u017eiga pannkooke! \u00dcliiire kauba tarne: 1-3 p\u00e4eva!","og_url":"https:\/\/fit360.ee\/en\/pood\/product-groups\/protein-bars-and-snacks\/pancake-1kg-2\/","og_site_name":"Fit360","article_modified_time":"2025-04-01T17:25:17+00:00","og_image":[{"width":600,"height":600,"url":"https:\/\/fit360.ee\/wp-content\/uploads\/2017\/02\/pancake600x600.png","type":"image\/png"}],"twitter_card":"summary_large_image","twitter_misc":{"Est. reading time":"1 minute"},"schema":{"@context":"https:\/\/schema.org","@graph":[{"@type":"WebPage","@id":"https:\/\/fit360.ee\/en\/pood\/product-groups\/protein-bars-and-snacks\/pancake-1kg-2\/","url":"https:\/\/fit360.ee\/en\/pood\/product-groups\/protein-bars-and-snacks\/pancake-1kg-2\/","name":"Pancake (1kg) - Naturaalne kaerajahu - Madal suhkrusisaldus","isPartOf":{"@id":"https:\/\/fit360.ee\/en\/#website"},"primaryImageOfPage":{"@id":"https:\/\/fit360.ee\/en\/pood\/product-groups\/protein-bars-and-snacks\/pancake-1kg-2\/#primaryimage"},"image":{"@id":"https:\/\/fit360.ee\/en\/pood\/product-groups\/protein-bars-and-snacks\/pancake-1kg-2\/#primaryimage"},"thumbnailUrl":"https:\/\/fit360.ee\/wp-content\/uploads\/2017\/02\/pancake600x600.png","datePublished":"2017-02-13T16:16:27+00:00","dateModified":"2025-04-01T17:25:17+00:00","description":"\u00dclimaitsev proteiini pannkoogi pulber! Valmista sellest endale tervislikke ja madala kaloraa\u017eiga pannkooke! \u00dcliiire kauba tarne: 1-3 p\u00e4eva!","breadcrumb":{"@id":"https:\/\/fit360.ee\/en\/pood\/product-groups\/protein-bars-and-snacks\/pancake-1kg-2\/#breadcrumb"},"inLanguage":"en-US","potentialAction":[{"@type":"ReadAction","target":["https:\/\/fit360.ee\/en\/pood\/product-groups\/protein-bars-and-snacks\/pancake-1kg-2\/"]}]},{"@type":"ImageObject","inLanguage":"en-US","@id":"https:\/\/fit360.ee\/en\/pood\/product-groups\/protein-bars-and-snacks\/pancake-1kg-2\/#primaryimage","url":"https:\/\/fit360.ee\/wp-content\/uploads\/2017\/02\/pancake600x600.png","contentUrl":"https:\/\/fit360.ee\/wp-content\/uploads\/2017\/02\/pancake600x600.png","width":600,"height":600,"caption":"Protein pancakes"},{"@type":"BreadcrumbList","@id":"https:\/\/fit360.ee\/en\/pood\/product-groups\/protein-bars-and-snacks\/pancake-1kg-2\/#breadcrumb","itemListElement":[{"@type":"ListItem","position":1,"name":"Home","item":"https:\/\/fit360.ee\/en\/"},{"@type":"ListItem","position":2,"name":"Shop","item":"https:\/\/fit360.ee\/en\/shop\/"},{"@type":"ListItem","position":3,"name":"Pancake (1kg)"}]},{"@type":"WebSite","@id":"https:\/\/fit360.ee\/en\/#website","url":"https:\/\/fit360.ee\/en\/","name":"Fit360","description":"","publisher":{"@id":"https:\/\/fit360.ee\/en\/#organization"},"potentialAction":[{"@type":"SearchAction","target":{"@type":"EntryPoint","urlTemplate":"https:\/\/fit360.ee\/en\/?s={search_term_string}"},"query-input":{"@type":"PropertyValueSpecification","valueRequired":true,"valueName":"search_term_string"}}],"inLanguage":"en-US"},{"@type":"Organization","@id":"https:\/\/fit360.ee\/en\/#organization","name":"Fit360","url":"https:\/\/fit360.ee\/en\/","logo":{"@type":"ImageObject","inLanguage":"en-US","@id":"https:\/\/fit360.ee\/en\/#\/schema\/logo\/image\/","url":"https:\/\/fit360.ee\/wp-content\/uploads\/2017\/01\/logo-fit360.png","contentUrl":"https:\/\/fit360.ee\/wp-content\/uploads\/2017\/01\/logo-fit360.png","width":180,"height":66,"caption":"Fit360"},"image":{"@id":"https:\/\/fit360.ee\/en\/#\/schema\/logo\/image\/"}}]}},"_links":{"self":[{"href":"https:\/\/fit360.ee\/en\/wp-json\/wp\/v2\/product\/10641","targetHints":{"allow":["GET"]}}],"collection":[{"href":"https:\/\/fit360.ee\/en\/wp-json\/wp\/v2\/product"}],"about":[{"href":"https:\/\/fit360.ee\/en\/wp-json\/wp\/v2\/types\/product"}],"replies":[{"embeddable":true,"href":"https:\/\/fit360.ee\/en\/wp-json\/wp\/v2\/comments?post=10641"}],"wp:featuredmedia":[{"embeddable":true,"href":"https:\/\/fit360.ee\/en\/wp-json\/wp\/v2\/media\/10626"}],"wp:attachment":[{"href":"https:\/\/fit360.ee\/en\/wp-json\/wp\/v2\/media?parent=10641"}],"wp:term":[{"taxonomy":"product_brand","embeddable":true,"href":"https:\/\/fit360.ee\/en\/wp-json\/wp\/v2\/product_brand?post=10641"},{"taxonomy":"product_cat","embeddable":true,"href":"https:\/\/fit360.ee\/en\/wp-json\/wp\/v2\/product_cat?post=10641"},{"taxonomy":"product_tag","embeddable":true,"href":"https:\/\/fit360.ee\/en\/wp-json\/wp\/v2\/product_tag?post=10641"},{"taxonomy":"giftcard-category","embeddable":true,"href":"https:\/\/fit360.ee\/en\/wp-json\/wp\/v2\/giftcard-category?post=10641"}],"curies":[{"name":"wp","href":"https:\/\/api.w.org\/{rel}","templated":true}]}}