{"id":11215,"date":"2017-04-07T15:10:39","date_gmt":"2017-04-07T13:10:39","guid":{"rendered":"https:\/\/fit360.ee\/shop\/maaratlemata\/l-glutamine-450g\/"},"modified":"2022-07-25T17:43:21","modified_gmt":"2022-07-25T15:43:21","slug":"l-glutamiin-400g","status":"publish","type":"product","link":"https:\/\/fit360.ee\/en\/pood\/product-groups\/amino-acids-bcaa\/l-glutamine-en\/l-glutamiin-400g\/","title":{"rendered":"Evolite L-Glutamiin (400g)"},"content":{"rendered":"<h1>L-Glutamiin koos tauriiniga<\/h1>\n<p><strong>L-Glutamiin:<\/strong><\/p>\n<ul>\n<li>Toetab immuunsuss\u00fcsteemi ja aitab ennetada nakatumist haigustesse.<\/li>\n<li>Aitab s\u00e4ilitada vedeliku tasakaalu rakkus.<\/li>\n<li>Kiirendab vedelikku imendumist soolestikust.<\/li>\n<li>Stimuleerib lihasgl\u00fckogeeni s\u00fcnteesi.<\/li>\n<li>Stimuleerib lihasvalkude s\u00fcnteesi ja lihasmassi suurenemist.<\/li>\n<li>V\u00e4hendab lihaste kangust ja kiirendab lihaste taastumist p\u00e4rast treeningut.<\/li>\n<li>Parandab kehalist t\u00f6\u00f6v\u00f5imet k\u00f5rge intensiivsusega treeningutel.<\/li>\n<\/ul>\n<p><strong>L-Glutamiin <\/strong>on toode just neile, kes soovivad parandada kehalist t\u00f6\u00f6v\u00f5imet k\u00f5rge intensiivsusega treeningutel ja ka paremini f\u00fc\u00fcsilisest tegevusest taastuda.\u00a0Glutamiin on k\u00f5ige levinum aminohape nii vereplasmas kui ka skeletilihastes, sisaldades rohkem kui 60% kogu lihases leiduvast vabast aminohapete hulgast (Kreider, 1999). Ta on lisaks sellele veel l\u00e4hteaine aminohapete, valkude, nukleotiidide ja paljude teiste bioloogiliste \u00fchendite tarbeks. Glutamiini s\u00fcnteesitakse organismis glutamaadist ja ammoniaagist ens\u00fc\u00fcmi glutamiini poolt ja lagundatakse ens\u00fc\u00fcmi glutaminaasi poolt (Acker jt., 1999).<\/p>\n<p><strong>Koostisosad<\/strong>: L-glutamiin, Tauriin<\/p>\n<p><strong>Kasutamine:<\/strong> 1 portsjon (5 grammi) p\u00e4evas. Parim viis tarbida on segada pulber s\u00fcsivesikuid sisaldava joogiga, n\u00e4iteks mahlaga. Tarbida enne trenni v\u00f5i trenni ajal. V\u00f5i hoopis p\u00e4rast trenni v\u00f5i enne magamaminekut.<\/p>\n<p><strong>Hoida<\/strong> eemal lastele ligip\u00e4\u00e4setavas kohas, kuivas ja jahedas.<\/p>\n<p><strong>NB:<\/strong> Mitte \u00fcletada p\u00e4evast soovituslikku kogust. Tarbida toodet koos tasakaalustatud dieediga, mitte selle asendusena. Pakendis on kaasa ka m\u00f5\u00f5telusikas.<\/p>\n<p><strong>Suurus:<\/strong> 400g &#8211; 80serveeringut<\/p>\n<table>\n<tbody>\n<tr>\n<td width=\"319\"><strong>Aktiivsed toimeained<\/strong><\/td>\n<td width=\"319\"><strong>5g<\/strong><\/td>\n<\/tr>\n<tr>\n<td width=\"319\">L-Glutamiin<\/td>\n<td width=\"319\">4,75g<\/td>\n<\/tr>\n<tr>\n<td width=\"319\">Tauriin<\/td>\n<td width=\"319\">0,25g<\/td>\n<\/tr>\n<\/tbody>\n<\/table>\n","protected":false},"excerpt":{"rendered":"<h2><strong>Evolite L-GLUTAMIIN:<\/strong><\/h2>\n<ul>\n<li>Toetab immuunsuss\u00fcsteemi ja aitab ennetada nakatumist haigustesse.<\/li>\n<li>Aitab s\u00e4ilitada vedeliku tasakaalu rakkus.<\/li>\n<li>Kiirendab vedelikku imendumist soolestikust.<\/li>\n<li>Stimuleerib lihasgl\u00fckogeeni s\u00fcnteesi.<\/li>\n<li>Stimuleerib lihasvalkude s\u00fcnteesi ja lihasmassi suurenemist.<\/li>\n<li>V\u00e4hendab lihaste kangust ja kiirendab lihaste taastumist p\u00e4rast treeningut.<\/li>\n<li>Parandab kehalist t\u00f6\u00f6v\u00f5imet k\u00f5rge intensiivsusega treeningutel.<\/li>\n<\/ul>\n<p><strong>Glutamiin <\/strong>on toode just neile, kes soovivad parandada kehalist t\u00f6\u00f6v\u00f5imet k\u00f5rge intensiivsusega treeningutel ja ka paremini f\u00fc\u00fcsilisest tegevusest taastuda.\u00a0Glutamiin on k\u00f5ige levinum aminohape nii vereplasmas kui ka skeletilihastes, sisaldades rohkem kui 60% kogu lihases leiduvast vabast aminohapete hulgast (Kreider, 1999). Ta on lisaks sellele veel l\u00e4hteaine aminohapete, valkude, nukleotiidide ja paljude teiste bioloogiliste \u00fchendite tarbeks. Glutamiini s\u00fcnteesitakse organismis glutamaadist ja ammoniaagist ens\u00fc\u00fcmi glutamiini poolt ja lagundatakse ens\u00fc\u00fcmi glutaminaasi poolt (Acker jt., 1999).<\/p>\n","protected":false},"featured_media":85375,"comment_status":"open","ping_status":"closed","template":"","meta":[],"product_brand":[],"product_cat":[520,1618,2307],"product_tag":[1773,1820,1821,2574],"giftcard-category":[],"class_list":{"0":"post-11215","1":"product","2":"type-product","3":"status-publish","4":"has-post-thumbnail","6":"product_cat-amino-acids-bcaa","7":"product_cat-evolite-en","8":"product_cat-l-glutamine-en","9":"product_tag-evolite-en","10":"product_tag-glutamiin-en","11":"product_tag-glutamine-en","12":"product_tag-l-glutamiiin-en","13":"pa_maitse-lemon","14":"pa_maitse-rohelise-ouna-en","15":"pa_maitse-strawberry","16":"pa_maitse-tasteless","18":"first","19":"instock","20":"taxable","21":"shipping-taxable","22":"purchasable","23":"product-type-variable"},"yoast_head":"<!-- This site is optimized with the Yoast SEO plugin v27.3 - https:\/\/yoast.com\/product\/yoast-seo-wordpress\/ -->\n<title>Evolite L-Glutamiin (400g) - Glutamiin - Aminohapped - Kiire tarne - Fit360<\/title>\n<meta name=\"description\" content=\"L-Glutamiin on toode neile, kes soovivad parandada kehalist t\u00f6\u00f6v\u00f5imet k\u00f5rge intensiivsusega treeningutel v\u00f5i suure koormusega t\u00f6\u00f6l.\" \/>\n<meta name=\"robots\" content=\"index, follow, max-snippet:-1, max-image-preview:large, max-video-preview:-1\" \/>\n<link rel=\"canonical\" href=\"https:\/\/fit360.ee\/en\/pood\/product-groups\/amino-acids-bcaa\/l-glutamine-en\/l-glutamiin-400g\/\" \/>\n<meta property=\"og:locale\" content=\"en_US\" \/>\n<meta property=\"og:type\" content=\"article\" \/>\n<meta property=\"og:title\" content=\"Evolite L-Glutamiin (400g) - Glutamiin - Aminohapped - Kiire tarne - Fit360\" \/>\n<meta property=\"og:description\" content=\"L-Glutamiin on toode neile, kes soovivad parandada kehalist t\u00f6\u00f6v\u00f5imet k\u00f5rge intensiivsusega treeningutel v\u00f5i suure koormusega t\u00f6\u00f6l.\" \/>\n<meta property=\"og:url\" content=\"https:\/\/fit360.ee\/en\/pood\/product-groups\/amino-acids-bcaa\/l-glutamine-en\/l-glutamiin-400g\/\" \/>\n<meta property=\"og:site_name\" content=\"Fit360\" \/>\n<meta property=\"article:modified_time\" content=\"2022-07-25T15:43:21+00:00\" \/>\n<meta property=\"og:image\" content=\"https:\/\/fit360.ee\/wp-content\/uploads\/2017\/04\/l-glutamiin-evolite-fit360.ee_.jpg\" \/>\n\t<meta property=\"og:image:width\" content=\"800\" \/>\n\t<meta property=\"og:image:height\" content=\"800\" \/>\n\t<meta property=\"og:image:type\" content=\"image\/jpeg\" \/>\n<meta name=\"twitter:card\" content=\"summary_large_image\" \/>\n<meta name=\"twitter:label1\" content=\"Est. reading time\" \/>\n\t<meta name=\"twitter:data1\" content=\"1 minute\" \/>\n<script type=\"application\/ld+json\" class=\"yoast-schema-graph\">{\"@context\":\"https:\\\/\\\/schema.org\",\"@graph\":[{\"@type\":\"WebPage\",\"@id\":\"https:\\\/\\\/fit360.ee\\\/en\\\/pood\\\/product-groups\\\/amino-acids-bcaa\\\/l-glutamine-en\\\/l-glutamiin-400g\\\/\",\"url\":\"https:\\\/\\\/fit360.ee\\\/en\\\/pood\\\/product-groups\\\/amino-acids-bcaa\\\/l-glutamine-en\\\/l-glutamiin-400g\\\/\",\"name\":\"Evolite L-Glutamiin (400g) - Glutamiin - Aminohapped - Kiire tarne - Fit360\",\"isPartOf\":{\"@id\":\"https:\\\/\\\/fit360.ee\\\/en\\\/#website\"},\"primaryImageOfPage\":{\"@id\":\"https:\\\/\\\/fit360.ee\\\/en\\\/pood\\\/product-groups\\\/amino-acids-bcaa\\\/l-glutamine-en\\\/l-glutamiin-400g\\\/#primaryimage\"},\"image\":{\"@id\":\"https:\\\/\\\/fit360.ee\\\/en\\\/pood\\\/product-groups\\\/amino-acids-bcaa\\\/l-glutamine-en\\\/l-glutamiin-400g\\\/#primaryimage\"},\"thumbnailUrl\":\"https:\\\/\\\/fit360.ee\\\/wp-content\\\/uploads\\\/2017\\\/04\\\/l-glutamiin-evolite-fit360.ee_.jpg\",\"datePublished\":\"2017-04-07T13:10:39+00:00\",\"dateModified\":\"2022-07-25T15:43:21+00:00\",\"description\":\"L-Glutamiin on toode neile, kes soovivad parandada kehalist t\u00f6\u00f6v\u00f5imet k\u00f5rge intensiivsusega treeningutel v\u00f5i suure koormusega t\u00f6\u00f6l.\",\"breadcrumb\":{\"@id\":\"https:\\\/\\\/fit360.ee\\\/en\\\/pood\\\/product-groups\\\/amino-acids-bcaa\\\/l-glutamine-en\\\/l-glutamiin-400g\\\/#breadcrumb\"},\"inLanguage\":\"en-US\",\"potentialAction\":[{\"@type\":\"ReadAction\",\"target\":[\"https:\\\/\\\/fit360.ee\\\/en\\\/pood\\\/product-groups\\\/amino-acids-bcaa\\\/l-glutamine-en\\\/l-glutamiin-400g\\\/\"]}]},{\"@type\":\"ImageObject\",\"inLanguage\":\"en-US\",\"@id\":\"https:\\\/\\\/fit360.ee\\\/en\\\/pood\\\/product-groups\\\/amino-acids-bcaa\\\/l-glutamine-en\\\/l-glutamiin-400g\\\/#primaryimage\",\"url\":\"https:\\\/\\\/fit360.ee\\\/wp-content\\\/uploads\\\/2017\\\/04\\\/l-glutamiin-evolite-fit360.ee_.jpg\",\"contentUrl\":\"https:\\\/\\\/fit360.ee\\\/wp-content\\\/uploads\\\/2017\\\/04\\\/l-glutamiin-evolite-fit360.ee_.jpg\",\"width\":800,\"height\":800,\"caption\":\"l-glutamiin evolite - fit360.ee\"},{\"@type\":\"BreadcrumbList\",\"@id\":\"https:\\\/\\\/fit360.ee\\\/en\\\/pood\\\/product-groups\\\/amino-acids-bcaa\\\/l-glutamine-en\\\/l-glutamiin-400g\\\/#breadcrumb\",\"itemListElement\":[{\"@type\":\"ListItem\",\"position\":1,\"name\":\"Home\",\"item\":\"https:\\\/\\\/fit360.ee\\\/en\\\/\"},{\"@type\":\"ListItem\",\"position\":2,\"name\":\"Shop\",\"item\":\"https:\\\/\\\/fit360.ee\\\/en\\\/shop\\\/\"},{\"@type\":\"ListItem\",\"position\":3,\"name\":\"Evolite L-Glutamiin (400g)\"}]},{\"@type\":\"WebSite\",\"@id\":\"https:\\\/\\\/fit360.ee\\\/en\\\/#website\",\"url\":\"https:\\\/\\\/fit360.ee\\\/en\\\/\",\"name\":\"Fit360\",\"description\":\"\",\"publisher\":{\"@id\":\"https:\\\/\\\/fit360.ee\\\/en\\\/#organization\"},\"potentialAction\":[{\"@type\":\"SearchAction\",\"target\":{\"@type\":\"EntryPoint\",\"urlTemplate\":\"https:\\\/\\\/fit360.ee\\\/en\\\/?s={search_term_string}\"},\"query-input\":{\"@type\":\"PropertyValueSpecification\",\"valueRequired\":true,\"valueName\":\"search_term_string\"}}],\"inLanguage\":\"en-US\"},{\"@type\":\"Organization\",\"@id\":\"https:\\\/\\\/fit360.ee\\\/en\\\/#organization\",\"name\":\"Fit360\",\"url\":\"https:\\\/\\\/fit360.ee\\\/en\\\/\",\"logo\":{\"@type\":\"ImageObject\",\"inLanguage\":\"en-US\",\"@id\":\"https:\\\/\\\/fit360.ee\\\/en\\\/#\\\/schema\\\/logo\\\/image\\\/\",\"url\":\"https:\\\/\\\/fit360.ee\\\/wp-content\\\/uploads\\\/2017\\\/01\\\/logo-fit360.png\",\"contentUrl\":\"https:\\\/\\\/fit360.ee\\\/wp-content\\\/uploads\\\/2017\\\/01\\\/logo-fit360.png\",\"width\":180,\"height\":66,\"caption\":\"Fit360\"},\"image\":{\"@id\":\"https:\\\/\\\/fit360.ee\\\/en\\\/#\\\/schema\\\/logo\\\/image\\\/\"}}]}<\/script>\n<!-- \/ Yoast SEO plugin. -->","yoast_head_json":{"title":"Evolite L-Glutamiin (400g) - Glutamiin - Aminohapped - Kiire tarne - Fit360","description":"L-Glutamiin on toode neile, kes soovivad parandada kehalist t\u00f6\u00f6v\u00f5imet k\u00f5rge intensiivsusega treeningutel v\u00f5i suure koormusega t\u00f6\u00f6l.","robots":{"index":"index","follow":"follow","max-snippet":"max-snippet:-1","max-image-preview":"max-image-preview:large","max-video-preview":"max-video-preview:-1"},"canonical":"https:\/\/fit360.ee\/en\/pood\/product-groups\/amino-acids-bcaa\/l-glutamine-en\/l-glutamiin-400g\/","og_locale":"en_US","og_type":"article","og_title":"Evolite L-Glutamiin (400g) - Glutamiin - Aminohapped - Kiire tarne - Fit360","og_description":"L-Glutamiin on toode neile, kes soovivad parandada kehalist t\u00f6\u00f6v\u00f5imet k\u00f5rge intensiivsusega treeningutel v\u00f5i suure koormusega t\u00f6\u00f6l.","og_url":"https:\/\/fit360.ee\/en\/pood\/product-groups\/amino-acids-bcaa\/l-glutamine-en\/l-glutamiin-400g\/","og_site_name":"Fit360","article_modified_time":"2022-07-25T15:43:21+00:00","og_image":[{"width":800,"height":800,"url":"https:\/\/fit360.ee\/wp-content\/uploads\/2017\/04\/l-glutamiin-evolite-fit360.ee_.jpg","type":"image\/jpeg"}],"twitter_card":"summary_large_image","twitter_misc":{"Est. reading time":"1 minute"},"schema":{"@context":"https:\/\/schema.org","@graph":[{"@type":"WebPage","@id":"https:\/\/fit360.ee\/en\/pood\/product-groups\/amino-acids-bcaa\/l-glutamine-en\/l-glutamiin-400g\/","url":"https:\/\/fit360.ee\/en\/pood\/product-groups\/amino-acids-bcaa\/l-glutamine-en\/l-glutamiin-400g\/","name":"Evolite L-Glutamiin (400g) - Glutamiin - Aminohapped - Kiire tarne - Fit360","isPartOf":{"@id":"https:\/\/fit360.ee\/en\/#website"},"primaryImageOfPage":{"@id":"https:\/\/fit360.ee\/en\/pood\/product-groups\/amino-acids-bcaa\/l-glutamine-en\/l-glutamiin-400g\/#primaryimage"},"image":{"@id":"https:\/\/fit360.ee\/en\/pood\/product-groups\/amino-acids-bcaa\/l-glutamine-en\/l-glutamiin-400g\/#primaryimage"},"thumbnailUrl":"https:\/\/fit360.ee\/wp-content\/uploads\/2017\/04\/l-glutamiin-evolite-fit360.ee_.jpg","datePublished":"2017-04-07T13:10:39+00:00","dateModified":"2022-07-25T15:43:21+00:00","description":"L-Glutamiin on toode neile, kes soovivad parandada kehalist t\u00f6\u00f6v\u00f5imet k\u00f5rge intensiivsusega treeningutel v\u00f5i suure koormusega t\u00f6\u00f6l.","breadcrumb":{"@id":"https:\/\/fit360.ee\/en\/pood\/product-groups\/amino-acids-bcaa\/l-glutamine-en\/l-glutamiin-400g\/#breadcrumb"},"inLanguage":"en-US","potentialAction":[{"@type":"ReadAction","target":["https:\/\/fit360.ee\/en\/pood\/product-groups\/amino-acids-bcaa\/l-glutamine-en\/l-glutamiin-400g\/"]}]},{"@type":"ImageObject","inLanguage":"en-US","@id":"https:\/\/fit360.ee\/en\/pood\/product-groups\/amino-acids-bcaa\/l-glutamine-en\/l-glutamiin-400g\/#primaryimage","url":"https:\/\/fit360.ee\/wp-content\/uploads\/2017\/04\/l-glutamiin-evolite-fit360.ee_.jpg","contentUrl":"https:\/\/fit360.ee\/wp-content\/uploads\/2017\/04\/l-glutamiin-evolite-fit360.ee_.jpg","width":800,"height":800,"caption":"l-glutamiin evolite - fit360.ee"},{"@type":"BreadcrumbList","@id":"https:\/\/fit360.ee\/en\/pood\/product-groups\/amino-acids-bcaa\/l-glutamine-en\/l-glutamiin-400g\/#breadcrumb","itemListElement":[{"@type":"ListItem","position":1,"name":"Home","item":"https:\/\/fit360.ee\/en\/"},{"@type":"ListItem","position":2,"name":"Shop","item":"https:\/\/fit360.ee\/en\/shop\/"},{"@type":"ListItem","position":3,"name":"Evolite L-Glutamiin (400g)"}]},{"@type":"WebSite","@id":"https:\/\/fit360.ee\/en\/#website","url":"https:\/\/fit360.ee\/en\/","name":"Fit360","description":"","publisher":{"@id":"https:\/\/fit360.ee\/en\/#organization"},"potentialAction":[{"@type":"SearchAction","target":{"@type":"EntryPoint","urlTemplate":"https:\/\/fit360.ee\/en\/?s={search_term_string}"},"query-input":{"@type":"PropertyValueSpecification","valueRequired":true,"valueName":"search_term_string"}}],"inLanguage":"en-US"},{"@type":"Organization","@id":"https:\/\/fit360.ee\/en\/#organization","name":"Fit360","url":"https:\/\/fit360.ee\/en\/","logo":{"@type":"ImageObject","inLanguage":"en-US","@id":"https:\/\/fit360.ee\/en\/#\/schema\/logo\/image\/","url":"https:\/\/fit360.ee\/wp-content\/uploads\/2017\/01\/logo-fit360.png","contentUrl":"https:\/\/fit360.ee\/wp-content\/uploads\/2017\/01\/logo-fit360.png","width":180,"height":66,"caption":"Fit360"},"image":{"@id":"https:\/\/fit360.ee\/en\/#\/schema\/logo\/image\/"}}]}},"_links":{"self":[{"href":"https:\/\/fit360.ee\/en\/wp-json\/wp\/v2\/product\/11215","targetHints":{"allow":["GET"]}}],"collection":[{"href":"https:\/\/fit360.ee\/en\/wp-json\/wp\/v2\/product"}],"about":[{"href":"https:\/\/fit360.ee\/en\/wp-json\/wp\/v2\/types\/product"}],"replies":[{"embeddable":true,"href":"https:\/\/fit360.ee\/en\/wp-json\/wp\/v2\/comments?post=11215"}],"wp:featuredmedia":[{"embeddable":true,"href":"https:\/\/fit360.ee\/en\/wp-json\/wp\/v2\/media\/85375"}],"wp:attachment":[{"href":"https:\/\/fit360.ee\/en\/wp-json\/wp\/v2\/media?parent=11215"}],"wp:term":[{"taxonomy":"product_brand","embeddable":true,"href":"https:\/\/fit360.ee\/en\/wp-json\/wp\/v2\/product_brand?post=11215"},{"taxonomy":"product_cat","embeddable":true,"href":"https:\/\/fit360.ee\/en\/wp-json\/wp\/v2\/product_cat?post=11215"},{"taxonomy":"product_tag","embeddable":true,"href":"https:\/\/fit360.ee\/en\/wp-json\/wp\/v2\/product_tag?post=11215"},{"taxonomy":"giftcard-category","embeddable":true,"href":"https:\/\/fit360.ee\/en\/wp-json\/wp\/v2\/giftcard-category?post=11215"}],"curies":[{"name":"wp","href":"https:\/\/api.w.org\/{rel}","templated":true}]}}