{"id":12059,"date":"2017-05-30T19:03:24","date_gmt":"2017-05-30T17:03:25","guid":{"rendered":"https:\/\/fit360.ee\/en\/?post_type=product&#038;p=12059"},"modified":"2022-05-12T07:55:40","modified_gmt":"2022-05-12T05:55:40","slug":"qnt-waffles-protein-480g","status":"publish","type":"product","link":"https:\/\/fit360.ee\/en\/pood\/product-groups\/protein-bars-and-snacks\/qnt-waffles-protein-480g\/","title":{"rendered":"QNT Waffles Protein (480g)"},"content":{"rendered":"<p><strong>NGREDIENTS:\u00a0<\/strong>oat flour (contains gluten), egg powder, whey protein isolate (contains milk, emulsifier E322), milk protein concentrate, cocoa powder (theobroma cacao) 4%, dextrose, flavour, cocoa extract (theobroma cacao), fructose, sodium chloride, thickeners: E466\/E415, sweeteners: E950\/E955, raising agent: E500(ii), cinnamon extract (cinnamomum cassia).<\/p>\n<p><strong>FLAVOURS:<\/strong>\u00a0Milk chocolate, white chocolate<\/p>\n<p><strong>PACKAGING:\u00a0<\/strong>480g<\/p>\n<p><strong>USE:<\/strong>\u00a0For one waffle, fill a shaker with 60ml, water or skimmed milk and add one scoop (30g) of the mix, shake the mixture thoroughly and pour it in a waffle iron. Bake the waffle.<\/p>\n<p><strong>ALLERGEN INFORMATION:\u00a0<\/strong>milk, egg, gluten.<\/p>\n<table>\n<tbody>\n<tr>\n<td width=\"205\"><strong>Analysis<\/strong><\/td>\n<td width=\"205\"><strong>30g<\/strong><\/td>\n<td width=\"205\"><strong>100g<\/strong><\/td>\n<\/tr>\n<tr>\n<td width=\"205\">Energy<\/td>\n<td width=\"205\">528kJ\/126kcal<\/td>\n<td width=\"205\">1759kJ\/420kcal<\/td>\n<\/tr>\n<tr>\n<td width=\"205\">Fats,<\/td>\n<td width=\"205\">4,80g<\/td>\n<td width=\"205\">15,98g<\/td>\n<\/tr>\n<tr>\n<td width=\"205\"><em>saturated<\/em><\/td>\n<td width=\"205\">1,52g<\/td>\n<td width=\"205\">5,08g<\/td>\n<\/tr>\n<tr>\n<td width=\"205\">Carbs,<\/td>\n<td width=\"205\">10,52g<\/td>\n<td width=\"205\">35,05g<\/td>\n<\/tr>\n<tr>\n<td width=\"205\"><em>sugar<\/em><\/td>\n<td width=\"205\">0,74g<\/td>\n<td width=\"205\">2,47g<\/td>\n<\/tr>\n<tr>\n<td width=\"205\"><strong>Protein<\/strong><\/td>\n<td width=\"205\"><strong>11,26g<\/strong><\/td>\n<td width=\"205\"><strong>37,54g<\/strong><\/td>\n<\/tr>\n<tr>\n<td width=\"205\">Salt<\/td>\n<td width=\"205\">0,23g<\/td>\n<td width=\"205\">0,77g<\/td>\n<\/tr>\n<\/tbody>\n<\/table>\n<p>&nbsp;<\/p>\n","protected":false},"excerpt":{"rendered":"<p><strong>WAFFLES PROTEIN<\/strong>:<\/p>\n<ul>\n<li>High rate protain with whey isolate<\/li>\n<li>Low sugar<\/li>\n<\/ul>\n<p><strong>BELGIAN WAFFLES PROTEIN<\/strong> are high rated protein waffles (Whey Isolate) with low sugar and calories.<br \/>\nThey are recommended in a weight loss program or in a high protein need (e.g. for sports results) or<br \/>\neven for maintaining muscle tone.<\/p>\n","protected":false},"featured_media":37555,"comment_status":"open","ping_status":"closed","template":"","meta":[],"product_brand":[],"product_cat":[534,535,1274],"product_tag":[1711],"giftcard-category":[],"class_list":{"0":"post-12059","1":"product","2":"type-product","3":"status-publish","4":"has-post-thumbnail","6":"product_cat-protein-bars-and-snacks","7":"product_cat-protein-poweders-en","8":"product_cat-qnt-en","9":"product_tag-proteiin-en","10":"pa_maitse-milk-chocolate","11":"pa_maitse-white-chocolate-en","13":"first","14":"outofstock","15":"taxable","16":"shipping-taxable","17":"product-type-simple"},"yoast_head":"<!-- This site is optimized with the Yoast SEO plugin v27.3 - https:\/\/yoast.com\/product\/yoast-seo-wordpress\/ -->\n<title>QNT Waffles Protein (480g) - Proteiini magustoit - \u00dclikiire tarne: 1-3 p\u00e4eva<\/title>\n<meta name=\"description\" content=\"Waffles Protein on ideaalne magustoit magusas\u00f5brale, kes soovib ka j\u00e4lgida, mida ta s\u00f6\u00f6b. Tee sellest vahvleid, pannkooke v\u00f5i muid k\u00fcpsetisi. Patuvaba!\" \/>\n<meta name=\"robots\" content=\"index, follow, max-snippet:-1, max-image-preview:large, max-video-preview:-1\" \/>\n<link rel=\"canonical\" href=\"https:\/\/fit360.ee\/en\/pood\/product-groups\/protein-bars-and-snacks\/qnt-waffles-protein-480g\/\" \/>\n<meta property=\"og:locale\" content=\"en_US\" \/>\n<meta property=\"og:type\" content=\"article\" \/>\n<meta property=\"og:title\" content=\"QNT Waffles Protein (480g) - Proteiini magustoit - \u00dclikiire tarne: 1-3 p\u00e4eva\" \/>\n<meta property=\"og:description\" content=\"Waffles Protein on ideaalne magustoit magusas\u00f5brale, kes soovib ka j\u00e4lgida, mida ta s\u00f6\u00f6b. Tee sellest vahvleid, pannkooke v\u00f5i muid k\u00fcpsetisi. Patuvaba!\" \/>\n<meta property=\"og:url\" content=\"https:\/\/fit360.ee\/en\/pood\/product-groups\/protein-bars-and-snacks\/qnt-waffles-protein-480g\/\" \/>\n<meta property=\"og:site_name\" content=\"Fit360\" \/>\n<meta property=\"article:modified_time\" content=\"2022-05-12T05:55:40+00:00\" \/>\n<meta property=\"og:image\" content=\"https:\/\/fit360.ee\/wp-content\/uploads\/2017\/05\/protein-waffles-milk-chocolate.png\" \/>\n\t<meta property=\"og:image:width\" content=\"620\" \/>\n\t<meta property=\"og:image:height\" content=\"620\" \/>\n\t<meta property=\"og:image:type\" content=\"image\/png\" \/>\n<meta name=\"twitter:card\" content=\"summary_large_image\" \/>\n<meta name=\"twitter:label1\" content=\"Est. reading time\" \/>\n\t<meta name=\"twitter:data1\" content=\"1 minute\" \/>\n<script type=\"application\/ld+json\" class=\"yoast-schema-graph\">{\"@context\":\"https:\\\/\\\/schema.org\",\"@graph\":[{\"@type\":\"WebPage\",\"@id\":\"https:\\\/\\\/fit360.ee\\\/en\\\/pood\\\/product-groups\\\/protein-bars-and-snacks\\\/qnt-waffles-protein-480g\\\/\",\"url\":\"https:\\\/\\\/fit360.ee\\\/en\\\/pood\\\/product-groups\\\/protein-bars-and-snacks\\\/qnt-waffles-protein-480g\\\/\",\"name\":\"QNT Waffles Protein (480g) - Proteiini magustoit - \u00dclikiire tarne: 1-3 p\u00e4eva\",\"isPartOf\":{\"@id\":\"https:\\\/\\\/fit360.ee\\\/en\\\/#website\"},\"primaryImageOfPage\":{\"@id\":\"https:\\\/\\\/fit360.ee\\\/en\\\/pood\\\/product-groups\\\/protein-bars-and-snacks\\\/qnt-waffles-protein-480g\\\/#primaryimage\"},\"image\":{\"@id\":\"https:\\\/\\\/fit360.ee\\\/en\\\/pood\\\/product-groups\\\/protein-bars-and-snacks\\\/qnt-waffles-protein-480g\\\/#primaryimage\"},\"thumbnailUrl\":\"https:\\\/\\\/fit360.ee\\\/wp-content\\\/uploads\\\/2017\\\/05\\\/protein-waffles-milk-chocolate.png\",\"datePublished\":\"2017-05-30T17:03:25+00:00\",\"dateModified\":\"2022-05-12T05:55:40+00:00\",\"description\":\"Waffles Protein on ideaalne magustoit magusas\u00f5brale, kes soovib ka j\u00e4lgida, mida ta s\u00f6\u00f6b. Tee sellest vahvleid, pannkooke v\u00f5i muid k\u00fcpsetisi. Patuvaba!\",\"breadcrumb\":{\"@id\":\"https:\\\/\\\/fit360.ee\\\/en\\\/pood\\\/product-groups\\\/protein-bars-and-snacks\\\/qnt-waffles-protein-480g\\\/#breadcrumb\"},\"inLanguage\":\"en-US\",\"potentialAction\":[{\"@type\":\"ReadAction\",\"target\":[\"https:\\\/\\\/fit360.ee\\\/en\\\/pood\\\/product-groups\\\/protein-bars-and-snacks\\\/qnt-waffles-protein-480g\\\/\"]}]},{\"@type\":\"ImageObject\",\"inLanguage\":\"en-US\",\"@id\":\"https:\\\/\\\/fit360.ee\\\/en\\\/pood\\\/product-groups\\\/protein-bars-and-snacks\\\/qnt-waffles-protein-480g\\\/#primaryimage\",\"url\":\"https:\\\/\\\/fit360.ee\\\/wp-content\\\/uploads\\\/2017\\\/05\\\/protein-waffles-milk-chocolate.png\",\"contentUrl\":\"https:\\\/\\\/fit360.ee\\\/wp-content\\\/uploads\\\/2017\\\/05\\\/protein-waffles-milk-chocolate.png\",\"width\":620,\"height\":620,\"caption\":\"Patuvaba proteiini magustoit magusas\u00f5brale\"},{\"@type\":\"BreadcrumbList\",\"@id\":\"https:\\\/\\\/fit360.ee\\\/en\\\/pood\\\/product-groups\\\/protein-bars-and-snacks\\\/qnt-waffles-protein-480g\\\/#breadcrumb\",\"itemListElement\":[{\"@type\":\"ListItem\",\"position\":1,\"name\":\"Home\",\"item\":\"https:\\\/\\\/fit360.ee\\\/en\\\/\"},{\"@type\":\"ListItem\",\"position\":2,\"name\":\"Shop\",\"item\":\"https:\\\/\\\/fit360.ee\\\/en\\\/shop\\\/\"},{\"@type\":\"ListItem\",\"position\":3,\"name\":\"QNT Waffles Protein (480g)\"}]},{\"@type\":\"WebSite\",\"@id\":\"https:\\\/\\\/fit360.ee\\\/en\\\/#website\",\"url\":\"https:\\\/\\\/fit360.ee\\\/en\\\/\",\"name\":\"Fit360\",\"description\":\"\",\"publisher\":{\"@id\":\"https:\\\/\\\/fit360.ee\\\/en\\\/#organization\"},\"potentialAction\":[{\"@type\":\"SearchAction\",\"target\":{\"@type\":\"EntryPoint\",\"urlTemplate\":\"https:\\\/\\\/fit360.ee\\\/en\\\/?s={search_term_string}\"},\"query-input\":{\"@type\":\"PropertyValueSpecification\",\"valueRequired\":true,\"valueName\":\"search_term_string\"}}],\"inLanguage\":\"en-US\"},{\"@type\":\"Organization\",\"@id\":\"https:\\\/\\\/fit360.ee\\\/en\\\/#organization\",\"name\":\"Fit360\",\"url\":\"https:\\\/\\\/fit360.ee\\\/en\\\/\",\"logo\":{\"@type\":\"ImageObject\",\"inLanguage\":\"en-US\",\"@id\":\"https:\\\/\\\/fit360.ee\\\/en\\\/#\\\/schema\\\/logo\\\/image\\\/\",\"url\":\"https:\\\/\\\/fit360.ee\\\/wp-content\\\/uploads\\\/2017\\\/01\\\/logo-fit360.png\",\"contentUrl\":\"https:\\\/\\\/fit360.ee\\\/wp-content\\\/uploads\\\/2017\\\/01\\\/logo-fit360.png\",\"width\":180,\"height\":66,\"caption\":\"Fit360\"},\"image\":{\"@id\":\"https:\\\/\\\/fit360.ee\\\/en\\\/#\\\/schema\\\/logo\\\/image\\\/\"}}]}<\/script>\n<!-- \/ Yoast SEO plugin. -->","yoast_head_json":{"title":"QNT Waffles Protein (480g) - Proteiini magustoit - \u00dclikiire tarne: 1-3 p\u00e4eva","description":"Waffles Protein on ideaalne magustoit magusas\u00f5brale, kes soovib ka j\u00e4lgida, mida ta s\u00f6\u00f6b. Tee sellest vahvleid, pannkooke v\u00f5i muid k\u00fcpsetisi. Patuvaba!","robots":{"index":"index","follow":"follow","max-snippet":"max-snippet:-1","max-image-preview":"max-image-preview:large","max-video-preview":"max-video-preview:-1"},"canonical":"https:\/\/fit360.ee\/en\/pood\/product-groups\/protein-bars-and-snacks\/qnt-waffles-protein-480g\/","og_locale":"en_US","og_type":"article","og_title":"QNT Waffles Protein (480g) - Proteiini magustoit - \u00dclikiire tarne: 1-3 p\u00e4eva","og_description":"Waffles Protein on ideaalne magustoit magusas\u00f5brale, kes soovib ka j\u00e4lgida, mida ta s\u00f6\u00f6b. Tee sellest vahvleid, pannkooke v\u00f5i muid k\u00fcpsetisi. Patuvaba!","og_url":"https:\/\/fit360.ee\/en\/pood\/product-groups\/protein-bars-and-snacks\/qnt-waffles-protein-480g\/","og_site_name":"Fit360","article_modified_time":"2022-05-12T05:55:40+00:00","og_image":[{"width":620,"height":620,"url":"https:\/\/fit360.ee\/wp-content\/uploads\/2017\/05\/protein-waffles-milk-chocolate.png","type":"image\/png"}],"twitter_card":"summary_large_image","twitter_misc":{"Est. reading time":"1 minute"},"schema":{"@context":"https:\/\/schema.org","@graph":[{"@type":"WebPage","@id":"https:\/\/fit360.ee\/en\/pood\/product-groups\/protein-bars-and-snacks\/qnt-waffles-protein-480g\/","url":"https:\/\/fit360.ee\/en\/pood\/product-groups\/protein-bars-and-snacks\/qnt-waffles-protein-480g\/","name":"QNT Waffles Protein (480g) - Proteiini magustoit - \u00dclikiire tarne: 1-3 p\u00e4eva","isPartOf":{"@id":"https:\/\/fit360.ee\/en\/#website"},"primaryImageOfPage":{"@id":"https:\/\/fit360.ee\/en\/pood\/product-groups\/protein-bars-and-snacks\/qnt-waffles-protein-480g\/#primaryimage"},"image":{"@id":"https:\/\/fit360.ee\/en\/pood\/product-groups\/protein-bars-and-snacks\/qnt-waffles-protein-480g\/#primaryimage"},"thumbnailUrl":"https:\/\/fit360.ee\/wp-content\/uploads\/2017\/05\/protein-waffles-milk-chocolate.png","datePublished":"2017-05-30T17:03:25+00:00","dateModified":"2022-05-12T05:55:40+00:00","description":"Waffles Protein on ideaalne magustoit magusas\u00f5brale, kes soovib ka j\u00e4lgida, mida ta s\u00f6\u00f6b. Tee sellest vahvleid, pannkooke v\u00f5i muid k\u00fcpsetisi. Patuvaba!","breadcrumb":{"@id":"https:\/\/fit360.ee\/en\/pood\/product-groups\/protein-bars-and-snacks\/qnt-waffles-protein-480g\/#breadcrumb"},"inLanguage":"en-US","potentialAction":[{"@type":"ReadAction","target":["https:\/\/fit360.ee\/en\/pood\/product-groups\/protein-bars-and-snacks\/qnt-waffles-protein-480g\/"]}]},{"@type":"ImageObject","inLanguage":"en-US","@id":"https:\/\/fit360.ee\/en\/pood\/product-groups\/protein-bars-and-snacks\/qnt-waffles-protein-480g\/#primaryimage","url":"https:\/\/fit360.ee\/wp-content\/uploads\/2017\/05\/protein-waffles-milk-chocolate.png","contentUrl":"https:\/\/fit360.ee\/wp-content\/uploads\/2017\/05\/protein-waffles-milk-chocolate.png","width":620,"height":620,"caption":"Patuvaba proteiini magustoit magusas\u00f5brale"},{"@type":"BreadcrumbList","@id":"https:\/\/fit360.ee\/en\/pood\/product-groups\/protein-bars-and-snacks\/qnt-waffles-protein-480g\/#breadcrumb","itemListElement":[{"@type":"ListItem","position":1,"name":"Home","item":"https:\/\/fit360.ee\/en\/"},{"@type":"ListItem","position":2,"name":"Shop","item":"https:\/\/fit360.ee\/en\/shop\/"},{"@type":"ListItem","position":3,"name":"QNT Waffles Protein (480g)"}]},{"@type":"WebSite","@id":"https:\/\/fit360.ee\/en\/#website","url":"https:\/\/fit360.ee\/en\/","name":"Fit360","description":"","publisher":{"@id":"https:\/\/fit360.ee\/en\/#organization"},"potentialAction":[{"@type":"SearchAction","target":{"@type":"EntryPoint","urlTemplate":"https:\/\/fit360.ee\/en\/?s={search_term_string}"},"query-input":{"@type":"PropertyValueSpecification","valueRequired":true,"valueName":"search_term_string"}}],"inLanguage":"en-US"},{"@type":"Organization","@id":"https:\/\/fit360.ee\/en\/#organization","name":"Fit360","url":"https:\/\/fit360.ee\/en\/","logo":{"@type":"ImageObject","inLanguage":"en-US","@id":"https:\/\/fit360.ee\/en\/#\/schema\/logo\/image\/","url":"https:\/\/fit360.ee\/wp-content\/uploads\/2017\/01\/logo-fit360.png","contentUrl":"https:\/\/fit360.ee\/wp-content\/uploads\/2017\/01\/logo-fit360.png","width":180,"height":66,"caption":"Fit360"},"image":{"@id":"https:\/\/fit360.ee\/en\/#\/schema\/logo\/image\/"}}]}},"_links":{"self":[{"href":"https:\/\/fit360.ee\/en\/wp-json\/wp\/v2\/product\/12059","targetHints":{"allow":["GET"]}}],"collection":[{"href":"https:\/\/fit360.ee\/en\/wp-json\/wp\/v2\/product"}],"about":[{"href":"https:\/\/fit360.ee\/en\/wp-json\/wp\/v2\/types\/product"}],"replies":[{"embeddable":true,"href":"https:\/\/fit360.ee\/en\/wp-json\/wp\/v2\/comments?post=12059"}],"wp:featuredmedia":[{"embeddable":true,"href":"https:\/\/fit360.ee\/en\/wp-json\/wp\/v2\/media\/37555"}],"wp:attachment":[{"href":"https:\/\/fit360.ee\/en\/wp-json\/wp\/v2\/media?parent=12059"}],"wp:term":[{"taxonomy":"product_brand","embeddable":true,"href":"https:\/\/fit360.ee\/en\/wp-json\/wp\/v2\/product_brand?post=12059"},{"taxonomy":"product_cat","embeddable":true,"href":"https:\/\/fit360.ee\/en\/wp-json\/wp\/v2\/product_cat?post=12059"},{"taxonomy":"product_tag","embeddable":true,"href":"https:\/\/fit360.ee\/en\/wp-json\/wp\/v2\/product_tag?post=12059"},{"taxonomy":"giftcard-category","embeddable":true,"href":"https:\/\/fit360.ee\/en\/wp-json\/wp\/v2\/giftcard-category?post=12059"}],"curies":[{"name":"wp","href":"https:\/\/api.w.org\/{rel}","templated":true}]}}