{"id":12099,"date":"2017-05-30T19:24:15","date_gmt":"2017-05-30T17:24:15","guid":{"rendered":"https:\/\/fit360.ee\/en\/?post_type=product&#038;p=12099"},"modified":"2025-08-13T07:35:20","modified_gmt":"2025-08-13T05:35:20","slug":"qnt-l-carnitine-200mg-drink-700ml","status":"publish","type":"product","link":"https:\/\/fit360.ee\/en\/pood\/product-groups\/fat-burners-en\/l-carnitine-en\/qnt-l-carnitine-200mg-drink-700ml\/","title":{"rendered":"QNT L-Carnitine 2000mg Drink 700ml"},"content":{"rendered":"<p><strong>Koostisosad<\/strong>: vesi, happelisuse regulaatorid: E330\/E331, L-karnitiin, l\u00f5hna- ja maitseained,\u00a0 s\u00e4ilitusained:\u00a0 E202\/E211, j\u00f5hvika ja sidruni mahl kontsentraadist 0,5%, magusaine: E955, v\u00e4rvained: E122\/E110.<\/p>\n<p><strong>Kasutamine<\/strong>: 1 pudel p\u00e4evas treeningu ajal v\u00f5i s\u00f6\u00f6gikordade vahel.<\/p>\n<p><strong>Maitsed<\/strong>: J\u00f5hvika-sidruni, sidruni-laimi, apelsini.<\/p>\n<p><strong>Suurus<\/strong>: 700ml<\/p>\n<table>\n<tbody>\n<tr>\n<td width=\"205\"><strong>Anal\u00fc\u00fcs<\/strong><\/td>\n<td width=\"205\"><strong>700ml<\/strong><\/td>\n<td width=\"205\"><strong>100ml<\/strong><\/td>\n<\/tr>\n<tr>\n<td width=\"205\">Energia<\/td>\n<td width=\"205\">0kcal\/0kJ<\/td>\n<td width=\"205\">0kcal\/0kJ<\/td>\n<\/tr>\n<tr>\n<td width=\"205\">Rasvad,<\/td>\n<td width=\"205\">0g<\/td>\n<td width=\"205\">0g<\/td>\n<\/tr>\n<tr>\n<td width=\"205\"><em>millest k\u00fcllastunud<\/em><\/td>\n<td width=\"205\">0g<\/td>\n<td width=\"205\">0g<\/td>\n<\/tr>\n<tr>\n<td width=\"205\">S\u00fcsivesikud,<\/td>\n<td width=\"205\">0g<\/td>\n<td width=\"205\">0g<\/td>\n<\/tr>\n<tr>\n<td width=\"205\"><em>millest suhkur<\/em><\/td>\n<td width=\"205\">0g<\/td>\n<td width=\"205\">0g<\/td>\n<\/tr>\n<tr>\n<td width=\"205\">Valgud<\/td>\n<td width=\"205\">0g<\/td>\n<td width=\"205\">0g<\/td>\n<\/tr>\n<tr>\n<td width=\"205\">Sool<\/td>\n<td width=\"205\">0g<\/td>\n<td width=\"205\">0g<\/td>\n<\/tr>\n<tr>\n<td width=\"205\">J\u00f5hvika ja sidruni mahl<\/td>\n<td width=\"205\">161mg<\/td>\n<td width=\"205\">23mg<\/td>\n<\/tr>\n<tr>\n<td width=\"205\"><strong>L-Karnitiin<\/strong><\/td>\n<td width=\"205\"><strong>2000mg<\/strong><\/td>\n<td width=\"205\"><strong>286mg<\/strong><\/td>\n<\/tr>\n<\/tbody>\n<\/table>\n<p>Soovid kaupa osta suuremas koguses? Vaata antud toodet ka meie HULGI poest\u00a0<a href=\"https:\/\/toidulisandidhulgi.ee\/product\/qnt-l-carnitine-\u2026g-drink-12x700ml\/\"><strong>SIIT<\/strong><\/a>!<\/p>\n","protected":false},"excerpt":{"rendered":"<p><strong>L-Carnitine 2000mg Drink<\/strong>:<\/p>\n<ul>\n<li>Sisaldab 2000mg L-karnitiini<\/li>\n<li>0 kalorit<\/li>\n<li>0g suhkrut<\/li>\n<li>Ideaalne treeningjook<\/li>\n<\/ul>\n<p>V\u00e4rskendav h\u00fcpotooniline jook, mis sisaldab 0 kalorit! Sisaldab <strong>2000mg L-karnitiini<\/strong> pudeli kohta. L-karnitiin on toidulisand, millel on suur roll energia ainevahetuses ning aitab p\u00f5letada rasva, muundades seda energiaks. Sisaldab puhast mahla ning seda on hea juua treeningu ajal v\u00f5i s\u00f6\u00f6gikordade vahel p\u00e4eva jooksul.<\/p>\n","protected":false},"featured_media":53699,"comment_status":"open","ping_status":"closed","template":"","meta":[],"product_brand":[],"product_cat":[523,530,2404,1274],"product_tag":[],"giftcard-category":[],"class_list":{"0":"post-12099","1":"product","2":"type-product","3":"status-publish","4":"has-post-thumbnail","6":"product_cat-drinks-shots","7":"product_cat-fat-burners-en","8":"product_cat-l-carnitine-en","9":"product_cat-qnt-en","10":"pa_maitse-cranberry-lemon","11":"pa_maitse-lemon-lime-en","12":"pa_maitse-orange","13":"pa_maitse-virsiku-jaatee-en","15":"first","16":"outofstock","17":"taxable","18":"shipping-taxable","19":"purchasable","20":"product-type-variable"},"yoast_head":"<!-- This site is optimized with the Yoast SEO plugin v27.3 - https:\/\/yoast.com\/product\/yoast-seo-wordpress\/ -->\n<title>QNT L-Carnitine 2000mg Drink 700ml - Fit360<\/title>\n<meta name=\"robots\" content=\"index, follow, max-snippet:-1, max-image-preview:large, max-video-preview:-1\" \/>\n<link rel=\"canonical\" href=\"https:\/\/fit360.ee\/en\/pood\/product-groups\/fat-burners-en\/l-carnitine-en\/qnt-l-carnitine-200mg-drink-700ml\/\" \/>\n<meta property=\"og:locale\" content=\"en_US\" \/>\n<meta property=\"og:type\" content=\"article\" \/>\n<meta property=\"og:title\" content=\"QNT L-Carnitine 2000mg Drink 700ml - Fit360\" \/>\n<meta property=\"og:description\" content=\"L-Carnitine 2000mg Drink:   Sisaldab 2000mg L-karnitiini  0 kalorit  0g suhkrut  Ideaalne treeningjook  V\u00e4rskendav h\u00fcpotooniline jook, mis sisaldab 0 kalorit! Sisaldab 2000mg L-karnitiini pudeli kohta. L-karnitiin on toidulisand, millel on suur roll energia ainevahetuses ning aitab p\u00f5letada rasva, muundades seda energiaks. Sisaldab puhast mahla ning seda on hea juua treeningu ajal v\u00f5i s\u00f6\u00f6gikordade vahel p\u00e4eva jooksul.\" \/>\n<meta property=\"og:url\" content=\"https:\/\/fit360.ee\/en\/pood\/product-groups\/fat-burners-en\/l-carnitine-en\/qnt-l-carnitine-200mg-drink-700ml\/\" \/>\n<meta property=\"og:site_name\" content=\"Fit360\" \/>\n<meta property=\"article:modified_time\" content=\"2025-08-13T05:35:20+00:00\" \/>\n<meta property=\"og:image\" content=\"https:\/\/fit360.ee\/wp-content\/uploads\/2017\/07\/L-Carnitine2000-Cranberry-1200X1200.png\" \/>\n\t<meta property=\"og:image:width\" content=\"1200\" \/>\n\t<meta property=\"og:image:height\" content=\"1200\" \/>\n\t<meta property=\"og:image:type\" content=\"image\/png\" \/>\n<meta name=\"twitter:card\" content=\"summary_large_image\" \/>\n<meta name=\"twitter:label1\" content=\"Est. reading time\" \/>\n\t<meta name=\"twitter:data1\" content=\"1 minute\" \/>\n<script type=\"application\/ld+json\" class=\"yoast-schema-graph\">{\"@context\":\"https:\\\/\\\/schema.org\",\"@graph\":[{\"@type\":\"WebPage\",\"@id\":\"https:\\\/\\\/fit360.ee\\\/en\\\/pood\\\/product-groups\\\/fat-burners-en\\\/l-carnitine-en\\\/qnt-l-carnitine-200mg-drink-700ml\\\/\",\"url\":\"https:\\\/\\\/fit360.ee\\\/en\\\/pood\\\/product-groups\\\/fat-burners-en\\\/l-carnitine-en\\\/qnt-l-carnitine-200mg-drink-700ml\\\/\",\"name\":\"QNT L-Carnitine 2000mg Drink 700ml - Fit360\",\"isPartOf\":{\"@id\":\"https:\\\/\\\/fit360.ee\\\/en\\\/#website\"},\"primaryImageOfPage\":{\"@id\":\"https:\\\/\\\/fit360.ee\\\/en\\\/pood\\\/product-groups\\\/fat-burners-en\\\/l-carnitine-en\\\/qnt-l-carnitine-200mg-drink-700ml\\\/#primaryimage\"},\"image\":{\"@id\":\"https:\\\/\\\/fit360.ee\\\/en\\\/pood\\\/product-groups\\\/fat-burners-en\\\/l-carnitine-en\\\/qnt-l-carnitine-200mg-drink-700ml\\\/#primaryimage\"},\"thumbnailUrl\":\"https:\\\/\\\/fit360.ee\\\/wp-content\\\/uploads\\\/2017\\\/07\\\/L-Carnitine2000-Cranberry-1200X1200.png\",\"datePublished\":\"2017-05-30T17:24:15+00:00\",\"dateModified\":\"2025-08-13T05:35:20+00:00\",\"breadcrumb\":{\"@id\":\"https:\\\/\\\/fit360.ee\\\/en\\\/pood\\\/product-groups\\\/fat-burners-en\\\/l-carnitine-en\\\/qnt-l-carnitine-200mg-drink-700ml\\\/#breadcrumb\"},\"inLanguage\":\"en-US\",\"potentialAction\":[{\"@type\":\"ReadAction\",\"target\":[\"https:\\\/\\\/fit360.ee\\\/en\\\/pood\\\/product-groups\\\/fat-burners-en\\\/l-carnitine-en\\\/qnt-l-carnitine-200mg-drink-700ml\\\/\"]}]},{\"@type\":\"ImageObject\",\"inLanguage\":\"en-US\",\"@id\":\"https:\\\/\\\/fit360.ee\\\/en\\\/pood\\\/product-groups\\\/fat-burners-en\\\/l-carnitine-en\\\/qnt-l-carnitine-200mg-drink-700ml\\\/#primaryimage\",\"url\":\"https:\\\/\\\/fit360.ee\\\/wp-content\\\/uploads\\\/2017\\\/07\\\/L-Carnitine2000-Cranberry-1200X1200.png\",\"contentUrl\":\"https:\\\/\\\/fit360.ee\\\/wp-content\\\/uploads\\\/2017\\\/07\\\/L-Carnitine2000-Cranberry-1200X1200.png\",\"width\":1200,\"height\":1200,\"caption\":\"L-Carnitine 2000 - fit360.ee\"},{\"@type\":\"BreadcrumbList\",\"@id\":\"https:\\\/\\\/fit360.ee\\\/en\\\/pood\\\/product-groups\\\/fat-burners-en\\\/l-carnitine-en\\\/qnt-l-carnitine-200mg-drink-700ml\\\/#breadcrumb\",\"itemListElement\":[{\"@type\":\"ListItem\",\"position\":1,\"name\":\"Home\",\"item\":\"https:\\\/\\\/fit360.ee\\\/en\\\/\"},{\"@type\":\"ListItem\",\"position\":2,\"name\":\"Shop\",\"item\":\"https:\\\/\\\/fit360.ee\\\/en\\\/shop\\\/\"},{\"@type\":\"ListItem\",\"position\":3,\"name\":\"QNT L-Carnitine 2000mg Drink 700ml\"}]},{\"@type\":\"WebSite\",\"@id\":\"https:\\\/\\\/fit360.ee\\\/en\\\/#website\",\"url\":\"https:\\\/\\\/fit360.ee\\\/en\\\/\",\"name\":\"Fit360\",\"description\":\"\",\"publisher\":{\"@id\":\"https:\\\/\\\/fit360.ee\\\/en\\\/#organization\"},\"potentialAction\":[{\"@type\":\"SearchAction\",\"target\":{\"@type\":\"EntryPoint\",\"urlTemplate\":\"https:\\\/\\\/fit360.ee\\\/en\\\/?s={search_term_string}\"},\"query-input\":{\"@type\":\"PropertyValueSpecification\",\"valueRequired\":true,\"valueName\":\"search_term_string\"}}],\"inLanguage\":\"en-US\"},{\"@type\":\"Organization\",\"@id\":\"https:\\\/\\\/fit360.ee\\\/en\\\/#organization\",\"name\":\"Fit360\",\"url\":\"https:\\\/\\\/fit360.ee\\\/en\\\/\",\"logo\":{\"@type\":\"ImageObject\",\"inLanguage\":\"en-US\",\"@id\":\"https:\\\/\\\/fit360.ee\\\/en\\\/#\\\/schema\\\/logo\\\/image\\\/\",\"url\":\"https:\\\/\\\/fit360.ee\\\/wp-content\\\/uploads\\\/2017\\\/01\\\/logo-fit360.png\",\"contentUrl\":\"https:\\\/\\\/fit360.ee\\\/wp-content\\\/uploads\\\/2017\\\/01\\\/logo-fit360.png\",\"width\":180,\"height\":66,\"caption\":\"Fit360\"},\"image\":{\"@id\":\"https:\\\/\\\/fit360.ee\\\/en\\\/#\\\/schema\\\/logo\\\/image\\\/\"}}]}<\/script>\n<!-- \/ Yoast SEO plugin. -->","yoast_head_json":{"title":"QNT L-Carnitine 2000mg Drink 700ml - Fit360","robots":{"index":"index","follow":"follow","max-snippet":"max-snippet:-1","max-image-preview":"max-image-preview:large","max-video-preview":"max-video-preview:-1"},"canonical":"https:\/\/fit360.ee\/en\/pood\/product-groups\/fat-burners-en\/l-carnitine-en\/qnt-l-carnitine-200mg-drink-700ml\/","og_locale":"en_US","og_type":"article","og_title":"QNT L-Carnitine 2000mg Drink 700ml - Fit360","og_description":"L-Carnitine 2000mg Drink:   Sisaldab 2000mg L-karnitiini  0 kalorit  0g suhkrut  Ideaalne treeningjook  V\u00e4rskendav h\u00fcpotooniline jook, mis sisaldab 0 kalorit! Sisaldab 2000mg L-karnitiini pudeli kohta. L-karnitiin on toidulisand, millel on suur roll energia ainevahetuses ning aitab p\u00f5letada rasva, muundades seda energiaks. Sisaldab puhast mahla ning seda on hea juua treeningu ajal v\u00f5i s\u00f6\u00f6gikordade vahel p\u00e4eva jooksul.","og_url":"https:\/\/fit360.ee\/en\/pood\/product-groups\/fat-burners-en\/l-carnitine-en\/qnt-l-carnitine-200mg-drink-700ml\/","og_site_name":"Fit360","article_modified_time":"2025-08-13T05:35:20+00:00","og_image":[{"width":1200,"height":1200,"url":"https:\/\/fit360.ee\/wp-content\/uploads\/2017\/07\/L-Carnitine2000-Cranberry-1200X1200.png","type":"image\/png"}],"twitter_card":"summary_large_image","twitter_misc":{"Est. reading time":"1 minute"},"schema":{"@context":"https:\/\/schema.org","@graph":[{"@type":"WebPage","@id":"https:\/\/fit360.ee\/en\/pood\/product-groups\/fat-burners-en\/l-carnitine-en\/qnt-l-carnitine-200mg-drink-700ml\/","url":"https:\/\/fit360.ee\/en\/pood\/product-groups\/fat-burners-en\/l-carnitine-en\/qnt-l-carnitine-200mg-drink-700ml\/","name":"QNT L-Carnitine 2000mg Drink 700ml - Fit360","isPartOf":{"@id":"https:\/\/fit360.ee\/en\/#website"},"primaryImageOfPage":{"@id":"https:\/\/fit360.ee\/en\/pood\/product-groups\/fat-burners-en\/l-carnitine-en\/qnt-l-carnitine-200mg-drink-700ml\/#primaryimage"},"image":{"@id":"https:\/\/fit360.ee\/en\/pood\/product-groups\/fat-burners-en\/l-carnitine-en\/qnt-l-carnitine-200mg-drink-700ml\/#primaryimage"},"thumbnailUrl":"https:\/\/fit360.ee\/wp-content\/uploads\/2017\/07\/L-Carnitine2000-Cranberry-1200X1200.png","datePublished":"2017-05-30T17:24:15+00:00","dateModified":"2025-08-13T05:35:20+00:00","breadcrumb":{"@id":"https:\/\/fit360.ee\/en\/pood\/product-groups\/fat-burners-en\/l-carnitine-en\/qnt-l-carnitine-200mg-drink-700ml\/#breadcrumb"},"inLanguage":"en-US","potentialAction":[{"@type":"ReadAction","target":["https:\/\/fit360.ee\/en\/pood\/product-groups\/fat-burners-en\/l-carnitine-en\/qnt-l-carnitine-200mg-drink-700ml\/"]}]},{"@type":"ImageObject","inLanguage":"en-US","@id":"https:\/\/fit360.ee\/en\/pood\/product-groups\/fat-burners-en\/l-carnitine-en\/qnt-l-carnitine-200mg-drink-700ml\/#primaryimage","url":"https:\/\/fit360.ee\/wp-content\/uploads\/2017\/07\/L-Carnitine2000-Cranberry-1200X1200.png","contentUrl":"https:\/\/fit360.ee\/wp-content\/uploads\/2017\/07\/L-Carnitine2000-Cranberry-1200X1200.png","width":1200,"height":1200,"caption":"L-Carnitine 2000 - fit360.ee"},{"@type":"BreadcrumbList","@id":"https:\/\/fit360.ee\/en\/pood\/product-groups\/fat-burners-en\/l-carnitine-en\/qnt-l-carnitine-200mg-drink-700ml\/#breadcrumb","itemListElement":[{"@type":"ListItem","position":1,"name":"Home","item":"https:\/\/fit360.ee\/en\/"},{"@type":"ListItem","position":2,"name":"Shop","item":"https:\/\/fit360.ee\/en\/shop\/"},{"@type":"ListItem","position":3,"name":"QNT L-Carnitine 2000mg Drink 700ml"}]},{"@type":"WebSite","@id":"https:\/\/fit360.ee\/en\/#website","url":"https:\/\/fit360.ee\/en\/","name":"Fit360","description":"","publisher":{"@id":"https:\/\/fit360.ee\/en\/#organization"},"potentialAction":[{"@type":"SearchAction","target":{"@type":"EntryPoint","urlTemplate":"https:\/\/fit360.ee\/en\/?s={search_term_string}"},"query-input":{"@type":"PropertyValueSpecification","valueRequired":true,"valueName":"search_term_string"}}],"inLanguage":"en-US"},{"@type":"Organization","@id":"https:\/\/fit360.ee\/en\/#organization","name":"Fit360","url":"https:\/\/fit360.ee\/en\/","logo":{"@type":"ImageObject","inLanguage":"en-US","@id":"https:\/\/fit360.ee\/en\/#\/schema\/logo\/image\/","url":"https:\/\/fit360.ee\/wp-content\/uploads\/2017\/01\/logo-fit360.png","contentUrl":"https:\/\/fit360.ee\/wp-content\/uploads\/2017\/01\/logo-fit360.png","width":180,"height":66,"caption":"Fit360"},"image":{"@id":"https:\/\/fit360.ee\/en\/#\/schema\/logo\/image\/"}}]}},"_links":{"self":[{"href":"https:\/\/fit360.ee\/en\/wp-json\/wp\/v2\/product\/12099","targetHints":{"allow":["GET"]}}],"collection":[{"href":"https:\/\/fit360.ee\/en\/wp-json\/wp\/v2\/product"}],"about":[{"href":"https:\/\/fit360.ee\/en\/wp-json\/wp\/v2\/types\/product"}],"replies":[{"embeddable":true,"href":"https:\/\/fit360.ee\/en\/wp-json\/wp\/v2\/comments?post=12099"}],"wp:featuredmedia":[{"embeddable":true,"href":"https:\/\/fit360.ee\/en\/wp-json\/wp\/v2\/media\/53699"}],"wp:attachment":[{"href":"https:\/\/fit360.ee\/en\/wp-json\/wp\/v2\/media?parent=12099"}],"wp:term":[{"taxonomy":"product_brand","embeddable":true,"href":"https:\/\/fit360.ee\/en\/wp-json\/wp\/v2\/product_brand?post=12099"},{"taxonomy":"product_cat","embeddable":true,"href":"https:\/\/fit360.ee\/en\/wp-json\/wp\/v2\/product_cat?post=12099"},{"taxonomy":"product_tag","embeddable":true,"href":"https:\/\/fit360.ee\/en\/wp-json\/wp\/v2\/product_tag?post=12099"},{"taxonomy":"giftcard-category","embeddable":true,"href":"https:\/\/fit360.ee\/en\/wp-json\/wp\/v2\/giftcard-category?post=12099"}],"curies":[{"name":"wp","href":"https:\/\/api.w.org\/{rel}","templated":true}]}}