{"id":12350,"date":"2017-06-26T14:09:12","date_gmt":"2017-06-26T12:09:12","guid":{"rendered":"https:\/\/fit360.ee\/en\/pood\/maaratlemata\/nocco-bcaa-drink-box-24pcs\/"},"modified":"2025-05-12T06:31:16","modified_gmt":"2025-05-12T04:31:16","slug":"nocco-bcaa-drink-box-24pcs","status":"publish","type":"product","link":"https:\/\/fit360.ee\/en\/pood\/product-groups\/amino-acids-bcaa\/bcaa-en\/nocco-bcaa-drink-box-24pcs\/","title":{"rendered":"Nocco BCAA drink  (24pcs)"},"content":{"rendered":"<p><strong>NOCCO BCAA<\/strong> contains BCAA (branched chain amino acids), L-carnitine, green tea with EGCG, caffeine and six different vitamins. NOCCO BCAA is avaliable in\u00a0three delicious flavours with carbonic acid; Pear, Peach and\u00a0Red Berries\u00a0. All products from NOCCO BCAA are sugar-free. Per 330 ml can:<\/p>\n<div class=\"gen-info-box-container opened\">\u00b7 BCAA 4:1:1 (Leucine, Valine and isoleucine) 2,500 mg<br \/>\n\u00b7 L-Carnitine 400mg<br \/>\n\u00b7 Caffeine 180mg<br \/>\n\u00b7 Vitamin D is 50% RDA<br \/>\n\u00b7 Vitamin B6 100% RDA<br \/>\n\u00b7 Vitamin B12 50% RDA<br \/>\n\u00b7 Biotin 55% RDA<br \/>\n\u00b7 Folic Acid 25% RDA<br \/>\n\u00b7 Niacin 40% RDA<br \/>\n* RDA: Recommended Daily Allowance<\/div>\n","protected":false},"excerpt":{"rendered":"<p><strong>NOCCO BCAA<\/strong> contains BCAA (branched chain amino acids), L-carnitine, green tea with EGCG, caffeine and six different vitamins. <strong>NOCCO BCAA<\/strong> is avaliable in\u00a0three delicious flavours with carbonic acid; Pear, Peach and\u00a0Red Berries\u00a0. All products from NOCCO BCAA are sugar-free.<\/p>\n","protected":false},"featured_media":85636,"comment_status":"open","ping_status":"closed","template":"","meta":[],"product_brand":[],"product_cat":[520,2299,1072,507,2043],"product_tag":[1787,1791,5553,5555],"giftcard-category":[],"class_list":{"0":"post-12350","1":"product","2":"type-product","3":"status-publish","4":"has-post-thumbnail","6":"product_cat-amino-acids-bcaa","7":"product_cat-bcaa-en","8":"product_cat-drinks-and-protein-bars-in-bulk","9":"product_cat-supplements-brands-en","10":"product_cat-sugar-free-energy-drinks-en","11":"product_tag-aminohapped-en","12":"product_tag-bcaa-en","13":"product_tag-nocco-en","14":"product_tag-nocco-bcaa-en","15":"pa_maitse-berruba-en","16":"pa_maitse-blood-orange-en","17":"pa_maitse-caffeine-free-carribean","18":"pa_maitse-cola-en","19":"pa_maitse-grand-sour-en","20":"pa_maitse-juicy-melba-en","21":"pa_maitse-limon-en","22":"pa_maitse-mixed-flavours","23":"pa_maitse-ramonade-en","24":"pa_maitse-san-citro-en","25":"pa_maitse-stellar-blend","27":"first","28":"instock","29":"sale","30":"taxable","31":"shipping-taxable","32":"purchasable","33":"product-type-variable"},"yoast_head":"<!-- This site is optimized with the Yoast SEO plugin v27.3 - https:\/\/yoast.com\/product\/yoast-seo-wordpress\/ -->\n<title>Nocco BCAA kastiga 24tk - NOCCO - Parim hind Eestis - Tarne: 1-3 p\u00e4eva<\/title>\n<meta name=\"description\" content=\"NOCCO BCAA on funktsionaalne aminohapete ning erinevate vitamiinidega rikastatud jook. K\u00f5ik NOCCO joogid on100% suhkruvabad. Osta kastiga ja s\u00e4\u00e4sta.\" \/>\n<meta name=\"robots\" content=\"index, follow, max-snippet:-1, max-image-preview:large, max-video-preview:-1\" \/>\n<link rel=\"canonical\" href=\"https:\/\/fit360.ee\/en\/pood\/product-groups\/amino-acids-bcaa\/bcaa-en\/nocco-bcaa-drink-box-24pcs\/\" \/>\n<meta property=\"og:locale\" content=\"en_US\" \/>\n<meta property=\"og:type\" content=\"article\" \/>\n<meta property=\"og:title\" content=\"Nocco BCAA kastiga 24tk - NOCCO - Parim hind Eestis - Tarne: 1-3 p\u00e4eva\" \/>\n<meta property=\"og:description\" content=\"NOCCO BCAA on funktsionaalne aminohapete ning erinevate vitamiinidega rikastatud jook. K\u00f5ik NOCCO joogid on100% suhkruvabad. Osta kastiga ja s\u00e4\u00e4sta.\" \/>\n<meta property=\"og:url\" content=\"https:\/\/fit360.ee\/en\/pood\/product-groups\/amino-acids-bcaa\/bcaa-en\/nocco-bcaa-drink-box-24pcs\/\" \/>\n<meta property=\"og:site_name\" content=\"Fit360\" \/>\n<meta property=\"article:modified_time\" content=\"2025-05-12T04:31:16+00:00\" \/>\n<meta property=\"og:image\" content=\"https:\/\/fit360.ee\/wp-content\/uploads\/2017\/06\/nocco-san-citro-kastiga-fit360.ee-1.jpg\" \/>\n\t<meta property=\"og:image:width\" content=\"1865\" \/>\n\t<meta property=\"og:image:height\" content=\"1409\" \/>\n\t<meta property=\"og:image:type\" content=\"image\/jpeg\" \/>\n<meta name=\"twitter:card\" content=\"summary_large_image\" \/>\n<script type=\"application\/ld+json\" class=\"yoast-schema-graph\">{\"@context\":\"https:\\\/\\\/schema.org\",\"@graph\":[{\"@type\":\"WebPage\",\"@id\":\"https:\\\/\\\/fit360.ee\\\/en\\\/pood\\\/product-groups\\\/amino-acids-bcaa\\\/bcaa-en\\\/nocco-bcaa-drink-box-24pcs\\\/\",\"url\":\"https:\\\/\\\/fit360.ee\\\/en\\\/pood\\\/product-groups\\\/amino-acids-bcaa\\\/bcaa-en\\\/nocco-bcaa-drink-box-24pcs\\\/\",\"name\":\"Nocco BCAA kastiga 24tk - NOCCO - Parim hind Eestis - Tarne: 1-3 p\u00e4eva\",\"isPartOf\":{\"@id\":\"https:\\\/\\\/fit360.ee\\\/en\\\/#website\"},\"primaryImageOfPage\":{\"@id\":\"https:\\\/\\\/fit360.ee\\\/en\\\/pood\\\/product-groups\\\/amino-acids-bcaa\\\/bcaa-en\\\/nocco-bcaa-drink-box-24pcs\\\/#primaryimage\"},\"image\":{\"@id\":\"https:\\\/\\\/fit360.ee\\\/en\\\/pood\\\/product-groups\\\/amino-acids-bcaa\\\/bcaa-en\\\/nocco-bcaa-drink-box-24pcs\\\/#primaryimage\"},\"thumbnailUrl\":\"https:\\\/\\\/fit360.ee\\\/wp-content\\\/uploads\\\/2017\\\/06\\\/nocco-san-citro-kastiga-fit360.ee-1.jpg\",\"datePublished\":\"2017-06-26T12:09:12+00:00\",\"dateModified\":\"2025-05-12T04:31:16+00:00\",\"description\":\"NOCCO BCAA on funktsionaalne aminohapete ning erinevate vitamiinidega rikastatud jook. K\u00f5ik NOCCO joogid on100% suhkruvabad. Osta kastiga ja s\u00e4\u00e4sta.\",\"breadcrumb\":{\"@id\":\"https:\\\/\\\/fit360.ee\\\/en\\\/pood\\\/product-groups\\\/amino-acids-bcaa\\\/bcaa-en\\\/nocco-bcaa-drink-box-24pcs\\\/#breadcrumb\"},\"inLanguage\":\"en-US\",\"potentialAction\":[{\"@type\":\"ReadAction\",\"target\":[\"https:\\\/\\\/fit360.ee\\\/en\\\/pood\\\/product-groups\\\/amino-acids-bcaa\\\/bcaa-en\\\/nocco-bcaa-drink-box-24pcs\\\/\"]}]},{\"@type\":\"ImageObject\",\"inLanguage\":\"en-US\",\"@id\":\"https:\\\/\\\/fit360.ee\\\/en\\\/pood\\\/product-groups\\\/amino-acids-bcaa\\\/bcaa-en\\\/nocco-bcaa-drink-box-24pcs\\\/#primaryimage\",\"url\":\"https:\\\/\\\/fit360.ee\\\/wp-content\\\/uploads\\\/2017\\\/06\\\/nocco-san-citro-kastiga-fit360.ee-1.jpg\",\"contentUrl\":\"https:\\\/\\\/fit360.ee\\\/wp-content\\\/uploads\\\/2017\\\/06\\\/nocco-san-citro-kastiga-fit360.ee-1.jpg\",\"width\":1865,\"height\":1409,\"caption\":\"nocco san citro kastiga - fit360.ee\"},{\"@type\":\"BreadcrumbList\",\"@id\":\"https:\\\/\\\/fit360.ee\\\/en\\\/pood\\\/product-groups\\\/amino-acids-bcaa\\\/bcaa-en\\\/nocco-bcaa-drink-box-24pcs\\\/#breadcrumb\",\"itemListElement\":[{\"@type\":\"ListItem\",\"position\":1,\"name\":\"Home\",\"item\":\"https:\\\/\\\/fit360.ee\\\/en\\\/\"},{\"@type\":\"ListItem\",\"position\":2,\"name\":\"Shop\",\"item\":\"https:\\\/\\\/fit360.ee\\\/en\\\/shop\\\/\"},{\"@type\":\"ListItem\",\"position\":3,\"name\":\"Nocco BCAA drink (24pcs)\"}]},{\"@type\":\"WebSite\",\"@id\":\"https:\\\/\\\/fit360.ee\\\/en\\\/#website\",\"url\":\"https:\\\/\\\/fit360.ee\\\/en\\\/\",\"name\":\"Fit360\",\"description\":\"\",\"publisher\":{\"@id\":\"https:\\\/\\\/fit360.ee\\\/en\\\/#organization\"},\"potentialAction\":[{\"@type\":\"SearchAction\",\"target\":{\"@type\":\"EntryPoint\",\"urlTemplate\":\"https:\\\/\\\/fit360.ee\\\/en\\\/?s={search_term_string}\"},\"query-input\":{\"@type\":\"PropertyValueSpecification\",\"valueRequired\":true,\"valueName\":\"search_term_string\"}}],\"inLanguage\":\"en-US\"},{\"@type\":\"Organization\",\"@id\":\"https:\\\/\\\/fit360.ee\\\/en\\\/#organization\",\"name\":\"Fit360\",\"url\":\"https:\\\/\\\/fit360.ee\\\/en\\\/\",\"logo\":{\"@type\":\"ImageObject\",\"inLanguage\":\"en-US\",\"@id\":\"https:\\\/\\\/fit360.ee\\\/en\\\/#\\\/schema\\\/logo\\\/image\\\/\",\"url\":\"https:\\\/\\\/fit360.ee\\\/wp-content\\\/uploads\\\/2017\\\/01\\\/logo-fit360.png\",\"contentUrl\":\"https:\\\/\\\/fit360.ee\\\/wp-content\\\/uploads\\\/2017\\\/01\\\/logo-fit360.png\",\"width\":180,\"height\":66,\"caption\":\"Fit360\"},\"image\":{\"@id\":\"https:\\\/\\\/fit360.ee\\\/en\\\/#\\\/schema\\\/logo\\\/image\\\/\"}}]}<\/script>\n<!-- \/ Yoast SEO plugin. -->","yoast_head_json":{"title":"Nocco BCAA kastiga 24tk - NOCCO - Parim hind Eestis - Tarne: 1-3 p\u00e4eva","description":"NOCCO BCAA on funktsionaalne aminohapete ning erinevate vitamiinidega rikastatud jook. K\u00f5ik NOCCO joogid on100% suhkruvabad. Osta kastiga ja s\u00e4\u00e4sta.","robots":{"index":"index","follow":"follow","max-snippet":"max-snippet:-1","max-image-preview":"max-image-preview:large","max-video-preview":"max-video-preview:-1"},"canonical":"https:\/\/fit360.ee\/en\/pood\/product-groups\/amino-acids-bcaa\/bcaa-en\/nocco-bcaa-drink-box-24pcs\/","og_locale":"en_US","og_type":"article","og_title":"Nocco BCAA kastiga 24tk - NOCCO - Parim hind Eestis - Tarne: 1-3 p\u00e4eva","og_description":"NOCCO BCAA on funktsionaalne aminohapete ning erinevate vitamiinidega rikastatud jook. K\u00f5ik NOCCO joogid on100% suhkruvabad. Osta kastiga ja s\u00e4\u00e4sta.","og_url":"https:\/\/fit360.ee\/en\/pood\/product-groups\/amino-acids-bcaa\/bcaa-en\/nocco-bcaa-drink-box-24pcs\/","og_site_name":"Fit360","article_modified_time":"2025-05-12T04:31:16+00:00","og_image":[{"width":1865,"height":1409,"url":"https:\/\/fit360.ee\/wp-content\/uploads\/2017\/06\/nocco-san-citro-kastiga-fit360.ee-1.jpg","type":"image\/jpeg"}],"twitter_card":"summary_large_image","schema":{"@context":"https:\/\/schema.org","@graph":[{"@type":"WebPage","@id":"https:\/\/fit360.ee\/en\/pood\/product-groups\/amino-acids-bcaa\/bcaa-en\/nocco-bcaa-drink-box-24pcs\/","url":"https:\/\/fit360.ee\/en\/pood\/product-groups\/amino-acids-bcaa\/bcaa-en\/nocco-bcaa-drink-box-24pcs\/","name":"Nocco BCAA kastiga 24tk - NOCCO - Parim hind Eestis - Tarne: 1-3 p\u00e4eva","isPartOf":{"@id":"https:\/\/fit360.ee\/en\/#website"},"primaryImageOfPage":{"@id":"https:\/\/fit360.ee\/en\/pood\/product-groups\/amino-acids-bcaa\/bcaa-en\/nocco-bcaa-drink-box-24pcs\/#primaryimage"},"image":{"@id":"https:\/\/fit360.ee\/en\/pood\/product-groups\/amino-acids-bcaa\/bcaa-en\/nocco-bcaa-drink-box-24pcs\/#primaryimage"},"thumbnailUrl":"https:\/\/fit360.ee\/wp-content\/uploads\/2017\/06\/nocco-san-citro-kastiga-fit360.ee-1.jpg","datePublished":"2017-06-26T12:09:12+00:00","dateModified":"2025-05-12T04:31:16+00:00","description":"NOCCO BCAA on funktsionaalne aminohapete ning erinevate vitamiinidega rikastatud jook. K\u00f5ik NOCCO joogid on100% suhkruvabad. Osta kastiga ja s\u00e4\u00e4sta.","breadcrumb":{"@id":"https:\/\/fit360.ee\/en\/pood\/product-groups\/amino-acids-bcaa\/bcaa-en\/nocco-bcaa-drink-box-24pcs\/#breadcrumb"},"inLanguage":"en-US","potentialAction":[{"@type":"ReadAction","target":["https:\/\/fit360.ee\/en\/pood\/product-groups\/amino-acids-bcaa\/bcaa-en\/nocco-bcaa-drink-box-24pcs\/"]}]},{"@type":"ImageObject","inLanguage":"en-US","@id":"https:\/\/fit360.ee\/en\/pood\/product-groups\/amino-acids-bcaa\/bcaa-en\/nocco-bcaa-drink-box-24pcs\/#primaryimage","url":"https:\/\/fit360.ee\/wp-content\/uploads\/2017\/06\/nocco-san-citro-kastiga-fit360.ee-1.jpg","contentUrl":"https:\/\/fit360.ee\/wp-content\/uploads\/2017\/06\/nocco-san-citro-kastiga-fit360.ee-1.jpg","width":1865,"height":1409,"caption":"nocco san citro kastiga - fit360.ee"},{"@type":"BreadcrumbList","@id":"https:\/\/fit360.ee\/en\/pood\/product-groups\/amino-acids-bcaa\/bcaa-en\/nocco-bcaa-drink-box-24pcs\/#breadcrumb","itemListElement":[{"@type":"ListItem","position":1,"name":"Home","item":"https:\/\/fit360.ee\/en\/"},{"@type":"ListItem","position":2,"name":"Shop","item":"https:\/\/fit360.ee\/en\/shop\/"},{"@type":"ListItem","position":3,"name":"Nocco BCAA drink (24pcs)"}]},{"@type":"WebSite","@id":"https:\/\/fit360.ee\/en\/#website","url":"https:\/\/fit360.ee\/en\/","name":"Fit360","description":"","publisher":{"@id":"https:\/\/fit360.ee\/en\/#organization"},"potentialAction":[{"@type":"SearchAction","target":{"@type":"EntryPoint","urlTemplate":"https:\/\/fit360.ee\/en\/?s={search_term_string}"},"query-input":{"@type":"PropertyValueSpecification","valueRequired":true,"valueName":"search_term_string"}}],"inLanguage":"en-US"},{"@type":"Organization","@id":"https:\/\/fit360.ee\/en\/#organization","name":"Fit360","url":"https:\/\/fit360.ee\/en\/","logo":{"@type":"ImageObject","inLanguage":"en-US","@id":"https:\/\/fit360.ee\/en\/#\/schema\/logo\/image\/","url":"https:\/\/fit360.ee\/wp-content\/uploads\/2017\/01\/logo-fit360.png","contentUrl":"https:\/\/fit360.ee\/wp-content\/uploads\/2017\/01\/logo-fit360.png","width":180,"height":66,"caption":"Fit360"},"image":{"@id":"https:\/\/fit360.ee\/en\/#\/schema\/logo\/image\/"}}]}},"_links":{"self":[{"href":"https:\/\/fit360.ee\/en\/wp-json\/wp\/v2\/product\/12350","targetHints":{"allow":["GET"]}}],"collection":[{"href":"https:\/\/fit360.ee\/en\/wp-json\/wp\/v2\/product"}],"about":[{"href":"https:\/\/fit360.ee\/en\/wp-json\/wp\/v2\/types\/product"}],"replies":[{"embeddable":true,"href":"https:\/\/fit360.ee\/en\/wp-json\/wp\/v2\/comments?post=12350"}],"wp:featuredmedia":[{"embeddable":true,"href":"https:\/\/fit360.ee\/en\/wp-json\/wp\/v2\/media\/85636"}],"wp:attachment":[{"href":"https:\/\/fit360.ee\/en\/wp-json\/wp\/v2\/media?parent=12350"}],"wp:term":[{"taxonomy":"product_brand","embeddable":true,"href":"https:\/\/fit360.ee\/en\/wp-json\/wp\/v2\/product_brand?post=12350"},{"taxonomy":"product_cat","embeddable":true,"href":"https:\/\/fit360.ee\/en\/wp-json\/wp\/v2\/product_cat?post=12350"},{"taxonomy":"product_tag","embeddable":true,"href":"https:\/\/fit360.ee\/en\/wp-json\/wp\/v2\/product_tag?post=12350"},{"taxonomy":"giftcard-category","embeddable":true,"href":"https:\/\/fit360.ee\/en\/wp-json\/wp\/v2\/giftcard-category?post=12350"}],"curies":[{"name":"wp","href":"https:\/\/api.w.org\/{rel}","templated":true}]}}