{"id":12459,"date":"2017-07-05T14:50:58","date_gmt":"2017-07-05T12:50:58","guid":{"rendered":"https:\/\/fit360.ee\/?post_type=product&#038;p=12459\/"},"modified":"2025-08-13T07:39:27","modified_gmt":"2025-08-13T05:39:27","slug":"qnt-bcaa-8000-12x700ml","status":"publish","type":"product","link":"https:\/\/fit360.ee\/en\/pood\/product-groups\/amino-acids-bcaa\/bcaa-en\/qnt-bcaa-8000-12x700ml\/","title":{"rendered":"QNT BCAA 8000 (12x700ml)"},"content":{"rendered":"<p><strong>Koostisosad:<\/strong>\u00a0 vesi, BCAA ( L-Leutsiin, L-isoleutsiin, L-valiin), happelisuse regulaatorid: E330\/E331, l\u00f5hna- ja maitseained, s\u00e4ilitusained E202\/E211, sidrunimahl kontsentraadist 0,5%, magusaine: E955, v\u00e4rvained: E105\/E110.<\/p>\n<p><strong>Kasutamine<\/strong>: 1 pudel p\u00e4evas, soovitavalt treeningu ajal v\u00f5i enne\/p\u00e4rast treeningut.<\/p>\n<p><strong>Maitse<\/strong>: sidrun, greip, punase marja<\/p>\n<p><strong>Suurus<\/strong>: 700ml<\/p>\n<table>\n<tbody>\n<tr>\n<td width=\"205\"><strong>Anal\u00fc\u00fcs<\/strong><\/td>\n<td width=\"205\"><strong>700ml<\/strong><\/td>\n<td width=\"205\"><strong>100ml<\/strong><\/td>\n<\/tr>\n<tr>\n<td width=\"205\">Energia<\/td>\n<td width=\"205\">31,9kcal\/133kJ<\/td>\n<td width=\"205\">4,6kcal\/19kJ<\/td>\n<\/tr>\n<tr>\n<td width=\"205\">Rasvad,<\/td>\n<td width=\"205\">0g<\/td>\n<td width=\"205\">0g<\/td>\n<\/tr>\n<tr>\n<td width=\"205\"><em>millest k\u00fcllastunud<\/em><\/td>\n<td width=\"205\">0g<\/td>\n<td width=\"205\">0g<\/td>\n<\/tr>\n<tr>\n<td width=\"205\">S\u00fcsivesikud,<\/td>\n<td width=\"205\">0g<\/td>\n<td width=\"205\">0g<\/td>\n<\/tr>\n<tr>\n<td width=\"205\"><em>millest suhkur<\/em><\/td>\n<td width=\"205\">0g<\/td>\n<td width=\"205\">0g<\/td>\n<\/tr>\n<tr>\n<td width=\"205\">Valgud<\/td>\n<td width=\"205\">8g<\/td>\n<td width=\"205\">1,14g<\/td>\n<\/tr>\n<tr>\n<td width=\"205\">Sool<\/td>\n<td width=\"205\">0g<\/td>\n<td width=\"205\">0g<\/td>\n<\/tr>\n<tr>\n<td width=\"205\">Sidrunimahl<\/td>\n<td width=\"205\">161mg<\/td>\n<td width=\"205\">23mg<\/td>\n<\/tr>\n<tr>\n<td width=\"205\"><strong>Leutsiin<\/strong><\/td>\n<td width=\"205\"><strong>4000mg<\/strong><\/td>\n<td width=\"205\"><strong>571mg<\/strong><\/td>\n<\/tr>\n<tr>\n<td width=\"205\"><strong>Isoleutsiin<\/strong><\/td>\n<td width=\"205\"><strong>2000mg<\/strong><\/td>\n<td width=\"205\"><strong>286mg<\/strong><\/td>\n<\/tr>\n<tr>\n<td width=\"205\"><strong>Valiin<\/strong><\/td>\n<td width=\"205\"><strong>2000mg<\/strong><\/td>\n<td width=\"205\"><strong>286mg<\/strong><\/td>\n<\/tr>\n<\/tbody>\n<\/table>\n<p>&nbsp;<\/p>\n<p>&nbsp;<\/p>\n","protected":false},"excerpt":{"rendered":"<p><strong>BCAA 8000<\/strong>:<\/p>\n<ul>\n<li>K\u00f5rgelt kontsentreeritud L-Leutsiin, L-isoleutsiin ja L-valiin<\/li>\n<li>Hea maitse, tehtud puhtast mahlast<\/li>\n<li>BCAA 2:1:1 suhtega<\/li>\n<li>8000mg BCAA-d pudeli kohta &#8211; rohkem kui sarnastes teise firma toodetes<\/li>\n<li>0g s\u00fcsivesikuid<\/li>\n<\/ul>\n<p><strong>BCAA 8000<\/strong> jook sisaldab suures koguses BCAA-d.\u00a0 BCAA on hargnenud ahelaga aminohapped, mis on vajalikud energia tootmiseks ja lihaste taastamiseks treeningu ajal. Tihti juuakse BCAA-d just treeningu k\u00e4igus, et v\u00e4ltida lihaste \u00fclekoormust. Jook sobib k\u00f5ikide spordialade harrastajatele ning ka niisama tarbimiseks, sest jook sisaldab 0g suhkruid.<\/p>\n<p><strong>OSTA KASTIGA JA S\u00c4\u00c4STA!<\/strong><\/p>\n<p>&nbsp;<\/p>\n","protected":false},"featured_media":53697,"comment_status":"open","ping_status":"closed","template":"","meta":[],"product_brand":[],"product_cat":[520,2299,1072,507,1274],"product_tag":[],"giftcard-category":[],"class_list":{"0":"post-12459","1":"product","2":"type-product","3":"status-publish","4":"has-post-thumbnail","6":"product_cat-amino-acids-bcaa","7":"product_cat-bcaa-en","8":"product_cat-drinks-and-protein-bars-in-bulk","9":"product_cat-supplements-brands-en","10":"product_cat-qnt-en","11":"pa_kogus-greip-en","12":"pa_kogus-punase-marja-en","13":"pa_kogus-sidrun-en","14":"pa_maitse-grape","15":"pa_maitse-lemon","16":"pa_maitse-red-berry","18":"first","19":"instock","20":"taxable","21":"shipping-taxable","22":"product-type-variable"},"yoast_head":"<!-- This site is optimized with the Yoast SEO plugin v27.3 - https:\/\/yoast.com\/product\/yoast-seo-wordpress\/ -->\n<title>QNT BCAA 8000 (12x700ml) - Fit360<\/title>\n<meta name=\"robots\" content=\"index, follow, max-snippet:-1, max-image-preview:large, max-video-preview:-1\" \/>\n<link rel=\"canonical\" href=\"https:\/\/fit360.ee\/en\/pood\/product-groups\/amino-acids-bcaa\/bcaa-en\/qnt-bcaa-8000-12x700ml\/\" \/>\n<meta property=\"og:locale\" content=\"en_US\" \/>\n<meta property=\"og:type\" content=\"article\" \/>\n<meta property=\"og:title\" content=\"QNT BCAA 8000 (12x700ml) - Fit360\" \/>\n<meta property=\"og:description\" content=\"BCAA 8000:   K\u00f5rgelt kontsentreeritud L-Leutsiin, L-isoleutsiin ja L-valiin  Hea maitse, tehtud puhtast mahlast  BCAA 2:1:1 suhtega  8000mg BCAA-d pudeli kohta - rohkem kui sarnastes teise firma toodetes  0g s\u00fcsivesikuid  BCAA 8000 jook sisaldab suures koguses BCAA-d.\u00a0 BCAA on hargnenud ahelaga aminohapped, mis on vajalikud energia tootmiseks ja lihaste taastamiseks treeningu ajal. Tihti juuakse BCAA-d just treeningu k\u00e4igus, et v\u00e4ltida lihaste \u00fclekoormust. Jook sobib k\u00f5ikide spordialade harrastajatele ning ka niisama tarbimiseks, sest jook sisaldab 0g suhkruid.  OSTA KASTIGA JA S\u00c4\u00c4STA!  &nbsp;\" \/>\n<meta property=\"og:url\" content=\"https:\/\/fit360.ee\/en\/pood\/product-groups\/amino-acids-bcaa\/bcaa-en\/qnt-bcaa-8000-12x700ml\/\" \/>\n<meta property=\"og:site_name\" content=\"Fit360\" \/>\n<meta property=\"article:modified_time\" content=\"2025-08-13T05:39:27+00:00\" \/>\n<meta property=\"og:image\" content=\"https:\/\/fit360.ee\/wp-content\/uploads\/2017\/07\/BCAAS-8000-Lemon.jpg\" \/>\n\t<meta property=\"og:image:width\" content=\"1200\" \/>\n\t<meta property=\"og:image:height\" content=\"1200\" \/>\n\t<meta property=\"og:image:type\" content=\"image\/jpeg\" \/>\n<meta name=\"twitter:card\" content=\"summary_large_image\" \/>\n<meta name=\"twitter:label1\" content=\"Est. reading time\" \/>\n\t<meta name=\"twitter:data1\" content=\"1 minute\" \/>\n<script type=\"application\/ld+json\" class=\"yoast-schema-graph\">{\"@context\":\"https:\\\/\\\/schema.org\",\"@graph\":[{\"@type\":\"WebPage\",\"@id\":\"https:\\\/\\\/fit360.ee\\\/en\\\/pood\\\/product-groups\\\/amino-acids-bcaa\\\/bcaa-en\\\/qnt-bcaa-8000-12x700ml\\\/\",\"url\":\"https:\\\/\\\/fit360.ee\\\/en\\\/pood\\\/product-groups\\\/amino-acids-bcaa\\\/bcaa-en\\\/qnt-bcaa-8000-12x700ml\\\/\",\"name\":\"QNT BCAA 8000 (12x700ml) - Fit360\",\"isPartOf\":{\"@id\":\"https:\\\/\\\/fit360.ee\\\/en\\\/#website\"},\"primaryImageOfPage\":{\"@id\":\"https:\\\/\\\/fit360.ee\\\/en\\\/pood\\\/product-groups\\\/amino-acids-bcaa\\\/bcaa-en\\\/qnt-bcaa-8000-12x700ml\\\/#primaryimage\"},\"image\":{\"@id\":\"https:\\\/\\\/fit360.ee\\\/en\\\/pood\\\/product-groups\\\/amino-acids-bcaa\\\/bcaa-en\\\/qnt-bcaa-8000-12x700ml\\\/#primaryimage\"},\"thumbnailUrl\":\"https:\\\/\\\/fit360.ee\\\/wp-content\\\/uploads\\\/2017\\\/07\\\/BCAAS-8000-Lemon.jpg\",\"datePublished\":\"2017-07-05T12:50:58+00:00\",\"dateModified\":\"2025-08-13T05:39:27+00:00\",\"breadcrumb\":{\"@id\":\"https:\\\/\\\/fit360.ee\\\/en\\\/pood\\\/product-groups\\\/amino-acids-bcaa\\\/bcaa-en\\\/qnt-bcaa-8000-12x700ml\\\/#breadcrumb\"},\"inLanguage\":\"en-US\",\"potentialAction\":[{\"@type\":\"ReadAction\",\"target\":[\"https:\\\/\\\/fit360.ee\\\/en\\\/pood\\\/product-groups\\\/amino-acids-bcaa\\\/bcaa-en\\\/qnt-bcaa-8000-12x700ml\\\/\"]}]},{\"@type\":\"ImageObject\",\"inLanguage\":\"en-US\",\"@id\":\"https:\\\/\\\/fit360.ee\\\/en\\\/pood\\\/product-groups\\\/amino-acids-bcaa\\\/bcaa-en\\\/qnt-bcaa-8000-12x700ml\\\/#primaryimage\",\"url\":\"https:\\\/\\\/fit360.ee\\\/wp-content\\\/uploads\\\/2017\\\/07\\\/BCAAS-8000-Lemon.jpg\",\"contentUrl\":\"https:\\\/\\\/fit360.ee\\\/wp-content\\\/uploads\\\/2017\\\/07\\\/BCAAS-8000-Lemon.jpg\",\"width\":1200,\"height\":1200,\"caption\":\"BCAA'S-8000 qnt - fit360.ee\"},{\"@type\":\"BreadcrumbList\",\"@id\":\"https:\\\/\\\/fit360.ee\\\/en\\\/pood\\\/product-groups\\\/amino-acids-bcaa\\\/bcaa-en\\\/qnt-bcaa-8000-12x700ml\\\/#breadcrumb\",\"itemListElement\":[{\"@type\":\"ListItem\",\"position\":1,\"name\":\"Home\",\"item\":\"https:\\\/\\\/fit360.ee\\\/en\\\/\"},{\"@type\":\"ListItem\",\"position\":2,\"name\":\"Shop\",\"item\":\"https:\\\/\\\/fit360.ee\\\/en\\\/shop\\\/\"},{\"@type\":\"ListItem\",\"position\":3,\"name\":\"QNT BCAA 8000 (12x700ml)\"}]},{\"@type\":\"WebSite\",\"@id\":\"https:\\\/\\\/fit360.ee\\\/en\\\/#website\",\"url\":\"https:\\\/\\\/fit360.ee\\\/en\\\/\",\"name\":\"Fit360\",\"description\":\"\",\"publisher\":{\"@id\":\"https:\\\/\\\/fit360.ee\\\/en\\\/#organization\"},\"potentialAction\":[{\"@type\":\"SearchAction\",\"target\":{\"@type\":\"EntryPoint\",\"urlTemplate\":\"https:\\\/\\\/fit360.ee\\\/en\\\/?s={search_term_string}\"},\"query-input\":{\"@type\":\"PropertyValueSpecification\",\"valueRequired\":true,\"valueName\":\"search_term_string\"}}],\"inLanguage\":\"en-US\"},{\"@type\":\"Organization\",\"@id\":\"https:\\\/\\\/fit360.ee\\\/en\\\/#organization\",\"name\":\"Fit360\",\"url\":\"https:\\\/\\\/fit360.ee\\\/en\\\/\",\"logo\":{\"@type\":\"ImageObject\",\"inLanguage\":\"en-US\",\"@id\":\"https:\\\/\\\/fit360.ee\\\/en\\\/#\\\/schema\\\/logo\\\/image\\\/\",\"url\":\"https:\\\/\\\/fit360.ee\\\/wp-content\\\/uploads\\\/2017\\\/01\\\/logo-fit360.png\",\"contentUrl\":\"https:\\\/\\\/fit360.ee\\\/wp-content\\\/uploads\\\/2017\\\/01\\\/logo-fit360.png\",\"width\":180,\"height\":66,\"caption\":\"Fit360\"},\"image\":{\"@id\":\"https:\\\/\\\/fit360.ee\\\/en\\\/#\\\/schema\\\/logo\\\/image\\\/\"}}]}<\/script>\n<!-- \/ Yoast SEO plugin. -->","yoast_head_json":{"title":"QNT BCAA 8000 (12x700ml) - Fit360","robots":{"index":"index","follow":"follow","max-snippet":"max-snippet:-1","max-image-preview":"max-image-preview:large","max-video-preview":"max-video-preview:-1"},"canonical":"https:\/\/fit360.ee\/en\/pood\/product-groups\/amino-acids-bcaa\/bcaa-en\/qnt-bcaa-8000-12x700ml\/","og_locale":"en_US","og_type":"article","og_title":"QNT BCAA 8000 (12x700ml) - Fit360","og_description":"BCAA 8000:   K\u00f5rgelt kontsentreeritud L-Leutsiin, L-isoleutsiin ja L-valiin  Hea maitse, tehtud puhtast mahlast  BCAA 2:1:1 suhtega  8000mg BCAA-d pudeli kohta - rohkem kui sarnastes teise firma toodetes  0g s\u00fcsivesikuid  BCAA 8000 jook sisaldab suures koguses BCAA-d.\u00a0 BCAA on hargnenud ahelaga aminohapped, mis on vajalikud energia tootmiseks ja lihaste taastamiseks treeningu ajal. Tihti juuakse BCAA-d just treeningu k\u00e4igus, et v\u00e4ltida lihaste \u00fclekoormust. Jook sobib k\u00f5ikide spordialade harrastajatele ning ka niisama tarbimiseks, sest jook sisaldab 0g suhkruid.  OSTA KASTIGA JA S\u00c4\u00c4STA!  &nbsp;","og_url":"https:\/\/fit360.ee\/en\/pood\/product-groups\/amino-acids-bcaa\/bcaa-en\/qnt-bcaa-8000-12x700ml\/","og_site_name":"Fit360","article_modified_time":"2025-08-13T05:39:27+00:00","og_image":[{"width":1200,"height":1200,"url":"https:\/\/fit360.ee\/wp-content\/uploads\/2017\/07\/BCAAS-8000-Lemon.jpg","type":"image\/jpeg"}],"twitter_card":"summary_large_image","twitter_misc":{"Est. reading time":"1 minute"},"schema":{"@context":"https:\/\/schema.org","@graph":[{"@type":"WebPage","@id":"https:\/\/fit360.ee\/en\/pood\/product-groups\/amino-acids-bcaa\/bcaa-en\/qnt-bcaa-8000-12x700ml\/","url":"https:\/\/fit360.ee\/en\/pood\/product-groups\/amino-acids-bcaa\/bcaa-en\/qnt-bcaa-8000-12x700ml\/","name":"QNT BCAA 8000 (12x700ml) - Fit360","isPartOf":{"@id":"https:\/\/fit360.ee\/en\/#website"},"primaryImageOfPage":{"@id":"https:\/\/fit360.ee\/en\/pood\/product-groups\/amino-acids-bcaa\/bcaa-en\/qnt-bcaa-8000-12x700ml\/#primaryimage"},"image":{"@id":"https:\/\/fit360.ee\/en\/pood\/product-groups\/amino-acids-bcaa\/bcaa-en\/qnt-bcaa-8000-12x700ml\/#primaryimage"},"thumbnailUrl":"https:\/\/fit360.ee\/wp-content\/uploads\/2017\/07\/BCAAS-8000-Lemon.jpg","datePublished":"2017-07-05T12:50:58+00:00","dateModified":"2025-08-13T05:39:27+00:00","breadcrumb":{"@id":"https:\/\/fit360.ee\/en\/pood\/product-groups\/amino-acids-bcaa\/bcaa-en\/qnt-bcaa-8000-12x700ml\/#breadcrumb"},"inLanguage":"en-US","potentialAction":[{"@type":"ReadAction","target":["https:\/\/fit360.ee\/en\/pood\/product-groups\/amino-acids-bcaa\/bcaa-en\/qnt-bcaa-8000-12x700ml\/"]}]},{"@type":"ImageObject","inLanguage":"en-US","@id":"https:\/\/fit360.ee\/en\/pood\/product-groups\/amino-acids-bcaa\/bcaa-en\/qnt-bcaa-8000-12x700ml\/#primaryimage","url":"https:\/\/fit360.ee\/wp-content\/uploads\/2017\/07\/BCAAS-8000-Lemon.jpg","contentUrl":"https:\/\/fit360.ee\/wp-content\/uploads\/2017\/07\/BCAAS-8000-Lemon.jpg","width":1200,"height":1200,"caption":"BCAA'S-8000 qnt - fit360.ee"},{"@type":"BreadcrumbList","@id":"https:\/\/fit360.ee\/en\/pood\/product-groups\/amino-acids-bcaa\/bcaa-en\/qnt-bcaa-8000-12x700ml\/#breadcrumb","itemListElement":[{"@type":"ListItem","position":1,"name":"Home","item":"https:\/\/fit360.ee\/en\/"},{"@type":"ListItem","position":2,"name":"Shop","item":"https:\/\/fit360.ee\/en\/shop\/"},{"@type":"ListItem","position":3,"name":"QNT BCAA 8000 (12x700ml)"}]},{"@type":"WebSite","@id":"https:\/\/fit360.ee\/en\/#website","url":"https:\/\/fit360.ee\/en\/","name":"Fit360","description":"","publisher":{"@id":"https:\/\/fit360.ee\/en\/#organization"},"potentialAction":[{"@type":"SearchAction","target":{"@type":"EntryPoint","urlTemplate":"https:\/\/fit360.ee\/en\/?s={search_term_string}"},"query-input":{"@type":"PropertyValueSpecification","valueRequired":true,"valueName":"search_term_string"}}],"inLanguage":"en-US"},{"@type":"Organization","@id":"https:\/\/fit360.ee\/en\/#organization","name":"Fit360","url":"https:\/\/fit360.ee\/en\/","logo":{"@type":"ImageObject","inLanguage":"en-US","@id":"https:\/\/fit360.ee\/en\/#\/schema\/logo\/image\/","url":"https:\/\/fit360.ee\/wp-content\/uploads\/2017\/01\/logo-fit360.png","contentUrl":"https:\/\/fit360.ee\/wp-content\/uploads\/2017\/01\/logo-fit360.png","width":180,"height":66,"caption":"Fit360"},"image":{"@id":"https:\/\/fit360.ee\/en\/#\/schema\/logo\/image\/"}}]}},"_links":{"self":[{"href":"https:\/\/fit360.ee\/en\/wp-json\/wp\/v2\/product\/12459","targetHints":{"allow":["GET"]}}],"collection":[{"href":"https:\/\/fit360.ee\/en\/wp-json\/wp\/v2\/product"}],"about":[{"href":"https:\/\/fit360.ee\/en\/wp-json\/wp\/v2\/types\/product"}],"replies":[{"embeddable":true,"href":"https:\/\/fit360.ee\/en\/wp-json\/wp\/v2\/comments?post=12459"}],"wp:featuredmedia":[{"embeddable":true,"href":"https:\/\/fit360.ee\/en\/wp-json\/wp\/v2\/media\/53697"}],"wp:attachment":[{"href":"https:\/\/fit360.ee\/en\/wp-json\/wp\/v2\/media?parent=12459"}],"wp:term":[{"taxonomy":"product_brand","embeddable":true,"href":"https:\/\/fit360.ee\/en\/wp-json\/wp\/v2\/product_brand?post=12459"},{"taxonomy":"product_cat","embeddable":true,"href":"https:\/\/fit360.ee\/en\/wp-json\/wp\/v2\/product_cat?post=12459"},{"taxonomy":"product_tag","embeddable":true,"href":"https:\/\/fit360.ee\/en\/wp-json\/wp\/v2\/product_tag?post=12459"},{"taxonomy":"giftcard-category","embeddable":true,"href":"https:\/\/fit360.ee\/en\/wp-json\/wp\/v2\/giftcard-category?post=12459"}],"curies":[{"name":"wp","href":"https:\/\/api.w.org\/{rel}","templated":true}]}}