{"id":12466,"date":"2017-07-05T14:58:35","date_gmt":"2017-07-05T12:58:35","guid":{"rendered":"https:\/\/fit360.ee\/?post_type=product&#038;p=12466\/"},"modified":"2025-08-13T07:36:42","modified_gmt":"2025-08-13T05:36:42","slug":"qnt-pro-shake-12x500ml","status":"publish","type":"product","link":"https:\/\/fit360.ee\/en\/pood\/product-groups\/drinks-and-protein-bars-in-bulk\/qnt-pro-shake-12x500ml\/","title":{"rendered":"QNT Pro Shake (12x500ml)"},"content":{"rendered":"<p><strong>Koostisosad<\/strong>:\u00a0 l\u00f5ss (90%), piimavalk (8%), vesi, l\u00f5hna- ja maitseained, stabilisaatorid: E460\/E466\/E407, magusaine: E955, v\u00e4rvaine: E101<\/p>\n<p><strong>Kasutamine<\/strong>: S\u00f6\u00f6gikordade vahel v\u00f5i peale treeningut.<\/p>\n<p><strong>Maitsed<\/strong>:\u00a0 \u0161okolaad, maasikas, vanilje<\/p>\n<p><strong>Suurus<\/strong>: 500ml<\/p>\n<p><strong>Allergeenid<\/strong>: piim<\/p>\n<table>\n<tbody>\n<tr>\n<td width=\"205\"><strong>Anal\u00fc\u00fcs<\/strong><\/td>\n<td width=\"205\"><strong>100ml<\/strong><\/td>\n<td width=\"205\"><strong>500ml<\/strong><\/td>\n<\/tr>\n<tr>\n<td width=\"205\">Energia<\/td>\n<td width=\"205\">58kcal\/245kJ<\/td>\n<td width=\"205\">290kcal\/1225kJ<\/td>\n<\/tr>\n<tr>\n<td width=\"205\">Rasvad,<\/td>\n<td width=\"205\">0,2g<\/td>\n<td width=\"205\">1g<\/td>\n<\/tr>\n<tr>\n<td width=\"205\"><em>millest k\u00fcllastunud<\/em><\/td>\n<td width=\"205\">0,1g<\/td>\n<td width=\"205\">0,5g<\/td>\n<\/tr>\n<tr>\n<td width=\"205\">S\u00fcsivesikud,<\/td>\n<td width=\"205\">4g<\/td>\n<td width=\"205\">20g<\/td>\n<\/tr>\n<tr>\n<td width=\"205\"><em>millest suhkur<\/em><\/td>\n<td width=\"205\">4g<\/td>\n<td width=\"205\">20g<\/td>\n<\/tr>\n<tr>\n<td width=\"205\"><strong>Valgud<\/strong><\/td>\n<td width=\"205\"><strong>10g<\/strong><\/td>\n<td width=\"205\"><strong>50g<\/strong><\/td>\n<\/tr>\n<tr>\n<td width=\"205\">Sool<\/td>\n<td width=\"205\">0,18g<\/td>\n<td width=\"205\">0,9g<\/td>\n<\/tr>\n<tr>\n<td width=\"205\">Vitamiin B6<\/td>\n<td width=\"205\">0,07mg<\/td>\n<td width=\"205\">0,35mg**<\/td>\n<\/tr>\n<tr>\n<td width=\"205\">L-Leutsiin<\/td>\n<td width=\"205\">620mg<\/td>\n<td width=\"205\">3100mg<\/td>\n<\/tr>\n<tr>\n<td width=\"205\">L-isoleutsiin<\/td>\n<td width=\"205\">390mg<\/td>\n<td width=\"205\">1950mg<\/td>\n<\/tr>\n<tr>\n<td width=\"205\">L-Valiin<\/td>\n<td width=\"205\">400mg<\/td>\n<td width=\"205\">2000mg<\/td>\n<\/tr>\n<\/tbody>\n<\/table>\n<p>&nbsp;<\/p>\n","protected":false},"excerpt":{"rendered":"<p><strong>PRO SHAKE<\/strong>:<\/p>\n<ul>\n<li>50g valku pudeli kohta<\/li>\n<li>Ainult naturaalselt piimas esinevad suhkrud<\/li>\n<li>Sobib toidukorra asenduseks<\/li>\n<li>Kvaliteetne treeningj\u00e4rgne taastamine<\/li>\n<li>Pole lisatuid suhkruid<\/li>\n<li>7g BCAA-d serveeringu kohta<\/li>\n<li>Segu vadaku- ja kaseiinivalgust.<\/li>\n<\/ul>\n<p>Maitsev <strong>Pro Shake<\/strong> sisaldab 50g valku. Pro Shake on segu vadaku- ja kaseiinivalgust.\u00a0 <strong>Pro Shake<\/strong> pole lisatud \u00fchtegi grammi suhkrut, mis teeb joogi lihtsasti seeditavaks ning ei tekita k\u00f5hus puhitustunnet.\u00a0 Pro shake sisaldab 7g BCAA-si naturaalsetest allikatest.<\/p>\n<p><strong>OSTA KASTIGA JA S\u00c4\u00c4STA!<\/strong><\/p>\n","protected":false},"featured_media":11870,"comment_status":"open","ping_status":"closed","template":"","meta":[],"product_brand":[],"product_cat":[1072,507,1274],"product_tag":[],"giftcard-category":[],"class_list":{"0":"post-12466","1":"product","2":"type-product","3":"status-publish","4":"has-post-thumbnail","6":"product_cat-drinks-and-protein-bars-in-bulk","7":"product_cat-supplements-brands-en","8":"product_cat-qnt-en","9":"pa_maitse-chocolate","10":"pa_maitse-vanilli","12":"first","13":"outofstock","14":"sale","15":"taxable","16":"shipping-taxable","17":"purchasable","18":"product-type-variable"},"yoast_head":"<!-- This site is optimized with the Yoast SEO plugin v27.3 - https:\/\/yoast.com\/product\/yoast-seo-wordpress\/ -->\n<title>QNT Pro Shake (12x500ml) - Fit360<\/title>\n<meta name=\"robots\" content=\"index, follow, max-snippet:-1, max-image-preview:large, max-video-preview:-1\" \/>\n<link rel=\"canonical\" href=\"https:\/\/fit360.ee\/en\/pood\/product-groups\/drinks-and-protein-bars-in-bulk\/qnt-pro-shake-12x500ml\/\" \/>\n<meta property=\"og:locale\" content=\"en_US\" \/>\n<meta property=\"og:type\" content=\"article\" \/>\n<meta property=\"og:title\" content=\"QNT Pro Shake (12x500ml) - Fit360\" \/>\n<meta property=\"og:description\" content=\"PRO SHAKE:   50g valku pudeli kohta  Ainult naturaalselt piimas esinevad suhkrud  Sobib toidukorra asenduseks  Kvaliteetne treeningj\u00e4rgne taastamine  Pole lisatuid suhkruid  7g BCAA-d serveeringu kohta  Segu vadaku- ja kaseiinivalgust.  Maitsev Pro Shake sisaldab 50g valku. Pro Shake on segu vadaku- ja kaseiinivalgust.\u00a0 Pro Shake pole lisatud \u00fchtegi grammi suhkrut, mis teeb joogi lihtsasti seeditavaks ning ei tekita k\u00f5hus puhitustunnet.\u00a0 Pro shake sisaldab 7g BCAA-si naturaalsetest allikatest.  OSTA KASTIGA JA S\u00c4\u00c4STA!\" \/>\n<meta property=\"og:url\" content=\"https:\/\/fit360.ee\/en\/pood\/product-groups\/drinks-and-protein-bars-in-bulk\/qnt-pro-shake-12x500ml\/\" \/>\n<meta property=\"og:site_name\" content=\"Fit360\" \/>\n<meta property=\"article:modified_time\" content=\"2025-08-13T05:36:42+00:00\" \/>\n<meta property=\"og:image\" content=\"https:\/\/fit360.ee\/wp-content\/uploads\/2017\/05\/pro-shake-maasika.jpg\" \/>\n\t<meta property=\"og:image:width\" content=\"600\" \/>\n\t<meta property=\"og:image:height\" content=\"600\" \/>\n\t<meta property=\"og:image:type\" content=\"image\/jpeg\" \/>\n<meta name=\"twitter:card\" content=\"summary_large_image\" \/>\n<meta name=\"twitter:label1\" content=\"Est. reading time\" \/>\n\t<meta name=\"twitter:data1\" content=\"1 minute\" \/>\n<script type=\"application\/ld+json\" class=\"yoast-schema-graph\">{\"@context\":\"https:\\\/\\\/schema.org\",\"@graph\":[{\"@type\":\"WebPage\",\"@id\":\"https:\\\/\\\/fit360.ee\\\/en\\\/pood\\\/product-groups\\\/drinks-and-protein-bars-in-bulk\\\/qnt-pro-shake-12x500ml\\\/\",\"url\":\"https:\\\/\\\/fit360.ee\\\/en\\\/pood\\\/product-groups\\\/drinks-and-protein-bars-in-bulk\\\/qnt-pro-shake-12x500ml\\\/\",\"name\":\"QNT Pro Shake (12x500ml) - Fit360\",\"isPartOf\":{\"@id\":\"https:\\\/\\\/fit360.ee\\\/en\\\/#website\"},\"primaryImageOfPage\":{\"@id\":\"https:\\\/\\\/fit360.ee\\\/en\\\/pood\\\/product-groups\\\/drinks-and-protein-bars-in-bulk\\\/qnt-pro-shake-12x500ml\\\/#primaryimage\"},\"image\":{\"@id\":\"https:\\\/\\\/fit360.ee\\\/en\\\/pood\\\/product-groups\\\/drinks-and-protein-bars-in-bulk\\\/qnt-pro-shake-12x500ml\\\/#primaryimage\"},\"thumbnailUrl\":\"https:\\\/\\\/fit360.ee\\\/wp-content\\\/uploads\\\/2017\\\/05\\\/pro-shake-maasika.jpg\",\"datePublished\":\"2017-07-05T12:58:35+00:00\",\"dateModified\":\"2025-08-13T05:36:42+00:00\",\"breadcrumb\":{\"@id\":\"https:\\\/\\\/fit360.ee\\\/en\\\/pood\\\/product-groups\\\/drinks-and-protein-bars-in-bulk\\\/qnt-pro-shake-12x500ml\\\/#breadcrumb\"},\"inLanguage\":\"en-US\",\"potentialAction\":[{\"@type\":\"ReadAction\",\"target\":[\"https:\\\/\\\/fit360.ee\\\/en\\\/pood\\\/product-groups\\\/drinks-and-protein-bars-in-bulk\\\/qnt-pro-shake-12x500ml\\\/\"]}]},{\"@type\":\"ImageObject\",\"inLanguage\":\"en-US\",\"@id\":\"https:\\\/\\\/fit360.ee\\\/en\\\/pood\\\/product-groups\\\/drinks-and-protein-bars-in-bulk\\\/qnt-pro-shake-12x500ml\\\/#primaryimage\",\"url\":\"https:\\\/\\\/fit360.ee\\\/wp-content\\\/uploads\\\/2017\\\/05\\\/pro-shake-maasika.jpg\",\"contentUrl\":\"https:\\\/\\\/fit360.ee\\\/wp-content\\\/uploads\\\/2017\\\/05\\\/pro-shake-maasika.jpg\",\"width\":600,\"height\":600},{\"@type\":\"BreadcrumbList\",\"@id\":\"https:\\\/\\\/fit360.ee\\\/en\\\/pood\\\/product-groups\\\/drinks-and-protein-bars-in-bulk\\\/qnt-pro-shake-12x500ml\\\/#breadcrumb\",\"itemListElement\":[{\"@type\":\"ListItem\",\"position\":1,\"name\":\"Home\",\"item\":\"https:\\\/\\\/fit360.ee\\\/en\\\/\"},{\"@type\":\"ListItem\",\"position\":2,\"name\":\"Shop\",\"item\":\"https:\\\/\\\/fit360.ee\\\/en\\\/shop\\\/\"},{\"@type\":\"ListItem\",\"position\":3,\"name\":\"QNT Pro Shake (12x500ml)\"}]},{\"@type\":\"WebSite\",\"@id\":\"https:\\\/\\\/fit360.ee\\\/en\\\/#website\",\"url\":\"https:\\\/\\\/fit360.ee\\\/en\\\/\",\"name\":\"Fit360\",\"description\":\"\",\"publisher\":{\"@id\":\"https:\\\/\\\/fit360.ee\\\/en\\\/#organization\"},\"potentialAction\":[{\"@type\":\"SearchAction\",\"target\":{\"@type\":\"EntryPoint\",\"urlTemplate\":\"https:\\\/\\\/fit360.ee\\\/en\\\/?s={search_term_string}\"},\"query-input\":{\"@type\":\"PropertyValueSpecification\",\"valueRequired\":true,\"valueName\":\"search_term_string\"}}],\"inLanguage\":\"en-US\"},{\"@type\":\"Organization\",\"@id\":\"https:\\\/\\\/fit360.ee\\\/en\\\/#organization\",\"name\":\"Fit360\",\"url\":\"https:\\\/\\\/fit360.ee\\\/en\\\/\",\"logo\":{\"@type\":\"ImageObject\",\"inLanguage\":\"en-US\",\"@id\":\"https:\\\/\\\/fit360.ee\\\/en\\\/#\\\/schema\\\/logo\\\/image\\\/\",\"url\":\"https:\\\/\\\/fit360.ee\\\/wp-content\\\/uploads\\\/2017\\\/01\\\/logo-fit360.png\",\"contentUrl\":\"https:\\\/\\\/fit360.ee\\\/wp-content\\\/uploads\\\/2017\\\/01\\\/logo-fit360.png\",\"width\":180,\"height\":66,\"caption\":\"Fit360\"},\"image\":{\"@id\":\"https:\\\/\\\/fit360.ee\\\/en\\\/#\\\/schema\\\/logo\\\/image\\\/\"}}]}<\/script>\n<!-- \/ Yoast SEO plugin. -->","yoast_head_json":{"title":"QNT Pro Shake (12x500ml) - Fit360","robots":{"index":"index","follow":"follow","max-snippet":"max-snippet:-1","max-image-preview":"max-image-preview:large","max-video-preview":"max-video-preview:-1"},"canonical":"https:\/\/fit360.ee\/en\/pood\/product-groups\/drinks-and-protein-bars-in-bulk\/qnt-pro-shake-12x500ml\/","og_locale":"en_US","og_type":"article","og_title":"QNT Pro Shake (12x500ml) - Fit360","og_description":"PRO SHAKE:   50g valku pudeli kohta  Ainult naturaalselt piimas esinevad suhkrud  Sobib toidukorra asenduseks  Kvaliteetne treeningj\u00e4rgne taastamine  Pole lisatuid suhkruid  7g BCAA-d serveeringu kohta  Segu vadaku- ja kaseiinivalgust.  Maitsev Pro Shake sisaldab 50g valku. Pro Shake on segu vadaku- ja kaseiinivalgust.\u00a0 Pro Shake pole lisatud \u00fchtegi grammi suhkrut, mis teeb joogi lihtsasti seeditavaks ning ei tekita k\u00f5hus puhitustunnet.\u00a0 Pro shake sisaldab 7g BCAA-si naturaalsetest allikatest.  OSTA KASTIGA JA S\u00c4\u00c4STA!","og_url":"https:\/\/fit360.ee\/en\/pood\/product-groups\/drinks-and-protein-bars-in-bulk\/qnt-pro-shake-12x500ml\/","og_site_name":"Fit360","article_modified_time":"2025-08-13T05:36:42+00:00","og_image":[{"width":600,"height":600,"url":"https:\/\/fit360.ee\/wp-content\/uploads\/2017\/05\/pro-shake-maasika.jpg","type":"image\/jpeg"}],"twitter_card":"summary_large_image","twitter_misc":{"Est. reading time":"1 minute"},"schema":{"@context":"https:\/\/schema.org","@graph":[{"@type":"WebPage","@id":"https:\/\/fit360.ee\/en\/pood\/product-groups\/drinks-and-protein-bars-in-bulk\/qnt-pro-shake-12x500ml\/","url":"https:\/\/fit360.ee\/en\/pood\/product-groups\/drinks-and-protein-bars-in-bulk\/qnt-pro-shake-12x500ml\/","name":"QNT Pro Shake (12x500ml) - Fit360","isPartOf":{"@id":"https:\/\/fit360.ee\/en\/#website"},"primaryImageOfPage":{"@id":"https:\/\/fit360.ee\/en\/pood\/product-groups\/drinks-and-protein-bars-in-bulk\/qnt-pro-shake-12x500ml\/#primaryimage"},"image":{"@id":"https:\/\/fit360.ee\/en\/pood\/product-groups\/drinks-and-protein-bars-in-bulk\/qnt-pro-shake-12x500ml\/#primaryimage"},"thumbnailUrl":"https:\/\/fit360.ee\/wp-content\/uploads\/2017\/05\/pro-shake-maasika.jpg","datePublished":"2017-07-05T12:58:35+00:00","dateModified":"2025-08-13T05:36:42+00:00","breadcrumb":{"@id":"https:\/\/fit360.ee\/en\/pood\/product-groups\/drinks-and-protein-bars-in-bulk\/qnt-pro-shake-12x500ml\/#breadcrumb"},"inLanguage":"en-US","potentialAction":[{"@type":"ReadAction","target":["https:\/\/fit360.ee\/en\/pood\/product-groups\/drinks-and-protein-bars-in-bulk\/qnt-pro-shake-12x500ml\/"]}]},{"@type":"ImageObject","inLanguage":"en-US","@id":"https:\/\/fit360.ee\/en\/pood\/product-groups\/drinks-and-protein-bars-in-bulk\/qnt-pro-shake-12x500ml\/#primaryimage","url":"https:\/\/fit360.ee\/wp-content\/uploads\/2017\/05\/pro-shake-maasika.jpg","contentUrl":"https:\/\/fit360.ee\/wp-content\/uploads\/2017\/05\/pro-shake-maasika.jpg","width":600,"height":600},{"@type":"BreadcrumbList","@id":"https:\/\/fit360.ee\/en\/pood\/product-groups\/drinks-and-protein-bars-in-bulk\/qnt-pro-shake-12x500ml\/#breadcrumb","itemListElement":[{"@type":"ListItem","position":1,"name":"Home","item":"https:\/\/fit360.ee\/en\/"},{"@type":"ListItem","position":2,"name":"Shop","item":"https:\/\/fit360.ee\/en\/shop\/"},{"@type":"ListItem","position":3,"name":"QNT Pro Shake (12x500ml)"}]},{"@type":"WebSite","@id":"https:\/\/fit360.ee\/en\/#website","url":"https:\/\/fit360.ee\/en\/","name":"Fit360","description":"","publisher":{"@id":"https:\/\/fit360.ee\/en\/#organization"},"potentialAction":[{"@type":"SearchAction","target":{"@type":"EntryPoint","urlTemplate":"https:\/\/fit360.ee\/en\/?s={search_term_string}"},"query-input":{"@type":"PropertyValueSpecification","valueRequired":true,"valueName":"search_term_string"}}],"inLanguage":"en-US"},{"@type":"Organization","@id":"https:\/\/fit360.ee\/en\/#organization","name":"Fit360","url":"https:\/\/fit360.ee\/en\/","logo":{"@type":"ImageObject","inLanguage":"en-US","@id":"https:\/\/fit360.ee\/en\/#\/schema\/logo\/image\/","url":"https:\/\/fit360.ee\/wp-content\/uploads\/2017\/01\/logo-fit360.png","contentUrl":"https:\/\/fit360.ee\/wp-content\/uploads\/2017\/01\/logo-fit360.png","width":180,"height":66,"caption":"Fit360"},"image":{"@id":"https:\/\/fit360.ee\/en\/#\/schema\/logo\/image\/"}}]}},"_links":{"self":[{"href":"https:\/\/fit360.ee\/en\/wp-json\/wp\/v2\/product\/12466","targetHints":{"allow":["GET"]}}],"collection":[{"href":"https:\/\/fit360.ee\/en\/wp-json\/wp\/v2\/product"}],"about":[{"href":"https:\/\/fit360.ee\/en\/wp-json\/wp\/v2\/types\/product"}],"replies":[{"embeddable":true,"href":"https:\/\/fit360.ee\/en\/wp-json\/wp\/v2\/comments?post=12466"}],"wp:featuredmedia":[{"embeddable":true,"href":"https:\/\/fit360.ee\/en\/wp-json\/wp\/v2\/media\/11870"}],"wp:attachment":[{"href":"https:\/\/fit360.ee\/en\/wp-json\/wp\/v2\/media?parent=12466"}],"wp:term":[{"taxonomy":"product_brand","embeddable":true,"href":"https:\/\/fit360.ee\/en\/wp-json\/wp\/v2\/product_brand?post=12466"},{"taxonomy":"product_cat","embeddable":true,"href":"https:\/\/fit360.ee\/en\/wp-json\/wp\/v2\/product_cat?post=12466"},{"taxonomy":"product_tag","embeddable":true,"href":"https:\/\/fit360.ee\/en\/wp-json\/wp\/v2\/product_tag?post=12466"},{"taxonomy":"giftcard-category","embeddable":true,"href":"https:\/\/fit360.ee\/en\/wp-json\/wp\/v2\/giftcard-category?post=12466"}],"curies":[{"name":"wp","href":"https:\/\/api.w.org\/{rel}","templated":true}]}}