{"id":12849,"date":"2017-08-07T11:24:29","date_gmt":"2017-08-07T09:24:29","guid":{"rendered":"https:\/\/fit360.ee\/?post_type=product&#038;p=12849\/"},"modified":"2022-03-30T11:51:01","modified_gmt":"2022-03-30T09:51:01","slug":"proactive-protein80-700g","status":"publish","type":"product","link":"https:\/\/fit360.ee\/en\/pood\/product-groups\/protein-poweders-en\/whey-protein-en\/proactive-protein80-700g\/","title":{"rendered":"ProActive Protein80 (700g)"},"content":{"rendered":"<p><strong>INGREDIENTS<\/strong>: Protein (whey concentrate from milk\u00a043%, hydrolysed wheatprotein, milkprotein 14%), low fat cocoa powder, flavouring, citric acid, L-ascorbic acid, nicotineamid, DL-alfa-tokoferylatcetate, calcium D-panthoneate,\u00a0thiamine mononitrate, riboflavine, pyrodioksyhydroclorate, D-biotine, pteroylmonoglutamineacid, cyanocobalamine, soy-lecitine (without GMO), <strong>Sweetneres<\/strong>: atsesulphame, kalium, sucralone; coloring: v\u00e4rvained: beetroot powder (strawberry flavor), beta carotine (vanilla, strawberry, cookies flavor), caramel powder (caramel, chocolate-peanut flavor), black carrot extract (vanilla-blueberry flavor).<\/p>\n<p><strong>How to use<\/strong>: Mix 30g with 250 ml water or milk. Drink up to 2 times a day. Do not exceed daily consumption. Spoon inside pacage.<\/p>\n<p><strong>Size<\/strong>: 700g &#8211; ~23 servings<\/p>\n<p>Keep in dry cool place, away from direct sunlight and away from children!<\/p>\n<p>This product is not intended to diagnose, treat, cure or prevent any disease!\u00a0Consult your doctor before using the product!\u00a0\u00a0The product does not replace varied and balanced nutrition.\u00a0It comes from a factory that works with milk, egg and hazelnut soybeans.<\/p>\n<table width=\"430\">\n<tbody>\n<tr>\n<td width=\"194\"><strong>Analysis<\/strong><\/td>\n<td width=\"132\"><strong>100g<\/strong><\/td>\n<td width=\"104\"><strong>30g<\/strong><\/td>\n<\/tr>\n<tr>\n<td width=\"194\">Energy<\/td>\n<td width=\"132\">378kcal \/ 1607 kJ<\/td>\n<td width=\"104\">113 kcal \/ 482 kJ<\/td>\n<\/tr>\n<tr>\n<td width=\"194\">Fats,<\/td>\n<td width=\"132\">3,7g<\/td>\n<td width=\"104\">1,1g<\/td>\n<\/tr>\n<tr>\n<td width=\"194\"><em>Saturated<\/em><\/td>\n<td width=\"132\">2,1g<\/td>\n<td width=\"104\">0,6g<\/td>\n<\/tr>\n<tr>\n<td width=\"194\">Carbs,<\/td>\n<td width=\"132\">8,1g<\/td>\n<td width=\"104\">2,4g<\/td>\n<\/tr>\n<tr>\n<td width=\"194\"><em>sugar<\/em><\/td>\n<td width=\"132\">5,4g<\/td>\n<td width=\"104\">1,6g<\/td>\n<\/tr>\n<tr>\n<td width=\"194\">Fiber<\/td>\n<td width=\"132\">0,8g<\/td>\n<td width=\"104\">0,24g<\/td>\n<\/tr>\n<tr>\n<td width=\"194\">Protein<\/td>\n<td width=\"132\">78g<\/td>\n<td width=\"104\">23,4g<\/td>\n<\/tr>\n<tr>\n<td width=\"194\">Salt<\/td>\n<td width=\"132\">1,4g<\/td>\n<td width=\"104\">0,42g<\/td>\n<\/tr>\n<\/tbody>\n<\/table>\n<p>&nbsp;<\/p>\n<table style=\"height: 412px;\" width=\"426\">\n<tbody>\n<tr>\n<td width=\"100\"><strong>Analysis<\/strong><\/td>\n<td width=\"61\"><strong>\u00a0100g\u00a0<\/strong><\/td>\n<td width=\"51\"><strong>%SPK<\/strong><\/td>\n<\/tr>\n<tr>\n<td width=\"100\">Vitamin C<\/td>\n<td width=\"61\">20mg<\/td>\n<td width=\"51\">25%<\/td>\n<\/tr>\n<tr>\n<td width=\"100\">Vitamin E<\/td>\n<td width=\"61\">3mg<\/td>\n<td width=\"51\">25%<\/td>\n<\/tr>\n<tr>\n<td width=\"100\">Panthonic acid<\/td>\n<td width=\"61\">1,5mg<\/td>\n<td width=\"51\">25%<\/td>\n<\/tr>\n<tr>\n<td width=\"100\">Vitamin B6<\/td>\n<td width=\"61\">0,35mg<\/td>\n<td width=\"51\">25%<\/td>\n<\/tr>\n<tr>\n<td width=\"100\">Riboflavin<\/td>\n<td width=\"61\">0,35mg<\/td>\n<td width=\"51\">25%<\/td>\n<\/tr>\n<tr>\n<td width=\"100\">Tiamin<\/td>\n<td width=\"61\">0,275mg<\/td>\n<td width=\"51\">25%<\/td>\n<\/tr>\n<tr>\n<td width=\"100\">Pholic acid<\/td>\n<td width=\"61\">50mcg<\/td>\n<td width=\"51\">25%<\/td>\n<\/tr>\n<tr>\n<td width=\"100\">Biotine<\/td>\n<td width=\"61\">12,5mcg<\/td>\n<td width=\"51\">25%<\/td>\n<\/tr>\n<tr>\n<td width=\"100\">Vitamin B12<\/td>\n<td width=\"61\">0,625mcg<\/td>\n<td width=\"51\">25%<\/td>\n<\/tr>\n<\/tbody>\n<\/table>\n","protected":false},"excerpt":{"rendered":"<p><strong>Protein 80:<\/strong><\/p>\n<ul>\n<li>2 different sources of protein &#8211; regular whey protein and hydrolised protein!<\/li>\n<li>Great tastes!<\/li>\n<li>78% protein in 100g<\/li>\n<li>Rich in vitamins!<\/li>\n<li>Low in calories!<\/li>\n<\/ul>\n<p><strong>ProActive Protein<\/strong> is a great protein and vitamin composition for professional athletes or athletes who have an increasing demand for protein and vitamins.<\/p>\n","protected":false},"featured_media":12848,"comment_status":"open","ping_status":"closed","template":"","meta":[],"product_brand":[],"product_cat":[1326,535,2420],"product_tag":[1711,1668,1670],"giftcard-category":[],"class_list":{"0":"post-12849","1":"product","2":"type-product","3":"status-publish","4":"has-post-thumbnail","6":"product_cat-proactive-en","7":"product_cat-protein-poweders-en","8":"product_cat-whey-protein-en","9":"product_tag-proteiin-en","10":"product_tag-proteiinipulber-en","11":"product_tag-valgupulber-en","12":"pa_maitse-coconut","13":"pa_maitse-cookie","14":"pa_maitse-latte-en","15":"pa_maitse-strawberry-banana","16":"pa_maitse-strawberry-vanili","17":"pa_maitse-vannili-creamy","19":"first","20":"outofstock","21":"taxable","22":"shipping-taxable","23":"product-type-simple"},"yoast_head":"<!-- This site is optimized with the Yoast SEO plugin v27.3 - https:\/\/yoast.com\/product\/yoast-seo-wordpress\/ -->\n<title>ProActive Protein80 (700g) - Soodne proteiinipulber - Kvaliteet valgusegu<\/title>\n<meta name=\"description\" content=\"Protein 80 on suurep\u00e4rane taime- ja vadakuvalgu segu. 78% proteiini sisaldus. Suurep\u00e4rased maitsed! \u00dclikiire kauba tarne: 1-3 p\u00e4eva.\" \/>\n<meta name=\"robots\" content=\"index, follow, max-snippet:-1, max-image-preview:large, max-video-preview:-1\" \/>\n<link rel=\"canonical\" href=\"https:\/\/fit360.ee\/en\/pood\/product-groups\/protein-poweders-en\/whey-protein-en\/proactive-protein80-700g\/\" \/>\n<meta property=\"og:locale\" content=\"en_US\" \/>\n<meta property=\"og:type\" content=\"article\" \/>\n<meta property=\"og:title\" content=\"ProActive Protein80 (700g) - Soodne proteiinipulber - Kvaliteet valgusegu\" \/>\n<meta property=\"og:description\" content=\"Protein 80 on suurep\u00e4rane taime- ja vadakuvalgu segu. 78% proteiini sisaldus. Suurep\u00e4rased maitsed! \u00dclikiire kauba tarne: 1-3 p\u00e4eva.\" \/>\n<meta property=\"og:url\" content=\"https:\/\/fit360.ee\/en\/pood\/product-groups\/protein-poweders-en\/whey-protein-en\/proactive-protein80-700g\/\" \/>\n<meta property=\"og:site_name\" content=\"Fit360\" \/>\n<meta property=\"article:modified_time\" content=\"2022-03-30T09:51:01+00:00\" \/>\n<meta property=\"og:image\" content=\"https:\/\/fit360.ee\/wp-content\/uploads\/2017\/08\/proactivr-protein80.jpg\" \/>\n\t<meta property=\"og:image:width\" content=\"800\" \/>\n\t<meta property=\"og:image:height\" content=\"800\" \/>\n\t<meta property=\"og:image:type\" content=\"image\/jpeg\" \/>\n<meta name=\"twitter:card\" content=\"summary_large_image\" \/>\n<meta name=\"twitter:label1\" content=\"Est. reading time\" \/>\n\t<meta name=\"twitter:data1\" content=\"1 minute\" \/>\n<script type=\"application\/ld+json\" class=\"yoast-schema-graph\">{\"@context\":\"https:\\\/\\\/schema.org\",\"@graph\":[{\"@type\":\"WebPage\",\"@id\":\"https:\\\/\\\/fit360.ee\\\/en\\\/pood\\\/product-groups\\\/protein-poweders-en\\\/whey-protein-en\\\/proactive-protein80-700g\\\/\",\"url\":\"https:\\\/\\\/fit360.ee\\\/en\\\/pood\\\/product-groups\\\/protein-poweders-en\\\/whey-protein-en\\\/proactive-protein80-700g\\\/\",\"name\":\"ProActive Protein80 (700g) - Soodne proteiinipulber - Kvaliteet valgusegu\",\"isPartOf\":{\"@id\":\"https:\\\/\\\/fit360.ee\\\/en\\\/#website\"},\"primaryImageOfPage\":{\"@id\":\"https:\\\/\\\/fit360.ee\\\/en\\\/pood\\\/product-groups\\\/protein-poweders-en\\\/whey-protein-en\\\/proactive-protein80-700g\\\/#primaryimage\"},\"image\":{\"@id\":\"https:\\\/\\\/fit360.ee\\\/en\\\/pood\\\/product-groups\\\/protein-poweders-en\\\/whey-protein-en\\\/proactive-protein80-700g\\\/#primaryimage\"},\"thumbnailUrl\":\"https:\\\/\\\/fit360.ee\\\/wp-content\\\/uploads\\\/2017\\\/08\\\/proactivr-protein80.jpg\",\"datePublished\":\"2017-08-07T09:24:29+00:00\",\"dateModified\":\"2022-03-30T09:51:01+00:00\",\"description\":\"Protein 80 on suurep\u00e4rane taime- ja vadakuvalgu segu. 78% proteiini sisaldus. Suurep\u00e4rased maitsed! \u00dclikiire kauba tarne: 1-3 p\u00e4eva.\",\"breadcrumb\":{\"@id\":\"https:\\\/\\\/fit360.ee\\\/en\\\/pood\\\/product-groups\\\/protein-poweders-en\\\/whey-protein-en\\\/proactive-protein80-700g\\\/#breadcrumb\"},\"inLanguage\":\"en-US\",\"potentialAction\":[{\"@type\":\"ReadAction\",\"target\":[\"https:\\\/\\\/fit360.ee\\\/en\\\/pood\\\/product-groups\\\/protein-poweders-en\\\/whey-protein-en\\\/proactive-protein80-700g\\\/\"]}]},{\"@type\":\"ImageObject\",\"inLanguage\":\"en-US\",\"@id\":\"https:\\\/\\\/fit360.ee\\\/en\\\/pood\\\/product-groups\\\/protein-poweders-en\\\/whey-protein-en\\\/proactive-protein80-700g\\\/#primaryimage\",\"url\":\"https:\\\/\\\/fit360.ee\\\/wp-content\\\/uploads\\\/2017\\\/08\\\/proactivr-protein80.jpg\",\"contentUrl\":\"https:\\\/\\\/fit360.ee\\\/wp-content\\\/uploads\\\/2017\\\/08\\\/proactivr-protein80.jpg\",\"width\":800,\"height\":800,\"caption\":\"kvaliteet proteiinipulber\"},{\"@type\":\"BreadcrumbList\",\"@id\":\"https:\\\/\\\/fit360.ee\\\/en\\\/pood\\\/product-groups\\\/protein-poweders-en\\\/whey-protein-en\\\/proactive-protein80-700g\\\/#breadcrumb\",\"itemListElement\":[{\"@type\":\"ListItem\",\"position\":1,\"name\":\"Home\",\"item\":\"https:\\\/\\\/fit360.ee\\\/en\\\/\"},{\"@type\":\"ListItem\",\"position\":2,\"name\":\"Shop\",\"item\":\"https:\\\/\\\/fit360.ee\\\/en\\\/shop\\\/\"},{\"@type\":\"ListItem\",\"position\":3,\"name\":\"ProActive Protein80 (700g)\"}]},{\"@type\":\"WebSite\",\"@id\":\"https:\\\/\\\/fit360.ee\\\/en\\\/#website\",\"url\":\"https:\\\/\\\/fit360.ee\\\/en\\\/\",\"name\":\"Fit360\",\"description\":\"\",\"publisher\":{\"@id\":\"https:\\\/\\\/fit360.ee\\\/en\\\/#organization\"},\"potentialAction\":[{\"@type\":\"SearchAction\",\"target\":{\"@type\":\"EntryPoint\",\"urlTemplate\":\"https:\\\/\\\/fit360.ee\\\/en\\\/?s={search_term_string}\"},\"query-input\":{\"@type\":\"PropertyValueSpecification\",\"valueRequired\":true,\"valueName\":\"search_term_string\"}}],\"inLanguage\":\"en-US\"},{\"@type\":\"Organization\",\"@id\":\"https:\\\/\\\/fit360.ee\\\/en\\\/#organization\",\"name\":\"Fit360\",\"url\":\"https:\\\/\\\/fit360.ee\\\/en\\\/\",\"logo\":{\"@type\":\"ImageObject\",\"inLanguage\":\"en-US\",\"@id\":\"https:\\\/\\\/fit360.ee\\\/en\\\/#\\\/schema\\\/logo\\\/image\\\/\",\"url\":\"https:\\\/\\\/fit360.ee\\\/wp-content\\\/uploads\\\/2017\\\/01\\\/logo-fit360.png\",\"contentUrl\":\"https:\\\/\\\/fit360.ee\\\/wp-content\\\/uploads\\\/2017\\\/01\\\/logo-fit360.png\",\"width\":180,\"height\":66,\"caption\":\"Fit360\"},\"image\":{\"@id\":\"https:\\\/\\\/fit360.ee\\\/en\\\/#\\\/schema\\\/logo\\\/image\\\/\"}}]}<\/script>\n<!-- \/ Yoast SEO plugin. -->","yoast_head_json":{"title":"ProActive Protein80 (700g) - Soodne proteiinipulber - Kvaliteet valgusegu","description":"Protein 80 on suurep\u00e4rane taime- ja vadakuvalgu segu. 78% proteiini sisaldus. Suurep\u00e4rased maitsed! \u00dclikiire kauba tarne: 1-3 p\u00e4eva.","robots":{"index":"index","follow":"follow","max-snippet":"max-snippet:-1","max-image-preview":"max-image-preview:large","max-video-preview":"max-video-preview:-1"},"canonical":"https:\/\/fit360.ee\/en\/pood\/product-groups\/protein-poweders-en\/whey-protein-en\/proactive-protein80-700g\/","og_locale":"en_US","og_type":"article","og_title":"ProActive Protein80 (700g) - Soodne proteiinipulber - Kvaliteet valgusegu","og_description":"Protein 80 on suurep\u00e4rane taime- ja vadakuvalgu segu. 78% proteiini sisaldus. Suurep\u00e4rased maitsed! \u00dclikiire kauba tarne: 1-3 p\u00e4eva.","og_url":"https:\/\/fit360.ee\/en\/pood\/product-groups\/protein-poweders-en\/whey-protein-en\/proactive-protein80-700g\/","og_site_name":"Fit360","article_modified_time":"2022-03-30T09:51:01+00:00","og_image":[{"width":800,"height":800,"url":"https:\/\/fit360.ee\/wp-content\/uploads\/2017\/08\/proactivr-protein80.jpg","type":"image\/jpeg"}],"twitter_card":"summary_large_image","twitter_misc":{"Est. reading time":"1 minute"},"schema":{"@context":"https:\/\/schema.org","@graph":[{"@type":"WebPage","@id":"https:\/\/fit360.ee\/en\/pood\/product-groups\/protein-poweders-en\/whey-protein-en\/proactive-protein80-700g\/","url":"https:\/\/fit360.ee\/en\/pood\/product-groups\/protein-poweders-en\/whey-protein-en\/proactive-protein80-700g\/","name":"ProActive Protein80 (700g) - Soodne proteiinipulber - Kvaliteet valgusegu","isPartOf":{"@id":"https:\/\/fit360.ee\/en\/#website"},"primaryImageOfPage":{"@id":"https:\/\/fit360.ee\/en\/pood\/product-groups\/protein-poweders-en\/whey-protein-en\/proactive-protein80-700g\/#primaryimage"},"image":{"@id":"https:\/\/fit360.ee\/en\/pood\/product-groups\/protein-poweders-en\/whey-protein-en\/proactive-protein80-700g\/#primaryimage"},"thumbnailUrl":"https:\/\/fit360.ee\/wp-content\/uploads\/2017\/08\/proactivr-protein80.jpg","datePublished":"2017-08-07T09:24:29+00:00","dateModified":"2022-03-30T09:51:01+00:00","description":"Protein 80 on suurep\u00e4rane taime- ja vadakuvalgu segu. 78% proteiini sisaldus. Suurep\u00e4rased maitsed! \u00dclikiire kauba tarne: 1-3 p\u00e4eva.","breadcrumb":{"@id":"https:\/\/fit360.ee\/en\/pood\/product-groups\/protein-poweders-en\/whey-protein-en\/proactive-protein80-700g\/#breadcrumb"},"inLanguage":"en-US","potentialAction":[{"@type":"ReadAction","target":["https:\/\/fit360.ee\/en\/pood\/product-groups\/protein-poweders-en\/whey-protein-en\/proactive-protein80-700g\/"]}]},{"@type":"ImageObject","inLanguage":"en-US","@id":"https:\/\/fit360.ee\/en\/pood\/product-groups\/protein-poweders-en\/whey-protein-en\/proactive-protein80-700g\/#primaryimage","url":"https:\/\/fit360.ee\/wp-content\/uploads\/2017\/08\/proactivr-protein80.jpg","contentUrl":"https:\/\/fit360.ee\/wp-content\/uploads\/2017\/08\/proactivr-protein80.jpg","width":800,"height":800,"caption":"kvaliteet proteiinipulber"},{"@type":"BreadcrumbList","@id":"https:\/\/fit360.ee\/en\/pood\/product-groups\/protein-poweders-en\/whey-protein-en\/proactive-protein80-700g\/#breadcrumb","itemListElement":[{"@type":"ListItem","position":1,"name":"Home","item":"https:\/\/fit360.ee\/en\/"},{"@type":"ListItem","position":2,"name":"Shop","item":"https:\/\/fit360.ee\/en\/shop\/"},{"@type":"ListItem","position":3,"name":"ProActive Protein80 (700g)"}]},{"@type":"WebSite","@id":"https:\/\/fit360.ee\/en\/#website","url":"https:\/\/fit360.ee\/en\/","name":"Fit360","description":"","publisher":{"@id":"https:\/\/fit360.ee\/en\/#organization"},"potentialAction":[{"@type":"SearchAction","target":{"@type":"EntryPoint","urlTemplate":"https:\/\/fit360.ee\/en\/?s={search_term_string}"},"query-input":{"@type":"PropertyValueSpecification","valueRequired":true,"valueName":"search_term_string"}}],"inLanguage":"en-US"},{"@type":"Organization","@id":"https:\/\/fit360.ee\/en\/#organization","name":"Fit360","url":"https:\/\/fit360.ee\/en\/","logo":{"@type":"ImageObject","inLanguage":"en-US","@id":"https:\/\/fit360.ee\/en\/#\/schema\/logo\/image\/","url":"https:\/\/fit360.ee\/wp-content\/uploads\/2017\/01\/logo-fit360.png","contentUrl":"https:\/\/fit360.ee\/wp-content\/uploads\/2017\/01\/logo-fit360.png","width":180,"height":66,"caption":"Fit360"},"image":{"@id":"https:\/\/fit360.ee\/en\/#\/schema\/logo\/image\/"}}]}},"_links":{"self":[{"href":"https:\/\/fit360.ee\/en\/wp-json\/wp\/v2\/product\/12849","targetHints":{"allow":["GET"]}}],"collection":[{"href":"https:\/\/fit360.ee\/en\/wp-json\/wp\/v2\/product"}],"about":[{"href":"https:\/\/fit360.ee\/en\/wp-json\/wp\/v2\/types\/product"}],"replies":[{"embeddable":true,"href":"https:\/\/fit360.ee\/en\/wp-json\/wp\/v2\/comments?post=12849"}],"wp:featuredmedia":[{"embeddable":true,"href":"https:\/\/fit360.ee\/en\/wp-json\/wp\/v2\/media\/12848"}],"wp:attachment":[{"href":"https:\/\/fit360.ee\/en\/wp-json\/wp\/v2\/media?parent=12849"}],"wp:term":[{"taxonomy":"product_brand","embeddable":true,"href":"https:\/\/fit360.ee\/en\/wp-json\/wp\/v2\/product_brand?post=12849"},{"taxonomy":"product_cat","embeddable":true,"href":"https:\/\/fit360.ee\/en\/wp-json\/wp\/v2\/product_cat?post=12849"},{"taxonomy":"product_tag","embeddable":true,"href":"https:\/\/fit360.ee\/en\/wp-json\/wp\/v2\/product_tag?post=12849"},{"taxonomy":"giftcard-category","embeddable":true,"href":"https:\/\/fit360.ee\/en\/wp-json\/wp\/v2\/giftcard-category?post=12849"}],"curies":[{"name":"wp","href":"https:\/\/api.w.org\/{rel}","templated":true}]}}