{"id":14075,"date":"2017-10-04T13:17:44","date_gmt":"2017-10-04T11:17:44","guid":{"rendered":"https:\/\/fit360.ee\/pood\/uncategorized\/hydrobeef-isolate-1kg\/"},"modified":"2025-11-11T10:30:54","modified_gmt":"2025-11-11T08:30:54","slug":"hydrobeef-isolate-1kg","status":"publish","type":"product","link":"https:\/\/fit360.ee\/en\/pood\/product-groups\/protein-poweders-en\/beef-protein-en\/hydrobeef-isolate-1kg\/","title":{"rendered":"HydroBEEF Isolate (1KG)"},"content":{"rendered":"<p><strong>Ingredients<\/strong> (not flavored ):<strong>\u00a0<\/strong>Pure HydroBEEF\u2122 Isolate without\u00a0additives.<\/p>\n<p><strong>NB!<\/strong> In its pure form, it is a relatively neutral taste with 97% protein powder, containing almost no fat and zero carbohydrates. Suitable for various beverages and meals, but in pure form the shaker creates more foam than usual.<\/p>\n<p><strong>HOw to use<\/strong>: Mix 25g-40g with 200ml-400ml\u00a0 swater or milk Drink up to 3x a day.<\/p>\n<p><strong>Suurus<\/strong>: 1kg<\/p>\n<p>&nbsp;<\/p>\n<table width=\"100%\">\n<tbody>\n<tr>\n<td width=\"96\"><strong>Analysis:<\/strong><\/td>\n<td width=\"72\"><strong>25g<\/strong><\/td>\n<td width=\"93\"><strong>100g<\/strong><\/td>\n<td width=\"78\"><\/td>\n<\/tr>\n<tr>\n<td width=\"96\">Energy (kJ\/kcal)<\/td>\n<td width=\"72\">437\/102<\/td>\n<td width=\"93\">1750\/410<\/td>\n<td width=\"78\"><\/td>\n<\/tr>\n<tr>\n<td width=\"96\">Protein(g)<\/td>\n<td width=\"72\">24,25<\/td>\n<td width=\"93\">97,0<\/td>\n<td width=\"78\"><\/td>\n<\/tr>\n<tr>\n<td width=\"96\">Carbs(g)<\/td>\n<td width=\"72\">0,00<\/td>\n<td width=\"93\">0,0<\/td>\n<td width=\"78\"><\/td>\n<\/tr>\n<tr>\n<td width=\"96\">sugars<\/td>\n<td width=\"72\">0,00<\/td>\n<td width=\"93\">0,0<\/td>\n<td width=\"78\">Netto weight:<\/td>\n<\/tr>\n<tr>\n<td width=\"96\">Fat(g)<\/td>\n<td width=\"72\">0,50<\/td>\n<td width=\"93\">2,0<\/td>\n<td rowspan=\"3\" width=\"78\">1 KG<\/td>\n<\/tr>\n<tr>\n<td width=\"96\">Saturated fat .<\/td>\n<td width=\"72\">0,23<\/td>\n<td width=\"93\">0,9<\/td>\n<\/tr>\n<tr>\n<td width=\"96\">Salt (g)<\/td>\n<td width=\"72\">0,50<\/td>\n<td width=\"93\">2,0<\/td>\n<\/tr>\n<tr>\n<td><strong>Amino acid:<\/strong><\/td>\n<td colspan=\"3\"><strong>(g\/100g) (Essential)\u00a0 \/\/\/BCAA<\/strong><\/td>\n<\/tr>\n<tr>\n<td width=\"96\">Alanine<\/td>\n<td width=\"72\">8,80<\/td>\n<td width=\"93\">Lysine*<\/td>\n<td width=\"78\">3,80<\/td>\n<\/tr>\n<tr>\n<td width=\"96\">Arginine<\/td>\n<td width=\"72\">7,50<\/td>\n<td width=\"93\">Methionine*<\/td>\n<td width=\"78\">0,90<\/td>\n<\/tr>\n<tr>\n<td width=\"96\">Aspargin acid<\/td>\n<td width=\"72\">6,00<\/td>\n<td width=\"93\">Fenylalanine*<\/td>\n<td width=\"78\">2,30<\/td>\n<\/tr>\n<tr>\n<td width=\"96\">Cysteine<\/td>\n<td width=\"72\">0,10<\/td>\n<td width=\"93\">Proline<\/td>\n<td width=\"78\">12,00<\/td>\n<\/tr>\n<tr>\n<td width=\"96\">Glutamine acid<\/td>\n<td width=\"72\">11,00<\/td>\n<td width=\"93\">Serine<\/td>\n<td width=\"78\">3,40<\/td>\n<\/tr>\n<tr>\n<td width=\"96\">Glycine<\/td>\n<td width=\"72\">20,00<\/td>\n<td width=\"93\">Treonine*<\/td>\n<td width=\"78\">2,10<\/td>\n<\/tr>\n<tr>\n<td width=\"96\">Histidine*<\/td>\n<td width=\"72\">1,10<\/td>\n<td width=\"93\">Tryptophane*<\/td>\n<td width=\"78\">0,36<\/td>\n<\/tr>\n<tr>\n<td width=\"96\">Iso-leucine*\/\/\/<\/td>\n<td width=\"72\">1,70<\/td>\n<td width=\"93\">Tyrosine<\/td>\n<td width=\"78\">1,30<\/td>\n<\/tr>\n<tr>\n<td width=\"96\">Leucine*\/\/\/<\/td>\n<td width=\"72\">3,70<\/td>\n<td width=\"93\">Valine*\/\/\/<\/td>\n<td width=\"78\">3,00<\/td>\n<\/tr>\n<\/tbody>\n<\/table>\n<p>HydroBEEF \u2122 is a multi-step peptide form and contains leucine, isoleucine and valine, which are bulky branched amino acids (BCAAs), which are essential for muscle growth and development. BCAA helps to reduce muscle fatigue during exercise, provides muscle cells with energy and therefore, recovery is faster after exercise. Scientific studies have also compared proteins derived from beef protein from milk and showed that the animals tested increased muscle mass with beef protein more then with milk proteins. And even if they were given a smaller amount of protein from beef! HydroBEEF \u2122 is a whole new evolutionary level in post-exercise recovery and muscle building!<\/p>\n","protected":false},"excerpt":{"rendered":"<p>Strength &amp; Speed &#8211; Key Words for Muscle Development! You already know that beef is the best source for protein needed for muscle growth. But how do you get it in an adequate amount and quickly? The answer is ICONFIT HydroBEEF Isolate!<\/p>\n<p>&#8211; Highly Protein HydroBEEF \u2122 Isolate.<\/p>\n<p>&#8211; 97% protein not flavored and more than 87% flavored variation<\/p>\n<p>&#8211; High quality protein source of high quality absorption.<\/p>\n<p>&#8211; Lactose free, Soybean free.<\/p>\n<p>ICONFIT HydroBEEF \u2122 Isolate gives you only the best and most useful parts of the beef &#8211; it&#8217;s the perfect protein that is completely free from hormone-derived natural beef. The advantage of this product is a cleaner manufacturing process without any chemicals. Instead, high pressure and temperature are used to obtain the necessary useful parts by hydrolysis. After several hydrolysis and filtration steps, the resulting mass is dried and HydroBEEF \u2122 is prepared which contains all the necessary nutrients, peptides, amino acids, vitamins and minerals. Thanks to the specially developed production process, you can easily digest and dissolve and absorb rapidly.<\/p>\n<p>HydroBEEF \u2122not flavored contain a massive 97% protein! It has low calories, fat and zero carbohydrates. It is also more easily digestible and achievable, for example whey protein from milk. In the flavored variants, we have also added Orafti \u2122 inulin to the digestive juice of the chicken root and tasted the mixture super-delicious!<\/p>\n<p>&nbsp;<\/p>\n","protected":false},"featured_media":19813,"comment_status":"open","ping_status":"closed","template":"","meta":[],"product_brand":[],"product_cat":[520,2299,2763,2331,1318,535],"product_tag":[1711,1668,1670],"giftcard-category":[],"class_list":{"0":"post-14075","1":"product","2":"type-product","3":"status-publish","4":"has-post-thumbnail","6":"product_cat-amino-acids-bcaa","7":"product_cat-bcaa-en","8":"product_cat-beef-protein-en","9":"product_cat-essential-amino-acids-eaa-en","10":"product_cat-iconfit-en","11":"product_cat-protein-poweders-en","12":"product_tag-proteiin-en","13":"product_tag-proteiinipulber-en","14":"product_tag-valgupulber-en","15":"pa_maitse-chocolate","16":"pa_maitse-natural","18":"first","19":"instock","20":"sale","21":"taxable","22":"shipping-taxable","23":"purchasable","24":"product-type-variable"},"yoast_head":"<!-- This site is optimized with the Yoast SEO plugin v27.3 - https:\/\/yoast.com\/product\/yoast-seo-wordpress\/ -->\n<title>Hydro Beef Isolate 1kg - Soodne lihavalgu allikas 22,90\u20ac\/kg - Laktoosivaba<\/title>\n<meta name=\"description\" content=\"Hydro Beef Isolate on puhas 97% proteiinipulber. 0g s\u00fcsivesikuid, v\u00e4he kaloreid ja \u00fclikiire imendumine. Kiire kauba tarne: 1-3 p\u00e4eva.\" \/>\n<meta name=\"robots\" content=\"index, follow, max-snippet:-1, max-image-preview:large, max-video-preview:-1\" \/>\n<link rel=\"canonical\" href=\"https:\/\/fit360.ee\/en\/pood\/product-groups\/protein-poweders-en\/beef-protein-en\/hydrobeef-isolate-1kg\/\" \/>\n<meta property=\"og:locale\" content=\"en_US\" \/>\n<meta property=\"og:type\" content=\"article\" \/>\n<meta property=\"og:title\" content=\"Hydro Beef Isolate 1kg - Soodne lihavalgu allikas 22,90\u20ac\/kg - Laktoosivaba\" \/>\n<meta property=\"og:description\" content=\"Hydro Beef Isolate on puhas 97% proteiinipulber. 0g s\u00fcsivesikuid, v\u00e4he kaloreid ja \u00fclikiire imendumine. Kiire kauba tarne: 1-3 p\u00e4eva.\" \/>\n<meta property=\"og:url\" content=\"https:\/\/fit360.ee\/en\/pood\/product-groups\/protein-poweders-en\/beef-protein-en\/hydrobeef-isolate-1kg\/\" \/>\n<meta property=\"og:site_name\" content=\"Fit360\" \/>\n<meta property=\"article:modified_time\" content=\"2025-11-11T08:30:54+00:00\" \/>\n<meta property=\"og:image\" content=\"https:\/\/fit360.ee\/wp-content\/uploads\/2017\/10\/hydro-beef-isolate-700px.jpg\" \/>\n\t<meta property=\"og:image:width\" content=\"700\" \/>\n\t<meta property=\"og:image:height\" content=\"700\" \/>\n\t<meta property=\"og:image:type\" content=\"image\/jpeg\" \/>\n<meta name=\"twitter:card\" content=\"summary_large_image\" \/>\n<meta name=\"twitter:label1\" content=\"Est. reading time\" \/>\n\t<meta name=\"twitter:data1\" content=\"1 minute\" \/>\n<script type=\"application\/ld+json\" class=\"yoast-schema-graph\">{\"@context\":\"https:\\\/\\\/schema.org\",\"@graph\":[{\"@type\":\"WebPage\",\"@id\":\"https:\\\/\\\/fit360.ee\\\/en\\\/pood\\\/product-groups\\\/protein-poweders-en\\\/beef-protein-en\\\/hydrobeef-isolate-1kg\\\/\",\"url\":\"https:\\\/\\\/fit360.ee\\\/en\\\/pood\\\/product-groups\\\/protein-poweders-en\\\/beef-protein-en\\\/hydrobeef-isolate-1kg\\\/\",\"name\":\"Hydro Beef Isolate 1kg - Soodne lihavalgu allikas 22,90\u20ac\\\/kg - Laktoosivaba\",\"isPartOf\":{\"@id\":\"https:\\\/\\\/fit360.ee\\\/en\\\/#website\"},\"primaryImageOfPage\":{\"@id\":\"https:\\\/\\\/fit360.ee\\\/en\\\/pood\\\/product-groups\\\/protein-poweders-en\\\/beef-protein-en\\\/hydrobeef-isolate-1kg\\\/#primaryimage\"},\"image\":{\"@id\":\"https:\\\/\\\/fit360.ee\\\/en\\\/pood\\\/product-groups\\\/protein-poweders-en\\\/beef-protein-en\\\/hydrobeef-isolate-1kg\\\/#primaryimage\"},\"thumbnailUrl\":\"https:\\\/\\\/fit360.ee\\\/wp-content\\\/uploads\\\/2017\\\/10\\\/hydro-beef-isolate-700px.jpg\",\"datePublished\":\"2017-10-04T11:17:44+00:00\",\"dateModified\":\"2025-11-11T08:30:54+00:00\",\"description\":\"Hydro Beef Isolate on puhas 97% proteiinipulber. 0g s\u00fcsivesikuid, v\u00e4he kaloreid ja \u00fclikiire imendumine. Kiire kauba tarne: 1-3 p\u00e4eva.\",\"breadcrumb\":{\"@id\":\"https:\\\/\\\/fit360.ee\\\/en\\\/pood\\\/product-groups\\\/protein-poweders-en\\\/beef-protein-en\\\/hydrobeef-isolate-1kg\\\/#breadcrumb\"},\"inLanguage\":\"en-US\",\"potentialAction\":[{\"@type\":\"ReadAction\",\"target\":[\"https:\\\/\\\/fit360.ee\\\/en\\\/pood\\\/product-groups\\\/protein-poweders-en\\\/beef-protein-en\\\/hydrobeef-isolate-1kg\\\/\"]}]},{\"@type\":\"ImageObject\",\"inLanguage\":\"en-US\",\"@id\":\"https:\\\/\\\/fit360.ee\\\/en\\\/pood\\\/product-groups\\\/protein-poweders-en\\\/beef-protein-en\\\/hydrobeef-isolate-1kg\\\/#primaryimage\",\"url\":\"https:\\\/\\\/fit360.ee\\\/wp-content\\\/uploads\\\/2017\\\/10\\\/hydro-beef-isolate-700px.jpg\",\"contentUrl\":\"https:\\\/\\\/fit360.ee\\\/wp-content\\\/uploads\\\/2017\\\/10\\\/hydro-beef-isolate-700px.jpg\",\"width\":700,\"height\":700,\"caption\":\"Iconfit beef isolate lihavalk - fit360.ee\"},{\"@type\":\"BreadcrumbList\",\"@id\":\"https:\\\/\\\/fit360.ee\\\/en\\\/pood\\\/product-groups\\\/protein-poweders-en\\\/beef-protein-en\\\/hydrobeef-isolate-1kg\\\/#breadcrumb\",\"itemListElement\":[{\"@type\":\"ListItem\",\"position\":1,\"name\":\"Home\",\"item\":\"https:\\\/\\\/fit360.ee\\\/en\\\/\"},{\"@type\":\"ListItem\",\"position\":2,\"name\":\"Shop\",\"item\":\"https:\\\/\\\/fit360.ee\\\/en\\\/shop\\\/\"},{\"@type\":\"ListItem\",\"position\":3,\"name\":\"HydroBEEF Isolate (1KG)\"}]},{\"@type\":\"WebSite\",\"@id\":\"https:\\\/\\\/fit360.ee\\\/en\\\/#website\",\"url\":\"https:\\\/\\\/fit360.ee\\\/en\\\/\",\"name\":\"Fit360\",\"description\":\"\",\"publisher\":{\"@id\":\"https:\\\/\\\/fit360.ee\\\/en\\\/#organization\"},\"potentialAction\":[{\"@type\":\"SearchAction\",\"target\":{\"@type\":\"EntryPoint\",\"urlTemplate\":\"https:\\\/\\\/fit360.ee\\\/en\\\/?s={search_term_string}\"},\"query-input\":{\"@type\":\"PropertyValueSpecification\",\"valueRequired\":true,\"valueName\":\"search_term_string\"}}],\"inLanguage\":\"en-US\"},{\"@type\":\"Organization\",\"@id\":\"https:\\\/\\\/fit360.ee\\\/en\\\/#organization\",\"name\":\"Fit360\",\"url\":\"https:\\\/\\\/fit360.ee\\\/en\\\/\",\"logo\":{\"@type\":\"ImageObject\",\"inLanguage\":\"en-US\",\"@id\":\"https:\\\/\\\/fit360.ee\\\/en\\\/#\\\/schema\\\/logo\\\/image\\\/\",\"url\":\"https:\\\/\\\/fit360.ee\\\/wp-content\\\/uploads\\\/2017\\\/01\\\/logo-fit360.png\",\"contentUrl\":\"https:\\\/\\\/fit360.ee\\\/wp-content\\\/uploads\\\/2017\\\/01\\\/logo-fit360.png\",\"width\":180,\"height\":66,\"caption\":\"Fit360\"},\"image\":{\"@id\":\"https:\\\/\\\/fit360.ee\\\/en\\\/#\\\/schema\\\/logo\\\/image\\\/\"}}]}<\/script>\n<!-- \/ Yoast SEO plugin. -->","yoast_head_json":{"title":"Hydro Beef Isolate 1kg - Soodne lihavalgu allikas 22,90\u20ac\/kg - Laktoosivaba","description":"Hydro Beef Isolate on puhas 97% proteiinipulber. 0g s\u00fcsivesikuid, v\u00e4he kaloreid ja \u00fclikiire imendumine. Kiire kauba tarne: 1-3 p\u00e4eva.","robots":{"index":"index","follow":"follow","max-snippet":"max-snippet:-1","max-image-preview":"max-image-preview:large","max-video-preview":"max-video-preview:-1"},"canonical":"https:\/\/fit360.ee\/en\/pood\/product-groups\/protein-poweders-en\/beef-protein-en\/hydrobeef-isolate-1kg\/","og_locale":"en_US","og_type":"article","og_title":"Hydro Beef Isolate 1kg - Soodne lihavalgu allikas 22,90\u20ac\/kg - Laktoosivaba","og_description":"Hydro Beef Isolate on puhas 97% proteiinipulber. 0g s\u00fcsivesikuid, v\u00e4he kaloreid ja \u00fclikiire imendumine. Kiire kauba tarne: 1-3 p\u00e4eva.","og_url":"https:\/\/fit360.ee\/en\/pood\/product-groups\/protein-poweders-en\/beef-protein-en\/hydrobeef-isolate-1kg\/","og_site_name":"Fit360","article_modified_time":"2025-11-11T08:30:54+00:00","og_image":[{"width":700,"height":700,"url":"https:\/\/fit360.ee\/wp-content\/uploads\/2017\/10\/hydro-beef-isolate-700px.jpg","type":"image\/jpeg"}],"twitter_card":"summary_large_image","twitter_misc":{"Est. reading time":"1 minute"},"schema":{"@context":"https:\/\/schema.org","@graph":[{"@type":"WebPage","@id":"https:\/\/fit360.ee\/en\/pood\/product-groups\/protein-poweders-en\/beef-protein-en\/hydrobeef-isolate-1kg\/","url":"https:\/\/fit360.ee\/en\/pood\/product-groups\/protein-poweders-en\/beef-protein-en\/hydrobeef-isolate-1kg\/","name":"Hydro Beef Isolate 1kg - Soodne lihavalgu allikas 22,90\u20ac\/kg - Laktoosivaba","isPartOf":{"@id":"https:\/\/fit360.ee\/en\/#website"},"primaryImageOfPage":{"@id":"https:\/\/fit360.ee\/en\/pood\/product-groups\/protein-poweders-en\/beef-protein-en\/hydrobeef-isolate-1kg\/#primaryimage"},"image":{"@id":"https:\/\/fit360.ee\/en\/pood\/product-groups\/protein-poweders-en\/beef-protein-en\/hydrobeef-isolate-1kg\/#primaryimage"},"thumbnailUrl":"https:\/\/fit360.ee\/wp-content\/uploads\/2017\/10\/hydro-beef-isolate-700px.jpg","datePublished":"2017-10-04T11:17:44+00:00","dateModified":"2025-11-11T08:30:54+00:00","description":"Hydro Beef Isolate on puhas 97% proteiinipulber. 0g s\u00fcsivesikuid, v\u00e4he kaloreid ja \u00fclikiire imendumine. Kiire kauba tarne: 1-3 p\u00e4eva.","breadcrumb":{"@id":"https:\/\/fit360.ee\/en\/pood\/product-groups\/protein-poweders-en\/beef-protein-en\/hydrobeef-isolate-1kg\/#breadcrumb"},"inLanguage":"en-US","potentialAction":[{"@type":"ReadAction","target":["https:\/\/fit360.ee\/en\/pood\/product-groups\/protein-poweders-en\/beef-protein-en\/hydrobeef-isolate-1kg\/"]}]},{"@type":"ImageObject","inLanguage":"en-US","@id":"https:\/\/fit360.ee\/en\/pood\/product-groups\/protein-poweders-en\/beef-protein-en\/hydrobeef-isolate-1kg\/#primaryimage","url":"https:\/\/fit360.ee\/wp-content\/uploads\/2017\/10\/hydro-beef-isolate-700px.jpg","contentUrl":"https:\/\/fit360.ee\/wp-content\/uploads\/2017\/10\/hydro-beef-isolate-700px.jpg","width":700,"height":700,"caption":"Iconfit beef isolate lihavalk - fit360.ee"},{"@type":"BreadcrumbList","@id":"https:\/\/fit360.ee\/en\/pood\/product-groups\/protein-poweders-en\/beef-protein-en\/hydrobeef-isolate-1kg\/#breadcrumb","itemListElement":[{"@type":"ListItem","position":1,"name":"Home","item":"https:\/\/fit360.ee\/en\/"},{"@type":"ListItem","position":2,"name":"Shop","item":"https:\/\/fit360.ee\/en\/shop\/"},{"@type":"ListItem","position":3,"name":"HydroBEEF Isolate (1KG)"}]},{"@type":"WebSite","@id":"https:\/\/fit360.ee\/en\/#website","url":"https:\/\/fit360.ee\/en\/","name":"Fit360","description":"","publisher":{"@id":"https:\/\/fit360.ee\/en\/#organization"},"potentialAction":[{"@type":"SearchAction","target":{"@type":"EntryPoint","urlTemplate":"https:\/\/fit360.ee\/en\/?s={search_term_string}"},"query-input":{"@type":"PropertyValueSpecification","valueRequired":true,"valueName":"search_term_string"}}],"inLanguage":"en-US"},{"@type":"Organization","@id":"https:\/\/fit360.ee\/en\/#organization","name":"Fit360","url":"https:\/\/fit360.ee\/en\/","logo":{"@type":"ImageObject","inLanguage":"en-US","@id":"https:\/\/fit360.ee\/en\/#\/schema\/logo\/image\/","url":"https:\/\/fit360.ee\/wp-content\/uploads\/2017\/01\/logo-fit360.png","contentUrl":"https:\/\/fit360.ee\/wp-content\/uploads\/2017\/01\/logo-fit360.png","width":180,"height":66,"caption":"Fit360"},"image":{"@id":"https:\/\/fit360.ee\/en\/#\/schema\/logo\/image\/"}}]}},"_links":{"self":[{"href":"https:\/\/fit360.ee\/en\/wp-json\/wp\/v2\/product\/14075","targetHints":{"allow":["GET"]}}],"collection":[{"href":"https:\/\/fit360.ee\/en\/wp-json\/wp\/v2\/product"}],"about":[{"href":"https:\/\/fit360.ee\/en\/wp-json\/wp\/v2\/types\/product"}],"replies":[{"embeddable":true,"href":"https:\/\/fit360.ee\/en\/wp-json\/wp\/v2\/comments?post=14075"}],"wp:featuredmedia":[{"embeddable":true,"href":"https:\/\/fit360.ee\/en\/wp-json\/wp\/v2\/media\/19813"}],"wp:attachment":[{"href":"https:\/\/fit360.ee\/en\/wp-json\/wp\/v2\/media?parent=14075"}],"wp:term":[{"taxonomy":"product_brand","embeddable":true,"href":"https:\/\/fit360.ee\/en\/wp-json\/wp\/v2\/product_brand?post=14075"},{"taxonomy":"product_cat","embeddable":true,"href":"https:\/\/fit360.ee\/en\/wp-json\/wp\/v2\/product_cat?post=14075"},{"taxonomy":"product_tag","embeddable":true,"href":"https:\/\/fit360.ee\/en\/wp-json\/wp\/v2\/product_tag?post=14075"},{"taxonomy":"giftcard-category","embeddable":true,"href":"https:\/\/fit360.ee\/en\/wp-json\/wp\/v2\/giftcard-category?post=14075"}],"curies":[{"name":"wp","href":"https:\/\/api.w.org\/{rel}","templated":true}]}}