{"id":14266,"date":"2017-10-23T11:42:20","date_gmt":"2017-10-23T09:42:20","guid":{"rendered":"https:\/\/fit360.ee\/pood\/uncategorized\/proactive-isolate-supreme-500g\/"},"modified":"2021-11-17T10:09:56","modified_gmt":"2021-11-17T08:09:56","slug":"proactive-isolate-supreme-500g","status":"publish","type":"product","link":"https:\/\/fit360.ee\/en\/pood\/product-groups\/protein-poweders-en\/whey-protein-en\/proactive-isolate-supreme-500g\/","title":{"rendered":"ProActive Isolate Supreme (500g)"},"content":{"rendered":"<p><strong>Koostisosad:\u00a0<\/strong>Whey Protein Isolate (from milk, 97.55%), aroma, thickener: guar gum, sweeteners acesulfame K, cyclaminates, saccharin, coloring agents: quinoline yellow, coconut red, orange-yellow, biljancinin, pistachio, some\u00a0 may affect the attention and activity of children.<\/p>\n<p><strong>How to use: <\/strong>Mix1 serving (30g) with 250 ml of water or milk once a day. NB do not exceed the recommended daily amount. Comes with a scoop.<\/p>\n<p><strong>Size:<\/strong> 500g &#8211; 16 servings<\/p>\n<p>Keep in a cool and dry place, away from direct sunlight.<\/p>\n<p><strong>Chocolate flavour:<\/strong><\/p>\n<table>\n<tbody>\n<tr>\n<td width=\"216\"><\/td>\n<td width=\"206\"><strong>100g<\/strong><\/td>\n<td width=\"198\"><strong>30g<\/strong><\/td>\n<\/tr>\n<tr>\n<td width=\"216\">Energy<\/td>\n<td width=\"206\">359kcal\/1502kJ<\/td>\n<td width=\"198\">108kcal\/451kJ<\/td>\n<\/tr>\n<tr>\n<td width=\"216\">Fat,<\/td>\n<td width=\"206\">1,2g<\/td>\n<td width=\"198\">0,36g<\/td>\n<\/tr>\n<tr>\n<td width=\"216\">saturated fat<\/td>\n<td width=\"206\">0,05g<\/td>\n<td width=\"198\">0,02g<\/td>\n<\/tr>\n<tr>\n<td width=\"216\">Carbohydrates,<\/td>\n<td width=\"206\">4g<\/td>\n<td width=\"198\">1,2g<\/td>\n<\/tr>\n<tr>\n<td width=\"216\">sugar<\/td>\n<td width=\"206\">1g<\/td>\n<td width=\"198\">0,3g<\/td>\n<\/tr>\n<tr>\n<td width=\"216\">roughsge<\/td>\n<td width=\"206\">1,6g<\/td>\n<td width=\"198\">0,48g<\/td>\n<\/tr>\n<tr>\n<td width=\"216\"><strong>Protein<\/strong><\/td>\n<td width=\"206\"><strong>83g<\/strong><\/td>\n<td width=\"198\"><strong>24,9g<\/strong><\/td>\n<\/tr>\n<tr>\n<td width=\"216\">Salt<\/td>\n<td width=\"206\">0,5g<\/td>\n<td width=\"198\">0,15g<\/td>\n<\/tr>\n<\/tbody>\n<\/table>\n<p>&nbsp;<\/p>\n<p><b>Other flavours<\/b><\/p>\n<table>\n<tbody>\n<tr>\n<td width=\"216\"><\/td>\n<td width=\"206\"><strong>100g<\/strong><\/td>\n<td width=\"198\"><strong>30g<\/strong><\/td>\n<\/tr>\n<tr>\n<td width=\"216\">Energy<\/td>\n<td width=\"206\">367kcal\/1535kJ<\/td>\n<td width=\"198\">110kcal\/461kJ<\/td>\n<\/tr>\n<tr>\n<td width=\"216\">Fat,<\/td>\n<td width=\"206\">0,3g<\/td>\n<td width=\"198\">0,09g<\/td>\n<\/tr>\n<tr>\n<td width=\"216\">saturated<\/td>\n<td width=\"206\">0,05g<\/td>\n<td width=\"198\">0,02g<\/td>\n<\/tr>\n<tr>\n<td width=\"216\">Carbohydrates,<\/td>\n<td width=\"206\">1g<\/td>\n<td width=\"198\">0,3g<\/td>\n<\/tr>\n<tr>\n<td width=\"216\">sugars<\/td>\n<td width=\"206\">1g<\/td>\n<td width=\"198\">0,08g<\/td>\n<\/tr>\n<tr>\n<td width=\"216\">roughage<\/td>\n<td width=\"206\">0,8g<\/td>\n<td width=\"198\">0,24g<\/td>\n<\/tr>\n<tr>\n<td width=\"216\"><strong>Protein<\/strong><\/td>\n<td width=\"206\"><strong>90g<\/strong><\/td>\n<td width=\"198\"><strong>27g<\/strong><\/td>\n<\/tr>\n<tr>\n<td width=\"216\">Salt<\/td>\n<td width=\"206\">0,5g<\/td>\n<td width=\"198\">0,15g<\/td>\n<\/tr>\n<\/tbody>\n<\/table>\n<p>&nbsp;<\/p>\n<p>&nbsp;<\/p>\n<table>\n<tbody>\n<tr>\n<td width=\"307\"><strong>Amino acid<\/strong><\/td>\n<td width=\"307\"><strong>100g<\/strong><\/td>\n<\/tr>\n<tr>\n<td width=\"307\">Alanine<\/td>\n<td width=\"307\">4,8g<\/td>\n<\/tr>\n<tr>\n<td width=\"307\">Arginine<\/td>\n<td width=\"307\">2,7g<\/td>\n<\/tr>\n<tr>\n<td width=\"307\">d-Aspartic acid<\/td>\n<td width=\"307\">10,9g<\/td>\n<\/tr>\n<tr>\n<td width=\"307\">Cysteine<\/td>\n<td width=\"307\">2,7g<\/td>\n<\/tr>\n<tr>\n<td width=\"307\">Glutamine acid<\/td>\n<td width=\"307\">16,6g<\/td>\n<\/tr>\n<tr>\n<td width=\"307\">Tryptophan<\/td>\n<td width=\"307\">2,1g<\/td>\n<\/tr>\n<tr>\n<td width=\"307\">Methionine<\/td>\n<td width=\"307\">2,2g<\/td>\n<\/tr>\n<tr>\n<td width=\"307\">Proline<\/td>\n<td width=\"307\">5,2g<\/td>\n<\/tr>\n<tr>\n<td width=\"307\">Serine<\/td>\n<td width=\"307\">4,5g<\/td>\n<\/tr>\n<tr>\n<td width=\"307\">Glycine<\/td>\n<td width=\"307\">1,8g<\/td>\n<\/tr>\n<tr>\n<td width=\"307\">Hystidine<\/td>\n<td width=\"307\">2g<\/td>\n<\/tr>\n<tr>\n<td width=\"307\">Isoleucin<\/td>\n<td width=\"307\">5,5g<\/td>\n<\/tr>\n<tr>\n<td width=\"307\">Leucin<\/td>\n<td width=\"307\">12,1g<\/td>\n<\/tr>\n<tr>\n<td width=\"307\">Lysine<\/td>\n<td width=\"307\">9,6g<\/td>\n<\/tr>\n<tr>\n<td width=\"307\">Tyrosine<\/td>\n<td width=\"307\">3,5g<\/td>\n<\/tr>\n<tr>\n<td width=\"307\">Phenylalanine<\/td>\n<td width=\"307\">3,7g<\/td>\n<\/tr>\n<tr>\n<td width=\"307\">Treonine<\/td>\n<td width=\"307\">5,1g<\/td>\n<\/tr>\n<tr>\n<td width=\"307\">Valine<\/td>\n<td width=\"307\">5g<\/td>\n<\/tr>\n<\/tbody>\n<\/table>\n<p>&nbsp;<\/p>\n","protected":false},"excerpt":{"rendered":"<p><strong>ProActive ISOLATE<\/strong>:<\/p>\n<ul>\n<li>A source of very fast absorbing whey protein<\/li>\n<li>Provides muscle immediately with amino acids<\/li>\n<li>Supports muscle mass growth<\/li>\n<\/ul>\n<p>Whey protein isolate is a high-biometric protein with a very good amino acid profile. Whey protein isolate is absorbed faster than normal whey protein concentrate. This means that the protein is rapidly degraded into the stomach, triggering a large amount of amino acids at the same time into the bloodstream, which will immediately restore the muscle that is worn out of the training.<\/p>\n","protected":false},"featured_media":14265,"comment_status":"open","ping_status":"closed","template":"","meta":[],"product_brand":[],"product_cat":[507,1326,535,2420,2424],"product_tag":[1668,5244,1743,1670],"giftcard-category":[],"class_list":{"0":"post-14266","1":"product","2":"type-product","3":"status-publish","4":"has-post-thumbnail","6":"product_cat-supplements-brands-en","7":"product_cat-proactive-en","8":"product_cat-protein-poweders-en","9":"product_cat-whey-protein-en","10":"product_cat-whey-isolate-protein-en","11":"product_tag-proteiinipulber-en","12":"product_tag-protein-isolate-en","13":"product_tag-vadakuvalgu-isolaat-en","14":"product_tag-valgupulber-en","15":"pa_maitse-banaan-kupsis-en","16":"pa_maitse-cookie","17":"pa_maitse-karamelli-piima-en","18":"pa_maitse-salted-caramel-en","20":"first","21":"outofstock","22":"sale","23":"taxable","24":"shipping-taxable","25":"purchasable","26":"product-type-variable"},"yoast_head":"<!-- This site is optimized with the Yoast SEO plugin v27.3 - https:\/\/yoast.com\/product\/yoast-seo-wordpress\/ -->\n<title>Protein Isolate Supreme (500g) - Proteiinipulber - Vadakuvalgu isolaat -<\/title>\n<meta name=\"description\" content=\"Protein Isolate Supreme on 90% proteiinipulber vadakuvalgu isolaadist. V\u00e4ga kiire imendumisega valgupulber. \u00dclikiire kauba tarne: 1-3 p\u00e4eva.\" \/>\n<meta name=\"robots\" content=\"index, follow, max-snippet:-1, max-image-preview:large, max-video-preview:-1\" \/>\n<link rel=\"canonical\" href=\"https:\/\/fit360.ee\/en\/pood\/product-groups\/protein-poweders-en\/whey-protein-en\/proactive-isolate-supreme-500g\/\" \/>\n<meta property=\"og:locale\" content=\"en_US\" \/>\n<meta property=\"og:type\" content=\"article\" \/>\n<meta property=\"og:title\" content=\"Protein Isolate Supreme (500g) - Proteiinipulber - Vadakuvalgu isolaat -\" \/>\n<meta property=\"og:description\" content=\"Protein Isolate Supreme on 90% proteiinipulber vadakuvalgu isolaadist. V\u00e4ga kiire imendumisega valgupulber. \u00dclikiire kauba tarne: 1-3 p\u00e4eva.\" \/>\n<meta property=\"og:url\" content=\"https:\/\/fit360.ee\/en\/pood\/product-groups\/protein-poweders-en\/whey-protein-en\/proactive-isolate-supreme-500g\/\" \/>\n<meta property=\"og:site_name\" content=\"Fit360\" \/>\n<meta property=\"article:modified_time\" content=\"2021-11-17T08:09:56+00:00\" \/>\n<meta property=\"og:image\" content=\"https:\/\/fit360.ee\/wp-content\/uploads\/2017\/10\/proactive-isolate.jpg\" \/>\n\t<meta property=\"og:image:width\" content=\"800\" \/>\n\t<meta property=\"og:image:height\" content=\"800\" \/>\n\t<meta property=\"og:image:type\" content=\"image\/jpeg\" \/>\n<meta name=\"twitter:card\" content=\"summary_large_image\" \/>\n<meta name=\"twitter:label1\" content=\"Est. reading time\" \/>\n\t<meta name=\"twitter:data1\" content=\"1 minute\" \/>\n<script type=\"application\/ld+json\" class=\"yoast-schema-graph\">{\"@context\":\"https:\\\/\\\/schema.org\",\"@graph\":[{\"@type\":\"WebPage\",\"@id\":\"https:\\\/\\\/fit360.ee\\\/en\\\/pood\\\/product-groups\\\/protein-poweders-en\\\/whey-protein-en\\\/proactive-isolate-supreme-500g\\\/\",\"url\":\"https:\\\/\\\/fit360.ee\\\/en\\\/pood\\\/product-groups\\\/protein-poweders-en\\\/whey-protein-en\\\/proactive-isolate-supreme-500g\\\/\",\"name\":\"Protein Isolate Supreme (500g) - Proteiinipulber - Vadakuvalgu isolaat -\",\"isPartOf\":{\"@id\":\"https:\\\/\\\/fit360.ee\\\/en\\\/#website\"},\"primaryImageOfPage\":{\"@id\":\"https:\\\/\\\/fit360.ee\\\/en\\\/pood\\\/product-groups\\\/protein-poweders-en\\\/whey-protein-en\\\/proactive-isolate-supreme-500g\\\/#primaryimage\"},\"image\":{\"@id\":\"https:\\\/\\\/fit360.ee\\\/en\\\/pood\\\/product-groups\\\/protein-poweders-en\\\/whey-protein-en\\\/proactive-isolate-supreme-500g\\\/#primaryimage\"},\"thumbnailUrl\":\"https:\\\/\\\/fit360.ee\\\/wp-content\\\/uploads\\\/2017\\\/10\\\/proactive-isolate.jpg\",\"datePublished\":\"2017-10-23T09:42:20+00:00\",\"dateModified\":\"2021-11-17T08:09:56+00:00\",\"description\":\"Protein Isolate Supreme on 90% proteiinipulber vadakuvalgu isolaadist. V\u00e4ga kiire imendumisega valgupulber. \u00dclikiire kauba tarne: 1-3 p\u00e4eva.\",\"breadcrumb\":{\"@id\":\"https:\\\/\\\/fit360.ee\\\/en\\\/pood\\\/product-groups\\\/protein-poweders-en\\\/whey-protein-en\\\/proactive-isolate-supreme-500g\\\/#breadcrumb\"},\"inLanguage\":\"en-US\",\"potentialAction\":[{\"@type\":\"ReadAction\",\"target\":[\"https:\\\/\\\/fit360.ee\\\/en\\\/pood\\\/product-groups\\\/protein-poweders-en\\\/whey-protein-en\\\/proactive-isolate-supreme-500g\\\/\"]}]},{\"@type\":\"ImageObject\",\"inLanguage\":\"en-US\",\"@id\":\"https:\\\/\\\/fit360.ee\\\/en\\\/pood\\\/product-groups\\\/protein-poweders-en\\\/whey-protein-en\\\/proactive-isolate-supreme-500g\\\/#primaryimage\",\"url\":\"https:\\\/\\\/fit360.ee\\\/wp-content\\\/uploads\\\/2017\\\/10\\\/proactive-isolate.jpg\",\"contentUrl\":\"https:\\\/\\\/fit360.ee\\\/wp-content\\\/uploads\\\/2017\\\/10\\\/proactive-isolate.jpg\",\"width\":800,\"height\":800,\"caption\":\"90% proteiinipulber suurep\u00e4rase maitsega\"},{\"@type\":\"BreadcrumbList\",\"@id\":\"https:\\\/\\\/fit360.ee\\\/en\\\/pood\\\/product-groups\\\/protein-poweders-en\\\/whey-protein-en\\\/proactive-isolate-supreme-500g\\\/#breadcrumb\",\"itemListElement\":[{\"@type\":\"ListItem\",\"position\":1,\"name\":\"Home\",\"item\":\"https:\\\/\\\/fit360.ee\\\/en\\\/\"},{\"@type\":\"ListItem\",\"position\":2,\"name\":\"Shop\",\"item\":\"https:\\\/\\\/fit360.ee\\\/en\\\/shop\\\/\"},{\"@type\":\"ListItem\",\"position\":3,\"name\":\"ProActive Isolate Supreme (500g)\"}]},{\"@type\":\"WebSite\",\"@id\":\"https:\\\/\\\/fit360.ee\\\/en\\\/#website\",\"url\":\"https:\\\/\\\/fit360.ee\\\/en\\\/\",\"name\":\"Fit360\",\"description\":\"\",\"publisher\":{\"@id\":\"https:\\\/\\\/fit360.ee\\\/en\\\/#organization\"},\"potentialAction\":[{\"@type\":\"SearchAction\",\"target\":{\"@type\":\"EntryPoint\",\"urlTemplate\":\"https:\\\/\\\/fit360.ee\\\/en\\\/?s={search_term_string}\"},\"query-input\":{\"@type\":\"PropertyValueSpecification\",\"valueRequired\":true,\"valueName\":\"search_term_string\"}}],\"inLanguage\":\"en-US\"},{\"@type\":\"Organization\",\"@id\":\"https:\\\/\\\/fit360.ee\\\/en\\\/#organization\",\"name\":\"Fit360\",\"url\":\"https:\\\/\\\/fit360.ee\\\/en\\\/\",\"logo\":{\"@type\":\"ImageObject\",\"inLanguage\":\"en-US\",\"@id\":\"https:\\\/\\\/fit360.ee\\\/en\\\/#\\\/schema\\\/logo\\\/image\\\/\",\"url\":\"https:\\\/\\\/fit360.ee\\\/wp-content\\\/uploads\\\/2017\\\/01\\\/logo-fit360.png\",\"contentUrl\":\"https:\\\/\\\/fit360.ee\\\/wp-content\\\/uploads\\\/2017\\\/01\\\/logo-fit360.png\",\"width\":180,\"height\":66,\"caption\":\"Fit360\"},\"image\":{\"@id\":\"https:\\\/\\\/fit360.ee\\\/en\\\/#\\\/schema\\\/logo\\\/image\\\/\"}}]}<\/script>\n<!-- \/ Yoast SEO plugin. -->","yoast_head_json":{"title":"Protein Isolate Supreme (500g) - Proteiinipulber - Vadakuvalgu isolaat -","description":"Protein Isolate Supreme on 90% proteiinipulber vadakuvalgu isolaadist. V\u00e4ga kiire imendumisega valgupulber. \u00dclikiire kauba tarne: 1-3 p\u00e4eva.","robots":{"index":"index","follow":"follow","max-snippet":"max-snippet:-1","max-image-preview":"max-image-preview:large","max-video-preview":"max-video-preview:-1"},"canonical":"https:\/\/fit360.ee\/en\/pood\/product-groups\/protein-poweders-en\/whey-protein-en\/proactive-isolate-supreme-500g\/","og_locale":"en_US","og_type":"article","og_title":"Protein Isolate Supreme (500g) - Proteiinipulber - Vadakuvalgu isolaat -","og_description":"Protein Isolate Supreme on 90% proteiinipulber vadakuvalgu isolaadist. V\u00e4ga kiire imendumisega valgupulber. \u00dclikiire kauba tarne: 1-3 p\u00e4eva.","og_url":"https:\/\/fit360.ee\/en\/pood\/product-groups\/protein-poweders-en\/whey-protein-en\/proactive-isolate-supreme-500g\/","og_site_name":"Fit360","article_modified_time":"2021-11-17T08:09:56+00:00","og_image":[{"width":800,"height":800,"url":"https:\/\/fit360.ee\/wp-content\/uploads\/2017\/10\/proactive-isolate.jpg","type":"image\/jpeg"}],"twitter_card":"summary_large_image","twitter_misc":{"Est. reading time":"1 minute"},"schema":{"@context":"https:\/\/schema.org","@graph":[{"@type":"WebPage","@id":"https:\/\/fit360.ee\/en\/pood\/product-groups\/protein-poweders-en\/whey-protein-en\/proactive-isolate-supreme-500g\/","url":"https:\/\/fit360.ee\/en\/pood\/product-groups\/protein-poweders-en\/whey-protein-en\/proactive-isolate-supreme-500g\/","name":"Protein Isolate Supreme (500g) - Proteiinipulber - Vadakuvalgu isolaat -","isPartOf":{"@id":"https:\/\/fit360.ee\/en\/#website"},"primaryImageOfPage":{"@id":"https:\/\/fit360.ee\/en\/pood\/product-groups\/protein-poweders-en\/whey-protein-en\/proactive-isolate-supreme-500g\/#primaryimage"},"image":{"@id":"https:\/\/fit360.ee\/en\/pood\/product-groups\/protein-poweders-en\/whey-protein-en\/proactive-isolate-supreme-500g\/#primaryimage"},"thumbnailUrl":"https:\/\/fit360.ee\/wp-content\/uploads\/2017\/10\/proactive-isolate.jpg","datePublished":"2017-10-23T09:42:20+00:00","dateModified":"2021-11-17T08:09:56+00:00","description":"Protein Isolate Supreme on 90% proteiinipulber vadakuvalgu isolaadist. V\u00e4ga kiire imendumisega valgupulber. \u00dclikiire kauba tarne: 1-3 p\u00e4eva.","breadcrumb":{"@id":"https:\/\/fit360.ee\/en\/pood\/product-groups\/protein-poweders-en\/whey-protein-en\/proactive-isolate-supreme-500g\/#breadcrumb"},"inLanguage":"en-US","potentialAction":[{"@type":"ReadAction","target":["https:\/\/fit360.ee\/en\/pood\/product-groups\/protein-poweders-en\/whey-protein-en\/proactive-isolate-supreme-500g\/"]}]},{"@type":"ImageObject","inLanguage":"en-US","@id":"https:\/\/fit360.ee\/en\/pood\/product-groups\/protein-poweders-en\/whey-protein-en\/proactive-isolate-supreme-500g\/#primaryimage","url":"https:\/\/fit360.ee\/wp-content\/uploads\/2017\/10\/proactive-isolate.jpg","contentUrl":"https:\/\/fit360.ee\/wp-content\/uploads\/2017\/10\/proactive-isolate.jpg","width":800,"height":800,"caption":"90% proteiinipulber suurep\u00e4rase maitsega"},{"@type":"BreadcrumbList","@id":"https:\/\/fit360.ee\/en\/pood\/product-groups\/protein-poweders-en\/whey-protein-en\/proactive-isolate-supreme-500g\/#breadcrumb","itemListElement":[{"@type":"ListItem","position":1,"name":"Home","item":"https:\/\/fit360.ee\/en\/"},{"@type":"ListItem","position":2,"name":"Shop","item":"https:\/\/fit360.ee\/en\/shop\/"},{"@type":"ListItem","position":3,"name":"ProActive Isolate Supreme (500g)"}]},{"@type":"WebSite","@id":"https:\/\/fit360.ee\/en\/#website","url":"https:\/\/fit360.ee\/en\/","name":"Fit360","description":"","publisher":{"@id":"https:\/\/fit360.ee\/en\/#organization"},"potentialAction":[{"@type":"SearchAction","target":{"@type":"EntryPoint","urlTemplate":"https:\/\/fit360.ee\/en\/?s={search_term_string}"},"query-input":{"@type":"PropertyValueSpecification","valueRequired":true,"valueName":"search_term_string"}}],"inLanguage":"en-US"},{"@type":"Organization","@id":"https:\/\/fit360.ee\/en\/#organization","name":"Fit360","url":"https:\/\/fit360.ee\/en\/","logo":{"@type":"ImageObject","inLanguage":"en-US","@id":"https:\/\/fit360.ee\/en\/#\/schema\/logo\/image\/","url":"https:\/\/fit360.ee\/wp-content\/uploads\/2017\/01\/logo-fit360.png","contentUrl":"https:\/\/fit360.ee\/wp-content\/uploads\/2017\/01\/logo-fit360.png","width":180,"height":66,"caption":"Fit360"},"image":{"@id":"https:\/\/fit360.ee\/en\/#\/schema\/logo\/image\/"}}]}},"_links":{"self":[{"href":"https:\/\/fit360.ee\/en\/wp-json\/wp\/v2\/product\/14266","targetHints":{"allow":["GET"]}}],"collection":[{"href":"https:\/\/fit360.ee\/en\/wp-json\/wp\/v2\/product"}],"about":[{"href":"https:\/\/fit360.ee\/en\/wp-json\/wp\/v2\/types\/product"}],"replies":[{"embeddable":true,"href":"https:\/\/fit360.ee\/en\/wp-json\/wp\/v2\/comments?post=14266"}],"wp:featuredmedia":[{"embeddable":true,"href":"https:\/\/fit360.ee\/en\/wp-json\/wp\/v2\/media\/14265"}],"wp:attachment":[{"href":"https:\/\/fit360.ee\/en\/wp-json\/wp\/v2\/media?parent=14266"}],"wp:term":[{"taxonomy":"product_brand","embeddable":true,"href":"https:\/\/fit360.ee\/en\/wp-json\/wp\/v2\/product_brand?post=14266"},{"taxonomy":"product_cat","embeddable":true,"href":"https:\/\/fit360.ee\/en\/wp-json\/wp\/v2\/product_cat?post=14266"},{"taxonomy":"product_tag","embeddable":true,"href":"https:\/\/fit360.ee\/en\/wp-json\/wp\/v2\/product_tag?post=14266"},{"taxonomy":"giftcard-category","embeddable":true,"href":"https:\/\/fit360.ee\/en\/wp-json\/wp\/v2\/giftcard-category?post=14266"}],"curies":[{"name":"wp","href":"https:\/\/api.w.org\/{rel}","templated":true}]}}