{"id":14336,"date":"2017-10-25T16:57:19","date_gmt":"2017-10-25T14:57:19","guid":{"rendered":"https:\/\/fit360.ee\/pood\/uncategorized\/jan-tana-voistlusgrimm\/"},"modified":"2025-08-13T07:36:03","modified_gmt":"2025-08-13T05:36:03","slug":"jan-tana-voistlusgrimm","status":"publish","type":"product","link":"https:\/\/fit360.ee\/en\/pood\/training-equipment-en\/other-products-en\/jan-tana-voistlusgrimm\/","title":{"rendered":"Jan Tana v\u00f5istlusgrimmi komplekt"},"content":{"rendered":"<p><strong>Jan Tana v\u00f5istlusgrimmi komplekt sisaldab<\/strong>: Ultra 1 Stage Color, Hi-Def Base Color ja tanning puffi (\u0161vamm)<\/p>\n<p><strong>Jan Tana Ultra 1<\/strong><\/p>\n<p>Jan Tana Ultra 1 annab teile kiireima ja lihtsaima grimmi!<\/p>\n<ul>\n<li>V\u00f5iduv\u00e4rvi jaoks on vaja ainult \u00fcks kiht konkursi HOMMIKUL!<\/li>\n<li>Kiire ja lihtne pealekandmine! Kuivab koheselt.<\/li>\n<li>Pole jama nagu \u00f5liste v\u00e4rvidega!<\/li>\n<\/ul>\n<p>Jan Tana Ultra 1 stage color \u2013 v\u00e4rv kulturismi v\u00f5istlejatele<\/p>\n<p>V\u00f5istluseks p\u00e4evitamine pole kunagi olnud lihtsam!<br \/>\nNii tume, et pole VAJA solaariumis p\u00e4evitada ega muud v\u00e4rvi peale kanda.<br \/>\nAnnab kahvatuvalgele nahale s\u00fcgava kastaniv\u00e4rvi ja tumedale nahale rikkaliku mahagoniv\u00e4rvi.<br \/>\nParim v\u00f5istlusv\u00e4rv heleda, keskmise ja tumeda nahaga inimestele!<\/p>\n<p><strong>Jan Tana Hi-Def<\/strong><\/p>\n<p>Jan Tana Hi-Def Base Color \u2013 tumepruun<\/p>\n<p>Kasutage p\u00e4ev enne Teie v\u00f5istlust.<\/p>\n<ul>\n<li>Rikkalik, tume k\u00f5rglahutusega v\u00e4rv parandab kehaehitust.<\/li>\n<li>Kiire, lihtne peale kanda. Kuivab kiiresti.<\/li>\n<li>K\u00f5igi v\u00f5istluste v\u00f5iduv\u00e4rv!<\/li>\n<li>Grimeerige kaks korda v\u00f5istluseelsel \u00f5htul ja \u00fcks kord v\u00f5istluste hommikul.<\/li>\n<\/ul>\n<p>Jan Tana Hi-Definition Color annab teile laval h\u00e4mmastava definitsiooni ja aitab teil V\u00d5ISTLUSE V\u00d5ITA!<\/p>\n<p>Nii tume, et solaariumis pole vaja p\u00e4evitada.<\/p>\n<p><strong>Ideaalne k\u00f5ikidele nahatoonidele!<\/strong><\/p>\n<p><strong>Jan Tana Tanning Puffs<\/strong><\/p>\n<p>V\u00e4rvi \u00fchtlaseks pealekandmiseks.<\/p>\n<p>\u2013 Need sametiselt pehmed pahvid on sujuva ja \u00fchtlase v\u00f5istlusv\u00e4rvi tagamiseks kohustuslikud. Kandke pahteldele v\u00e4rv ja siluge kehakontuuri j\u00e4rgides.<\/p>\n<p>\u2013 P\u00e4rast grimeerimist v\u00f5ite pahve pesta ja neid ikka ja j\u00e4lle kasutada.<\/p>\n<p><strong>NB!<\/strong>\u00a0Enne kasutamist konsulteerige oma treeneri v\u00f5i m\u00f5ne muu spetsialistiga. Fit360 ei vastuta eba\u00f5nnestunud kasutuse p\u00e4rast.<\/p>\n","protected":false},"excerpt":{"rendered":"<p><strong>Jan Tana v\u00f5istlusgrimmi komplekt sisaldab<\/strong>: Ultra 1 Stage Color, Hi-Def Base Color ja tanning puffi (\u0161vamm)<\/p>\n<p><strong>NB!<\/strong>\u00a0Enne kasutamist konsulteerige oma treeneri v\u00f5i m\u00f5ne muu spetsialistiga. Fit360 ei vastuta eba\u00f5nnestunud kasutuse p\u00e4rast.<\/p>\n","protected":false},"featured_media":14335,"comment_status":"open","ping_status":"closed","template":"","meta":[],"product_brand":[],"product_cat":[1204,538],"product_tag":[],"giftcard-category":[],"class_list":{"0":"post-14336","1":"product","2":"type-product","3":"status-publish","4":"has-post-thumbnail","6":"product_cat-other-products-en","7":"product_cat-training-equipment-en","8":"pa_brand-jan-tana-en","9":"pa_varustus-muu-en","10":"pa_varustus-muud-en","12":"first","13":"instock","14":"taxable","15":"shipping-taxable","16":"purchasable","17":"product-type-simple"},"yoast_head":"<!-- This site is optimized with the Yoast SEO plugin v27.3 - https:\/\/yoast.com\/product\/yoast-seo-wordpress\/ -->\n<title>Jan Tana v\u00f5istlusgrimmi komplekt - Fit360<\/title>\n<meta name=\"robots\" content=\"index, follow, max-snippet:-1, max-image-preview:large, max-video-preview:-1\" \/>\n<link rel=\"canonical\" href=\"https:\/\/fit360.ee\/en\/pood\/training-equipment-en\/other-products-en\/jan-tana-voistlusgrimm\/\" \/>\n<meta property=\"og:locale\" content=\"en_US\" \/>\n<meta property=\"og:type\" content=\"article\" \/>\n<meta property=\"og:title\" content=\"Jan Tana v\u00f5istlusgrimmi komplekt - Fit360\" \/>\n<meta property=\"og:description\" content=\"Jan Tana v\u00f5istlusgrimmi komplekt sisaldab: Ultra 1 Stage Color, Hi-Def Base Color ja tanning puffi (\u0161vamm)  NB!\u00a0Enne kasutamist konsulteerige oma treeneri v\u00f5i m\u00f5ne muu spetsialistiga. Fit360 ei vastuta eba\u00f5nnestunud kasutuse p\u00e4rast.\" \/>\n<meta property=\"og:url\" content=\"https:\/\/fit360.ee\/en\/pood\/training-equipment-en\/other-products-en\/jan-tana-voistlusgrimm\/\" \/>\n<meta property=\"og:site_name\" content=\"Fit360\" \/>\n<meta property=\"article:modified_time\" content=\"2025-08-13T05:36:03+00:00\" \/>\n<meta property=\"og:image\" content=\"https:\/\/fit360.ee\/wp-content\/uploads\/2017\/10\/jan-tana-2.jpg\" \/>\n\t<meta property=\"og:image:width\" content=\"500\" \/>\n\t<meta property=\"og:image:height\" content=\"500\" \/>\n\t<meta property=\"og:image:type\" content=\"image\/jpeg\" \/>\n<meta name=\"twitter:card\" content=\"summary_large_image\" \/>\n<meta name=\"twitter:label1\" content=\"Est. reading time\" \/>\n\t<meta name=\"twitter:data1\" content=\"2 minutes\" \/>\n<script type=\"application\/ld+json\" class=\"yoast-schema-graph\">{\"@context\":\"https:\\\/\\\/schema.org\",\"@graph\":[{\"@type\":\"WebPage\",\"@id\":\"https:\\\/\\\/fit360.ee\\\/en\\\/pood\\\/training-equipment-en\\\/other-products-en\\\/jan-tana-voistlusgrimm\\\/\",\"url\":\"https:\\\/\\\/fit360.ee\\\/en\\\/pood\\\/training-equipment-en\\\/other-products-en\\\/jan-tana-voistlusgrimm\\\/\",\"name\":\"Jan Tana v\u00f5istlusgrimmi komplekt - Fit360\",\"isPartOf\":{\"@id\":\"https:\\\/\\\/fit360.ee\\\/en\\\/#website\"},\"primaryImageOfPage\":{\"@id\":\"https:\\\/\\\/fit360.ee\\\/en\\\/pood\\\/training-equipment-en\\\/other-products-en\\\/jan-tana-voistlusgrimm\\\/#primaryimage\"},\"image\":{\"@id\":\"https:\\\/\\\/fit360.ee\\\/en\\\/pood\\\/training-equipment-en\\\/other-products-en\\\/jan-tana-voistlusgrimm\\\/#primaryimage\"},\"thumbnailUrl\":\"https:\\\/\\\/fit360.ee\\\/wp-content\\\/uploads\\\/2017\\\/10\\\/jan-tana-2.jpg\",\"datePublished\":\"2017-10-25T14:57:19+00:00\",\"dateModified\":\"2025-08-13T05:36:03+00:00\",\"breadcrumb\":{\"@id\":\"https:\\\/\\\/fit360.ee\\\/en\\\/pood\\\/training-equipment-en\\\/other-products-en\\\/jan-tana-voistlusgrimm\\\/#breadcrumb\"},\"inLanguage\":\"en-US\",\"potentialAction\":[{\"@type\":\"ReadAction\",\"target\":[\"https:\\\/\\\/fit360.ee\\\/en\\\/pood\\\/training-equipment-en\\\/other-products-en\\\/jan-tana-voistlusgrimm\\\/\"]}]},{\"@type\":\"ImageObject\",\"inLanguage\":\"en-US\",\"@id\":\"https:\\\/\\\/fit360.ee\\\/en\\\/pood\\\/training-equipment-en\\\/other-products-en\\\/jan-tana-voistlusgrimm\\\/#primaryimage\",\"url\":\"https:\\\/\\\/fit360.ee\\\/wp-content\\\/uploads\\\/2017\\\/10\\\/jan-tana-2.jpg\",\"contentUrl\":\"https:\\\/\\\/fit360.ee\\\/wp-content\\\/uploads\\\/2017\\\/10\\\/jan-tana-2.jpg\",\"width\":500,\"height\":500},{\"@type\":\"BreadcrumbList\",\"@id\":\"https:\\\/\\\/fit360.ee\\\/en\\\/pood\\\/training-equipment-en\\\/other-products-en\\\/jan-tana-voistlusgrimm\\\/#breadcrumb\",\"itemListElement\":[{\"@type\":\"ListItem\",\"position\":1,\"name\":\"Home\",\"item\":\"https:\\\/\\\/fit360.ee\\\/en\\\/\"},{\"@type\":\"ListItem\",\"position\":2,\"name\":\"Shop\",\"item\":\"https:\\\/\\\/fit360.ee\\\/en\\\/shop\\\/\"},{\"@type\":\"ListItem\",\"position\":3,\"name\":\"Jan Tana v\u00f5istlusgrimmi komplekt\"}]},{\"@type\":\"WebSite\",\"@id\":\"https:\\\/\\\/fit360.ee\\\/en\\\/#website\",\"url\":\"https:\\\/\\\/fit360.ee\\\/en\\\/\",\"name\":\"Fit360\",\"description\":\"\",\"publisher\":{\"@id\":\"https:\\\/\\\/fit360.ee\\\/en\\\/#organization\"},\"potentialAction\":[{\"@type\":\"SearchAction\",\"target\":{\"@type\":\"EntryPoint\",\"urlTemplate\":\"https:\\\/\\\/fit360.ee\\\/en\\\/?s={search_term_string}\"},\"query-input\":{\"@type\":\"PropertyValueSpecification\",\"valueRequired\":true,\"valueName\":\"search_term_string\"}}],\"inLanguage\":\"en-US\"},{\"@type\":\"Organization\",\"@id\":\"https:\\\/\\\/fit360.ee\\\/en\\\/#organization\",\"name\":\"Fit360\",\"url\":\"https:\\\/\\\/fit360.ee\\\/en\\\/\",\"logo\":{\"@type\":\"ImageObject\",\"inLanguage\":\"en-US\",\"@id\":\"https:\\\/\\\/fit360.ee\\\/en\\\/#\\\/schema\\\/logo\\\/image\\\/\",\"url\":\"https:\\\/\\\/fit360.ee\\\/wp-content\\\/uploads\\\/2017\\\/01\\\/logo-fit360.png\",\"contentUrl\":\"https:\\\/\\\/fit360.ee\\\/wp-content\\\/uploads\\\/2017\\\/01\\\/logo-fit360.png\",\"width\":180,\"height\":66,\"caption\":\"Fit360\"},\"image\":{\"@id\":\"https:\\\/\\\/fit360.ee\\\/en\\\/#\\\/schema\\\/logo\\\/image\\\/\"}}]}<\/script>\n<!-- \/ Yoast SEO plugin. -->","yoast_head_json":{"title":"Jan Tana v\u00f5istlusgrimmi komplekt - Fit360","robots":{"index":"index","follow":"follow","max-snippet":"max-snippet:-1","max-image-preview":"max-image-preview:large","max-video-preview":"max-video-preview:-1"},"canonical":"https:\/\/fit360.ee\/en\/pood\/training-equipment-en\/other-products-en\/jan-tana-voistlusgrimm\/","og_locale":"en_US","og_type":"article","og_title":"Jan Tana v\u00f5istlusgrimmi komplekt - Fit360","og_description":"Jan Tana v\u00f5istlusgrimmi komplekt sisaldab: Ultra 1 Stage Color, Hi-Def Base Color ja tanning puffi (\u0161vamm)  NB!\u00a0Enne kasutamist konsulteerige oma treeneri v\u00f5i m\u00f5ne muu spetsialistiga. Fit360 ei vastuta eba\u00f5nnestunud kasutuse p\u00e4rast.","og_url":"https:\/\/fit360.ee\/en\/pood\/training-equipment-en\/other-products-en\/jan-tana-voistlusgrimm\/","og_site_name":"Fit360","article_modified_time":"2025-08-13T05:36:03+00:00","og_image":[{"width":500,"height":500,"url":"https:\/\/fit360.ee\/wp-content\/uploads\/2017\/10\/jan-tana-2.jpg","type":"image\/jpeg"}],"twitter_card":"summary_large_image","twitter_misc":{"Est. reading time":"2 minutes"},"schema":{"@context":"https:\/\/schema.org","@graph":[{"@type":"WebPage","@id":"https:\/\/fit360.ee\/en\/pood\/training-equipment-en\/other-products-en\/jan-tana-voistlusgrimm\/","url":"https:\/\/fit360.ee\/en\/pood\/training-equipment-en\/other-products-en\/jan-tana-voistlusgrimm\/","name":"Jan Tana v\u00f5istlusgrimmi komplekt - Fit360","isPartOf":{"@id":"https:\/\/fit360.ee\/en\/#website"},"primaryImageOfPage":{"@id":"https:\/\/fit360.ee\/en\/pood\/training-equipment-en\/other-products-en\/jan-tana-voistlusgrimm\/#primaryimage"},"image":{"@id":"https:\/\/fit360.ee\/en\/pood\/training-equipment-en\/other-products-en\/jan-tana-voistlusgrimm\/#primaryimage"},"thumbnailUrl":"https:\/\/fit360.ee\/wp-content\/uploads\/2017\/10\/jan-tana-2.jpg","datePublished":"2017-10-25T14:57:19+00:00","dateModified":"2025-08-13T05:36:03+00:00","breadcrumb":{"@id":"https:\/\/fit360.ee\/en\/pood\/training-equipment-en\/other-products-en\/jan-tana-voistlusgrimm\/#breadcrumb"},"inLanguage":"en-US","potentialAction":[{"@type":"ReadAction","target":["https:\/\/fit360.ee\/en\/pood\/training-equipment-en\/other-products-en\/jan-tana-voistlusgrimm\/"]}]},{"@type":"ImageObject","inLanguage":"en-US","@id":"https:\/\/fit360.ee\/en\/pood\/training-equipment-en\/other-products-en\/jan-tana-voistlusgrimm\/#primaryimage","url":"https:\/\/fit360.ee\/wp-content\/uploads\/2017\/10\/jan-tana-2.jpg","contentUrl":"https:\/\/fit360.ee\/wp-content\/uploads\/2017\/10\/jan-tana-2.jpg","width":500,"height":500},{"@type":"BreadcrumbList","@id":"https:\/\/fit360.ee\/en\/pood\/training-equipment-en\/other-products-en\/jan-tana-voistlusgrimm\/#breadcrumb","itemListElement":[{"@type":"ListItem","position":1,"name":"Home","item":"https:\/\/fit360.ee\/en\/"},{"@type":"ListItem","position":2,"name":"Shop","item":"https:\/\/fit360.ee\/en\/shop\/"},{"@type":"ListItem","position":3,"name":"Jan Tana v\u00f5istlusgrimmi komplekt"}]},{"@type":"WebSite","@id":"https:\/\/fit360.ee\/en\/#website","url":"https:\/\/fit360.ee\/en\/","name":"Fit360","description":"","publisher":{"@id":"https:\/\/fit360.ee\/en\/#organization"},"potentialAction":[{"@type":"SearchAction","target":{"@type":"EntryPoint","urlTemplate":"https:\/\/fit360.ee\/en\/?s={search_term_string}"},"query-input":{"@type":"PropertyValueSpecification","valueRequired":true,"valueName":"search_term_string"}}],"inLanguage":"en-US"},{"@type":"Organization","@id":"https:\/\/fit360.ee\/en\/#organization","name":"Fit360","url":"https:\/\/fit360.ee\/en\/","logo":{"@type":"ImageObject","inLanguage":"en-US","@id":"https:\/\/fit360.ee\/en\/#\/schema\/logo\/image\/","url":"https:\/\/fit360.ee\/wp-content\/uploads\/2017\/01\/logo-fit360.png","contentUrl":"https:\/\/fit360.ee\/wp-content\/uploads\/2017\/01\/logo-fit360.png","width":180,"height":66,"caption":"Fit360"},"image":{"@id":"https:\/\/fit360.ee\/en\/#\/schema\/logo\/image\/"}}]}},"_links":{"self":[{"href":"https:\/\/fit360.ee\/en\/wp-json\/wp\/v2\/product\/14336","targetHints":{"allow":["GET"]}}],"collection":[{"href":"https:\/\/fit360.ee\/en\/wp-json\/wp\/v2\/product"}],"about":[{"href":"https:\/\/fit360.ee\/en\/wp-json\/wp\/v2\/types\/product"}],"replies":[{"embeddable":true,"href":"https:\/\/fit360.ee\/en\/wp-json\/wp\/v2\/comments?post=14336"}],"wp:featuredmedia":[{"embeddable":true,"href":"https:\/\/fit360.ee\/en\/wp-json\/wp\/v2\/media\/14335"}],"wp:attachment":[{"href":"https:\/\/fit360.ee\/en\/wp-json\/wp\/v2\/media?parent=14336"}],"wp:term":[{"taxonomy":"product_brand","embeddable":true,"href":"https:\/\/fit360.ee\/en\/wp-json\/wp\/v2\/product_brand?post=14336"},{"taxonomy":"product_cat","embeddable":true,"href":"https:\/\/fit360.ee\/en\/wp-json\/wp\/v2\/product_cat?post=14336"},{"taxonomy":"product_tag","embeddable":true,"href":"https:\/\/fit360.ee\/en\/wp-json\/wp\/v2\/product_tag?post=14336"},{"taxonomy":"giftcard-category","embeddable":true,"href":"https:\/\/fit360.ee\/en\/wp-json\/wp\/v2\/giftcard-category?post=14336"}],"curies":[{"name":"wp","href":"https:\/\/api.w.org\/{rel}","templated":true}]}}