{"id":14986,"date":"2017-12-04T12:09:34","date_gmt":"2017-12-04T10:09:34","guid":{"rendered":"https:\/\/fit360.ee\/pood\/uncategorized\/hudroluusitud-kollageen-600g\/"},"modified":"2024-05-21T10:51:51","modified_gmt":"2024-05-21T08:51:51","slug":"hudroluusitud-kollageen-600g","status":"publish","type":"product","link":"https:\/\/fit360.ee\/en\/pood\/product-groups\/joint-support-en\/hudroluusitud-kollageen-600g\/","title":{"rendered":"H\u00fcdrol\u00fc\u00fcsitud Kollageen (300g)"},"content":{"rendered":"<p>Highly evaluated collagen is now available in its entirely pure form &#8211; scientific studies have proven that we need to consume 10g of collagen per day to best effect. Collagen is known for its extremely useful properties. Protects joints and helps to restore them faster, improves bone elasticity and durability, helps to form a high-quality structure for muscle tissue. Collagen is also known for its skin elasticity and wrinkle resistance. Highly digestible, non-allergenic and very well absorbed by the body. With its neutral taste and smell, it&#8217;s good for mixing with different foods, smoothies and drinks.<\/p>\n<p><a href=\"https:\/\/fit360.ee\/wp-content\/uploads\/2017\/12\/Collagen-Joints1-187x300.png\"><img loading=\"lazy\" decoding=\"async\" class=\"alignnone size-full wp-image-14979\" src=\"https:\/\/fit360.ee\/wp-content\/uploads\/2017\/12\/Collagen-Joints1-187x300.png\" alt=\"\" width=\"187\" height=\"300\" \/><\/a><a href=\"https:\/\/fit360.ee\/wp-content\/uploads\/2017\/12\/Collagen-Joints.png\"><img loading=\"lazy\" decoding=\"async\" class=\"alignnone size-full wp-image-14981\" src=\"https:\/\/fit360.ee\/wp-content\/uploads\/2017\/12\/Collagen-Joints.png\" alt=\"\" width=\"273\" height=\"435\" \/><\/a><a href=\"https:\/\/fit360.ee\/wp-content\/uploads\/2017\/12\/Collagen-Skin-200x193.png\"><img loading=\"lazy\" decoding=\"async\" class=\"alignnone size-full wp-image-14983\" src=\"https:\/\/fit360.ee\/wp-content\/uploads\/2017\/12\/Collagen-Skin-200x193.png\" alt=\"\" width=\"200\" height=\"193\" \/><\/a><\/p>\n<ul>\n<li>Collagen is the most important protein in our bones and joints, giving them elasticity and durability. In addition, collagen is important for the formation of skin and tissue structure that surrounds and protects our vital organs and muscles.<\/li>\n<li>Athletes experience particularly heavy loads in their everyday lives, which negatively affects joints in the long run. High loads also significantly increase the risk of osteoarthritis, excessive loss of wear and possible injuries.<\/li>\n<li>Consume 10 g of hydrolysed collagen per day, protect your joints, bones and muscles from injuries. ICONFIT collagen is in its purest form and almost 100% pure protein. It contains a large amount of important amino acids, arginine (7.5%) and glycine (22.4%), which in co-operation stimulate creatine production in the body and help athletes achieve better results. In addition, it helps to accelerate joint and bone recovery.<\/li>\n<li>Studies have shown that collagen consumption is beneficial for skin elasticity, reduces wrinkling and moisturises the skin.<\/li>\n<li>Although collagen is also used in several creams for the skin, unfortunately, collagen is not absorbed well in this way and remains just like the surface of the skin. Hydrolyzed collagen, which is consumed with food and drink, is easily and quickly absorbed and gives the skin a maximum result.<\/li>\n<\/ul>\n<p>&nbsp;<\/p>\n<p>&nbsp;<\/p>\n<p>&nbsp;<\/p>\n<table width=\"260\">\n<tbody>\n<tr>\n<td width=\"100\">\n<h4 data-fontsize=\"20\" data-lineheight=\"30\"><strong>Nutrients:<\/strong><\/h4>\n<\/td>\n<td width=\"72\">\n<h4 data-fontsize=\"20\" data-lineheight=\"30\"><strong>10g<\/strong><\/h4>\n<\/td>\n<td width=\"92\">\n<h4 data-fontsize=\"20\" data-lineheight=\"30\"><strong>100g<\/strong><\/h4>\n<\/td>\n<\/tr>\n<tr>\n<td width=\"100\">\n<h5 data-fontsize=\"12\" data-lineheight=\"18\">Energy (kJ\/kcal)<\/h5>\n<\/td>\n<td width=\"72\">\n<h5 data-fontsize=\"12\" data-lineheight=\"18\">170\/40<\/h5>\n<\/td>\n<td width=\"92\">\n<h5 data-fontsize=\"12\" data-lineheight=\"18\">1704\/401<\/h5>\n<\/td>\n<\/tr>\n<tr>\n<td width=\"100\">\n<h5 data-fontsize=\"12\" data-lineheight=\"18\"><strong>Proteins(g)<\/strong><\/h5>\n<\/td>\n<td width=\"72\">\n<h5 data-fontsize=\"12\" data-lineheight=\"18\"><strong>9,9<\/strong><\/h5>\n<\/td>\n<td width=\"92\">\n<h5 data-fontsize=\"12\" data-lineheight=\"18\"><strong>99,0<\/strong><\/h5>\n<\/td>\n<\/tr>\n<tr>\n<td width=\"100\">\n<h5 data-fontsize=\"12\" data-lineheight=\"18\">Carbohydrates(g)<\/h5>\n<\/td>\n<td width=\"72\">\n<h5 data-fontsize=\"12\" data-lineheight=\"18\">0,0<\/h5>\n<\/td>\n<td width=\"92\">\n<h5 data-fontsize=\"12\" data-lineheight=\"18\">&lt;0,5<\/h5>\n<\/td>\n<\/tr>\n<tr>\n<td width=\"100\">\n<h5 data-fontsize=\"12\" data-lineheight=\"18\">..which sugars(g)<\/h5>\n<\/td>\n<td width=\"72\">\n<h5 data-fontsize=\"12\" data-lineheight=\"18\">0,0<\/h5>\n<\/td>\n<td width=\"92\">\n<h5 data-fontsize=\"12\" data-lineheight=\"18\">&lt;0,5<\/h5>\n<\/td>\n<\/tr>\n<tr>\n<td width=\"100\">\n<h5 data-fontsize=\"12\" data-lineheight=\"18\">Fats(g)<\/h5>\n<\/td>\n<td width=\"72\">\n<h5 data-fontsize=\"12\" data-lineheight=\"18\">0,0<\/h5>\n<\/td>\n<td width=\"92\">\n<h5 data-fontsize=\"12\" data-lineheight=\"18\">0,1<\/h5>\n<\/td>\n<\/tr>\n<tr>\n<td width=\"100\">\n<h5 data-fontsize=\"12\" data-lineheight=\"18\">..better of staurdation(g)<\/h5>\n<\/td>\n<td width=\"72\">\n<h5 data-fontsize=\"12\" data-lineheight=\"18\">0<\/h5>\n<\/td>\n<td width=\"92\">\n<h5 data-fontsize=\"12\" data-lineheight=\"18\">0,04<\/h5>\n<\/td>\n<\/tr>\n<tr>\n<td width=\"100\">\n<h5 data-fontsize=\"12\" data-lineheight=\"18\">Salt (g, not added)<\/h5>\n<\/td>\n<td width=\"72\">\n<h5 data-fontsize=\"12\" data-lineheight=\"18\">0,05<\/h5>\n<\/td>\n<td width=\"92\">\n<h5 data-fontsize=\"12\" data-lineheight=\"18\">0,5<\/h5>\n<\/td>\n<\/tr>\n<\/tbody>\n<\/table>\n<p>&nbsp;<\/p>\n","protected":false},"excerpt":{"rendered":"<p>ICONFIT Hydrolysed Collagen The ICONFIT Hydrolyzed Collagen Wiper is a 600g (60 days section!) Completely pure animal-derived hydrolyzed collagen powdered form. We recommend daily mixing 10g (with a measuring stick) with freely selected foods, drinks, smoothies or consuming with any desired sports drink. This is a relatively neutral, tasteless powder that does not significantly alter the flavor of food or beverage.<\/p>\n<p>&nbsp;<\/p>\n<p>A real source of collagen, which can be recovered at 10g per day.<\/p>\n<p>Trash for 60 days! Produced by natural processes without chemicals!<\/p>\n<p>Add 10g (spoon bundle included) per day for food, soft drinks or sports drinks.<\/p>\n<p>The cleanest and most favorable source of hydrolyzed collagen in Estonia!<\/p>\n","protected":false},"featured_media":74481,"comment_status":"open","ping_status":"closed","template":"","meta":[],"product_brand":[],"product_cat":[1636,1318,527,1454],"product_tag":[1723,2800,1724],"giftcard-category":[],"class_list":{"0":"post-14986","1":"product","2":"type-product","3":"status-publish","4":"has-post-thumbnail","6":"product_cat-collagen-en","7":"product_cat-iconfit-en","8":"product_cat-joint-support-en","9":"product_cat-superfoods-health-foods-en","10":"product_tag-hudroluusitud-kollageen-en","11":"product_tag-iconfit-kollageen-en","12":"product_tag-kollageen-en","13":"pa_toidulisand-branddd-iconfit","14":"pa_tootegruppp-for-joints","15":"pa_tootegruppp-kollageenid-en","16":"pa_tootegruppp-supertoit-tervisetoit-en","18":"first","19":"instock","20":"sale","21":"taxable","22":"shipping-taxable","23":"purchasable","24":"product-type-simple"},"yoast_head":"<!-- This site is optimized with the Yoast SEO plugin v27.3 - https:\/\/yoast.com\/product\/yoast-seo-wordpress\/ -->\n<title>H\u00fcdrol\u00fc\u00fcsitud Kollageen (300g) - 100% puhas ICONFIT kollageeni pulber<\/title>\n<meta name=\"description\" content=\"Soodsaim h\u00fcdrol\u00fc\u00fcsitud kollageen Eestis. 400g p\u00fcsivalt soodsa hinnaga 11,90\u20ac. \u00dclikiire kauba tarne: 1-3 p\u00e4eva. Kollageeni puhtaim allikas!\" \/>\n<meta name=\"robots\" content=\"index, follow, max-snippet:-1, max-image-preview:large, max-video-preview:-1\" \/>\n<link rel=\"canonical\" href=\"https:\/\/fit360.ee\/en\/pood\/product-groups\/joint-support-en\/hudroluusitud-kollageen-600g\/\" \/>\n<meta property=\"og:locale\" content=\"en_US\" \/>\n<meta property=\"og:type\" content=\"article\" \/>\n<meta property=\"og:title\" content=\"H\u00fcdrol\u00fc\u00fcsitud Kollageen (300g) - 100% puhas ICONFIT kollageeni pulber\" \/>\n<meta property=\"og:description\" content=\"Soodsaim h\u00fcdrol\u00fc\u00fcsitud kollageen Eestis. 400g p\u00fcsivalt soodsa hinnaga 11,90\u20ac. \u00dclikiire kauba tarne: 1-3 p\u00e4eva. Kollageeni puhtaim allikas!\" \/>\n<meta property=\"og:url\" content=\"https:\/\/fit360.ee\/en\/pood\/product-groups\/joint-support-en\/hudroluusitud-kollageen-600g\/\" \/>\n<meta property=\"og:site_name\" content=\"Fit360\" \/>\n<meta property=\"article:modified_time\" content=\"2024-05-21T08:51:51+00:00\" \/>\n<meta property=\"og:image\" content=\"https:\/\/fit360.ee\/wp-content\/uploads\/2017\/12\/hudroluusitud-kollageen-iconfit-fit360.ee_.jpg\" \/>\n\t<meta property=\"og:image:width\" content=\"695\" \/>\n\t<meta property=\"og:image:height\" content=\"695\" \/>\n\t<meta property=\"og:image:type\" content=\"image\/jpeg\" \/>\n<meta name=\"twitter:card\" content=\"summary_large_image\" \/>\n<meta name=\"twitter:label1\" content=\"Est. reading time\" \/>\n\t<meta name=\"twitter:data1\" content=\"3 minutes\" \/>\n<script type=\"application\/ld+json\" class=\"yoast-schema-graph\">{\"@context\":\"https:\\\/\\\/schema.org\",\"@graph\":[{\"@type\":\"WebPage\",\"@id\":\"https:\\\/\\\/fit360.ee\\\/en\\\/pood\\\/product-groups\\\/joint-support-en\\\/hudroluusitud-kollageen-600g\\\/\",\"url\":\"https:\\\/\\\/fit360.ee\\\/en\\\/pood\\\/product-groups\\\/joint-support-en\\\/hudroluusitud-kollageen-600g\\\/\",\"name\":\"H\u00fcdrol\u00fc\u00fcsitud Kollageen (300g) - 100% puhas ICONFIT kollageeni pulber\",\"isPartOf\":{\"@id\":\"https:\\\/\\\/fit360.ee\\\/en\\\/#website\"},\"primaryImageOfPage\":{\"@id\":\"https:\\\/\\\/fit360.ee\\\/en\\\/pood\\\/product-groups\\\/joint-support-en\\\/hudroluusitud-kollageen-600g\\\/#primaryimage\"},\"image\":{\"@id\":\"https:\\\/\\\/fit360.ee\\\/en\\\/pood\\\/product-groups\\\/joint-support-en\\\/hudroluusitud-kollageen-600g\\\/#primaryimage\"},\"thumbnailUrl\":\"https:\\\/\\\/fit360.ee\\\/wp-content\\\/uploads\\\/2017\\\/12\\\/hudroluusitud-kollageen-iconfit-fit360.ee_.jpg\",\"datePublished\":\"2017-12-04T10:09:34+00:00\",\"dateModified\":\"2024-05-21T08:51:51+00:00\",\"description\":\"Soodsaim h\u00fcdrol\u00fc\u00fcsitud kollageen Eestis. 400g p\u00fcsivalt soodsa hinnaga 11,90\u20ac. \u00dclikiire kauba tarne: 1-3 p\u00e4eva. Kollageeni puhtaim allikas!\",\"breadcrumb\":{\"@id\":\"https:\\\/\\\/fit360.ee\\\/en\\\/pood\\\/product-groups\\\/joint-support-en\\\/hudroluusitud-kollageen-600g\\\/#breadcrumb\"},\"inLanguage\":\"en-US\",\"potentialAction\":[{\"@type\":\"ReadAction\",\"target\":[\"https:\\\/\\\/fit360.ee\\\/en\\\/pood\\\/product-groups\\\/joint-support-en\\\/hudroluusitud-kollageen-600g\\\/\"]}]},{\"@type\":\"ImageObject\",\"inLanguage\":\"en-US\",\"@id\":\"https:\\\/\\\/fit360.ee\\\/en\\\/pood\\\/product-groups\\\/joint-support-en\\\/hudroluusitud-kollageen-600g\\\/#primaryimage\",\"url\":\"https:\\\/\\\/fit360.ee\\\/wp-content\\\/uploads\\\/2017\\\/12\\\/hudroluusitud-kollageen-iconfit-fit360.ee_.jpg\",\"contentUrl\":\"https:\\\/\\\/fit360.ee\\\/wp-content\\\/uploads\\\/2017\\\/12\\\/hudroluusitud-kollageen-iconfit-fit360.ee_.jpg\",\"width\":695,\"height\":695,\"caption\":\"h\u00fcdrol\u00fc\u00fcsitud kollageen iconfit - fit360.ee\"},{\"@type\":\"BreadcrumbList\",\"@id\":\"https:\\\/\\\/fit360.ee\\\/en\\\/pood\\\/product-groups\\\/joint-support-en\\\/hudroluusitud-kollageen-600g\\\/#breadcrumb\",\"itemListElement\":[{\"@type\":\"ListItem\",\"position\":1,\"name\":\"Home\",\"item\":\"https:\\\/\\\/fit360.ee\\\/en\\\/\"},{\"@type\":\"ListItem\",\"position\":2,\"name\":\"Shop\",\"item\":\"https:\\\/\\\/fit360.ee\\\/en\\\/shop\\\/\"},{\"@type\":\"ListItem\",\"position\":3,\"name\":\"H\u00fcdrol\u00fc\u00fcsitud Kollageen (300g)\"}]},{\"@type\":\"WebSite\",\"@id\":\"https:\\\/\\\/fit360.ee\\\/en\\\/#website\",\"url\":\"https:\\\/\\\/fit360.ee\\\/en\\\/\",\"name\":\"Fit360\",\"description\":\"\",\"publisher\":{\"@id\":\"https:\\\/\\\/fit360.ee\\\/en\\\/#organization\"},\"potentialAction\":[{\"@type\":\"SearchAction\",\"target\":{\"@type\":\"EntryPoint\",\"urlTemplate\":\"https:\\\/\\\/fit360.ee\\\/en\\\/?s={search_term_string}\"},\"query-input\":{\"@type\":\"PropertyValueSpecification\",\"valueRequired\":true,\"valueName\":\"search_term_string\"}}],\"inLanguage\":\"en-US\"},{\"@type\":\"Organization\",\"@id\":\"https:\\\/\\\/fit360.ee\\\/en\\\/#organization\",\"name\":\"Fit360\",\"url\":\"https:\\\/\\\/fit360.ee\\\/en\\\/\",\"logo\":{\"@type\":\"ImageObject\",\"inLanguage\":\"en-US\",\"@id\":\"https:\\\/\\\/fit360.ee\\\/en\\\/#\\\/schema\\\/logo\\\/image\\\/\",\"url\":\"https:\\\/\\\/fit360.ee\\\/wp-content\\\/uploads\\\/2017\\\/01\\\/logo-fit360.png\",\"contentUrl\":\"https:\\\/\\\/fit360.ee\\\/wp-content\\\/uploads\\\/2017\\\/01\\\/logo-fit360.png\",\"width\":180,\"height\":66,\"caption\":\"Fit360\"},\"image\":{\"@id\":\"https:\\\/\\\/fit360.ee\\\/en\\\/#\\\/schema\\\/logo\\\/image\\\/\"}}]}<\/script>\n<!-- \/ Yoast SEO plugin. -->","yoast_head_json":{"title":"H\u00fcdrol\u00fc\u00fcsitud Kollageen (300g) - 100% puhas ICONFIT kollageeni pulber","description":"Soodsaim h\u00fcdrol\u00fc\u00fcsitud kollageen Eestis. 400g p\u00fcsivalt soodsa hinnaga 11,90\u20ac. \u00dclikiire kauba tarne: 1-3 p\u00e4eva. Kollageeni puhtaim allikas!","robots":{"index":"index","follow":"follow","max-snippet":"max-snippet:-1","max-image-preview":"max-image-preview:large","max-video-preview":"max-video-preview:-1"},"canonical":"https:\/\/fit360.ee\/en\/pood\/product-groups\/joint-support-en\/hudroluusitud-kollageen-600g\/","og_locale":"en_US","og_type":"article","og_title":"H\u00fcdrol\u00fc\u00fcsitud Kollageen (300g) - 100% puhas ICONFIT kollageeni pulber","og_description":"Soodsaim h\u00fcdrol\u00fc\u00fcsitud kollageen Eestis. 400g p\u00fcsivalt soodsa hinnaga 11,90\u20ac. \u00dclikiire kauba tarne: 1-3 p\u00e4eva. Kollageeni puhtaim allikas!","og_url":"https:\/\/fit360.ee\/en\/pood\/product-groups\/joint-support-en\/hudroluusitud-kollageen-600g\/","og_site_name":"Fit360","article_modified_time":"2024-05-21T08:51:51+00:00","og_image":[{"width":695,"height":695,"url":"https:\/\/fit360.ee\/wp-content\/uploads\/2017\/12\/hudroluusitud-kollageen-iconfit-fit360.ee_.jpg","type":"image\/jpeg"}],"twitter_card":"summary_large_image","twitter_misc":{"Est. reading time":"3 minutes"},"schema":{"@context":"https:\/\/schema.org","@graph":[{"@type":"WebPage","@id":"https:\/\/fit360.ee\/en\/pood\/product-groups\/joint-support-en\/hudroluusitud-kollageen-600g\/","url":"https:\/\/fit360.ee\/en\/pood\/product-groups\/joint-support-en\/hudroluusitud-kollageen-600g\/","name":"H\u00fcdrol\u00fc\u00fcsitud Kollageen (300g) - 100% puhas ICONFIT kollageeni pulber","isPartOf":{"@id":"https:\/\/fit360.ee\/en\/#website"},"primaryImageOfPage":{"@id":"https:\/\/fit360.ee\/en\/pood\/product-groups\/joint-support-en\/hudroluusitud-kollageen-600g\/#primaryimage"},"image":{"@id":"https:\/\/fit360.ee\/en\/pood\/product-groups\/joint-support-en\/hudroluusitud-kollageen-600g\/#primaryimage"},"thumbnailUrl":"https:\/\/fit360.ee\/wp-content\/uploads\/2017\/12\/hudroluusitud-kollageen-iconfit-fit360.ee_.jpg","datePublished":"2017-12-04T10:09:34+00:00","dateModified":"2024-05-21T08:51:51+00:00","description":"Soodsaim h\u00fcdrol\u00fc\u00fcsitud kollageen Eestis. 400g p\u00fcsivalt soodsa hinnaga 11,90\u20ac. \u00dclikiire kauba tarne: 1-3 p\u00e4eva. Kollageeni puhtaim allikas!","breadcrumb":{"@id":"https:\/\/fit360.ee\/en\/pood\/product-groups\/joint-support-en\/hudroluusitud-kollageen-600g\/#breadcrumb"},"inLanguage":"en-US","potentialAction":[{"@type":"ReadAction","target":["https:\/\/fit360.ee\/en\/pood\/product-groups\/joint-support-en\/hudroluusitud-kollageen-600g\/"]}]},{"@type":"ImageObject","inLanguage":"en-US","@id":"https:\/\/fit360.ee\/en\/pood\/product-groups\/joint-support-en\/hudroluusitud-kollageen-600g\/#primaryimage","url":"https:\/\/fit360.ee\/wp-content\/uploads\/2017\/12\/hudroluusitud-kollageen-iconfit-fit360.ee_.jpg","contentUrl":"https:\/\/fit360.ee\/wp-content\/uploads\/2017\/12\/hudroluusitud-kollageen-iconfit-fit360.ee_.jpg","width":695,"height":695,"caption":"h\u00fcdrol\u00fc\u00fcsitud kollageen iconfit - fit360.ee"},{"@type":"BreadcrumbList","@id":"https:\/\/fit360.ee\/en\/pood\/product-groups\/joint-support-en\/hudroluusitud-kollageen-600g\/#breadcrumb","itemListElement":[{"@type":"ListItem","position":1,"name":"Home","item":"https:\/\/fit360.ee\/en\/"},{"@type":"ListItem","position":2,"name":"Shop","item":"https:\/\/fit360.ee\/en\/shop\/"},{"@type":"ListItem","position":3,"name":"H\u00fcdrol\u00fc\u00fcsitud Kollageen (300g)"}]},{"@type":"WebSite","@id":"https:\/\/fit360.ee\/en\/#website","url":"https:\/\/fit360.ee\/en\/","name":"Fit360","description":"","publisher":{"@id":"https:\/\/fit360.ee\/en\/#organization"},"potentialAction":[{"@type":"SearchAction","target":{"@type":"EntryPoint","urlTemplate":"https:\/\/fit360.ee\/en\/?s={search_term_string}"},"query-input":{"@type":"PropertyValueSpecification","valueRequired":true,"valueName":"search_term_string"}}],"inLanguage":"en-US"},{"@type":"Organization","@id":"https:\/\/fit360.ee\/en\/#organization","name":"Fit360","url":"https:\/\/fit360.ee\/en\/","logo":{"@type":"ImageObject","inLanguage":"en-US","@id":"https:\/\/fit360.ee\/en\/#\/schema\/logo\/image\/","url":"https:\/\/fit360.ee\/wp-content\/uploads\/2017\/01\/logo-fit360.png","contentUrl":"https:\/\/fit360.ee\/wp-content\/uploads\/2017\/01\/logo-fit360.png","width":180,"height":66,"caption":"Fit360"},"image":{"@id":"https:\/\/fit360.ee\/en\/#\/schema\/logo\/image\/"}}]}},"_links":{"self":[{"href":"https:\/\/fit360.ee\/en\/wp-json\/wp\/v2\/product\/14986","targetHints":{"allow":["GET"]}}],"collection":[{"href":"https:\/\/fit360.ee\/en\/wp-json\/wp\/v2\/product"}],"about":[{"href":"https:\/\/fit360.ee\/en\/wp-json\/wp\/v2\/types\/product"}],"replies":[{"embeddable":true,"href":"https:\/\/fit360.ee\/en\/wp-json\/wp\/v2\/comments?post=14986"}],"wp:featuredmedia":[{"embeddable":true,"href":"https:\/\/fit360.ee\/en\/wp-json\/wp\/v2\/media\/74481"}],"wp:attachment":[{"href":"https:\/\/fit360.ee\/en\/wp-json\/wp\/v2\/media?parent=14986"}],"wp:term":[{"taxonomy":"product_brand","embeddable":true,"href":"https:\/\/fit360.ee\/en\/wp-json\/wp\/v2\/product_brand?post=14986"},{"taxonomy":"product_cat","embeddable":true,"href":"https:\/\/fit360.ee\/en\/wp-json\/wp\/v2\/product_cat?post=14986"},{"taxonomy":"product_tag","embeddable":true,"href":"https:\/\/fit360.ee\/en\/wp-json\/wp\/v2\/product_tag?post=14986"},{"taxonomy":"giftcard-category","embeddable":true,"href":"https:\/\/fit360.ee\/en\/wp-json\/wp\/v2\/giftcard-category?post=14986"}],"curies":[{"name":"wp","href":"https:\/\/api.w.org\/{rel}","templated":true}]}}