{"id":15259,"date":"2017-12-28T17:54:26","date_gmt":"2017-12-28T15:54:26","guid":{"rendered":"https:\/\/fit360.ee\/?post_type=product&#038;p=15259\/"},"modified":"2025-03-18T23:09:29","modified_gmt":"2025-03-18T21:09:29","slug":"qnt-metapure-zero-carb-protein-isolate-2kg","status":"publish","type":"product","link":"https:\/\/fit360.ee\/en\/pood\/product-groups\/protein-poweders-en\/whey-protein-en\/qnt-metapure-zero-carb-protein-isolate-2kg\/","title":{"rendered":"QNT Metapure Zero Carb Protein Isolate (2kg)"},"content":{"rendered":"<p><strong>FLAVOUR:\u00a0<\/strong>Banana, Chocolate, Coconut, Lemon-Meringue, Red Candy, Stracciatella, Strawberry, Strawberry\/Banana, Tiramisu, Vanilla, White Chocolate, Yoghurt Forest Fruits<\/p>\n<p><strong>PACKAGING:\u00a0<\/strong>1kg and 2kg<\/p>\n<p><strong>USE:\u00a0<\/strong>Mix daily 2 full scoops of 30g with 500ml of water<\/p>\n<p><strong>INGREDIENTS:\u00a0<\/strong>whey protein isolate (contains milk, soya lecithin), flavour, sweetener: e955.<\/p>\n<p><strong>ALLERGEN INFORMATION :\u00a0<\/strong>Contains milk, soya.<\/p>\n<div class=\"tab-content\">\n<div id=\"t4\" class=\"tab-pane fade technique active in\">\n<table class=\"N'table'\">\n<tbody>\n<tr>\n<td><\/td>\n<td><b>\/60 g<\/b><\/td>\n<td><b>\/100 g<\/b><\/td>\n<\/tr>\n<tr>\n<td>Energy<\/td>\n<td>224 kcal (932 kJ)<\/td>\n<td>372 kcal (1554 kJ)<\/td>\n<\/tr>\n<tr>\n<td>Fat<\/td>\n<td>0,6 g<\/td>\n<td>1 g<\/td>\n<\/tr>\n<tr>\n<td>&#8211; Saturates<\/td>\n<td>0,4 g<\/td>\n<td>0,7 g<\/td>\n<\/tr>\n<tr>\n<td>Carbohydrates<\/td>\n<td>1,6 g<\/td>\n<td>2,6 g<\/td>\n<\/tr>\n<tr>\n<td>&#8211; Sugars<\/td>\n<td>0,8 g<\/td>\n<td>1,3 g<\/td>\n<\/tr>\n<tr>\n<td>Protein<\/td>\n<td>54,6 g<\/td>\n<td>91 g<\/td>\n<\/tr>\n<tr>\n<td>Salt<\/td>\n<td>0,26 g<\/td>\n<td>0,45 g<\/td>\n<\/tr>\n<tr>\n<td><b>L-Leucin (BCAA)<\/b><\/td>\n<td><b>5706 mg<\/b><\/td>\n<td><b>9510 mg<\/b><\/td>\n<\/tr>\n<tr>\n<td><b>L-Valin (BCAA)<\/b><\/td>\n<td><b>3354 mg<\/b><\/td>\n<td><b>5590 mg<\/b><\/td>\n<\/tr>\n<tr>\n<td><b>L-Isoleucin (BCAA)<\/b><\/td>\n<td><b>3528 mg<\/b><\/td>\n<td><b>5880 mg<\/b><\/td>\n<\/tr>\n<\/tbody>\n<\/table>\n<\/div>\n<\/div>\n<div class=\"produits produits-complementaires\"><\/div>\n","protected":false},"excerpt":{"rendered":"<p>Metapure is at the leading edge of technology, thanks to its unique manufacturing process! Exclusively composed of ultra-filtered whey protein isolate and zero carbohydrates, this formula is easily digestible with a very low lactose content. It also contains essential amino acids, including BCAA\u2019s. It is suited for all athletes and can contribute to maintain and increase lean muscle mass.<\/p>\n<p><strong>KEY FACTS:<\/strong><\/p>\n<p>\u2022 Ultra-filtered whey isolate<\/p>\n<p>\u2022 Contributes to maintain lean muscle mass<\/p>\n<p>\u2022 Zero carb &amp; very low lactose content<\/p>\n<p>&nbsp;<\/p>\n","protected":false},"featured_media":84790,"comment_status":"open","ping_status":"closed","template":"","meta":[],"product_brand":[],"product_cat":[535,1274,2420,2424],"product_tag":[5244,1743],"giftcard-category":[],"class_list":{"0":"post-15259","1":"product","2":"type-product","3":"status-publish","4":"has-post-thumbnail","6":"product_cat-protein-poweders-en","7":"product_cat-qnt-en","8":"product_cat-whey-protein-en","9":"product_cat-whey-isolate-protein-en","10":"product_tag-protein-isolate-en","11":"product_tag-vadakuvalgu-isolaat-en","12":"pa_maitse-banana","13":"pa_maitse-chocolate","14":"pa_maitse-coconut","15":"pa_maitse-vanilli","16":"pa_maitse-white-chocolate-en","18":"first","19":"outofstock","20":"sale","21":"taxable","22":"shipping-taxable","23":"purchasable","24":"product-type-variable"},"yoast_head":"<!-- This site is optimized with the Yoast SEO plugin v27.3 - https:\/\/yoast.com\/product\/yoast-seo-wordpress\/ -->\n<title>QNT Metapure Zero Carb Protein Isolate (2kg) - Vadakuvalgu Isolaat -<\/title>\n<meta name=\"description\" content=\"QNT Metapure proteiinipulber on ultrafiltreeritud vadakuvalgu isolaat kuni 93% proteiini sisaldusega. Suurep\u00e4rased maitsed! \u00dclikiire tarne: 1-3 p\u00e4eva.\" \/>\n<meta name=\"robots\" content=\"index, follow, max-snippet:-1, max-image-preview:large, max-video-preview:-1\" \/>\n<link rel=\"canonical\" href=\"https:\/\/fit360.ee\/en\/pood\/product-groups\/protein-poweders-en\/whey-protein-en\/qnt-metapure-zero-carb-protein-isolate-2kg\/\" \/>\n<meta property=\"og:locale\" content=\"en_US\" \/>\n<meta property=\"og:type\" content=\"article\" \/>\n<meta property=\"og:title\" content=\"QNT Metapure Zero Carb Protein Isolate (2kg) - Vadakuvalgu Isolaat -\" \/>\n<meta property=\"og:description\" content=\"QNT Metapure proteiinipulber on ultrafiltreeritud vadakuvalgu isolaat kuni 93% proteiini sisaldusega. Suurep\u00e4rased maitsed! \u00dclikiire tarne: 1-3 p\u00e4eva.\" \/>\n<meta property=\"og:url\" content=\"https:\/\/fit360.ee\/en\/pood\/product-groups\/protein-poweders-en\/whey-protein-en\/qnt-metapure-zero-carb-protein-isolate-2kg\/\" \/>\n<meta property=\"og:site_name\" content=\"Fit360\" \/>\n<meta property=\"article:modified_time\" content=\"2025-03-18T21:09:29+00:00\" \/>\n<meta property=\"og:image\" content=\"https:\/\/fit360.ee\/wp-content\/uploads\/2017\/12\/qnt-metapure-whey-isolate-protein-fit360.ee_.png\" \/>\n\t<meta property=\"og:image:width\" content=\"1500\" \/>\n\t<meta property=\"og:image:height\" content=\"1500\" \/>\n\t<meta property=\"og:image:type\" content=\"image\/png\" \/>\n<meta name=\"twitter:card\" content=\"summary_large_image\" \/>\n<script type=\"application\/ld+json\" class=\"yoast-schema-graph\">{\"@context\":\"https:\\\/\\\/schema.org\",\"@graph\":[{\"@type\":\"WebPage\",\"@id\":\"https:\\\/\\\/fit360.ee\\\/en\\\/pood\\\/product-groups\\\/protein-poweders-en\\\/whey-protein-en\\\/qnt-metapure-zero-carb-protein-isolate-2kg\\\/\",\"url\":\"https:\\\/\\\/fit360.ee\\\/en\\\/pood\\\/product-groups\\\/protein-poweders-en\\\/whey-protein-en\\\/qnt-metapure-zero-carb-protein-isolate-2kg\\\/\",\"name\":\"QNT Metapure Zero Carb Protein Isolate (2kg) - Vadakuvalgu Isolaat -\",\"isPartOf\":{\"@id\":\"https:\\\/\\\/fit360.ee\\\/en\\\/#website\"},\"primaryImageOfPage\":{\"@id\":\"https:\\\/\\\/fit360.ee\\\/en\\\/pood\\\/product-groups\\\/protein-poweders-en\\\/whey-protein-en\\\/qnt-metapure-zero-carb-protein-isolate-2kg\\\/#primaryimage\"},\"image\":{\"@id\":\"https:\\\/\\\/fit360.ee\\\/en\\\/pood\\\/product-groups\\\/protein-poweders-en\\\/whey-protein-en\\\/qnt-metapure-zero-carb-protein-isolate-2kg\\\/#primaryimage\"},\"thumbnailUrl\":\"https:\\\/\\\/fit360.ee\\\/wp-content\\\/uploads\\\/2017\\\/12\\\/qnt-metapure-whey-isolate-protein-fit360.ee_.png\",\"datePublished\":\"2017-12-28T15:54:26+00:00\",\"dateModified\":\"2025-03-18T21:09:29+00:00\",\"description\":\"QNT Metapure proteiinipulber on ultrafiltreeritud vadakuvalgu isolaat kuni 93% proteiini sisaldusega. Suurep\u00e4rased maitsed! \u00dclikiire tarne: 1-3 p\u00e4eva.\",\"breadcrumb\":{\"@id\":\"https:\\\/\\\/fit360.ee\\\/en\\\/pood\\\/product-groups\\\/protein-poweders-en\\\/whey-protein-en\\\/qnt-metapure-zero-carb-protein-isolate-2kg\\\/#breadcrumb\"},\"inLanguage\":\"en-US\",\"potentialAction\":[{\"@type\":\"ReadAction\",\"target\":[\"https:\\\/\\\/fit360.ee\\\/en\\\/pood\\\/product-groups\\\/protein-poweders-en\\\/whey-protein-en\\\/qnt-metapure-zero-carb-protein-isolate-2kg\\\/\"]}]},{\"@type\":\"ImageObject\",\"inLanguage\":\"en-US\",\"@id\":\"https:\\\/\\\/fit360.ee\\\/en\\\/pood\\\/product-groups\\\/protein-poweders-en\\\/whey-protein-en\\\/qnt-metapure-zero-carb-protein-isolate-2kg\\\/#primaryimage\",\"url\":\"https:\\\/\\\/fit360.ee\\\/wp-content\\\/uploads\\\/2017\\\/12\\\/qnt-metapure-whey-isolate-protein-fit360.ee_.png\",\"contentUrl\":\"https:\\\/\\\/fit360.ee\\\/wp-content\\\/uploads\\\/2017\\\/12\\\/qnt-metapure-whey-isolate-protein-fit360.ee_.png\",\"width\":1500,\"height\":1500,\"caption\":\"qnt metapure whey isolate protein - fit360.ee\"},{\"@type\":\"BreadcrumbList\",\"@id\":\"https:\\\/\\\/fit360.ee\\\/en\\\/pood\\\/product-groups\\\/protein-poweders-en\\\/whey-protein-en\\\/qnt-metapure-zero-carb-protein-isolate-2kg\\\/#breadcrumb\",\"itemListElement\":[{\"@type\":\"ListItem\",\"position\":1,\"name\":\"Home\",\"item\":\"https:\\\/\\\/fit360.ee\\\/en\\\/\"},{\"@type\":\"ListItem\",\"position\":2,\"name\":\"Shop\",\"item\":\"https:\\\/\\\/fit360.ee\\\/en\\\/shop\\\/\"},{\"@type\":\"ListItem\",\"position\":3,\"name\":\"QNT Metapure Zero Carb Protein Isolate (2kg)\"}]},{\"@type\":\"WebSite\",\"@id\":\"https:\\\/\\\/fit360.ee\\\/en\\\/#website\",\"url\":\"https:\\\/\\\/fit360.ee\\\/en\\\/\",\"name\":\"Fit360\",\"description\":\"\",\"publisher\":{\"@id\":\"https:\\\/\\\/fit360.ee\\\/en\\\/#organization\"},\"potentialAction\":[{\"@type\":\"SearchAction\",\"target\":{\"@type\":\"EntryPoint\",\"urlTemplate\":\"https:\\\/\\\/fit360.ee\\\/en\\\/?s={search_term_string}\"},\"query-input\":{\"@type\":\"PropertyValueSpecification\",\"valueRequired\":true,\"valueName\":\"search_term_string\"}}],\"inLanguage\":\"en-US\"},{\"@type\":\"Organization\",\"@id\":\"https:\\\/\\\/fit360.ee\\\/en\\\/#organization\",\"name\":\"Fit360\",\"url\":\"https:\\\/\\\/fit360.ee\\\/en\\\/\",\"logo\":{\"@type\":\"ImageObject\",\"inLanguage\":\"en-US\",\"@id\":\"https:\\\/\\\/fit360.ee\\\/en\\\/#\\\/schema\\\/logo\\\/image\\\/\",\"url\":\"https:\\\/\\\/fit360.ee\\\/wp-content\\\/uploads\\\/2017\\\/01\\\/logo-fit360.png\",\"contentUrl\":\"https:\\\/\\\/fit360.ee\\\/wp-content\\\/uploads\\\/2017\\\/01\\\/logo-fit360.png\",\"width\":180,\"height\":66,\"caption\":\"Fit360\"},\"image\":{\"@id\":\"https:\\\/\\\/fit360.ee\\\/en\\\/#\\\/schema\\\/logo\\\/image\\\/\"}}]}<\/script>\n<!-- \/ Yoast SEO plugin. -->","yoast_head_json":{"title":"QNT Metapure Zero Carb Protein Isolate (2kg) - Vadakuvalgu Isolaat -","description":"QNT Metapure proteiinipulber on ultrafiltreeritud vadakuvalgu isolaat kuni 93% proteiini sisaldusega. Suurep\u00e4rased maitsed! \u00dclikiire tarne: 1-3 p\u00e4eva.","robots":{"index":"index","follow":"follow","max-snippet":"max-snippet:-1","max-image-preview":"max-image-preview:large","max-video-preview":"max-video-preview:-1"},"canonical":"https:\/\/fit360.ee\/en\/pood\/product-groups\/protein-poweders-en\/whey-protein-en\/qnt-metapure-zero-carb-protein-isolate-2kg\/","og_locale":"en_US","og_type":"article","og_title":"QNT Metapure Zero Carb Protein Isolate (2kg) - Vadakuvalgu Isolaat -","og_description":"QNT Metapure proteiinipulber on ultrafiltreeritud vadakuvalgu isolaat kuni 93% proteiini sisaldusega. Suurep\u00e4rased maitsed! \u00dclikiire tarne: 1-3 p\u00e4eva.","og_url":"https:\/\/fit360.ee\/en\/pood\/product-groups\/protein-poweders-en\/whey-protein-en\/qnt-metapure-zero-carb-protein-isolate-2kg\/","og_site_name":"Fit360","article_modified_time":"2025-03-18T21:09:29+00:00","og_image":[{"width":1500,"height":1500,"url":"https:\/\/fit360.ee\/wp-content\/uploads\/2017\/12\/qnt-metapure-whey-isolate-protein-fit360.ee_.png","type":"image\/png"}],"twitter_card":"summary_large_image","schema":{"@context":"https:\/\/schema.org","@graph":[{"@type":"WebPage","@id":"https:\/\/fit360.ee\/en\/pood\/product-groups\/protein-poweders-en\/whey-protein-en\/qnt-metapure-zero-carb-protein-isolate-2kg\/","url":"https:\/\/fit360.ee\/en\/pood\/product-groups\/protein-poweders-en\/whey-protein-en\/qnt-metapure-zero-carb-protein-isolate-2kg\/","name":"QNT Metapure Zero Carb Protein Isolate (2kg) - Vadakuvalgu Isolaat -","isPartOf":{"@id":"https:\/\/fit360.ee\/en\/#website"},"primaryImageOfPage":{"@id":"https:\/\/fit360.ee\/en\/pood\/product-groups\/protein-poweders-en\/whey-protein-en\/qnt-metapure-zero-carb-protein-isolate-2kg\/#primaryimage"},"image":{"@id":"https:\/\/fit360.ee\/en\/pood\/product-groups\/protein-poweders-en\/whey-protein-en\/qnt-metapure-zero-carb-protein-isolate-2kg\/#primaryimage"},"thumbnailUrl":"https:\/\/fit360.ee\/wp-content\/uploads\/2017\/12\/qnt-metapure-whey-isolate-protein-fit360.ee_.png","datePublished":"2017-12-28T15:54:26+00:00","dateModified":"2025-03-18T21:09:29+00:00","description":"QNT Metapure proteiinipulber on ultrafiltreeritud vadakuvalgu isolaat kuni 93% proteiini sisaldusega. Suurep\u00e4rased maitsed! \u00dclikiire tarne: 1-3 p\u00e4eva.","breadcrumb":{"@id":"https:\/\/fit360.ee\/en\/pood\/product-groups\/protein-poweders-en\/whey-protein-en\/qnt-metapure-zero-carb-protein-isolate-2kg\/#breadcrumb"},"inLanguage":"en-US","potentialAction":[{"@type":"ReadAction","target":["https:\/\/fit360.ee\/en\/pood\/product-groups\/protein-poweders-en\/whey-protein-en\/qnt-metapure-zero-carb-protein-isolate-2kg\/"]}]},{"@type":"ImageObject","inLanguage":"en-US","@id":"https:\/\/fit360.ee\/en\/pood\/product-groups\/protein-poweders-en\/whey-protein-en\/qnt-metapure-zero-carb-protein-isolate-2kg\/#primaryimage","url":"https:\/\/fit360.ee\/wp-content\/uploads\/2017\/12\/qnt-metapure-whey-isolate-protein-fit360.ee_.png","contentUrl":"https:\/\/fit360.ee\/wp-content\/uploads\/2017\/12\/qnt-metapure-whey-isolate-protein-fit360.ee_.png","width":1500,"height":1500,"caption":"qnt metapure whey isolate protein - fit360.ee"},{"@type":"BreadcrumbList","@id":"https:\/\/fit360.ee\/en\/pood\/product-groups\/protein-poweders-en\/whey-protein-en\/qnt-metapure-zero-carb-protein-isolate-2kg\/#breadcrumb","itemListElement":[{"@type":"ListItem","position":1,"name":"Home","item":"https:\/\/fit360.ee\/en\/"},{"@type":"ListItem","position":2,"name":"Shop","item":"https:\/\/fit360.ee\/en\/shop\/"},{"@type":"ListItem","position":3,"name":"QNT Metapure Zero Carb Protein Isolate (2kg)"}]},{"@type":"WebSite","@id":"https:\/\/fit360.ee\/en\/#website","url":"https:\/\/fit360.ee\/en\/","name":"Fit360","description":"","publisher":{"@id":"https:\/\/fit360.ee\/en\/#organization"},"potentialAction":[{"@type":"SearchAction","target":{"@type":"EntryPoint","urlTemplate":"https:\/\/fit360.ee\/en\/?s={search_term_string}"},"query-input":{"@type":"PropertyValueSpecification","valueRequired":true,"valueName":"search_term_string"}}],"inLanguage":"en-US"},{"@type":"Organization","@id":"https:\/\/fit360.ee\/en\/#organization","name":"Fit360","url":"https:\/\/fit360.ee\/en\/","logo":{"@type":"ImageObject","inLanguage":"en-US","@id":"https:\/\/fit360.ee\/en\/#\/schema\/logo\/image\/","url":"https:\/\/fit360.ee\/wp-content\/uploads\/2017\/01\/logo-fit360.png","contentUrl":"https:\/\/fit360.ee\/wp-content\/uploads\/2017\/01\/logo-fit360.png","width":180,"height":66,"caption":"Fit360"},"image":{"@id":"https:\/\/fit360.ee\/en\/#\/schema\/logo\/image\/"}}]}},"_links":{"self":[{"href":"https:\/\/fit360.ee\/en\/wp-json\/wp\/v2\/product\/15259","targetHints":{"allow":["GET"]}}],"collection":[{"href":"https:\/\/fit360.ee\/en\/wp-json\/wp\/v2\/product"}],"about":[{"href":"https:\/\/fit360.ee\/en\/wp-json\/wp\/v2\/types\/product"}],"replies":[{"embeddable":true,"href":"https:\/\/fit360.ee\/en\/wp-json\/wp\/v2\/comments?post=15259"}],"wp:featuredmedia":[{"embeddable":true,"href":"https:\/\/fit360.ee\/en\/wp-json\/wp\/v2\/media\/84790"}],"wp:attachment":[{"href":"https:\/\/fit360.ee\/en\/wp-json\/wp\/v2\/media?parent=15259"}],"wp:term":[{"taxonomy":"product_brand","embeddable":true,"href":"https:\/\/fit360.ee\/en\/wp-json\/wp\/v2\/product_brand?post=15259"},{"taxonomy":"product_cat","embeddable":true,"href":"https:\/\/fit360.ee\/en\/wp-json\/wp\/v2\/product_cat?post=15259"},{"taxonomy":"product_tag","embeddable":true,"href":"https:\/\/fit360.ee\/en\/wp-json\/wp\/v2\/product_tag?post=15259"},{"taxonomy":"giftcard-category","embeddable":true,"href":"https:\/\/fit360.ee\/en\/wp-json\/wp\/v2\/giftcard-category?post=15259"}],"curies":[{"name":"wp","href":"https:\/\/api.w.org\/{rel}","templated":true}]}}