{"id":16086,"date":"2018-03-26T17:28:46","date_gmt":"2018-03-26T15:28:46","guid":{"rendered":"https:\/\/fit360.ee\/pood\/uncategorized\/hmb-300g\/"},"modified":"2024-07-06T21:34:48","modified_gmt":"2024-07-06T19:34:48","slug":"hmb-300g","status":"publish","type":"product","link":"https:\/\/fit360.ee\/en\/pood\/product-groups\/amino-acids-bcaa\/hmb-en\/hmb-300g\/","title":{"rendered":"HMB (300g)"},"content":{"rendered":"<p><strong>Ingredients:<\/strong> HMB (beta-hydroxy-beta-methylbutyrate), flavorings &#8211; citric acid, sweeteners &#8211; sucralose, acesulfame potassium, rice starch, coloring agents: carotenes &#8211; orange-lemon flavors, beetroot red &#8211; exotic and strawberry-raspberry flavors, indigo carmine &#8211; forest berry flavor, pistachio green &#8211; kiwi-grapefruit flavors.<\/p>\n<p><strong>How to use<\/strong>: mix 1g of powder with 133ml of water (1 scoop). Take 3 times a day. Measuring scoop included in the package.<\/p>\n<p><strong>Size<\/strong>: 300g<\/p>\n<table width=\"900\">\n<tbody>\n<tr>\n<td width=\"644\"><b>Ingredient<\/b><\/td>\n<td width=\"64\"><strong>1g<\/strong><\/td>\n<td width=\"64\"><strong>% RDA<\/strong><\/td>\n<td width=\"64\"><strong>3 servings (3g ):<\/strong><\/td>\n<td width=\"64\"><strong>% RDA<\/strong><\/td>\n<\/tr>\n<tr>\n<td width=\"644\">\u00a0HMB<\/td>\n<td width=\"64\">800 mg<\/td>\n<td width=\"64\">**<\/td>\n<td width=\"64\">2400 mg<\/td>\n<td width=\"64\">**<\/td>\n<\/tr>\n<\/tbody>\n<\/table>\n","protected":false},"excerpt":{"rendered":"<p><strong>HMB<\/strong>\u00a0is an organic compound which forms in the body during the catabolic decomposition of proteins. One main amino acid that bounds with it is leucine.\u00a0 The main function of\u00a0<strong>HMB<\/strong> is preserving muscle mass during an intensive training, competition or diet.<\/p>\n<p><strong>HMB\u00a0<\/strong>is fitting for gym enthusiasts whose purpose is growing muscle mass and muscle definition as well as recovering from the training more effectively. Even during sports like rugby, MMA or sprints the partaker can lose muscle during an intensive training and\/or competition.\u00a0<strong>HMB\u00a0<\/strong>is a supreme food supplement for preventing loss of muscle and it can also grow muscle mass and strength thanks to a quicker recovery between the training.<\/p>\n","protected":false},"featured_media":37967,"comment_status":"open","ping_status":"closed","template":"","meta":[],"product_brand":[],"product_cat":[520,2579,515,536],"product_tag":[],"giftcard-category":[],"class_list":{"0":"post-16086","1":"product","2":"type-product","3":"status-publish","4":"has-post-thumbnail","6":"product_cat-amino-acids-bcaa","7":"product_cat-hmb-en","8":"product_cat-real-pharm","9":"product_cat-vitamins-and-minerals-en","10":"pa_maitse-exotic-en","11":"pa_maitse-lemon-orange-en","12":"pa_maitse-maasika-vaarika-en","14":"first","15":"outofstock","16":"taxable","17":"shipping-taxable","18":"product-type-simple"},"yoast_head":"<!-- This site is optimized with the Yoast SEO plugin v27.3 - https:\/\/yoast.com\/product\/yoast-seo-wordpress\/ -->\n<title>HMB pulber (300g) - Aminohapped - Kiire tarne: 1-3 p\u00e4eva - Fit360<\/title>\n<meta name=\"description\" content=\"HMB pulber -\u00a0p\u00f5hiline funktsioon on intensiivse treeningu, v\u00f5istluse v\u00f5i dieedi ajal lihasmassi s\u00e4ilitada. Samuti aitab HMB lihastel efektiivsemalt taastuda\" \/>\n<meta name=\"robots\" content=\"index, follow, max-snippet:-1, max-image-preview:large, max-video-preview:-1\" \/>\n<link rel=\"canonical\" href=\"https:\/\/fit360.ee\/en\/pood\/product-groups\/amino-acids-bcaa\/hmb-en\/hmb-300g\/\" \/>\n<meta property=\"og:locale\" content=\"en_US\" \/>\n<meta property=\"og:type\" content=\"article\" \/>\n<meta property=\"og:title\" content=\"HMB pulber (300g) - Aminohapped - Kiire tarne: 1-3 p\u00e4eva - Fit360\" \/>\n<meta property=\"og:description\" content=\"HMB pulber -\u00a0p\u00f5hiline funktsioon on intensiivse treeningu, v\u00f5istluse v\u00f5i dieedi ajal lihasmassi s\u00e4ilitada. Samuti aitab HMB lihastel efektiivsemalt taastuda\" \/>\n<meta property=\"og:url\" content=\"https:\/\/fit360.ee\/en\/pood\/product-groups\/amino-acids-bcaa\/hmb-en\/hmb-300g\/\" \/>\n<meta property=\"og:site_name\" content=\"Fit360\" \/>\n<meta property=\"article:modified_time\" content=\"2024-07-06T19:34:48+00:00\" \/>\n<meta property=\"og:image\" content=\"https:\/\/fit360.ee\/wp-content\/uploads\/2018\/03\/HMB-600x600-1.png\" \/>\n\t<meta property=\"og:image:width\" content=\"600\" \/>\n\t<meta property=\"og:image:height\" content=\"600\" \/>\n\t<meta property=\"og:image:type\" content=\"image\/png\" \/>\n<meta name=\"twitter:card\" content=\"summary_large_image\" \/>\n<script type=\"application\/ld+json\" class=\"yoast-schema-graph\">{\"@context\":\"https:\\\/\\\/schema.org\",\"@graph\":[{\"@type\":\"WebPage\",\"@id\":\"https:\\\/\\\/fit360.ee\\\/en\\\/pood\\\/product-groups\\\/amino-acids-bcaa\\\/hmb-en\\\/hmb-300g\\\/\",\"url\":\"https:\\\/\\\/fit360.ee\\\/en\\\/pood\\\/product-groups\\\/amino-acids-bcaa\\\/hmb-en\\\/hmb-300g\\\/\",\"name\":\"HMB pulber (300g) - Aminohapped - Kiire tarne: 1-3 p\u00e4eva - Fit360\",\"isPartOf\":{\"@id\":\"https:\\\/\\\/fit360.ee\\\/en\\\/#website\"},\"primaryImageOfPage\":{\"@id\":\"https:\\\/\\\/fit360.ee\\\/en\\\/pood\\\/product-groups\\\/amino-acids-bcaa\\\/hmb-en\\\/hmb-300g\\\/#primaryimage\"},\"image\":{\"@id\":\"https:\\\/\\\/fit360.ee\\\/en\\\/pood\\\/product-groups\\\/amino-acids-bcaa\\\/hmb-en\\\/hmb-300g\\\/#primaryimage\"},\"thumbnailUrl\":\"https:\\\/\\\/fit360.ee\\\/wp-content\\\/uploads\\\/2018\\\/03\\\/HMB-600x600-1.png\",\"datePublished\":\"2018-03-26T15:28:46+00:00\",\"dateModified\":\"2024-07-06T19:34:48+00:00\",\"description\":\"HMB pulber -\u00a0p\u00f5hiline funktsioon on intensiivse treeningu, v\u00f5istluse v\u00f5i dieedi ajal lihasmassi s\u00e4ilitada. Samuti aitab HMB lihastel efektiivsemalt taastuda\",\"breadcrumb\":{\"@id\":\"https:\\\/\\\/fit360.ee\\\/en\\\/pood\\\/product-groups\\\/amino-acids-bcaa\\\/hmb-en\\\/hmb-300g\\\/#breadcrumb\"},\"inLanguage\":\"en-US\",\"potentialAction\":[{\"@type\":\"ReadAction\",\"target\":[\"https:\\\/\\\/fit360.ee\\\/en\\\/pood\\\/product-groups\\\/amino-acids-bcaa\\\/hmb-en\\\/hmb-300g\\\/\"]}]},{\"@type\":\"ImageObject\",\"inLanguage\":\"en-US\",\"@id\":\"https:\\\/\\\/fit360.ee\\\/en\\\/pood\\\/product-groups\\\/amino-acids-bcaa\\\/hmb-en\\\/hmb-300g\\\/#primaryimage\",\"url\":\"https:\\\/\\\/fit360.ee\\\/wp-content\\\/uploads\\\/2018\\\/03\\\/HMB-600x600-1.png\",\"contentUrl\":\"https:\\\/\\\/fit360.ee\\\/wp-content\\\/uploads\\\/2018\\\/03\\\/HMB-600x600-1.png\",\"width\":600,\"height\":600,\"caption\":\"HMB pulber - fit360.ee\"},{\"@type\":\"BreadcrumbList\",\"@id\":\"https:\\\/\\\/fit360.ee\\\/en\\\/pood\\\/product-groups\\\/amino-acids-bcaa\\\/hmb-en\\\/hmb-300g\\\/#breadcrumb\",\"itemListElement\":[{\"@type\":\"ListItem\",\"position\":1,\"name\":\"Home\",\"item\":\"https:\\\/\\\/fit360.ee\\\/en\\\/\"},{\"@type\":\"ListItem\",\"position\":2,\"name\":\"Shop\",\"item\":\"https:\\\/\\\/fit360.ee\\\/en\\\/shop\\\/\"},{\"@type\":\"ListItem\",\"position\":3,\"name\":\"HMB (300g)\"}]},{\"@type\":\"WebSite\",\"@id\":\"https:\\\/\\\/fit360.ee\\\/en\\\/#website\",\"url\":\"https:\\\/\\\/fit360.ee\\\/en\\\/\",\"name\":\"Fit360\",\"description\":\"\",\"publisher\":{\"@id\":\"https:\\\/\\\/fit360.ee\\\/en\\\/#organization\"},\"potentialAction\":[{\"@type\":\"SearchAction\",\"target\":{\"@type\":\"EntryPoint\",\"urlTemplate\":\"https:\\\/\\\/fit360.ee\\\/en\\\/?s={search_term_string}\"},\"query-input\":{\"@type\":\"PropertyValueSpecification\",\"valueRequired\":true,\"valueName\":\"search_term_string\"}}],\"inLanguage\":\"en-US\"},{\"@type\":\"Organization\",\"@id\":\"https:\\\/\\\/fit360.ee\\\/en\\\/#organization\",\"name\":\"Fit360\",\"url\":\"https:\\\/\\\/fit360.ee\\\/en\\\/\",\"logo\":{\"@type\":\"ImageObject\",\"inLanguage\":\"en-US\",\"@id\":\"https:\\\/\\\/fit360.ee\\\/en\\\/#\\\/schema\\\/logo\\\/image\\\/\",\"url\":\"https:\\\/\\\/fit360.ee\\\/wp-content\\\/uploads\\\/2017\\\/01\\\/logo-fit360.png\",\"contentUrl\":\"https:\\\/\\\/fit360.ee\\\/wp-content\\\/uploads\\\/2017\\\/01\\\/logo-fit360.png\",\"width\":180,\"height\":66,\"caption\":\"Fit360\"},\"image\":{\"@id\":\"https:\\\/\\\/fit360.ee\\\/en\\\/#\\\/schema\\\/logo\\\/image\\\/\"}}]}<\/script>\n<!-- \/ Yoast SEO plugin. -->","yoast_head_json":{"title":"HMB pulber (300g) - Aminohapped - Kiire tarne: 1-3 p\u00e4eva - Fit360","description":"HMB pulber -\u00a0p\u00f5hiline funktsioon on intensiivse treeningu, v\u00f5istluse v\u00f5i dieedi ajal lihasmassi s\u00e4ilitada. Samuti aitab HMB lihastel efektiivsemalt taastuda","robots":{"index":"index","follow":"follow","max-snippet":"max-snippet:-1","max-image-preview":"max-image-preview:large","max-video-preview":"max-video-preview:-1"},"canonical":"https:\/\/fit360.ee\/en\/pood\/product-groups\/amino-acids-bcaa\/hmb-en\/hmb-300g\/","og_locale":"en_US","og_type":"article","og_title":"HMB pulber (300g) - Aminohapped - Kiire tarne: 1-3 p\u00e4eva - Fit360","og_description":"HMB pulber -\u00a0p\u00f5hiline funktsioon on intensiivse treeningu, v\u00f5istluse v\u00f5i dieedi ajal lihasmassi s\u00e4ilitada. Samuti aitab HMB lihastel efektiivsemalt taastuda","og_url":"https:\/\/fit360.ee\/en\/pood\/product-groups\/amino-acids-bcaa\/hmb-en\/hmb-300g\/","og_site_name":"Fit360","article_modified_time":"2024-07-06T19:34:48+00:00","og_image":[{"width":600,"height":600,"url":"https:\/\/fit360.ee\/wp-content\/uploads\/2018\/03\/HMB-600x600-1.png","type":"image\/png"}],"twitter_card":"summary_large_image","schema":{"@context":"https:\/\/schema.org","@graph":[{"@type":"WebPage","@id":"https:\/\/fit360.ee\/en\/pood\/product-groups\/amino-acids-bcaa\/hmb-en\/hmb-300g\/","url":"https:\/\/fit360.ee\/en\/pood\/product-groups\/amino-acids-bcaa\/hmb-en\/hmb-300g\/","name":"HMB pulber (300g) - Aminohapped - Kiire tarne: 1-3 p\u00e4eva - Fit360","isPartOf":{"@id":"https:\/\/fit360.ee\/en\/#website"},"primaryImageOfPage":{"@id":"https:\/\/fit360.ee\/en\/pood\/product-groups\/amino-acids-bcaa\/hmb-en\/hmb-300g\/#primaryimage"},"image":{"@id":"https:\/\/fit360.ee\/en\/pood\/product-groups\/amino-acids-bcaa\/hmb-en\/hmb-300g\/#primaryimage"},"thumbnailUrl":"https:\/\/fit360.ee\/wp-content\/uploads\/2018\/03\/HMB-600x600-1.png","datePublished":"2018-03-26T15:28:46+00:00","dateModified":"2024-07-06T19:34:48+00:00","description":"HMB pulber -\u00a0p\u00f5hiline funktsioon on intensiivse treeningu, v\u00f5istluse v\u00f5i dieedi ajal lihasmassi s\u00e4ilitada. Samuti aitab HMB lihastel efektiivsemalt taastuda","breadcrumb":{"@id":"https:\/\/fit360.ee\/en\/pood\/product-groups\/amino-acids-bcaa\/hmb-en\/hmb-300g\/#breadcrumb"},"inLanguage":"en-US","potentialAction":[{"@type":"ReadAction","target":["https:\/\/fit360.ee\/en\/pood\/product-groups\/amino-acids-bcaa\/hmb-en\/hmb-300g\/"]}]},{"@type":"ImageObject","inLanguage":"en-US","@id":"https:\/\/fit360.ee\/en\/pood\/product-groups\/amino-acids-bcaa\/hmb-en\/hmb-300g\/#primaryimage","url":"https:\/\/fit360.ee\/wp-content\/uploads\/2018\/03\/HMB-600x600-1.png","contentUrl":"https:\/\/fit360.ee\/wp-content\/uploads\/2018\/03\/HMB-600x600-1.png","width":600,"height":600,"caption":"HMB pulber - fit360.ee"},{"@type":"BreadcrumbList","@id":"https:\/\/fit360.ee\/en\/pood\/product-groups\/amino-acids-bcaa\/hmb-en\/hmb-300g\/#breadcrumb","itemListElement":[{"@type":"ListItem","position":1,"name":"Home","item":"https:\/\/fit360.ee\/en\/"},{"@type":"ListItem","position":2,"name":"Shop","item":"https:\/\/fit360.ee\/en\/shop\/"},{"@type":"ListItem","position":3,"name":"HMB (300g)"}]},{"@type":"WebSite","@id":"https:\/\/fit360.ee\/en\/#website","url":"https:\/\/fit360.ee\/en\/","name":"Fit360","description":"","publisher":{"@id":"https:\/\/fit360.ee\/en\/#organization"},"potentialAction":[{"@type":"SearchAction","target":{"@type":"EntryPoint","urlTemplate":"https:\/\/fit360.ee\/en\/?s={search_term_string}"},"query-input":{"@type":"PropertyValueSpecification","valueRequired":true,"valueName":"search_term_string"}}],"inLanguage":"en-US"},{"@type":"Organization","@id":"https:\/\/fit360.ee\/en\/#organization","name":"Fit360","url":"https:\/\/fit360.ee\/en\/","logo":{"@type":"ImageObject","inLanguage":"en-US","@id":"https:\/\/fit360.ee\/en\/#\/schema\/logo\/image\/","url":"https:\/\/fit360.ee\/wp-content\/uploads\/2017\/01\/logo-fit360.png","contentUrl":"https:\/\/fit360.ee\/wp-content\/uploads\/2017\/01\/logo-fit360.png","width":180,"height":66,"caption":"Fit360"},"image":{"@id":"https:\/\/fit360.ee\/en\/#\/schema\/logo\/image\/"}}]}},"_links":{"self":[{"href":"https:\/\/fit360.ee\/en\/wp-json\/wp\/v2\/product\/16086","targetHints":{"allow":["GET"]}}],"collection":[{"href":"https:\/\/fit360.ee\/en\/wp-json\/wp\/v2\/product"}],"about":[{"href":"https:\/\/fit360.ee\/en\/wp-json\/wp\/v2\/types\/product"}],"replies":[{"embeddable":true,"href":"https:\/\/fit360.ee\/en\/wp-json\/wp\/v2\/comments?post=16086"}],"wp:featuredmedia":[{"embeddable":true,"href":"https:\/\/fit360.ee\/en\/wp-json\/wp\/v2\/media\/37967"}],"wp:attachment":[{"href":"https:\/\/fit360.ee\/en\/wp-json\/wp\/v2\/media?parent=16086"}],"wp:term":[{"taxonomy":"product_brand","embeddable":true,"href":"https:\/\/fit360.ee\/en\/wp-json\/wp\/v2\/product_brand?post=16086"},{"taxonomy":"product_cat","embeddable":true,"href":"https:\/\/fit360.ee\/en\/wp-json\/wp\/v2\/product_cat?post=16086"},{"taxonomy":"product_tag","embeddable":true,"href":"https:\/\/fit360.ee\/en\/wp-json\/wp\/v2\/product_tag?post=16086"},{"taxonomy":"giftcard-category","embeddable":true,"href":"https:\/\/fit360.ee\/en\/wp-json\/wp\/v2\/giftcard-category?post=16086"}],"curies":[{"name":"wp","href":"https:\/\/api.w.org\/{rel}","templated":true}]}}