{"id":17058,"date":"2018-07-13T10:35:31","date_gmt":"2018-07-13T08:35:31","guid":{"rendered":"https:\/\/fit360.ee\/pood\/uncategorized\/proactive-citrulliine-300g\/"},"modified":"2022-05-01T20:34:48","modified_gmt":"2022-05-01T18:34:48","slug":"proactive-citrulliine-300g","status":"publish","type":"product","link":"https:\/\/fit360.ee\/en\/pood\/product-groups\/amino-acids-bcaa\/citrulline-en\/proactive-citrulliine-300g\/","title":{"rendered":"ProActive Citrulliine (300g)"},"content":{"rendered":"<p><b>Ingredients<\/b>: citrulline, anti-caking agent &#8211; silica, magnesium salts of fatty acids.<\/p>\n<p><strong>How to use<\/strong>: Take 3g of powder (1 scoop) mixed with 200ml of water, once per day. Do not exceed recommended daily (3g) dosage. Scoop is included in the package.<\/p>\n<p><strong>Size:\u00a0<\/strong>300g &#8211; 100 servings.<\/p>\n<p><strong>Store<\/strong> in a cool and dry environment, away from direct sunlight.<\/p>\n<p><strong>Warning:\u00a0<\/strong>this food supplement should not be taken as an alternative to a healthy and balanced diet, keep away from the reach of children. Do not exceed recommended dosage.<\/p>\n<table>\n<tbody>\n<tr>\n<td width=\"307\"><strong>Active ingredients<\/strong><\/td>\n<td width=\"307\"><strong>3g ( 1 scoop)<\/strong><\/td>\n<\/tr>\n<tr>\n<td width=\"307\">Citruline<\/td>\n<td width=\"307\">2910mg<\/td>\n<\/tr>\n<\/tbody>\n<\/table>\n","protected":false},"excerpt":{"rendered":"<p><strong>Citruline<\/strong>:<\/p>\n<ul>\n<li>Reduces lactic acid in the muscles<\/li>\n<li>Increases the productivity of ATP<\/li>\n<li>Increases the productivity of nitrogen oxide<\/li>\n<li>Enables better recovery post-workout<\/li>\n<li>Increases aerobic efficiency<\/li>\n<li>Excellent foxus<\/li>\n<li>Increases muscle power and energy<\/li>\n<\/ul>\n<p><strong>Citruline malate\u00a0<\/strong>is a unique combination of amino acid citruline and organic salt malate which speeds up the recovery and raises efficiency..<\/p>\n","protected":false},"featured_media":85266,"comment_status":"open","ping_status":"closed","template":"","meta":[],"product_brand":[],"product_cat":[520,2314,533,1326],"product_tag":[1787,2751,1793,2752],"giftcard-category":[],"class_list":{"0":"post-17058","1":"product","2":"type-product","3":"status-publish","4":"has-post-thumbnail","6":"product_cat-amino-acids-bcaa","7":"product_cat-citrulline-en","8":"product_cat-pre-workout-en","9":"product_cat-proactive-en","10":"product_tag-aminohapped-en","11":"product_tag-l-tsitrulliin-en","12":"product_tag-proactive-en","13":"product_tag-tsitrulliin-malaat-en","14":"pa_maitse-arbuus-en","15":"pa_maitse-forest-fruit","16":"pa_maitse-lemon","17":"pa_maitse-lemon-orange-en","18":"pa_maitse-mango-en","19":"pa_maitse-natural","21":"first","22":"instock","23":"sale","24":"taxable","25":"shipping-taxable","26":"purchasable","27":"product-type-variable"},"yoast_head":"<!-- This site is optimized with the Yoast SEO plugin v27.3 - https:\/\/yoast.com\/product\/yoast-seo-wordpress\/ -->\n<title>Tsitrulliin (300g) - Aminohapped - Kiire tarne: 1-3 p\u00e4eva - Fit360<\/title>\n<meta name=\"description\" content=\"Tsitrulliin Malaat on unikaalne kombo aminohappest tsitrulliin ja orgaanilisest soolast malaat, mis kiirendab taastumist ning t\u00f5stab t\u00f6\u00f6v\u00f5imet.\" \/>\n<meta name=\"robots\" content=\"index, follow, max-snippet:-1, max-image-preview:large, max-video-preview:-1\" \/>\n<link rel=\"canonical\" href=\"https:\/\/fit360.ee\/en\/pood\/product-groups\/amino-acids-bcaa\/citrulline-en\/proactive-citrulliine-300g\/\" \/>\n<meta property=\"og:locale\" content=\"en_US\" \/>\n<meta property=\"og:type\" content=\"article\" \/>\n<meta property=\"og:title\" content=\"Tsitrulliin (300g) - Aminohapped - Kiire tarne: 1-3 p\u00e4eva - Fit360\" \/>\n<meta property=\"og:description\" content=\"Tsitrulliin Malaat on unikaalne kombo aminohappest tsitrulliin ja orgaanilisest soolast malaat, mis kiirendab taastumist ning t\u00f5stab t\u00f6\u00f6v\u00f5imet.\" \/>\n<meta property=\"og:url\" content=\"https:\/\/fit360.ee\/en\/pood\/product-groups\/amino-acids-bcaa\/citrulline-en\/proactive-citrulliine-300g\/\" \/>\n<meta property=\"og:site_name\" content=\"Fit360\" \/>\n<meta property=\"article:modified_time\" content=\"2022-05-01T18:34:48+00:00\" \/>\n<meta property=\"og:image\" content=\"https:\/\/fit360.ee\/wp-content\/uploads\/2018\/07\/tsitrulliin-citrulline-fit360.ee_.jpg\" \/>\n\t<meta property=\"og:image:width\" content=\"600\" \/>\n\t<meta property=\"og:image:height\" content=\"600\" \/>\n\t<meta property=\"og:image:type\" content=\"image\/jpeg\" \/>\n<meta name=\"twitter:card\" content=\"summary_large_image\" \/>\n<script type=\"application\/ld+json\" class=\"yoast-schema-graph\">{\"@context\":\"https:\\\/\\\/schema.org\",\"@graph\":[{\"@type\":\"WebPage\",\"@id\":\"https:\\\/\\\/fit360.ee\\\/en\\\/pood\\\/product-groups\\\/amino-acids-bcaa\\\/citrulline-en\\\/proactive-citrulliine-300g\\\/\",\"url\":\"https:\\\/\\\/fit360.ee\\\/en\\\/pood\\\/product-groups\\\/amino-acids-bcaa\\\/citrulline-en\\\/proactive-citrulliine-300g\\\/\",\"name\":\"Tsitrulliin (300g) - Aminohapped - Kiire tarne: 1-3 p\u00e4eva - Fit360\",\"isPartOf\":{\"@id\":\"https:\\\/\\\/fit360.ee\\\/en\\\/#website\"},\"primaryImageOfPage\":{\"@id\":\"https:\\\/\\\/fit360.ee\\\/en\\\/pood\\\/product-groups\\\/amino-acids-bcaa\\\/citrulline-en\\\/proactive-citrulliine-300g\\\/#primaryimage\"},\"image\":{\"@id\":\"https:\\\/\\\/fit360.ee\\\/en\\\/pood\\\/product-groups\\\/amino-acids-bcaa\\\/citrulline-en\\\/proactive-citrulliine-300g\\\/#primaryimage\"},\"thumbnailUrl\":\"https:\\\/\\\/fit360.ee\\\/wp-content\\\/uploads\\\/2018\\\/07\\\/tsitrulliin-citrulline-fit360.ee_.jpg\",\"datePublished\":\"2018-07-13T08:35:31+00:00\",\"dateModified\":\"2022-05-01T18:34:48+00:00\",\"description\":\"Tsitrulliin Malaat on unikaalne kombo aminohappest tsitrulliin ja orgaanilisest soolast malaat, mis kiirendab taastumist ning t\u00f5stab t\u00f6\u00f6v\u00f5imet.\",\"breadcrumb\":{\"@id\":\"https:\\\/\\\/fit360.ee\\\/en\\\/pood\\\/product-groups\\\/amino-acids-bcaa\\\/citrulline-en\\\/proactive-citrulliine-300g\\\/#breadcrumb\"},\"inLanguage\":\"en-US\",\"potentialAction\":[{\"@type\":\"ReadAction\",\"target\":[\"https:\\\/\\\/fit360.ee\\\/en\\\/pood\\\/product-groups\\\/amino-acids-bcaa\\\/citrulline-en\\\/proactive-citrulliine-300g\\\/\"]}]},{\"@type\":\"ImageObject\",\"inLanguage\":\"en-US\",\"@id\":\"https:\\\/\\\/fit360.ee\\\/en\\\/pood\\\/product-groups\\\/amino-acids-bcaa\\\/citrulline-en\\\/proactive-citrulliine-300g\\\/#primaryimage\",\"url\":\"https:\\\/\\\/fit360.ee\\\/wp-content\\\/uploads\\\/2018\\\/07\\\/tsitrulliin-citrulline-fit360.ee_.jpg\",\"contentUrl\":\"https:\\\/\\\/fit360.ee\\\/wp-content\\\/uploads\\\/2018\\\/07\\\/tsitrulliin-citrulline-fit360.ee_.jpg\",\"width\":600,\"height\":600,\"caption\":\"tsitrulliin citrulline - fit360.ee\"},{\"@type\":\"BreadcrumbList\",\"@id\":\"https:\\\/\\\/fit360.ee\\\/en\\\/pood\\\/product-groups\\\/amino-acids-bcaa\\\/citrulline-en\\\/proactive-citrulliine-300g\\\/#breadcrumb\",\"itemListElement\":[{\"@type\":\"ListItem\",\"position\":1,\"name\":\"Home\",\"item\":\"https:\\\/\\\/fit360.ee\\\/en\\\/\"},{\"@type\":\"ListItem\",\"position\":2,\"name\":\"Shop\",\"item\":\"https:\\\/\\\/fit360.ee\\\/en\\\/shop\\\/\"},{\"@type\":\"ListItem\",\"position\":3,\"name\":\"ProActive Citrulliine (300g)\"}]},{\"@type\":\"WebSite\",\"@id\":\"https:\\\/\\\/fit360.ee\\\/en\\\/#website\",\"url\":\"https:\\\/\\\/fit360.ee\\\/en\\\/\",\"name\":\"Fit360\",\"description\":\"\",\"publisher\":{\"@id\":\"https:\\\/\\\/fit360.ee\\\/en\\\/#organization\"},\"potentialAction\":[{\"@type\":\"SearchAction\",\"target\":{\"@type\":\"EntryPoint\",\"urlTemplate\":\"https:\\\/\\\/fit360.ee\\\/en\\\/?s={search_term_string}\"},\"query-input\":{\"@type\":\"PropertyValueSpecification\",\"valueRequired\":true,\"valueName\":\"search_term_string\"}}],\"inLanguage\":\"en-US\"},{\"@type\":\"Organization\",\"@id\":\"https:\\\/\\\/fit360.ee\\\/en\\\/#organization\",\"name\":\"Fit360\",\"url\":\"https:\\\/\\\/fit360.ee\\\/en\\\/\",\"logo\":{\"@type\":\"ImageObject\",\"inLanguage\":\"en-US\",\"@id\":\"https:\\\/\\\/fit360.ee\\\/en\\\/#\\\/schema\\\/logo\\\/image\\\/\",\"url\":\"https:\\\/\\\/fit360.ee\\\/wp-content\\\/uploads\\\/2017\\\/01\\\/logo-fit360.png\",\"contentUrl\":\"https:\\\/\\\/fit360.ee\\\/wp-content\\\/uploads\\\/2017\\\/01\\\/logo-fit360.png\",\"width\":180,\"height\":66,\"caption\":\"Fit360\"},\"image\":{\"@id\":\"https:\\\/\\\/fit360.ee\\\/en\\\/#\\\/schema\\\/logo\\\/image\\\/\"}}]}<\/script>\n<!-- \/ Yoast SEO plugin. -->","yoast_head_json":{"title":"Tsitrulliin (300g) - Aminohapped - Kiire tarne: 1-3 p\u00e4eva - Fit360","description":"Tsitrulliin Malaat on unikaalne kombo aminohappest tsitrulliin ja orgaanilisest soolast malaat, mis kiirendab taastumist ning t\u00f5stab t\u00f6\u00f6v\u00f5imet.","robots":{"index":"index","follow":"follow","max-snippet":"max-snippet:-1","max-image-preview":"max-image-preview:large","max-video-preview":"max-video-preview:-1"},"canonical":"https:\/\/fit360.ee\/en\/pood\/product-groups\/amino-acids-bcaa\/citrulline-en\/proactive-citrulliine-300g\/","og_locale":"en_US","og_type":"article","og_title":"Tsitrulliin (300g) - Aminohapped - Kiire tarne: 1-3 p\u00e4eva - Fit360","og_description":"Tsitrulliin Malaat on unikaalne kombo aminohappest tsitrulliin ja orgaanilisest soolast malaat, mis kiirendab taastumist ning t\u00f5stab t\u00f6\u00f6v\u00f5imet.","og_url":"https:\/\/fit360.ee\/en\/pood\/product-groups\/amino-acids-bcaa\/citrulline-en\/proactive-citrulliine-300g\/","og_site_name":"Fit360","article_modified_time":"2022-05-01T18:34:48+00:00","og_image":[{"width":600,"height":600,"url":"https:\/\/fit360.ee\/wp-content\/uploads\/2018\/07\/tsitrulliin-citrulline-fit360.ee_.jpg","type":"image\/jpeg"}],"twitter_card":"summary_large_image","schema":{"@context":"https:\/\/schema.org","@graph":[{"@type":"WebPage","@id":"https:\/\/fit360.ee\/en\/pood\/product-groups\/amino-acids-bcaa\/citrulline-en\/proactive-citrulliine-300g\/","url":"https:\/\/fit360.ee\/en\/pood\/product-groups\/amino-acids-bcaa\/citrulline-en\/proactive-citrulliine-300g\/","name":"Tsitrulliin (300g) - Aminohapped - Kiire tarne: 1-3 p\u00e4eva - Fit360","isPartOf":{"@id":"https:\/\/fit360.ee\/en\/#website"},"primaryImageOfPage":{"@id":"https:\/\/fit360.ee\/en\/pood\/product-groups\/amino-acids-bcaa\/citrulline-en\/proactive-citrulliine-300g\/#primaryimage"},"image":{"@id":"https:\/\/fit360.ee\/en\/pood\/product-groups\/amino-acids-bcaa\/citrulline-en\/proactive-citrulliine-300g\/#primaryimage"},"thumbnailUrl":"https:\/\/fit360.ee\/wp-content\/uploads\/2018\/07\/tsitrulliin-citrulline-fit360.ee_.jpg","datePublished":"2018-07-13T08:35:31+00:00","dateModified":"2022-05-01T18:34:48+00:00","description":"Tsitrulliin Malaat on unikaalne kombo aminohappest tsitrulliin ja orgaanilisest soolast malaat, mis kiirendab taastumist ning t\u00f5stab t\u00f6\u00f6v\u00f5imet.","breadcrumb":{"@id":"https:\/\/fit360.ee\/en\/pood\/product-groups\/amino-acids-bcaa\/citrulline-en\/proactive-citrulliine-300g\/#breadcrumb"},"inLanguage":"en-US","potentialAction":[{"@type":"ReadAction","target":["https:\/\/fit360.ee\/en\/pood\/product-groups\/amino-acids-bcaa\/citrulline-en\/proactive-citrulliine-300g\/"]}]},{"@type":"ImageObject","inLanguage":"en-US","@id":"https:\/\/fit360.ee\/en\/pood\/product-groups\/amino-acids-bcaa\/citrulline-en\/proactive-citrulliine-300g\/#primaryimage","url":"https:\/\/fit360.ee\/wp-content\/uploads\/2018\/07\/tsitrulliin-citrulline-fit360.ee_.jpg","contentUrl":"https:\/\/fit360.ee\/wp-content\/uploads\/2018\/07\/tsitrulliin-citrulline-fit360.ee_.jpg","width":600,"height":600,"caption":"tsitrulliin citrulline - fit360.ee"},{"@type":"BreadcrumbList","@id":"https:\/\/fit360.ee\/en\/pood\/product-groups\/amino-acids-bcaa\/citrulline-en\/proactive-citrulliine-300g\/#breadcrumb","itemListElement":[{"@type":"ListItem","position":1,"name":"Home","item":"https:\/\/fit360.ee\/en\/"},{"@type":"ListItem","position":2,"name":"Shop","item":"https:\/\/fit360.ee\/en\/shop\/"},{"@type":"ListItem","position":3,"name":"ProActive Citrulliine (300g)"}]},{"@type":"WebSite","@id":"https:\/\/fit360.ee\/en\/#website","url":"https:\/\/fit360.ee\/en\/","name":"Fit360","description":"","publisher":{"@id":"https:\/\/fit360.ee\/en\/#organization"},"potentialAction":[{"@type":"SearchAction","target":{"@type":"EntryPoint","urlTemplate":"https:\/\/fit360.ee\/en\/?s={search_term_string}"},"query-input":{"@type":"PropertyValueSpecification","valueRequired":true,"valueName":"search_term_string"}}],"inLanguage":"en-US"},{"@type":"Organization","@id":"https:\/\/fit360.ee\/en\/#organization","name":"Fit360","url":"https:\/\/fit360.ee\/en\/","logo":{"@type":"ImageObject","inLanguage":"en-US","@id":"https:\/\/fit360.ee\/en\/#\/schema\/logo\/image\/","url":"https:\/\/fit360.ee\/wp-content\/uploads\/2017\/01\/logo-fit360.png","contentUrl":"https:\/\/fit360.ee\/wp-content\/uploads\/2017\/01\/logo-fit360.png","width":180,"height":66,"caption":"Fit360"},"image":{"@id":"https:\/\/fit360.ee\/en\/#\/schema\/logo\/image\/"}}]}},"_links":{"self":[{"href":"https:\/\/fit360.ee\/en\/wp-json\/wp\/v2\/product\/17058","targetHints":{"allow":["GET"]}}],"collection":[{"href":"https:\/\/fit360.ee\/en\/wp-json\/wp\/v2\/product"}],"about":[{"href":"https:\/\/fit360.ee\/en\/wp-json\/wp\/v2\/types\/product"}],"replies":[{"embeddable":true,"href":"https:\/\/fit360.ee\/en\/wp-json\/wp\/v2\/comments?post=17058"}],"wp:featuredmedia":[{"embeddable":true,"href":"https:\/\/fit360.ee\/en\/wp-json\/wp\/v2\/media\/85266"}],"wp:attachment":[{"href":"https:\/\/fit360.ee\/en\/wp-json\/wp\/v2\/media?parent=17058"}],"wp:term":[{"taxonomy":"product_brand","embeddable":true,"href":"https:\/\/fit360.ee\/en\/wp-json\/wp\/v2\/product_brand?post=17058"},{"taxonomy":"product_cat","embeddable":true,"href":"https:\/\/fit360.ee\/en\/wp-json\/wp\/v2\/product_cat?post=17058"},{"taxonomy":"product_tag","embeddable":true,"href":"https:\/\/fit360.ee\/en\/wp-json\/wp\/v2\/product_tag?post=17058"},{"taxonomy":"giftcard-category","embeddable":true,"href":"https:\/\/fit360.ee\/en\/wp-json\/wp\/v2\/giftcard-category?post=17058"}],"curies":[{"name":"wp","href":"https:\/\/api.w.org\/{rel}","templated":true}]}}