{"id":17064,"date":"2018-07-13T10:53:21","date_gmt":"2018-07-13T08:53:21","guid":{"rendered":"https:\/\/fit360.ee\/pood\/uncategorized\/proactive-beta-alanine-300g\/"},"modified":"2022-09-15T16:44:18","modified_gmt":"2022-09-15T14:44:18","slug":"proactive-beta-alanine-300g","status":"publish","type":"product","link":"https:\/\/fit360.ee\/en\/pood\/product-groups\/amino-acids-bcaa\/beta-alanine-en\/proactive-beta-alanine-300g\/","title":{"rendered":"ProActive Beta-Alanine (300g)"},"content":{"rendered":"<p><strong>Ingredients<\/strong>:\u00a0 beta-alanine, anti-caking agent &#8211; silica, magnesium salts of fatty acids.<\/p>\n<p><strong>How to use<\/strong>: Take 3g of powder (1 scoop) mixed with 200ml of water, once per day. Do not exceed recommended daily (3g) dosage. Scoop is included in the package.<\/p>\n<p><strong>Size:\u00a0<\/strong>300g &#8211; 100 servings.<\/p>\n<p><strong>Store<\/strong> in a cool and dry environment, away from direct sunlight.<\/p>\n<p><strong>Warning:\u00a0<\/strong>this food supplement should not be taken as an alternative to a healthy and balanced diet, keep away from the reach of children. Do not exceed recommended dosage.<\/p>\n<table>\n<tbody>\n<tr>\n<td width=\"307\"><strong>Active ingredients<\/strong><\/td>\n<td width=\"307\"><strong>3g ( 1 scoop)<\/strong><\/td>\n<\/tr>\n<tr>\n<td width=\"307\">Beta alanine<\/td>\n<td width=\"307\">2910mg<\/td>\n<\/tr>\n<\/tbody>\n<\/table>\n","protected":false},"excerpt":{"rendered":"<p><strong>Beta Alanine\u00a0<\/strong>contains purest quality beta alanine. The main goal of the product is to prevent premature fatigue and help grow the muscle mass. It also increases durability, the effectiveness of the training and speeds up the recovery.<\/p>\n<p>It has been found that beta alanine increases the amount of carosin in the muscles. Studies have shown that the increase of carosin with the help of beta alanine in the muscles improves performance (Smith, 2009).<\/p>\n<p>&nbsp;<\/p>\n<p><strong>Beta alanine:<\/strong><\/p>\n<ul>\n<li>Decreases the fatigue of muscles during the training and speeds up the recovery<\/li>\n<li>Enables carosin in the muscles<\/li>\n<li>Can be used in strength and endurance training<\/li>\n<li>Increases muscle growth<\/li>\n<li>Tested in laboratories<\/li>\n<\/ul>\n","protected":false},"featured_media":17063,"comment_status":"open","ping_status":"closed","template":"","meta":[],"product_brand":[],"product_cat":[520,2303,533,1326],"product_tag":[1787,1788,1789,1793],"giftcard-category":[],"class_list":{"0":"post-17064","1":"product","2":"type-product","3":"status-publish","4":"has-post-thumbnail","6":"product_cat-amino-acids-bcaa","7":"product_cat-beta-alanine-en","8":"product_cat-pre-workout-en","9":"product_cat-proactive-en","10":"product_tag-aminohapped-en","11":"product_tag-beeta-alaniin-en","12":"product_tag-beta-alanine-en","13":"product_tag-proactive-en","14":"pa_maitse-natural","15":"pa_maitse-orange","16":"pa_maitse-strawberry-watermelon","18":"first","19":"instock","20":"sale","21":"taxable","22":"shipping-taxable","23":"purchasable","24":"product-type-variable"},"yoast_head":"<!-- This site is optimized with the Yoast SEO plugin v27.3 - https:\/\/yoast.com\/product\/yoast-seo-wordpress\/ -->\n<title>Beeta Alaniin (300g) - Aminohapped - Beta-Alanine - Tarne: 1-3 p\u00e4eva<\/title>\n<meta name=\"description\" content=\"Beeta Alaniin\u00a0sisaldab puhtaima kvaliteediga beeta-alaniini.\u00a0Toote peamine eesm\u00e4rk on hoida \u00e4ra enneaegset v\u00e4simust ja abistada lihasmassi ehitamisel.\" \/>\n<meta name=\"robots\" content=\"index, follow, max-snippet:-1, max-image-preview:large, max-video-preview:-1\" \/>\n<link rel=\"canonical\" href=\"https:\/\/fit360.ee\/en\/pood\/product-groups\/amino-acids-bcaa\/beta-alanine-en\/proactive-beta-alanine-300g\/\" \/>\n<meta property=\"og:locale\" content=\"en_US\" \/>\n<meta property=\"og:type\" content=\"article\" \/>\n<meta property=\"og:title\" content=\"Beeta Alaniin (300g) - Aminohapped - Beta-Alanine - Tarne: 1-3 p\u00e4eva\" \/>\n<meta property=\"og:description\" content=\"Beeta Alaniin\u00a0sisaldab puhtaima kvaliteediga beeta-alaniini.\u00a0Toote peamine eesm\u00e4rk on hoida \u00e4ra enneaegset v\u00e4simust ja abistada lihasmassi ehitamisel.\" \/>\n<meta property=\"og:url\" content=\"https:\/\/fit360.ee\/en\/pood\/product-groups\/amino-acids-bcaa\/beta-alanine-en\/proactive-beta-alanine-300g\/\" \/>\n<meta property=\"og:site_name\" content=\"Fit360\" \/>\n<meta property=\"article:modified_time\" content=\"2022-09-15T14:44:18+00:00\" \/>\n<meta property=\"og:image\" content=\"https:\/\/fit360.ee\/wp-content\/uploads\/2018\/07\/beta-alanine-proactive.jpg\" \/>\n\t<meta property=\"og:image:width\" content=\"500\" \/>\n\t<meta property=\"og:image:height\" content=\"500\" \/>\n\t<meta property=\"og:image:type\" content=\"image\/jpeg\" \/>\n<meta name=\"twitter:card\" content=\"summary_large_image\" \/>\n<script type=\"application\/ld+json\" class=\"yoast-schema-graph\">{\"@context\":\"https:\\\/\\\/schema.org\",\"@graph\":[{\"@type\":\"WebPage\",\"@id\":\"https:\\\/\\\/fit360.ee\\\/en\\\/pood\\\/product-groups\\\/amino-acids-bcaa\\\/beta-alanine-en\\\/proactive-beta-alanine-300g\\\/\",\"url\":\"https:\\\/\\\/fit360.ee\\\/en\\\/pood\\\/product-groups\\\/amino-acids-bcaa\\\/beta-alanine-en\\\/proactive-beta-alanine-300g\\\/\",\"name\":\"Beeta Alaniin (300g) - Aminohapped - Beta-Alanine - Tarne: 1-3 p\u00e4eva\",\"isPartOf\":{\"@id\":\"https:\\\/\\\/fit360.ee\\\/en\\\/#website\"},\"primaryImageOfPage\":{\"@id\":\"https:\\\/\\\/fit360.ee\\\/en\\\/pood\\\/product-groups\\\/amino-acids-bcaa\\\/beta-alanine-en\\\/proactive-beta-alanine-300g\\\/#primaryimage\"},\"image\":{\"@id\":\"https:\\\/\\\/fit360.ee\\\/en\\\/pood\\\/product-groups\\\/amino-acids-bcaa\\\/beta-alanine-en\\\/proactive-beta-alanine-300g\\\/#primaryimage\"},\"thumbnailUrl\":\"https:\\\/\\\/fit360.ee\\\/wp-content\\\/uploads\\\/2018\\\/07\\\/beta-alanine-proactive.jpg\",\"datePublished\":\"2018-07-13T08:53:21+00:00\",\"dateModified\":\"2022-09-15T14:44:18+00:00\",\"description\":\"Beeta Alaniin\u00a0sisaldab puhtaima kvaliteediga beeta-alaniini.\u00a0Toote peamine eesm\u00e4rk on hoida \u00e4ra enneaegset v\u00e4simust ja abistada lihasmassi ehitamisel.\",\"breadcrumb\":{\"@id\":\"https:\\\/\\\/fit360.ee\\\/en\\\/pood\\\/product-groups\\\/amino-acids-bcaa\\\/beta-alanine-en\\\/proactive-beta-alanine-300g\\\/#breadcrumb\"},\"inLanguage\":\"en-US\",\"potentialAction\":[{\"@type\":\"ReadAction\",\"target\":[\"https:\\\/\\\/fit360.ee\\\/en\\\/pood\\\/product-groups\\\/amino-acids-bcaa\\\/beta-alanine-en\\\/proactive-beta-alanine-300g\\\/\"]}]},{\"@type\":\"ImageObject\",\"inLanguage\":\"en-US\",\"@id\":\"https:\\\/\\\/fit360.ee\\\/en\\\/pood\\\/product-groups\\\/amino-acids-bcaa\\\/beta-alanine-en\\\/proactive-beta-alanine-300g\\\/#primaryimage\",\"url\":\"https:\\\/\\\/fit360.ee\\\/wp-content\\\/uploads\\\/2018\\\/07\\\/beta-alanine-proactive.jpg\",\"contentUrl\":\"https:\\\/\\\/fit360.ee\\\/wp-content\\\/uploads\\\/2018\\\/07\\\/beta-alanine-proactive.jpg\",\"width\":500,\"height\":500,\"caption\":\"Beeta Alaniin 300g Naturaalne - Fit360.ee\"},{\"@type\":\"BreadcrumbList\",\"@id\":\"https:\\\/\\\/fit360.ee\\\/en\\\/pood\\\/product-groups\\\/amino-acids-bcaa\\\/beta-alanine-en\\\/proactive-beta-alanine-300g\\\/#breadcrumb\",\"itemListElement\":[{\"@type\":\"ListItem\",\"position\":1,\"name\":\"Home\",\"item\":\"https:\\\/\\\/fit360.ee\\\/en\\\/\"},{\"@type\":\"ListItem\",\"position\":2,\"name\":\"Shop\",\"item\":\"https:\\\/\\\/fit360.ee\\\/en\\\/shop\\\/\"},{\"@type\":\"ListItem\",\"position\":3,\"name\":\"ProActive Beta-Alanine (300g)\"}]},{\"@type\":\"WebSite\",\"@id\":\"https:\\\/\\\/fit360.ee\\\/en\\\/#website\",\"url\":\"https:\\\/\\\/fit360.ee\\\/en\\\/\",\"name\":\"Fit360\",\"description\":\"\",\"publisher\":{\"@id\":\"https:\\\/\\\/fit360.ee\\\/en\\\/#organization\"},\"potentialAction\":[{\"@type\":\"SearchAction\",\"target\":{\"@type\":\"EntryPoint\",\"urlTemplate\":\"https:\\\/\\\/fit360.ee\\\/en\\\/?s={search_term_string}\"},\"query-input\":{\"@type\":\"PropertyValueSpecification\",\"valueRequired\":true,\"valueName\":\"search_term_string\"}}],\"inLanguage\":\"en-US\"},{\"@type\":\"Organization\",\"@id\":\"https:\\\/\\\/fit360.ee\\\/en\\\/#organization\",\"name\":\"Fit360\",\"url\":\"https:\\\/\\\/fit360.ee\\\/en\\\/\",\"logo\":{\"@type\":\"ImageObject\",\"inLanguage\":\"en-US\",\"@id\":\"https:\\\/\\\/fit360.ee\\\/en\\\/#\\\/schema\\\/logo\\\/image\\\/\",\"url\":\"https:\\\/\\\/fit360.ee\\\/wp-content\\\/uploads\\\/2017\\\/01\\\/logo-fit360.png\",\"contentUrl\":\"https:\\\/\\\/fit360.ee\\\/wp-content\\\/uploads\\\/2017\\\/01\\\/logo-fit360.png\",\"width\":180,\"height\":66,\"caption\":\"Fit360\"},\"image\":{\"@id\":\"https:\\\/\\\/fit360.ee\\\/en\\\/#\\\/schema\\\/logo\\\/image\\\/\"}}]}<\/script>\n<!-- \/ Yoast SEO plugin. -->","yoast_head_json":{"title":"Beeta Alaniin (300g) - Aminohapped - Beta-Alanine - Tarne: 1-3 p\u00e4eva","description":"Beeta Alaniin\u00a0sisaldab puhtaima kvaliteediga beeta-alaniini.\u00a0Toote peamine eesm\u00e4rk on hoida \u00e4ra enneaegset v\u00e4simust ja abistada lihasmassi ehitamisel.","robots":{"index":"index","follow":"follow","max-snippet":"max-snippet:-1","max-image-preview":"max-image-preview:large","max-video-preview":"max-video-preview:-1"},"canonical":"https:\/\/fit360.ee\/en\/pood\/product-groups\/amino-acids-bcaa\/beta-alanine-en\/proactive-beta-alanine-300g\/","og_locale":"en_US","og_type":"article","og_title":"Beeta Alaniin (300g) - Aminohapped - Beta-Alanine - Tarne: 1-3 p\u00e4eva","og_description":"Beeta Alaniin\u00a0sisaldab puhtaima kvaliteediga beeta-alaniini.\u00a0Toote peamine eesm\u00e4rk on hoida \u00e4ra enneaegset v\u00e4simust ja abistada lihasmassi ehitamisel.","og_url":"https:\/\/fit360.ee\/en\/pood\/product-groups\/amino-acids-bcaa\/beta-alanine-en\/proactive-beta-alanine-300g\/","og_site_name":"Fit360","article_modified_time":"2022-09-15T14:44:18+00:00","og_image":[{"width":500,"height":500,"url":"https:\/\/fit360.ee\/wp-content\/uploads\/2018\/07\/beta-alanine-proactive.jpg","type":"image\/jpeg"}],"twitter_card":"summary_large_image","schema":{"@context":"https:\/\/schema.org","@graph":[{"@type":"WebPage","@id":"https:\/\/fit360.ee\/en\/pood\/product-groups\/amino-acids-bcaa\/beta-alanine-en\/proactive-beta-alanine-300g\/","url":"https:\/\/fit360.ee\/en\/pood\/product-groups\/amino-acids-bcaa\/beta-alanine-en\/proactive-beta-alanine-300g\/","name":"Beeta Alaniin (300g) - Aminohapped - Beta-Alanine - Tarne: 1-3 p\u00e4eva","isPartOf":{"@id":"https:\/\/fit360.ee\/en\/#website"},"primaryImageOfPage":{"@id":"https:\/\/fit360.ee\/en\/pood\/product-groups\/amino-acids-bcaa\/beta-alanine-en\/proactive-beta-alanine-300g\/#primaryimage"},"image":{"@id":"https:\/\/fit360.ee\/en\/pood\/product-groups\/amino-acids-bcaa\/beta-alanine-en\/proactive-beta-alanine-300g\/#primaryimage"},"thumbnailUrl":"https:\/\/fit360.ee\/wp-content\/uploads\/2018\/07\/beta-alanine-proactive.jpg","datePublished":"2018-07-13T08:53:21+00:00","dateModified":"2022-09-15T14:44:18+00:00","description":"Beeta Alaniin\u00a0sisaldab puhtaima kvaliteediga beeta-alaniini.\u00a0Toote peamine eesm\u00e4rk on hoida \u00e4ra enneaegset v\u00e4simust ja abistada lihasmassi ehitamisel.","breadcrumb":{"@id":"https:\/\/fit360.ee\/en\/pood\/product-groups\/amino-acids-bcaa\/beta-alanine-en\/proactive-beta-alanine-300g\/#breadcrumb"},"inLanguage":"en-US","potentialAction":[{"@type":"ReadAction","target":["https:\/\/fit360.ee\/en\/pood\/product-groups\/amino-acids-bcaa\/beta-alanine-en\/proactive-beta-alanine-300g\/"]}]},{"@type":"ImageObject","inLanguage":"en-US","@id":"https:\/\/fit360.ee\/en\/pood\/product-groups\/amino-acids-bcaa\/beta-alanine-en\/proactive-beta-alanine-300g\/#primaryimage","url":"https:\/\/fit360.ee\/wp-content\/uploads\/2018\/07\/beta-alanine-proactive.jpg","contentUrl":"https:\/\/fit360.ee\/wp-content\/uploads\/2018\/07\/beta-alanine-proactive.jpg","width":500,"height":500,"caption":"Beeta Alaniin 300g Naturaalne - Fit360.ee"},{"@type":"BreadcrumbList","@id":"https:\/\/fit360.ee\/en\/pood\/product-groups\/amino-acids-bcaa\/beta-alanine-en\/proactive-beta-alanine-300g\/#breadcrumb","itemListElement":[{"@type":"ListItem","position":1,"name":"Home","item":"https:\/\/fit360.ee\/en\/"},{"@type":"ListItem","position":2,"name":"Shop","item":"https:\/\/fit360.ee\/en\/shop\/"},{"@type":"ListItem","position":3,"name":"ProActive Beta-Alanine (300g)"}]},{"@type":"WebSite","@id":"https:\/\/fit360.ee\/en\/#website","url":"https:\/\/fit360.ee\/en\/","name":"Fit360","description":"","publisher":{"@id":"https:\/\/fit360.ee\/en\/#organization"},"potentialAction":[{"@type":"SearchAction","target":{"@type":"EntryPoint","urlTemplate":"https:\/\/fit360.ee\/en\/?s={search_term_string}"},"query-input":{"@type":"PropertyValueSpecification","valueRequired":true,"valueName":"search_term_string"}}],"inLanguage":"en-US"},{"@type":"Organization","@id":"https:\/\/fit360.ee\/en\/#organization","name":"Fit360","url":"https:\/\/fit360.ee\/en\/","logo":{"@type":"ImageObject","inLanguage":"en-US","@id":"https:\/\/fit360.ee\/en\/#\/schema\/logo\/image\/","url":"https:\/\/fit360.ee\/wp-content\/uploads\/2017\/01\/logo-fit360.png","contentUrl":"https:\/\/fit360.ee\/wp-content\/uploads\/2017\/01\/logo-fit360.png","width":180,"height":66,"caption":"Fit360"},"image":{"@id":"https:\/\/fit360.ee\/en\/#\/schema\/logo\/image\/"}}]}},"_links":{"self":[{"href":"https:\/\/fit360.ee\/en\/wp-json\/wp\/v2\/product\/17064","targetHints":{"allow":["GET"]}}],"collection":[{"href":"https:\/\/fit360.ee\/en\/wp-json\/wp\/v2\/product"}],"about":[{"href":"https:\/\/fit360.ee\/en\/wp-json\/wp\/v2\/types\/product"}],"replies":[{"embeddable":true,"href":"https:\/\/fit360.ee\/en\/wp-json\/wp\/v2\/comments?post=17064"}],"wp:featuredmedia":[{"embeddable":true,"href":"https:\/\/fit360.ee\/en\/wp-json\/wp\/v2\/media\/17063"}],"wp:attachment":[{"href":"https:\/\/fit360.ee\/en\/wp-json\/wp\/v2\/media?parent=17064"}],"wp:term":[{"taxonomy":"product_brand","embeddable":true,"href":"https:\/\/fit360.ee\/en\/wp-json\/wp\/v2\/product_brand?post=17064"},{"taxonomy":"product_cat","embeddable":true,"href":"https:\/\/fit360.ee\/en\/wp-json\/wp\/v2\/product_cat?post=17064"},{"taxonomy":"product_tag","embeddable":true,"href":"https:\/\/fit360.ee\/en\/wp-json\/wp\/v2\/product_tag?post=17064"},{"taxonomy":"giftcard-category","embeddable":true,"href":"https:\/\/fit360.ee\/en\/wp-json\/wp\/v2\/giftcard-category?post=17064"}],"curies":[{"name":"wp","href":"https:\/\/api.w.org\/{rel}","templated":true}]}}