{"id":17292,"date":"2018-08-07T17:35:44","date_gmt":"2018-08-07T15:35:44","guid":{"rendered":"https:\/\/fit360.ee\/pood\/uncategorized\/vitamin-d3k2-90tab\/"},"modified":"2025-08-19T09:22:25","modified_gmt":"2025-08-19T07:22:25","slug":"vitamin-d3k2-90tab","status":"publish","type":"product","link":"https:\/\/fit360.ee\/en\/pood\/product-groups\/vitamins-and-minerals-en\/d-vitamin-en\/vitamin-d3k2-90tab\/","title":{"rendered":"Vitamiin D3+K2 (90tab)"},"content":{"rendered":"<p><strong>OstroVit D3 + K2 on vitamiinide kompleks,<\/strong>\u00a0mis on toodetud looduslikest toorainetest. K2 vitamiini tootmisel kasutatakse Jaapani traditsioonilist sojaubade k\u00e4\u00e4ritatamiseprotsessi. K vitamiini puudus ei lase kaltsiumit luudesse ladestuda.\u00a0Vitamiini K2 kasutatakse kaltsiumi luumaatriksisse kinnitamiseks, hoides \u00e4ra veresoonte lupjumise. K2 on k\u00f5rgelt biok\u00e4ttesaadav ja bioaktiivne ning p\u00fcsib veres kauem kui K1.<\/p>\n<p>Vitamiin D3 (kolekaltsiferool) tugevdab luid ja liigeseid ning omab olulist rolli rakkude ainevahetuses. Samuti kaitseb ja toidab D3 vitamiin eluskudet ning muudab naha kaunimaks ja nooremaks. Vitamiin D3 regulaarne kasutamine parandab kaltsiumi ja magneesiumi ainevahetust ja imendumist.<\/p>\n<ul>\n<li>Soodustab kaltsiumi ja magneesiumi imendumist.<\/li>\n<li>On kasulik luude ja liigeste ainevahetusele.<\/li>\n<li>On oluline eluskoe funktsioneerimisel.<\/li>\n<li>Annab eluj\u00f5udu juustele ja nahale.<\/li>\n<\/ul>\n<p><strong style=\"font-style: inherit;\">OstroVit vitamiin D3 + K2 kompleksi eelised:<\/strong><\/p>\n<ul>\n<li>suurendab kaltsiumi imendusmist,<\/li>\n<li>tugevdab luid ja hambaid;<\/li>\n<li>p\u00e4rsib osteoporoosi arengut;<\/li>\n<li>aitab kaalul alandamisel, soodustades rasvade p\u00f5letamist (eriti k\u00f5hu\u00f5\u00f5nerasva);<\/li>\n<li>suurendab lihaskasvu ja lihaste tugevust;<\/li>\n<li>toetab n\u00e4rvis\u00fcsteemi toimimist ja parandab meeleolu.<\/li>\n<\/ul>\n<p><strong>Koostisosad: <\/strong>t\u00e4iteained: mikrokristalliline tselluloos, t\u00e4rklis, paakumisvastane aine: kaltsiumfosfaat, magneesiumsoolad rasvhapetest, r\u00e4nidioksiid, menakinoon-7 MK-7 (vitamiin K) <em>bacillus subtilis natto<\/em>&#8216;st, kolekaltsiferool (vitamiin D).<\/p>\n<p><strong>Hoiatus: <\/strong>toode v\u00f5ib sisaldada <strong>piima, soja, nisu, muna, sellerit, sinepit.<\/strong><\/p>\n<p><strong>Kasutamine:<\/strong> tarbi 1 serveering (1 tablett) p\u00e4evas.<\/p>\n<p><b>Suurus:\u00a0<\/b>90 tabletti<\/p>\n<table>\n<tbody>\n<tr>\n<td width=\"307\"><strong>Koostisosad<\/strong><\/td>\n<td width=\"307\"><strong>1 portsjon (1 tablett)<\/strong><\/td>\n<\/tr>\n<tr>\n<td width=\"307\">Vitamiin K<\/td>\n<td width=\"307\">100 \u03bcg (133% *)<\/td>\n<\/tr>\n<tr>\n<td width=\"307\">Vitamiin D<\/td>\n<td width=\"307\">50 \u03bcg \/ 2000 IU (1000% *)<\/td>\n<\/tr>\n<\/tbody>\n<\/table>\n<p>* &#8211; soovitatud p\u00e4evane kogus<\/p>\n<p>Vaata ka meie teisi Vitamiine <a href=\"https:\/\/fit360.ee\/en\/product-category\/product-groups\/vitamins-and-minerals-en\/\"><strong>SIIT<\/strong><\/a> v\u00f5i D-Vitamiine <a href=\"https:\/\/fit360.ee\/en\/product-category\/product-groups\/vitamins-and-minerals-en\/d-vitamin-en\/\"><strong>SIIT<\/strong><\/a>!<\/p>\n<p>Soovid kaupa osta suuremas koguses? Vaata antud toodet ka meie HULGI poest\u00a0<a href=\"https:\/\/toidulisandidhulgi.ee\/product\/vitamin-d3k2-90tab\/\"><strong>SIIT<\/strong><\/a>!<\/p>\n","protected":false},"excerpt":{"rendered":"<p><strong>OstroVit D3 + K2 on vitamiinide kompleks,<\/strong>\u00a0mis on toodetud looduslikest toorainetest. K2 vitamiini tootmisel kasutatakse Jaapani traditsioonilist sojaubade k\u00e4\u00e4ritatamiseprotsessi. K vitamiini puudus ei lase kaltsiumit luudesse ladestuda.\u00a0Vitamiini K2 kasutatakse kaltsiumi luumaatriksisse kinnitamiseks, hoides \u00e4ra veresoonte lupjumise. K2 on k\u00f5rgelt biok\u00e4ttesaadav ja bioaktiivne ning p\u00fcsib veres kauem kui K1.<\/p>\n<p>Vitamiin D3 (kolekaltsiferool) tugevdab luid ja liigeseid ning omab olulist rolli rakkude ainevahetuses. Samuti kaitseb ja toidab D3 vitamiin eluskudet ning muudab naha kaunimaks ja nooremaks. Vitamiin D3 regulaarne kasutamine parandab kaltsiumi ja magneesiumi ainevahetust ja imendumist.<\/p>\n<ul>\n<li>Soodustab kaltsiumi ja magneesiumi imendumist.<\/li>\n<li>On kasulik luude ja liigeste ainevahetusele.<\/li>\n<li>On oluline eluskoe funktsioneerimisel.<\/li>\n<li>Annab eluj\u00f5udu juustele ja nahale.<\/li>\n<\/ul>\n<p><strong style=\"font-style: inherit;\">OstroVit vitamiin D3 + K2 kompleksi eelised:<\/strong><\/p>\n<ul>\n<li>suurendab kaltsiumi imendusmist,<\/li>\n<li>tugevdab luid ja hambaid;<\/li>\n<li>p\u00e4rsib osteoporoosi arengut;<\/li>\n<li>aitab kaalul alandamisel, soodustades rasvade p\u00f5letamist (eriti k\u00f5hu\u00f5\u00f5nerasva);<\/li>\n<li>suurendab lihaskasvu ja lihaste tugevust;<\/li>\n<li>toetab n\u00e4rvis\u00fcsteemi toimimist ja parandab meeleolu.<\/li>\n<\/ul>\n","protected":false},"featured_media":84350,"comment_status":"open","ping_status":"closed","template":"","meta":[],"product_brand":[],"product_cat":[1913,5320,527,2263,1329,536],"product_tag":[],"giftcard-category":[],"class_list":{"0":"post-17292","1":"product","2":"type-product","3":"status-publish","4":"has-post-thumbnail","6":"product_cat-d-vitamin-en","7":"product_cat-for-immunity-en","8":"product_cat-joint-support-en","9":"product_cat-k-vitamin-en","10":"product_cat-ostrovit-en","11":"product_cat-vitamins-and-minerals-en","12":"pa_toidulisand-branddd-ostrovit","13":"pa_tootegruppp-d-vitamiin-en","14":"pa_tootegruppp-for-joints","15":"pa_tootegruppp-immuunsusteem-en","16":"pa_tootegruppp-k-vitamiin-en","17":"pa_tootegruppp-vitamins-and-minerals","19":"first","20":"instock","21":"sale","22":"taxable","23":"shipping-taxable","24":"purchasable","25":"product-type-simple"},"yoast_head":"<!-- This site is optimized with the Yoast SEO plugin v27.3 - https:\/\/yoast.com\/product\/yoast-seo-wordpress\/ -->\n<title>Vitamiin D3+K2 (90tab) - Fit360<\/title>\n<meta name=\"robots\" content=\"index, follow, max-snippet:-1, max-image-preview:large, max-video-preview:-1\" \/>\n<link rel=\"canonical\" href=\"https:\/\/fit360.ee\/en\/pood\/product-groups\/vitamins-and-minerals-en\/d-vitamin-en\/vitamin-d3k2-90tab\/\" \/>\n<meta property=\"og:locale\" content=\"en_US\" \/>\n<meta property=\"og:type\" content=\"article\" \/>\n<meta property=\"og:title\" content=\"Vitamiin D3+K2 (90tab) - Fit360\" \/>\n<meta property=\"og:description\" content=\"OstroVit D3 + K2 on vitamiinide kompleks,\u00a0mis on toodetud looduslikest toorainetest. K2 vitamiini tootmisel kasutatakse Jaapani traditsioonilist sojaubade k\u00e4\u00e4ritatamiseprotsessi. K vitamiini puudus ei lase kaltsiumit luudesse ladestuda.\u00a0Vitamiini K2 kasutatakse kaltsiumi luumaatriksisse kinnitamiseks, hoides \u00e4ra veresoonte lupjumise. K2 on k\u00f5rgelt biok\u00e4ttesaadav ja bioaktiivne ning p\u00fcsib veres kauem kui K1.  Vitamiin D3 (kolekaltsiferool) tugevdab luid ja liigeseid ning omab olulist rolli rakkude ainevahetuses. Samuti kaitseb ja toidab D3 vitamiin eluskudet ning muudab naha kaunimaks ja nooremaks. Vitamiin D3 regulaarne kasutamine parandab kaltsiumi ja magneesiumi ainevahetust ja imendumist.   Soodustab kaltsiumi ja magneesiumi imendumist.  On kasulik luude ja liigeste ainevahetusele.  On oluline eluskoe funktsioneerimisel.  Annab eluj\u00f5udu juustele ja nahale.  OstroVit vitamiin D3 + K2 kompleksi eelised:   suurendab kaltsiumi imendusmist,  tugevdab luid ja hambaid;  p\u00e4rsib osteoporoosi arengut;  aitab kaalul alandamisel, soodustades rasvade p\u00f5letamist (eriti k\u00f5hu\u00f5\u00f5nerasva);  suurendab lihaskasvu ja lihaste tugevust;  toetab n\u00e4rvis\u00fcsteemi toimimist ja parandab meeleolu.\" \/>\n<meta property=\"og:url\" content=\"https:\/\/fit360.ee\/en\/pood\/product-groups\/vitamins-and-minerals-en\/d-vitamin-en\/vitamin-d3k2-90tab\/\" \/>\n<meta property=\"og:site_name\" content=\"Fit360\" \/>\n<meta property=\"article:modified_time\" content=\"2025-08-19T07:22:25+00:00\" \/>\n<meta property=\"og:image\" content=\"https:\/\/fit360.ee\/wp-content\/uploads\/2018\/08\/ostrovit-vitamiin-d3-k2-fit360.ee-1.png\" \/>\n\t<meta property=\"og:image:width\" content=\"450\" \/>\n\t<meta property=\"og:image:height\" content=\"450\" \/>\n\t<meta property=\"og:image:type\" content=\"image\/png\" \/>\n<meta name=\"twitter:card\" content=\"summary_large_image\" \/>\n<meta name=\"twitter:label1\" content=\"Est. reading time\" \/>\n\t<meta name=\"twitter:data1\" content=\"2 minutes\" \/>\n<script type=\"application\/ld+json\" class=\"yoast-schema-graph\">{\"@context\":\"https:\\\/\\\/schema.org\",\"@graph\":[{\"@type\":\"WebPage\",\"@id\":\"https:\\\/\\\/fit360.ee\\\/en\\\/pood\\\/product-groups\\\/vitamins-and-minerals-en\\\/d-vitamin-en\\\/vitamin-d3k2-90tab\\\/\",\"url\":\"https:\\\/\\\/fit360.ee\\\/en\\\/pood\\\/product-groups\\\/vitamins-and-minerals-en\\\/d-vitamin-en\\\/vitamin-d3k2-90tab\\\/\",\"name\":\"Vitamiin D3+K2 (90tab) - Fit360\",\"isPartOf\":{\"@id\":\"https:\\\/\\\/fit360.ee\\\/en\\\/#website\"},\"primaryImageOfPage\":{\"@id\":\"https:\\\/\\\/fit360.ee\\\/en\\\/pood\\\/product-groups\\\/vitamins-and-minerals-en\\\/d-vitamin-en\\\/vitamin-d3k2-90tab\\\/#primaryimage\"},\"image\":{\"@id\":\"https:\\\/\\\/fit360.ee\\\/en\\\/pood\\\/product-groups\\\/vitamins-and-minerals-en\\\/d-vitamin-en\\\/vitamin-d3k2-90tab\\\/#primaryimage\"},\"thumbnailUrl\":\"https:\\\/\\\/fit360.ee\\\/wp-content\\\/uploads\\\/2018\\\/08\\\/ostrovit-vitamiin-d3-k2-fit360.ee-1.png\",\"datePublished\":\"2018-08-07T15:35:44+00:00\",\"dateModified\":\"2025-08-19T07:22:25+00:00\",\"breadcrumb\":{\"@id\":\"https:\\\/\\\/fit360.ee\\\/en\\\/pood\\\/product-groups\\\/vitamins-and-minerals-en\\\/d-vitamin-en\\\/vitamin-d3k2-90tab\\\/#breadcrumb\"},\"inLanguage\":\"en-US\",\"potentialAction\":[{\"@type\":\"ReadAction\",\"target\":[\"https:\\\/\\\/fit360.ee\\\/en\\\/pood\\\/product-groups\\\/vitamins-and-minerals-en\\\/d-vitamin-en\\\/vitamin-d3k2-90tab\\\/\"]}]},{\"@type\":\"ImageObject\",\"inLanguage\":\"en-US\",\"@id\":\"https:\\\/\\\/fit360.ee\\\/en\\\/pood\\\/product-groups\\\/vitamins-and-minerals-en\\\/d-vitamin-en\\\/vitamin-d3k2-90tab\\\/#primaryimage\",\"url\":\"https:\\\/\\\/fit360.ee\\\/wp-content\\\/uploads\\\/2018\\\/08\\\/ostrovit-vitamiin-d3-k2-fit360.ee-1.png\",\"contentUrl\":\"https:\\\/\\\/fit360.ee\\\/wp-content\\\/uploads\\\/2018\\\/08\\\/ostrovit-vitamiin-d3-k2-fit360.ee-1.png\",\"width\":450,\"height\":450,\"caption\":\"ostrovit vitamiin d3 + k2 - fit360.ee\"},{\"@type\":\"BreadcrumbList\",\"@id\":\"https:\\\/\\\/fit360.ee\\\/en\\\/pood\\\/product-groups\\\/vitamins-and-minerals-en\\\/d-vitamin-en\\\/vitamin-d3k2-90tab\\\/#breadcrumb\",\"itemListElement\":[{\"@type\":\"ListItem\",\"position\":1,\"name\":\"Home\",\"item\":\"https:\\\/\\\/fit360.ee\\\/en\\\/\"},{\"@type\":\"ListItem\",\"position\":2,\"name\":\"Shop\",\"item\":\"https:\\\/\\\/fit360.ee\\\/en\\\/shop\\\/\"},{\"@type\":\"ListItem\",\"position\":3,\"name\":\"Vitamiin D3+K2 (90tab)\"}]},{\"@type\":\"WebSite\",\"@id\":\"https:\\\/\\\/fit360.ee\\\/en\\\/#website\",\"url\":\"https:\\\/\\\/fit360.ee\\\/en\\\/\",\"name\":\"Fit360\",\"description\":\"\",\"publisher\":{\"@id\":\"https:\\\/\\\/fit360.ee\\\/en\\\/#organization\"},\"potentialAction\":[{\"@type\":\"SearchAction\",\"target\":{\"@type\":\"EntryPoint\",\"urlTemplate\":\"https:\\\/\\\/fit360.ee\\\/en\\\/?s={search_term_string}\"},\"query-input\":{\"@type\":\"PropertyValueSpecification\",\"valueRequired\":true,\"valueName\":\"search_term_string\"}}],\"inLanguage\":\"en-US\"},{\"@type\":\"Organization\",\"@id\":\"https:\\\/\\\/fit360.ee\\\/en\\\/#organization\",\"name\":\"Fit360\",\"url\":\"https:\\\/\\\/fit360.ee\\\/en\\\/\",\"logo\":{\"@type\":\"ImageObject\",\"inLanguage\":\"en-US\",\"@id\":\"https:\\\/\\\/fit360.ee\\\/en\\\/#\\\/schema\\\/logo\\\/image\\\/\",\"url\":\"https:\\\/\\\/fit360.ee\\\/wp-content\\\/uploads\\\/2017\\\/01\\\/logo-fit360.png\",\"contentUrl\":\"https:\\\/\\\/fit360.ee\\\/wp-content\\\/uploads\\\/2017\\\/01\\\/logo-fit360.png\",\"width\":180,\"height\":66,\"caption\":\"Fit360\"},\"image\":{\"@id\":\"https:\\\/\\\/fit360.ee\\\/en\\\/#\\\/schema\\\/logo\\\/image\\\/\"}}]}<\/script>\n<!-- \/ Yoast SEO plugin. -->","yoast_head_json":{"title":"Vitamiin D3+K2 (90tab) - Fit360","robots":{"index":"index","follow":"follow","max-snippet":"max-snippet:-1","max-image-preview":"max-image-preview:large","max-video-preview":"max-video-preview:-1"},"canonical":"https:\/\/fit360.ee\/en\/pood\/product-groups\/vitamins-and-minerals-en\/d-vitamin-en\/vitamin-d3k2-90tab\/","og_locale":"en_US","og_type":"article","og_title":"Vitamiin D3+K2 (90tab) - Fit360","og_description":"OstroVit D3 + K2 on vitamiinide kompleks,\u00a0mis on toodetud looduslikest toorainetest. K2 vitamiini tootmisel kasutatakse Jaapani traditsioonilist sojaubade k\u00e4\u00e4ritatamiseprotsessi. K vitamiini puudus ei lase kaltsiumit luudesse ladestuda.\u00a0Vitamiini K2 kasutatakse kaltsiumi luumaatriksisse kinnitamiseks, hoides \u00e4ra veresoonte lupjumise. K2 on k\u00f5rgelt biok\u00e4ttesaadav ja bioaktiivne ning p\u00fcsib veres kauem kui K1.  Vitamiin D3 (kolekaltsiferool) tugevdab luid ja liigeseid ning omab olulist rolli rakkude ainevahetuses. Samuti kaitseb ja toidab D3 vitamiin eluskudet ning muudab naha kaunimaks ja nooremaks. Vitamiin D3 regulaarne kasutamine parandab kaltsiumi ja magneesiumi ainevahetust ja imendumist.   Soodustab kaltsiumi ja magneesiumi imendumist.  On kasulik luude ja liigeste ainevahetusele.  On oluline eluskoe funktsioneerimisel.  Annab eluj\u00f5udu juustele ja nahale.  OstroVit vitamiin D3 + K2 kompleksi eelised:   suurendab kaltsiumi imendusmist,  tugevdab luid ja hambaid;  p\u00e4rsib osteoporoosi arengut;  aitab kaalul alandamisel, soodustades rasvade p\u00f5letamist (eriti k\u00f5hu\u00f5\u00f5nerasva);  suurendab lihaskasvu ja lihaste tugevust;  toetab n\u00e4rvis\u00fcsteemi toimimist ja parandab meeleolu.","og_url":"https:\/\/fit360.ee\/en\/pood\/product-groups\/vitamins-and-minerals-en\/d-vitamin-en\/vitamin-d3k2-90tab\/","og_site_name":"Fit360","article_modified_time":"2025-08-19T07:22:25+00:00","og_image":[{"width":450,"height":450,"url":"https:\/\/fit360.ee\/wp-content\/uploads\/2018\/08\/ostrovit-vitamiin-d3-k2-fit360.ee-1.png","type":"image\/png"}],"twitter_card":"summary_large_image","twitter_misc":{"Est. reading time":"2 minutes"},"schema":{"@context":"https:\/\/schema.org","@graph":[{"@type":"WebPage","@id":"https:\/\/fit360.ee\/en\/pood\/product-groups\/vitamins-and-minerals-en\/d-vitamin-en\/vitamin-d3k2-90tab\/","url":"https:\/\/fit360.ee\/en\/pood\/product-groups\/vitamins-and-minerals-en\/d-vitamin-en\/vitamin-d3k2-90tab\/","name":"Vitamiin D3+K2 (90tab) - Fit360","isPartOf":{"@id":"https:\/\/fit360.ee\/en\/#website"},"primaryImageOfPage":{"@id":"https:\/\/fit360.ee\/en\/pood\/product-groups\/vitamins-and-minerals-en\/d-vitamin-en\/vitamin-d3k2-90tab\/#primaryimage"},"image":{"@id":"https:\/\/fit360.ee\/en\/pood\/product-groups\/vitamins-and-minerals-en\/d-vitamin-en\/vitamin-d3k2-90tab\/#primaryimage"},"thumbnailUrl":"https:\/\/fit360.ee\/wp-content\/uploads\/2018\/08\/ostrovit-vitamiin-d3-k2-fit360.ee-1.png","datePublished":"2018-08-07T15:35:44+00:00","dateModified":"2025-08-19T07:22:25+00:00","breadcrumb":{"@id":"https:\/\/fit360.ee\/en\/pood\/product-groups\/vitamins-and-minerals-en\/d-vitamin-en\/vitamin-d3k2-90tab\/#breadcrumb"},"inLanguage":"en-US","potentialAction":[{"@type":"ReadAction","target":["https:\/\/fit360.ee\/en\/pood\/product-groups\/vitamins-and-minerals-en\/d-vitamin-en\/vitamin-d3k2-90tab\/"]}]},{"@type":"ImageObject","inLanguage":"en-US","@id":"https:\/\/fit360.ee\/en\/pood\/product-groups\/vitamins-and-minerals-en\/d-vitamin-en\/vitamin-d3k2-90tab\/#primaryimage","url":"https:\/\/fit360.ee\/wp-content\/uploads\/2018\/08\/ostrovit-vitamiin-d3-k2-fit360.ee-1.png","contentUrl":"https:\/\/fit360.ee\/wp-content\/uploads\/2018\/08\/ostrovit-vitamiin-d3-k2-fit360.ee-1.png","width":450,"height":450,"caption":"ostrovit vitamiin d3 + k2 - fit360.ee"},{"@type":"BreadcrumbList","@id":"https:\/\/fit360.ee\/en\/pood\/product-groups\/vitamins-and-minerals-en\/d-vitamin-en\/vitamin-d3k2-90tab\/#breadcrumb","itemListElement":[{"@type":"ListItem","position":1,"name":"Home","item":"https:\/\/fit360.ee\/en\/"},{"@type":"ListItem","position":2,"name":"Shop","item":"https:\/\/fit360.ee\/en\/shop\/"},{"@type":"ListItem","position":3,"name":"Vitamiin D3+K2 (90tab)"}]},{"@type":"WebSite","@id":"https:\/\/fit360.ee\/en\/#website","url":"https:\/\/fit360.ee\/en\/","name":"Fit360","description":"","publisher":{"@id":"https:\/\/fit360.ee\/en\/#organization"},"potentialAction":[{"@type":"SearchAction","target":{"@type":"EntryPoint","urlTemplate":"https:\/\/fit360.ee\/en\/?s={search_term_string}"},"query-input":{"@type":"PropertyValueSpecification","valueRequired":true,"valueName":"search_term_string"}}],"inLanguage":"en-US"},{"@type":"Organization","@id":"https:\/\/fit360.ee\/en\/#organization","name":"Fit360","url":"https:\/\/fit360.ee\/en\/","logo":{"@type":"ImageObject","inLanguage":"en-US","@id":"https:\/\/fit360.ee\/en\/#\/schema\/logo\/image\/","url":"https:\/\/fit360.ee\/wp-content\/uploads\/2017\/01\/logo-fit360.png","contentUrl":"https:\/\/fit360.ee\/wp-content\/uploads\/2017\/01\/logo-fit360.png","width":180,"height":66,"caption":"Fit360"},"image":{"@id":"https:\/\/fit360.ee\/en\/#\/schema\/logo\/image\/"}}]}},"_links":{"self":[{"href":"https:\/\/fit360.ee\/en\/wp-json\/wp\/v2\/product\/17292","targetHints":{"allow":["GET"]}}],"collection":[{"href":"https:\/\/fit360.ee\/en\/wp-json\/wp\/v2\/product"}],"about":[{"href":"https:\/\/fit360.ee\/en\/wp-json\/wp\/v2\/types\/product"}],"replies":[{"embeddable":true,"href":"https:\/\/fit360.ee\/en\/wp-json\/wp\/v2\/comments?post=17292"}],"wp:featuredmedia":[{"embeddable":true,"href":"https:\/\/fit360.ee\/en\/wp-json\/wp\/v2\/media\/84350"}],"wp:attachment":[{"href":"https:\/\/fit360.ee\/en\/wp-json\/wp\/v2\/media?parent=17292"}],"wp:term":[{"taxonomy":"product_brand","embeddable":true,"href":"https:\/\/fit360.ee\/en\/wp-json\/wp\/v2\/product_brand?post=17292"},{"taxonomy":"product_cat","embeddable":true,"href":"https:\/\/fit360.ee\/en\/wp-json\/wp\/v2\/product_cat?post=17292"},{"taxonomy":"product_tag","embeddable":true,"href":"https:\/\/fit360.ee\/en\/wp-json\/wp\/v2\/product_tag?post=17292"},{"taxonomy":"giftcard-category","embeddable":true,"href":"https:\/\/fit360.ee\/en\/wp-json\/wp\/v2\/giftcard-category?post=17292"}],"curies":[{"name":"wp","href":"https:\/\/api.w.org\/{rel}","templated":true}]}}