{"id":17393,"date":"2018-08-15T15:09:14","date_gmt":"2018-08-15T13:09:14","guid":{"rendered":"https:\/\/fit360.ee\/pood\/uncategorized\/on-gold-standard-bcaa-train-sustain-266g\/"},"modified":"2025-08-13T07:38:40","modified_gmt":"2025-08-13T05:38:40","slug":"on-gold-standard-bcaa-train-sustain-266g","status":"publish","type":"product","link":"https:\/\/fit360.ee\/en\/pood\/product-groups\/vitamins-and-minerals-en\/c-vitamin-en\/on-gold-standard-bcaa-train-sustain-266g\/","title":{"rendered":"ON Gold Standard BCAA Train and Sustain (266g)"},"content":{"rendered":"<h1>ON Gold Standard BCAA Train and Sustain<\/h1>\n<p>Optimum Nutriotini BCAA Train and Sustain koosneb BCAA-st, vitamiin C-st ja magneesiumist. Gold Standard BCAA \u2122 aitab teil j\u00e4tkata oma immuuns\u00fcsteemi toetamist ja v\u00e4simuse v\u00e4hendamist, et saaksite oma harjutusi v\u00f5i t\u00f6\u00f6d k\u00f5ige efektiivsemalt j\u00e4tkata.<\/p>\n<p><strong>Koostisosad<\/strong>: BCAA (L-Leutsiin, L-Isoleutsiin, L-Valiin, emulgaator, soja letsitiin), happed (sidrunhape, \u00f5unhape, viinhape), l\u00f5hna- ja maitseained, p\u00e4rmi Beeta-Gl\u00fckaanid, juurekstrakt, paakumisvastased ained (r\u00e4nidioksiid, kaltsium silikaat), naatriumkloriid, kaaliumkloriid, magneesiumoksiid, magusaine (sukraloos), v\u00e4rvained (beetakaroteen, kurkumiin), L-absorptsioonhape.<\/p>\n<p><strong>Allergeenid<\/strong>: V\u00f5ib sisaldada piima, gl\u00fcteeni, muna, p\u00e4hkleid.<\/p>\n<p><strong>Kasutamine<\/strong>: 1 serveering p\u00e4evas (2 m\u00f5\u00f5telusikat) segatuna 350 ml k\u00fclma veega. Kasutamiseks treeningu ajal v\u00f5i peale treeningut.<\/p>\n<p><strong>NB!<\/strong> \u00e4ra tarbi toidulisandeid asenduseks tervislikule ning balanseeritud dieedile ning elustiilile. Toidulisandeid peaks hoidma lastele k\u00e4ttesaamatus kohas. Toode on m\u00f5eldud tervise juures olevatele t\u00e4iskasvanud inimestele. Mitte \u00fcletada soovitatud p\u00e4evast kogust.<\/p>\n<p><strong>Suurus: <\/strong>266g &#8211;<strong>\u00a0<\/strong>28 serveeringut<\/p>\n<p><strong>Hoiustamine: <\/strong>s\u00e4ilita kuivas ja jahedas kohas, eemal otsesest valgusest.<\/p>\n<table>\n<tbody>\n<tr>\n<td width=\"307\"><strong>Anal\u00fc\u00fcs<\/strong><\/td>\n<td width=\"307\"><strong>1 serveering \/ 9,5g<\/strong><\/td>\n<\/tr>\n<tr>\n<td width=\"307\">Energia<\/td>\n<td width=\"307\">136 kJ\/ 32 kcal<\/td>\n<\/tr>\n<tr>\n<td width=\"307\">Bcaad<\/td>\n<td width=\"307\">5,0g<\/td>\n<\/tr>\n<tr>\n<td width=\"307\">&#8211; Leutsiin<\/td>\n<td width=\"307\">2,6g<\/td>\n<\/tr>\n<tr>\n<td width=\"307\">&#8211; Isoleutsiin<\/td>\n<td width=\"307\">1,2g<\/td>\n<\/tr>\n<tr>\n<td width=\"307\">&#8211; Valiin<\/td>\n<td width=\"307\">1,2g<\/td>\n<\/tr>\n<tr>\n<td width=\"307\"><em>Wellmune<\/em> <em>\u00ae<\/em><\/td>\n<td width=\"307\">250mg<\/td>\n<\/tr>\n<tr>\n<td width=\"307\">Rhodiola rosea<\/td>\n<td width=\"307\">200mg<\/td>\n<\/tr>\n<tr>\n<td width=\"307\">C-Vitamiin<\/td>\n<td width=\"307\">19mg<\/td>\n<\/tr>\n<tr>\n<td width=\"307\">Magneesium<\/td>\n<td width=\"307\">66mg<\/td>\n<\/tr>\n<tr>\n<td width=\"307\">Kloriid<\/td>\n<td width=\"307\">183mg<\/td>\n<\/tr>\n<tr>\n<td width=\"307\">Soodium<\/td>\n<td width=\"307\">77mg<\/td>\n<\/tr>\n<\/tbody>\n<\/table>\n<p>Soovid kaupa osta suuremas koguses? Vaata antud toodet ka meie HULGI poest\u00a0<a href=\"https:\/\/toidulisandidhulgi.ee\/product\/on-gold-standard\u2026ain-sustain-266g\/\"><strong>SIIT<\/strong><\/a>!<\/p>\n","protected":false},"excerpt":{"rendered":"<h2><strong>ON Gold Standard BCAA Train and Sustain:<\/strong><\/h2>\n<ul>\n<li><span style=\"font-size: 14.4px;\">5 g BCAA-sid 2: 1: 1 suhtega<\/span><\/li>\n<li>Immuunsust toetav C-vitamiin<\/li>\n<li>Magneesium lihaste toeks<\/li>\n<li>Magneesium ja C-vitamiin v\u00e4hendavad v\u00e4simust ja kurnatust.<\/li>\n<li>Unikaalne valem, mis sisaldab Rhodiola rosea, Wellmune\u00ae toetavaid elektrol\u00fc\u00fcte.<\/li>\n<li>V\u00e4rskendav ja kergesti joodav<\/li>\n<\/ul>\n<p>Toidulisand, mis koosneb BCAA-st, vitamiin C-st ja magneesiumist. Gold Standard BCAA \u2122 aitab teil j\u00e4tkata oma immuuns\u00fcsteemi toetamist ja v\u00e4simuse v\u00e4hendamist, et saaksite oma harjutusi v\u00f5i t\u00f6\u00f6d k\u00f5ige efektiivsemalt j\u00e4tkata.<\/p>\n","protected":false},"featured_media":17392,"comment_status":"open","ping_status":"closed","template":"","meta":[],"product_brand":[],"product_cat":[520,2299,1911,2331,2335,1915,1294,533,531,2291,536],"product_tag":[1787,1791,1805,1806],"giftcard-category":[],"class_list":{"0":"post-17393","1":"product","2":"type-product","3":"status-publish","4":"has-post-thumbnail","6":"product_cat-amino-acids-bcaa","7":"product_cat-bcaa-en","8":"product_cat-c-vitamin-en","9":"product_cat-essential-amino-acids-eaa-en","10":"product_cat-leucine-en","11":"product_cat-magnesium-en","12":"product_cat-optimum-nutrition-en","13":"product_cat-pre-workout-en","14":"product_cat-recovery-post-workout-en","15":"product_cat-rhodiola-rosea-en","16":"product_cat-vitamins-and-minerals-en","17":"product_tag-aminohapped-en","18":"product_tag-bcaa-en","19":"product_tag-bcaa-train-and-sustain-en","20":"product_tag-optimum-nutrition-en","21":"pa_maitse-apple-pear","22":"pa_maitse-cola-en","23":"pa_maitse-maasika-kiivi-en","24":"pa_maitse-vaarika-granaatoun-en","25":"pa_maitse-virsiku-passioni-en","27":"first","28":"outofstock","29":"sale","30":"taxable","31":"shipping-taxable","32":"purchasable","33":"product-type-variable"},"yoast_head":"<!-- This site is optimized with the Yoast SEO plugin v27.3 - https:\/\/yoast.com\/product\/yoast-seo-wordpress\/ -->\n<title>BCAA Train and Sustain (266g) - Aminohapped - Optimum Nutrition - Fit360<\/title>\n<meta name=\"description\" content=\"BCAA Train and Sustain koosneb BCAA-st, vitamiin C-st ja magneesiumist. Gold Standard BCAA \u2122 muudab ja toetab Teie treeningust taastumist. Tarne: 1-3 p\u00e4eva.\" \/>\n<meta name=\"robots\" content=\"index, follow, max-snippet:-1, max-image-preview:large, max-video-preview:-1\" \/>\n<link rel=\"canonical\" href=\"https:\/\/fit360.ee\/en\/pood\/product-groups\/vitamins-and-minerals-en\/c-vitamin-en\/on-gold-standard-bcaa-train-sustain-266g\/\" \/>\n<meta property=\"og:locale\" content=\"en_US\" \/>\n<meta property=\"og:type\" content=\"article\" \/>\n<meta property=\"og:title\" content=\"BCAA Train and Sustain (266g) - Aminohapped - Optimum Nutrition - Fit360\" \/>\n<meta property=\"og:description\" content=\"BCAA Train and Sustain koosneb BCAA-st, vitamiin C-st ja magneesiumist. Gold Standard BCAA \u2122 muudab ja toetab Teie treeningust taastumist. Tarne: 1-3 p\u00e4eva.\" \/>\n<meta property=\"og:url\" content=\"https:\/\/fit360.ee\/en\/pood\/product-groups\/vitamins-and-minerals-en\/c-vitamin-en\/on-gold-standard-bcaa-train-sustain-266g\/\" \/>\n<meta property=\"og:site_name\" content=\"Fit360\" \/>\n<meta property=\"article:modified_time\" content=\"2025-08-13T05:38:40+00:00\" \/>\n<meta property=\"og:image\" content=\"https:\/\/fit360.ee\/wp-content\/uploads\/2018\/08\/gold-standard-bcaa-train-sustain-28-servings4.png\" \/>\n\t<meta property=\"og:image:width\" content=\"800\" \/>\n\t<meta property=\"og:image:height\" content=\"800\" \/>\n\t<meta property=\"og:image:type\" content=\"image\/png\" \/>\n<meta name=\"twitter:card\" content=\"summary_large_image\" \/>\n<meta name=\"twitter:label1\" content=\"Est. reading time\" \/>\n\t<meta name=\"twitter:data1\" content=\"2 minutes\" \/>\n<script type=\"application\/ld+json\" class=\"yoast-schema-graph\">{\"@context\":\"https:\\\/\\\/schema.org\",\"@graph\":[{\"@type\":\"WebPage\",\"@id\":\"https:\\\/\\\/fit360.ee\\\/en\\\/pood\\\/product-groups\\\/vitamins-and-minerals-en\\\/c-vitamin-en\\\/on-gold-standard-bcaa-train-sustain-266g\\\/\",\"url\":\"https:\\\/\\\/fit360.ee\\\/en\\\/pood\\\/product-groups\\\/vitamins-and-minerals-en\\\/c-vitamin-en\\\/on-gold-standard-bcaa-train-sustain-266g\\\/\",\"name\":\"BCAA Train and Sustain (266g) - Aminohapped - Optimum Nutrition - Fit360\",\"isPartOf\":{\"@id\":\"https:\\\/\\\/fit360.ee\\\/en\\\/#website\"},\"primaryImageOfPage\":{\"@id\":\"https:\\\/\\\/fit360.ee\\\/en\\\/pood\\\/product-groups\\\/vitamins-and-minerals-en\\\/c-vitamin-en\\\/on-gold-standard-bcaa-train-sustain-266g\\\/#primaryimage\"},\"image\":{\"@id\":\"https:\\\/\\\/fit360.ee\\\/en\\\/pood\\\/product-groups\\\/vitamins-and-minerals-en\\\/c-vitamin-en\\\/on-gold-standard-bcaa-train-sustain-266g\\\/#primaryimage\"},\"thumbnailUrl\":\"https:\\\/\\\/fit360.ee\\\/wp-content\\\/uploads\\\/2018\\\/08\\\/gold-standard-bcaa-train-sustain-28-servings4.png\",\"datePublished\":\"2018-08-15T13:09:14+00:00\",\"dateModified\":\"2025-08-13T05:38:40+00:00\",\"description\":\"BCAA Train and Sustain koosneb BCAA-st, vitamiin C-st ja magneesiumist. Gold Standard BCAA \u2122 muudab ja toetab Teie treeningust taastumist. Tarne: 1-3 p\u00e4eva.\",\"breadcrumb\":{\"@id\":\"https:\\\/\\\/fit360.ee\\\/en\\\/pood\\\/product-groups\\\/vitamins-and-minerals-en\\\/c-vitamin-en\\\/on-gold-standard-bcaa-train-sustain-266g\\\/#breadcrumb\"},\"inLanguage\":\"en-US\",\"potentialAction\":[{\"@type\":\"ReadAction\",\"target\":[\"https:\\\/\\\/fit360.ee\\\/en\\\/pood\\\/product-groups\\\/vitamins-and-minerals-en\\\/c-vitamin-en\\\/on-gold-standard-bcaa-train-sustain-266g\\\/\"]}]},{\"@type\":\"ImageObject\",\"inLanguage\":\"en-US\",\"@id\":\"https:\\\/\\\/fit360.ee\\\/en\\\/pood\\\/product-groups\\\/vitamins-and-minerals-en\\\/c-vitamin-en\\\/on-gold-standard-bcaa-train-sustain-266g\\\/#primaryimage\",\"url\":\"https:\\\/\\\/fit360.ee\\\/wp-content\\\/uploads\\\/2018\\\/08\\\/gold-standard-bcaa-train-sustain-28-servings4.png\",\"contentUrl\":\"https:\\\/\\\/fit360.ee\\\/wp-content\\\/uploads\\\/2018\\\/08\\\/gold-standard-bcaa-train-sustain-28-servings4.png\",\"width\":800,\"height\":800,\"caption\":\"Gold Standard BCAA Train and Sustain - fit360.ee\"},{\"@type\":\"BreadcrumbList\",\"@id\":\"https:\\\/\\\/fit360.ee\\\/en\\\/pood\\\/product-groups\\\/vitamins-and-minerals-en\\\/c-vitamin-en\\\/on-gold-standard-bcaa-train-sustain-266g\\\/#breadcrumb\",\"itemListElement\":[{\"@type\":\"ListItem\",\"position\":1,\"name\":\"Home\",\"item\":\"https:\\\/\\\/fit360.ee\\\/en\\\/\"},{\"@type\":\"ListItem\",\"position\":2,\"name\":\"Shop\",\"item\":\"https:\\\/\\\/fit360.ee\\\/en\\\/shop\\\/\"},{\"@type\":\"ListItem\",\"position\":3,\"name\":\"ON Gold Standard BCAA Train and Sustain (266g)\"}]},{\"@type\":\"WebSite\",\"@id\":\"https:\\\/\\\/fit360.ee\\\/en\\\/#website\",\"url\":\"https:\\\/\\\/fit360.ee\\\/en\\\/\",\"name\":\"Fit360\",\"description\":\"\",\"publisher\":{\"@id\":\"https:\\\/\\\/fit360.ee\\\/en\\\/#organization\"},\"potentialAction\":[{\"@type\":\"SearchAction\",\"target\":{\"@type\":\"EntryPoint\",\"urlTemplate\":\"https:\\\/\\\/fit360.ee\\\/en\\\/?s={search_term_string}\"},\"query-input\":{\"@type\":\"PropertyValueSpecification\",\"valueRequired\":true,\"valueName\":\"search_term_string\"}}],\"inLanguage\":\"en-US\"},{\"@type\":\"Organization\",\"@id\":\"https:\\\/\\\/fit360.ee\\\/en\\\/#organization\",\"name\":\"Fit360\",\"url\":\"https:\\\/\\\/fit360.ee\\\/en\\\/\",\"logo\":{\"@type\":\"ImageObject\",\"inLanguage\":\"en-US\",\"@id\":\"https:\\\/\\\/fit360.ee\\\/en\\\/#\\\/schema\\\/logo\\\/image\\\/\",\"url\":\"https:\\\/\\\/fit360.ee\\\/wp-content\\\/uploads\\\/2017\\\/01\\\/logo-fit360.png\",\"contentUrl\":\"https:\\\/\\\/fit360.ee\\\/wp-content\\\/uploads\\\/2017\\\/01\\\/logo-fit360.png\",\"width\":180,\"height\":66,\"caption\":\"Fit360\"},\"image\":{\"@id\":\"https:\\\/\\\/fit360.ee\\\/en\\\/#\\\/schema\\\/logo\\\/image\\\/\"}}]}<\/script>\n<!-- \/ Yoast SEO plugin. -->","yoast_head_json":{"title":"BCAA Train and Sustain (266g) - Aminohapped - Optimum Nutrition - Fit360","description":"BCAA Train and Sustain koosneb BCAA-st, vitamiin C-st ja magneesiumist. Gold Standard BCAA \u2122 muudab ja toetab Teie treeningust taastumist. Tarne: 1-3 p\u00e4eva.","robots":{"index":"index","follow":"follow","max-snippet":"max-snippet:-1","max-image-preview":"max-image-preview:large","max-video-preview":"max-video-preview:-1"},"canonical":"https:\/\/fit360.ee\/en\/pood\/product-groups\/vitamins-and-minerals-en\/c-vitamin-en\/on-gold-standard-bcaa-train-sustain-266g\/","og_locale":"en_US","og_type":"article","og_title":"BCAA Train and Sustain (266g) - Aminohapped - Optimum Nutrition - Fit360","og_description":"BCAA Train and Sustain koosneb BCAA-st, vitamiin C-st ja magneesiumist. Gold Standard BCAA \u2122 muudab ja toetab Teie treeningust taastumist. Tarne: 1-3 p\u00e4eva.","og_url":"https:\/\/fit360.ee\/en\/pood\/product-groups\/vitamins-and-minerals-en\/c-vitamin-en\/on-gold-standard-bcaa-train-sustain-266g\/","og_site_name":"Fit360","article_modified_time":"2025-08-13T05:38:40+00:00","og_image":[{"width":800,"height":800,"url":"https:\/\/fit360.ee\/wp-content\/uploads\/2018\/08\/gold-standard-bcaa-train-sustain-28-servings4.png","type":"image\/png"}],"twitter_card":"summary_large_image","twitter_misc":{"Est. reading time":"2 minutes"},"schema":{"@context":"https:\/\/schema.org","@graph":[{"@type":"WebPage","@id":"https:\/\/fit360.ee\/en\/pood\/product-groups\/vitamins-and-minerals-en\/c-vitamin-en\/on-gold-standard-bcaa-train-sustain-266g\/","url":"https:\/\/fit360.ee\/en\/pood\/product-groups\/vitamins-and-minerals-en\/c-vitamin-en\/on-gold-standard-bcaa-train-sustain-266g\/","name":"BCAA Train and Sustain (266g) - Aminohapped - Optimum Nutrition - Fit360","isPartOf":{"@id":"https:\/\/fit360.ee\/en\/#website"},"primaryImageOfPage":{"@id":"https:\/\/fit360.ee\/en\/pood\/product-groups\/vitamins-and-minerals-en\/c-vitamin-en\/on-gold-standard-bcaa-train-sustain-266g\/#primaryimage"},"image":{"@id":"https:\/\/fit360.ee\/en\/pood\/product-groups\/vitamins-and-minerals-en\/c-vitamin-en\/on-gold-standard-bcaa-train-sustain-266g\/#primaryimage"},"thumbnailUrl":"https:\/\/fit360.ee\/wp-content\/uploads\/2018\/08\/gold-standard-bcaa-train-sustain-28-servings4.png","datePublished":"2018-08-15T13:09:14+00:00","dateModified":"2025-08-13T05:38:40+00:00","description":"BCAA Train and Sustain koosneb BCAA-st, vitamiin C-st ja magneesiumist. Gold Standard BCAA \u2122 muudab ja toetab Teie treeningust taastumist. Tarne: 1-3 p\u00e4eva.","breadcrumb":{"@id":"https:\/\/fit360.ee\/en\/pood\/product-groups\/vitamins-and-minerals-en\/c-vitamin-en\/on-gold-standard-bcaa-train-sustain-266g\/#breadcrumb"},"inLanguage":"en-US","potentialAction":[{"@type":"ReadAction","target":["https:\/\/fit360.ee\/en\/pood\/product-groups\/vitamins-and-minerals-en\/c-vitamin-en\/on-gold-standard-bcaa-train-sustain-266g\/"]}]},{"@type":"ImageObject","inLanguage":"en-US","@id":"https:\/\/fit360.ee\/en\/pood\/product-groups\/vitamins-and-minerals-en\/c-vitamin-en\/on-gold-standard-bcaa-train-sustain-266g\/#primaryimage","url":"https:\/\/fit360.ee\/wp-content\/uploads\/2018\/08\/gold-standard-bcaa-train-sustain-28-servings4.png","contentUrl":"https:\/\/fit360.ee\/wp-content\/uploads\/2018\/08\/gold-standard-bcaa-train-sustain-28-servings4.png","width":800,"height":800,"caption":"Gold Standard BCAA Train and Sustain - fit360.ee"},{"@type":"BreadcrumbList","@id":"https:\/\/fit360.ee\/en\/pood\/product-groups\/vitamins-and-minerals-en\/c-vitamin-en\/on-gold-standard-bcaa-train-sustain-266g\/#breadcrumb","itemListElement":[{"@type":"ListItem","position":1,"name":"Home","item":"https:\/\/fit360.ee\/en\/"},{"@type":"ListItem","position":2,"name":"Shop","item":"https:\/\/fit360.ee\/en\/shop\/"},{"@type":"ListItem","position":3,"name":"ON Gold Standard BCAA Train and Sustain (266g)"}]},{"@type":"WebSite","@id":"https:\/\/fit360.ee\/en\/#website","url":"https:\/\/fit360.ee\/en\/","name":"Fit360","description":"","publisher":{"@id":"https:\/\/fit360.ee\/en\/#organization"},"potentialAction":[{"@type":"SearchAction","target":{"@type":"EntryPoint","urlTemplate":"https:\/\/fit360.ee\/en\/?s={search_term_string}"},"query-input":{"@type":"PropertyValueSpecification","valueRequired":true,"valueName":"search_term_string"}}],"inLanguage":"en-US"},{"@type":"Organization","@id":"https:\/\/fit360.ee\/en\/#organization","name":"Fit360","url":"https:\/\/fit360.ee\/en\/","logo":{"@type":"ImageObject","inLanguage":"en-US","@id":"https:\/\/fit360.ee\/en\/#\/schema\/logo\/image\/","url":"https:\/\/fit360.ee\/wp-content\/uploads\/2017\/01\/logo-fit360.png","contentUrl":"https:\/\/fit360.ee\/wp-content\/uploads\/2017\/01\/logo-fit360.png","width":180,"height":66,"caption":"Fit360"},"image":{"@id":"https:\/\/fit360.ee\/en\/#\/schema\/logo\/image\/"}}]}},"_links":{"self":[{"href":"https:\/\/fit360.ee\/en\/wp-json\/wp\/v2\/product\/17393","targetHints":{"allow":["GET"]}}],"collection":[{"href":"https:\/\/fit360.ee\/en\/wp-json\/wp\/v2\/product"}],"about":[{"href":"https:\/\/fit360.ee\/en\/wp-json\/wp\/v2\/types\/product"}],"replies":[{"embeddable":true,"href":"https:\/\/fit360.ee\/en\/wp-json\/wp\/v2\/comments?post=17393"}],"wp:featuredmedia":[{"embeddable":true,"href":"https:\/\/fit360.ee\/en\/wp-json\/wp\/v2\/media\/17392"}],"wp:attachment":[{"href":"https:\/\/fit360.ee\/en\/wp-json\/wp\/v2\/media?parent=17393"}],"wp:term":[{"taxonomy":"product_brand","embeddable":true,"href":"https:\/\/fit360.ee\/en\/wp-json\/wp\/v2\/product_brand?post=17393"},{"taxonomy":"product_cat","embeddable":true,"href":"https:\/\/fit360.ee\/en\/wp-json\/wp\/v2\/product_cat?post=17393"},{"taxonomy":"product_tag","embeddable":true,"href":"https:\/\/fit360.ee\/en\/wp-json\/wp\/v2\/product_tag?post=17393"},{"taxonomy":"giftcard-category","embeddable":true,"href":"https:\/\/fit360.ee\/en\/wp-json\/wp\/v2\/giftcard-category?post=17393"}],"curies":[{"name":"wp","href":"https:\/\/api.w.org\/{rel}","templated":true}]}}