{"id":17634,"date":"2018-08-19T16:19:54","date_gmt":"2018-08-19T14:19:54","guid":{"rendered":"https:\/\/fit360.ee\/pood\/uncategorized\/mutant-mass-6800g\/"},"modified":"2025-08-13T07:37:11","modified_gmt":"2025-08-13T05:37:11","slug":"mutant-mass-6800g","status":"publish","type":"product","link":"https:\/\/fit360.ee\/en\/pood\/product-groups\/mass-gainers-en\/mutant-mass-6800g\/","title":{"rendered":"Mutant Mass (6800g)"},"content":{"rendered":"<p><strong>Kasutamine:\u00a0<\/strong>Segada 2-4 m\u00f5\u00f5tlusikat\u00e4it\u00a0<strong>Mutant Mass\u2122<\/strong>\u00a0pulbrit 480-960ml (olenevalt soovitavast maitsest ja kontsistentsist) vee v\u00f5i piimaga. Tarvitada 1-2 portsjonit p\u00e4evas.<\/p>\n<div><\/div>\n<div>\n<div><strong>MUTANT MASS\u2019i 2900 KALORI PROGRAMM<\/strong>: Sega 4 m\u00f5\u00f5telusikat MUTAN MASS\u2019I 908ml madala rasvasisaldusega 1 protsendilise piimaga, tarvita kaks korda p\u00e4evas; sellega saab kokku k\u00e4tte 170g valke ja 2940 kalorit p\u00e4evas. Trenni p\u00e4evadel 1 kokteil esimese asjana hommikul \u00e4rgates ning teine kokteil p\u00e4rast trenni. Trennivabadel p\u00e4evadel juua millal iganes.<\/div>\n<\/div>\n<div><\/div>\n<div><strong>Anal\u00fc\u00fcs ja koostisosad:<\/strong><\/div>\n<div><a href=\"https:\/\/fit360.ee\/wp-content\/uploads\/2017\/07\/nutfacts_Mutant-Mass-TripleChocolate_us.jpg\"><img loading=\"lazy\" decoding=\"async\" class=\"alignnone size-medium wp-image-12566\" src=\"https:\/\/fit360.ee\/wp-content\/uploads\/2017\/07\/nutfacts_Mutant-Mass-TripleChocolate_us.jpg\" alt=\"\" width=\"313\" height=\"800\" srcset=\"https:\/\/fit360.ee\/wp-content\/uploads\/2017\/07\/nutfacts_Mutant-Mass-TripleChocolate_us.jpg 600w, https:\/\/fit360.ee\/wp-content\/uploads\/2017\/07\/nutfacts_Mutant-Mass-TripleChocolate_us-510x1302.jpg 510w\" sizes=\"auto, (max-width: 313px) 100vw, 313px\" \/><\/a><\/div>\n<div>Soovid kaupa osta suuremas koguses? Vaata antud toodet ka meie HULGI poest\u00a0<a href=\"https:\/\/toidulisandidhulgi.ee\/product\/mutant-mass-6800g\/\"><strong>SIIT<\/strong><\/a>!<\/div>\n","protected":false},"excerpt":{"rendered":"<div><strong>Mutant Mass<\/strong> on revolutsiooniline lihasmassilisaja, mis tagab ekstreemse, ebatavalise lihasmassi \u00fclesehituse tulemused. Kui Sa oled \u00fcks nendest, kes h\u00e4vitab j\u00f5usaalis rauda selleks, et saavutada MUTANT\u2019i proportsioonidele vastavat, nahka pingutavaid muskleid ja ebainimlikku j\u00f5udu, siis on MUTANT MASS kohustuslik lisa Sinu lihasmassi kasvatamise arsenalis.<\/div>\n<div>Iga v\u00f5imas, militaarset rammu andva MUTANT MASS\u2019i portsjon, sisaldab tugevat annust anaboolseid makrotoitaineid \u2013 kaasaarvatud ainulaadset MUTANT PRO\u00ae &#8211; et suunata Su keha praktiliselt piiramatu kasvu olekusse.<\/div>\n<div>\n<ul>\n<li class=\"first\">Koostatud selleks, et saavutada \u00fcliv\u00f5imsat musklimassi.<\/li>\n<li>\u00dches toidukorras on \u00fcle 1000 kasvu soodustava kalori<\/li>\n<li>Eksperimentaalne t\u00e4isdoos valke, puhtaid s\u00fcsivesikuid ja olulisi rasvu<\/li>\n<li>S\u00f5ltuvust tekitava maitsega koostis, mis seguneb kergesti<\/li>\n<li>Mutant Pro mitmetoimeline valgumaatriks.<\/li>\n<li><em>Clean-Carb\u2122<\/em>\u00a0s\u00fcsivesikud.<\/li>\n<li>Lisatud\u00a0<em>Lipo-Therm\u2122 MCT maatriks<\/em>.<\/li>\n<li>Sisaldab ens\u00fc\u00fcme<em>\u00a0Intrasorb-5\u2122<\/em>,\u00a0<em>Colostrum\u00a0<\/em>ja\u00a0<em>Cinnulin-PF\u00ae<\/em>.<\/li>\n<li>H\u00e4sti lahustuv ja v\u00e4ga hea maitsega.<\/li>\n<\/ul>\n<p><strong>Mutant Mass<\/strong> on \u00fcks t\u00f5husam ja t\u00e4iuslikum massilisaja turul.\u00a0P\u00e4rast aastatepikkust uurimis- ja arendust\u00f6\u00f6d loodi revolutsiooniline toode, mis on spetsiaalselt m\u00f5eldud kulturismi-, fitness- ja teiste spordiala tegelejatele, kelle jaoks on \u00e4\u00e4rmiselt vajalik lihaste kasv ja tugevus.<\/p>\n<p>On tehtud katseid, mis h\u00e4mmastanud isegi teadlasi, sest manustades Mutant Massi 2x p\u00e4evas, lisati oluliselt lihasmassi rinna, selja ja jalgade piirkonda &#8211; ja mis k\u00f5ige parem: ilma olulist keharasva lisamata!\u00a0Samamoodi on dokumenteeritud, et Mutant Mass suurendab valgus\u00fcnteesi, t\u00f5stab kasvuhormooni taset ja t\u00e4idab lihased kiirelt gl\u00fckogeeniga.<\/p>\n<\/div>\n","protected":false},"featured_media":17633,"comment_status":"open","ping_status":"closed","template":"","meta":[],"product_brand":[],"product_cat":[528,1351,531],"product_tag":[],"giftcard-category":[],"class_list":{"0":"post-17634","1":"product","2":"type-product","3":"status-publish","4":"has-post-thumbnail","6":"product_cat-mass-gainers-en","7":"product_cat-mutant-en","8":"product_cat-recovery-post-workout-en","9":"pa_maitse-chocolate","10":"pa_maitse-cream-cookie","11":"pa_maitse-fudge-brownie-en","12":"pa_maitse-strawberry-banana","13":"pa_maitse-vanilla-ice-cream","15":"first","16":"instock","17":"sale","18":"taxable","19":"shipping-taxable","20":"purchasable","21":"product-type-variable"},"yoast_head":"<!-- This site is optimized with the Yoast SEO plugin v27.3 - https:\/\/yoast.com\/product\/yoast-seo-wordpress\/ -->\n<title>Mutant Mass (6800g) - Fit360<\/title>\n<meta name=\"robots\" content=\"index, follow, max-snippet:-1, max-image-preview:large, max-video-preview:-1\" \/>\n<link rel=\"canonical\" href=\"https:\/\/fit360.ee\/en\/pood\/product-groups\/mass-gainers-en\/mutant-mass-6800g\/\" \/>\n<meta property=\"og:locale\" content=\"en_US\" \/>\n<meta property=\"og:type\" content=\"article\" \/>\n<meta property=\"og:title\" content=\"Mutant Mass (6800g) - Fit360\" \/>\n<meta property=\"og:description\" content=\"Mutant Mass on revolutsiooniline lihasmassilisaja, mis tagab ekstreemse, ebatavalise lihasmassi \u00fclesehituse tulemused. Kui Sa oled \u00fcks nendest, kes h\u00e4vitab j\u00f5usaalis rauda selleks, et saavutada MUTANT\u2019i proportsioonidele vastavat, nahka pingutavaid muskleid ja ebainimlikku j\u00f5udu, siis on MUTANT MASS kohustuslik lisa Sinu lihasmassi kasvatamise arsenalis. Iga v\u00f5imas, militaarset rammu andva MUTANT MASS\u2019i portsjon, sisaldab tugevat annust anaboolseid makrotoitaineid \u2013 kaasaarvatud ainulaadset MUTANT PRO\u00ae - et suunata Su keha praktiliselt piiramatu kasvu olekusse.    Koostatud selleks, et saavutada \u00fcliv\u00f5imsat musklimassi.  \u00dches toidukorras on \u00fcle 1000 kasvu soodustava kalori  Eksperimentaalne t\u00e4isdoos valke, puhtaid s\u00fcsivesikuid ja olulisi rasvu  S\u00f5ltuvust tekitava maitsega koostis, mis seguneb kergesti  Mutant Pro mitmetoimeline valgumaatriks.  Clean-Carb\u2122\u00a0s\u00fcsivesikud.  Lisatud\u00a0Lipo-Therm\u2122 MCT maatriks.  Sisaldab ens\u00fc\u00fcme\u00a0Intrasorb-5\u2122,\u00a0Colostrum\u00a0ja\u00a0Cinnulin-PF\u00ae.  H\u00e4sti lahustuv ja v\u00e4ga hea maitsega.  Mutant Mass on \u00fcks t\u00f5husam ja t\u00e4iuslikum massilisaja turul.\u00a0P\u00e4rast aastatepikkust uurimis- ja arendust\u00f6\u00f6d loodi revolutsiooniline toode, mis on spetsiaalselt m\u00f5eldud kulturismi-, fitness- ja teiste spordiala tegelejatele, kelle jaoks on \u00e4\u00e4rmiselt vajalik lihaste kasv ja tugevus.  On tehtud katseid, mis h\u00e4mmastanud isegi teadlasi, sest manustades Mutant Massi 2x p\u00e4evas, lisati oluliselt lihasmassi rinna, selja ja jalgade piirkonda - ja mis k\u00f5ige parem: ilma olulist keharasva lisamata!\u00a0Samamoodi on dokumenteeritud, et Mutant Mass suurendab valgus\u00fcnteesi, t\u00f5stab kasvuhormooni taset ja t\u00e4idab lihased kiirelt gl\u00fckogeeniga.\" \/>\n<meta property=\"og:url\" content=\"https:\/\/fit360.ee\/en\/pood\/product-groups\/mass-gainers-en\/mutant-mass-6800g\/\" \/>\n<meta property=\"og:site_name\" content=\"Fit360\" \/>\n<meta property=\"article:modified_time\" content=\"2025-08-13T05:37:11+00:00\" \/>\n<meta property=\"og:image\" content=\"https:\/\/fit360.ee\/wp-content\/uploads\/2018\/08\/pvl-mutant-mass-2270-g.jpg\" \/>\n\t<meta property=\"og:image:width\" content=\"458\" \/>\n\t<meta property=\"og:image:height\" content=\"458\" \/>\n\t<meta property=\"og:image:type\" content=\"image\/jpeg\" \/>\n<meta name=\"twitter:card\" content=\"summary_large_image\" \/>\n<meta name=\"twitter:label1\" content=\"Est. reading time\" \/>\n\t<meta name=\"twitter:data1\" content=\"1 minute\" \/>\n<script type=\"application\/ld+json\" class=\"yoast-schema-graph\">{\"@context\":\"https:\\\/\\\/schema.org\",\"@graph\":[{\"@type\":\"WebPage\",\"@id\":\"https:\\\/\\\/fit360.ee\\\/en\\\/pood\\\/product-groups\\\/mass-gainers-en\\\/mutant-mass-6800g\\\/\",\"url\":\"https:\\\/\\\/fit360.ee\\\/en\\\/pood\\\/product-groups\\\/mass-gainers-en\\\/mutant-mass-6800g\\\/\",\"name\":\"Mutant Mass (6800g) - Fit360\",\"isPartOf\":{\"@id\":\"https:\\\/\\\/fit360.ee\\\/en\\\/#website\"},\"primaryImageOfPage\":{\"@id\":\"https:\\\/\\\/fit360.ee\\\/en\\\/pood\\\/product-groups\\\/mass-gainers-en\\\/mutant-mass-6800g\\\/#primaryimage\"},\"image\":{\"@id\":\"https:\\\/\\\/fit360.ee\\\/en\\\/pood\\\/product-groups\\\/mass-gainers-en\\\/mutant-mass-6800g\\\/#primaryimage\"},\"thumbnailUrl\":\"https:\\\/\\\/fit360.ee\\\/wp-content\\\/uploads\\\/2018\\\/08\\\/pvl-mutant-mass-2270-g.jpg\",\"datePublished\":\"2018-08-19T14:19:54+00:00\",\"dateModified\":\"2025-08-13T05:37:11+00:00\",\"breadcrumb\":{\"@id\":\"https:\\\/\\\/fit360.ee\\\/en\\\/pood\\\/product-groups\\\/mass-gainers-en\\\/mutant-mass-6800g\\\/#breadcrumb\"},\"inLanguage\":\"en-US\",\"potentialAction\":[{\"@type\":\"ReadAction\",\"target\":[\"https:\\\/\\\/fit360.ee\\\/en\\\/pood\\\/product-groups\\\/mass-gainers-en\\\/mutant-mass-6800g\\\/\"]}]},{\"@type\":\"ImageObject\",\"inLanguage\":\"en-US\",\"@id\":\"https:\\\/\\\/fit360.ee\\\/en\\\/pood\\\/product-groups\\\/mass-gainers-en\\\/mutant-mass-6800g\\\/#primaryimage\",\"url\":\"https:\\\/\\\/fit360.ee\\\/wp-content\\\/uploads\\\/2018\\\/08\\\/pvl-mutant-mass-2270-g.jpg\",\"contentUrl\":\"https:\\\/\\\/fit360.ee\\\/wp-content\\\/uploads\\\/2018\\\/08\\\/pvl-mutant-mass-2270-g.jpg\",\"width\":458,\"height\":458},{\"@type\":\"BreadcrumbList\",\"@id\":\"https:\\\/\\\/fit360.ee\\\/en\\\/pood\\\/product-groups\\\/mass-gainers-en\\\/mutant-mass-6800g\\\/#breadcrumb\",\"itemListElement\":[{\"@type\":\"ListItem\",\"position\":1,\"name\":\"Home\",\"item\":\"https:\\\/\\\/fit360.ee\\\/en\\\/\"},{\"@type\":\"ListItem\",\"position\":2,\"name\":\"Shop\",\"item\":\"https:\\\/\\\/fit360.ee\\\/en\\\/shop\\\/\"},{\"@type\":\"ListItem\",\"position\":3,\"name\":\"Mutant Mass (6800g)\"}]},{\"@type\":\"WebSite\",\"@id\":\"https:\\\/\\\/fit360.ee\\\/en\\\/#website\",\"url\":\"https:\\\/\\\/fit360.ee\\\/en\\\/\",\"name\":\"Fit360\",\"description\":\"\",\"publisher\":{\"@id\":\"https:\\\/\\\/fit360.ee\\\/en\\\/#organization\"},\"potentialAction\":[{\"@type\":\"SearchAction\",\"target\":{\"@type\":\"EntryPoint\",\"urlTemplate\":\"https:\\\/\\\/fit360.ee\\\/en\\\/?s={search_term_string}\"},\"query-input\":{\"@type\":\"PropertyValueSpecification\",\"valueRequired\":true,\"valueName\":\"search_term_string\"}}],\"inLanguage\":\"en-US\"},{\"@type\":\"Organization\",\"@id\":\"https:\\\/\\\/fit360.ee\\\/en\\\/#organization\",\"name\":\"Fit360\",\"url\":\"https:\\\/\\\/fit360.ee\\\/en\\\/\",\"logo\":{\"@type\":\"ImageObject\",\"inLanguage\":\"en-US\",\"@id\":\"https:\\\/\\\/fit360.ee\\\/en\\\/#\\\/schema\\\/logo\\\/image\\\/\",\"url\":\"https:\\\/\\\/fit360.ee\\\/wp-content\\\/uploads\\\/2017\\\/01\\\/logo-fit360.png\",\"contentUrl\":\"https:\\\/\\\/fit360.ee\\\/wp-content\\\/uploads\\\/2017\\\/01\\\/logo-fit360.png\",\"width\":180,\"height\":66,\"caption\":\"Fit360\"},\"image\":{\"@id\":\"https:\\\/\\\/fit360.ee\\\/en\\\/#\\\/schema\\\/logo\\\/image\\\/\"}}]}<\/script>\n<!-- \/ Yoast SEO plugin. -->","yoast_head_json":{"title":"Mutant Mass (6800g) - Fit360","robots":{"index":"index","follow":"follow","max-snippet":"max-snippet:-1","max-image-preview":"max-image-preview:large","max-video-preview":"max-video-preview:-1"},"canonical":"https:\/\/fit360.ee\/en\/pood\/product-groups\/mass-gainers-en\/mutant-mass-6800g\/","og_locale":"en_US","og_type":"article","og_title":"Mutant Mass (6800g) - Fit360","og_description":"Mutant Mass on revolutsiooniline lihasmassilisaja, mis tagab ekstreemse, ebatavalise lihasmassi \u00fclesehituse tulemused. Kui Sa oled \u00fcks nendest, kes h\u00e4vitab j\u00f5usaalis rauda selleks, et saavutada MUTANT\u2019i proportsioonidele vastavat, nahka pingutavaid muskleid ja ebainimlikku j\u00f5udu, siis on MUTANT MASS kohustuslik lisa Sinu lihasmassi kasvatamise arsenalis. Iga v\u00f5imas, militaarset rammu andva MUTANT MASS\u2019i portsjon, sisaldab tugevat annust anaboolseid makrotoitaineid \u2013 kaasaarvatud ainulaadset MUTANT PRO\u00ae - et suunata Su keha praktiliselt piiramatu kasvu olekusse.    Koostatud selleks, et saavutada \u00fcliv\u00f5imsat musklimassi.  \u00dches toidukorras on \u00fcle 1000 kasvu soodustava kalori  Eksperimentaalne t\u00e4isdoos valke, puhtaid s\u00fcsivesikuid ja olulisi rasvu  S\u00f5ltuvust tekitava maitsega koostis, mis seguneb kergesti  Mutant Pro mitmetoimeline valgumaatriks.  Clean-Carb\u2122\u00a0s\u00fcsivesikud.  Lisatud\u00a0Lipo-Therm\u2122 MCT maatriks.  Sisaldab ens\u00fc\u00fcme\u00a0Intrasorb-5\u2122,\u00a0Colostrum\u00a0ja\u00a0Cinnulin-PF\u00ae.  H\u00e4sti lahustuv ja v\u00e4ga hea maitsega.  Mutant Mass on \u00fcks t\u00f5husam ja t\u00e4iuslikum massilisaja turul.\u00a0P\u00e4rast aastatepikkust uurimis- ja arendust\u00f6\u00f6d loodi revolutsiooniline toode, mis on spetsiaalselt m\u00f5eldud kulturismi-, fitness- ja teiste spordiala tegelejatele, kelle jaoks on \u00e4\u00e4rmiselt vajalik lihaste kasv ja tugevus.  On tehtud katseid, mis h\u00e4mmastanud isegi teadlasi, sest manustades Mutant Massi 2x p\u00e4evas, lisati oluliselt lihasmassi rinna, selja ja jalgade piirkonda - ja mis k\u00f5ige parem: ilma olulist keharasva lisamata!\u00a0Samamoodi on dokumenteeritud, et Mutant Mass suurendab valgus\u00fcnteesi, t\u00f5stab kasvuhormooni taset ja t\u00e4idab lihased kiirelt gl\u00fckogeeniga.","og_url":"https:\/\/fit360.ee\/en\/pood\/product-groups\/mass-gainers-en\/mutant-mass-6800g\/","og_site_name":"Fit360","article_modified_time":"2025-08-13T05:37:11+00:00","og_image":[{"width":458,"height":458,"url":"https:\/\/fit360.ee\/wp-content\/uploads\/2018\/08\/pvl-mutant-mass-2270-g.jpg","type":"image\/jpeg"}],"twitter_card":"summary_large_image","twitter_misc":{"Est. reading time":"1 minute"},"schema":{"@context":"https:\/\/schema.org","@graph":[{"@type":"WebPage","@id":"https:\/\/fit360.ee\/en\/pood\/product-groups\/mass-gainers-en\/mutant-mass-6800g\/","url":"https:\/\/fit360.ee\/en\/pood\/product-groups\/mass-gainers-en\/mutant-mass-6800g\/","name":"Mutant Mass (6800g) - Fit360","isPartOf":{"@id":"https:\/\/fit360.ee\/en\/#website"},"primaryImageOfPage":{"@id":"https:\/\/fit360.ee\/en\/pood\/product-groups\/mass-gainers-en\/mutant-mass-6800g\/#primaryimage"},"image":{"@id":"https:\/\/fit360.ee\/en\/pood\/product-groups\/mass-gainers-en\/mutant-mass-6800g\/#primaryimage"},"thumbnailUrl":"https:\/\/fit360.ee\/wp-content\/uploads\/2018\/08\/pvl-mutant-mass-2270-g.jpg","datePublished":"2018-08-19T14:19:54+00:00","dateModified":"2025-08-13T05:37:11+00:00","breadcrumb":{"@id":"https:\/\/fit360.ee\/en\/pood\/product-groups\/mass-gainers-en\/mutant-mass-6800g\/#breadcrumb"},"inLanguage":"en-US","potentialAction":[{"@type":"ReadAction","target":["https:\/\/fit360.ee\/en\/pood\/product-groups\/mass-gainers-en\/mutant-mass-6800g\/"]}]},{"@type":"ImageObject","inLanguage":"en-US","@id":"https:\/\/fit360.ee\/en\/pood\/product-groups\/mass-gainers-en\/mutant-mass-6800g\/#primaryimage","url":"https:\/\/fit360.ee\/wp-content\/uploads\/2018\/08\/pvl-mutant-mass-2270-g.jpg","contentUrl":"https:\/\/fit360.ee\/wp-content\/uploads\/2018\/08\/pvl-mutant-mass-2270-g.jpg","width":458,"height":458},{"@type":"BreadcrumbList","@id":"https:\/\/fit360.ee\/en\/pood\/product-groups\/mass-gainers-en\/mutant-mass-6800g\/#breadcrumb","itemListElement":[{"@type":"ListItem","position":1,"name":"Home","item":"https:\/\/fit360.ee\/en\/"},{"@type":"ListItem","position":2,"name":"Shop","item":"https:\/\/fit360.ee\/en\/shop\/"},{"@type":"ListItem","position":3,"name":"Mutant Mass (6800g)"}]},{"@type":"WebSite","@id":"https:\/\/fit360.ee\/en\/#website","url":"https:\/\/fit360.ee\/en\/","name":"Fit360","description":"","publisher":{"@id":"https:\/\/fit360.ee\/en\/#organization"},"potentialAction":[{"@type":"SearchAction","target":{"@type":"EntryPoint","urlTemplate":"https:\/\/fit360.ee\/en\/?s={search_term_string}"},"query-input":{"@type":"PropertyValueSpecification","valueRequired":true,"valueName":"search_term_string"}}],"inLanguage":"en-US"},{"@type":"Organization","@id":"https:\/\/fit360.ee\/en\/#organization","name":"Fit360","url":"https:\/\/fit360.ee\/en\/","logo":{"@type":"ImageObject","inLanguage":"en-US","@id":"https:\/\/fit360.ee\/en\/#\/schema\/logo\/image\/","url":"https:\/\/fit360.ee\/wp-content\/uploads\/2017\/01\/logo-fit360.png","contentUrl":"https:\/\/fit360.ee\/wp-content\/uploads\/2017\/01\/logo-fit360.png","width":180,"height":66,"caption":"Fit360"},"image":{"@id":"https:\/\/fit360.ee\/en\/#\/schema\/logo\/image\/"}}]}},"_links":{"self":[{"href":"https:\/\/fit360.ee\/en\/wp-json\/wp\/v2\/product\/17634","targetHints":{"allow":["GET"]}}],"collection":[{"href":"https:\/\/fit360.ee\/en\/wp-json\/wp\/v2\/product"}],"about":[{"href":"https:\/\/fit360.ee\/en\/wp-json\/wp\/v2\/types\/product"}],"replies":[{"embeddable":true,"href":"https:\/\/fit360.ee\/en\/wp-json\/wp\/v2\/comments?post=17634"}],"wp:featuredmedia":[{"embeddable":true,"href":"https:\/\/fit360.ee\/en\/wp-json\/wp\/v2\/media\/17633"}],"wp:attachment":[{"href":"https:\/\/fit360.ee\/en\/wp-json\/wp\/v2\/media?parent=17634"}],"wp:term":[{"taxonomy":"product_brand","embeddable":true,"href":"https:\/\/fit360.ee\/en\/wp-json\/wp\/v2\/product_brand?post=17634"},{"taxonomy":"product_cat","embeddable":true,"href":"https:\/\/fit360.ee\/en\/wp-json\/wp\/v2\/product_cat?post=17634"},{"taxonomy":"product_tag","embeddable":true,"href":"https:\/\/fit360.ee\/en\/wp-json\/wp\/v2\/product_tag?post=17634"},{"taxonomy":"giftcard-category","embeddable":true,"href":"https:\/\/fit360.ee\/en\/wp-json\/wp\/v2\/giftcard-category?post=17634"}],"curies":[{"name":"wp","href":"https:\/\/api.w.org\/{rel}","templated":true}]}}