{"id":17915,"date":"2018-09-03T17:15:53","date_gmt":"2018-09-03T15:15:53","guid":{"rendered":"https:\/\/fit360.ee\/pood\/uncategorized\/efx-kre-alkalyn-120caps\/"},"modified":"2026-01-21T16:35:02","modified_gmt":"2026-01-21T14:35:02","slug":"efx-kre-alkalyn-120caps","status":"publish","type":"product","link":"https:\/\/fit360.ee\/en\/pood\/product-groups\/creatine-en\/kre-alkalyn-en\/efx-kre-alkalyn-120caps\/","title":{"rendered":"EFX Kre-Alkalyn (120caps)"},"content":{"rendered":"<table>\n<tbody>\n<tr>\n<td width=\"205\"><strong>Koostisosad<\/strong><\/td>\n<td width=\"205\"><strong>Kogus \u00fche serveeringu kohta<\/strong><\/td>\n<td width=\"205\"><strong>%p\u00e4evane kogus<\/strong><\/td>\n<\/tr>\n<tr>\n<td width=\"205\">Kre-Alkalyn* (puhverdatud kreatiini monoh\u00fcdraat, USA patent nr #6,399,661)<\/td>\n<td width=\"205\">1500 mg<\/td>\n<td width=\"205\">*<\/td>\n<\/tr>\n<\/tbody>\n<\/table>\n<p>* &#8211; p\u00e4evast kogust pole m\u00e4\u00e4ratud<\/p>\n<p><strong>Kasutamine: <\/strong>toidulisandina peaks v\u00f5tma seda toodet 2 kapslit 30 minutit enne trenni ning 2 kapslit peale trennis<\/p>\n<p><strong>Suurus serveeringu kohta: <\/strong>2 kapslit<\/p>\n<p><strong>Suurus: <\/strong>120 kapslit<\/p>\n<p><strong>Hoiatus: <\/strong>hoia kaas tugevalt suletud kuivas ning jahedas kohas ning eemal lastest.<\/p>\n<p><img decoding=\"async\" src=\"http:\/\/www.ifit.ee\/media\/ifit\/product\/ifit\/krealka2.jpg\" \/><\/p>\n<p><img decoding=\"async\" src=\"http:\/\/www.ifit.ee\/media\/ifit\/product\/ifit\/krealka3.jpg\" \/><\/p>\n<p>Soovid teha suuremat tellimust? Vaata antud toodet meie HULGI lehelt\u00a0<a href=\"https:\/\/toidulisandidhulgi.ee\/product\/efx-kre-alkalyn-120caps\/\"><strong>SIIT<\/strong><\/a>!<\/p>\n","protected":false},"excerpt":{"rendered":"<p><strong>EFX KRE-ALKALYN\u00ae\u00a0\u00a0<\/strong><strong>V\u00d5IMAS PUHVERDATUD KREATIIN MONOH\u00dcDRAAT KAPSLITENA<\/strong><\/p>\n<ul>\n<li>Ei mingit laadimist, ei mingit veepeetust<\/li>\n<li>Ei vaja imendumiseks s\u00fcsivesikuid<\/li>\n<li>Parem omastamine: v\u00e4iksemad annused!<\/li>\n<\/ul>\n<p><strong>EFX KRE-ALKALYN \u00ae <\/strong>sisaldab patenteeritud kreatiin monoh\u00fcdraadi vormi, mida iseloomustab k\u00f5rge bioloogiline k\u00e4ttesaadavus. Lihaskoes seotakse kreatiin fosforiga luues fosfokreatiini. Sellisel kujul sisaldab see bioenergilist sidet, mis annab lagundamise k\u00e4igus lihastele vajalikku energiat.<\/p>\n<p><strong><em>Kre-Alkalyn EFX<\/em> <\/strong>on ainuke kreatiini monoh\u00fcdraat-toode, mis oma pH taset 12, sest selle molekulid on s\u00fcnteesitud puhveragentidega.<\/p>\n","protected":false},"featured_media":89946,"comment_status":"open","ping_status":"closed","template":"","meta":[],"product_brand":[],"product_cat":[526,1362,2416],"product_tag":[],"giftcard-category":[],"class_list":{"0":"post-17915","1":"product","2":"type-product","3":"status-publish","4":"has-post-thumbnail","6":"product_cat-creatine-en","7":"product_cat-efx-en","8":"product_cat-kre-alkalyn-en","9":"pa_toidulisand-branddd-efx","10":"pa_tootegruppp-creatine","11":"pa_tootegruppp-kre-alkalyn-en","13":"first","14":"instock","15":"sale","16":"taxable","17":"shipping-taxable","18":"purchasable","19":"product-type-simple"},"yoast_head":"<!-- This site is optimized with the Yoast SEO plugin v27.3 - https:\/\/yoast.com\/product\/yoast-seo-wordpress\/ -->\n<title>EFX Kre-Alkalyn (120caps) - Fit360<\/title>\n<meta name=\"robots\" content=\"index, follow, max-snippet:-1, max-image-preview:large, max-video-preview:-1\" \/>\n<link rel=\"canonical\" href=\"https:\/\/fit360.ee\/en\/pood\/product-groups\/creatine-en\/kre-alkalyn-en\/efx-kre-alkalyn-120caps\/\" \/>\n<meta property=\"og:locale\" content=\"en_US\" \/>\n<meta property=\"og:type\" content=\"article\" \/>\n<meta property=\"og:title\" content=\"EFX Kre-Alkalyn (120caps) - Fit360\" \/>\n<meta property=\"og:description\" content=\"EFX KRE-ALKALYN\u00ae\u00a0\u00a0V\u00d5IMAS PUHVERDATUD KREATIIN MONOH\u00dcDRAAT KAPSLITENA   Ei mingit laadimist, ei mingit veepeetust  Ei vaja imendumiseks s\u00fcsivesikuid  Parem omastamine: v\u00e4iksemad annused!  EFX KRE-ALKALYN \u00ae sisaldab patenteeritud kreatiin monoh\u00fcdraadi vormi, mida iseloomustab k\u00f5rge bioloogiline k\u00e4ttesaadavus. Lihaskoes seotakse kreatiin fosforiga luues fosfokreatiini. Sellisel kujul sisaldab see bioenergilist sidet, mis annab lagundamise k\u00e4igus lihastele vajalikku energiat.  Kre-Alkalyn EFX on ainuke kreatiini monoh\u00fcdraat-toode, mis oma pH taset 12, sest selle molekulid on s\u00fcnteesitud puhveragentidega.\" \/>\n<meta property=\"og:url\" content=\"https:\/\/fit360.ee\/en\/pood\/product-groups\/creatine-en\/kre-alkalyn-en\/efx-kre-alkalyn-120caps\/\" \/>\n<meta property=\"og:site_name\" content=\"Fit360\" \/>\n<meta property=\"article:modified_time\" content=\"2026-01-21T14:35:02+00:00\" \/>\n<meta property=\"og:image\" content=\"https:\/\/fit360.ee\/wp-content\/uploads\/2018\/09\/efc-kre-alkalyn-120caps-fit360.ee-1.jpg\" \/>\n\t<meta property=\"og:image:width\" content=\"960\" \/>\n\t<meta property=\"og:image:height\" content=\"960\" \/>\n\t<meta property=\"og:image:type\" content=\"image\/jpeg\" \/>\n<meta name=\"twitter:card\" content=\"summary_large_image\" \/>\n<meta name=\"twitter:label1\" content=\"Est. reading time\" \/>\n\t<meta name=\"twitter:data1\" content=\"1 minute\" \/>\n<script type=\"application\/ld+json\" class=\"yoast-schema-graph\">{\"@context\":\"https:\\\/\\\/schema.org\",\"@graph\":[{\"@type\":\"WebPage\",\"@id\":\"https:\\\/\\\/fit360.ee\\\/en\\\/pood\\\/product-groups\\\/creatine-en\\\/kre-alkalyn-en\\\/efx-kre-alkalyn-120caps\\\/\",\"url\":\"https:\\\/\\\/fit360.ee\\\/en\\\/pood\\\/product-groups\\\/creatine-en\\\/kre-alkalyn-en\\\/efx-kre-alkalyn-120caps\\\/\",\"name\":\"EFX Kre-Alkalyn (120caps) - Fit360\",\"isPartOf\":{\"@id\":\"https:\\\/\\\/fit360.ee\\\/en\\\/#website\"},\"primaryImageOfPage\":{\"@id\":\"https:\\\/\\\/fit360.ee\\\/en\\\/pood\\\/product-groups\\\/creatine-en\\\/kre-alkalyn-en\\\/efx-kre-alkalyn-120caps\\\/#primaryimage\"},\"image\":{\"@id\":\"https:\\\/\\\/fit360.ee\\\/en\\\/pood\\\/product-groups\\\/creatine-en\\\/kre-alkalyn-en\\\/efx-kre-alkalyn-120caps\\\/#primaryimage\"},\"thumbnailUrl\":\"https:\\\/\\\/fit360.ee\\\/wp-content\\\/uploads\\\/2018\\\/09\\\/efc-kre-alkalyn-120caps-fit360.ee-1.jpg\",\"datePublished\":\"2018-09-03T15:15:53+00:00\",\"dateModified\":\"2026-01-21T14:35:02+00:00\",\"breadcrumb\":{\"@id\":\"https:\\\/\\\/fit360.ee\\\/en\\\/pood\\\/product-groups\\\/creatine-en\\\/kre-alkalyn-en\\\/efx-kre-alkalyn-120caps\\\/#breadcrumb\"},\"inLanguage\":\"en-US\",\"potentialAction\":[{\"@type\":\"ReadAction\",\"target\":[\"https:\\\/\\\/fit360.ee\\\/en\\\/pood\\\/product-groups\\\/creatine-en\\\/kre-alkalyn-en\\\/efx-kre-alkalyn-120caps\\\/\"]}]},{\"@type\":\"ImageObject\",\"inLanguage\":\"en-US\",\"@id\":\"https:\\\/\\\/fit360.ee\\\/en\\\/pood\\\/product-groups\\\/creatine-en\\\/kre-alkalyn-en\\\/efx-kre-alkalyn-120caps\\\/#primaryimage\",\"url\":\"https:\\\/\\\/fit360.ee\\\/wp-content\\\/uploads\\\/2018\\\/09\\\/efc-kre-alkalyn-120caps-fit360.ee-1.jpg\",\"contentUrl\":\"https:\\\/\\\/fit360.ee\\\/wp-content\\\/uploads\\\/2018\\\/09\\\/efc-kre-alkalyn-120caps-fit360.ee-1.jpg\",\"width\":960,\"height\":960,\"caption\":\"efx kre-alkalyn 120caps -fit360.ee\"},{\"@type\":\"BreadcrumbList\",\"@id\":\"https:\\\/\\\/fit360.ee\\\/en\\\/pood\\\/product-groups\\\/creatine-en\\\/kre-alkalyn-en\\\/efx-kre-alkalyn-120caps\\\/#breadcrumb\",\"itemListElement\":[{\"@type\":\"ListItem\",\"position\":1,\"name\":\"Home\",\"item\":\"https:\\\/\\\/fit360.ee\\\/en\\\/\"},{\"@type\":\"ListItem\",\"position\":2,\"name\":\"Shop\",\"item\":\"https:\\\/\\\/fit360.ee\\\/en\\\/shop\\\/\"},{\"@type\":\"ListItem\",\"position\":3,\"name\":\"EFX Kre-Alkalyn (120caps)\"}]},{\"@type\":\"WebSite\",\"@id\":\"https:\\\/\\\/fit360.ee\\\/en\\\/#website\",\"url\":\"https:\\\/\\\/fit360.ee\\\/en\\\/\",\"name\":\"Fit360\",\"description\":\"\",\"publisher\":{\"@id\":\"https:\\\/\\\/fit360.ee\\\/en\\\/#organization\"},\"potentialAction\":[{\"@type\":\"SearchAction\",\"target\":{\"@type\":\"EntryPoint\",\"urlTemplate\":\"https:\\\/\\\/fit360.ee\\\/en\\\/?s={search_term_string}\"},\"query-input\":{\"@type\":\"PropertyValueSpecification\",\"valueRequired\":true,\"valueName\":\"search_term_string\"}}],\"inLanguage\":\"en-US\"},{\"@type\":\"Organization\",\"@id\":\"https:\\\/\\\/fit360.ee\\\/en\\\/#organization\",\"name\":\"Fit360\",\"url\":\"https:\\\/\\\/fit360.ee\\\/en\\\/\",\"logo\":{\"@type\":\"ImageObject\",\"inLanguage\":\"en-US\",\"@id\":\"https:\\\/\\\/fit360.ee\\\/en\\\/#\\\/schema\\\/logo\\\/image\\\/\",\"url\":\"https:\\\/\\\/fit360.ee\\\/wp-content\\\/uploads\\\/2017\\\/01\\\/logo-fit360.png\",\"contentUrl\":\"https:\\\/\\\/fit360.ee\\\/wp-content\\\/uploads\\\/2017\\\/01\\\/logo-fit360.png\",\"width\":180,\"height\":66,\"caption\":\"Fit360\"},\"image\":{\"@id\":\"https:\\\/\\\/fit360.ee\\\/en\\\/#\\\/schema\\\/logo\\\/image\\\/\"}}]}<\/script>\n<!-- \/ Yoast SEO plugin. -->","yoast_head_json":{"title":"EFX Kre-Alkalyn (120caps) - Fit360","robots":{"index":"index","follow":"follow","max-snippet":"max-snippet:-1","max-image-preview":"max-image-preview:large","max-video-preview":"max-video-preview:-1"},"canonical":"https:\/\/fit360.ee\/en\/pood\/product-groups\/creatine-en\/kre-alkalyn-en\/efx-kre-alkalyn-120caps\/","og_locale":"en_US","og_type":"article","og_title":"EFX Kre-Alkalyn (120caps) - Fit360","og_description":"EFX KRE-ALKALYN\u00ae\u00a0\u00a0V\u00d5IMAS PUHVERDATUD KREATIIN MONOH\u00dcDRAAT KAPSLITENA   Ei mingit laadimist, ei mingit veepeetust  Ei vaja imendumiseks s\u00fcsivesikuid  Parem omastamine: v\u00e4iksemad annused!  EFX KRE-ALKALYN \u00ae sisaldab patenteeritud kreatiin monoh\u00fcdraadi vormi, mida iseloomustab k\u00f5rge bioloogiline k\u00e4ttesaadavus. Lihaskoes seotakse kreatiin fosforiga luues fosfokreatiini. Sellisel kujul sisaldab see bioenergilist sidet, mis annab lagundamise k\u00e4igus lihastele vajalikku energiat.  Kre-Alkalyn EFX on ainuke kreatiini monoh\u00fcdraat-toode, mis oma pH taset 12, sest selle molekulid on s\u00fcnteesitud puhveragentidega.","og_url":"https:\/\/fit360.ee\/en\/pood\/product-groups\/creatine-en\/kre-alkalyn-en\/efx-kre-alkalyn-120caps\/","og_site_name":"Fit360","article_modified_time":"2026-01-21T14:35:02+00:00","og_image":[{"width":960,"height":960,"url":"https:\/\/fit360.ee\/wp-content\/uploads\/2018\/09\/efc-kre-alkalyn-120caps-fit360.ee-1.jpg","type":"image\/jpeg"}],"twitter_card":"summary_large_image","twitter_misc":{"Est. reading time":"1 minute"},"schema":{"@context":"https:\/\/schema.org","@graph":[{"@type":"WebPage","@id":"https:\/\/fit360.ee\/en\/pood\/product-groups\/creatine-en\/kre-alkalyn-en\/efx-kre-alkalyn-120caps\/","url":"https:\/\/fit360.ee\/en\/pood\/product-groups\/creatine-en\/kre-alkalyn-en\/efx-kre-alkalyn-120caps\/","name":"EFX Kre-Alkalyn (120caps) - Fit360","isPartOf":{"@id":"https:\/\/fit360.ee\/en\/#website"},"primaryImageOfPage":{"@id":"https:\/\/fit360.ee\/en\/pood\/product-groups\/creatine-en\/kre-alkalyn-en\/efx-kre-alkalyn-120caps\/#primaryimage"},"image":{"@id":"https:\/\/fit360.ee\/en\/pood\/product-groups\/creatine-en\/kre-alkalyn-en\/efx-kre-alkalyn-120caps\/#primaryimage"},"thumbnailUrl":"https:\/\/fit360.ee\/wp-content\/uploads\/2018\/09\/efc-kre-alkalyn-120caps-fit360.ee-1.jpg","datePublished":"2018-09-03T15:15:53+00:00","dateModified":"2026-01-21T14:35:02+00:00","breadcrumb":{"@id":"https:\/\/fit360.ee\/en\/pood\/product-groups\/creatine-en\/kre-alkalyn-en\/efx-kre-alkalyn-120caps\/#breadcrumb"},"inLanguage":"en-US","potentialAction":[{"@type":"ReadAction","target":["https:\/\/fit360.ee\/en\/pood\/product-groups\/creatine-en\/kre-alkalyn-en\/efx-kre-alkalyn-120caps\/"]}]},{"@type":"ImageObject","inLanguage":"en-US","@id":"https:\/\/fit360.ee\/en\/pood\/product-groups\/creatine-en\/kre-alkalyn-en\/efx-kre-alkalyn-120caps\/#primaryimage","url":"https:\/\/fit360.ee\/wp-content\/uploads\/2018\/09\/efc-kre-alkalyn-120caps-fit360.ee-1.jpg","contentUrl":"https:\/\/fit360.ee\/wp-content\/uploads\/2018\/09\/efc-kre-alkalyn-120caps-fit360.ee-1.jpg","width":960,"height":960,"caption":"efx kre-alkalyn 120caps -fit360.ee"},{"@type":"BreadcrumbList","@id":"https:\/\/fit360.ee\/en\/pood\/product-groups\/creatine-en\/kre-alkalyn-en\/efx-kre-alkalyn-120caps\/#breadcrumb","itemListElement":[{"@type":"ListItem","position":1,"name":"Home","item":"https:\/\/fit360.ee\/en\/"},{"@type":"ListItem","position":2,"name":"Shop","item":"https:\/\/fit360.ee\/en\/shop\/"},{"@type":"ListItem","position":3,"name":"EFX Kre-Alkalyn (120caps)"}]},{"@type":"WebSite","@id":"https:\/\/fit360.ee\/en\/#website","url":"https:\/\/fit360.ee\/en\/","name":"Fit360","description":"","publisher":{"@id":"https:\/\/fit360.ee\/en\/#organization"},"potentialAction":[{"@type":"SearchAction","target":{"@type":"EntryPoint","urlTemplate":"https:\/\/fit360.ee\/en\/?s={search_term_string}"},"query-input":{"@type":"PropertyValueSpecification","valueRequired":true,"valueName":"search_term_string"}}],"inLanguage":"en-US"},{"@type":"Organization","@id":"https:\/\/fit360.ee\/en\/#organization","name":"Fit360","url":"https:\/\/fit360.ee\/en\/","logo":{"@type":"ImageObject","inLanguage":"en-US","@id":"https:\/\/fit360.ee\/en\/#\/schema\/logo\/image\/","url":"https:\/\/fit360.ee\/wp-content\/uploads\/2017\/01\/logo-fit360.png","contentUrl":"https:\/\/fit360.ee\/wp-content\/uploads\/2017\/01\/logo-fit360.png","width":180,"height":66,"caption":"Fit360"},"image":{"@id":"https:\/\/fit360.ee\/en\/#\/schema\/logo\/image\/"}}]}},"_links":{"self":[{"href":"https:\/\/fit360.ee\/en\/wp-json\/wp\/v2\/product\/17915","targetHints":{"allow":["GET"]}}],"collection":[{"href":"https:\/\/fit360.ee\/en\/wp-json\/wp\/v2\/product"}],"about":[{"href":"https:\/\/fit360.ee\/en\/wp-json\/wp\/v2\/types\/product"}],"replies":[{"embeddable":true,"href":"https:\/\/fit360.ee\/en\/wp-json\/wp\/v2\/comments?post=17915"}],"wp:featuredmedia":[{"embeddable":true,"href":"https:\/\/fit360.ee\/en\/wp-json\/wp\/v2\/media\/89946"}],"wp:attachment":[{"href":"https:\/\/fit360.ee\/en\/wp-json\/wp\/v2\/media?parent=17915"}],"wp:term":[{"taxonomy":"product_brand","embeddable":true,"href":"https:\/\/fit360.ee\/en\/wp-json\/wp\/v2\/product_brand?post=17915"},{"taxonomy":"product_cat","embeddable":true,"href":"https:\/\/fit360.ee\/en\/wp-json\/wp\/v2\/product_cat?post=17915"},{"taxonomy":"product_tag","embeddable":true,"href":"https:\/\/fit360.ee\/en\/wp-json\/wp\/v2\/product_tag?post=17915"},{"taxonomy":"giftcard-category","embeddable":true,"href":"https:\/\/fit360.ee\/en\/wp-json\/wp\/v2\/giftcard-category?post=17915"}],"curies":[{"name":"wp","href":"https:\/\/api.w.org\/{rel}","templated":true}]}}