{"id":17921,"date":"2018-09-03T17:32:17","date_gmt":"2018-09-03T15:32:17","guid":{"rendered":"https:\/\/fit360.ee\/pood\/uncategorized\/rhodiola-rosea-90tab\/"},"modified":"2025-10-24T17:52:10","modified_gmt":"2025-10-24T15:52:10","slug":"rhodiola-rosea-90tab","status":"publish","type":"product","link":"https:\/\/fit360.ee\/en\/pood\/product-groups\/vitamins-and-minerals-en\/rhodiola-rosea-en\/rhodiola-rosea-90tab\/","title":{"rendered":"Rhodiola Rosea (90tab)"},"content":{"rendered":"<p><strong>Koostisosad: <\/strong>Rhodiola Rosea ekstrakt, t\u00e4iteaine: mikrokristalne tselluloos, kartulit\u00e4rklis, paakumisvastased ained: magneesiumstearaat, r\u00e4nidioksiid<\/p>\n<p><strong>Kasutamine: <\/strong>tarbi 1 kapsel 2 korda p\u00e4evas<\/p>\n<p><strong>Soovituslik p\u00e4evane kogus: <\/strong>2 kapslit, \u00e4ra \u00fcleta soovituslikku p\u00e4evast kogust<\/p>\n<p><strong>Hoiatus: <\/strong>see toode on m\u00f5eldud ainult tervetele, t\u00e4iskasvanud inimestele. Ei ole m\u00f5eldud tarbimiseks rasedatele naistele ega imetavatele emadele. Toidulisandeid ei tohiks tarbida asenduseks tervislikule ning varieeruvale dieedile. Hoida lastele k\u00e4ttesaamatus kohas.<\/p>\n<p><strong>Pakend sisaldab:<\/strong> 90 tabletti, 45 p\u00e4evast serveeringut<\/p>\n<p><strong>Hoiusta: <\/strong>kuivas ning jahedas kohas, otsesest p\u00e4ikesevalgusest eemal.<\/p>\n<p>&nbsp;<\/p>\n<table>\n<tbody>\n<tr>\n<td width=\"205\"><strong>Koostisosad<\/strong><\/td>\n<td width=\"205\"><strong>1 kapsel<\/strong><\/td>\n<td width=\"205\"><strong>2 kapslit<\/strong><\/td>\n<\/tr>\n<tr>\n<td width=\"205\">Rhodiola Rosea<\/td>\n<td width=\"205\">200 mg<\/td>\n<td width=\"205\">400 mg<\/td>\n<\/tr>\n<tr>\n<td width=\"205\"><em>Rosavin<\/em><\/td>\n<td width=\"205\">6 mg<\/td>\n<td width=\"205\">12 mg<\/td>\n<\/tr>\n<tr>\n<td width=\"205\">Salidrosiid<\/td>\n<td width=\"205\">3 mg<\/td>\n<td width=\"205\">6 mg<\/td>\n<\/tr>\n<\/tbody>\n<\/table>\n<p>Soovid kaupa osta suuremas koguses? Vaata antud toodet ka meie HULGI poest\u00a0<a href=\"https:\/\/toidulisandidhulgi.ee\/product\/rhodiola-rosea-90tab\/\"><strong>SIIT<\/strong><\/a>!<\/p>\n","protected":false},"excerpt":{"rendered":"<p><strong>Rhodiola Roseat<\/strong>\u00a0kasutatatkse adaptogeeni ja toniseeriva vahendina lihastele ja n\u00e4rvis\u00fcsteemile.<br \/>\nAitab organismil vastu seista suurte f\u00fc\u00fcsiliste pingutuste tagaj\u00e4rjel tekkivatele vaimsetele pingetele, stressile nii t\u00f6\u00f6l kui spordis.<br \/>\nSuurendab organismis energiat, aitab kohaneda raskete v\u00e4liskeskkonna m\u00f5judega.<br \/>\nParandab mentaalseid funktsioone.<\/p>\n<p><strong>Soovitatakse:<\/strong><\/p>\n<ul>\n<li>suurenenud f\u00fc\u00fcsilise koormuste korral<\/li>\n<li>p\u00e4rast pikaajalist haigust, v\u00e4simust, depressioni<\/li>\n<li>v\u00e4hendab stressi ja soodustab positiivset meeleolu<\/li>\n<\/ul>\n","protected":false},"featured_media":17920,"comment_status":"open","ping_status":"closed","template":"","meta":[],"product_brand":[],"product_cat":[2485,515,2291,536],"product_tag":[],"giftcard-category":[],"class_list":{"0":"post-17921","1":"product","2":"type-product","3":"status-publish","4":"has-post-thumbnail","6":"product_cat-brain-support-nootropics-en","7":"product_cat-real-pharm","8":"product_cat-rhodiola-rosea-en","9":"product_cat-vitamins-and-minerals-en","10":"pa_toidulisand-branddd-real-pharm","11":"pa_tootegruppp-aju-tegevus-nootropics-en","12":"pa_tootegruppp-rhodiola-rosea-en","13":"pa_tootegruppp-vitamins-and-minerals","15":"first","16":"outofstock","17":"sale","18":"taxable","19":"shipping-taxable","20":"purchasable","21":"product-type-simple"},"yoast_head":"<!-- This site is optimized with the Yoast SEO plugin v27.3 - https:\/\/yoast.com\/product\/yoast-seo-wordpress\/ -->\n<title>Rhodiola Rosea (90tab) - Fit360<\/title>\n<meta name=\"robots\" content=\"index, follow, max-snippet:-1, max-image-preview:large, max-video-preview:-1\" \/>\n<link rel=\"canonical\" href=\"https:\/\/fit360.ee\/en\/pood\/product-groups\/vitamins-and-minerals-en\/rhodiola-rosea-en\/rhodiola-rosea-90tab\/\" \/>\n<meta property=\"og:locale\" content=\"en_US\" \/>\n<meta property=\"og:type\" content=\"article\" \/>\n<meta property=\"og:title\" content=\"Rhodiola Rosea (90tab) - Fit360\" \/>\n<meta property=\"og:description\" content=\"Rhodiola Roseat\u00a0kasutatatkse adaptogeeni ja toniseeriva vahendina lihastele ja n\u00e4rvis\u00fcsteemile. Aitab organismil vastu seista suurte f\u00fc\u00fcsiliste pingutuste tagaj\u00e4rjel tekkivatele vaimsetele pingetele, stressile nii t\u00f6\u00f6l kui spordis. Suurendab organismis energiat, aitab kohaneda raskete v\u00e4liskeskkonna m\u00f5judega. Parandab mentaalseid funktsioone.  Soovitatakse:   suurenenud f\u00fc\u00fcsilise koormuste korral  p\u00e4rast pikaajalist haigust, v\u00e4simust, depressioni  v\u00e4hendab stressi ja soodustab positiivset meeleolu\" \/>\n<meta property=\"og:url\" content=\"https:\/\/fit360.ee\/en\/pood\/product-groups\/vitamins-and-minerals-en\/rhodiola-rosea-en\/rhodiola-rosea-90tab\/\" \/>\n<meta property=\"og:site_name\" content=\"Fit360\" \/>\n<meta property=\"article:modified_time\" content=\"2025-10-24T15:52:10+00:00\" \/>\n<meta property=\"og:image\" content=\"https:\/\/fit360.ee\/wp-content\/uploads\/2018\/09\/r.png\" \/>\n\t<meta property=\"og:image:width\" content=\"800\" \/>\n\t<meta property=\"og:image:height\" content=\"800\" \/>\n\t<meta property=\"og:image:type\" content=\"image\/png\" \/>\n<meta name=\"twitter:card\" content=\"summary_large_image\" \/>\n<meta name=\"twitter:label1\" content=\"Est. reading time\" \/>\n\t<meta name=\"twitter:data1\" content=\"1 minute\" \/>\n<script type=\"application\/ld+json\" class=\"yoast-schema-graph\">{\"@context\":\"https:\\\/\\\/schema.org\",\"@graph\":[{\"@type\":\"WebPage\",\"@id\":\"https:\\\/\\\/fit360.ee\\\/en\\\/pood\\\/product-groups\\\/vitamins-and-minerals-en\\\/rhodiola-rosea-en\\\/rhodiola-rosea-90tab\\\/\",\"url\":\"https:\\\/\\\/fit360.ee\\\/en\\\/pood\\\/product-groups\\\/vitamins-and-minerals-en\\\/rhodiola-rosea-en\\\/rhodiola-rosea-90tab\\\/\",\"name\":\"Rhodiola Rosea (90tab) - Fit360\",\"isPartOf\":{\"@id\":\"https:\\\/\\\/fit360.ee\\\/en\\\/#website\"},\"primaryImageOfPage\":{\"@id\":\"https:\\\/\\\/fit360.ee\\\/en\\\/pood\\\/product-groups\\\/vitamins-and-minerals-en\\\/rhodiola-rosea-en\\\/rhodiola-rosea-90tab\\\/#primaryimage\"},\"image\":{\"@id\":\"https:\\\/\\\/fit360.ee\\\/en\\\/pood\\\/product-groups\\\/vitamins-and-minerals-en\\\/rhodiola-rosea-en\\\/rhodiola-rosea-90tab\\\/#primaryimage\"},\"thumbnailUrl\":\"https:\\\/\\\/fit360.ee\\\/wp-content\\\/uploads\\\/2018\\\/09\\\/r.png\",\"datePublished\":\"2018-09-03T15:32:17+00:00\",\"dateModified\":\"2025-10-24T15:52:10+00:00\",\"breadcrumb\":{\"@id\":\"https:\\\/\\\/fit360.ee\\\/en\\\/pood\\\/product-groups\\\/vitamins-and-minerals-en\\\/rhodiola-rosea-en\\\/rhodiola-rosea-90tab\\\/#breadcrumb\"},\"inLanguage\":\"en-US\",\"potentialAction\":[{\"@type\":\"ReadAction\",\"target\":[\"https:\\\/\\\/fit360.ee\\\/en\\\/pood\\\/product-groups\\\/vitamins-and-minerals-en\\\/rhodiola-rosea-en\\\/rhodiola-rosea-90tab\\\/\"]}]},{\"@type\":\"ImageObject\",\"inLanguage\":\"en-US\",\"@id\":\"https:\\\/\\\/fit360.ee\\\/en\\\/pood\\\/product-groups\\\/vitamins-and-minerals-en\\\/rhodiola-rosea-en\\\/rhodiola-rosea-90tab\\\/#primaryimage\",\"url\":\"https:\\\/\\\/fit360.ee\\\/wp-content\\\/uploads\\\/2018\\\/09\\\/r.png\",\"contentUrl\":\"https:\\\/\\\/fit360.ee\\\/wp-content\\\/uploads\\\/2018\\\/09\\\/r.png\",\"width\":800,\"height\":800},{\"@type\":\"BreadcrumbList\",\"@id\":\"https:\\\/\\\/fit360.ee\\\/en\\\/pood\\\/product-groups\\\/vitamins-and-minerals-en\\\/rhodiola-rosea-en\\\/rhodiola-rosea-90tab\\\/#breadcrumb\",\"itemListElement\":[{\"@type\":\"ListItem\",\"position\":1,\"name\":\"Home\",\"item\":\"https:\\\/\\\/fit360.ee\\\/en\\\/\"},{\"@type\":\"ListItem\",\"position\":2,\"name\":\"Shop\",\"item\":\"https:\\\/\\\/fit360.ee\\\/en\\\/shop\\\/\"},{\"@type\":\"ListItem\",\"position\":3,\"name\":\"Rhodiola Rosea (90tab)\"}]},{\"@type\":\"WebSite\",\"@id\":\"https:\\\/\\\/fit360.ee\\\/en\\\/#website\",\"url\":\"https:\\\/\\\/fit360.ee\\\/en\\\/\",\"name\":\"Fit360\",\"description\":\"\",\"publisher\":{\"@id\":\"https:\\\/\\\/fit360.ee\\\/en\\\/#organization\"},\"potentialAction\":[{\"@type\":\"SearchAction\",\"target\":{\"@type\":\"EntryPoint\",\"urlTemplate\":\"https:\\\/\\\/fit360.ee\\\/en\\\/?s={search_term_string}\"},\"query-input\":{\"@type\":\"PropertyValueSpecification\",\"valueRequired\":true,\"valueName\":\"search_term_string\"}}],\"inLanguage\":\"en-US\"},{\"@type\":\"Organization\",\"@id\":\"https:\\\/\\\/fit360.ee\\\/en\\\/#organization\",\"name\":\"Fit360\",\"url\":\"https:\\\/\\\/fit360.ee\\\/en\\\/\",\"logo\":{\"@type\":\"ImageObject\",\"inLanguage\":\"en-US\",\"@id\":\"https:\\\/\\\/fit360.ee\\\/en\\\/#\\\/schema\\\/logo\\\/image\\\/\",\"url\":\"https:\\\/\\\/fit360.ee\\\/wp-content\\\/uploads\\\/2017\\\/01\\\/logo-fit360.png\",\"contentUrl\":\"https:\\\/\\\/fit360.ee\\\/wp-content\\\/uploads\\\/2017\\\/01\\\/logo-fit360.png\",\"width\":180,\"height\":66,\"caption\":\"Fit360\"},\"image\":{\"@id\":\"https:\\\/\\\/fit360.ee\\\/en\\\/#\\\/schema\\\/logo\\\/image\\\/\"}}]}<\/script>\n<!-- \/ Yoast SEO plugin. -->","yoast_head_json":{"title":"Rhodiola Rosea (90tab) - Fit360","robots":{"index":"index","follow":"follow","max-snippet":"max-snippet:-1","max-image-preview":"max-image-preview:large","max-video-preview":"max-video-preview:-1"},"canonical":"https:\/\/fit360.ee\/en\/pood\/product-groups\/vitamins-and-minerals-en\/rhodiola-rosea-en\/rhodiola-rosea-90tab\/","og_locale":"en_US","og_type":"article","og_title":"Rhodiola Rosea (90tab) - Fit360","og_description":"Rhodiola Roseat\u00a0kasutatatkse adaptogeeni ja toniseeriva vahendina lihastele ja n\u00e4rvis\u00fcsteemile. Aitab organismil vastu seista suurte f\u00fc\u00fcsiliste pingutuste tagaj\u00e4rjel tekkivatele vaimsetele pingetele, stressile nii t\u00f6\u00f6l kui spordis. Suurendab organismis energiat, aitab kohaneda raskete v\u00e4liskeskkonna m\u00f5judega. Parandab mentaalseid funktsioone.  Soovitatakse:   suurenenud f\u00fc\u00fcsilise koormuste korral  p\u00e4rast pikaajalist haigust, v\u00e4simust, depressioni  v\u00e4hendab stressi ja soodustab positiivset meeleolu","og_url":"https:\/\/fit360.ee\/en\/pood\/product-groups\/vitamins-and-minerals-en\/rhodiola-rosea-en\/rhodiola-rosea-90tab\/","og_site_name":"Fit360","article_modified_time":"2025-10-24T15:52:10+00:00","og_image":[{"width":800,"height":800,"url":"https:\/\/fit360.ee\/wp-content\/uploads\/2018\/09\/r.png","type":"image\/png"}],"twitter_card":"summary_large_image","twitter_misc":{"Est. reading time":"1 minute"},"schema":{"@context":"https:\/\/schema.org","@graph":[{"@type":"WebPage","@id":"https:\/\/fit360.ee\/en\/pood\/product-groups\/vitamins-and-minerals-en\/rhodiola-rosea-en\/rhodiola-rosea-90tab\/","url":"https:\/\/fit360.ee\/en\/pood\/product-groups\/vitamins-and-minerals-en\/rhodiola-rosea-en\/rhodiola-rosea-90tab\/","name":"Rhodiola Rosea (90tab) - Fit360","isPartOf":{"@id":"https:\/\/fit360.ee\/en\/#website"},"primaryImageOfPage":{"@id":"https:\/\/fit360.ee\/en\/pood\/product-groups\/vitamins-and-minerals-en\/rhodiola-rosea-en\/rhodiola-rosea-90tab\/#primaryimage"},"image":{"@id":"https:\/\/fit360.ee\/en\/pood\/product-groups\/vitamins-and-minerals-en\/rhodiola-rosea-en\/rhodiola-rosea-90tab\/#primaryimage"},"thumbnailUrl":"https:\/\/fit360.ee\/wp-content\/uploads\/2018\/09\/r.png","datePublished":"2018-09-03T15:32:17+00:00","dateModified":"2025-10-24T15:52:10+00:00","breadcrumb":{"@id":"https:\/\/fit360.ee\/en\/pood\/product-groups\/vitamins-and-minerals-en\/rhodiola-rosea-en\/rhodiola-rosea-90tab\/#breadcrumb"},"inLanguage":"en-US","potentialAction":[{"@type":"ReadAction","target":["https:\/\/fit360.ee\/en\/pood\/product-groups\/vitamins-and-minerals-en\/rhodiola-rosea-en\/rhodiola-rosea-90tab\/"]}]},{"@type":"ImageObject","inLanguage":"en-US","@id":"https:\/\/fit360.ee\/en\/pood\/product-groups\/vitamins-and-minerals-en\/rhodiola-rosea-en\/rhodiola-rosea-90tab\/#primaryimage","url":"https:\/\/fit360.ee\/wp-content\/uploads\/2018\/09\/r.png","contentUrl":"https:\/\/fit360.ee\/wp-content\/uploads\/2018\/09\/r.png","width":800,"height":800},{"@type":"BreadcrumbList","@id":"https:\/\/fit360.ee\/en\/pood\/product-groups\/vitamins-and-minerals-en\/rhodiola-rosea-en\/rhodiola-rosea-90tab\/#breadcrumb","itemListElement":[{"@type":"ListItem","position":1,"name":"Home","item":"https:\/\/fit360.ee\/en\/"},{"@type":"ListItem","position":2,"name":"Shop","item":"https:\/\/fit360.ee\/en\/shop\/"},{"@type":"ListItem","position":3,"name":"Rhodiola Rosea (90tab)"}]},{"@type":"WebSite","@id":"https:\/\/fit360.ee\/en\/#website","url":"https:\/\/fit360.ee\/en\/","name":"Fit360","description":"","publisher":{"@id":"https:\/\/fit360.ee\/en\/#organization"},"potentialAction":[{"@type":"SearchAction","target":{"@type":"EntryPoint","urlTemplate":"https:\/\/fit360.ee\/en\/?s={search_term_string}"},"query-input":{"@type":"PropertyValueSpecification","valueRequired":true,"valueName":"search_term_string"}}],"inLanguage":"en-US"},{"@type":"Organization","@id":"https:\/\/fit360.ee\/en\/#organization","name":"Fit360","url":"https:\/\/fit360.ee\/en\/","logo":{"@type":"ImageObject","inLanguage":"en-US","@id":"https:\/\/fit360.ee\/en\/#\/schema\/logo\/image\/","url":"https:\/\/fit360.ee\/wp-content\/uploads\/2017\/01\/logo-fit360.png","contentUrl":"https:\/\/fit360.ee\/wp-content\/uploads\/2017\/01\/logo-fit360.png","width":180,"height":66,"caption":"Fit360"},"image":{"@id":"https:\/\/fit360.ee\/en\/#\/schema\/logo\/image\/"}}]}},"_links":{"self":[{"href":"https:\/\/fit360.ee\/en\/wp-json\/wp\/v2\/product\/17921","targetHints":{"allow":["GET"]}}],"collection":[{"href":"https:\/\/fit360.ee\/en\/wp-json\/wp\/v2\/product"}],"about":[{"href":"https:\/\/fit360.ee\/en\/wp-json\/wp\/v2\/types\/product"}],"replies":[{"embeddable":true,"href":"https:\/\/fit360.ee\/en\/wp-json\/wp\/v2\/comments?post=17921"}],"wp:featuredmedia":[{"embeddable":true,"href":"https:\/\/fit360.ee\/en\/wp-json\/wp\/v2\/media\/17920"}],"wp:attachment":[{"href":"https:\/\/fit360.ee\/en\/wp-json\/wp\/v2\/media?parent=17921"}],"wp:term":[{"taxonomy":"product_brand","embeddable":true,"href":"https:\/\/fit360.ee\/en\/wp-json\/wp\/v2\/product_brand?post=17921"},{"taxonomy":"product_cat","embeddable":true,"href":"https:\/\/fit360.ee\/en\/wp-json\/wp\/v2\/product_cat?post=17921"},{"taxonomy":"product_tag","embeddable":true,"href":"https:\/\/fit360.ee\/en\/wp-json\/wp\/v2\/product_tag?post=17921"},{"taxonomy":"giftcard-category","embeddable":true,"href":"https:\/\/fit360.ee\/en\/wp-json\/wp\/v2\/giftcard-category?post=17921"}],"curies":[{"name":"wp","href":"https:\/\/api.w.org\/{rel}","templated":true}]}}