{"id":18080,"date":"2018-09-24T10:28:17","date_gmt":"2018-09-24T08:28:17","guid":{"rendered":"https:\/\/fit360.ee\/pood\/uncategorized\/proactive-whey-protein-supreme-700g\/"},"modified":"2026-01-17T15:26:21","modified_gmt":"2026-01-17T13:26:21","slug":"proactive-whey-protein-supreme-700g","status":"publish","type":"product","link":"https:\/\/fit360.ee\/en\/pood\/product-groups\/protein-poweders-en\/whey-protein-en\/proactive-whey-protein-supreme-700g\/","title":{"rendered":"ProActive Whey Protein Supreme (700g)"},"content":{"rendered":"<h1>Whey Protein Supreme valgupulber<\/h1>\n<p><strong>Koostisosad: <\/strong>\u00a0vadakuvalgukontsentraat (piimast) (97,55%)\u00a0 l\u00f5hnained, stabilisaator &#8211; guarkummi, magusained &#8211; atsesulfaam K, ts\u00fcklamaadid, sahhariinid, v\u00e4rvained, s\u00f5ltuvalt maitseomadustest: ko\u0161enillipunane, kinoliinkollane, p\u00e4ikeseloojangukollane, indigotiin, s\u00e4rav sinine FCF, pistaatsiap\u00e4hkel. Ko\u0161enillipunane, kinoliinkollane ja p\u00e4ikeseloojangukollane v\u00f5ivad kahjustada laste aktiivsust ja t\u00e4helepanu.<\/p>\n<p><strong>Kasutamine: <\/strong>tarbi 30g toodet \u00fcks kord p\u00e4evas segatud 250ml veega. \u00c4ra \u00fcleta soovitatud p\u00e4evast kogust (30g\/p\u00e4evas). M\u00f5\u00f5telusikas lisatud pakendis.<\/p>\n<p><strong>Suurus<\/strong>: 700g &#8211; 23 serveeringut<\/p>\n<p><strong>Hoiustamine: <\/strong>hoia kuivas ning jahedas kohas, eemal otsesest p\u00e4ikesevalgusest.<\/p>\n<table>\n<tbody>\n<tr>\n<td width=\"123\"><strong>K\u00f5ik maitsed<\/strong><\/td>\n<td width=\"123\"><\/td>\n<td width=\"123\"><\/td>\n<td width=\"123\"><strong>\u0160okolaadi maitse<\/strong><\/td>\n<td width=\"123\"><\/td>\n<\/tr>\n<tr>\n<td width=\"123\">Koostisosad<\/td>\n<td width=\"123\">100g kohta<\/td>\n<td width=\"123\">30g (1 portsjon) kohta<\/td>\n<td width=\"123\">100g kohta<\/td>\n<td width=\"123\">30g (1 portsjon) kohta<\/td>\n<\/tr>\n<tr>\n<td width=\"123\">Energia<\/td>\n<td width=\"123\">382 kcal\/1598 kJ<\/td>\n<td width=\"123\">115 kcal\/479 kJ<\/td>\n<td width=\"123\">375 kcal\/1568 kJ<\/td>\n<td width=\"123\">112 kcal\/470 kJ<\/td>\n<\/tr>\n<tr>\n<td width=\"123\">Rasvad<\/td>\n<td width=\"123\">5.7g<\/td>\n<td width=\"123\">1.71g<\/td>\n<td width=\"123\">6.5g<\/td>\n<td width=\"123\">1.95g<\/td>\n<\/tr>\n<tr>\n<td width=\"123\">Millest k\u00fcllastunud<\/td>\n<td width=\"123\">2.1g<\/td>\n<td width=\"123\">0.63g<\/td>\n<td width=\"123\">2.2g<\/td>\n<td width=\"123\">0.66g<\/td>\n<\/tr>\n<tr>\n<td width=\"123\">S\u00fcsivesikud<\/td>\n<td width=\"123\">4.6g<\/td>\n<td width=\"123\">1.38g<\/td>\n<td width=\"123\">6g<\/td>\n<td width=\"123\">1.8g<\/td>\n<\/tr>\n<tr>\n<td width=\"123\">Millest suhkrud<\/td>\n<td width=\"123\">3.6g<\/td>\n<td width=\"123\">1.08g<\/td>\n<td width=\"123\">4g<\/td>\n<td width=\"123\">1.2g<\/td>\n<\/tr>\n<tr>\n<td width=\"123\">Kiudained<\/td>\n<td width=\"123\">0.9g<\/td>\n<td width=\"123\">0.27g<\/td>\n<td width=\"123\">1.6g<\/td>\n<td width=\"123\">0.48g<\/td>\n<\/tr>\n<tr>\n<td width=\"123\"><strong>Valgud<\/strong><\/td>\n<td width=\"123\"><strong>78g<\/strong><\/td>\n<td width=\"123\"><strong>23.4g<\/strong><\/td>\n<td width=\"123\"><strong>73g<\/strong><\/td>\n<td width=\"123\"><strong>21.9g<\/strong><\/td>\n<\/tr>\n<tr>\n<td width=\"123\">Soolad<\/td>\n<td width=\"123\">0.5g<\/td>\n<td width=\"123\">0.15g<\/td>\n<td width=\"123\">0.5g<\/td>\n<td width=\"123\">0.15g<\/td>\n<\/tr>\n<\/tbody>\n<\/table>\n<p>&nbsp;<\/p>\n<table>\n<tbody>\n<tr>\n<td width=\"176\"><strong>Aminohapped 100g kohta<\/strong><\/td>\n<\/tr>\n<tr>\n<td width=\"176\">Alaniin 4.79g<\/td>\n<\/tr>\n<tr>\n<td width=\"176\">Arginiin 2.31g<\/td>\n<\/tr>\n<tr>\n<td width=\"176\">d-asparagiinhape 10.72g<\/td>\n<\/tr>\n<tr>\n<td width=\"176\">Ts\u00fcsteiin 2-18g<\/td>\n<\/tr>\n<tr>\n<td width=\"176\">Glutamiinhappe 18.95g<\/td>\n<\/tr>\n<tr>\n<td width=\"176\">Tr\u00fcptofaan 1.6g<\/td>\n<\/tr>\n<tr>\n<td width=\"176\">Metioniin 2.13g<\/td>\n<\/tr>\n<tr>\n<td width=\"176\">Proliin 5.74g<\/td>\n<\/tr>\n<tr>\n<td width=\"176\">Seriin 4.98g<\/td>\n<\/tr>\n<tr>\n<td width=\"176\">Gliitsiin 1.74g<\/td>\n<\/tr>\n<\/tbody>\n<\/table>\n<p>Soovid kaupa osta suuremas koguses? Vaata antud toodet ka meie HULGI poest\u00a0<a href=\"https:\/\/toidulisandidhulgi.ee\/product\/proactive-whey-p\u2026ein-supreme-700g\/\"><strong>SIIT<\/strong><\/a>!<\/p>\n","protected":false},"excerpt":{"rendered":"<h2><strong>ProActive Whey Proteiin Supreme:<\/strong><\/h2>\n<ul>\n<li>78% Vadakuvalk<\/li>\n<li>Aspartaami vaba<\/li>\n<li>K\u00f5rge aminohappe sisaldusega<\/li>\n<li>Kiirendab taastumist rasketest treeningutest<\/li>\n<li>K\u00f5rge biov\u00e4\u00e4rtusega valguallikas<\/li>\n<\/ul>\n<p><strong>Proactive Whey Protein Supereme<\/strong> on k\u00f5rge biov\u00e4\u00e4rtusega ning suurep\u00e4rase aminohappe profiiliga valguallikas. Imendub v\u00e4ga kiiresti ning varustab keha vajalikke aminohapetega.<\/p>\n","protected":false},"featured_media":93770,"comment_status":"open","ping_status":"closed","template":"","meta":[],"product_brand":[],"product_cat":[1326,535,2420],"product_tag":[1711,1668,1670],"giftcard-category":[],"class_list":{"0":"post-18080","1":"product","2":"type-product","3":"status-publish","4":"has-post-thumbnail","6":"product_cat-proactive-en","7":"product_cat-protein-poweders-en","8":"product_cat-whey-protein-en","9":"product_tag-proteiin-en","10":"product_tag-proteiinipulber-en","11":"product_tag-valgupulber-en","12":"pa_maitse-banaan-kupsis-en","13":"pa_maitse-chocolate","14":"pa_maitse-chocolate-pistachios","15":"pa_maitse-coconut","16":"pa_maitse-cookie","17":"pa_maitse-creme-brulee","18":"pa_maitse-karamelli-piima-en","20":"first","21":"outofstock","22":"sale","23":"taxable","24":"shipping-taxable","25":"purchasable","26":"product-type-variable"},"yoast_head":"<!-- This site is optimized with the Yoast SEO plugin v27.3 - https:\/\/yoast.com\/product\/yoast-seo-wordpress\/ -->\n<title>Whey Proteiin Supreme (700g) - Soodne valgupulber - Palju aminohappeid<\/title>\n<meta name=\"description\" content=\"Whey proteiin supreme on k\u00f5rge biov\u00e4\u00e4rtusega ning suurep\u00e4rase aminohappe profiiliga proteiinipulber. 78% proteiini sisaldus.\u00dclikiire kauba tarne: 1-3 p\u00e4eva!\" \/>\n<meta name=\"robots\" content=\"index, follow, max-snippet:-1, max-image-preview:large, max-video-preview:-1\" \/>\n<link rel=\"canonical\" href=\"https:\/\/fit360.ee\/en\/pood\/product-groups\/protein-poweders-en\/whey-protein-en\/proactive-whey-protein-supreme-700g\/\" \/>\n<meta property=\"og:locale\" content=\"en_US\" \/>\n<meta property=\"og:type\" content=\"article\" \/>\n<meta property=\"og:title\" content=\"Whey Proteiin Supreme (700g) - Soodne valgupulber - Palju aminohappeid\" \/>\n<meta property=\"og:description\" content=\"Whey proteiin supreme on k\u00f5rge biov\u00e4\u00e4rtusega ning suurep\u00e4rase aminohappe profiiliga proteiinipulber. 78% proteiini sisaldus.\u00dclikiire kauba tarne: 1-3 p\u00e4eva!\" \/>\n<meta property=\"og:url\" content=\"https:\/\/fit360.ee\/en\/pood\/product-groups\/protein-poweders-en\/whey-protein-en\/proactive-whey-protein-supreme-700g\/\" \/>\n<meta property=\"og:site_name\" content=\"Fit360\" \/>\n<meta property=\"article:modified_time\" content=\"2026-01-17T13:26:21+00:00\" \/>\n<meta property=\"og:image\" content=\"https:\/\/fit360.ee\/wp-content\/uploads\/2018\/09\/whey-proteiin-supreme-fit360.ee-1.png\" \/>\n\t<meta property=\"og:image:width\" content=\"600\" \/>\n\t<meta property=\"og:image:height\" content=\"600\" \/>\n\t<meta property=\"og:image:type\" content=\"image\/png\" \/>\n<meta name=\"twitter:card\" content=\"summary_large_image\" \/>\n<meta name=\"twitter:label1\" content=\"Est. reading time\" \/>\n\t<meta name=\"twitter:data1\" content=\"1 minute\" \/>\n<script type=\"application\/ld+json\" class=\"yoast-schema-graph\">{\"@context\":\"https:\\\/\\\/schema.org\",\"@graph\":[{\"@type\":\"WebPage\",\"@id\":\"https:\\\/\\\/fit360.ee\\\/en\\\/pood\\\/product-groups\\\/protein-poweders-en\\\/whey-protein-en\\\/proactive-whey-protein-supreme-700g\\\/\",\"url\":\"https:\\\/\\\/fit360.ee\\\/en\\\/pood\\\/product-groups\\\/protein-poweders-en\\\/whey-protein-en\\\/proactive-whey-protein-supreme-700g\\\/\",\"name\":\"Whey Proteiin Supreme (700g) - Soodne valgupulber - Palju aminohappeid\",\"isPartOf\":{\"@id\":\"https:\\\/\\\/fit360.ee\\\/en\\\/#website\"},\"primaryImageOfPage\":{\"@id\":\"https:\\\/\\\/fit360.ee\\\/en\\\/pood\\\/product-groups\\\/protein-poweders-en\\\/whey-protein-en\\\/proactive-whey-protein-supreme-700g\\\/#primaryimage\"},\"image\":{\"@id\":\"https:\\\/\\\/fit360.ee\\\/en\\\/pood\\\/product-groups\\\/protein-poweders-en\\\/whey-protein-en\\\/proactive-whey-protein-supreme-700g\\\/#primaryimage\"},\"thumbnailUrl\":\"https:\\\/\\\/fit360.ee\\\/wp-content\\\/uploads\\\/2018\\\/09\\\/whey-proteiin-supreme-fit360.ee-1.png\",\"datePublished\":\"2018-09-24T08:28:17+00:00\",\"dateModified\":\"2026-01-17T13:26:21+00:00\",\"description\":\"Whey proteiin supreme on k\u00f5rge biov\u00e4\u00e4rtusega ning suurep\u00e4rase aminohappe profiiliga proteiinipulber. 78% proteiini sisaldus.\u00dclikiire kauba tarne: 1-3 p\u00e4eva!\",\"breadcrumb\":{\"@id\":\"https:\\\/\\\/fit360.ee\\\/en\\\/pood\\\/product-groups\\\/protein-poweders-en\\\/whey-protein-en\\\/proactive-whey-protein-supreme-700g\\\/#breadcrumb\"},\"inLanguage\":\"en-US\",\"potentialAction\":[{\"@type\":\"ReadAction\",\"target\":[\"https:\\\/\\\/fit360.ee\\\/en\\\/pood\\\/product-groups\\\/protein-poweders-en\\\/whey-protein-en\\\/proactive-whey-protein-supreme-700g\\\/\"]}]},{\"@type\":\"ImageObject\",\"inLanguage\":\"en-US\",\"@id\":\"https:\\\/\\\/fit360.ee\\\/en\\\/pood\\\/product-groups\\\/protein-poweders-en\\\/whey-protein-en\\\/proactive-whey-protein-supreme-700g\\\/#primaryimage\",\"url\":\"https:\\\/\\\/fit360.ee\\\/wp-content\\\/uploads\\\/2018\\\/09\\\/whey-proteiin-supreme-fit360.ee-1.png\",\"contentUrl\":\"https:\\\/\\\/fit360.ee\\\/wp-content\\\/uploads\\\/2018\\\/09\\\/whey-proteiin-supreme-fit360.ee-1.png\",\"width\":600,\"height\":600,\"caption\":\"whey proteiin supreme - fit360.ee\"},{\"@type\":\"BreadcrumbList\",\"@id\":\"https:\\\/\\\/fit360.ee\\\/en\\\/pood\\\/product-groups\\\/protein-poweders-en\\\/whey-protein-en\\\/proactive-whey-protein-supreme-700g\\\/#breadcrumb\",\"itemListElement\":[{\"@type\":\"ListItem\",\"position\":1,\"name\":\"Home\",\"item\":\"https:\\\/\\\/fit360.ee\\\/en\\\/\"},{\"@type\":\"ListItem\",\"position\":2,\"name\":\"Shop\",\"item\":\"https:\\\/\\\/fit360.ee\\\/en\\\/shop\\\/\"},{\"@type\":\"ListItem\",\"position\":3,\"name\":\"ProActive Whey Protein Supreme (700g)\"}]},{\"@type\":\"WebSite\",\"@id\":\"https:\\\/\\\/fit360.ee\\\/en\\\/#website\",\"url\":\"https:\\\/\\\/fit360.ee\\\/en\\\/\",\"name\":\"Fit360\",\"description\":\"\",\"publisher\":{\"@id\":\"https:\\\/\\\/fit360.ee\\\/en\\\/#organization\"},\"potentialAction\":[{\"@type\":\"SearchAction\",\"target\":{\"@type\":\"EntryPoint\",\"urlTemplate\":\"https:\\\/\\\/fit360.ee\\\/en\\\/?s={search_term_string}\"},\"query-input\":{\"@type\":\"PropertyValueSpecification\",\"valueRequired\":true,\"valueName\":\"search_term_string\"}}],\"inLanguage\":\"en-US\"},{\"@type\":\"Organization\",\"@id\":\"https:\\\/\\\/fit360.ee\\\/en\\\/#organization\",\"name\":\"Fit360\",\"url\":\"https:\\\/\\\/fit360.ee\\\/en\\\/\",\"logo\":{\"@type\":\"ImageObject\",\"inLanguage\":\"en-US\",\"@id\":\"https:\\\/\\\/fit360.ee\\\/en\\\/#\\\/schema\\\/logo\\\/image\\\/\",\"url\":\"https:\\\/\\\/fit360.ee\\\/wp-content\\\/uploads\\\/2017\\\/01\\\/logo-fit360.png\",\"contentUrl\":\"https:\\\/\\\/fit360.ee\\\/wp-content\\\/uploads\\\/2017\\\/01\\\/logo-fit360.png\",\"width\":180,\"height\":66,\"caption\":\"Fit360\"},\"image\":{\"@id\":\"https:\\\/\\\/fit360.ee\\\/en\\\/#\\\/schema\\\/logo\\\/image\\\/\"}}]}<\/script>\n<!-- \/ Yoast SEO plugin. -->","yoast_head_json":{"title":"Whey Proteiin Supreme (700g) - Soodne valgupulber - Palju aminohappeid","description":"Whey proteiin supreme on k\u00f5rge biov\u00e4\u00e4rtusega ning suurep\u00e4rase aminohappe profiiliga proteiinipulber. 78% proteiini sisaldus.\u00dclikiire kauba tarne: 1-3 p\u00e4eva!","robots":{"index":"index","follow":"follow","max-snippet":"max-snippet:-1","max-image-preview":"max-image-preview:large","max-video-preview":"max-video-preview:-1"},"canonical":"https:\/\/fit360.ee\/en\/pood\/product-groups\/protein-poweders-en\/whey-protein-en\/proactive-whey-protein-supreme-700g\/","og_locale":"en_US","og_type":"article","og_title":"Whey Proteiin Supreme (700g) - Soodne valgupulber - Palju aminohappeid","og_description":"Whey proteiin supreme on k\u00f5rge biov\u00e4\u00e4rtusega ning suurep\u00e4rase aminohappe profiiliga proteiinipulber. 78% proteiini sisaldus.\u00dclikiire kauba tarne: 1-3 p\u00e4eva!","og_url":"https:\/\/fit360.ee\/en\/pood\/product-groups\/protein-poweders-en\/whey-protein-en\/proactive-whey-protein-supreme-700g\/","og_site_name":"Fit360","article_modified_time":"2026-01-17T13:26:21+00:00","og_image":[{"width":600,"height":600,"url":"https:\/\/fit360.ee\/wp-content\/uploads\/2018\/09\/whey-proteiin-supreme-fit360.ee-1.png","type":"image\/png"}],"twitter_card":"summary_large_image","twitter_misc":{"Est. reading time":"1 minute"},"schema":{"@context":"https:\/\/schema.org","@graph":[{"@type":"WebPage","@id":"https:\/\/fit360.ee\/en\/pood\/product-groups\/protein-poweders-en\/whey-protein-en\/proactive-whey-protein-supreme-700g\/","url":"https:\/\/fit360.ee\/en\/pood\/product-groups\/protein-poweders-en\/whey-protein-en\/proactive-whey-protein-supreme-700g\/","name":"Whey Proteiin Supreme (700g) - Soodne valgupulber - Palju aminohappeid","isPartOf":{"@id":"https:\/\/fit360.ee\/en\/#website"},"primaryImageOfPage":{"@id":"https:\/\/fit360.ee\/en\/pood\/product-groups\/protein-poweders-en\/whey-protein-en\/proactive-whey-protein-supreme-700g\/#primaryimage"},"image":{"@id":"https:\/\/fit360.ee\/en\/pood\/product-groups\/protein-poweders-en\/whey-protein-en\/proactive-whey-protein-supreme-700g\/#primaryimage"},"thumbnailUrl":"https:\/\/fit360.ee\/wp-content\/uploads\/2018\/09\/whey-proteiin-supreme-fit360.ee-1.png","datePublished":"2018-09-24T08:28:17+00:00","dateModified":"2026-01-17T13:26:21+00:00","description":"Whey proteiin supreme on k\u00f5rge biov\u00e4\u00e4rtusega ning suurep\u00e4rase aminohappe profiiliga proteiinipulber. 78% proteiini sisaldus.\u00dclikiire kauba tarne: 1-3 p\u00e4eva!","breadcrumb":{"@id":"https:\/\/fit360.ee\/en\/pood\/product-groups\/protein-poweders-en\/whey-protein-en\/proactive-whey-protein-supreme-700g\/#breadcrumb"},"inLanguage":"en-US","potentialAction":[{"@type":"ReadAction","target":["https:\/\/fit360.ee\/en\/pood\/product-groups\/protein-poweders-en\/whey-protein-en\/proactive-whey-protein-supreme-700g\/"]}]},{"@type":"ImageObject","inLanguage":"en-US","@id":"https:\/\/fit360.ee\/en\/pood\/product-groups\/protein-poweders-en\/whey-protein-en\/proactive-whey-protein-supreme-700g\/#primaryimage","url":"https:\/\/fit360.ee\/wp-content\/uploads\/2018\/09\/whey-proteiin-supreme-fit360.ee-1.png","contentUrl":"https:\/\/fit360.ee\/wp-content\/uploads\/2018\/09\/whey-proteiin-supreme-fit360.ee-1.png","width":600,"height":600,"caption":"whey proteiin supreme - fit360.ee"},{"@type":"BreadcrumbList","@id":"https:\/\/fit360.ee\/en\/pood\/product-groups\/protein-poweders-en\/whey-protein-en\/proactive-whey-protein-supreme-700g\/#breadcrumb","itemListElement":[{"@type":"ListItem","position":1,"name":"Home","item":"https:\/\/fit360.ee\/en\/"},{"@type":"ListItem","position":2,"name":"Shop","item":"https:\/\/fit360.ee\/en\/shop\/"},{"@type":"ListItem","position":3,"name":"ProActive Whey Protein Supreme (700g)"}]},{"@type":"WebSite","@id":"https:\/\/fit360.ee\/en\/#website","url":"https:\/\/fit360.ee\/en\/","name":"Fit360","description":"","publisher":{"@id":"https:\/\/fit360.ee\/en\/#organization"},"potentialAction":[{"@type":"SearchAction","target":{"@type":"EntryPoint","urlTemplate":"https:\/\/fit360.ee\/en\/?s={search_term_string}"},"query-input":{"@type":"PropertyValueSpecification","valueRequired":true,"valueName":"search_term_string"}}],"inLanguage":"en-US"},{"@type":"Organization","@id":"https:\/\/fit360.ee\/en\/#organization","name":"Fit360","url":"https:\/\/fit360.ee\/en\/","logo":{"@type":"ImageObject","inLanguage":"en-US","@id":"https:\/\/fit360.ee\/en\/#\/schema\/logo\/image\/","url":"https:\/\/fit360.ee\/wp-content\/uploads\/2017\/01\/logo-fit360.png","contentUrl":"https:\/\/fit360.ee\/wp-content\/uploads\/2017\/01\/logo-fit360.png","width":180,"height":66,"caption":"Fit360"},"image":{"@id":"https:\/\/fit360.ee\/en\/#\/schema\/logo\/image\/"}}]}},"_links":{"self":[{"href":"https:\/\/fit360.ee\/en\/wp-json\/wp\/v2\/product\/18080","targetHints":{"allow":["GET"]}}],"collection":[{"href":"https:\/\/fit360.ee\/en\/wp-json\/wp\/v2\/product"}],"about":[{"href":"https:\/\/fit360.ee\/en\/wp-json\/wp\/v2\/types\/product"}],"replies":[{"embeddable":true,"href":"https:\/\/fit360.ee\/en\/wp-json\/wp\/v2\/comments?post=18080"}],"wp:featuredmedia":[{"embeddable":true,"href":"https:\/\/fit360.ee\/en\/wp-json\/wp\/v2\/media\/93770"}],"wp:attachment":[{"href":"https:\/\/fit360.ee\/en\/wp-json\/wp\/v2\/media?parent=18080"}],"wp:term":[{"taxonomy":"product_brand","embeddable":true,"href":"https:\/\/fit360.ee\/en\/wp-json\/wp\/v2\/product_brand?post=18080"},{"taxonomy":"product_cat","embeddable":true,"href":"https:\/\/fit360.ee\/en\/wp-json\/wp\/v2\/product_cat?post=18080"},{"taxonomy":"product_tag","embeddable":true,"href":"https:\/\/fit360.ee\/en\/wp-json\/wp\/v2\/product_tag?post=18080"},{"taxonomy":"giftcard-category","embeddable":true,"href":"https:\/\/fit360.ee\/en\/wp-json\/wp\/v2\/giftcard-category?post=18080"}],"curies":[{"name":"wp","href":"https:\/\/api.w.org\/{rel}","templated":true}]}}