{"id":18167,"date":"2018-10-08T18:32:48","date_gmt":"2018-10-08T16:32:48","guid":{"rendered":"https:\/\/fit360.ee\/pood\/uncategorized\/on-creatine-317g\/"},"modified":"2026-04-16T15:13:20","modified_gmt":"2026-04-16T13:13:20","slug":"on-creatine-317g","status":"publish","type":"product","link":"https:\/\/fit360.ee\/en\/pood\/product-groups\/creatine-en\/creatine-monohydrate-en\/on-creatine-317g\/","title":{"rendered":"ON Creatine (317g)"},"content":{"rendered":"<p><strong>Koostisosad<\/strong>: kreatiinmonoh\u00fcdraat<\/p>\n<p><strong>Suurus<\/strong>: 317g<\/p>\n<p><strong>Hoiatus<\/strong>: Ei ole ette n\u00e4htud kasutamiseks olemasolevate haigusseisundite v\u00f5i ravimite kasutajate, alla 18-aastaste v\u00f5i rasedate v\u00f5i rinnaga toitvate naiste puhul. Toidulisandeid ei tohi kasutada erineva dieedi asendamiseks. \u00c4rge \u00fcletage soovitatavat \u00f6\u00f6p\u00e4evast annust. Hoida lastele k\u00e4ttesaamatus kohas. Kasutage mitmek\u00fclgse ja tasakaalustatud toitumise ja tervislike eluviiside raamistikus.<\/p>\n<p>Soovid kaupa osta suuremas koguses? Vaata antud toodet ka meie HULGI poest\u00a0<a href=\"https:\/\/toidulisandidhulgi.ee\/product\/on-creatine-317g\/\"><strong>SIIT<\/strong><\/a>!<\/p>\n","protected":false},"excerpt":{"rendered":"<p><strong>Optimum<\/strong> <strong>Creatine:<\/strong><\/p>\n<ul>\n<li>Suurendab sinu sooritusv\u00f5imet k\u00f5rgintensiivse treeningu ajal<\/li>\n<li>\u00dche serveeringu peale 3.4g puhast kreatiini monoh\u00fcdraati, suurendamaks lihasj\u00f5udu<\/li>\n<li>Seguneb kergelt<\/li>\n<li>Sega veega, mahlaga v\u00f5i valgujoogiga<\/li>\n<li>V\u00f5ib v\u00f5tta igal ajal<\/li>\n<\/ul>\n","protected":false},"featured_media":18166,"comment_status":"open","ping_status":"closed","template":"","meta":[],"product_brand":[],"product_cat":[526,2412,1294],"product_tag":[],"giftcard-category":[],"class_list":{"0":"post-18167","1":"product","2":"type-product","3":"status-publish","4":"has-post-thumbnail","6":"product_cat-creatine-en","7":"product_cat-creatine-monohydrate-en","8":"product_cat-optimum-nutrition-en","9":"pa_toidulisand-branddd-optimum","10":"pa_tootegruppp-creatine","11":"pa_tootegruppp-kreatiin-monohudraat-en","13":"first","14":"instock","15":"sale","16":"taxable","17":"shipping-taxable","18":"purchasable","19":"product-type-simple"},"yoast_head":"<!-- This site is optimized with the Yoast SEO plugin v27.5 - https:\/\/yoast.com\/product\/yoast-seo-wordpress\/ -->\n<title>ON Creatine (317g) - Fit360<\/title>\n<meta name=\"robots\" content=\"index, follow, max-snippet:-1, max-image-preview:large, max-video-preview:-1\" \/>\n<link rel=\"canonical\" href=\"https:\/\/fit360.ee\/en\/pood\/product-groups\/creatine-en\/creatine-monohydrate-en\/on-creatine-317g\/\" \/>\n<meta property=\"og:locale\" content=\"en_US\" \/>\n<meta property=\"og:type\" content=\"article\" \/>\n<meta property=\"og:title\" content=\"ON Creatine (317g) - Fit360\" \/>\n<meta property=\"og:description\" content=\"Optimum Creatine:   Suurendab sinu sooritusv\u00f5imet k\u00f5rgintensiivse treeningu ajal  \u00dche serveeringu peale 3.4g puhast kreatiini monoh\u00fcdraati, suurendamaks lihasj\u00f5udu  Seguneb kergelt  Sega veega, mahlaga v\u00f5i valgujoogiga  V\u00f5ib v\u00f5tta igal ajal\" \/>\n<meta property=\"og:url\" content=\"https:\/\/fit360.ee\/en\/pood\/product-groups\/creatine-en\/creatine-monohydrate-en\/on-creatine-317g\/\" \/>\n<meta property=\"og:site_name\" content=\"Fit360\" \/>\n<meta property=\"article:modified_time\" content=\"2026-04-16T13:13:20+00:00\" \/>\n<meta property=\"og:image\" content=\"https:\/\/fit360.ee\/wp-content\/uploads\/2018\/10\/cre317-500x500.png\" \/>\n\t<meta property=\"og:image:width\" content=\"500\" \/>\n\t<meta property=\"og:image:height\" content=\"500\" \/>\n\t<meta property=\"og:image:type\" content=\"image\/png\" \/>\n<meta name=\"twitter:card\" content=\"summary_large_image\" \/>\n<meta name=\"twitter:label1\" content=\"Est. reading time\" \/>\n\t<meta name=\"twitter:data1\" content=\"1 minute\" \/>\n<script type=\"application\/ld+json\" class=\"yoast-schema-graph\">{\"@context\":\"https:\\\/\\\/schema.org\",\"@graph\":[{\"@type\":\"WebPage\",\"@id\":\"https:\\\/\\\/fit360.ee\\\/en\\\/pood\\\/product-groups\\\/creatine-en\\\/creatine-monohydrate-en\\\/on-creatine-317g\\\/\",\"url\":\"https:\\\/\\\/fit360.ee\\\/en\\\/pood\\\/product-groups\\\/creatine-en\\\/creatine-monohydrate-en\\\/on-creatine-317g\\\/\",\"name\":\"ON Creatine (317g) - Fit360\",\"isPartOf\":{\"@id\":\"https:\\\/\\\/fit360.ee\\\/en\\\/#website\"},\"primaryImageOfPage\":{\"@id\":\"https:\\\/\\\/fit360.ee\\\/en\\\/pood\\\/product-groups\\\/creatine-en\\\/creatine-monohydrate-en\\\/on-creatine-317g\\\/#primaryimage\"},\"image\":{\"@id\":\"https:\\\/\\\/fit360.ee\\\/en\\\/pood\\\/product-groups\\\/creatine-en\\\/creatine-monohydrate-en\\\/on-creatine-317g\\\/#primaryimage\"},\"thumbnailUrl\":\"https:\\\/\\\/fit360.ee\\\/wp-content\\\/uploads\\\/2018\\\/10\\\/cre317-500x500.png\",\"datePublished\":\"2018-10-08T16:32:48+00:00\",\"dateModified\":\"2026-04-16T13:13:20+00:00\",\"breadcrumb\":{\"@id\":\"https:\\\/\\\/fit360.ee\\\/en\\\/pood\\\/product-groups\\\/creatine-en\\\/creatine-monohydrate-en\\\/on-creatine-317g\\\/#breadcrumb\"},\"inLanguage\":\"en-US\",\"potentialAction\":[{\"@type\":\"ReadAction\",\"target\":[\"https:\\\/\\\/fit360.ee\\\/en\\\/pood\\\/product-groups\\\/creatine-en\\\/creatine-monohydrate-en\\\/on-creatine-317g\\\/\"]}]},{\"@type\":\"ImageObject\",\"inLanguage\":\"en-US\",\"@id\":\"https:\\\/\\\/fit360.ee\\\/en\\\/pood\\\/product-groups\\\/creatine-en\\\/creatine-monohydrate-en\\\/on-creatine-317g\\\/#primaryimage\",\"url\":\"https:\\\/\\\/fit360.ee\\\/wp-content\\\/uploads\\\/2018\\\/10\\\/cre317-500x500.png\",\"contentUrl\":\"https:\\\/\\\/fit360.ee\\\/wp-content\\\/uploads\\\/2018\\\/10\\\/cre317-500x500.png\",\"width\":500,\"height\":500},{\"@type\":\"BreadcrumbList\",\"@id\":\"https:\\\/\\\/fit360.ee\\\/en\\\/pood\\\/product-groups\\\/creatine-en\\\/creatine-monohydrate-en\\\/on-creatine-317g\\\/#breadcrumb\",\"itemListElement\":[{\"@type\":\"ListItem\",\"position\":1,\"name\":\"Home\",\"item\":\"https:\\\/\\\/fit360.ee\\\/en\\\/\"},{\"@type\":\"ListItem\",\"position\":2,\"name\":\"Shop\",\"item\":\"https:\\\/\\\/fit360.ee\\\/en\\\/shop\\\/\"},{\"@type\":\"ListItem\",\"position\":3,\"name\":\"ON Creatine (317g)\"}]},{\"@type\":\"WebSite\",\"@id\":\"https:\\\/\\\/fit360.ee\\\/en\\\/#website\",\"url\":\"https:\\\/\\\/fit360.ee\\\/en\\\/\",\"name\":\"Fit360\",\"description\":\"\",\"publisher\":{\"@id\":\"https:\\\/\\\/fit360.ee\\\/en\\\/#organization\"},\"potentialAction\":[{\"@type\":\"SearchAction\",\"target\":{\"@type\":\"EntryPoint\",\"urlTemplate\":\"https:\\\/\\\/fit360.ee\\\/en\\\/?s={search_term_string}\"},\"query-input\":{\"@type\":\"PropertyValueSpecification\",\"valueRequired\":true,\"valueName\":\"search_term_string\"}}],\"inLanguage\":\"en-US\"},{\"@type\":\"Organization\",\"@id\":\"https:\\\/\\\/fit360.ee\\\/en\\\/#organization\",\"name\":\"Fit360\",\"url\":\"https:\\\/\\\/fit360.ee\\\/en\\\/\",\"logo\":{\"@type\":\"ImageObject\",\"inLanguage\":\"en-US\",\"@id\":\"https:\\\/\\\/fit360.ee\\\/en\\\/#\\\/schema\\\/logo\\\/image\\\/\",\"url\":\"https:\\\/\\\/fit360.ee\\\/wp-content\\\/uploads\\\/2017\\\/01\\\/logo-fit360.png\",\"contentUrl\":\"https:\\\/\\\/fit360.ee\\\/wp-content\\\/uploads\\\/2017\\\/01\\\/logo-fit360.png\",\"width\":180,\"height\":66,\"caption\":\"Fit360\"},\"image\":{\"@id\":\"https:\\\/\\\/fit360.ee\\\/en\\\/#\\\/schema\\\/logo\\\/image\\\/\"}}]}<\/script>\n<!-- \/ Yoast SEO plugin. -->","yoast_head_json":{"title":"ON Creatine (317g) - Fit360","robots":{"index":"index","follow":"follow","max-snippet":"max-snippet:-1","max-image-preview":"max-image-preview:large","max-video-preview":"max-video-preview:-1"},"canonical":"https:\/\/fit360.ee\/en\/pood\/product-groups\/creatine-en\/creatine-monohydrate-en\/on-creatine-317g\/","og_locale":"en_US","og_type":"article","og_title":"ON Creatine (317g) - Fit360","og_description":"Optimum Creatine:   Suurendab sinu sooritusv\u00f5imet k\u00f5rgintensiivse treeningu ajal  \u00dche serveeringu peale 3.4g puhast kreatiini monoh\u00fcdraati, suurendamaks lihasj\u00f5udu  Seguneb kergelt  Sega veega, mahlaga v\u00f5i valgujoogiga  V\u00f5ib v\u00f5tta igal ajal","og_url":"https:\/\/fit360.ee\/en\/pood\/product-groups\/creatine-en\/creatine-monohydrate-en\/on-creatine-317g\/","og_site_name":"Fit360","article_modified_time":"2026-04-16T13:13:20+00:00","og_image":[{"width":500,"height":500,"url":"https:\/\/fit360.ee\/wp-content\/uploads\/2018\/10\/cre317-500x500.png","type":"image\/png"}],"twitter_card":"summary_large_image","twitter_misc":{"Est. reading time":"1 minute"},"schema":{"@context":"https:\/\/schema.org","@graph":[{"@type":"WebPage","@id":"https:\/\/fit360.ee\/en\/pood\/product-groups\/creatine-en\/creatine-monohydrate-en\/on-creatine-317g\/","url":"https:\/\/fit360.ee\/en\/pood\/product-groups\/creatine-en\/creatine-monohydrate-en\/on-creatine-317g\/","name":"ON Creatine (317g) - Fit360","isPartOf":{"@id":"https:\/\/fit360.ee\/en\/#website"},"primaryImageOfPage":{"@id":"https:\/\/fit360.ee\/en\/pood\/product-groups\/creatine-en\/creatine-monohydrate-en\/on-creatine-317g\/#primaryimage"},"image":{"@id":"https:\/\/fit360.ee\/en\/pood\/product-groups\/creatine-en\/creatine-monohydrate-en\/on-creatine-317g\/#primaryimage"},"thumbnailUrl":"https:\/\/fit360.ee\/wp-content\/uploads\/2018\/10\/cre317-500x500.png","datePublished":"2018-10-08T16:32:48+00:00","dateModified":"2026-04-16T13:13:20+00:00","breadcrumb":{"@id":"https:\/\/fit360.ee\/en\/pood\/product-groups\/creatine-en\/creatine-monohydrate-en\/on-creatine-317g\/#breadcrumb"},"inLanguage":"en-US","potentialAction":[{"@type":"ReadAction","target":["https:\/\/fit360.ee\/en\/pood\/product-groups\/creatine-en\/creatine-monohydrate-en\/on-creatine-317g\/"]}]},{"@type":"ImageObject","inLanguage":"en-US","@id":"https:\/\/fit360.ee\/en\/pood\/product-groups\/creatine-en\/creatine-monohydrate-en\/on-creatine-317g\/#primaryimage","url":"https:\/\/fit360.ee\/wp-content\/uploads\/2018\/10\/cre317-500x500.png","contentUrl":"https:\/\/fit360.ee\/wp-content\/uploads\/2018\/10\/cre317-500x500.png","width":500,"height":500},{"@type":"BreadcrumbList","@id":"https:\/\/fit360.ee\/en\/pood\/product-groups\/creatine-en\/creatine-monohydrate-en\/on-creatine-317g\/#breadcrumb","itemListElement":[{"@type":"ListItem","position":1,"name":"Home","item":"https:\/\/fit360.ee\/en\/"},{"@type":"ListItem","position":2,"name":"Shop","item":"https:\/\/fit360.ee\/en\/shop\/"},{"@type":"ListItem","position":3,"name":"ON Creatine (317g)"}]},{"@type":"WebSite","@id":"https:\/\/fit360.ee\/en\/#website","url":"https:\/\/fit360.ee\/en\/","name":"Fit360","description":"","publisher":{"@id":"https:\/\/fit360.ee\/en\/#organization"},"potentialAction":[{"@type":"SearchAction","target":{"@type":"EntryPoint","urlTemplate":"https:\/\/fit360.ee\/en\/?s={search_term_string}"},"query-input":{"@type":"PropertyValueSpecification","valueRequired":true,"valueName":"search_term_string"}}],"inLanguage":"en-US"},{"@type":"Organization","@id":"https:\/\/fit360.ee\/en\/#organization","name":"Fit360","url":"https:\/\/fit360.ee\/en\/","logo":{"@type":"ImageObject","inLanguage":"en-US","@id":"https:\/\/fit360.ee\/en\/#\/schema\/logo\/image\/","url":"https:\/\/fit360.ee\/wp-content\/uploads\/2017\/01\/logo-fit360.png","contentUrl":"https:\/\/fit360.ee\/wp-content\/uploads\/2017\/01\/logo-fit360.png","width":180,"height":66,"caption":"Fit360"},"image":{"@id":"https:\/\/fit360.ee\/en\/#\/schema\/logo\/image\/"}}]}},"_links":{"self":[{"href":"https:\/\/fit360.ee\/en\/wp-json\/wp\/v2\/product\/18167","targetHints":{"allow":["GET"]}}],"collection":[{"href":"https:\/\/fit360.ee\/en\/wp-json\/wp\/v2\/product"}],"about":[{"href":"https:\/\/fit360.ee\/en\/wp-json\/wp\/v2\/types\/product"}],"replies":[{"embeddable":true,"href":"https:\/\/fit360.ee\/en\/wp-json\/wp\/v2\/comments?post=18167"}],"wp:featuredmedia":[{"embeddable":true,"href":"https:\/\/fit360.ee\/en\/wp-json\/wp\/v2\/media\/18166"}],"wp:attachment":[{"href":"https:\/\/fit360.ee\/en\/wp-json\/wp\/v2\/media?parent=18167"}],"wp:term":[{"taxonomy":"product_brand","embeddable":true,"href":"https:\/\/fit360.ee\/en\/wp-json\/wp\/v2\/product_brand?post=18167"},{"taxonomy":"product_cat","embeddable":true,"href":"https:\/\/fit360.ee\/en\/wp-json\/wp\/v2\/product_cat?post=18167"},{"taxonomy":"product_tag","embeddable":true,"href":"https:\/\/fit360.ee\/en\/wp-json\/wp\/v2\/product_tag?post=18167"},{"taxonomy":"giftcard-category","embeddable":true,"href":"https:\/\/fit360.ee\/en\/wp-json\/wp\/v2\/giftcard-category?post=18167"}],"curies":[{"name":"wp","href":"https:\/\/api.w.org\/{rel}","templated":true}]}}