{"id":18399,"date":"2018-11-19T19:39:48","date_gmt":"2018-11-19T17:39:48","guid":{"rendered":"https:\/\/fit360.ee\/pood\/uncategorized\/potassium-kaalium-90tab\/"},"modified":"2025-12-29T14:06:39","modified_gmt":"2025-12-29T12:06:39","slug":"potassium-kaalium-90tab","status":"publish","type":"product","link":"https:\/\/fit360.ee\/en\/pood\/product-groups\/vitamins-and-minerals-en\/potassium-en\/potassium-kaalium-90tab\/","title":{"rendered":"Potassium &#8211; Kaalium (90tab)"},"content":{"rendered":"<h1>POTASSIUM &#8211; KAALIUM<\/h1>\n<p>Kaalium on peamine rakusisene katioon, mis osaleb lihaste, s\u00fcdame, neerude ja keskn\u00e4rvis\u00fcsteemi ainevahetuses, m\u00e4\u00e4rab sile- ja v\u00f6\u00f6tlihaste toonuse, toimib neuromuskulaarses erutusjuhtes.<\/p>\n<p>V\u00e4hene kaaliumi tarbimine v\u00f5ib kutsuda esile naatriumi peetuse ja verer\u00f5hu t\u00f5usu. Kaaliumivaegus v\u00f5ib tekkida oksendamise ja kestva k\u00f5hulahtisuse korral, juhul kui inimene higistab rohkelt v\u00f5i kasutab diureetikume. \u00dclem\u00e4\u00e4rase kohvi, suhkru, alkoholi v\u00f5i naatriumi tarbimisel ja ka madala veresuhkru taseme korral on v\u00f5imalik, et uriiniga v\u00e4ljutatakse suurenenud hulk kaaliumi. Peamiste kaaliumi defitsiidi s\u00fcmptomite alla kuuluvad s\u00fcdamet\u00f6\u00f6 h\u00e4ired ning lihasn\u00f5rkus. T\u00f5sist kaaliumi defitsiiti esineb harva. See v\u00f5ib esineda haigetel, keda toidetakse sondiga, aga ka toitumish\u00e4irete puhul (anoreksia, buliimia), alkohoolikutel.<\/p>\n<p><strong>Koostisosad<\/strong>: kaaliumtsitraat, t\u00e4iteaine &#8211; mikrokristalliline tselluloos, paakumisvastane aine steariinhappe magneesiumisoolad, r\u00e4nidioksiid.<\/p>\n<p><strong>Kasutamine<\/strong>: V\u00f5ta 1 tablett &#8211; 2 korda p\u00e4evas.<\/p>\n<p><strong>Suurus<\/strong>: 90 tabletti &#8211; 45 serveeringut<\/p>\n<p><strong>Hoiusta<\/strong> kuivas ja jahedas kohas, eemal otsesest p\u00e4evavalgusest.<\/p>\n<table>\n<tbody>\n<tr>\n<td width=\"123\"><strong>Anal\u00fc\u00fcs<\/strong><\/td>\n<td width=\"123\"><strong>1 tablett<\/strong><\/td>\n<td width=\"123\"><strong>%SPK<\/strong><\/td>\n<td width=\"123\"><strong>2 tabletti<\/strong><\/td>\n<td width=\"123\"><strong>%SPK<\/strong><\/td>\n<\/tr>\n<tr>\n<td width=\"123\">Kaaliumtsitraat<\/td>\n<td width=\"123\">1000mg<\/td>\n<td width=\"123\">*<\/td>\n<td width=\"123\">2000mg<\/td>\n<td width=\"123\">*<\/td>\n<\/tr>\n<tr>\n<td width=\"123\"><em>millest<\/em> kaalium<\/td>\n<td width=\"123\">360mg<\/td>\n<td width=\"123\">18%<\/td>\n<td width=\"123\">720mg<\/td>\n<td width=\"123\">36%<\/td>\n<\/tr>\n<\/tbody>\n<\/table>\n<p>Soovid kaupa osta suuremas koguses? Vaata antud toodet ka meie HULGI poest\u00a0<a href=\"https:\/\/toidulisandidhulgi.ee\/product\/potassium-kaalium-90tab\/\"><strong>SIIT<\/strong><\/a>!<\/p>\n","protected":false},"excerpt":{"rendered":"<h2><strong>Kaalium:<\/strong><\/h2>\n<ul>\n<li>Aitab s\u00e4ilitada neuromuskulaarse s\u00fcsteemi korrektset toimimist<\/li>\n<li>Aitab verer\u00f5hku hoida tasakaalus<\/li>\n<\/ul>\n<h3><span style=\"font-size: 75%;\"><strong>Kaaliumi on vaja:<\/strong><\/span><\/h3>\n<ul>\n<li>n\u00e4rviimpulsside edasikandumiseks,<\/li>\n<li>happe-alustasakaalu tagamiseks veres,<\/li>\n<li>s\u00fcsivesikute normaalseks ainevahetuseks,<\/li>\n<li>lihaskontraktsioonide tagamiseks.<\/li>\n<\/ul>\n<p>&nbsp;<\/p>\n","protected":false},"featured_media":85264,"comment_status":"open","ping_status":"closed","template":"","meta":[],"product_brand":[],"product_cat":[507,2271,515,536],"product_tag":[2185,2186,1803],"giftcard-category":[],"class_list":{"0":"post-18399","1":"product","2":"type-product","3":"status-publish","4":"has-post-thumbnail","6":"product_cat-supplements-brands-en","7":"product_cat-potassium-en","8":"product_cat-real-pharm","9":"product_cat-vitamins-and-minerals-en","10":"product_tag-kaalium-en","11":"product_tag-potassium-en","12":"product_tag-real-pharm-en","13":"pa_toidulisand-branddd-real-pharm","14":"pa_tootegruppp-kaalium-en","15":"pa_tootegruppp-vitamins-and-minerals","17":"first","18":"outofstock","19":"sale","20":"taxable","21":"shipping-taxable","22":"purchasable","23":"product-type-simple"},"yoast_head":"<!-- This site is optimized with the Yoast SEO plugin v27.3 - https:\/\/yoast.com\/product\/yoast-seo-wordpress\/ -->\n<title>Kaalium (90tab)- Potassium - Kaaliumi tabletid - Kiire tarne - Fit360<\/title>\n<meta name=\"description\" content=\"Kaalium aitab s\u00e4ilitada neuromuskulaarse s\u00fcsteemi korrektset toimimist. Lisaks hoiab see ka verer\u00f5hku tasakaalus. 7,90\u20ac\/90 tabletti\" \/>\n<meta name=\"robots\" content=\"index, follow, max-snippet:-1, max-image-preview:large, max-video-preview:-1\" \/>\n<link rel=\"canonical\" href=\"https:\/\/fit360.ee\/en\/pood\/product-groups\/vitamins-and-minerals-en\/potassium-en\/potassium-kaalium-90tab\/\" \/>\n<meta property=\"og:locale\" content=\"en_US\" \/>\n<meta property=\"og:type\" content=\"article\" \/>\n<meta property=\"og:title\" content=\"Kaalium (90tab)- Potassium - Kaaliumi tabletid - Kiire tarne - Fit360\" \/>\n<meta property=\"og:description\" content=\"Kaalium aitab s\u00e4ilitada neuromuskulaarse s\u00fcsteemi korrektset toimimist. Lisaks hoiab see ka verer\u00f5hku tasakaalus. 7,90\u20ac\/90 tabletti\" \/>\n<meta property=\"og:url\" content=\"https:\/\/fit360.ee\/en\/pood\/product-groups\/vitamins-and-minerals-en\/potassium-en\/potassium-kaalium-90tab\/\" \/>\n<meta property=\"og:site_name\" content=\"Fit360\" \/>\n<meta property=\"article:modified_time\" content=\"2025-12-29T12:06:39+00:00\" \/>\n<meta property=\"og:image\" content=\"https:\/\/fit360.ee\/wp-content\/uploads\/2018\/11\/kaalium-potassium-kaaliumtsitraat-fit360.ee_.jpg\" \/>\n\t<meta property=\"og:image:width\" content=\"600\" \/>\n\t<meta property=\"og:image:height\" content=\"600\" \/>\n\t<meta property=\"og:image:type\" content=\"image\/jpeg\" \/>\n<meta name=\"twitter:card\" content=\"summary_large_image\" \/>\n<meta name=\"twitter:label1\" content=\"Est. reading time\" \/>\n\t<meta name=\"twitter:data1\" content=\"1 minute\" \/>\n<script type=\"application\/ld+json\" class=\"yoast-schema-graph\">{\"@context\":\"https:\\\/\\\/schema.org\",\"@graph\":[{\"@type\":\"WebPage\",\"@id\":\"https:\\\/\\\/fit360.ee\\\/en\\\/pood\\\/product-groups\\\/vitamins-and-minerals-en\\\/potassium-en\\\/potassium-kaalium-90tab\\\/\",\"url\":\"https:\\\/\\\/fit360.ee\\\/en\\\/pood\\\/product-groups\\\/vitamins-and-minerals-en\\\/potassium-en\\\/potassium-kaalium-90tab\\\/\",\"name\":\"Kaalium (90tab)- Potassium - Kaaliumi tabletid - Kiire tarne - Fit360\",\"isPartOf\":{\"@id\":\"https:\\\/\\\/fit360.ee\\\/en\\\/#website\"},\"primaryImageOfPage\":{\"@id\":\"https:\\\/\\\/fit360.ee\\\/en\\\/pood\\\/product-groups\\\/vitamins-and-minerals-en\\\/potassium-en\\\/potassium-kaalium-90tab\\\/#primaryimage\"},\"image\":{\"@id\":\"https:\\\/\\\/fit360.ee\\\/en\\\/pood\\\/product-groups\\\/vitamins-and-minerals-en\\\/potassium-en\\\/potassium-kaalium-90tab\\\/#primaryimage\"},\"thumbnailUrl\":\"https:\\\/\\\/fit360.ee\\\/wp-content\\\/uploads\\\/2018\\\/11\\\/kaalium-potassium-kaaliumtsitraat-fit360.ee_.jpg\",\"datePublished\":\"2018-11-19T17:39:48+00:00\",\"dateModified\":\"2025-12-29T12:06:39+00:00\",\"description\":\"Kaalium aitab s\u00e4ilitada neuromuskulaarse s\u00fcsteemi korrektset toimimist. Lisaks hoiab see ka verer\u00f5hku tasakaalus. 7,90\u20ac\\\/90 tabletti\",\"breadcrumb\":{\"@id\":\"https:\\\/\\\/fit360.ee\\\/en\\\/pood\\\/product-groups\\\/vitamins-and-minerals-en\\\/potassium-en\\\/potassium-kaalium-90tab\\\/#breadcrumb\"},\"inLanguage\":\"en-US\",\"potentialAction\":[{\"@type\":\"ReadAction\",\"target\":[\"https:\\\/\\\/fit360.ee\\\/en\\\/pood\\\/product-groups\\\/vitamins-and-minerals-en\\\/potassium-en\\\/potassium-kaalium-90tab\\\/\"]}]},{\"@type\":\"ImageObject\",\"inLanguage\":\"en-US\",\"@id\":\"https:\\\/\\\/fit360.ee\\\/en\\\/pood\\\/product-groups\\\/vitamins-and-minerals-en\\\/potassium-en\\\/potassium-kaalium-90tab\\\/#primaryimage\",\"url\":\"https:\\\/\\\/fit360.ee\\\/wp-content\\\/uploads\\\/2018\\\/11\\\/kaalium-potassium-kaaliumtsitraat-fit360.ee_.jpg\",\"contentUrl\":\"https:\\\/\\\/fit360.ee\\\/wp-content\\\/uploads\\\/2018\\\/11\\\/kaalium-potassium-kaaliumtsitraat-fit360.ee_.jpg\",\"width\":600,\"height\":600,\"caption\":\"kaalium potassium kaaliumtsitraat - fit360.ee\"},{\"@type\":\"BreadcrumbList\",\"@id\":\"https:\\\/\\\/fit360.ee\\\/en\\\/pood\\\/product-groups\\\/vitamins-and-minerals-en\\\/potassium-en\\\/potassium-kaalium-90tab\\\/#breadcrumb\",\"itemListElement\":[{\"@type\":\"ListItem\",\"position\":1,\"name\":\"Home\",\"item\":\"https:\\\/\\\/fit360.ee\\\/en\\\/\"},{\"@type\":\"ListItem\",\"position\":2,\"name\":\"Shop\",\"item\":\"https:\\\/\\\/fit360.ee\\\/en\\\/shop\\\/\"},{\"@type\":\"ListItem\",\"position\":3,\"name\":\"Potassium &#8211; Kaalium (90tab)\"}]},{\"@type\":\"WebSite\",\"@id\":\"https:\\\/\\\/fit360.ee\\\/en\\\/#website\",\"url\":\"https:\\\/\\\/fit360.ee\\\/en\\\/\",\"name\":\"Fit360\",\"description\":\"\",\"publisher\":{\"@id\":\"https:\\\/\\\/fit360.ee\\\/en\\\/#organization\"},\"potentialAction\":[{\"@type\":\"SearchAction\",\"target\":{\"@type\":\"EntryPoint\",\"urlTemplate\":\"https:\\\/\\\/fit360.ee\\\/en\\\/?s={search_term_string}\"},\"query-input\":{\"@type\":\"PropertyValueSpecification\",\"valueRequired\":true,\"valueName\":\"search_term_string\"}}],\"inLanguage\":\"en-US\"},{\"@type\":\"Organization\",\"@id\":\"https:\\\/\\\/fit360.ee\\\/en\\\/#organization\",\"name\":\"Fit360\",\"url\":\"https:\\\/\\\/fit360.ee\\\/en\\\/\",\"logo\":{\"@type\":\"ImageObject\",\"inLanguage\":\"en-US\",\"@id\":\"https:\\\/\\\/fit360.ee\\\/en\\\/#\\\/schema\\\/logo\\\/image\\\/\",\"url\":\"https:\\\/\\\/fit360.ee\\\/wp-content\\\/uploads\\\/2017\\\/01\\\/logo-fit360.png\",\"contentUrl\":\"https:\\\/\\\/fit360.ee\\\/wp-content\\\/uploads\\\/2017\\\/01\\\/logo-fit360.png\",\"width\":180,\"height\":66,\"caption\":\"Fit360\"},\"image\":{\"@id\":\"https:\\\/\\\/fit360.ee\\\/en\\\/#\\\/schema\\\/logo\\\/image\\\/\"}}]}<\/script>\n<!-- \/ Yoast SEO plugin. -->","yoast_head_json":{"title":"Kaalium (90tab)- Potassium - Kaaliumi tabletid - Kiire tarne - Fit360","description":"Kaalium aitab s\u00e4ilitada neuromuskulaarse s\u00fcsteemi korrektset toimimist. Lisaks hoiab see ka verer\u00f5hku tasakaalus. 7,90\u20ac\/90 tabletti","robots":{"index":"index","follow":"follow","max-snippet":"max-snippet:-1","max-image-preview":"max-image-preview:large","max-video-preview":"max-video-preview:-1"},"canonical":"https:\/\/fit360.ee\/en\/pood\/product-groups\/vitamins-and-minerals-en\/potassium-en\/potassium-kaalium-90tab\/","og_locale":"en_US","og_type":"article","og_title":"Kaalium (90tab)- Potassium - Kaaliumi tabletid - Kiire tarne - Fit360","og_description":"Kaalium aitab s\u00e4ilitada neuromuskulaarse s\u00fcsteemi korrektset toimimist. Lisaks hoiab see ka verer\u00f5hku tasakaalus. 7,90\u20ac\/90 tabletti","og_url":"https:\/\/fit360.ee\/en\/pood\/product-groups\/vitamins-and-minerals-en\/potassium-en\/potassium-kaalium-90tab\/","og_site_name":"Fit360","article_modified_time":"2025-12-29T12:06:39+00:00","og_image":[{"width":600,"height":600,"url":"https:\/\/fit360.ee\/wp-content\/uploads\/2018\/11\/kaalium-potassium-kaaliumtsitraat-fit360.ee_.jpg","type":"image\/jpeg"}],"twitter_card":"summary_large_image","twitter_misc":{"Est. reading time":"1 minute"},"schema":{"@context":"https:\/\/schema.org","@graph":[{"@type":"WebPage","@id":"https:\/\/fit360.ee\/en\/pood\/product-groups\/vitamins-and-minerals-en\/potassium-en\/potassium-kaalium-90tab\/","url":"https:\/\/fit360.ee\/en\/pood\/product-groups\/vitamins-and-minerals-en\/potassium-en\/potassium-kaalium-90tab\/","name":"Kaalium (90tab)- Potassium - Kaaliumi tabletid - Kiire tarne - Fit360","isPartOf":{"@id":"https:\/\/fit360.ee\/en\/#website"},"primaryImageOfPage":{"@id":"https:\/\/fit360.ee\/en\/pood\/product-groups\/vitamins-and-minerals-en\/potassium-en\/potassium-kaalium-90tab\/#primaryimage"},"image":{"@id":"https:\/\/fit360.ee\/en\/pood\/product-groups\/vitamins-and-minerals-en\/potassium-en\/potassium-kaalium-90tab\/#primaryimage"},"thumbnailUrl":"https:\/\/fit360.ee\/wp-content\/uploads\/2018\/11\/kaalium-potassium-kaaliumtsitraat-fit360.ee_.jpg","datePublished":"2018-11-19T17:39:48+00:00","dateModified":"2025-12-29T12:06:39+00:00","description":"Kaalium aitab s\u00e4ilitada neuromuskulaarse s\u00fcsteemi korrektset toimimist. Lisaks hoiab see ka verer\u00f5hku tasakaalus. 7,90\u20ac\/90 tabletti","breadcrumb":{"@id":"https:\/\/fit360.ee\/en\/pood\/product-groups\/vitamins-and-minerals-en\/potassium-en\/potassium-kaalium-90tab\/#breadcrumb"},"inLanguage":"en-US","potentialAction":[{"@type":"ReadAction","target":["https:\/\/fit360.ee\/en\/pood\/product-groups\/vitamins-and-minerals-en\/potassium-en\/potassium-kaalium-90tab\/"]}]},{"@type":"ImageObject","inLanguage":"en-US","@id":"https:\/\/fit360.ee\/en\/pood\/product-groups\/vitamins-and-minerals-en\/potassium-en\/potassium-kaalium-90tab\/#primaryimage","url":"https:\/\/fit360.ee\/wp-content\/uploads\/2018\/11\/kaalium-potassium-kaaliumtsitraat-fit360.ee_.jpg","contentUrl":"https:\/\/fit360.ee\/wp-content\/uploads\/2018\/11\/kaalium-potassium-kaaliumtsitraat-fit360.ee_.jpg","width":600,"height":600,"caption":"kaalium potassium kaaliumtsitraat - fit360.ee"},{"@type":"BreadcrumbList","@id":"https:\/\/fit360.ee\/en\/pood\/product-groups\/vitamins-and-minerals-en\/potassium-en\/potassium-kaalium-90tab\/#breadcrumb","itemListElement":[{"@type":"ListItem","position":1,"name":"Home","item":"https:\/\/fit360.ee\/en\/"},{"@type":"ListItem","position":2,"name":"Shop","item":"https:\/\/fit360.ee\/en\/shop\/"},{"@type":"ListItem","position":3,"name":"Potassium &#8211; Kaalium (90tab)"}]},{"@type":"WebSite","@id":"https:\/\/fit360.ee\/en\/#website","url":"https:\/\/fit360.ee\/en\/","name":"Fit360","description":"","publisher":{"@id":"https:\/\/fit360.ee\/en\/#organization"},"potentialAction":[{"@type":"SearchAction","target":{"@type":"EntryPoint","urlTemplate":"https:\/\/fit360.ee\/en\/?s={search_term_string}"},"query-input":{"@type":"PropertyValueSpecification","valueRequired":true,"valueName":"search_term_string"}}],"inLanguage":"en-US"},{"@type":"Organization","@id":"https:\/\/fit360.ee\/en\/#organization","name":"Fit360","url":"https:\/\/fit360.ee\/en\/","logo":{"@type":"ImageObject","inLanguage":"en-US","@id":"https:\/\/fit360.ee\/en\/#\/schema\/logo\/image\/","url":"https:\/\/fit360.ee\/wp-content\/uploads\/2017\/01\/logo-fit360.png","contentUrl":"https:\/\/fit360.ee\/wp-content\/uploads\/2017\/01\/logo-fit360.png","width":180,"height":66,"caption":"Fit360"},"image":{"@id":"https:\/\/fit360.ee\/en\/#\/schema\/logo\/image\/"}}]}},"_links":{"self":[{"href":"https:\/\/fit360.ee\/en\/wp-json\/wp\/v2\/product\/18399","targetHints":{"allow":["GET"]}}],"collection":[{"href":"https:\/\/fit360.ee\/en\/wp-json\/wp\/v2\/product"}],"about":[{"href":"https:\/\/fit360.ee\/en\/wp-json\/wp\/v2\/types\/product"}],"replies":[{"embeddable":true,"href":"https:\/\/fit360.ee\/en\/wp-json\/wp\/v2\/comments?post=18399"}],"wp:featuredmedia":[{"embeddable":true,"href":"https:\/\/fit360.ee\/en\/wp-json\/wp\/v2\/media\/85264"}],"wp:attachment":[{"href":"https:\/\/fit360.ee\/en\/wp-json\/wp\/v2\/media?parent=18399"}],"wp:term":[{"taxonomy":"product_brand","embeddable":true,"href":"https:\/\/fit360.ee\/en\/wp-json\/wp\/v2\/product_brand?post=18399"},{"taxonomy":"product_cat","embeddable":true,"href":"https:\/\/fit360.ee\/en\/wp-json\/wp\/v2\/product_cat?post=18399"},{"taxonomy":"product_tag","embeddable":true,"href":"https:\/\/fit360.ee\/en\/wp-json\/wp\/v2\/product_tag?post=18399"},{"taxonomy":"giftcard-category","embeddable":true,"href":"https:\/\/fit360.ee\/en\/wp-json\/wp\/v2\/giftcard-category?post=18399"}],"curies":[{"name":"wp","href":"https:\/\/api.w.org\/{rel}","templated":true}]}}