{"id":18558,"date":"2018-12-02T15:07:03","date_gmt":"2018-12-02T13:07:03","guid":{"rendered":"https:\/\/fit360.ee\/pood\/uncategorized\/qnt-energel-25x55ml\/"},"modified":"2025-08-13T07:38:40","modified_gmt":"2025-08-13T05:38:40","slug":"qnt-energel-25x55ml","status":"publish","type":"product","link":"https:\/\/fit360.ee\/en\/pood\/product-groups\/energy-carbohydrates\/energy-gels-en\/qnt-energel-25x55ml\/","title":{"rendered":"QNT Energel (25x55ml)"},"content":{"rendered":"<p><strong>Koostisosad: <\/strong>Gl\u00fckoosisiirup, vesi, isomaltuloos (Palatinoos), fruktoos, happelised ained (sidrunhape, \u00f5unhape), l\u00f5hna- ja maitseaine, paksendaja (ksantaankummi), guarana, s\u00e4ilitusaine (kaaliumsorbaat), sool, kofeiin. K\u00f5rge kofeiini sisaldus, 55 mg 100 ml kohta. Ei soovitata lastele ega rasedatele ega rinnaga toitvatele naistele.<\/p>\n<p><strong>Kasutamine: <\/strong>v\u00f5ta enne treeningut v\u00f5i treeningu ajal<\/p>\n<p><strong>Suurus<\/strong>: 25x55ml<\/p>\n<table>\n<tbody>\n<tr>\n<td width=\"205\"><strong>Toiteained<\/strong><\/td>\n<td width=\"205\"><strong>55ml<\/strong><\/td>\n<td width=\"205\"><strong>100ml<\/strong><\/td>\n<\/tr>\n<tr>\n<td width=\"205\">Energia<\/td>\n<td width=\"205\">140 kcal<\/td>\n<td width=\"205\">255 kcal<\/td>\n<\/tr>\n<tr>\n<td width=\"205\">Rasvad<\/td>\n<td width=\"205\">0g<\/td>\n<td width=\"205\">0g<\/td>\n<\/tr>\n<tr>\n<td width=\"205\">Millest k\u00fcllastunud<\/td>\n<td width=\"205\">0g<\/td>\n<td width=\"205\">0g<\/td>\n<\/tr>\n<tr>\n<td width=\"205\">S\u00fcsivesikud<\/td>\n<td width=\"205\">35g<\/td>\n<td width=\"205\">64g<\/td>\n<\/tr>\n<tr>\n<td width=\"205\">Millest suhkrud<\/td>\n<td width=\"205\">25g<\/td>\n<td width=\"205\">45g<\/td>\n<\/tr>\n<tr>\n<td width=\"205\">Valgud<\/td>\n<td width=\"205\">0g<\/td>\n<td width=\"205\">0g<\/td>\n<\/tr>\n<tr>\n<td width=\"205\">Soolad<\/td>\n<td width=\"205\">0,024g<\/td>\n<td width=\"205\">0,044g<\/td>\n<\/tr>\n<tr>\n<td width=\"205\">Guaraana<\/td>\n<td width=\"205\">50mg<\/td>\n<td width=\"205\">91mg<\/td>\n<\/tr>\n<tr>\n<td width=\"205\">Kofeiin<\/td>\n<td width=\"205\">30mg<\/td>\n<td width=\"205\">55mg<\/td>\n<\/tr>\n<\/tbody>\n<\/table>\n","protected":false},"excerpt":{"rendered":"<p><strong>Energel:<\/strong><\/p>\n<ul>\n<li>Sobib vastupidavusalade sportlastele<\/li>\n<li>Sobib j\u00f5ualade sportlastele<\/li>\n<li>K\u00f5rge energia sisaldusega<\/li>\n<li>Kiire ja kauakestev energia<\/li>\n<li>Lisaks s\u00fcsivesikutele ka <strong>kofeiini<\/strong> ja <strong>guaraanat\u00a0<\/strong><\/li>\n<\/ul>\n<p><strong>Energel<\/strong> on uut t\u00fc\u00fcpi energiashot, milles sisaldub unikaalne kooslus s\u00fcsivesikuid (35g shoti kohta), mis imenduvad nii aeglaselt kui kiiresti (gl\u00fckoosid, isomaltuloosid ja fruktoosid), andes sulle suurep\u00e4rase energialaengu! Lisatud on ka kofeiin ja guaraana suurendamaks kasutegurit ja andes optimaalse ja pikaajalise efekti. Anna oma treeningule t\u00f5uge <strong>Energeliga<\/strong> suurendamaks energiataset, mis aitab sul minna kaugemale ja kesta kauem.<\/p>\n<p><strong>Kiire ja kauakestev energia<\/strong><\/p>\n<p>Energeli segu kiirest ja aeglaselt imenduvast suhkrutest v\u00f5imaldab sul luua energiataset koheseks efektiks, samal ajal andes energiat ka pikemaks ajaks (hea pikemate treeningsessioonide jaoks).<\/p>\n<p><strong>Kofeiin ja guarana<\/strong><\/p>\n<p>Kui arvad, et oled \u00e4ra kasutanud k\u00f5ik energiavarud, siis tulevad m\u00e4ngu Energeli kauakestvad boonused. T\u00e4nu selle koostisele, kus on ka kofeiin (30mg shoti kohta) ja guarana (50mg shoti kohta) p\u00fcsib su energiatase kauem kui arvad!<\/p>\n<p><strong>Tarbi siis, kui soovid!<\/strong><\/p>\n<p>Energel on ideaalne energiaallikas t\u00e4nu selle praktilisele pakendile, mis sobib h\u00e4sti nii kotti v\u00f5i taskusse. V\u00f5ta Energeli siis, kui vajad ja sa ei jookse kunagi energiast t\u00fchjaks! Saadaval kahes maitses: metsamarja ja sidruni.<\/p>\n<p><strong>OSTA KARBIGA JA S\u00c4\u00c4STA!<\/strong><\/p>\n","protected":false},"featured_media":18547,"comment_status":"open","ping_status":"closed","template":"","meta":[],"product_brand":[],"product_cat":[1072,2456,522,533,1274,536],"product_tag":[],"giftcard-category":[],"class_list":{"0":"post-18558","1":"product","2":"type-product","3":"status-publish","4":"has-post-thumbnail","6":"product_cat-drinks-and-protein-bars-in-bulk","7":"product_cat-energy-gels-en","8":"product_cat-energy-carbohydrates","9":"product_cat-pre-workout-en","10":"product_cat-qnt-en","11":"product_cat-vitamins-and-minerals-en","12":"pa_maitse-forest-fruit","13":"pa_maitse-lemon-lime-en","15":"first","16":"outofstock","17":"sale","18":"taxable","19":"shipping-taxable","20":"purchasable","21":"product-type-variable"},"yoast_head":"<!-- This site is optimized with the Yoast SEO plugin v27.3 - https:\/\/yoast.com\/product\/yoast-seo-wordpress\/ -->\n<title>QNT Energel (25x55ml) - Fit360<\/title>\n<meta name=\"robots\" content=\"index, follow, max-snippet:-1, max-image-preview:large, max-video-preview:-1\" \/>\n<link rel=\"canonical\" href=\"https:\/\/fit360.ee\/en\/pood\/product-groups\/energy-carbohydrates\/energy-gels-en\/qnt-energel-25x55ml\/\" \/>\n<meta property=\"og:locale\" content=\"en_US\" \/>\n<meta property=\"og:type\" content=\"article\" \/>\n<meta property=\"og:title\" content=\"QNT Energel (25x55ml) - Fit360\" \/>\n<meta property=\"og:description\" content=\"Energel:   Sobib vastupidavusalade sportlastele  Sobib j\u00f5ualade sportlastele  K\u00f5rge energia sisaldusega  Kiire ja kauakestev energia  Lisaks s\u00fcsivesikutele ka kofeiini ja guaraanat\u00a0  Energel on uut t\u00fc\u00fcpi energiashot, milles sisaldub unikaalne kooslus s\u00fcsivesikuid (35g shoti kohta), mis imenduvad nii aeglaselt kui kiiresti (gl\u00fckoosid, isomaltuloosid ja fruktoosid), andes sulle suurep\u00e4rase energialaengu! Lisatud on ka kofeiin ja guaraana suurendamaks kasutegurit ja andes optimaalse ja pikaajalise efekti. Anna oma treeningule t\u00f5uge Energeliga suurendamaks energiataset, mis aitab sul minna kaugemale ja kesta kauem.  Kiire ja kauakestev energia  Energeli segu kiirest ja aeglaselt imenduvast suhkrutest v\u00f5imaldab sul luua energiataset koheseks efektiks, samal ajal andes energiat ka pikemaks ajaks (hea pikemate treeningsessioonide jaoks).  Kofeiin ja guarana  Kui arvad, et oled \u00e4ra kasutanud k\u00f5ik energiavarud, siis tulevad m\u00e4ngu Energeli kauakestvad boonused. T\u00e4nu selle koostisele, kus on ka kofeiin (30mg shoti kohta) ja guarana (50mg shoti kohta) p\u00fcsib su energiatase kauem kui arvad!  Tarbi siis, kui soovid!  Energel on ideaalne energiaallikas t\u00e4nu selle praktilisele pakendile, mis sobib h\u00e4sti nii kotti v\u00f5i taskusse. V\u00f5ta Energeli siis, kui vajad ja sa ei jookse kunagi energiast t\u00fchjaks! Saadaval kahes maitses: metsamarja ja sidruni.  OSTA KARBIGA JA S\u00c4\u00c4STA!\" \/>\n<meta property=\"og:url\" content=\"https:\/\/fit360.ee\/en\/pood\/product-groups\/energy-carbohydrates\/energy-gels-en\/qnt-energel-25x55ml\/\" \/>\n<meta property=\"og:site_name\" content=\"Fit360\" \/>\n<meta property=\"article:modified_time\" content=\"2025-08-13T05:38:40+00:00\" \/>\n<meta property=\"og:image\" content=\"https:\/\/fit360.ee\/wp-content\/uploads\/2018\/12\/energel.jpg\" \/>\n\t<meta property=\"og:image:width\" content=\"600\" \/>\n\t<meta property=\"og:image:height\" content=\"600\" \/>\n\t<meta property=\"og:image:type\" content=\"image\/jpeg\" \/>\n<meta name=\"twitter:card\" content=\"summary_large_image\" \/>\n<meta name=\"twitter:label1\" content=\"Est. reading time\" \/>\n\t<meta name=\"twitter:data1\" content=\"1 minute\" \/>\n<script type=\"application\/ld+json\" class=\"yoast-schema-graph\">{\"@context\":\"https:\\\/\\\/schema.org\",\"@graph\":[{\"@type\":\"WebPage\",\"@id\":\"https:\\\/\\\/fit360.ee\\\/en\\\/pood\\\/product-groups\\\/energy-carbohydrates\\\/energy-gels-en\\\/qnt-energel-25x55ml\\\/\",\"url\":\"https:\\\/\\\/fit360.ee\\\/en\\\/pood\\\/product-groups\\\/energy-carbohydrates\\\/energy-gels-en\\\/qnt-energel-25x55ml\\\/\",\"name\":\"QNT Energel (25x55ml) - Fit360\",\"isPartOf\":{\"@id\":\"https:\\\/\\\/fit360.ee\\\/en\\\/#website\"},\"primaryImageOfPage\":{\"@id\":\"https:\\\/\\\/fit360.ee\\\/en\\\/pood\\\/product-groups\\\/energy-carbohydrates\\\/energy-gels-en\\\/qnt-energel-25x55ml\\\/#primaryimage\"},\"image\":{\"@id\":\"https:\\\/\\\/fit360.ee\\\/en\\\/pood\\\/product-groups\\\/energy-carbohydrates\\\/energy-gels-en\\\/qnt-energel-25x55ml\\\/#primaryimage\"},\"thumbnailUrl\":\"https:\\\/\\\/fit360.ee\\\/wp-content\\\/uploads\\\/2018\\\/12\\\/energel.jpg\",\"datePublished\":\"2018-12-02T13:07:03+00:00\",\"dateModified\":\"2025-08-13T05:38:40+00:00\",\"breadcrumb\":{\"@id\":\"https:\\\/\\\/fit360.ee\\\/en\\\/pood\\\/product-groups\\\/energy-carbohydrates\\\/energy-gels-en\\\/qnt-energel-25x55ml\\\/#breadcrumb\"},\"inLanguage\":\"en-US\",\"potentialAction\":[{\"@type\":\"ReadAction\",\"target\":[\"https:\\\/\\\/fit360.ee\\\/en\\\/pood\\\/product-groups\\\/energy-carbohydrates\\\/energy-gels-en\\\/qnt-energel-25x55ml\\\/\"]}]},{\"@type\":\"ImageObject\",\"inLanguage\":\"en-US\",\"@id\":\"https:\\\/\\\/fit360.ee\\\/en\\\/pood\\\/product-groups\\\/energy-carbohydrates\\\/energy-gels-en\\\/qnt-energel-25x55ml\\\/#primaryimage\",\"url\":\"https:\\\/\\\/fit360.ee\\\/wp-content\\\/uploads\\\/2018\\\/12\\\/energel.jpg\",\"contentUrl\":\"https:\\\/\\\/fit360.ee\\\/wp-content\\\/uploads\\\/2018\\\/12\\\/energel.jpg\",\"width\":600,\"height\":600},{\"@type\":\"BreadcrumbList\",\"@id\":\"https:\\\/\\\/fit360.ee\\\/en\\\/pood\\\/product-groups\\\/energy-carbohydrates\\\/energy-gels-en\\\/qnt-energel-25x55ml\\\/#breadcrumb\",\"itemListElement\":[{\"@type\":\"ListItem\",\"position\":1,\"name\":\"Home\",\"item\":\"https:\\\/\\\/fit360.ee\\\/en\\\/\"},{\"@type\":\"ListItem\",\"position\":2,\"name\":\"Shop\",\"item\":\"https:\\\/\\\/fit360.ee\\\/en\\\/shop\\\/\"},{\"@type\":\"ListItem\",\"position\":3,\"name\":\"QNT Energel (25x55ml)\"}]},{\"@type\":\"WebSite\",\"@id\":\"https:\\\/\\\/fit360.ee\\\/en\\\/#website\",\"url\":\"https:\\\/\\\/fit360.ee\\\/en\\\/\",\"name\":\"Fit360\",\"description\":\"\",\"publisher\":{\"@id\":\"https:\\\/\\\/fit360.ee\\\/en\\\/#organization\"},\"potentialAction\":[{\"@type\":\"SearchAction\",\"target\":{\"@type\":\"EntryPoint\",\"urlTemplate\":\"https:\\\/\\\/fit360.ee\\\/en\\\/?s={search_term_string}\"},\"query-input\":{\"@type\":\"PropertyValueSpecification\",\"valueRequired\":true,\"valueName\":\"search_term_string\"}}],\"inLanguage\":\"en-US\"},{\"@type\":\"Organization\",\"@id\":\"https:\\\/\\\/fit360.ee\\\/en\\\/#organization\",\"name\":\"Fit360\",\"url\":\"https:\\\/\\\/fit360.ee\\\/en\\\/\",\"logo\":{\"@type\":\"ImageObject\",\"inLanguage\":\"en-US\",\"@id\":\"https:\\\/\\\/fit360.ee\\\/en\\\/#\\\/schema\\\/logo\\\/image\\\/\",\"url\":\"https:\\\/\\\/fit360.ee\\\/wp-content\\\/uploads\\\/2017\\\/01\\\/logo-fit360.png\",\"contentUrl\":\"https:\\\/\\\/fit360.ee\\\/wp-content\\\/uploads\\\/2017\\\/01\\\/logo-fit360.png\",\"width\":180,\"height\":66,\"caption\":\"Fit360\"},\"image\":{\"@id\":\"https:\\\/\\\/fit360.ee\\\/en\\\/#\\\/schema\\\/logo\\\/image\\\/\"}}]}<\/script>\n<!-- \/ Yoast SEO plugin. -->","yoast_head_json":{"title":"QNT Energel (25x55ml) - Fit360","robots":{"index":"index","follow":"follow","max-snippet":"max-snippet:-1","max-image-preview":"max-image-preview:large","max-video-preview":"max-video-preview:-1"},"canonical":"https:\/\/fit360.ee\/en\/pood\/product-groups\/energy-carbohydrates\/energy-gels-en\/qnt-energel-25x55ml\/","og_locale":"en_US","og_type":"article","og_title":"QNT Energel (25x55ml) - Fit360","og_description":"Energel:   Sobib vastupidavusalade sportlastele  Sobib j\u00f5ualade sportlastele  K\u00f5rge energia sisaldusega  Kiire ja kauakestev energia  Lisaks s\u00fcsivesikutele ka kofeiini ja guaraanat\u00a0  Energel on uut t\u00fc\u00fcpi energiashot, milles sisaldub unikaalne kooslus s\u00fcsivesikuid (35g shoti kohta), mis imenduvad nii aeglaselt kui kiiresti (gl\u00fckoosid, isomaltuloosid ja fruktoosid), andes sulle suurep\u00e4rase energialaengu! Lisatud on ka kofeiin ja guaraana suurendamaks kasutegurit ja andes optimaalse ja pikaajalise efekti. Anna oma treeningule t\u00f5uge Energeliga suurendamaks energiataset, mis aitab sul minna kaugemale ja kesta kauem.  Kiire ja kauakestev energia  Energeli segu kiirest ja aeglaselt imenduvast suhkrutest v\u00f5imaldab sul luua energiataset koheseks efektiks, samal ajal andes energiat ka pikemaks ajaks (hea pikemate treeningsessioonide jaoks).  Kofeiin ja guarana  Kui arvad, et oled \u00e4ra kasutanud k\u00f5ik energiavarud, siis tulevad m\u00e4ngu Energeli kauakestvad boonused. T\u00e4nu selle koostisele, kus on ka kofeiin (30mg shoti kohta) ja guarana (50mg shoti kohta) p\u00fcsib su energiatase kauem kui arvad!  Tarbi siis, kui soovid!  Energel on ideaalne energiaallikas t\u00e4nu selle praktilisele pakendile, mis sobib h\u00e4sti nii kotti v\u00f5i taskusse. V\u00f5ta Energeli siis, kui vajad ja sa ei jookse kunagi energiast t\u00fchjaks! Saadaval kahes maitses: metsamarja ja sidruni.  OSTA KARBIGA JA S\u00c4\u00c4STA!","og_url":"https:\/\/fit360.ee\/en\/pood\/product-groups\/energy-carbohydrates\/energy-gels-en\/qnt-energel-25x55ml\/","og_site_name":"Fit360","article_modified_time":"2025-08-13T05:38:40+00:00","og_image":[{"width":600,"height":600,"url":"https:\/\/fit360.ee\/wp-content\/uploads\/2018\/12\/energel.jpg","type":"image\/jpeg"}],"twitter_card":"summary_large_image","twitter_misc":{"Est. reading time":"1 minute"},"schema":{"@context":"https:\/\/schema.org","@graph":[{"@type":"WebPage","@id":"https:\/\/fit360.ee\/en\/pood\/product-groups\/energy-carbohydrates\/energy-gels-en\/qnt-energel-25x55ml\/","url":"https:\/\/fit360.ee\/en\/pood\/product-groups\/energy-carbohydrates\/energy-gels-en\/qnt-energel-25x55ml\/","name":"QNT Energel (25x55ml) - Fit360","isPartOf":{"@id":"https:\/\/fit360.ee\/en\/#website"},"primaryImageOfPage":{"@id":"https:\/\/fit360.ee\/en\/pood\/product-groups\/energy-carbohydrates\/energy-gels-en\/qnt-energel-25x55ml\/#primaryimage"},"image":{"@id":"https:\/\/fit360.ee\/en\/pood\/product-groups\/energy-carbohydrates\/energy-gels-en\/qnt-energel-25x55ml\/#primaryimage"},"thumbnailUrl":"https:\/\/fit360.ee\/wp-content\/uploads\/2018\/12\/energel.jpg","datePublished":"2018-12-02T13:07:03+00:00","dateModified":"2025-08-13T05:38:40+00:00","breadcrumb":{"@id":"https:\/\/fit360.ee\/en\/pood\/product-groups\/energy-carbohydrates\/energy-gels-en\/qnt-energel-25x55ml\/#breadcrumb"},"inLanguage":"en-US","potentialAction":[{"@type":"ReadAction","target":["https:\/\/fit360.ee\/en\/pood\/product-groups\/energy-carbohydrates\/energy-gels-en\/qnt-energel-25x55ml\/"]}]},{"@type":"ImageObject","inLanguage":"en-US","@id":"https:\/\/fit360.ee\/en\/pood\/product-groups\/energy-carbohydrates\/energy-gels-en\/qnt-energel-25x55ml\/#primaryimage","url":"https:\/\/fit360.ee\/wp-content\/uploads\/2018\/12\/energel.jpg","contentUrl":"https:\/\/fit360.ee\/wp-content\/uploads\/2018\/12\/energel.jpg","width":600,"height":600},{"@type":"BreadcrumbList","@id":"https:\/\/fit360.ee\/en\/pood\/product-groups\/energy-carbohydrates\/energy-gels-en\/qnt-energel-25x55ml\/#breadcrumb","itemListElement":[{"@type":"ListItem","position":1,"name":"Home","item":"https:\/\/fit360.ee\/en\/"},{"@type":"ListItem","position":2,"name":"Shop","item":"https:\/\/fit360.ee\/en\/shop\/"},{"@type":"ListItem","position":3,"name":"QNT Energel (25x55ml)"}]},{"@type":"WebSite","@id":"https:\/\/fit360.ee\/en\/#website","url":"https:\/\/fit360.ee\/en\/","name":"Fit360","description":"","publisher":{"@id":"https:\/\/fit360.ee\/en\/#organization"},"potentialAction":[{"@type":"SearchAction","target":{"@type":"EntryPoint","urlTemplate":"https:\/\/fit360.ee\/en\/?s={search_term_string}"},"query-input":{"@type":"PropertyValueSpecification","valueRequired":true,"valueName":"search_term_string"}}],"inLanguage":"en-US"},{"@type":"Organization","@id":"https:\/\/fit360.ee\/en\/#organization","name":"Fit360","url":"https:\/\/fit360.ee\/en\/","logo":{"@type":"ImageObject","inLanguage":"en-US","@id":"https:\/\/fit360.ee\/en\/#\/schema\/logo\/image\/","url":"https:\/\/fit360.ee\/wp-content\/uploads\/2017\/01\/logo-fit360.png","contentUrl":"https:\/\/fit360.ee\/wp-content\/uploads\/2017\/01\/logo-fit360.png","width":180,"height":66,"caption":"Fit360"},"image":{"@id":"https:\/\/fit360.ee\/en\/#\/schema\/logo\/image\/"}}]}},"_links":{"self":[{"href":"https:\/\/fit360.ee\/en\/wp-json\/wp\/v2\/product\/18558","targetHints":{"allow":["GET"]}}],"collection":[{"href":"https:\/\/fit360.ee\/en\/wp-json\/wp\/v2\/product"}],"about":[{"href":"https:\/\/fit360.ee\/en\/wp-json\/wp\/v2\/types\/product"}],"replies":[{"embeddable":true,"href":"https:\/\/fit360.ee\/en\/wp-json\/wp\/v2\/comments?post=18558"}],"wp:featuredmedia":[{"embeddable":true,"href":"https:\/\/fit360.ee\/en\/wp-json\/wp\/v2\/media\/18547"}],"wp:attachment":[{"href":"https:\/\/fit360.ee\/en\/wp-json\/wp\/v2\/media?parent=18558"}],"wp:term":[{"taxonomy":"product_brand","embeddable":true,"href":"https:\/\/fit360.ee\/en\/wp-json\/wp\/v2\/product_brand?post=18558"},{"taxonomy":"product_cat","embeddable":true,"href":"https:\/\/fit360.ee\/en\/wp-json\/wp\/v2\/product_cat?post=18558"},{"taxonomy":"product_tag","embeddable":true,"href":"https:\/\/fit360.ee\/en\/wp-json\/wp\/v2\/product_tag?post=18558"},{"taxonomy":"giftcard-category","embeddable":true,"href":"https:\/\/fit360.ee\/en\/wp-json\/wp\/v2\/giftcard-category?post=18558"}],"curies":[{"name":"wp","href":"https:\/\/api.w.org\/{rel}","templated":true}]}}