{"id":18572,"date":"2018-12-02T15:50:25","date_gmt":"2018-12-02T13:50:25","guid":{"rendered":"https:\/\/fit360.ee\/pood\/uncategorized\/qnt-magnesium-b6-shot-12x80ml\/"},"modified":"2025-08-13T07:38:32","modified_gmt":"2025-08-13T05:38:32","slug":"qnt-magnesium-b6-shot-12x80ml","status":"publish","type":"product","link":"https:\/\/fit360.ee\/en\/pood\/product-groups\/vitamins-and-minerals-en\/magnesium-en\/qnt-magnesium-b6-shot-12x80ml\/","title":{"rendered":"QNT Magnesium +B6 shot (12x80ml)"},"content":{"rendered":"<p><strong>Koostisosad:<\/strong> vesi, magneesiumtsitraat, happesuse regulaatorid: E331, E332, happeline: E330, s\u00e4ilitusained: E211, E202, magusained: E955, E950, aroom, antioks\u00fcdant: E300, B6-vitamiin, v\u00e4rv: E160a.<\/p>\n<p><strong>Kasutamine<\/strong>: 80 ml p\u00e4evas<\/p>\n<p><strong>Suurus<\/strong>: 12x80ml<\/p>\n<p><strong>Maitse<\/strong>: Troopilise marja<\/p>\n<table>\n<tbody>\n<tr>\n<td width=\"205\"><strong>Toiteained<\/strong><\/td>\n<td width=\"205\"><strong>100ml<\/strong><\/td>\n<td width=\"205\"><strong>40ml<\/strong><\/td>\n<\/tr>\n<tr>\n<td width=\"205\">Energia<\/td>\n<td width=\"205\">16,25kJ\/3,75kcal<\/td>\n<td width=\"205\">6,5kJ\/1,5 kcal<\/td>\n<\/tr>\n<tr>\n<td width=\"205\">Rasvad<\/td>\n<td width=\"205\">0g<\/td>\n<td width=\"205\">0g<\/td>\n<\/tr>\n<tr>\n<td width=\"205\">Millest k\u00fcllastunud<\/td>\n<td width=\"205\">0g<\/td>\n<td width=\"205\">0g<\/td>\n<\/tr>\n<tr>\n<td width=\"205\">S\u00fcsivesikud<\/td>\n<td width=\"205\">&gt;0,6g<\/td>\n<td width=\"205\">&gt;0,3g<\/td>\n<\/tr>\n<tr>\n<td width=\"205\">Millest suhkrud<\/td>\n<td width=\"205\">&gt;0,6g<\/td>\n<td width=\"205\">&gt;0,3g<\/td>\n<\/tr>\n<tr>\n<td width=\"205\">Valgud<\/td>\n<td width=\"205\">0g<\/td>\n<td width=\"205\">0g<\/td>\n<\/tr>\n<tr>\n<td width=\"205\">Soolad<\/td>\n<td width=\"205\">0,1g<\/td>\n<td width=\"205\">0,04g<\/td>\n<\/tr>\n<tr>\n<td width=\"205\"><strong>Vitamiin b6<\/strong><\/td>\n<td width=\"205\">2,1mg<\/td>\n<td width=\"205\">0,84mg<\/td>\n<\/tr>\n<tr>\n<td width=\"205\"><strong>Magneesium<\/strong><\/td>\n<td width=\"205\">562,5 mg<\/td>\n<td width=\"205\">225mg<\/td>\n<\/tr>\n<\/tbody>\n<\/table>\n","protected":false},"excerpt":{"rendered":"<p><strong>Troopilise marja maitseline Magnesium Shot<\/strong>:<\/p>\n<ul>\n<li>V\u00e4hendab stressi<\/li>\n<li>L\u00f5dvestab lihaseid<\/li>\n<li>Suurep\u00e4rase imendumisega<\/li>\n<\/ul>\n<p>Magneesium on inimtervisele v\u00e4ga kasulik mineraal. \u00dcks selle h\u00fcvedest on v\u00e4simuse ja kurnatuse peletamine. See panustab elektrol\u00fc\u00fctide tasakaalu ja energiatseme hoidmisele. See on ka v\u00e4ga oluline toiteaine k\u00f5ikide aktiivsete inimeste toidulaual (eriti sportlastel), sest see panustab lihasfunktsiooni arengusse, valgus\u00fcnteesi ja hoolitseb ka luude eest.<\/p>\n<p><strong>OSTA KARBIGA JA S\u00c4\u00c4STA!<\/strong><\/p>\n","protected":false},"featured_media":18567,"comment_status":"open","ping_status":"closed","template":"","meta":[],"product_brand":[],"product_cat":[1072,523,1915,533,1274,531,536],"product_tag":[],"giftcard-category":[],"class_list":{"0":"post-18572","1":"product","2":"type-product","3":"status-publish","4":"has-post-thumbnail","6":"product_cat-drinks-and-protein-bars-in-bulk","7":"product_cat-drinks-shots","8":"product_cat-magnesium-en","9":"product_cat-pre-workout-en","10":"product_cat-qnt-en","11":"product_cat-recovery-post-workout-en","12":"product_cat-vitamins-and-minerals-en","13":"pa_toidulisand-branddd-qnt","14":"pa_tootegruppp-drinksshots","15":"pa_tootegruppp-joogidbatoonid-karbi-ja-kastiga-en","16":"pa_tootegruppp-magneesium-en","17":"pa_tootegruppp-pre-workout","18":"pa_tootegruppp-recoveryafter-workout","19":"pa_tootegruppp-vitamins-and-minerals","21":"first","22":"outofstock","23":"sale","24":"taxable","25":"shipping-taxable","26":"purchasable","27":"product-type-simple"},"yoast_head":"<!-- This site is optimized with the Yoast SEO plugin v27.3 - https:\/\/yoast.com\/product\/yoast-seo-wordpress\/ -->\n<title>QNT Magnesium +B6 shot (12x80ml) - Fit360<\/title>\n<meta name=\"robots\" content=\"index, follow, max-snippet:-1, max-image-preview:large, max-video-preview:-1\" \/>\n<link rel=\"canonical\" href=\"https:\/\/fit360.ee\/en\/pood\/product-groups\/vitamins-and-minerals-en\/magnesium-en\/qnt-magnesium-b6-shot-12x80ml\/\" \/>\n<meta property=\"og:locale\" content=\"en_US\" \/>\n<meta property=\"og:type\" content=\"article\" \/>\n<meta property=\"og:title\" content=\"QNT Magnesium +B6 shot (12x80ml) - Fit360\" \/>\n<meta property=\"og:description\" content=\"Troopilise marja maitseline Magnesium Shot:   V\u00e4hendab stressi  L\u00f5dvestab lihaseid  Suurep\u00e4rase imendumisega  Magneesium on inimtervisele v\u00e4ga kasulik mineraal. \u00dcks selle h\u00fcvedest on v\u00e4simuse ja kurnatuse peletamine. See panustab elektrol\u00fc\u00fctide tasakaalu ja energiatseme hoidmisele. See on ka v\u00e4ga oluline toiteaine k\u00f5ikide aktiivsete inimeste toidulaual (eriti sportlastel), sest see panustab lihasfunktsiooni arengusse, valgus\u00fcnteesi ja hoolitseb ka luude eest.  OSTA KARBIGA JA S\u00c4\u00c4STA!\" \/>\n<meta property=\"og:url\" content=\"https:\/\/fit360.ee\/en\/pood\/product-groups\/vitamins-and-minerals-en\/magnesium-en\/qnt-magnesium-b6-shot-12x80ml\/\" \/>\n<meta property=\"og:site_name\" content=\"Fit360\" \/>\n<meta property=\"article:modified_time\" content=\"2025-08-13T05:38:32+00:00\" \/>\n<meta property=\"og:image\" content=\"https:\/\/fit360.ee\/wp-content\/uploads\/2018\/12\/magnesium-shot-1.jpg\" \/>\n\t<meta property=\"og:image:width\" content=\"600\" \/>\n\t<meta property=\"og:image:height\" content=\"600\" \/>\n\t<meta property=\"og:image:type\" content=\"image\/jpeg\" \/>\n<meta name=\"twitter:card\" content=\"summary_large_image\" \/>\n<script type=\"application\/ld+json\" class=\"yoast-schema-graph\">{\"@context\":\"https:\\\/\\\/schema.org\",\"@graph\":[{\"@type\":\"WebPage\",\"@id\":\"https:\\\/\\\/fit360.ee\\\/en\\\/pood\\\/product-groups\\\/vitamins-and-minerals-en\\\/magnesium-en\\\/qnt-magnesium-b6-shot-12x80ml\\\/\",\"url\":\"https:\\\/\\\/fit360.ee\\\/en\\\/pood\\\/product-groups\\\/vitamins-and-minerals-en\\\/magnesium-en\\\/qnt-magnesium-b6-shot-12x80ml\\\/\",\"name\":\"QNT Magnesium +B6 shot (12x80ml) - Fit360\",\"isPartOf\":{\"@id\":\"https:\\\/\\\/fit360.ee\\\/en\\\/#website\"},\"primaryImageOfPage\":{\"@id\":\"https:\\\/\\\/fit360.ee\\\/en\\\/pood\\\/product-groups\\\/vitamins-and-minerals-en\\\/magnesium-en\\\/qnt-magnesium-b6-shot-12x80ml\\\/#primaryimage\"},\"image\":{\"@id\":\"https:\\\/\\\/fit360.ee\\\/en\\\/pood\\\/product-groups\\\/vitamins-and-minerals-en\\\/magnesium-en\\\/qnt-magnesium-b6-shot-12x80ml\\\/#primaryimage\"},\"thumbnailUrl\":\"https:\\\/\\\/fit360.ee\\\/wp-content\\\/uploads\\\/2018\\\/12\\\/magnesium-shot-1.jpg\",\"datePublished\":\"2018-12-02T13:50:25+00:00\",\"dateModified\":\"2025-08-13T05:38:32+00:00\",\"breadcrumb\":{\"@id\":\"https:\\\/\\\/fit360.ee\\\/en\\\/pood\\\/product-groups\\\/vitamins-and-minerals-en\\\/magnesium-en\\\/qnt-magnesium-b6-shot-12x80ml\\\/#breadcrumb\"},\"inLanguage\":\"en-US\",\"potentialAction\":[{\"@type\":\"ReadAction\",\"target\":[\"https:\\\/\\\/fit360.ee\\\/en\\\/pood\\\/product-groups\\\/vitamins-and-minerals-en\\\/magnesium-en\\\/qnt-magnesium-b6-shot-12x80ml\\\/\"]}]},{\"@type\":\"ImageObject\",\"inLanguage\":\"en-US\",\"@id\":\"https:\\\/\\\/fit360.ee\\\/en\\\/pood\\\/product-groups\\\/vitamins-and-minerals-en\\\/magnesium-en\\\/qnt-magnesium-b6-shot-12x80ml\\\/#primaryimage\",\"url\":\"https:\\\/\\\/fit360.ee\\\/wp-content\\\/uploads\\\/2018\\\/12\\\/magnesium-shot-1.jpg\",\"contentUrl\":\"https:\\\/\\\/fit360.ee\\\/wp-content\\\/uploads\\\/2018\\\/12\\\/magnesium-shot-1.jpg\",\"width\":600,\"height\":600},{\"@type\":\"BreadcrumbList\",\"@id\":\"https:\\\/\\\/fit360.ee\\\/en\\\/pood\\\/product-groups\\\/vitamins-and-minerals-en\\\/magnesium-en\\\/qnt-magnesium-b6-shot-12x80ml\\\/#breadcrumb\",\"itemListElement\":[{\"@type\":\"ListItem\",\"position\":1,\"name\":\"Home\",\"item\":\"https:\\\/\\\/fit360.ee\\\/en\\\/\"},{\"@type\":\"ListItem\",\"position\":2,\"name\":\"Shop\",\"item\":\"https:\\\/\\\/fit360.ee\\\/en\\\/shop\\\/\"},{\"@type\":\"ListItem\",\"position\":3,\"name\":\"QNT Magnesium +B6 shot (12x80ml)\"}]},{\"@type\":\"WebSite\",\"@id\":\"https:\\\/\\\/fit360.ee\\\/en\\\/#website\",\"url\":\"https:\\\/\\\/fit360.ee\\\/en\\\/\",\"name\":\"Fit360\",\"description\":\"\",\"publisher\":{\"@id\":\"https:\\\/\\\/fit360.ee\\\/en\\\/#organization\"},\"potentialAction\":[{\"@type\":\"SearchAction\",\"target\":{\"@type\":\"EntryPoint\",\"urlTemplate\":\"https:\\\/\\\/fit360.ee\\\/en\\\/?s={search_term_string}\"},\"query-input\":{\"@type\":\"PropertyValueSpecification\",\"valueRequired\":true,\"valueName\":\"search_term_string\"}}],\"inLanguage\":\"en-US\"},{\"@type\":\"Organization\",\"@id\":\"https:\\\/\\\/fit360.ee\\\/en\\\/#organization\",\"name\":\"Fit360\",\"url\":\"https:\\\/\\\/fit360.ee\\\/en\\\/\",\"logo\":{\"@type\":\"ImageObject\",\"inLanguage\":\"en-US\",\"@id\":\"https:\\\/\\\/fit360.ee\\\/en\\\/#\\\/schema\\\/logo\\\/image\\\/\",\"url\":\"https:\\\/\\\/fit360.ee\\\/wp-content\\\/uploads\\\/2017\\\/01\\\/logo-fit360.png\",\"contentUrl\":\"https:\\\/\\\/fit360.ee\\\/wp-content\\\/uploads\\\/2017\\\/01\\\/logo-fit360.png\",\"width\":180,\"height\":66,\"caption\":\"Fit360\"},\"image\":{\"@id\":\"https:\\\/\\\/fit360.ee\\\/en\\\/#\\\/schema\\\/logo\\\/image\\\/\"}}]}<\/script>\n<!-- \/ Yoast SEO plugin. -->","yoast_head_json":{"title":"QNT Magnesium +B6 shot (12x80ml) - Fit360","robots":{"index":"index","follow":"follow","max-snippet":"max-snippet:-1","max-image-preview":"max-image-preview:large","max-video-preview":"max-video-preview:-1"},"canonical":"https:\/\/fit360.ee\/en\/pood\/product-groups\/vitamins-and-minerals-en\/magnesium-en\/qnt-magnesium-b6-shot-12x80ml\/","og_locale":"en_US","og_type":"article","og_title":"QNT Magnesium +B6 shot (12x80ml) - Fit360","og_description":"Troopilise marja maitseline Magnesium Shot:   V\u00e4hendab stressi  L\u00f5dvestab lihaseid  Suurep\u00e4rase imendumisega  Magneesium on inimtervisele v\u00e4ga kasulik mineraal. \u00dcks selle h\u00fcvedest on v\u00e4simuse ja kurnatuse peletamine. See panustab elektrol\u00fc\u00fctide tasakaalu ja energiatseme hoidmisele. See on ka v\u00e4ga oluline toiteaine k\u00f5ikide aktiivsete inimeste toidulaual (eriti sportlastel), sest see panustab lihasfunktsiooni arengusse, valgus\u00fcnteesi ja hoolitseb ka luude eest.  OSTA KARBIGA JA S\u00c4\u00c4STA!","og_url":"https:\/\/fit360.ee\/en\/pood\/product-groups\/vitamins-and-minerals-en\/magnesium-en\/qnt-magnesium-b6-shot-12x80ml\/","og_site_name":"Fit360","article_modified_time":"2025-08-13T05:38:32+00:00","og_image":[{"width":600,"height":600,"url":"https:\/\/fit360.ee\/wp-content\/uploads\/2018\/12\/magnesium-shot-1.jpg","type":"image\/jpeg"}],"twitter_card":"summary_large_image","schema":{"@context":"https:\/\/schema.org","@graph":[{"@type":"WebPage","@id":"https:\/\/fit360.ee\/en\/pood\/product-groups\/vitamins-and-minerals-en\/magnesium-en\/qnt-magnesium-b6-shot-12x80ml\/","url":"https:\/\/fit360.ee\/en\/pood\/product-groups\/vitamins-and-minerals-en\/magnesium-en\/qnt-magnesium-b6-shot-12x80ml\/","name":"QNT Magnesium +B6 shot (12x80ml) - Fit360","isPartOf":{"@id":"https:\/\/fit360.ee\/en\/#website"},"primaryImageOfPage":{"@id":"https:\/\/fit360.ee\/en\/pood\/product-groups\/vitamins-and-minerals-en\/magnesium-en\/qnt-magnesium-b6-shot-12x80ml\/#primaryimage"},"image":{"@id":"https:\/\/fit360.ee\/en\/pood\/product-groups\/vitamins-and-minerals-en\/magnesium-en\/qnt-magnesium-b6-shot-12x80ml\/#primaryimage"},"thumbnailUrl":"https:\/\/fit360.ee\/wp-content\/uploads\/2018\/12\/magnesium-shot-1.jpg","datePublished":"2018-12-02T13:50:25+00:00","dateModified":"2025-08-13T05:38:32+00:00","breadcrumb":{"@id":"https:\/\/fit360.ee\/en\/pood\/product-groups\/vitamins-and-minerals-en\/magnesium-en\/qnt-magnesium-b6-shot-12x80ml\/#breadcrumb"},"inLanguage":"en-US","potentialAction":[{"@type":"ReadAction","target":["https:\/\/fit360.ee\/en\/pood\/product-groups\/vitamins-and-minerals-en\/magnesium-en\/qnt-magnesium-b6-shot-12x80ml\/"]}]},{"@type":"ImageObject","inLanguage":"en-US","@id":"https:\/\/fit360.ee\/en\/pood\/product-groups\/vitamins-and-minerals-en\/magnesium-en\/qnt-magnesium-b6-shot-12x80ml\/#primaryimage","url":"https:\/\/fit360.ee\/wp-content\/uploads\/2018\/12\/magnesium-shot-1.jpg","contentUrl":"https:\/\/fit360.ee\/wp-content\/uploads\/2018\/12\/magnesium-shot-1.jpg","width":600,"height":600},{"@type":"BreadcrumbList","@id":"https:\/\/fit360.ee\/en\/pood\/product-groups\/vitamins-and-minerals-en\/magnesium-en\/qnt-magnesium-b6-shot-12x80ml\/#breadcrumb","itemListElement":[{"@type":"ListItem","position":1,"name":"Home","item":"https:\/\/fit360.ee\/en\/"},{"@type":"ListItem","position":2,"name":"Shop","item":"https:\/\/fit360.ee\/en\/shop\/"},{"@type":"ListItem","position":3,"name":"QNT Magnesium +B6 shot (12x80ml)"}]},{"@type":"WebSite","@id":"https:\/\/fit360.ee\/en\/#website","url":"https:\/\/fit360.ee\/en\/","name":"Fit360","description":"","publisher":{"@id":"https:\/\/fit360.ee\/en\/#organization"},"potentialAction":[{"@type":"SearchAction","target":{"@type":"EntryPoint","urlTemplate":"https:\/\/fit360.ee\/en\/?s={search_term_string}"},"query-input":{"@type":"PropertyValueSpecification","valueRequired":true,"valueName":"search_term_string"}}],"inLanguage":"en-US"},{"@type":"Organization","@id":"https:\/\/fit360.ee\/en\/#organization","name":"Fit360","url":"https:\/\/fit360.ee\/en\/","logo":{"@type":"ImageObject","inLanguage":"en-US","@id":"https:\/\/fit360.ee\/en\/#\/schema\/logo\/image\/","url":"https:\/\/fit360.ee\/wp-content\/uploads\/2017\/01\/logo-fit360.png","contentUrl":"https:\/\/fit360.ee\/wp-content\/uploads\/2017\/01\/logo-fit360.png","width":180,"height":66,"caption":"Fit360"},"image":{"@id":"https:\/\/fit360.ee\/en\/#\/schema\/logo\/image\/"}}]}},"_links":{"self":[{"href":"https:\/\/fit360.ee\/en\/wp-json\/wp\/v2\/product\/18572","targetHints":{"allow":["GET"]}}],"collection":[{"href":"https:\/\/fit360.ee\/en\/wp-json\/wp\/v2\/product"}],"about":[{"href":"https:\/\/fit360.ee\/en\/wp-json\/wp\/v2\/types\/product"}],"replies":[{"embeddable":true,"href":"https:\/\/fit360.ee\/en\/wp-json\/wp\/v2\/comments?post=18572"}],"wp:featuredmedia":[{"embeddable":true,"href":"https:\/\/fit360.ee\/en\/wp-json\/wp\/v2\/media\/18567"}],"wp:attachment":[{"href":"https:\/\/fit360.ee\/en\/wp-json\/wp\/v2\/media?parent=18572"}],"wp:term":[{"taxonomy":"product_brand","embeddable":true,"href":"https:\/\/fit360.ee\/en\/wp-json\/wp\/v2\/product_brand?post=18572"},{"taxonomy":"product_cat","embeddable":true,"href":"https:\/\/fit360.ee\/en\/wp-json\/wp\/v2\/product_cat?post=18572"},{"taxonomy":"product_tag","embeddable":true,"href":"https:\/\/fit360.ee\/en\/wp-json\/wp\/v2\/product_tag?post=18572"},{"taxonomy":"giftcard-category","embeddable":true,"href":"https:\/\/fit360.ee\/en\/wp-json\/wp\/v2\/giftcard-category?post=18572"}],"curies":[{"name":"wp","href":"https:\/\/api.w.org\/{rel}","templated":true}]}}