{"id":18688,"date":"2018-12-12T18:54:39","date_gmt":"2018-12-12T16:54:39","guid":{"rendered":"https:\/\/fit360.ee\/?post_type=product&#038;p=18688\/"},"modified":"2021-02-19T16:56:43","modified_gmt":"2021-02-19T14:56:43","slug":"bb-bowery-track-pants-must","status":"publish","type":"product","link":"https:\/\/fit360.ee\/en\/pood\/training-equipment-en\/fitness-clothing-en\/bb-bowery-track-pants-must\/","title":{"rendered":"BB Bowery Track Pants, Must"},"content":{"rendered":"<p><strong>Suuruse juhis:<\/strong><\/p>\n<p><strong>V\u00f6\u00f6koht:<\/strong><br \/>\nS =\u00a036,5\u00a0cm M =\u00a039,5\u00a0cm L =\u00a042,5\u00a0cm<br \/>\nS =\u00a014 3\/8\u201d\u00a0M =\u00a015 5\/9\u201d\u00a0L =\u00a016 3\/4\u201d<\/p>\n<p><strong><em>Inseam<\/em>:<\/strong><br \/>\nS =\u00a079\u00a0cm M =\u00a081\u00a0cm L =\u00a083\u00a0cm<br \/>\nS =\u00a031 1\/9\u201d M =\u00a031 8\/9\u201d L =\u00a032 2\/3\u201d<\/p>\n<p>&nbsp;<\/p>\n","protected":false},"excerpt":{"rendered":"<p><strong>Bowery Track Pants&#8217;id <\/strong>vastavad \u00fctlusele &#8220;m\u00f5ned asjad olid vanasti paremad&#8221;. Inspireeritud 90ndate dressip\u00fckste-ajastust, need dressip\u00fcksid on tehtud Better Bodies-stiilis. Ideaalsed nii j\u00f5usaaliks kui sealt \u00e4ra tulemiseks v\u00f5i isegi mugavaks kandmiseks igap\u00e4evaseks eluks. S\u00f5ltuvalt su tujust ja isiklikust stiilist v\u00f5id sa alumise osa lahti n\u00f6\u00f6pida, et hoida asjad vabalt v\u00f5i ka kinni n\u00f6\u00f6pida, kui soovid <em>slim fit<\/em>i.<\/p>\n<p><strong>Sobivus<\/strong>: kitsenev<\/p>\n<p><strong>V\u00f6\u00f6koht<\/strong>: k\u00f5rge<\/p>\n<p><strong>Pikkus<\/strong>: k\u00e4rbitud<\/p>\n<p><strong>Materjal<\/strong>: 100% pol\u00fcester<\/p>\n<p><strong>Omadused<\/strong>: <em>snap<\/em> n\u00f6\u00f6p jala v\u00e4lisk\u00fcljel, mis algab p\u00f5lvest allpool, mugandatav n\u00f6\u00f6r v\u00f6\u00f6koha sees, jaheda omadusega, naha l\u00e4hedal<\/p>\n","protected":false},"featured_media":18691,"comment_status":"open","ping_status":"closed","template":"","meta":[],"product_brand":[],"product_cat":[547,538],"product_tag":[],"giftcard-category":[],"class_list":{"0":"post-18688","1":"product","2":"type-product","3":"status-publish","4":"has-post-thumbnail","6":"product_cat-fitness-clothing-en","7":"product_cat-training-equipment-en","8":"pa_brand-better-bodies-en","9":"pa_riidetuup-pants","10":"pa_sugu-for-women","11":"pa_suurus-l","12":"pa_suurus-m","13":"pa_suurus-s","14":"pa_suurus-xs","15":"pa_varustus-clothes","16":"pa_varvus-black","18":"first","19":"outofstock","20":"taxable","21":"shipping-taxable","22":"purchasable","23":"product-type-variable"},"yoast_head":"<!-- This site is optimized with the Yoast SEO plugin v27.3 - https:\/\/yoast.com\/product\/yoast-seo-wordpress\/ -->\n<title>BB Bowery Track Pants, Must - Fit360<\/title>\n<meta name=\"robots\" content=\"index, follow, max-snippet:-1, max-image-preview:large, max-video-preview:-1\" \/>\n<link rel=\"canonical\" href=\"https:\/\/fit360.ee\/en\/pood\/training-equipment-en\/fitness-clothing-en\/bb-bowery-track-pants-must\/\" \/>\n<meta property=\"og:locale\" content=\"en_US\" \/>\n<meta property=\"og:type\" content=\"article\" \/>\n<meta property=\"og:title\" content=\"BB Bowery Track Pants, Must - Fit360\" \/>\n<meta property=\"og:description\" content=\"Bowery Track Pants&#039;id vastavad \u00fctlusele &quot;m\u00f5ned asjad olid vanasti paremad&quot;. Inspireeritud 90ndate dressip\u00fckste-ajastust, need dressip\u00fcksid on tehtud Better Bodies-stiilis. Ideaalsed nii j\u00f5usaaliks kui sealt \u00e4ra tulemiseks v\u00f5i isegi mugavaks kandmiseks igap\u00e4evaseks eluks. S\u00f5ltuvalt su tujust ja isiklikust stiilist v\u00f5id sa alumise osa lahti n\u00f6\u00f6pida, et hoida asjad vabalt v\u00f5i ka kinni n\u00f6\u00f6pida, kui soovid slim fiti.  Sobivus: kitsenev  V\u00f6\u00f6koht: k\u00f5rge  Pikkus: k\u00e4rbitud  Materjal: 100% pol\u00fcester  Omadused: snap n\u00f6\u00f6p jala v\u00e4lisk\u00fcljel, mis algab p\u00f5lvest allpool, mugandatav n\u00f6\u00f6r v\u00f6\u00f6koha sees, jaheda omadusega, naha l\u00e4hedal\" \/>\n<meta property=\"og:url\" content=\"https:\/\/fit360.ee\/en\/pood\/training-equipment-en\/fitness-clothing-en\/bb-bowery-track-pants-must\/\" \/>\n<meta property=\"og:site_name\" content=\"Fit360\" \/>\n<meta property=\"article:modified_time\" content=\"2021-02-19T14:56:43+00:00\" \/>\n<meta property=\"og:image\" content=\"https:\/\/fit360.ee\/wp-content\/uploads\/2018\/12\/bower-track-pants-must-1.jpg\" \/>\n\t<meta property=\"og:image:width\" content=\"800\" \/>\n\t<meta property=\"og:image:height\" content=\"800\" \/>\n\t<meta property=\"og:image:type\" content=\"image\/jpeg\" \/>\n<meta name=\"twitter:card\" content=\"summary_large_image\" \/>\n<script type=\"application\/ld+json\" class=\"yoast-schema-graph\">{\"@context\":\"https:\\\/\\\/schema.org\",\"@graph\":[{\"@type\":\"WebPage\",\"@id\":\"https:\\\/\\\/fit360.ee\\\/en\\\/pood\\\/training-equipment-en\\\/fitness-clothing-en\\\/bb-bowery-track-pants-must\\\/\",\"url\":\"https:\\\/\\\/fit360.ee\\\/en\\\/pood\\\/training-equipment-en\\\/fitness-clothing-en\\\/bb-bowery-track-pants-must\\\/\",\"name\":\"BB Bowery Track Pants, Must - Fit360\",\"isPartOf\":{\"@id\":\"https:\\\/\\\/fit360.ee\\\/en\\\/#website\"},\"primaryImageOfPage\":{\"@id\":\"https:\\\/\\\/fit360.ee\\\/en\\\/pood\\\/training-equipment-en\\\/fitness-clothing-en\\\/bb-bowery-track-pants-must\\\/#primaryimage\"},\"image\":{\"@id\":\"https:\\\/\\\/fit360.ee\\\/en\\\/pood\\\/training-equipment-en\\\/fitness-clothing-en\\\/bb-bowery-track-pants-must\\\/#primaryimage\"},\"thumbnailUrl\":\"https:\\\/\\\/fit360.ee\\\/wp-content\\\/uploads\\\/2018\\\/12\\\/bower-track-pants-must-1.jpg\",\"datePublished\":\"2018-12-12T16:54:39+00:00\",\"dateModified\":\"2021-02-19T14:56:43+00:00\",\"breadcrumb\":{\"@id\":\"https:\\\/\\\/fit360.ee\\\/en\\\/pood\\\/training-equipment-en\\\/fitness-clothing-en\\\/bb-bowery-track-pants-must\\\/#breadcrumb\"},\"inLanguage\":\"en-US\",\"potentialAction\":[{\"@type\":\"ReadAction\",\"target\":[\"https:\\\/\\\/fit360.ee\\\/en\\\/pood\\\/training-equipment-en\\\/fitness-clothing-en\\\/bb-bowery-track-pants-must\\\/\"]}]},{\"@type\":\"ImageObject\",\"inLanguage\":\"en-US\",\"@id\":\"https:\\\/\\\/fit360.ee\\\/en\\\/pood\\\/training-equipment-en\\\/fitness-clothing-en\\\/bb-bowery-track-pants-must\\\/#primaryimage\",\"url\":\"https:\\\/\\\/fit360.ee\\\/wp-content\\\/uploads\\\/2018\\\/12\\\/bower-track-pants-must-1.jpg\",\"contentUrl\":\"https:\\\/\\\/fit360.ee\\\/wp-content\\\/uploads\\\/2018\\\/12\\\/bower-track-pants-must-1.jpg\",\"width\":800,\"height\":800},{\"@type\":\"BreadcrumbList\",\"@id\":\"https:\\\/\\\/fit360.ee\\\/en\\\/pood\\\/training-equipment-en\\\/fitness-clothing-en\\\/bb-bowery-track-pants-must\\\/#breadcrumb\",\"itemListElement\":[{\"@type\":\"ListItem\",\"position\":1,\"name\":\"Home\",\"item\":\"https:\\\/\\\/fit360.ee\\\/en\\\/\"},{\"@type\":\"ListItem\",\"position\":2,\"name\":\"Shop\",\"item\":\"https:\\\/\\\/fit360.ee\\\/en\\\/shop\\\/\"},{\"@type\":\"ListItem\",\"position\":3,\"name\":\"BB Bowery Track Pants, Must\"}]},{\"@type\":\"WebSite\",\"@id\":\"https:\\\/\\\/fit360.ee\\\/en\\\/#website\",\"url\":\"https:\\\/\\\/fit360.ee\\\/en\\\/\",\"name\":\"Fit360\",\"description\":\"\",\"publisher\":{\"@id\":\"https:\\\/\\\/fit360.ee\\\/en\\\/#organization\"},\"potentialAction\":[{\"@type\":\"SearchAction\",\"target\":{\"@type\":\"EntryPoint\",\"urlTemplate\":\"https:\\\/\\\/fit360.ee\\\/en\\\/?s={search_term_string}\"},\"query-input\":{\"@type\":\"PropertyValueSpecification\",\"valueRequired\":true,\"valueName\":\"search_term_string\"}}],\"inLanguage\":\"en-US\"},{\"@type\":\"Organization\",\"@id\":\"https:\\\/\\\/fit360.ee\\\/en\\\/#organization\",\"name\":\"Fit360\",\"url\":\"https:\\\/\\\/fit360.ee\\\/en\\\/\",\"logo\":{\"@type\":\"ImageObject\",\"inLanguage\":\"en-US\",\"@id\":\"https:\\\/\\\/fit360.ee\\\/en\\\/#\\\/schema\\\/logo\\\/image\\\/\",\"url\":\"https:\\\/\\\/fit360.ee\\\/wp-content\\\/uploads\\\/2017\\\/01\\\/logo-fit360.png\",\"contentUrl\":\"https:\\\/\\\/fit360.ee\\\/wp-content\\\/uploads\\\/2017\\\/01\\\/logo-fit360.png\",\"width\":180,\"height\":66,\"caption\":\"Fit360\"},\"image\":{\"@id\":\"https:\\\/\\\/fit360.ee\\\/en\\\/#\\\/schema\\\/logo\\\/image\\\/\"}}]}<\/script>\n<!-- \/ Yoast SEO plugin. -->","yoast_head_json":{"title":"BB Bowery Track Pants, Must - Fit360","robots":{"index":"index","follow":"follow","max-snippet":"max-snippet:-1","max-image-preview":"max-image-preview:large","max-video-preview":"max-video-preview:-1"},"canonical":"https:\/\/fit360.ee\/en\/pood\/training-equipment-en\/fitness-clothing-en\/bb-bowery-track-pants-must\/","og_locale":"en_US","og_type":"article","og_title":"BB Bowery Track Pants, Must - Fit360","og_description":"Bowery Track Pants'id vastavad \u00fctlusele \"m\u00f5ned asjad olid vanasti paremad\". Inspireeritud 90ndate dressip\u00fckste-ajastust, need dressip\u00fcksid on tehtud Better Bodies-stiilis. Ideaalsed nii j\u00f5usaaliks kui sealt \u00e4ra tulemiseks v\u00f5i isegi mugavaks kandmiseks igap\u00e4evaseks eluks. S\u00f5ltuvalt su tujust ja isiklikust stiilist v\u00f5id sa alumise osa lahti n\u00f6\u00f6pida, et hoida asjad vabalt v\u00f5i ka kinni n\u00f6\u00f6pida, kui soovid slim fiti.  Sobivus: kitsenev  V\u00f6\u00f6koht: k\u00f5rge  Pikkus: k\u00e4rbitud  Materjal: 100% pol\u00fcester  Omadused: snap n\u00f6\u00f6p jala v\u00e4lisk\u00fcljel, mis algab p\u00f5lvest allpool, mugandatav n\u00f6\u00f6r v\u00f6\u00f6koha sees, jaheda omadusega, naha l\u00e4hedal","og_url":"https:\/\/fit360.ee\/en\/pood\/training-equipment-en\/fitness-clothing-en\/bb-bowery-track-pants-must\/","og_site_name":"Fit360","article_modified_time":"2021-02-19T14:56:43+00:00","og_image":[{"width":800,"height":800,"url":"https:\/\/fit360.ee\/wp-content\/uploads\/2018\/12\/bower-track-pants-must-1.jpg","type":"image\/jpeg"}],"twitter_card":"summary_large_image","schema":{"@context":"https:\/\/schema.org","@graph":[{"@type":"WebPage","@id":"https:\/\/fit360.ee\/en\/pood\/training-equipment-en\/fitness-clothing-en\/bb-bowery-track-pants-must\/","url":"https:\/\/fit360.ee\/en\/pood\/training-equipment-en\/fitness-clothing-en\/bb-bowery-track-pants-must\/","name":"BB Bowery Track Pants, Must - Fit360","isPartOf":{"@id":"https:\/\/fit360.ee\/en\/#website"},"primaryImageOfPage":{"@id":"https:\/\/fit360.ee\/en\/pood\/training-equipment-en\/fitness-clothing-en\/bb-bowery-track-pants-must\/#primaryimage"},"image":{"@id":"https:\/\/fit360.ee\/en\/pood\/training-equipment-en\/fitness-clothing-en\/bb-bowery-track-pants-must\/#primaryimage"},"thumbnailUrl":"https:\/\/fit360.ee\/wp-content\/uploads\/2018\/12\/bower-track-pants-must-1.jpg","datePublished":"2018-12-12T16:54:39+00:00","dateModified":"2021-02-19T14:56:43+00:00","breadcrumb":{"@id":"https:\/\/fit360.ee\/en\/pood\/training-equipment-en\/fitness-clothing-en\/bb-bowery-track-pants-must\/#breadcrumb"},"inLanguage":"en-US","potentialAction":[{"@type":"ReadAction","target":["https:\/\/fit360.ee\/en\/pood\/training-equipment-en\/fitness-clothing-en\/bb-bowery-track-pants-must\/"]}]},{"@type":"ImageObject","inLanguage":"en-US","@id":"https:\/\/fit360.ee\/en\/pood\/training-equipment-en\/fitness-clothing-en\/bb-bowery-track-pants-must\/#primaryimage","url":"https:\/\/fit360.ee\/wp-content\/uploads\/2018\/12\/bower-track-pants-must-1.jpg","contentUrl":"https:\/\/fit360.ee\/wp-content\/uploads\/2018\/12\/bower-track-pants-must-1.jpg","width":800,"height":800},{"@type":"BreadcrumbList","@id":"https:\/\/fit360.ee\/en\/pood\/training-equipment-en\/fitness-clothing-en\/bb-bowery-track-pants-must\/#breadcrumb","itemListElement":[{"@type":"ListItem","position":1,"name":"Home","item":"https:\/\/fit360.ee\/en\/"},{"@type":"ListItem","position":2,"name":"Shop","item":"https:\/\/fit360.ee\/en\/shop\/"},{"@type":"ListItem","position":3,"name":"BB Bowery Track Pants, Must"}]},{"@type":"WebSite","@id":"https:\/\/fit360.ee\/en\/#website","url":"https:\/\/fit360.ee\/en\/","name":"Fit360","description":"","publisher":{"@id":"https:\/\/fit360.ee\/en\/#organization"},"potentialAction":[{"@type":"SearchAction","target":{"@type":"EntryPoint","urlTemplate":"https:\/\/fit360.ee\/en\/?s={search_term_string}"},"query-input":{"@type":"PropertyValueSpecification","valueRequired":true,"valueName":"search_term_string"}}],"inLanguage":"en-US"},{"@type":"Organization","@id":"https:\/\/fit360.ee\/en\/#organization","name":"Fit360","url":"https:\/\/fit360.ee\/en\/","logo":{"@type":"ImageObject","inLanguage":"en-US","@id":"https:\/\/fit360.ee\/en\/#\/schema\/logo\/image\/","url":"https:\/\/fit360.ee\/wp-content\/uploads\/2017\/01\/logo-fit360.png","contentUrl":"https:\/\/fit360.ee\/wp-content\/uploads\/2017\/01\/logo-fit360.png","width":180,"height":66,"caption":"Fit360"},"image":{"@id":"https:\/\/fit360.ee\/en\/#\/schema\/logo\/image\/"}}]}},"_links":{"self":[{"href":"https:\/\/fit360.ee\/en\/wp-json\/wp\/v2\/product\/18688","targetHints":{"allow":["GET"]}}],"collection":[{"href":"https:\/\/fit360.ee\/en\/wp-json\/wp\/v2\/product"}],"about":[{"href":"https:\/\/fit360.ee\/en\/wp-json\/wp\/v2\/types\/product"}],"replies":[{"embeddable":true,"href":"https:\/\/fit360.ee\/en\/wp-json\/wp\/v2\/comments?post=18688"}],"wp:featuredmedia":[{"embeddable":true,"href":"https:\/\/fit360.ee\/en\/wp-json\/wp\/v2\/media\/18691"}],"wp:attachment":[{"href":"https:\/\/fit360.ee\/en\/wp-json\/wp\/v2\/media?parent=18688"}],"wp:term":[{"taxonomy":"product_brand","embeddable":true,"href":"https:\/\/fit360.ee\/en\/wp-json\/wp\/v2\/product_brand?post=18688"},{"taxonomy":"product_cat","embeddable":true,"href":"https:\/\/fit360.ee\/en\/wp-json\/wp\/v2\/product_cat?post=18688"},{"taxonomy":"product_tag","embeddable":true,"href":"https:\/\/fit360.ee\/en\/wp-json\/wp\/v2\/product_tag?post=18688"},{"taxonomy":"giftcard-category","embeddable":true,"href":"https:\/\/fit360.ee\/en\/wp-json\/wp\/v2\/giftcard-category?post=18688"}],"curies":[{"name":"wp","href":"https:\/\/api.w.org\/{rel}","templated":true}]}}