{"id":18966,"date":"2018-12-28T10:13:17","date_gmt":"2018-12-28T08:13:17","guid":{"rendered":"https:\/\/fit360.ee\/?post_type=product&#038;p=18966\/"},"modified":"2026-03-30T10:11:18","modified_gmt":"2026-03-30T08:11:18","slug":"universal-animal-flex-44packs","status":"publish","type":"product","link":"https:\/\/fit360.ee\/en\/pood\/product-groups\/joint-support-en\/universal-animal-flex-44packs\/","title":{"rendered":"UNIVERSAL Animal Flex (44packs)"},"content":{"rendered":"<p><a href=\"https:\/\/fit360.ee\/wp-content\/uploads\/2018\/12\/animal-flex-ing.jpg\"><img loading=\"lazy\" decoding=\"async\" class=\"alignnone size-medium wp-image-33426\" src=\"https:\/\/fit360.ee\/wp-content\/uploads\/2018\/12\/animal-flex-ing.jpg\" alt=\"\" width=\"493\" height=\"800\" srcset=\"https:\/\/fit360.ee\/wp-content\/uploads\/2018\/12\/animal-flex-ing.jpg 731w, https:\/\/fit360.ee\/wp-content\/uploads\/2018\/12\/animal-flex-ing-510x828.jpg 510w\" sizes=\"auto, (max-width: 493px) 100vw, 493px\" \/><\/a><\/p>\n<p><a href=\"https:\/\/fit360.ee\/wp-content\/uploads\/2018\/12\/Animal_Flex_3.png\"><img loading=\"lazy\" decoding=\"async\" class=\"alignnone size-full wp-image-33428\" src=\"https:\/\/fit360.ee\/wp-content\/uploads\/2018\/12\/Animal_Flex_3.png\" alt=\"\" width=\"664\" height=\"246\" srcset=\"https:\/\/fit360.ee\/wp-content\/uploads\/2018\/12\/Animal_Flex_3.png 664w, https:\/\/fit360.ee\/wp-content\/uploads\/2018\/12\/Animal_Flex_3-510x189.png 510w\" sizes=\"auto, (max-width: 664px) 100vw, 664px\" \/><\/a><\/p>\n<p><strong>Kasutamine:\u00a0<\/strong>V\u00f5ta 1 pakike iga p\u00e4ev, t\u00fchja k\u00f5huga v\u00f5i koos toiduga.<\/p>\n<p><strong>Serveeringu suurus<\/strong>: 1 pakk<br \/>\n<strong>Serveeringuid kokku<\/strong>: 44 pakki<\/p>\n<p>Soovid teha suuremat tellimust? Vaata antud toodet meie HULGI lehelt\u00a0<a href=\"https:\/\/toidulisandidhulgi.ee\/product\/universal-animal-flex-44packs\/\"><strong>SIIT<\/strong><\/a>!<\/p>\n","protected":false},"excerpt":{"rendered":"<p><strong>UNIVERSAL ANIMAL FLEX<\/strong> sisaldab spetsiaalset vitamiinide ja mineraalide segu, et toetada liigeseid maksimaalselt:<\/p>\n<ul>\n<li>Vitamiinide kompleksi liigeste sidekude taastamiseks<\/li>\n<li>M\u00e4\u00e4rdeained, mis v\u00e4hendavad liigeste tundlikkust<\/li>\n<li>Vitamiine, mis v\u00e4hendavad liigeste valulikkust<\/li>\n<li>C- ja E vitamiinid, tsink, seleen ja mangaan hoiab liigeseid tervena<\/li>\n<\/ul>\n<p>Tehes j\u00f5utreeningut pead pidevalt m\u00f5tlema koormust saavatele liigestele, k\u00f5\u00f5lustele ja sidekudedele, mis toetab lihaste kasvu. UNIVERSAL ANIMAL FLEX aitab tugevdada liigeseid ja selle koostisained aitavad s\u00e4ilitada liigeste funktsioone, elastsust ja painduvust.<\/p>\n<p>Selle koostises on kasutatud looduslikke taimseid ekstrakte, et aidata v\u00e4hendada\u00a0liigesep\u00f5letikke.\u00a0Taimed nagu kurkum ja ingverijuur on suure ja tugeva p\u00f5letikuvastase toimega. Erinevalt valuvaigistitest ei ole <strong>UNIVERSAL ANIMAL FLEX<\/strong>\u00a0eesm\u00e4rk ajutiselt \u00a0valu \u00e4ra v\u00f5tta, vaid see\u00a0pakub valusatele liigestele abi ja pikemas perspektiivis hoiab liigesed tervena.<\/p>\n<p><strong>Kasutamine:\u00a0<\/strong>V\u00f5ta 1 pakike iga p\u00e4ev, t\u00fchja k\u00f5huga v\u00f5i koos toiduga.<\/p>\n<p><strong>Serveeringu suurus<\/strong>: 1 pakk<br \/>\n<strong>Serveeringuid kokku<\/strong>: 44 pakki<\/p>\n","protected":false},"featured_media":18965,"comment_status":"open","ping_status":"closed","template":"","meta":[],"product_brand":[],"product_cat":[527,1390,536],"product_tag":[],"giftcard-category":[],"class_list":{"0":"post-18966","1":"product","2":"type-product","3":"status-publish","4":"has-post-thumbnail","6":"product_cat-joint-support-en","7":"product_cat-universal-en","8":"product_cat-vitamins-and-minerals-en","9":"pa_toidulisand-branddd-universal","10":"pa_tootegruppp-for-joints","11":"pa_tootegruppp-vitamins-and-minerals","13":"first","14":"instock","15":"sale","16":"taxable","17":"shipping-taxable","18":"purchasable","19":"product-type-simple"},"yoast_head":"<!-- This site is optimized with the Yoast SEO plugin v27.3 - https:\/\/yoast.com\/product\/yoast-seo-wordpress\/ -->\n<title>UNIVERSAL Animal Flex (44packs) - Fit360<\/title>\n<meta name=\"robots\" content=\"index, follow, max-snippet:-1, max-image-preview:large, max-video-preview:-1\" \/>\n<link rel=\"canonical\" href=\"https:\/\/fit360.ee\/en\/pood\/product-groups\/joint-support-en\/universal-animal-flex-44packs\/\" \/>\n<meta property=\"og:locale\" content=\"en_US\" \/>\n<meta property=\"og:type\" content=\"article\" \/>\n<meta property=\"og:title\" content=\"UNIVERSAL Animal Flex (44packs) - Fit360\" \/>\n<meta property=\"og:description\" content=\"UNIVERSAL ANIMAL FLEX sisaldab spetsiaalset vitamiinide ja mineraalide segu, et toetada liigeseid maksimaalselt:   Vitamiinide kompleksi liigeste sidekude taastamiseks  M\u00e4\u00e4rdeained, mis v\u00e4hendavad liigeste tundlikkust  Vitamiine, mis v\u00e4hendavad liigeste valulikkust  C- ja E vitamiinid, tsink, seleen ja mangaan hoiab liigeseid tervena  Tehes j\u00f5utreeningut pead pidevalt m\u00f5tlema koormust saavatele liigestele, k\u00f5\u00f5lustele ja sidekudedele, mis toetab lihaste kasvu. UNIVERSAL ANIMAL FLEX aitab tugevdada liigeseid ja selle koostisained aitavad s\u00e4ilitada liigeste funktsioone, elastsust ja painduvust.  Selle koostises on kasutatud looduslikke taimseid ekstrakte, et aidata v\u00e4hendada\u00a0liigesep\u00f5letikke.\u00a0Taimed nagu kurkum ja ingverijuur on suure ja tugeva p\u00f5letikuvastase toimega. Erinevalt valuvaigistitest ei ole UNIVERSAL ANIMAL FLEX\u00a0eesm\u00e4rk ajutiselt \u00a0valu \u00e4ra v\u00f5tta, vaid see\u00a0pakub valusatele liigestele abi ja pikemas perspektiivis hoiab liigesed tervena.  Kasutamine:\u00a0V\u00f5ta 1 pakike iga p\u00e4ev, t\u00fchja k\u00f5huga v\u00f5i koos toiduga.  Serveeringu suurus: 1 pakk Serveeringuid kokku: 44 pakki\" \/>\n<meta property=\"og:url\" content=\"https:\/\/fit360.ee\/en\/pood\/product-groups\/joint-support-en\/universal-animal-flex-44packs\/\" \/>\n<meta property=\"og:site_name\" content=\"Fit360\" \/>\n<meta property=\"article:modified_time\" content=\"2026-03-30T08:11:18+00:00\" \/>\n<meta property=\"og:image\" content=\"https:\/\/fit360.ee\/wp-content\/uploads\/2018\/12\/animalflex_1.jpg\" \/>\n\t<meta property=\"og:image:width\" content=\"400\" \/>\n\t<meta property=\"og:image:height\" content=\"400\" \/>\n\t<meta property=\"og:image:type\" content=\"image\/jpeg\" \/>\n<meta name=\"twitter:card\" content=\"summary_large_image\" \/>\n<meta name=\"twitter:label1\" content=\"Est. reading time\" \/>\n\t<meta name=\"twitter:data1\" content=\"1 minute\" \/>\n<script type=\"application\/ld+json\" class=\"yoast-schema-graph\">{\"@context\":\"https:\\\/\\\/schema.org\",\"@graph\":[{\"@type\":\"WebPage\",\"@id\":\"https:\\\/\\\/fit360.ee\\\/en\\\/pood\\\/product-groups\\\/joint-support-en\\\/universal-animal-flex-44packs\\\/\",\"url\":\"https:\\\/\\\/fit360.ee\\\/en\\\/pood\\\/product-groups\\\/joint-support-en\\\/universal-animal-flex-44packs\\\/\",\"name\":\"UNIVERSAL Animal Flex (44packs) - Fit360\",\"isPartOf\":{\"@id\":\"https:\\\/\\\/fit360.ee\\\/en\\\/#website\"},\"primaryImageOfPage\":{\"@id\":\"https:\\\/\\\/fit360.ee\\\/en\\\/pood\\\/product-groups\\\/joint-support-en\\\/universal-animal-flex-44packs\\\/#primaryimage\"},\"image\":{\"@id\":\"https:\\\/\\\/fit360.ee\\\/en\\\/pood\\\/product-groups\\\/joint-support-en\\\/universal-animal-flex-44packs\\\/#primaryimage\"},\"thumbnailUrl\":\"https:\\\/\\\/fit360.ee\\\/wp-content\\\/uploads\\\/2018\\\/12\\\/animalflex_1.jpg\",\"datePublished\":\"2018-12-28T08:13:17+00:00\",\"dateModified\":\"2026-03-30T08:11:18+00:00\",\"breadcrumb\":{\"@id\":\"https:\\\/\\\/fit360.ee\\\/en\\\/pood\\\/product-groups\\\/joint-support-en\\\/universal-animal-flex-44packs\\\/#breadcrumb\"},\"inLanguage\":\"en-US\",\"potentialAction\":[{\"@type\":\"ReadAction\",\"target\":[\"https:\\\/\\\/fit360.ee\\\/en\\\/pood\\\/product-groups\\\/joint-support-en\\\/universal-animal-flex-44packs\\\/\"]}]},{\"@type\":\"ImageObject\",\"inLanguage\":\"en-US\",\"@id\":\"https:\\\/\\\/fit360.ee\\\/en\\\/pood\\\/product-groups\\\/joint-support-en\\\/universal-animal-flex-44packs\\\/#primaryimage\",\"url\":\"https:\\\/\\\/fit360.ee\\\/wp-content\\\/uploads\\\/2018\\\/12\\\/animalflex_1.jpg\",\"contentUrl\":\"https:\\\/\\\/fit360.ee\\\/wp-content\\\/uploads\\\/2018\\\/12\\\/animalflex_1.jpg\",\"width\":400,\"height\":400},{\"@type\":\"BreadcrumbList\",\"@id\":\"https:\\\/\\\/fit360.ee\\\/en\\\/pood\\\/product-groups\\\/joint-support-en\\\/universal-animal-flex-44packs\\\/#breadcrumb\",\"itemListElement\":[{\"@type\":\"ListItem\",\"position\":1,\"name\":\"Home\",\"item\":\"https:\\\/\\\/fit360.ee\\\/en\\\/\"},{\"@type\":\"ListItem\",\"position\":2,\"name\":\"Shop\",\"item\":\"https:\\\/\\\/fit360.ee\\\/en\\\/shop\\\/\"},{\"@type\":\"ListItem\",\"position\":3,\"name\":\"UNIVERSAL Animal Flex (44packs)\"}]},{\"@type\":\"WebSite\",\"@id\":\"https:\\\/\\\/fit360.ee\\\/en\\\/#website\",\"url\":\"https:\\\/\\\/fit360.ee\\\/en\\\/\",\"name\":\"Fit360\",\"description\":\"\",\"publisher\":{\"@id\":\"https:\\\/\\\/fit360.ee\\\/en\\\/#organization\"},\"potentialAction\":[{\"@type\":\"SearchAction\",\"target\":{\"@type\":\"EntryPoint\",\"urlTemplate\":\"https:\\\/\\\/fit360.ee\\\/en\\\/?s={search_term_string}\"},\"query-input\":{\"@type\":\"PropertyValueSpecification\",\"valueRequired\":true,\"valueName\":\"search_term_string\"}}],\"inLanguage\":\"en-US\"},{\"@type\":\"Organization\",\"@id\":\"https:\\\/\\\/fit360.ee\\\/en\\\/#organization\",\"name\":\"Fit360\",\"url\":\"https:\\\/\\\/fit360.ee\\\/en\\\/\",\"logo\":{\"@type\":\"ImageObject\",\"inLanguage\":\"en-US\",\"@id\":\"https:\\\/\\\/fit360.ee\\\/en\\\/#\\\/schema\\\/logo\\\/image\\\/\",\"url\":\"https:\\\/\\\/fit360.ee\\\/wp-content\\\/uploads\\\/2017\\\/01\\\/logo-fit360.png\",\"contentUrl\":\"https:\\\/\\\/fit360.ee\\\/wp-content\\\/uploads\\\/2017\\\/01\\\/logo-fit360.png\",\"width\":180,\"height\":66,\"caption\":\"Fit360\"},\"image\":{\"@id\":\"https:\\\/\\\/fit360.ee\\\/en\\\/#\\\/schema\\\/logo\\\/image\\\/\"}}]}<\/script>\n<!-- \/ Yoast SEO plugin. -->","yoast_head_json":{"title":"UNIVERSAL Animal Flex (44packs) - Fit360","robots":{"index":"index","follow":"follow","max-snippet":"max-snippet:-1","max-image-preview":"max-image-preview:large","max-video-preview":"max-video-preview:-1"},"canonical":"https:\/\/fit360.ee\/en\/pood\/product-groups\/joint-support-en\/universal-animal-flex-44packs\/","og_locale":"en_US","og_type":"article","og_title":"UNIVERSAL Animal Flex (44packs) - Fit360","og_description":"UNIVERSAL ANIMAL FLEX sisaldab spetsiaalset vitamiinide ja mineraalide segu, et toetada liigeseid maksimaalselt:   Vitamiinide kompleksi liigeste sidekude taastamiseks  M\u00e4\u00e4rdeained, mis v\u00e4hendavad liigeste tundlikkust  Vitamiine, mis v\u00e4hendavad liigeste valulikkust  C- ja E vitamiinid, tsink, seleen ja mangaan hoiab liigeseid tervena  Tehes j\u00f5utreeningut pead pidevalt m\u00f5tlema koormust saavatele liigestele, k\u00f5\u00f5lustele ja sidekudedele, mis toetab lihaste kasvu. UNIVERSAL ANIMAL FLEX aitab tugevdada liigeseid ja selle koostisained aitavad s\u00e4ilitada liigeste funktsioone, elastsust ja painduvust.  Selle koostises on kasutatud looduslikke taimseid ekstrakte, et aidata v\u00e4hendada\u00a0liigesep\u00f5letikke.\u00a0Taimed nagu kurkum ja ingverijuur on suure ja tugeva p\u00f5letikuvastase toimega. Erinevalt valuvaigistitest ei ole UNIVERSAL ANIMAL FLEX\u00a0eesm\u00e4rk ajutiselt \u00a0valu \u00e4ra v\u00f5tta, vaid see\u00a0pakub valusatele liigestele abi ja pikemas perspektiivis hoiab liigesed tervena.  Kasutamine:\u00a0V\u00f5ta 1 pakike iga p\u00e4ev, t\u00fchja k\u00f5huga v\u00f5i koos toiduga.  Serveeringu suurus: 1 pakk Serveeringuid kokku: 44 pakki","og_url":"https:\/\/fit360.ee\/en\/pood\/product-groups\/joint-support-en\/universal-animal-flex-44packs\/","og_site_name":"Fit360","article_modified_time":"2026-03-30T08:11:18+00:00","og_image":[{"width":400,"height":400,"url":"https:\/\/fit360.ee\/wp-content\/uploads\/2018\/12\/animalflex_1.jpg","type":"image\/jpeg"}],"twitter_card":"summary_large_image","twitter_misc":{"Est. reading time":"1 minute"},"schema":{"@context":"https:\/\/schema.org","@graph":[{"@type":"WebPage","@id":"https:\/\/fit360.ee\/en\/pood\/product-groups\/joint-support-en\/universal-animal-flex-44packs\/","url":"https:\/\/fit360.ee\/en\/pood\/product-groups\/joint-support-en\/universal-animal-flex-44packs\/","name":"UNIVERSAL Animal Flex (44packs) - Fit360","isPartOf":{"@id":"https:\/\/fit360.ee\/en\/#website"},"primaryImageOfPage":{"@id":"https:\/\/fit360.ee\/en\/pood\/product-groups\/joint-support-en\/universal-animal-flex-44packs\/#primaryimage"},"image":{"@id":"https:\/\/fit360.ee\/en\/pood\/product-groups\/joint-support-en\/universal-animal-flex-44packs\/#primaryimage"},"thumbnailUrl":"https:\/\/fit360.ee\/wp-content\/uploads\/2018\/12\/animalflex_1.jpg","datePublished":"2018-12-28T08:13:17+00:00","dateModified":"2026-03-30T08:11:18+00:00","breadcrumb":{"@id":"https:\/\/fit360.ee\/en\/pood\/product-groups\/joint-support-en\/universal-animal-flex-44packs\/#breadcrumb"},"inLanguage":"en-US","potentialAction":[{"@type":"ReadAction","target":["https:\/\/fit360.ee\/en\/pood\/product-groups\/joint-support-en\/universal-animal-flex-44packs\/"]}]},{"@type":"ImageObject","inLanguage":"en-US","@id":"https:\/\/fit360.ee\/en\/pood\/product-groups\/joint-support-en\/universal-animal-flex-44packs\/#primaryimage","url":"https:\/\/fit360.ee\/wp-content\/uploads\/2018\/12\/animalflex_1.jpg","contentUrl":"https:\/\/fit360.ee\/wp-content\/uploads\/2018\/12\/animalflex_1.jpg","width":400,"height":400},{"@type":"BreadcrumbList","@id":"https:\/\/fit360.ee\/en\/pood\/product-groups\/joint-support-en\/universal-animal-flex-44packs\/#breadcrumb","itemListElement":[{"@type":"ListItem","position":1,"name":"Home","item":"https:\/\/fit360.ee\/en\/"},{"@type":"ListItem","position":2,"name":"Shop","item":"https:\/\/fit360.ee\/en\/shop\/"},{"@type":"ListItem","position":3,"name":"UNIVERSAL Animal Flex (44packs)"}]},{"@type":"WebSite","@id":"https:\/\/fit360.ee\/en\/#website","url":"https:\/\/fit360.ee\/en\/","name":"Fit360","description":"","publisher":{"@id":"https:\/\/fit360.ee\/en\/#organization"},"potentialAction":[{"@type":"SearchAction","target":{"@type":"EntryPoint","urlTemplate":"https:\/\/fit360.ee\/en\/?s={search_term_string}"},"query-input":{"@type":"PropertyValueSpecification","valueRequired":true,"valueName":"search_term_string"}}],"inLanguage":"en-US"},{"@type":"Organization","@id":"https:\/\/fit360.ee\/en\/#organization","name":"Fit360","url":"https:\/\/fit360.ee\/en\/","logo":{"@type":"ImageObject","inLanguage":"en-US","@id":"https:\/\/fit360.ee\/en\/#\/schema\/logo\/image\/","url":"https:\/\/fit360.ee\/wp-content\/uploads\/2017\/01\/logo-fit360.png","contentUrl":"https:\/\/fit360.ee\/wp-content\/uploads\/2017\/01\/logo-fit360.png","width":180,"height":66,"caption":"Fit360"},"image":{"@id":"https:\/\/fit360.ee\/en\/#\/schema\/logo\/image\/"}}]}},"_links":{"self":[{"href":"https:\/\/fit360.ee\/en\/wp-json\/wp\/v2\/product\/18966","targetHints":{"allow":["GET"]}}],"collection":[{"href":"https:\/\/fit360.ee\/en\/wp-json\/wp\/v2\/product"}],"about":[{"href":"https:\/\/fit360.ee\/en\/wp-json\/wp\/v2\/types\/product"}],"replies":[{"embeddable":true,"href":"https:\/\/fit360.ee\/en\/wp-json\/wp\/v2\/comments?post=18966"}],"wp:featuredmedia":[{"embeddable":true,"href":"https:\/\/fit360.ee\/en\/wp-json\/wp\/v2\/media\/18965"}],"wp:attachment":[{"href":"https:\/\/fit360.ee\/en\/wp-json\/wp\/v2\/media?parent=18966"}],"wp:term":[{"taxonomy":"product_brand","embeddable":true,"href":"https:\/\/fit360.ee\/en\/wp-json\/wp\/v2\/product_brand?post=18966"},{"taxonomy":"product_cat","embeddable":true,"href":"https:\/\/fit360.ee\/en\/wp-json\/wp\/v2\/product_cat?post=18966"},{"taxonomy":"product_tag","embeddable":true,"href":"https:\/\/fit360.ee\/en\/wp-json\/wp\/v2\/product_tag?post=18966"},{"taxonomy":"giftcard-category","embeddable":true,"href":"https:\/\/fit360.ee\/en\/wp-json\/wp\/v2\/giftcard-category?post=18966"}],"curies":[{"name":"wp","href":"https:\/\/api.w.org\/{rel}","templated":true}]}}