{"id":19635,"date":"2019-01-18T11:24:02","date_gmt":"2019-01-18T09:24:02","guid":{"rendered":"https:\/\/fit360.ee\/?post_type=product&#038;p=19635\/"},"modified":"2025-11-17T18:14:11","modified_gmt":"2025-11-17T16:14:11","slug":"smartshaker-slim-sinine-500ml","status":"publish","type":"product","link":"https:\/\/fit360.ee\/en\/pood\/training-equipment-en\/shakers-en\/smartshaker-slim-sinine-500ml\/","title":{"rendered":"SmartShaker Slim, Sinine (500ml)"},"content":{"rendered":"<p><img decoding=\"async\" src=\"https:\/\/shop.r10s.jp\/smartkitchen\/cabinet\/3\/imgrc0062148310.jpg\" alt=\"Pildiotsingu smartshaker slim tulemus\" \/><\/p>\n<p>Soovid kaupa osta suuremas koguses? Vaata antud toodet ka meie HULGI poest\u00a0<a href=\"https:\/\/toidulisandidhulgi.ee\/product\/smartshaker-slim-sinine-500ml\/\"><strong>SIIT<\/strong><\/a>!<\/p>\n","protected":false},"excerpt":{"rendered":"<p><strong>SMARTSHAKER SLIM<\/strong>:<\/p>\n<ul>\n<li><strong>BPA<\/strong>&#8211; ja <strong>DEHP<\/strong> vaba plastikust<\/li>\n<li>Lekkimiskindel<\/li>\n<li>Ei kogu kondensatsiooni &#8211; hoiab Sinu \u0161eikeri puhtana<\/li>\n<li>Kaunis disain<\/li>\n<li>M\u00f5nus kaasas kanda<\/li>\n<li>V\u00f5ib pesta n\u00f5udepesumasinas<\/li>\n<li>Kaks konteinerit<\/li>\n<\/ul>\n<p><strong>SmartShaker Slim<\/strong> on v\u00e4iksem versioon SmartShaker originalist. <strong>SmartShaker Slim<\/strong> on disanilt v\u00e4ga stiilne ning sobib ideaalselt neile, kes saavad hakkama v\u00e4iksema vedeliku kogusega treeningu ajal v\u00f5i t\u00f6\u00f6l olles. Nagu ka SmartShaker originalil, on SmartShaker Slimil all lisa konteiner, mille sisse saab varustada erinevaid taastusjoogi pulbreid, tablette\/kapsleid, p\u00e4hkleid jms.<\/p>\n<p><strong>MAHUTAVUS<\/strong>: 500ml<\/p>\n<p><strong>V\u00c4RVUS<\/strong>: Sinine<\/p>\n","protected":false},"featured_media":19637,"comment_status":"open","ping_status":"closed","template":"","meta":[],"product_brand":[],"product_cat":[551,538],"product_tag":[],"giftcard-category":[],"class_list":{"0":"post-19635","1":"product","2":"type-product","3":"status-publish","4":"has-post-thumbnail","6":"product_cat-shakers-en","7":"product_cat-training-equipment-en","8":"pa_brand-smartshake-en","9":"pa_varustus-drinking-bottles","10":"pa_varustus-shakers","11":"pa_varvus-blue","13":"first","14":"outofstock","15":"sale","16":"taxable","17":"shipping-taxable","18":"purchasable","19":"product-type-simple"},"yoast_head":"<!-- This site is optimized with the Yoast SEO plugin v27.3 - https:\/\/yoast.com\/product\/yoast-seo-wordpress\/ -->\n<title>SmartShaker Slim, Sinine (500ml) - Fit360<\/title>\n<meta name=\"robots\" content=\"index, follow, max-snippet:-1, max-image-preview:large, max-video-preview:-1\" \/>\n<link rel=\"canonical\" href=\"https:\/\/fit360.ee\/en\/pood\/training-equipment-en\/shakers-en\/smartshaker-slim-sinine-500ml\/\" \/>\n<meta property=\"og:locale\" content=\"en_US\" \/>\n<meta property=\"og:type\" content=\"article\" \/>\n<meta property=\"og:title\" content=\"SmartShaker Slim, Sinine (500ml) - Fit360\" \/>\n<meta property=\"og:description\" content=\"SMARTSHAKER SLIM:   BPA- ja DEHP vaba plastikust  Lekkimiskindel  Ei kogu kondensatsiooni - hoiab Sinu \u0161eikeri puhtana  Kaunis disain  M\u00f5nus kaasas kanda  V\u00f5ib pesta n\u00f5udepesumasinas  Kaks konteinerit  SmartShaker Slim on v\u00e4iksem versioon SmartShaker originalist. SmartShaker Slim on disanilt v\u00e4ga stiilne ning sobib ideaalselt neile, kes saavad hakkama v\u00e4iksema vedeliku kogusega treeningu ajal v\u00f5i t\u00f6\u00f6l olles. Nagu ka SmartShaker originalil, on SmartShaker Slimil all lisa konteiner, mille sisse saab varustada erinevaid taastusjoogi pulbreid, tablette\/kapsleid, p\u00e4hkleid jms.  MAHUTAVUS: 500ml  V\u00c4RVUS: Sinine\" \/>\n<meta property=\"og:url\" content=\"https:\/\/fit360.ee\/en\/pood\/training-equipment-en\/shakers-en\/smartshaker-slim-sinine-500ml\/\" \/>\n<meta property=\"og:site_name\" content=\"Fit360\" \/>\n<meta property=\"article:modified_time\" content=\"2025-11-17T16:14:11+00:00\" \/>\n<meta property=\"og:image\" content=\"https:\/\/fit360.ee\/wp-content\/uploads\/2019\/01\/ae65873c13bffea1508af9a5e961b896.jpeg\" \/>\n\t<meta property=\"og:image:width\" content=\"700\" \/>\n\t<meta property=\"og:image:height\" content=\"700\" \/>\n\t<meta property=\"og:image:type\" content=\"image\/jpeg\" \/>\n<meta name=\"twitter:card\" content=\"summary_large_image\" \/>\n<meta name=\"twitter:label1\" content=\"Est. reading time\" \/>\n\t<meta name=\"twitter:data1\" content=\"1 minute\" \/>\n<script type=\"application\/ld+json\" class=\"yoast-schema-graph\">{\"@context\":\"https:\\\/\\\/schema.org\",\"@graph\":[{\"@type\":\"WebPage\",\"@id\":\"https:\\\/\\\/fit360.ee\\\/en\\\/pood\\\/training-equipment-en\\\/shakers-en\\\/smartshaker-slim-sinine-500ml\\\/\",\"url\":\"https:\\\/\\\/fit360.ee\\\/en\\\/pood\\\/training-equipment-en\\\/shakers-en\\\/smartshaker-slim-sinine-500ml\\\/\",\"name\":\"SmartShaker Slim, Sinine (500ml) - Fit360\",\"isPartOf\":{\"@id\":\"https:\\\/\\\/fit360.ee\\\/en\\\/#website\"},\"primaryImageOfPage\":{\"@id\":\"https:\\\/\\\/fit360.ee\\\/en\\\/pood\\\/training-equipment-en\\\/shakers-en\\\/smartshaker-slim-sinine-500ml\\\/#primaryimage\"},\"image\":{\"@id\":\"https:\\\/\\\/fit360.ee\\\/en\\\/pood\\\/training-equipment-en\\\/shakers-en\\\/smartshaker-slim-sinine-500ml\\\/#primaryimage\"},\"thumbnailUrl\":\"https:\\\/\\\/fit360.ee\\\/wp-content\\\/uploads\\\/2019\\\/01\\\/ae65873c13bffea1508af9a5e961b896.jpeg\",\"datePublished\":\"2019-01-18T09:24:02+00:00\",\"dateModified\":\"2025-11-17T16:14:11+00:00\",\"breadcrumb\":{\"@id\":\"https:\\\/\\\/fit360.ee\\\/en\\\/pood\\\/training-equipment-en\\\/shakers-en\\\/smartshaker-slim-sinine-500ml\\\/#breadcrumb\"},\"inLanguage\":\"en-US\",\"potentialAction\":[{\"@type\":\"ReadAction\",\"target\":[\"https:\\\/\\\/fit360.ee\\\/en\\\/pood\\\/training-equipment-en\\\/shakers-en\\\/smartshaker-slim-sinine-500ml\\\/\"]}]},{\"@type\":\"ImageObject\",\"inLanguage\":\"en-US\",\"@id\":\"https:\\\/\\\/fit360.ee\\\/en\\\/pood\\\/training-equipment-en\\\/shakers-en\\\/smartshaker-slim-sinine-500ml\\\/#primaryimage\",\"url\":\"https:\\\/\\\/fit360.ee\\\/wp-content\\\/uploads\\\/2019\\\/01\\\/ae65873c13bffea1508af9a5e961b896.jpeg\",\"contentUrl\":\"https:\\\/\\\/fit360.ee\\\/wp-content\\\/uploads\\\/2019\\\/01\\\/ae65873c13bffea1508af9a5e961b896.jpeg\",\"width\":700,\"height\":700},{\"@type\":\"BreadcrumbList\",\"@id\":\"https:\\\/\\\/fit360.ee\\\/en\\\/pood\\\/training-equipment-en\\\/shakers-en\\\/smartshaker-slim-sinine-500ml\\\/#breadcrumb\",\"itemListElement\":[{\"@type\":\"ListItem\",\"position\":1,\"name\":\"Home\",\"item\":\"https:\\\/\\\/fit360.ee\\\/en\\\/\"},{\"@type\":\"ListItem\",\"position\":2,\"name\":\"Shop\",\"item\":\"https:\\\/\\\/fit360.ee\\\/en\\\/shop\\\/\"},{\"@type\":\"ListItem\",\"position\":3,\"name\":\"SmartShaker Slim, Sinine (500ml)\"}]},{\"@type\":\"WebSite\",\"@id\":\"https:\\\/\\\/fit360.ee\\\/en\\\/#website\",\"url\":\"https:\\\/\\\/fit360.ee\\\/en\\\/\",\"name\":\"Fit360\",\"description\":\"\",\"publisher\":{\"@id\":\"https:\\\/\\\/fit360.ee\\\/en\\\/#organization\"},\"potentialAction\":[{\"@type\":\"SearchAction\",\"target\":{\"@type\":\"EntryPoint\",\"urlTemplate\":\"https:\\\/\\\/fit360.ee\\\/en\\\/?s={search_term_string}\"},\"query-input\":{\"@type\":\"PropertyValueSpecification\",\"valueRequired\":true,\"valueName\":\"search_term_string\"}}],\"inLanguage\":\"en-US\"},{\"@type\":\"Organization\",\"@id\":\"https:\\\/\\\/fit360.ee\\\/en\\\/#organization\",\"name\":\"Fit360\",\"url\":\"https:\\\/\\\/fit360.ee\\\/en\\\/\",\"logo\":{\"@type\":\"ImageObject\",\"inLanguage\":\"en-US\",\"@id\":\"https:\\\/\\\/fit360.ee\\\/en\\\/#\\\/schema\\\/logo\\\/image\\\/\",\"url\":\"https:\\\/\\\/fit360.ee\\\/wp-content\\\/uploads\\\/2017\\\/01\\\/logo-fit360.png\",\"contentUrl\":\"https:\\\/\\\/fit360.ee\\\/wp-content\\\/uploads\\\/2017\\\/01\\\/logo-fit360.png\",\"width\":180,\"height\":66,\"caption\":\"Fit360\"},\"image\":{\"@id\":\"https:\\\/\\\/fit360.ee\\\/en\\\/#\\\/schema\\\/logo\\\/image\\\/\"}}]}<\/script>\n<!-- \/ Yoast SEO plugin. -->","yoast_head_json":{"title":"SmartShaker Slim, Sinine (500ml) - Fit360","robots":{"index":"index","follow":"follow","max-snippet":"max-snippet:-1","max-image-preview":"max-image-preview:large","max-video-preview":"max-video-preview:-1"},"canonical":"https:\/\/fit360.ee\/en\/pood\/training-equipment-en\/shakers-en\/smartshaker-slim-sinine-500ml\/","og_locale":"en_US","og_type":"article","og_title":"SmartShaker Slim, Sinine (500ml) - Fit360","og_description":"SMARTSHAKER SLIM:   BPA- ja DEHP vaba plastikust  Lekkimiskindel  Ei kogu kondensatsiooni - hoiab Sinu \u0161eikeri puhtana  Kaunis disain  M\u00f5nus kaasas kanda  V\u00f5ib pesta n\u00f5udepesumasinas  Kaks konteinerit  SmartShaker Slim on v\u00e4iksem versioon SmartShaker originalist. SmartShaker Slim on disanilt v\u00e4ga stiilne ning sobib ideaalselt neile, kes saavad hakkama v\u00e4iksema vedeliku kogusega treeningu ajal v\u00f5i t\u00f6\u00f6l olles. Nagu ka SmartShaker originalil, on SmartShaker Slimil all lisa konteiner, mille sisse saab varustada erinevaid taastusjoogi pulbreid, tablette\/kapsleid, p\u00e4hkleid jms.  MAHUTAVUS: 500ml  V\u00c4RVUS: Sinine","og_url":"https:\/\/fit360.ee\/en\/pood\/training-equipment-en\/shakers-en\/smartshaker-slim-sinine-500ml\/","og_site_name":"Fit360","article_modified_time":"2025-11-17T16:14:11+00:00","og_image":[{"width":700,"height":700,"url":"https:\/\/fit360.ee\/wp-content\/uploads\/2019\/01\/ae65873c13bffea1508af9a5e961b896.jpeg","type":"image\/jpeg"}],"twitter_card":"summary_large_image","twitter_misc":{"Est. reading time":"1 minute"},"schema":{"@context":"https:\/\/schema.org","@graph":[{"@type":"WebPage","@id":"https:\/\/fit360.ee\/en\/pood\/training-equipment-en\/shakers-en\/smartshaker-slim-sinine-500ml\/","url":"https:\/\/fit360.ee\/en\/pood\/training-equipment-en\/shakers-en\/smartshaker-slim-sinine-500ml\/","name":"SmartShaker Slim, Sinine (500ml) - Fit360","isPartOf":{"@id":"https:\/\/fit360.ee\/en\/#website"},"primaryImageOfPage":{"@id":"https:\/\/fit360.ee\/en\/pood\/training-equipment-en\/shakers-en\/smartshaker-slim-sinine-500ml\/#primaryimage"},"image":{"@id":"https:\/\/fit360.ee\/en\/pood\/training-equipment-en\/shakers-en\/smartshaker-slim-sinine-500ml\/#primaryimage"},"thumbnailUrl":"https:\/\/fit360.ee\/wp-content\/uploads\/2019\/01\/ae65873c13bffea1508af9a5e961b896.jpeg","datePublished":"2019-01-18T09:24:02+00:00","dateModified":"2025-11-17T16:14:11+00:00","breadcrumb":{"@id":"https:\/\/fit360.ee\/en\/pood\/training-equipment-en\/shakers-en\/smartshaker-slim-sinine-500ml\/#breadcrumb"},"inLanguage":"en-US","potentialAction":[{"@type":"ReadAction","target":["https:\/\/fit360.ee\/en\/pood\/training-equipment-en\/shakers-en\/smartshaker-slim-sinine-500ml\/"]}]},{"@type":"ImageObject","inLanguage":"en-US","@id":"https:\/\/fit360.ee\/en\/pood\/training-equipment-en\/shakers-en\/smartshaker-slim-sinine-500ml\/#primaryimage","url":"https:\/\/fit360.ee\/wp-content\/uploads\/2019\/01\/ae65873c13bffea1508af9a5e961b896.jpeg","contentUrl":"https:\/\/fit360.ee\/wp-content\/uploads\/2019\/01\/ae65873c13bffea1508af9a5e961b896.jpeg","width":700,"height":700},{"@type":"BreadcrumbList","@id":"https:\/\/fit360.ee\/en\/pood\/training-equipment-en\/shakers-en\/smartshaker-slim-sinine-500ml\/#breadcrumb","itemListElement":[{"@type":"ListItem","position":1,"name":"Home","item":"https:\/\/fit360.ee\/en\/"},{"@type":"ListItem","position":2,"name":"Shop","item":"https:\/\/fit360.ee\/en\/shop\/"},{"@type":"ListItem","position":3,"name":"SmartShaker Slim, Sinine (500ml)"}]},{"@type":"WebSite","@id":"https:\/\/fit360.ee\/en\/#website","url":"https:\/\/fit360.ee\/en\/","name":"Fit360","description":"","publisher":{"@id":"https:\/\/fit360.ee\/en\/#organization"},"potentialAction":[{"@type":"SearchAction","target":{"@type":"EntryPoint","urlTemplate":"https:\/\/fit360.ee\/en\/?s={search_term_string}"},"query-input":{"@type":"PropertyValueSpecification","valueRequired":true,"valueName":"search_term_string"}}],"inLanguage":"en-US"},{"@type":"Organization","@id":"https:\/\/fit360.ee\/en\/#organization","name":"Fit360","url":"https:\/\/fit360.ee\/en\/","logo":{"@type":"ImageObject","inLanguage":"en-US","@id":"https:\/\/fit360.ee\/en\/#\/schema\/logo\/image\/","url":"https:\/\/fit360.ee\/wp-content\/uploads\/2017\/01\/logo-fit360.png","contentUrl":"https:\/\/fit360.ee\/wp-content\/uploads\/2017\/01\/logo-fit360.png","width":180,"height":66,"caption":"Fit360"},"image":{"@id":"https:\/\/fit360.ee\/en\/#\/schema\/logo\/image\/"}}]}},"_links":{"self":[{"href":"https:\/\/fit360.ee\/en\/wp-json\/wp\/v2\/product\/19635","targetHints":{"allow":["GET"]}}],"collection":[{"href":"https:\/\/fit360.ee\/en\/wp-json\/wp\/v2\/product"}],"about":[{"href":"https:\/\/fit360.ee\/en\/wp-json\/wp\/v2\/types\/product"}],"replies":[{"embeddable":true,"href":"https:\/\/fit360.ee\/en\/wp-json\/wp\/v2\/comments?post=19635"}],"wp:featuredmedia":[{"embeddable":true,"href":"https:\/\/fit360.ee\/en\/wp-json\/wp\/v2\/media\/19637"}],"wp:attachment":[{"href":"https:\/\/fit360.ee\/en\/wp-json\/wp\/v2\/media?parent=19635"}],"wp:term":[{"taxonomy":"product_brand","embeddable":true,"href":"https:\/\/fit360.ee\/en\/wp-json\/wp\/v2\/product_brand?post=19635"},{"taxonomy":"product_cat","embeddable":true,"href":"https:\/\/fit360.ee\/en\/wp-json\/wp\/v2\/product_cat?post=19635"},{"taxonomy":"product_tag","embeddable":true,"href":"https:\/\/fit360.ee\/en\/wp-json\/wp\/v2\/product_tag?post=19635"},{"taxonomy":"giftcard-category","embeddable":true,"href":"https:\/\/fit360.ee\/en\/wp-json\/wp\/v2\/giftcard-category?post=19635"}],"curies":[{"name":"wp","href":"https:\/\/api.w.org\/{rel}","templated":true}]}}