{"id":19846,"date":"2019-02-18T16:49:17","date_gmt":"2019-02-18T14:49:17","guid":{"rendered":"https:\/\/fit360.ee\/pood\/uncategorized\/proactive-caffeine\/"},"modified":"2025-08-13T07:36:28","modified_gmt":"2025-08-13T05:36:28","slug":"proactive-caffeine","status":"publish","type":"product","link":"https:\/\/fit360.ee\/en\/pood\/product-groups\/pre-workout-en\/proactive-caffeine\/","title":{"rendered":"ProActive Kofeiini tabletid 200mg &#8211; Caffeine (110tbl.)"},"content":{"rendered":"<h1>Kofeiini tabletid 200mg<\/h1>\n<p>Kofeiini tabletid on kiire ja lihtne alternatiiv kohvi valmistamisele.<\/p>\n<p>Kofeiin peletab ajutiselt v\u00e4simuse, on erguti. Kofeiin tugevdab ja kiirendab s\u00fcdametegevust, teravdab t\u00e4helepanuv\u00f5imet, aitab keskenduda ja t\u00f5stab t\u00f6\u00f6 efektiivsust.<\/p>\n<p><strong>Koostisosad: <\/strong>kofeiin, t\u00e4iteaine &#8211; tselluloos, paakumisvastased ained &#8211; magneesiumsoolad rasvhapetest, r\u00e4nidioksiid.<\/p>\n<p><strong>Kasutamine: <\/strong>tarbi 2 tabletti p\u00e4evas, 1 tablett korraga. Tarbi tund aega enne f\u00fc\u00fcsilist koormust. Toode on m\u00f5eldud inimestele, kes tegelevad spordiga mis n\u00f5uab kestvust. \u00c4ra \u00fcleta soovitatud p\u00e4evast kogust.<\/p>\n<p><strong>Hoiatus: <\/strong>\u00e4ra tarbi kui oled m\u00f5ne koostisosa vastu allergiline. Toidulisandeid ei tohi tarbida asendusena varieeruvale ja rikastatud dieedile. Hoida lastele k\u00e4ttesaamatus kohas. Toode on m\u00f5eldud t\u00e4iskasvanutele.<\/p>\n<p><strong>Pakendi suurus: <\/strong>110 tabletti, 55 p\u00e4evast kogust<\/p>\n<p><strong>Hoiustamine: <\/strong>hoia kuivas ja jahedas kohas. Eemal p\u00e4ikesevalgusest.<\/p>\n<p><strong>\u00dche tableti netokaal: <\/strong>450 mg<\/p>\n<table>\n<tbody>\n<tr>\n<td width=\"205\"><strong>Toimeaine<\/strong><\/td>\n<td width=\"205\"><strong>1 tablett<\/strong><\/td>\n<td width=\"205\"><strong>2 tabletti<\/strong><\/td>\n<\/tr>\n<tr>\n<td width=\"205\">Kofeiin<\/td>\n<td width=\"205\">200mg<\/td>\n<td width=\"205\">400mg<\/td>\n<\/tr>\n<\/tbody>\n<\/table>\n<p>Soovid kaupa osta suuremas koguses? Vaata antud toodet ka meie HULGI poest\u00a0<a href=\"https:\/\/toidulisandidhulgi.ee\/product\/proactive-caffeine-110tbl\/\"><strong>SIIT<\/strong><\/a>!<\/p>\n","protected":false},"excerpt":{"rendered":"<h2><strong>Kofeiini tablettide positiivne m\u00f5ju:<\/strong><\/h2>\n<ul>\n<li>Suurem pingetaluvus.<\/li>\n<li>Rohkem energiat.<\/li>\n<li>Parandab t\u00e4helepanu ja valvsust.<\/li>\n<\/ul>\n<p><b>Kofeiin<\/b> on eriti efektiivne toode sportlaste v\u00f5i treenijate jaoks f\u00fc\u00fcsiliselt v\u00f5i mentaalselt koormava tegevuse ajal. T\u00f5stab m\u00e4rgatavalt energia taset organismis.<\/p>\n","protected":false},"featured_media":19845,"comment_status":"open","ping_status":"closed","template":"","meta":[],"product_brand":[],"product_cat":[2485,5324,533,1326,536],"product_tag":[2193,2194,1793],"giftcard-category":[],"class_list":{"0":"post-19846","1":"product","2":"type-product","3":"status-publish","4":"has-post-thumbnail","6":"product_cat-brain-support-nootropics-en","7":"product_cat-caffeine-en","8":"product_cat-pre-workout-en","9":"product_cat-proactive-en","10":"product_cat-vitamins-and-minerals-en","11":"product_tag-caffeine-en","12":"product_tag-kofeiini-tabletid-en","13":"product_tag-proactive-en","14":"pa_toidulisand-branddd-proactive","15":"pa_tootegruppp-aju-tegevus-nootropics-en","16":"pa_tootegruppp-kofeiin-en","17":"pa_tootegruppp-pre-workout","18":"pa_tootegruppp-vitamins-and-minerals","20":"first","21":"outofstock","22":"sale","23":"taxable","24":"shipping-taxable","25":"purchasable","26":"product-type-simple"},"yoast_head":"<!-- This site is optimized with the Yoast SEO plugin v27.3 - https:\/\/yoast.com\/product\/yoast-seo-wordpress\/ -->\n<title>Kofeiini tabletid 200mg (110tbl) - Kofeiin - Kiire tarne - Parim hind - Fit360<\/title>\n<meta name=\"description\" content=\"Kofeiini tabletid peletavad ajutiselt v\u00e4simuse, olles erguti. Kofeiin tugevdab ja kiirendab s\u00fcdametegevust ning t\u00f5stab t\u00f6\u00f6 efektiivsust.\" \/>\n<meta name=\"robots\" content=\"index, follow, max-snippet:-1, max-image-preview:large, max-video-preview:-1\" \/>\n<link rel=\"canonical\" href=\"https:\/\/fit360.ee\/en\/pood\/product-groups\/pre-workout-en\/proactive-caffeine\/\" \/>\n<meta property=\"og:locale\" content=\"en_US\" \/>\n<meta property=\"og:type\" content=\"article\" \/>\n<meta property=\"og:title\" content=\"Kofeiini tabletid 200mg (110tbl) - Kofeiin - Kiire tarne - Parim hind - Fit360\" \/>\n<meta property=\"og:description\" content=\"Kofeiini tabletid peletavad ajutiselt v\u00e4simuse, olles erguti. Kofeiin tugevdab ja kiirendab s\u00fcdametegevust ning t\u00f5stab t\u00f6\u00f6 efektiivsust.\" \/>\n<meta property=\"og:url\" content=\"https:\/\/fit360.ee\/en\/pood\/product-groups\/pre-workout-en\/proactive-caffeine\/\" \/>\n<meta property=\"og:site_name\" content=\"Fit360\" \/>\n<meta property=\"article:modified_time\" content=\"2025-08-13T05:36:28+00:00\" \/>\n<meta property=\"og:image\" content=\"https:\/\/fit360.ee\/wp-content\/uploads\/2019\/02\/proactive-caffeine-110tabl.jpg\" \/>\n\t<meta property=\"og:image:width\" content=\"458\" \/>\n\t<meta property=\"og:image:height\" content=\"458\" \/>\n\t<meta property=\"og:image:type\" content=\"image\/jpeg\" \/>\n<meta name=\"twitter:card\" content=\"summary_large_image\" \/>\n<meta name=\"twitter:label1\" content=\"Est. reading time\" \/>\n\t<meta name=\"twitter:data1\" content=\"1 minute\" \/>\n<script type=\"application\/ld+json\" class=\"yoast-schema-graph\">{\"@context\":\"https:\\\/\\\/schema.org\",\"@graph\":[{\"@type\":\"WebPage\",\"@id\":\"https:\\\/\\\/fit360.ee\\\/en\\\/pood\\\/product-groups\\\/pre-workout-en\\\/proactive-caffeine\\\/\",\"url\":\"https:\\\/\\\/fit360.ee\\\/en\\\/pood\\\/product-groups\\\/pre-workout-en\\\/proactive-caffeine\\\/\",\"name\":\"Kofeiini tabletid 200mg (110tbl) - Kofeiin - Kiire tarne - Parim hind - Fit360\",\"isPartOf\":{\"@id\":\"https:\\\/\\\/fit360.ee\\\/en\\\/#website\"},\"primaryImageOfPage\":{\"@id\":\"https:\\\/\\\/fit360.ee\\\/en\\\/pood\\\/product-groups\\\/pre-workout-en\\\/proactive-caffeine\\\/#primaryimage\"},\"image\":{\"@id\":\"https:\\\/\\\/fit360.ee\\\/en\\\/pood\\\/product-groups\\\/pre-workout-en\\\/proactive-caffeine\\\/#primaryimage\"},\"thumbnailUrl\":\"https:\\\/\\\/fit360.ee\\\/wp-content\\\/uploads\\\/2019\\\/02\\\/proactive-caffeine-110tabl.jpg\",\"datePublished\":\"2019-02-18T14:49:17+00:00\",\"dateModified\":\"2025-08-13T05:36:28+00:00\",\"description\":\"Kofeiini tabletid peletavad ajutiselt v\u00e4simuse, olles erguti. Kofeiin tugevdab ja kiirendab s\u00fcdametegevust ning t\u00f5stab t\u00f6\u00f6 efektiivsust.\",\"breadcrumb\":{\"@id\":\"https:\\\/\\\/fit360.ee\\\/en\\\/pood\\\/product-groups\\\/pre-workout-en\\\/proactive-caffeine\\\/#breadcrumb\"},\"inLanguage\":\"en-US\",\"potentialAction\":[{\"@type\":\"ReadAction\",\"target\":[\"https:\\\/\\\/fit360.ee\\\/en\\\/pood\\\/product-groups\\\/pre-workout-en\\\/proactive-caffeine\\\/\"]}]},{\"@type\":\"ImageObject\",\"inLanguage\":\"en-US\",\"@id\":\"https:\\\/\\\/fit360.ee\\\/en\\\/pood\\\/product-groups\\\/pre-workout-en\\\/proactive-caffeine\\\/#primaryimage\",\"url\":\"https:\\\/\\\/fit360.ee\\\/wp-content\\\/uploads\\\/2019\\\/02\\\/proactive-caffeine-110tabl.jpg\",\"contentUrl\":\"https:\\\/\\\/fit360.ee\\\/wp-content\\\/uploads\\\/2019\\\/02\\\/proactive-caffeine-110tabl.jpg\",\"width\":458,\"height\":458,\"caption\":\"kofeiini tabletid 200mg - fit360.ee\"},{\"@type\":\"BreadcrumbList\",\"@id\":\"https:\\\/\\\/fit360.ee\\\/en\\\/pood\\\/product-groups\\\/pre-workout-en\\\/proactive-caffeine\\\/#breadcrumb\",\"itemListElement\":[{\"@type\":\"ListItem\",\"position\":1,\"name\":\"Home\",\"item\":\"https:\\\/\\\/fit360.ee\\\/en\\\/\"},{\"@type\":\"ListItem\",\"position\":2,\"name\":\"Shop\",\"item\":\"https:\\\/\\\/fit360.ee\\\/en\\\/shop\\\/\"},{\"@type\":\"ListItem\",\"position\":3,\"name\":\"ProActive Kofeiini tabletid 200mg &#8211; Caffeine (110tbl.)\"}]},{\"@type\":\"WebSite\",\"@id\":\"https:\\\/\\\/fit360.ee\\\/en\\\/#website\",\"url\":\"https:\\\/\\\/fit360.ee\\\/en\\\/\",\"name\":\"Fit360\",\"description\":\"\",\"publisher\":{\"@id\":\"https:\\\/\\\/fit360.ee\\\/en\\\/#organization\"},\"potentialAction\":[{\"@type\":\"SearchAction\",\"target\":{\"@type\":\"EntryPoint\",\"urlTemplate\":\"https:\\\/\\\/fit360.ee\\\/en\\\/?s={search_term_string}\"},\"query-input\":{\"@type\":\"PropertyValueSpecification\",\"valueRequired\":true,\"valueName\":\"search_term_string\"}}],\"inLanguage\":\"en-US\"},{\"@type\":\"Organization\",\"@id\":\"https:\\\/\\\/fit360.ee\\\/en\\\/#organization\",\"name\":\"Fit360\",\"url\":\"https:\\\/\\\/fit360.ee\\\/en\\\/\",\"logo\":{\"@type\":\"ImageObject\",\"inLanguage\":\"en-US\",\"@id\":\"https:\\\/\\\/fit360.ee\\\/en\\\/#\\\/schema\\\/logo\\\/image\\\/\",\"url\":\"https:\\\/\\\/fit360.ee\\\/wp-content\\\/uploads\\\/2017\\\/01\\\/logo-fit360.png\",\"contentUrl\":\"https:\\\/\\\/fit360.ee\\\/wp-content\\\/uploads\\\/2017\\\/01\\\/logo-fit360.png\",\"width\":180,\"height\":66,\"caption\":\"Fit360\"},\"image\":{\"@id\":\"https:\\\/\\\/fit360.ee\\\/en\\\/#\\\/schema\\\/logo\\\/image\\\/\"}}]}<\/script>\n<!-- \/ Yoast SEO plugin. -->","yoast_head_json":{"title":"Kofeiini tabletid 200mg (110tbl) - Kofeiin - Kiire tarne - Parim hind - Fit360","description":"Kofeiini tabletid peletavad ajutiselt v\u00e4simuse, olles erguti. Kofeiin tugevdab ja kiirendab s\u00fcdametegevust ning t\u00f5stab t\u00f6\u00f6 efektiivsust.","robots":{"index":"index","follow":"follow","max-snippet":"max-snippet:-1","max-image-preview":"max-image-preview:large","max-video-preview":"max-video-preview:-1"},"canonical":"https:\/\/fit360.ee\/en\/pood\/product-groups\/pre-workout-en\/proactive-caffeine\/","og_locale":"en_US","og_type":"article","og_title":"Kofeiini tabletid 200mg (110tbl) - Kofeiin - Kiire tarne - Parim hind - Fit360","og_description":"Kofeiini tabletid peletavad ajutiselt v\u00e4simuse, olles erguti. Kofeiin tugevdab ja kiirendab s\u00fcdametegevust ning t\u00f5stab t\u00f6\u00f6 efektiivsust.","og_url":"https:\/\/fit360.ee\/en\/pood\/product-groups\/pre-workout-en\/proactive-caffeine\/","og_site_name":"Fit360","article_modified_time":"2025-08-13T05:36:28+00:00","og_image":[{"width":458,"height":458,"url":"https:\/\/fit360.ee\/wp-content\/uploads\/2019\/02\/proactive-caffeine-110tabl.jpg","type":"image\/jpeg"}],"twitter_card":"summary_large_image","twitter_misc":{"Est. reading time":"1 minute"},"schema":{"@context":"https:\/\/schema.org","@graph":[{"@type":"WebPage","@id":"https:\/\/fit360.ee\/en\/pood\/product-groups\/pre-workout-en\/proactive-caffeine\/","url":"https:\/\/fit360.ee\/en\/pood\/product-groups\/pre-workout-en\/proactive-caffeine\/","name":"Kofeiini tabletid 200mg (110tbl) - Kofeiin - Kiire tarne - Parim hind - Fit360","isPartOf":{"@id":"https:\/\/fit360.ee\/en\/#website"},"primaryImageOfPage":{"@id":"https:\/\/fit360.ee\/en\/pood\/product-groups\/pre-workout-en\/proactive-caffeine\/#primaryimage"},"image":{"@id":"https:\/\/fit360.ee\/en\/pood\/product-groups\/pre-workout-en\/proactive-caffeine\/#primaryimage"},"thumbnailUrl":"https:\/\/fit360.ee\/wp-content\/uploads\/2019\/02\/proactive-caffeine-110tabl.jpg","datePublished":"2019-02-18T14:49:17+00:00","dateModified":"2025-08-13T05:36:28+00:00","description":"Kofeiini tabletid peletavad ajutiselt v\u00e4simuse, olles erguti. Kofeiin tugevdab ja kiirendab s\u00fcdametegevust ning t\u00f5stab t\u00f6\u00f6 efektiivsust.","breadcrumb":{"@id":"https:\/\/fit360.ee\/en\/pood\/product-groups\/pre-workout-en\/proactive-caffeine\/#breadcrumb"},"inLanguage":"en-US","potentialAction":[{"@type":"ReadAction","target":["https:\/\/fit360.ee\/en\/pood\/product-groups\/pre-workout-en\/proactive-caffeine\/"]}]},{"@type":"ImageObject","inLanguage":"en-US","@id":"https:\/\/fit360.ee\/en\/pood\/product-groups\/pre-workout-en\/proactive-caffeine\/#primaryimage","url":"https:\/\/fit360.ee\/wp-content\/uploads\/2019\/02\/proactive-caffeine-110tabl.jpg","contentUrl":"https:\/\/fit360.ee\/wp-content\/uploads\/2019\/02\/proactive-caffeine-110tabl.jpg","width":458,"height":458,"caption":"kofeiini tabletid 200mg - fit360.ee"},{"@type":"BreadcrumbList","@id":"https:\/\/fit360.ee\/en\/pood\/product-groups\/pre-workout-en\/proactive-caffeine\/#breadcrumb","itemListElement":[{"@type":"ListItem","position":1,"name":"Home","item":"https:\/\/fit360.ee\/en\/"},{"@type":"ListItem","position":2,"name":"Shop","item":"https:\/\/fit360.ee\/en\/shop\/"},{"@type":"ListItem","position":3,"name":"ProActive Kofeiini tabletid 200mg &#8211; Caffeine (110tbl.)"}]},{"@type":"WebSite","@id":"https:\/\/fit360.ee\/en\/#website","url":"https:\/\/fit360.ee\/en\/","name":"Fit360","description":"","publisher":{"@id":"https:\/\/fit360.ee\/en\/#organization"},"potentialAction":[{"@type":"SearchAction","target":{"@type":"EntryPoint","urlTemplate":"https:\/\/fit360.ee\/en\/?s={search_term_string}"},"query-input":{"@type":"PropertyValueSpecification","valueRequired":true,"valueName":"search_term_string"}}],"inLanguage":"en-US"},{"@type":"Organization","@id":"https:\/\/fit360.ee\/en\/#organization","name":"Fit360","url":"https:\/\/fit360.ee\/en\/","logo":{"@type":"ImageObject","inLanguage":"en-US","@id":"https:\/\/fit360.ee\/en\/#\/schema\/logo\/image\/","url":"https:\/\/fit360.ee\/wp-content\/uploads\/2017\/01\/logo-fit360.png","contentUrl":"https:\/\/fit360.ee\/wp-content\/uploads\/2017\/01\/logo-fit360.png","width":180,"height":66,"caption":"Fit360"},"image":{"@id":"https:\/\/fit360.ee\/en\/#\/schema\/logo\/image\/"}}]}},"_links":{"self":[{"href":"https:\/\/fit360.ee\/en\/wp-json\/wp\/v2\/product\/19846","targetHints":{"allow":["GET"]}}],"collection":[{"href":"https:\/\/fit360.ee\/en\/wp-json\/wp\/v2\/product"}],"about":[{"href":"https:\/\/fit360.ee\/en\/wp-json\/wp\/v2\/types\/product"}],"replies":[{"embeddable":true,"href":"https:\/\/fit360.ee\/en\/wp-json\/wp\/v2\/comments?post=19846"}],"wp:featuredmedia":[{"embeddable":true,"href":"https:\/\/fit360.ee\/en\/wp-json\/wp\/v2\/media\/19845"}],"wp:attachment":[{"href":"https:\/\/fit360.ee\/en\/wp-json\/wp\/v2\/media?parent=19846"}],"wp:term":[{"taxonomy":"product_brand","embeddable":true,"href":"https:\/\/fit360.ee\/en\/wp-json\/wp\/v2\/product_brand?post=19846"},{"taxonomy":"product_cat","embeddable":true,"href":"https:\/\/fit360.ee\/en\/wp-json\/wp\/v2\/product_cat?post=19846"},{"taxonomy":"product_tag","embeddable":true,"href":"https:\/\/fit360.ee\/en\/wp-json\/wp\/v2\/product_tag?post=19846"},{"taxonomy":"giftcard-category","embeddable":true,"href":"https:\/\/fit360.ee\/en\/wp-json\/wp\/v2\/giftcard-category?post=19846"}],"curies":[{"name":"wp","href":"https:\/\/api.w.org\/{rel}","templated":true}]}}