{"id":19854,"date":"2019-02-18T17:00:25","date_gmt":"2019-02-18T15:00:25","guid":{"rendered":"https:\/\/fit360.ee\/pood\/uncategorized\/proactive-bcaa-400g\/"},"modified":"2025-08-13T07:39:22","modified_gmt":"2025-08-13T05:39:22","slug":"proactive-bcaa-pulber-400g","status":"publish","type":"product","link":"https:\/\/fit360.ee\/en\/pood\/product-groups\/amino-acids-bcaa\/bcaa-en\/proactive-bcaa-pulber-400g\/","title":{"rendered":"ProActive BCAA (400g)"},"content":{"rendered":"<h1>ProActive BCAA Pulber (400g) &#8211; Aminohapped<\/h1>\n<p>BCAA Pulber aitab lihaskao vastu treeningu ja dieedi ajal.<\/p>\n<p><strong>Koostisosad:<\/strong> BCAA (l-leutsiin, l-valiin, l-isoleutsiin 2:1:1),\u00a0 aroom, happe &#8211; sidrunhape, magusained &#8211; atsesulfaam k, ts\u00fcklamaadid, sahhariinid, v\u00e4rvained, (s\u00f5ltub maitsest: ko\u0161enillpunane, kinolinkollane, p\u00e4ikeseloojangukollane, indigotiin, s\u00e4rav sinine FCF, pistaatsiap\u00e4hkel). Kochinea punane, kinolinkollane, p\u00e4ikeseloojangukollane v\u00f5ivad avaldada kahjulikku m\u00f5ju laste aktiivsusele ja t\u00e4helepanule.<\/p>\n<p><strong>Kasutamine: <\/strong>tarbi 2x p\u00e4evas 6,1g (1 lusikat\u00e4is, pakis kaasas) toodet koos 200ML veega. \u00c4ra \u00fcleta soovitatud p\u00e4evast kogust.<\/p>\n<p><strong>Hoiatus: <\/strong>toidulisandeid ei tohi tarbida asenduseks tervislikule ning varieeruvale dieedile. Hoida lastele k\u00e4ttesaamatus kohas. Toode on m\u00f5eldud t\u00e4ie tervise juures olevatele t\u00e4iskasvanutele. Pole soovitatud kasutada lastel ja imetavatel emadel.<\/p>\n<p><strong>Parim enne ja partiinumber: <\/strong>pakendil.<\/p>\n<p><strong>Pakendis sisaldub:<\/strong> 400g &#8211;<strong>\u00a0<\/strong>65 serveeringut<\/p>\n<p><strong>Hoiustamine: <\/strong>kuivas ja jahedas kohas, eemal otsesest p\u00e4ikesevalgusest.<\/p>\n<p>&nbsp;<\/p>\n<table>\n<tbody>\n<tr>\n<td width=\"205\"><strong>Koostisosad<\/strong><\/td>\n<td width=\"205\"><strong>1 serveering (6,1g)<\/strong><\/td>\n<td width=\"205\"><strong>2 serveeringut (12.2g)<\/strong><\/td>\n<\/tr>\n<tr>\n<td width=\"205\">BCAA<\/td>\n<td width=\"205\">5g<\/td>\n<td width=\"205\">10g<\/td>\n<\/tr>\n<tr>\n<td width=\"205\">Millest leutsiin<\/td>\n<td width=\"205\">2,5g<\/td>\n<td width=\"205\">5g<\/td>\n<\/tr>\n<tr>\n<td width=\"205\">Millest isoleutsiin<\/td>\n<td width=\"205\">1,25g<\/td>\n<td width=\"205\">2,5g<\/td>\n<\/tr>\n<tr>\n<td width=\"205\">Millest valiin<\/td>\n<td width=\"205\">1,25g<\/td>\n<td width=\"205\">2,5g<\/td>\n<\/tr>\n<\/tbody>\n<\/table>\n<p>Vaata ka meie teisi Aminohappeid <a href=\"https:\/\/fit360.ee\/en\/product-category\/product-groups\/amino-acids-bcaa\/\"><strong>SIIT<\/strong><\/a> v\u00f5i BCAA tooteid <a href=\"https:\/\/fit360.ee\/en\/product-category\/product-groups\/amino-acids-bcaa\/bcaa-en\/\"><strong>SIIT<\/strong><\/a>!<\/p>\n<p>Soovid kaupa osta suuremas koguses? Vaata antud toodet ka meie HULGI poest\u00a0<a href=\"https:\/\/toidulisandidhulgi.ee\/product\/proactive-bcaa-400g\/\"><strong>SIIT<\/strong><\/a>!<\/p>\n","protected":false},"excerpt":{"rendered":"<h2><strong>ProActive BCAA:<\/strong><\/h2>\n<ul>\n<li>T\u00f5stab valgus\u00fcnteesi efektiivsust enne ja peale treeningut, et taastumine oleks parem<\/li>\n<li>Muudab treeningu efektiivsemaks<\/li>\n<li>Sobib joomiseks enne\u00a0ja\u00a0peale treeningut ning\u00a0treeningu ajal<\/li>\n<li>Aitab lihaskao vastu\u00a0treeningu ja dieedi ajal<\/li>\n<li>K\u00f5rge aminohappe sisaldusega \u2013 12,2g kohta\u00a0<strong>10g<\/strong>\u00a0aminohappeid<\/li>\n<\/ul>\n<p><strong>LIHASE KASVATAMINE JA ENERGIA ANDMINE<\/strong><br \/>\nProActive maitsestatud BCAA\u00a0 aminohappe pulber sisaldab 2:1:1 suhtes leutsiini, isoleutsiini ja valiini, mis tugevdavad teineteise toimeid lihase kasvatamises ja energia andmises ja nad on naturaalses, lihastele omases proportsioonis. BCAA pulber toetab normaalset valgu ja gl\u00fckogeeni ainevahetust ning v\u00e4simuse ja kurnatuse v\u00e4hendamist.<\/p>\n","protected":false},"featured_media":19853,"comment_status":"open","ping_status":"closed","template":"","meta":[],"product_brand":[],"product_cat":[520,2299,2331,2335,1326],"product_tag":[1787,1791,1792,1793],"giftcard-category":[],"class_list":{"0":"post-19854","1":"product","2":"type-product","3":"status-publish","4":"has-post-thumbnail","6":"product_cat-amino-acids-bcaa","7":"product_cat-bcaa-en","8":"product_cat-essential-amino-acids-eaa-en","9":"product_cat-leucine-en","10":"product_cat-proactive-en","11":"product_tag-aminohapped-en","12":"product_tag-bcaa-en","13":"product_tag-bcaa-pulber-en","14":"product_tag-proactive-en","15":"pa_maitse-lemon","16":"pa_maitse-mango-en","17":"pa_maitse-orange","18":"pa_maitse-viinamarja-en","20":"first","21":"outofstock","22":"sale","23":"taxable","24":"shipping-taxable","25":"purchasable","26":"product-type-variable"},"yoast_head":"<!-- This site is optimized with the Yoast SEO plugin v27.3 - https:\/\/yoast.com\/product\/yoast-seo-wordpress\/ -->\n<title>BCAA pulber (400g) - Aminohapped - BCAA - Kiire tarne: 1-3 p\u00e4eva<\/title>\n<meta name=\"description\" content=\"ProActive maitsega BCAA pulber. Parima hinnaga Aminohappe joogipulber - 15,99\u20ac\/400g. T\u00f5stab valgus\u00fcnteesi efektiivsust enne ja peale treeningut.\" \/>\n<meta name=\"robots\" content=\"index, follow, max-snippet:-1, max-image-preview:large, max-video-preview:-1\" \/>\n<link rel=\"canonical\" href=\"https:\/\/fit360.ee\/en\/pood\/product-groups\/amino-acids-bcaa\/bcaa-en\/proactive-bcaa-pulber-400g\/\" \/>\n<meta property=\"og:locale\" content=\"en_US\" \/>\n<meta property=\"og:type\" content=\"article\" \/>\n<meta property=\"og:title\" content=\"BCAA pulber (400g) - Aminohapped - BCAA - Kiire tarne: 1-3 p\u00e4eva\" \/>\n<meta property=\"og:description\" content=\"ProActive maitsega BCAA pulber. Parima hinnaga Aminohappe joogipulber - 15,99\u20ac\/400g. T\u00f5stab valgus\u00fcnteesi efektiivsust enne ja peale treeningut.\" \/>\n<meta property=\"og:url\" content=\"https:\/\/fit360.ee\/en\/pood\/product-groups\/amino-acids-bcaa\/bcaa-en\/proactive-bcaa-pulber-400g\/\" \/>\n<meta property=\"og:site_name\" content=\"Fit360\" \/>\n<meta property=\"article:modified_time\" content=\"2025-08-13T05:39:22+00:00\" \/>\n<meta property=\"og:image\" content=\"https:\/\/fit360.ee\/wp-content\/uploads\/2019\/02\/bcaa-advance.jpg\" \/>\n\t<meta property=\"og:image:width\" content=\"800\" \/>\n\t<meta property=\"og:image:height\" content=\"800\" \/>\n\t<meta property=\"og:image:type\" content=\"image\/jpeg\" \/>\n<meta name=\"twitter:card\" content=\"summary_large_image\" \/>\n<meta name=\"twitter:label1\" content=\"Est. reading time\" \/>\n\t<meta name=\"twitter:data1\" content=\"2 minutes\" \/>\n<script type=\"application\/ld+json\" class=\"yoast-schema-graph\">{\"@context\":\"https:\\\/\\\/schema.org\",\"@graph\":[{\"@type\":\"WebPage\",\"@id\":\"https:\\\/\\\/fit360.ee\\\/en\\\/pood\\\/product-groups\\\/amino-acids-bcaa\\\/bcaa-en\\\/proactive-bcaa-pulber-400g\\\/\",\"url\":\"https:\\\/\\\/fit360.ee\\\/en\\\/pood\\\/product-groups\\\/amino-acids-bcaa\\\/bcaa-en\\\/proactive-bcaa-pulber-400g\\\/\",\"name\":\"BCAA pulber (400g) - Aminohapped - BCAA - Kiire tarne: 1-3 p\u00e4eva\",\"isPartOf\":{\"@id\":\"https:\\\/\\\/fit360.ee\\\/en\\\/#website\"},\"primaryImageOfPage\":{\"@id\":\"https:\\\/\\\/fit360.ee\\\/en\\\/pood\\\/product-groups\\\/amino-acids-bcaa\\\/bcaa-en\\\/proactive-bcaa-pulber-400g\\\/#primaryimage\"},\"image\":{\"@id\":\"https:\\\/\\\/fit360.ee\\\/en\\\/pood\\\/product-groups\\\/amino-acids-bcaa\\\/bcaa-en\\\/proactive-bcaa-pulber-400g\\\/#primaryimage\"},\"thumbnailUrl\":\"https:\\\/\\\/fit360.ee\\\/wp-content\\\/uploads\\\/2019\\\/02\\\/bcaa-advance.jpg\",\"datePublished\":\"2019-02-18T15:00:25+00:00\",\"dateModified\":\"2025-08-13T05:39:22+00:00\",\"description\":\"ProActive maitsega BCAA pulber. Parima hinnaga Aminohappe joogipulber - 15,99\u20ac\\\/400g. T\u00f5stab valgus\u00fcnteesi efektiivsust enne ja peale treeningut.\",\"breadcrumb\":{\"@id\":\"https:\\\/\\\/fit360.ee\\\/en\\\/pood\\\/product-groups\\\/amino-acids-bcaa\\\/bcaa-en\\\/proactive-bcaa-pulber-400g\\\/#breadcrumb\"},\"inLanguage\":\"en-US\",\"potentialAction\":[{\"@type\":\"ReadAction\",\"target\":[\"https:\\\/\\\/fit360.ee\\\/en\\\/pood\\\/product-groups\\\/amino-acids-bcaa\\\/bcaa-en\\\/proactive-bcaa-pulber-400g\\\/\"]}]},{\"@type\":\"ImageObject\",\"inLanguage\":\"en-US\",\"@id\":\"https:\\\/\\\/fit360.ee\\\/en\\\/pood\\\/product-groups\\\/amino-acids-bcaa\\\/bcaa-en\\\/proactive-bcaa-pulber-400g\\\/#primaryimage\",\"url\":\"https:\\\/\\\/fit360.ee\\\/wp-content\\\/uploads\\\/2019\\\/02\\\/bcaa-advance.jpg\",\"contentUrl\":\"https:\\\/\\\/fit360.ee\\\/wp-content\\\/uploads\\\/2019\\\/02\\\/bcaa-advance.jpg\",\"width\":800,\"height\":800,\"caption\":\"ProActive BCAA pulber - fit360.ee\"},{\"@type\":\"BreadcrumbList\",\"@id\":\"https:\\\/\\\/fit360.ee\\\/en\\\/pood\\\/product-groups\\\/amino-acids-bcaa\\\/bcaa-en\\\/proactive-bcaa-pulber-400g\\\/#breadcrumb\",\"itemListElement\":[{\"@type\":\"ListItem\",\"position\":1,\"name\":\"Home\",\"item\":\"https:\\\/\\\/fit360.ee\\\/en\\\/\"},{\"@type\":\"ListItem\",\"position\":2,\"name\":\"Shop\",\"item\":\"https:\\\/\\\/fit360.ee\\\/en\\\/shop\\\/\"},{\"@type\":\"ListItem\",\"position\":3,\"name\":\"ProActive BCAA (400g)\"}]},{\"@type\":\"WebSite\",\"@id\":\"https:\\\/\\\/fit360.ee\\\/en\\\/#website\",\"url\":\"https:\\\/\\\/fit360.ee\\\/en\\\/\",\"name\":\"Fit360\",\"description\":\"\",\"publisher\":{\"@id\":\"https:\\\/\\\/fit360.ee\\\/en\\\/#organization\"},\"potentialAction\":[{\"@type\":\"SearchAction\",\"target\":{\"@type\":\"EntryPoint\",\"urlTemplate\":\"https:\\\/\\\/fit360.ee\\\/en\\\/?s={search_term_string}\"},\"query-input\":{\"@type\":\"PropertyValueSpecification\",\"valueRequired\":true,\"valueName\":\"search_term_string\"}}],\"inLanguage\":\"en-US\"},{\"@type\":\"Organization\",\"@id\":\"https:\\\/\\\/fit360.ee\\\/en\\\/#organization\",\"name\":\"Fit360\",\"url\":\"https:\\\/\\\/fit360.ee\\\/en\\\/\",\"logo\":{\"@type\":\"ImageObject\",\"inLanguage\":\"en-US\",\"@id\":\"https:\\\/\\\/fit360.ee\\\/en\\\/#\\\/schema\\\/logo\\\/image\\\/\",\"url\":\"https:\\\/\\\/fit360.ee\\\/wp-content\\\/uploads\\\/2017\\\/01\\\/logo-fit360.png\",\"contentUrl\":\"https:\\\/\\\/fit360.ee\\\/wp-content\\\/uploads\\\/2017\\\/01\\\/logo-fit360.png\",\"width\":180,\"height\":66,\"caption\":\"Fit360\"},\"image\":{\"@id\":\"https:\\\/\\\/fit360.ee\\\/en\\\/#\\\/schema\\\/logo\\\/image\\\/\"}}]}<\/script>\n<!-- \/ Yoast SEO plugin. -->","yoast_head_json":{"title":"BCAA pulber (400g) - Aminohapped - BCAA - Kiire tarne: 1-3 p\u00e4eva","description":"ProActive maitsega BCAA pulber. Parima hinnaga Aminohappe joogipulber - 15,99\u20ac\/400g. T\u00f5stab valgus\u00fcnteesi efektiivsust enne ja peale treeningut.","robots":{"index":"index","follow":"follow","max-snippet":"max-snippet:-1","max-image-preview":"max-image-preview:large","max-video-preview":"max-video-preview:-1"},"canonical":"https:\/\/fit360.ee\/en\/pood\/product-groups\/amino-acids-bcaa\/bcaa-en\/proactive-bcaa-pulber-400g\/","og_locale":"en_US","og_type":"article","og_title":"BCAA pulber (400g) - Aminohapped - BCAA - Kiire tarne: 1-3 p\u00e4eva","og_description":"ProActive maitsega BCAA pulber. Parima hinnaga Aminohappe joogipulber - 15,99\u20ac\/400g. T\u00f5stab valgus\u00fcnteesi efektiivsust enne ja peale treeningut.","og_url":"https:\/\/fit360.ee\/en\/pood\/product-groups\/amino-acids-bcaa\/bcaa-en\/proactive-bcaa-pulber-400g\/","og_site_name":"Fit360","article_modified_time":"2025-08-13T05:39:22+00:00","og_image":[{"width":800,"height":800,"url":"https:\/\/fit360.ee\/wp-content\/uploads\/2019\/02\/bcaa-advance.jpg","type":"image\/jpeg"}],"twitter_card":"summary_large_image","twitter_misc":{"Est. reading time":"2 minutes"},"schema":{"@context":"https:\/\/schema.org","@graph":[{"@type":"WebPage","@id":"https:\/\/fit360.ee\/en\/pood\/product-groups\/amino-acids-bcaa\/bcaa-en\/proactive-bcaa-pulber-400g\/","url":"https:\/\/fit360.ee\/en\/pood\/product-groups\/amino-acids-bcaa\/bcaa-en\/proactive-bcaa-pulber-400g\/","name":"BCAA pulber (400g) - Aminohapped - BCAA - Kiire tarne: 1-3 p\u00e4eva","isPartOf":{"@id":"https:\/\/fit360.ee\/en\/#website"},"primaryImageOfPage":{"@id":"https:\/\/fit360.ee\/en\/pood\/product-groups\/amino-acids-bcaa\/bcaa-en\/proactive-bcaa-pulber-400g\/#primaryimage"},"image":{"@id":"https:\/\/fit360.ee\/en\/pood\/product-groups\/amino-acids-bcaa\/bcaa-en\/proactive-bcaa-pulber-400g\/#primaryimage"},"thumbnailUrl":"https:\/\/fit360.ee\/wp-content\/uploads\/2019\/02\/bcaa-advance.jpg","datePublished":"2019-02-18T15:00:25+00:00","dateModified":"2025-08-13T05:39:22+00:00","description":"ProActive maitsega BCAA pulber. Parima hinnaga Aminohappe joogipulber - 15,99\u20ac\/400g. T\u00f5stab valgus\u00fcnteesi efektiivsust enne ja peale treeningut.","breadcrumb":{"@id":"https:\/\/fit360.ee\/en\/pood\/product-groups\/amino-acids-bcaa\/bcaa-en\/proactive-bcaa-pulber-400g\/#breadcrumb"},"inLanguage":"en-US","potentialAction":[{"@type":"ReadAction","target":["https:\/\/fit360.ee\/en\/pood\/product-groups\/amino-acids-bcaa\/bcaa-en\/proactive-bcaa-pulber-400g\/"]}]},{"@type":"ImageObject","inLanguage":"en-US","@id":"https:\/\/fit360.ee\/en\/pood\/product-groups\/amino-acids-bcaa\/bcaa-en\/proactive-bcaa-pulber-400g\/#primaryimage","url":"https:\/\/fit360.ee\/wp-content\/uploads\/2019\/02\/bcaa-advance.jpg","contentUrl":"https:\/\/fit360.ee\/wp-content\/uploads\/2019\/02\/bcaa-advance.jpg","width":800,"height":800,"caption":"ProActive BCAA pulber - fit360.ee"},{"@type":"BreadcrumbList","@id":"https:\/\/fit360.ee\/en\/pood\/product-groups\/amino-acids-bcaa\/bcaa-en\/proactive-bcaa-pulber-400g\/#breadcrumb","itemListElement":[{"@type":"ListItem","position":1,"name":"Home","item":"https:\/\/fit360.ee\/en\/"},{"@type":"ListItem","position":2,"name":"Shop","item":"https:\/\/fit360.ee\/en\/shop\/"},{"@type":"ListItem","position":3,"name":"ProActive BCAA (400g)"}]},{"@type":"WebSite","@id":"https:\/\/fit360.ee\/en\/#website","url":"https:\/\/fit360.ee\/en\/","name":"Fit360","description":"","publisher":{"@id":"https:\/\/fit360.ee\/en\/#organization"},"potentialAction":[{"@type":"SearchAction","target":{"@type":"EntryPoint","urlTemplate":"https:\/\/fit360.ee\/en\/?s={search_term_string}"},"query-input":{"@type":"PropertyValueSpecification","valueRequired":true,"valueName":"search_term_string"}}],"inLanguage":"en-US"},{"@type":"Organization","@id":"https:\/\/fit360.ee\/en\/#organization","name":"Fit360","url":"https:\/\/fit360.ee\/en\/","logo":{"@type":"ImageObject","inLanguage":"en-US","@id":"https:\/\/fit360.ee\/en\/#\/schema\/logo\/image\/","url":"https:\/\/fit360.ee\/wp-content\/uploads\/2017\/01\/logo-fit360.png","contentUrl":"https:\/\/fit360.ee\/wp-content\/uploads\/2017\/01\/logo-fit360.png","width":180,"height":66,"caption":"Fit360"},"image":{"@id":"https:\/\/fit360.ee\/en\/#\/schema\/logo\/image\/"}}]}},"_links":{"self":[{"href":"https:\/\/fit360.ee\/en\/wp-json\/wp\/v2\/product\/19854","targetHints":{"allow":["GET"]}}],"collection":[{"href":"https:\/\/fit360.ee\/en\/wp-json\/wp\/v2\/product"}],"about":[{"href":"https:\/\/fit360.ee\/en\/wp-json\/wp\/v2\/types\/product"}],"replies":[{"embeddable":true,"href":"https:\/\/fit360.ee\/en\/wp-json\/wp\/v2\/comments?post=19854"}],"wp:featuredmedia":[{"embeddable":true,"href":"https:\/\/fit360.ee\/en\/wp-json\/wp\/v2\/media\/19853"}],"wp:attachment":[{"href":"https:\/\/fit360.ee\/en\/wp-json\/wp\/v2\/media?parent=19854"}],"wp:term":[{"taxonomy":"product_brand","embeddable":true,"href":"https:\/\/fit360.ee\/en\/wp-json\/wp\/v2\/product_brand?post=19854"},{"taxonomy":"product_cat","embeddable":true,"href":"https:\/\/fit360.ee\/en\/wp-json\/wp\/v2\/product_cat?post=19854"},{"taxonomy":"product_tag","embeddable":true,"href":"https:\/\/fit360.ee\/en\/wp-json\/wp\/v2\/product_tag?post=19854"},{"taxonomy":"giftcard-category","embeddable":true,"href":"https:\/\/fit360.ee\/en\/wp-json\/wp\/v2\/giftcard-category?post=19854"}],"curies":[{"name":"wp","href":"https:\/\/api.w.org\/{rel}","templated":true}]}}