{"id":20133,"date":"2019-03-18T17:20:29","date_gmt":"2019-03-18T15:20:29","guid":{"rendered":"https:\/\/fit360.ee\/pood\/uncategorized\/proactive-melatonin-180tabs\/"},"modified":"2025-09-30T14:28:12","modified_gmt":"2025-09-30T12:28:12","slug":"proactive-melatonin-180tabs","status":"publish","type":"product","link":"https:\/\/fit360.ee\/en\/pood\/product-groups\/sleep-enhancers-en\/melatonin-en\/proactive-melatonin-180tabs\/","title":{"rendered":"ProActive Melatonin (180tabs)"},"content":{"rendered":"<p><strong>Koostisosad<\/strong>: t\u00e4iteained: mikrokristalne tselluloos, kartulit\u00e4rklis, maltodekstriin; paakumisvastased ained: magneesiumstearaat, r\u00e4nidioksiid, melatoniin.<\/p>\n<p><strong>Sisaldab<\/strong> (1 tablett) = 1mg melatoniin<\/p>\n<p><strong>Kasutamine<\/strong>: v\u00f5tke \u00fcks tablett vahetult enne magamaminekut.<\/p>\n<p><strong>Suurus<\/strong>: 180 tabletti<\/p>\n<table>\n<tbody>\n<tr>\n<td width=\"307\"><strong>Toimeaine<\/strong><\/td>\n<td width=\"307\"><strong>1 tablett<\/strong><\/td>\n<\/tr>\n<tr>\n<td width=\"307\">Melatoniin<\/td>\n<td width=\"307\">1mg<\/td>\n<\/tr>\n<\/tbody>\n<\/table>\n<p>Soovid kaupa osta suuremas koguses? Vaata antud toodet ka meie HULGI poest\u00a0<a href=\"https:\/\/toidulisandidhulgi.ee\/product\/proactive-melatonin-180tabs\/\"><strong>SIIT<\/strong><\/a>!<\/p>\n","protected":false},"excerpt":{"rendered":"<p><strong>Melatoniin<\/strong>:<\/p>\n<ul>\n<li>Aitab uinuda<\/li>\n<li>Parandab une kvaliteeti<\/li>\n<li>L\u00f5dvestab ja rahustab meeli<\/li>\n<li>Maandab pingeid ja stressi<\/li>\n<\/ul>\n<p><strong>MELATONIIN\u00a0<\/strong>on unehormoon, mille tase organismis s\u00f5ltub peamiselt \u00f6\u00f6p\u00e4evar\u00fctmist. Melatoniini keemiline struktuur on sarnane \u00f5nnehormoonile serotoniin, mille m\u00f5lema prekursor on aminohape tr\u00fcptofaan.<\/p>\n<p><strong>Melatoniini<\/strong>\u00a0toodab organismis ainult k\u00e4bin\u00e4\u00e4re ja seda enamasti p\u00e4evase valgusega, aga kui silmad valgust (eriti taevasinist) ei saa, toodab k\u00e4bin\u00e4\u00e4re melatoniini, mis soodustab uinumist.<\/p>\n<p>Lisaks on\u00a0<strong>melatoniin<\/strong>\u00a0tuntud kui v\u00f5imas antioks\u00fcdant \u2212 see on v\u00f5imeline eemaldama rohkem vabu radikaale, kui \u00fckski teine teadaolev antioks\u00fcdant v\u00f5i supertoit. Melatoniin taastab organismi, kui magame, hoiab rakud tervete ja funktsionaalsetena, keha noore ja tervislikuna, sealjuures parandab lihaste taastumist f\u00fc\u00fcsilisest koormusest ja hoiab \u00e4ra \u00fcletreenitust.<\/p>\n","protected":false},"featured_media":88434,"comment_status":"open","ping_status":"closed","template":"","meta":[],"product_brand":[],"product_cat":[507,2480,1326,2476,536],"product_tag":[],"giftcard-category":[],"class_list":{"0":"post-20133","1":"product","2":"type-product","3":"status-publish","4":"has-post-thumbnail","6":"product_cat-supplements-brands-en","7":"product_cat-melatonin-en","8":"product_cat-proactive-en","9":"product_cat-sleep-enhancers-en","10":"product_cat-vitamins-and-minerals-en","11":"pa_toidulisand-branddd-proactive","12":"pa_tootegruppp-melatoniin-en","13":"pa_tootegruppp-uni-en","14":"pa_tootegruppp-vitamins-and-minerals","16":"first","17":"instock","18":"sale","19":"taxable","20":"shipping-taxable","21":"purchasable","22":"product-type-simple"},"yoast_head":"<!-- This site is optimized with the Yoast SEO plugin v27.3 - https:\/\/yoast.com\/product\/yoast-seo-wordpress\/ -->\n<title>ProActive Melatonin (180tabs) - Fit360<\/title>\n<meta name=\"robots\" content=\"index, follow, max-snippet:-1, max-image-preview:large, max-video-preview:-1\" \/>\n<link rel=\"canonical\" href=\"https:\/\/fit360.ee\/en\/pood\/product-groups\/sleep-enhancers-en\/melatonin-en\/proactive-melatonin-180tabs\/\" \/>\n<meta property=\"og:locale\" content=\"en_US\" \/>\n<meta property=\"og:type\" content=\"article\" \/>\n<meta property=\"og:title\" content=\"ProActive Melatonin (180tabs) - Fit360\" \/>\n<meta property=\"og:description\" content=\"Melatoniin:   Aitab uinuda  Parandab une kvaliteeti  L\u00f5dvestab ja rahustab meeli  Maandab pingeid ja stressi  MELATONIIN\u00a0on unehormoon, mille tase organismis s\u00f5ltub peamiselt \u00f6\u00f6p\u00e4evar\u00fctmist. Melatoniini keemiline struktuur on sarnane \u00f5nnehormoonile serotoniin, mille m\u00f5lema prekursor on aminohape tr\u00fcptofaan.  Melatoniini\u00a0toodab organismis ainult k\u00e4bin\u00e4\u00e4re ja seda enamasti p\u00e4evase valgusega, aga kui silmad valgust (eriti taevasinist) ei saa, toodab k\u00e4bin\u00e4\u00e4re melatoniini, mis soodustab uinumist.  Lisaks on\u00a0melatoniin\u00a0tuntud kui v\u00f5imas antioks\u00fcdant \u2212 see on v\u00f5imeline eemaldama rohkem vabu radikaale, kui \u00fckski teine teadaolev antioks\u00fcdant v\u00f5i supertoit. Melatoniin taastab organismi, kui magame, hoiab rakud tervete ja funktsionaalsetena, keha noore ja tervislikuna, sealjuures parandab lihaste taastumist f\u00fc\u00fcsilisest koormusest ja hoiab \u00e4ra \u00fcletreenitust.\" \/>\n<meta property=\"og:url\" content=\"https:\/\/fit360.ee\/en\/pood\/product-groups\/sleep-enhancers-en\/melatonin-en\/proactive-melatonin-180tabs\/\" \/>\n<meta property=\"og:site_name\" content=\"Fit360\" \/>\n<meta property=\"article:modified_time\" content=\"2025-09-30T12:28:12+00:00\" \/>\n<meta property=\"og:image\" content=\"https:\/\/fit360.ee\/wp-content\/uploads\/2019\/03\/eng_pl_Proactive-Melatonin-180-tabs-2448_1.jpg\" \/>\n\t<meta property=\"og:image:width\" content=\"600\" \/>\n\t<meta property=\"og:image:height\" content=\"600\" \/>\n\t<meta property=\"og:image:type\" content=\"image\/jpeg\" \/>\n<meta name=\"twitter:card\" content=\"summary_large_image\" \/>\n<meta name=\"twitter:label1\" content=\"Est. reading time\" \/>\n\t<meta name=\"twitter:data1\" content=\"1 minute\" \/>\n<script type=\"application\/ld+json\" class=\"yoast-schema-graph\">{\"@context\":\"https:\\\/\\\/schema.org\",\"@graph\":[{\"@type\":\"WebPage\",\"@id\":\"https:\\\/\\\/fit360.ee\\\/en\\\/pood\\\/product-groups\\\/sleep-enhancers-en\\\/melatonin-en\\\/proactive-melatonin-180tabs\\\/\",\"url\":\"https:\\\/\\\/fit360.ee\\\/en\\\/pood\\\/product-groups\\\/sleep-enhancers-en\\\/melatonin-en\\\/proactive-melatonin-180tabs\\\/\",\"name\":\"ProActive Melatonin (180tabs) - Fit360\",\"isPartOf\":{\"@id\":\"https:\\\/\\\/fit360.ee\\\/en\\\/#website\"},\"primaryImageOfPage\":{\"@id\":\"https:\\\/\\\/fit360.ee\\\/en\\\/pood\\\/product-groups\\\/sleep-enhancers-en\\\/melatonin-en\\\/proactive-melatonin-180tabs\\\/#primaryimage\"},\"image\":{\"@id\":\"https:\\\/\\\/fit360.ee\\\/en\\\/pood\\\/product-groups\\\/sleep-enhancers-en\\\/melatonin-en\\\/proactive-melatonin-180tabs\\\/#primaryimage\"},\"thumbnailUrl\":\"https:\\\/\\\/fit360.ee\\\/wp-content\\\/uploads\\\/2019\\\/03\\\/eng_pl_Proactive-Melatonin-180-tabs-2448_1.jpg\",\"datePublished\":\"2019-03-18T15:20:29+00:00\",\"dateModified\":\"2025-09-30T12:28:12+00:00\",\"breadcrumb\":{\"@id\":\"https:\\\/\\\/fit360.ee\\\/en\\\/pood\\\/product-groups\\\/sleep-enhancers-en\\\/melatonin-en\\\/proactive-melatonin-180tabs\\\/#breadcrumb\"},\"inLanguage\":\"en-US\",\"potentialAction\":[{\"@type\":\"ReadAction\",\"target\":[\"https:\\\/\\\/fit360.ee\\\/en\\\/pood\\\/product-groups\\\/sleep-enhancers-en\\\/melatonin-en\\\/proactive-melatonin-180tabs\\\/\"]}]},{\"@type\":\"ImageObject\",\"inLanguage\":\"en-US\",\"@id\":\"https:\\\/\\\/fit360.ee\\\/en\\\/pood\\\/product-groups\\\/sleep-enhancers-en\\\/melatonin-en\\\/proactive-melatonin-180tabs\\\/#primaryimage\",\"url\":\"https:\\\/\\\/fit360.ee\\\/wp-content\\\/uploads\\\/2019\\\/03\\\/eng_pl_Proactive-Melatonin-180-tabs-2448_1.jpg\",\"contentUrl\":\"https:\\\/\\\/fit360.ee\\\/wp-content\\\/uploads\\\/2019\\\/03\\\/eng_pl_Proactive-Melatonin-180-tabs-2448_1.jpg\",\"width\":600,\"height\":600},{\"@type\":\"BreadcrumbList\",\"@id\":\"https:\\\/\\\/fit360.ee\\\/en\\\/pood\\\/product-groups\\\/sleep-enhancers-en\\\/melatonin-en\\\/proactive-melatonin-180tabs\\\/#breadcrumb\",\"itemListElement\":[{\"@type\":\"ListItem\",\"position\":1,\"name\":\"Home\",\"item\":\"https:\\\/\\\/fit360.ee\\\/en\\\/\"},{\"@type\":\"ListItem\",\"position\":2,\"name\":\"Shop\",\"item\":\"https:\\\/\\\/fit360.ee\\\/en\\\/shop\\\/\"},{\"@type\":\"ListItem\",\"position\":3,\"name\":\"ProActive Melatonin (180tabs)\"}]},{\"@type\":\"WebSite\",\"@id\":\"https:\\\/\\\/fit360.ee\\\/en\\\/#website\",\"url\":\"https:\\\/\\\/fit360.ee\\\/en\\\/\",\"name\":\"Fit360\",\"description\":\"\",\"publisher\":{\"@id\":\"https:\\\/\\\/fit360.ee\\\/en\\\/#organization\"},\"potentialAction\":[{\"@type\":\"SearchAction\",\"target\":{\"@type\":\"EntryPoint\",\"urlTemplate\":\"https:\\\/\\\/fit360.ee\\\/en\\\/?s={search_term_string}\"},\"query-input\":{\"@type\":\"PropertyValueSpecification\",\"valueRequired\":true,\"valueName\":\"search_term_string\"}}],\"inLanguage\":\"en-US\"},{\"@type\":\"Organization\",\"@id\":\"https:\\\/\\\/fit360.ee\\\/en\\\/#organization\",\"name\":\"Fit360\",\"url\":\"https:\\\/\\\/fit360.ee\\\/en\\\/\",\"logo\":{\"@type\":\"ImageObject\",\"inLanguage\":\"en-US\",\"@id\":\"https:\\\/\\\/fit360.ee\\\/en\\\/#\\\/schema\\\/logo\\\/image\\\/\",\"url\":\"https:\\\/\\\/fit360.ee\\\/wp-content\\\/uploads\\\/2017\\\/01\\\/logo-fit360.png\",\"contentUrl\":\"https:\\\/\\\/fit360.ee\\\/wp-content\\\/uploads\\\/2017\\\/01\\\/logo-fit360.png\",\"width\":180,\"height\":66,\"caption\":\"Fit360\"},\"image\":{\"@id\":\"https:\\\/\\\/fit360.ee\\\/en\\\/#\\\/schema\\\/logo\\\/image\\\/\"}}]}<\/script>\n<!-- \/ Yoast SEO plugin. -->","yoast_head_json":{"title":"ProActive Melatonin (180tabs) - Fit360","robots":{"index":"index","follow":"follow","max-snippet":"max-snippet:-1","max-image-preview":"max-image-preview:large","max-video-preview":"max-video-preview:-1"},"canonical":"https:\/\/fit360.ee\/en\/pood\/product-groups\/sleep-enhancers-en\/melatonin-en\/proactive-melatonin-180tabs\/","og_locale":"en_US","og_type":"article","og_title":"ProActive Melatonin (180tabs) - Fit360","og_description":"Melatoniin:   Aitab uinuda  Parandab une kvaliteeti  L\u00f5dvestab ja rahustab meeli  Maandab pingeid ja stressi  MELATONIIN\u00a0on unehormoon, mille tase organismis s\u00f5ltub peamiselt \u00f6\u00f6p\u00e4evar\u00fctmist. Melatoniini keemiline struktuur on sarnane \u00f5nnehormoonile serotoniin, mille m\u00f5lema prekursor on aminohape tr\u00fcptofaan.  Melatoniini\u00a0toodab organismis ainult k\u00e4bin\u00e4\u00e4re ja seda enamasti p\u00e4evase valgusega, aga kui silmad valgust (eriti taevasinist) ei saa, toodab k\u00e4bin\u00e4\u00e4re melatoniini, mis soodustab uinumist.  Lisaks on\u00a0melatoniin\u00a0tuntud kui v\u00f5imas antioks\u00fcdant \u2212 see on v\u00f5imeline eemaldama rohkem vabu radikaale, kui \u00fckski teine teadaolev antioks\u00fcdant v\u00f5i supertoit. Melatoniin taastab organismi, kui magame, hoiab rakud tervete ja funktsionaalsetena, keha noore ja tervislikuna, sealjuures parandab lihaste taastumist f\u00fc\u00fcsilisest koormusest ja hoiab \u00e4ra \u00fcletreenitust.","og_url":"https:\/\/fit360.ee\/en\/pood\/product-groups\/sleep-enhancers-en\/melatonin-en\/proactive-melatonin-180tabs\/","og_site_name":"Fit360","article_modified_time":"2025-09-30T12:28:12+00:00","og_image":[{"width":600,"height":600,"url":"https:\/\/fit360.ee\/wp-content\/uploads\/2019\/03\/eng_pl_Proactive-Melatonin-180-tabs-2448_1.jpg","type":"image\/jpeg"}],"twitter_card":"summary_large_image","twitter_misc":{"Est. reading time":"1 minute"},"schema":{"@context":"https:\/\/schema.org","@graph":[{"@type":"WebPage","@id":"https:\/\/fit360.ee\/en\/pood\/product-groups\/sleep-enhancers-en\/melatonin-en\/proactive-melatonin-180tabs\/","url":"https:\/\/fit360.ee\/en\/pood\/product-groups\/sleep-enhancers-en\/melatonin-en\/proactive-melatonin-180tabs\/","name":"ProActive Melatonin (180tabs) - Fit360","isPartOf":{"@id":"https:\/\/fit360.ee\/en\/#website"},"primaryImageOfPage":{"@id":"https:\/\/fit360.ee\/en\/pood\/product-groups\/sleep-enhancers-en\/melatonin-en\/proactive-melatonin-180tabs\/#primaryimage"},"image":{"@id":"https:\/\/fit360.ee\/en\/pood\/product-groups\/sleep-enhancers-en\/melatonin-en\/proactive-melatonin-180tabs\/#primaryimage"},"thumbnailUrl":"https:\/\/fit360.ee\/wp-content\/uploads\/2019\/03\/eng_pl_Proactive-Melatonin-180-tabs-2448_1.jpg","datePublished":"2019-03-18T15:20:29+00:00","dateModified":"2025-09-30T12:28:12+00:00","breadcrumb":{"@id":"https:\/\/fit360.ee\/en\/pood\/product-groups\/sleep-enhancers-en\/melatonin-en\/proactive-melatonin-180tabs\/#breadcrumb"},"inLanguage":"en-US","potentialAction":[{"@type":"ReadAction","target":["https:\/\/fit360.ee\/en\/pood\/product-groups\/sleep-enhancers-en\/melatonin-en\/proactive-melatonin-180tabs\/"]}]},{"@type":"ImageObject","inLanguage":"en-US","@id":"https:\/\/fit360.ee\/en\/pood\/product-groups\/sleep-enhancers-en\/melatonin-en\/proactive-melatonin-180tabs\/#primaryimage","url":"https:\/\/fit360.ee\/wp-content\/uploads\/2019\/03\/eng_pl_Proactive-Melatonin-180-tabs-2448_1.jpg","contentUrl":"https:\/\/fit360.ee\/wp-content\/uploads\/2019\/03\/eng_pl_Proactive-Melatonin-180-tabs-2448_1.jpg","width":600,"height":600},{"@type":"BreadcrumbList","@id":"https:\/\/fit360.ee\/en\/pood\/product-groups\/sleep-enhancers-en\/melatonin-en\/proactive-melatonin-180tabs\/#breadcrumb","itemListElement":[{"@type":"ListItem","position":1,"name":"Home","item":"https:\/\/fit360.ee\/en\/"},{"@type":"ListItem","position":2,"name":"Shop","item":"https:\/\/fit360.ee\/en\/shop\/"},{"@type":"ListItem","position":3,"name":"ProActive Melatonin (180tabs)"}]},{"@type":"WebSite","@id":"https:\/\/fit360.ee\/en\/#website","url":"https:\/\/fit360.ee\/en\/","name":"Fit360","description":"","publisher":{"@id":"https:\/\/fit360.ee\/en\/#organization"},"potentialAction":[{"@type":"SearchAction","target":{"@type":"EntryPoint","urlTemplate":"https:\/\/fit360.ee\/en\/?s={search_term_string}"},"query-input":{"@type":"PropertyValueSpecification","valueRequired":true,"valueName":"search_term_string"}}],"inLanguage":"en-US"},{"@type":"Organization","@id":"https:\/\/fit360.ee\/en\/#organization","name":"Fit360","url":"https:\/\/fit360.ee\/en\/","logo":{"@type":"ImageObject","inLanguage":"en-US","@id":"https:\/\/fit360.ee\/en\/#\/schema\/logo\/image\/","url":"https:\/\/fit360.ee\/wp-content\/uploads\/2017\/01\/logo-fit360.png","contentUrl":"https:\/\/fit360.ee\/wp-content\/uploads\/2017\/01\/logo-fit360.png","width":180,"height":66,"caption":"Fit360"},"image":{"@id":"https:\/\/fit360.ee\/en\/#\/schema\/logo\/image\/"}}]}},"_links":{"self":[{"href":"https:\/\/fit360.ee\/en\/wp-json\/wp\/v2\/product\/20133","targetHints":{"allow":["GET"]}}],"collection":[{"href":"https:\/\/fit360.ee\/en\/wp-json\/wp\/v2\/product"}],"about":[{"href":"https:\/\/fit360.ee\/en\/wp-json\/wp\/v2\/types\/product"}],"replies":[{"embeddable":true,"href":"https:\/\/fit360.ee\/en\/wp-json\/wp\/v2\/comments?post=20133"}],"wp:featuredmedia":[{"embeddable":true,"href":"https:\/\/fit360.ee\/en\/wp-json\/wp\/v2\/media\/88434"}],"wp:attachment":[{"href":"https:\/\/fit360.ee\/en\/wp-json\/wp\/v2\/media?parent=20133"}],"wp:term":[{"taxonomy":"product_brand","embeddable":true,"href":"https:\/\/fit360.ee\/en\/wp-json\/wp\/v2\/product_brand?post=20133"},{"taxonomy":"product_cat","embeddable":true,"href":"https:\/\/fit360.ee\/en\/wp-json\/wp\/v2\/product_cat?post=20133"},{"taxonomy":"product_tag","embeddable":true,"href":"https:\/\/fit360.ee\/en\/wp-json\/wp\/v2\/product_tag?post=20133"},{"taxonomy":"giftcard-category","embeddable":true,"href":"https:\/\/fit360.ee\/en\/wp-json\/wp\/v2\/giftcard-category?post=20133"}],"curies":[{"name":"wp","href":"https:\/\/api.w.org\/{rel}","templated":true}]}}