{"id":20150,"date":"2019-03-18T17:50:58","date_gmt":"2019-03-18T15:50:58","guid":{"rendered":"https:\/\/fit360.ee\/pood\/uncategorized\/alpha-bottle-xl-jug-1-6l\/"},"modified":"2026-04-09T17:13:07","modified_gmt":"2026-04-09T15:13:07","slug":"alpha-bottle-xl-jug-1-6l","status":"publish","type":"product","link":"https:\/\/fit360.ee\/en\/pood\/training-equipment-en\/drinking-bottles-en\/alpha-bottle-xl-jug-1-6l\/","title":{"rendered":"Alpha Bottle XL Jug (1.6L)"},"content":{"rendered":"<p><strong>Suurus<\/strong>: 1,6L<\/p>\n<p><strong>V\u00e4rvus<\/strong>: Must; L\u00e4bipaistev; Roosa<\/p>\n<p><img decoding=\"async\" src=\"https:\/\/scontent-sjc3-1.cdninstagram.com\/vp\/94dda92887846bef1a8bfbebc760c16e\/5CF39636\/t51.2885-15\/e35\/s320x320\/47096935_311911022985703_5349033689661324926_n.jpg?_nc_ht=scontent-sjc3-1.cdninstagram.com&amp;ig_cache_key=MTkyNzg3MDk0MzQ5OTU5NzAyOA%3D%3D.2\" alt=\"Pildiotsingu alpha bottle XL tulemus\" \/><\/p>\n<p><a href=\"https:\/\/fit360.ee\/wp-content\/uploads\/2019\/03\/download.jpg\"><img loading=\"lazy\" decoding=\"async\" class=\"alignnone size-full wp-image-20148\" src=\"https:\/\/fit360.ee\/wp-content\/uploads\/2019\/03\/download.jpg\" alt=\"\" width=\"294\" height=\"172\" \/><\/a><\/p>\n<p>Soovid teha suuremat tellimust? Vaata antud toodet meie HULGI lehelt\u00a0<a href=\"https:\/\/toidulisandidhulgi.ee\/product\/alpha-bottle-xl-jug-1-6l\/\"><strong>SIIT<\/strong><\/a>!<\/p>\n","protected":false},"excerpt":{"rendered":"<p><strong>ALPHA XL 1.6L JOOGIPUDEL<\/strong>:<\/p>\n<ul>\n<li><em>&#8216;Alpha Seal&#8217;<\/em> silikonist lukustus, mis teeb joogipudeli 100% lekkekindlaks<\/li>\n<li>BPA &amp; DEHP vaba<\/li>\n<li>Lihtne puhastada<\/li>\n<li>Tugevast kummist k\u00e4epide<\/li>\n<li>Turvaline ja lekkimiskindel kork<\/li>\n<li>1600ml (56oz) mahutavus<\/li>\n<li>Stiilne v\u00e4limus<\/li>\n<\/ul>\n<p>K\u00f5ik <strong>Alpha Bottle&#8217;i XL<\/strong> aspektid on hoolikalt kujundatud nii, et need sobiksid Teie kirgliku elustiiliga. <strong>Alpha XL joogipudel<\/strong> loodi teiste veepudelite peamiste puuduste k\u00f5rvaldamiseks.<\/p>\n","protected":false},"featured_media":20137,"comment_status":"open","ping_status":"closed","template":"","meta":[],"product_brand":[],"product_cat":[540,538],"product_tag":[],"giftcard-category":[],"class_list":{"0":"post-20150","1":"product","2":"type-product","3":"status-publish","4":"has-post-thumbnail","6":"product_cat-drinking-bottles-en","7":"product_cat-training-equipment-en","8":"pa_varvus-black","9":"pa_varvus-black-blue","10":"pa_varvus-labipaistev-en","11":"pa_varvus-pink","12":"pa_varvus-red","14":"first","15":"outofstock","16":"taxable","17":"shipping-taxable","18":"purchasable","19":"product-type-variable"},"yoast_head":"<!-- This site is optimized with the Yoast SEO plugin v27.3 - https:\/\/yoast.com\/product\/yoast-seo-wordpress\/ -->\n<title>Alpha Bottle XL Jug (1.6L) - Fit360<\/title>\n<meta name=\"robots\" content=\"index, follow, max-snippet:-1, max-image-preview:large, max-video-preview:-1\" \/>\n<link rel=\"canonical\" href=\"https:\/\/fit360.ee\/en\/pood\/training-equipment-en\/drinking-bottles-en\/alpha-bottle-xl-jug-1-6l\/\" \/>\n<meta property=\"og:locale\" content=\"en_US\" \/>\n<meta property=\"og:type\" content=\"article\" \/>\n<meta property=\"og:title\" content=\"Alpha Bottle XL Jug (1.6L) - Fit360\" \/>\n<meta property=\"og:description\" content=\"ALPHA XL 1.6L JOOGIPUDEL:   &#039;Alpha Seal&#039; silikonist lukustus, mis teeb joogipudeli 100% lekkekindlaks  BPA &amp; DEHP vaba  Lihtne puhastada  Tugevast kummist k\u00e4epide  Turvaline ja lekkimiskindel kork  1600ml (56oz) mahutavus  Stiilne v\u00e4limus  K\u00f5ik Alpha Bottle&#039;i XL aspektid on hoolikalt kujundatud nii, et need sobiksid Teie kirgliku elustiiliga. Alpha XL joogipudel loodi teiste veepudelite peamiste puuduste k\u00f5rvaldamiseks.\" \/>\n<meta property=\"og:url\" content=\"https:\/\/fit360.ee\/en\/pood\/training-equipment-en\/drinking-bottles-en\/alpha-bottle-xl-jug-1-6l\/\" \/>\n<meta property=\"og:site_name\" content=\"Fit360\" \/>\n<meta property=\"article:modified_time\" content=\"2026-04-09T15:13:07+00:00\" \/>\n<meta property=\"og:image\" content=\"https:\/\/fit360.ee\/wp-content\/uploads\/2019\/03\/alpha-bottle-xl-water-jug-3613_600x600.jpg\" \/>\n\t<meta property=\"og:image:width\" content=\"600\" \/>\n\t<meta property=\"og:image:height\" content=\"600\" \/>\n\t<meta property=\"og:image:type\" content=\"image\/jpeg\" \/>\n<meta name=\"twitter:card\" content=\"summary_large_image\" \/>\n<meta name=\"twitter:label1\" content=\"Est. reading time\" \/>\n\t<meta name=\"twitter:data1\" content=\"1 minute\" \/>\n<script type=\"application\/ld+json\" class=\"yoast-schema-graph\">{\"@context\":\"https:\\\/\\\/schema.org\",\"@graph\":[{\"@type\":\"WebPage\",\"@id\":\"https:\\\/\\\/fit360.ee\\\/en\\\/pood\\\/training-equipment-en\\\/drinking-bottles-en\\\/alpha-bottle-xl-jug-1-6l\\\/\",\"url\":\"https:\\\/\\\/fit360.ee\\\/en\\\/pood\\\/training-equipment-en\\\/drinking-bottles-en\\\/alpha-bottle-xl-jug-1-6l\\\/\",\"name\":\"Alpha Bottle XL Jug (1.6L) - Fit360\",\"isPartOf\":{\"@id\":\"https:\\\/\\\/fit360.ee\\\/en\\\/#website\"},\"primaryImageOfPage\":{\"@id\":\"https:\\\/\\\/fit360.ee\\\/en\\\/pood\\\/training-equipment-en\\\/drinking-bottles-en\\\/alpha-bottle-xl-jug-1-6l\\\/#primaryimage\"},\"image\":{\"@id\":\"https:\\\/\\\/fit360.ee\\\/en\\\/pood\\\/training-equipment-en\\\/drinking-bottles-en\\\/alpha-bottle-xl-jug-1-6l\\\/#primaryimage\"},\"thumbnailUrl\":\"https:\\\/\\\/fit360.ee\\\/wp-content\\\/uploads\\\/2019\\\/03\\\/alpha-bottle-xl-water-jug-3613_600x600.jpg\",\"datePublished\":\"2019-03-18T15:50:58+00:00\",\"dateModified\":\"2026-04-09T15:13:07+00:00\",\"breadcrumb\":{\"@id\":\"https:\\\/\\\/fit360.ee\\\/en\\\/pood\\\/training-equipment-en\\\/drinking-bottles-en\\\/alpha-bottle-xl-jug-1-6l\\\/#breadcrumb\"},\"inLanguage\":\"en-US\",\"potentialAction\":[{\"@type\":\"ReadAction\",\"target\":[\"https:\\\/\\\/fit360.ee\\\/en\\\/pood\\\/training-equipment-en\\\/drinking-bottles-en\\\/alpha-bottle-xl-jug-1-6l\\\/\"]}]},{\"@type\":\"ImageObject\",\"inLanguage\":\"en-US\",\"@id\":\"https:\\\/\\\/fit360.ee\\\/en\\\/pood\\\/training-equipment-en\\\/drinking-bottles-en\\\/alpha-bottle-xl-jug-1-6l\\\/#primaryimage\",\"url\":\"https:\\\/\\\/fit360.ee\\\/wp-content\\\/uploads\\\/2019\\\/03\\\/alpha-bottle-xl-water-jug-3613_600x600.jpg\",\"contentUrl\":\"https:\\\/\\\/fit360.ee\\\/wp-content\\\/uploads\\\/2019\\\/03\\\/alpha-bottle-xl-water-jug-3613_600x600.jpg\",\"width\":600,\"height\":600},{\"@type\":\"BreadcrumbList\",\"@id\":\"https:\\\/\\\/fit360.ee\\\/en\\\/pood\\\/training-equipment-en\\\/drinking-bottles-en\\\/alpha-bottle-xl-jug-1-6l\\\/#breadcrumb\",\"itemListElement\":[{\"@type\":\"ListItem\",\"position\":1,\"name\":\"Home\",\"item\":\"https:\\\/\\\/fit360.ee\\\/en\\\/\"},{\"@type\":\"ListItem\",\"position\":2,\"name\":\"Shop\",\"item\":\"https:\\\/\\\/fit360.ee\\\/en\\\/shop\\\/\"},{\"@type\":\"ListItem\",\"position\":3,\"name\":\"Alpha Bottle XL Jug (1.6L)\"}]},{\"@type\":\"WebSite\",\"@id\":\"https:\\\/\\\/fit360.ee\\\/en\\\/#website\",\"url\":\"https:\\\/\\\/fit360.ee\\\/en\\\/\",\"name\":\"Fit360\",\"description\":\"\",\"publisher\":{\"@id\":\"https:\\\/\\\/fit360.ee\\\/en\\\/#organization\"},\"potentialAction\":[{\"@type\":\"SearchAction\",\"target\":{\"@type\":\"EntryPoint\",\"urlTemplate\":\"https:\\\/\\\/fit360.ee\\\/en\\\/?s={search_term_string}\"},\"query-input\":{\"@type\":\"PropertyValueSpecification\",\"valueRequired\":true,\"valueName\":\"search_term_string\"}}],\"inLanguage\":\"en-US\"},{\"@type\":\"Organization\",\"@id\":\"https:\\\/\\\/fit360.ee\\\/en\\\/#organization\",\"name\":\"Fit360\",\"url\":\"https:\\\/\\\/fit360.ee\\\/en\\\/\",\"logo\":{\"@type\":\"ImageObject\",\"inLanguage\":\"en-US\",\"@id\":\"https:\\\/\\\/fit360.ee\\\/en\\\/#\\\/schema\\\/logo\\\/image\\\/\",\"url\":\"https:\\\/\\\/fit360.ee\\\/wp-content\\\/uploads\\\/2017\\\/01\\\/logo-fit360.png\",\"contentUrl\":\"https:\\\/\\\/fit360.ee\\\/wp-content\\\/uploads\\\/2017\\\/01\\\/logo-fit360.png\",\"width\":180,\"height\":66,\"caption\":\"Fit360\"},\"image\":{\"@id\":\"https:\\\/\\\/fit360.ee\\\/en\\\/#\\\/schema\\\/logo\\\/image\\\/\"}}]}<\/script>\n<!-- \/ Yoast SEO plugin. -->","yoast_head_json":{"title":"Alpha Bottle XL Jug (1.6L) - Fit360","robots":{"index":"index","follow":"follow","max-snippet":"max-snippet:-1","max-image-preview":"max-image-preview:large","max-video-preview":"max-video-preview:-1"},"canonical":"https:\/\/fit360.ee\/en\/pood\/training-equipment-en\/drinking-bottles-en\/alpha-bottle-xl-jug-1-6l\/","og_locale":"en_US","og_type":"article","og_title":"Alpha Bottle XL Jug (1.6L) - Fit360","og_description":"ALPHA XL 1.6L JOOGIPUDEL:   'Alpha Seal' silikonist lukustus, mis teeb joogipudeli 100% lekkekindlaks  BPA &amp; DEHP vaba  Lihtne puhastada  Tugevast kummist k\u00e4epide  Turvaline ja lekkimiskindel kork  1600ml (56oz) mahutavus  Stiilne v\u00e4limus  K\u00f5ik Alpha Bottle'i XL aspektid on hoolikalt kujundatud nii, et need sobiksid Teie kirgliku elustiiliga. Alpha XL joogipudel loodi teiste veepudelite peamiste puuduste k\u00f5rvaldamiseks.","og_url":"https:\/\/fit360.ee\/en\/pood\/training-equipment-en\/drinking-bottles-en\/alpha-bottle-xl-jug-1-6l\/","og_site_name":"Fit360","article_modified_time":"2026-04-09T15:13:07+00:00","og_image":[{"width":600,"height":600,"url":"https:\/\/fit360.ee\/wp-content\/uploads\/2019\/03\/alpha-bottle-xl-water-jug-3613_600x600.jpg","type":"image\/jpeg"}],"twitter_card":"summary_large_image","twitter_misc":{"Est. reading time":"1 minute"},"schema":{"@context":"https:\/\/schema.org","@graph":[{"@type":"WebPage","@id":"https:\/\/fit360.ee\/en\/pood\/training-equipment-en\/drinking-bottles-en\/alpha-bottle-xl-jug-1-6l\/","url":"https:\/\/fit360.ee\/en\/pood\/training-equipment-en\/drinking-bottles-en\/alpha-bottle-xl-jug-1-6l\/","name":"Alpha Bottle XL Jug (1.6L) - Fit360","isPartOf":{"@id":"https:\/\/fit360.ee\/en\/#website"},"primaryImageOfPage":{"@id":"https:\/\/fit360.ee\/en\/pood\/training-equipment-en\/drinking-bottles-en\/alpha-bottle-xl-jug-1-6l\/#primaryimage"},"image":{"@id":"https:\/\/fit360.ee\/en\/pood\/training-equipment-en\/drinking-bottles-en\/alpha-bottle-xl-jug-1-6l\/#primaryimage"},"thumbnailUrl":"https:\/\/fit360.ee\/wp-content\/uploads\/2019\/03\/alpha-bottle-xl-water-jug-3613_600x600.jpg","datePublished":"2019-03-18T15:50:58+00:00","dateModified":"2026-04-09T15:13:07+00:00","breadcrumb":{"@id":"https:\/\/fit360.ee\/en\/pood\/training-equipment-en\/drinking-bottles-en\/alpha-bottle-xl-jug-1-6l\/#breadcrumb"},"inLanguage":"en-US","potentialAction":[{"@type":"ReadAction","target":["https:\/\/fit360.ee\/en\/pood\/training-equipment-en\/drinking-bottles-en\/alpha-bottle-xl-jug-1-6l\/"]}]},{"@type":"ImageObject","inLanguage":"en-US","@id":"https:\/\/fit360.ee\/en\/pood\/training-equipment-en\/drinking-bottles-en\/alpha-bottle-xl-jug-1-6l\/#primaryimage","url":"https:\/\/fit360.ee\/wp-content\/uploads\/2019\/03\/alpha-bottle-xl-water-jug-3613_600x600.jpg","contentUrl":"https:\/\/fit360.ee\/wp-content\/uploads\/2019\/03\/alpha-bottle-xl-water-jug-3613_600x600.jpg","width":600,"height":600},{"@type":"BreadcrumbList","@id":"https:\/\/fit360.ee\/en\/pood\/training-equipment-en\/drinking-bottles-en\/alpha-bottle-xl-jug-1-6l\/#breadcrumb","itemListElement":[{"@type":"ListItem","position":1,"name":"Home","item":"https:\/\/fit360.ee\/en\/"},{"@type":"ListItem","position":2,"name":"Shop","item":"https:\/\/fit360.ee\/en\/shop\/"},{"@type":"ListItem","position":3,"name":"Alpha Bottle XL Jug (1.6L)"}]},{"@type":"WebSite","@id":"https:\/\/fit360.ee\/en\/#website","url":"https:\/\/fit360.ee\/en\/","name":"Fit360","description":"","publisher":{"@id":"https:\/\/fit360.ee\/en\/#organization"},"potentialAction":[{"@type":"SearchAction","target":{"@type":"EntryPoint","urlTemplate":"https:\/\/fit360.ee\/en\/?s={search_term_string}"},"query-input":{"@type":"PropertyValueSpecification","valueRequired":true,"valueName":"search_term_string"}}],"inLanguage":"en-US"},{"@type":"Organization","@id":"https:\/\/fit360.ee\/en\/#organization","name":"Fit360","url":"https:\/\/fit360.ee\/en\/","logo":{"@type":"ImageObject","inLanguage":"en-US","@id":"https:\/\/fit360.ee\/en\/#\/schema\/logo\/image\/","url":"https:\/\/fit360.ee\/wp-content\/uploads\/2017\/01\/logo-fit360.png","contentUrl":"https:\/\/fit360.ee\/wp-content\/uploads\/2017\/01\/logo-fit360.png","width":180,"height":66,"caption":"Fit360"},"image":{"@id":"https:\/\/fit360.ee\/en\/#\/schema\/logo\/image\/"}}]}},"_links":{"self":[{"href":"https:\/\/fit360.ee\/en\/wp-json\/wp\/v2\/product\/20150","targetHints":{"allow":["GET"]}}],"collection":[{"href":"https:\/\/fit360.ee\/en\/wp-json\/wp\/v2\/product"}],"about":[{"href":"https:\/\/fit360.ee\/en\/wp-json\/wp\/v2\/types\/product"}],"replies":[{"embeddable":true,"href":"https:\/\/fit360.ee\/en\/wp-json\/wp\/v2\/comments?post=20150"}],"wp:featuredmedia":[{"embeddable":true,"href":"https:\/\/fit360.ee\/en\/wp-json\/wp\/v2\/media\/20137"}],"wp:attachment":[{"href":"https:\/\/fit360.ee\/en\/wp-json\/wp\/v2\/media?parent=20150"}],"wp:term":[{"taxonomy":"product_brand","embeddable":true,"href":"https:\/\/fit360.ee\/en\/wp-json\/wp\/v2\/product_brand?post=20150"},{"taxonomy":"product_cat","embeddable":true,"href":"https:\/\/fit360.ee\/en\/wp-json\/wp\/v2\/product_cat?post=20150"},{"taxonomy":"product_tag","embeddable":true,"href":"https:\/\/fit360.ee\/en\/wp-json\/wp\/v2\/product_tag?post=20150"},{"taxonomy":"giftcard-category","embeddable":true,"href":"https:\/\/fit360.ee\/en\/wp-json\/wp\/v2\/giftcard-category?post=20150"}],"curies":[{"name":"wp","href":"https:\/\/api.w.org\/{rel}","templated":true}]}}