{"id":20212,"date":"2019-03-27T18:41:57","date_gmt":"2019-03-27T16:41:57","guid":{"rendered":"https:\/\/fit360.ee\/pood\/uncategorized\/vitamin-e-90tab\/"},"modified":"2025-12-28T04:25:11","modified_gmt":"2025-12-28T02:25:11","slug":"vitamin-e-90tab","status":"publish","type":"product","link":"https:\/\/fit360.ee\/en\/pood\/product-groups\/vitamins-and-minerals-en\/e-vitamin-en\/vitamin-e-90tab\/","title":{"rendered":"MuscleCare Vitamiin E (90tabs)"},"content":{"rendered":"<p><strong>Koostisosad: <\/strong>t\u00e4iteaine &#8211; tselluloos, riisit\u00e4rklis, DL-alfa tokoferoolatsetaat (E-vitamiin), paakumisvastane aine &#8211; rasvhapete magneesiumsoolad, r\u00e4nidioksiid.<\/p>\n<p><strong>Kasutamine: <\/strong>1 kapsel 2 korda p\u00e4evas. \u00c4ra \u00fcleta soovitatud p\u00e4evast kogust!<\/p>\n<p><strong>Suurus: <\/strong>90 tabletti<\/p>\n<table>\n<tbody>\n<tr>\n<td width=\"123\"><strong>Koostisosad<\/strong><\/td>\n<td width=\"123\"><strong>1 tablett<\/strong><\/td>\n<td width=\"123\"><strong>%SPK<\/strong><\/td>\n<td width=\"123\"><strong>2 tabletti<\/strong><\/td>\n<td width=\"123\"><strong>%SPK<\/strong><\/td>\n<\/tr>\n<tr>\n<td width=\"123\">Vitamiin E<\/td>\n<td width=\"123\">20 mg<\/td>\n<td width=\"123\">167%<\/td>\n<td width=\"123\">1180 mg<\/td>\n<td width=\"123\">333%<\/td>\n<\/tr>\n<\/tbody>\n<\/table>\n<p>%SPK = soovituslik kogus p\u00e4evas<\/p>\n<p>Soovid kaupa osta suuremas koguses? Vaata antud toodet ka meie HULGI poest\u00a0<a href=\"https:\/\/toidulisandidhulgi.ee\/product\/vitamin-e-90tab\/\"><strong>SIIT<\/strong><\/a>!<\/p>\n","protected":false},"excerpt":{"rendered":"<p><strong>E Vitamiini kasulikud omadused:<\/strong><\/p>\n<ul>\n<li>rakkude vananemise pidurdamine<\/li>\n<li>aitab hemoglobiini hoida normaalse taseme juures<\/li>\n<li>muudab kapillaaride seinad tugevamaks<\/li>\n<li>l\u00fcmfots\u00fc\u00fctide, puna- ja valgeliblede kaitsmine, mist\u00f5ttu paraneb organismi varustatus hapnikuga ja \u00fcldine kaitsev\u00f5ime,<\/li>\n<li>vereh\u00fc\u00fcbimise ja s\u00fcdamelihase t\u00f6\u00f6ks<\/li>\n<li>n\u00e4rvikoe talituseks ja immuunfunktsiooniks.<\/li>\n<li>j\u00e4rglaste saamiseks, fertiilsuse s\u00e4ilitamiseks.<\/li>\n<\/ul>\n","protected":false},"featured_media":85278,"comment_status":"open","ping_status":"closed","template":"","meta":[],"product_brand":[],"product_cat":[2283,1328,536],"product_tag":[2688,5428,1812,2689,5429],"giftcard-category":[],"class_list":{"0":"post-20212","1":"product","2":"type-product","3":"status-publish","4":"has-post-thumbnail","6":"product_cat-e-vitamin-en","7":"product_cat-musclecare-en","8":"product_cat-vitamins-and-minerals-en","9":"product_tag-e-vitamiin-en","10":"product_tag-e-vitamin-en","11":"product_tag-musclecare-en","12":"product_tag-vitamiin-e-en","13":"product_tag-vitamin-e-en","14":"pa_toidulisand-branddd-musclecare","15":"pa_tootegruppp-e-vitamiin-en","16":"pa_tootegruppp-vitamins-and-minerals","18":"first","19":"instock","20":"sale","21":"taxable","22":"shipping-taxable","23":"purchasable","24":"product-type-simple"},"yoast_head":"<!-- This site is optimized with the Yoast SEO plugin v27.3 - https:\/\/yoast.com\/product\/yoast-seo-wordpress\/ -->\n<title>MuscleCare Vitamiin E (90tabs) - Fit360<\/title>\n<meta name=\"robots\" content=\"index, follow, max-snippet:-1, max-image-preview:large, max-video-preview:-1\" \/>\n<link rel=\"canonical\" href=\"https:\/\/fit360.ee\/en\/pood\/product-groups\/vitamins-and-minerals-en\/e-vitamin-en\/vitamin-e-90tab\/\" \/>\n<meta property=\"og:locale\" content=\"en_US\" \/>\n<meta property=\"og:type\" content=\"article\" \/>\n<meta property=\"og:title\" content=\"MuscleCare Vitamiin E (90tabs) - Fit360\" \/>\n<meta property=\"og:description\" content=\"E Vitamiini kasulikud omadused:   rakkude vananemise pidurdamine  aitab hemoglobiini hoida normaalse taseme juures  muudab kapillaaride seinad tugevamaks  l\u00fcmfots\u00fc\u00fctide, puna- ja valgeliblede kaitsmine, mist\u00f5ttu paraneb organismi varustatus hapnikuga ja \u00fcldine kaitsev\u00f5ime,  vereh\u00fc\u00fcbimise ja s\u00fcdamelihase t\u00f6\u00f6ks  n\u00e4rvikoe talituseks ja immuunfunktsiooniks.  j\u00e4rglaste saamiseks, fertiilsuse s\u00e4ilitamiseks.\" \/>\n<meta property=\"og:url\" content=\"https:\/\/fit360.ee\/en\/pood\/product-groups\/vitamins-and-minerals-en\/e-vitamin-en\/vitamin-e-90tab\/\" \/>\n<meta property=\"og:site_name\" content=\"Fit360\" \/>\n<meta property=\"article:modified_time\" content=\"2025-12-28T02:25:11+00:00\" \/>\n<meta property=\"og:image\" content=\"https:\/\/fit360.ee\/wp-content\/uploads\/2019\/03\/vitamiin-e-tabletid-fit360.ee-1.png\" \/>\n\t<meta property=\"og:image:width\" content=\"600\" \/>\n\t<meta property=\"og:image:height\" content=\"600\" \/>\n\t<meta property=\"og:image:type\" content=\"image\/png\" \/>\n<meta name=\"twitter:card\" content=\"summary_large_image\" \/>\n<meta name=\"twitter:label1\" content=\"Est. reading time\" \/>\n\t<meta name=\"twitter:data1\" content=\"1 minute\" \/>\n<script type=\"application\/ld+json\" class=\"yoast-schema-graph\">{\"@context\":\"https:\\\/\\\/schema.org\",\"@graph\":[{\"@type\":\"WebPage\",\"@id\":\"https:\\\/\\\/fit360.ee\\\/en\\\/pood\\\/product-groups\\\/vitamins-and-minerals-en\\\/e-vitamin-en\\\/vitamin-e-90tab\\\/\",\"url\":\"https:\\\/\\\/fit360.ee\\\/en\\\/pood\\\/product-groups\\\/vitamins-and-minerals-en\\\/e-vitamin-en\\\/vitamin-e-90tab\\\/\",\"name\":\"MuscleCare Vitamiin E (90tabs) - Fit360\",\"isPartOf\":{\"@id\":\"https:\\\/\\\/fit360.ee\\\/en\\\/#website\"},\"primaryImageOfPage\":{\"@id\":\"https:\\\/\\\/fit360.ee\\\/en\\\/pood\\\/product-groups\\\/vitamins-and-minerals-en\\\/e-vitamin-en\\\/vitamin-e-90tab\\\/#primaryimage\"},\"image\":{\"@id\":\"https:\\\/\\\/fit360.ee\\\/en\\\/pood\\\/product-groups\\\/vitamins-and-minerals-en\\\/e-vitamin-en\\\/vitamin-e-90tab\\\/#primaryimage\"},\"thumbnailUrl\":\"https:\\\/\\\/fit360.ee\\\/wp-content\\\/uploads\\\/2019\\\/03\\\/vitamiin-e-tabletid-fit360.ee-1.png\",\"datePublished\":\"2019-03-27T16:41:57+00:00\",\"dateModified\":\"2025-12-28T02:25:11+00:00\",\"breadcrumb\":{\"@id\":\"https:\\\/\\\/fit360.ee\\\/en\\\/pood\\\/product-groups\\\/vitamins-and-minerals-en\\\/e-vitamin-en\\\/vitamin-e-90tab\\\/#breadcrumb\"},\"inLanguage\":\"en-US\",\"potentialAction\":[{\"@type\":\"ReadAction\",\"target\":[\"https:\\\/\\\/fit360.ee\\\/en\\\/pood\\\/product-groups\\\/vitamins-and-minerals-en\\\/e-vitamin-en\\\/vitamin-e-90tab\\\/\"]}]},{\"@type\":\"ImageObject\",\"inLanguage\":\"en-US\",\"@id\":\"https:\\\/\\\/fit360.ee\\\/en\\\/pood\\\/product-groups\\\/vitamins-and-minerals-en\\\/e-vitamin-en\\\/vitamin-e-90tab\\\/#primaryimage\",\"url\":\"https:\\\/\\\/fit360.ee\\\/wp-content\\\/uploads\\\/2019\\\/03\\\/vitamiin-e-tabletid-fit360.ee-1.png\",\"contentUrl\":\"https:\\\/\\\/fit360.ee\\\/wp-content\\\/uploads\\\/2019\\\/03\\\/vitamiin-e-tabletid-fit360.ee-1.png\",\"width\":600,\"height\":600,\"caption\":\"vitamiin e tabletid - fit360.ee\"},{\"@type\":\"BreadcrumbList\",\"@id\":\"https:\\\/\\\/fit360.ee\\\/en\\\/pood\\\/product-groups\\\/vitamins-and-minerals-en\\\/e-vitamin-en\\\/vitamin-e-90tab\\\/#breadcrumb\",\"itemListElement\":[{\"@type\":\"ListItem\",\"position\":1,\"name\":\"Home\",\"item\":\"https:\\\/\\\/fit360.ee\\\/en\\\/\"},{\"@type\":\"ListItem\",\"position\":2,\"name\":\"Shop\",\"item\":\"https:\\\/\\\/fit360.ee\\\/en\\\/shop\\\/\"},{\"@type\":\"ListItem\",\"position\":3,\"name\":\"MuscleCare Vitamiin E (90tabs)\"}]},{\"@type\":\"WebSite\",\"@id\":\"https:\\\/\\\/fit360.ee\\\/en\\\/#website\",\"url\":\"https:\\\/\\\/fit360.ee\\\/en\\\/\",\"name\":\"Fit360\",\"description\":\"\",\"publisher\":{\"@id\":\"https:\\\/\\\/fit360.ee\\\/en\\\/#organization\"},\"potentialAction\":[{\"@type\":\"SearchAction\",\"target\":{\"@type\":\"EntryPoint\",\"urlTemplate\":\"https:\\\/\\\/fit360.ee\\\/en\\\/?s={search_term_string}\"},\"query-input\":{\"@type\":\"PropertyValueSpecification\",\"valueRequired\":true,\"valueName\":\"search_term_string\"}}],\"inLanguage\":\"en-US\"},{\"@type\":\"Organization\",\"@id\":\"https:\\\/\\\/fit360.ee\\\/en\\\/#organization\",\"name\":\"Fit360\",\"url\":\"https:\\\/\\\/fit360.ee\\\/en\\\/\",\"logo\":{\"@type\":\"ImageObject\",\"inLanguage\":\"en-US\",\"@id\":\"https:\\\/\\\/fit360.ee\\\/en\\\/#\\\/schema\\\/logo\\\/image\\\/\",\"url\":\"https:\\\/\\\/fit360.ee\\\/wp-content\\\/uploads\\\/2017\\\/01\\\/logo-fit360.png\",\"contentUrl\":\"https:\\\/\\\/fit360.ee\\\/wp-content\\\/uploads\\\/2017\\\/01\\\/logo-fit360.png\",\"width\":180,\"height\":66,\"caption\":\"Fit360\"},\"image\":{\"@id\":\"https:\\\/\\\/fit360.ee\\\/en\\\/#\\\/schema\\\/logo\\\/image\\\/\"}}]}<\/script>\n<!-- \/ Yoast SEO plugin. -->","yoast_head_json":{"title":"MuscleCare Vitamiin E (90tabs) - Fit360","robots":{"index":"index","follow":"follow","max-snippet":"max-snippet:-1","max-image-preview":"max-image-preview:large","max-video-preview":"max-video-preview:-1"},"canonical":"https:\/\/fit360.ee\/en\/pood\/product-groups\/vitamins-and-minerals-en\/e-vitamin-en\/vitamin-e-90tab\/","og_locale":"en_US","og_type":"article","og_title":"MuscleCare Vitamiin E (90tabs) - Fit360","og_description":"E Vitamiini kasulikud omadused:   rakkude vananemise pidurdamine  aitab hemoglobiini hoida normaalse taseme juures  muudab kapillaaride seinad tugevamaks  l\u00fcmfots\u00fc\u00fctide, puna- ja valgeliblede kaitsmine, mist\u00f5ttu paraneb organismi varustatus hapnikuga ja \u00fcldine kaitsev\u00f5ime,  vereh\u00fc\u00fcbimise ja s\u00fcdamelihase t\u00f6\u00f6ks  n\u00e4rvikoe talituseks ja immuunfunktsiooniks.  j\u00e4rglaste saamiseks, fertiilsuse s\u00e4ilitamiseks.","og_url":"https:\/\/fit360.ee\/en\/pood\/product-groups\/vitamins-and-minerals-en\/e-vitamin-en\/vitamin-e-90tab\/","og_site_name":"Fit360","article_modified_time":"2025-12-28T02:25:11+00:00","og_image":[{"width":600,"height":600,"url":"https:\/\/fit360.ee\/wp-content\/uploads\/2019\/03\/vitamiin-e-tabletid-fit360.ee-1.png","type":"image\/png"}],"twitter_card":"summary_large_image","twitter_misc":{"Est. reading time":"1 minute"},"schema":{"@context":"https:\/\/schema.org","@graph":[{"@type":"WebPage","@id":"https:\/\/fit360.ee\/en\/pood\/product-groups\/vitamins-and-minerals-en\/e-vitamin-en\/vitamin-e-90tab\/","url":"https:\/\/fit360.ee\/en\/pood\/product-groups\/vitamins-and-minerals-en\/e-vitamin-en\/vitamin-e-90tab\/","name":"MuscleCare Vitamiin E (90tabs) - Fit360","isPartOf":{"@id":"https:\/\/fit360.ee\/en\/#website"},"primaryImageOfPage":{"@id":"https:\/\/fit360.ee\/en\/pood\/product-groups\/vitamins-and-minerals-en\/e-vitamin-en\/vitamin-e-90tab\/#primaryimage"},"image":{"@id":"https:\/\/fit360.ee\/en\/pood\/product-groups\/vitamins-and-minerals-en\/e-vitamin-en\/vitamin-e-90tab\/#primaryimage"},"thumbnailUrl":"https:\/\/fit360.ee\/wp-content\/uploads\/2019\/03\/vitamiin-e-tabletid-fit360.ee-1.png","datePublished":"2019-03-27T16:41:57+00:00","dateModified":"2025-12-28T02:25:11+00:00","breadcrumb":{"@id":"https:\/\/fit360.ee\/en\/pood\/product-groups\/vitamins-and-minerals-en\/e-vitamin-en\/vitamin-e-90tab\/#breadcrumb"},"inLanguage":"en-US","potentialAction":[{"@type":"ReadAction","target":["https:\/\/fit360.ee\/en\/pood\/product-groups\/vitamins-and-minerals-en\/e-vitamin-en\/vitamin-e-90tab\/"]}]},{"@type":"ImageObject","inLanguage":"en-US","@id":"https:\/\/fit360.ee\/en\/pood\/product-groups\/vitamins-and-minerals-en\/e-vitamin-en\/vitamin-e-90tab\/#primaryimage","url":"https:\/\/fit360.ee\/wp-content\/uploads\/2019\/03\/vitamiin-e-tabletid-fit360.ee-1.png","contentUrl":"https:\/\/fit360.ee\/wp-content\/uploads\/2019\/03\/vitamiin-e-tabletid-fit360.ee-1.png","width":600,"height":600,"caption":"vitamiin e tabletid - fit360.ee"},{"@type":"BreadcrumbList","@id":"https:\/\/fit360.ee\/en\/pood\/product-groups\/vitamins-and-minerals-en\/e-vitamin-en\/vitamin-e-90tab\/#breadcrumb","itemListElement":[{"@type":"ListItem","position":1,"name":"Home","item":"https:\/\/fit360.ee\/en\/"},{"@type":"ListItem","position":2,"name":"Shop","item":"https:\/\/fit360.ee\/en\/shop\/"},{"@type":"ListItem","position":3,"name":"MuscleCare Vitamiin E (90tabs)"}]},{"@type":"WebSite","@id":"https:\/\/fit360.ee\/en\/#website","url":"https:\/\/fit360.ee\/en\/","name":"Fit360","description":"","publisher":{"@id":"https:\/\/fit360.ee\/en\/#organization"},"potentialAction":[{"@type":"SearchAction","target":{"@type":"EntryPoint","urlTemplate":"https:\/\/fit360.ee\/en\/?s={search_term_string}"},"query-input":{"@type":"PropertyValueSpecification","valueRequired":true,"valueName":"search_term_string"}}],"inLanguage":"en-US"},{"@type":"Organization","@id":"https:\/\/fit360.ee\/en\/#organization","name":"Fit360","url":"https:\/\/fit360.ee\/en\/","logo":{"@type":"ImageObject","inLanguage":"en-US","@id":"https:\/\/fit360.ee\/en\/#\/schema\/logo\/image\/","url":"https:\/\/fit360.ee\/wp-content\/uploads\/2017\/01\/logo-fit360.png","contentUrl":"https:\/\/fit360.ee\/wp-content\/uploads\/2017\/01\/logo-fit360.png","width":180,"height":66,"caption":"Fit360"},"image":{"@id":"https:\/\/fit360.ee\/en\/#\/schema\/logo\/image\/"}}]}},"_links":{"self":[{"href":"https:\/\/fit360.ee\/en\/wp-json\/wp\/v2\/product\/20212","targetHints":{"allow":["GET"]}}],"collection":[{"href":"https:\/\/fit360.ee\/en\/wp-json\/wp\/v2\/product"}],"about":[{"href":"https:\/\/fit360.ee\/en\/wp-json\/wp\/v2\/types\/product"}],"replies":[{"embeddable":true,"href":"https:\/\/fit360.ee\/en\/wp-json\/wp\/v2\/comments?post=20212"}],"wp:featuredmedia":[{"embeddable":true,"href":"https:\/\/fit360.ee\/en\/wp-json\/wp\/v2\/media\/85278"}],"wp:attachment":[{"href":"https:\/\/fit360.ee\/en\/wp-json\/wp\/v2\/media?parent=20212"}],"wp:term":[{"taxonomy":"product_brand","embeddable":true,"href":"https:\/\/fit360.ee\/en\/wp-json\/wp\/v2\/product_brand?post=20212"},{"taxonomy":"product_cat","embeddable":true,"href":"https:\/\/fit360.ee\/en\/wp-json\/wp\/v2\/product_cat?post=20212"},{"taxonomy":"product_tag","embeddable":true,"href":"https:\/\/fit360.ee\/en\/wp-json\/wp\/v2\/product_tag?post=20212"},{"taxonomy":"giftcard-category","embeddable":true,"href":"https:\/\/fit360.ee\/en\/wp-json\/wp\/v2\/giftcard-category?post=20212"}],"curies":[{"name":"wp","href":"https:\/\/api.w.org\/{rel}","templated":true}]}}