{"id":20218,"date":"2019-03-27T18:49:37","date_gmt":"2019-03-27T16:49:37","guid":{"rendered":"https:\/\/fit360.ee\/pood\/uncategorized\/gaba-90tab\/"},"modified":"2026-04-11T11:57:29","modified_gmt":"2026-04-11T09:57:29","slug":"gaba-90tab","status":"publish","type":"product","link":"https:\/\/fit360.ee\/en\/pood\/product-groups\/sleep-enhancers-en\/melatonin-en\/gaba-90tab\/","title":{"rendered":"GABA+ (90tab)"},"content":{"rendered":"<h2><strong>GABA tabletid koos melatoniiniga<\/strong><\/h2>\n<p><strong>GABA tabletid (gammaaminobut\u00fc\u00fcrhape)<\/strong> on naturaalne aminohape, mis esineb suurimas konsentratsioonis inimese ajus ja silmades. Tegemist on neurotransmitteriga, mis reguleerib aju- ja n\u00e4rvirakkude aktiivsust. GABA on tuntud kui \u201caju naturaalne rahustaja,\u201d sest p\u00e4rsib aju \u00fclestimuleerimist, mis toimub stressi, vihastamise jms tagaj\u00e4rjel. Arvukad kliinilised uuringud on n\u00e4idanud, et GABA manustamine soodustab kasvuhormoon eritumist.<\/p>\n<p>Lisaks \u00e4rrituse rahustamisele aitab <strong>GABA<\/strong> ka paremini magama j\u00e4\u00e4da, \u00e4revust ja stressi v\u00e4hendada, v\u00f5ib aidata depressiooni v\u00e4hendada ning parandab m\u00e4lu.<\/p>\n<ul>\n<li>V\u00e4hendab \u00e4revust<\/li>\n<li>Parandab und<\/li>\n<li>V\u00e4hendab depressioonis\u00fcmptomeid<\/li>\n<li>P\u00f5letikuvastane toime<\/li>\n<li>Parandab keskendumist<\/li>\n<li>Suurendab kasvuhormooni taset<\/li>\n<\/ul>\n<p><strong>Koostisosad: <\/strong>gamma-aminov\u00f5ihape (GABA), t\u00e4iteaine &#8211; tselluloos, sideaine &#8211; kaltsiumfosfaadid, paakumisvastased ained &#8211; rasvhapete magneesiumsoolad, r\u00e4nidioksiid, melatoniin<\/p>\n<p><strong>Kasutamine: <\/strong>V\u00f5ta 1-2 tablett p\u00e4evas.<\/p>\n<p><strong>Suurus: <\/strong>90 tabletti<\/p>\n<p><strong>Hoiustamine: <\/strong>kuivas ja jahedas kohas, eemal otsesest p\u00e4ikesevalgusest<\/p>\n<table>\n<tbody>\n<tr>\n<td width=\"307\"><strong>Koostisosad<\/strong><\/td>\n<td width=\"307\"><strong>1 tablett<\/strong><\/td>\n<\/tr>\n<tr>\n<td width=\"307\">gamma-aminov\u00f5ihape (GABA)<\/td>\n<td width=\"307\">750 mg<\/td>\n<\/tr>\n<tr>\n<td width=\"307\">Melatoniin<\/td>\n<td width=\"307\">1 mg<\/td>\n<\/tr>\n<\/tbody>\n<\/table>\n<p>Vaata ka meie Teisi Gaba toidulisandeid <a href=\"https:\/\/fit360.ee\/en\/product-category\/product-groups\/amino-acids-bcaa\/gaba-en\/\"><strong>SIIT<\/strong><\/a> v\u00f5i toidulisandeid Unele <a href=\"https:\/\/fit360.ee\/en\/product-category\/product-groups\/sleep-enhancers-en\/\"><strong>SIIT<\/strong><\/a>!<\/p>\n<p>Soovid kaupa osta suuremas koguses? Vaata antud toodet ka meie HULGI poest\u00a0<a href=\"https:\/\/toidulisandidhulgi.ee\/product\/gaba-90tab\/\"><strong>SIIT<\/strong><\/a>!<\/p>\n","protected":false},"excerpt":{"rendered":"<p><strong>GABA (gammaaminobut\u00fc\u00fcrhape)<\/strong> on naturaalne aminohape, mis esineb suurimas konsentratsioonis inimese ajus ja silmades. Tegemist on neurotransmitteriga, mis reguleerib aju- ja n\u00e4rvirakkude aktiivsust. GABA on tuntud kui \u201caju naturaalne rahustaja,\u201d sest p\u00e4rsib aju \u00fclestimuleerimist, mis toimub stressi, vihastamise jms tagaj\u00e4rjel. Arvukad kliinilised uuringud on n\u00e4idanud, et GABA manustamine soodustab kasvuhormoon eritumist.<\/p>\n<p>&nbsp;<\/p>\n","protected":false},"featured_media":85280,"comment_status":"open","ping_status":"closed","template":"","meta":[],"product_brand":[],"product_cat":[520,2319,2480,1328,2476,532,536],"product_tag":[1787,1842,5431,1812],"giftcard-category":[],"class_list":{"0":"post-20218","1":"product","2":"type-product","3":"status-publish","4":"has-post-thumbnail","6":"product_cat-amino-acids-bcaa","7":"product_cat-gaba-en","8":"product_cat-melatonin-en","9":"product_cat-musclecare-en","10":"product_cat-sleep-enhancers-en","11":"product_cat-testosterone-boosters-en","12":"product_cat-vitamins-and-minerals-en","13":"product_tag-aminohapped-en","14":"product_tag-gaba-en","15":"product_tag-gaba-tabletid-en","16":"product_tag-musclecare-en","17":"pa_toidulisand-branddd-musclecare","18":"pa_tootegruppp-amino-acidsbcaa","19":"pa_tootegruppp-gaba-en","20":"pa_tootegruppp-melatoniin-en","21":"pa_tootegruppp-testosterone-enhancers","22":"pa_tootegruppp-uni-en","23":"pa_tootegruppp-vitamins-and-minerals","25":"first","26":"instock","27":"sale","28":"taxable","29":"shipping-taxable","30":"purchasable","31":"product-type-simple"},"yoast_head":"<!-- This site is optimized with the Yoast SEO plugin v27.3 - https:\/\/yoast.com\/product\/yoast-seo-wordpress\/ -->\n<title>GABA tabletid (90tk) - Aminohapped - Kiire tarne: 1-3 p\u00e4eva - Fit360<\/title>\n<meta name=\"description\" content=\"Gaba tabletid - GABA on tuntud kui \u201caju naturaalne rahustaja,\u201d sest p\u00e4rsib aju \u00fclestimuleerimist, mis toimub stressi, vihastamise jms. tagaj\u00e4rjel.\" \/>\n<meta name=\"robots\" content=\"index, follow, max-snippet:-1, max-image-preview:large, max-video-preview:-1\" \/>\n<link rel=\"canonical\" href=\"https:\/\/fit360.ee\/en\/pood\/product-groups\/sleep-enhancers-en\/melatonin-en\/gaba-90tab\/\" \/>\n<meta property=\"og:locale\" content=\"en_US\" \/>\n<meta property=\"og:type\" content=\"article\" \/>\n<meta property=\"og:title\" content=\"GABA tabletid (90tk) - Aminohapped - Kiire tarne: 1-3 p\u00e4eva - Fit360\" \/>\n<meta property=\"og:description\" content=\"Gaba tabletid - GABA on tuntud kui \u201caju naturaalne rahustaja,\u201d sest p\u00e4rsib aju \u00fclestimuleerimist, mis toimub stressi, vihastamise jms. tagaj\u00e4rjel.\" \/>\n<meta property=\"og:url\" content=\"https:\/\/fit360.ee\/en\/pood\/product-groups\/sleep-enhancers-en\/melatonin-en\/gaba-90tab\/\" \/>\n<meta property=\"og:site_name\" content=\"Fit360\" \/>\n<meta property=\"article:modified_time\" content=\"2026-04-11T09:57:29+00:00\" \/>\n<meta property=\"og:image\" content=\"https:\/\/fit360.ee\/wp-content\/uploads\/2019\/03\/gaba-tabletid-fit360.ee-1.png\" \/>\n\t<meta property=\"og:image:width\" content=\"600\" \/>\n\t<meta property=\"og:image:height\" content=\"600\" \/>\n\t<meta property=\"og:image:type\" content=\"image\/png\" \/>\n<meta name=\"twitter:card\" content=\"summary_large_image\" \/>\n<meta name=\"twitter:label1\" content=\"Est. reading time\" \/>\n\t<meta name=\"twitter:data1\" content=\"1 minute\" \/>\n<script type=\"application\/ld+json\" class=\"yoast-schema-graph\">{\"@context\":\"https:\\\/\\\/schema.org\",\"@graph\":[{\"@type\":\"WebPage\",\"@id\":\"https:\\\/\\\/fit360.ee\\\/en\\\/pood\\\/product-groups\\\/sleep-enhancers-en\\\/melatonin-en\\\/gaba-90tab\\\/\",\"url\":\"https:\\\/\\\/fit360.ee\\\/en\\\/pood\\\/product-groups\\\/sleep-enhancers-en\\\/melatonin-en\\\/gaba-90tab\\\/\",\"name\":\"GABA tabletid (90tk) - Aminohapped - Kiire tarne: 1-3 p\u00e4eva - Fit360\",\"isPartOf\":{\"@id\":\"https:\\\/\\\/fit360.ee\\\/en\\\/#website\"},\"primaryImageOfPage\":{\"@id\":\"https:\\\/\\\/fit360.ee\\\/en\\\/pood\\\/product-groups\\\/sleep-enhancers-en\\\/melatonin-en\\\/gaba-90tab\\\/#primaryimage\"},\"image\":{\"@id\":\"https:\\\/\\\/fit360.ee\\\/en\\\/pood\\\/product-groups\\\/sleep-enhancers-en\\\/melatonin-en\\\/gaba-90tab\\\/#primaryimage\"},\"thumbnailUrl\":\"https:\\\/\\\/fit360.ee\\\/wp-content\\\/uploads\\\/2019\\\/03\\\/gaba-tabletid-fit360.ee-1.png\",\"datePublished\":\"2019-03-27T16:49:37+00:00\",\"dateModified\":\"2026-04-11T09:57:29+00:00\",\"description\":\"Gaba tabletid - GABA on tuntud kui \u201caju naturaalne rahustaja,\u201d sest p\u00e4rsib aju \u00fclestimuleerimist, mis toimub stressi, vihastamise jms. tagaj\u00e4rjel.\",\"breadcrumb\":{\"@id\":\"https:\\\/\\\/fit360.ee\\\/en\\\/pood\\\/product-groups\\\/sleep-enhancers-en\\\/melatonin-en\\\/gaba-90tab\\\/#breadcrumb\"},\"inLanguage\":\"en-US\",\"potentialAction\":[{\"@type\":\"ReadAction\",\"target\":[\"https:\\\/\\\/fit360.ee\\\/en\\\/pood\\\/product-groups\\\/sleep-enhancers-en\\\/melatonin-en\\\/gaba-90tab\\\/\"]}]},{\"@type\":\"ImageObject\",\"inLanguage\":\"en-US\",\"@id\":\"https:\\\/\\\/fit360.ee\\\/en\\\/pood\\\/product-groups\\\/sleep-enhancers-en\\\/melatonin-en\\\/gaba-90tab\\\/#primaryimage\",\"url\":\"https:\\\/\\\/fit360.ee\\\/wp-content\\\/uploads\\\/2019\\\/03\\\/gaba-tabletid-fit360.ee-1.png\",\"contentUrl\":\"https:\\\/\\\/fit360.ee\\\/wp-content\\\/uploads\\\/2019\\\/03\\\/gaba-tabletid-fit360.ee-1.png\",\"width\":600,\"height\":600,\"caption\":\"gaba tabletid - fit360.ee\"},{\"@type\":\"BreadcrumbList\",\"@id\":\"https:\\\/\\\/fit360.ee\\\/en\\\/pood\\\/product-groups\\\/sleep-enhancers-en\\\/melatonin-en\\\/gaba-90tab\\\/#breadcrumb\",\"itemListElement\":[{\"@type\":\"ListItem\",\"position\":1,\"name\":\"Home\",\"item\":\"https:\\\/\\\/fit360.ee\\\/en\\\/\"},{\"@type\":\"ListItem\",\"position\":2,\"name\":\"Shop\",\"item\":\"https:\\\/\\\/fit360.ee\\\/en\\\/shop\\\/\"},{\"@type\":\"ListItem\",\"position\":3,\"name\":\"GABA+ (90tab)\"}]},{\"@type\":\"WebSite\",\"@id\":\"https:\\\/\\\/fit360.ee\\\/en\\\/#website\",\"url\":\"https:\\\/\\\/fit360.ee\\\/en\\\/\",\"name\":\"Fit360\",\"description\":\"\",\"publisher\":{\"@id\":\"https:\\\/\\\/fit360.ee\\\/en\\\/#organization\"},\"potentialAction\":[{\"@type\":\"SearchAction\",\"target\":{\"@type\":\"EntryPoint\",\"urlTemplate\":\"https:\\\/\\\/fit360.ee\\\/en\\\/?s={search_term_string}\"},\"query-input\":{\"@type\":\"PropertyValueSpecification\",\"valueRequired\":true,\"valueName\":\"search_term_string\"}}],\"inLanguage\":\"en-US\"},{\"@type\":\"Organization\",\"@id\":\"https:\\\/\\\/fit360.ee\\\/en\\\/#organization\",\"name\":\"Fit360\",\"url\":\"https:\\\/\\\/fit360.ee\\\/en\\\/\",\"logo\":{\"@type\":\"ImageObject\",\"inLanguage\":\"en-US\",\"@id\":\"https:\\\/\\\/fit360.ee\\\/en\\\/#\\\/schema\\\/logo\\\/image\\\/\",\"url\":\"https:\\\/\\\/fit360.ee\\\/wp-content\\\/uploads\\\/2017\\\/01\\\/logo-fit360.png\",\"contentUrl\":\"https:\\\/\\\/fit360.ee\\\/wp-content\\\/uploads\\\/2017\\\/01\\\/logo-fit360.png\",\"width\":180,\"height\":66,\"caption\":\"Fit360\"},\"image\":{\"@id\":\"https:\\\/\\\/fit360.ee\\\/en\\\/#\\\/schema\\\/logo\\\/image\\\/\"}}]}<\/script>\n<!-- \/ Yoast SEO plugin. -->","yoast_head_json":{"title":"GABA tabletid (90tk) - Aminohapped - Kiire tarne: 1-3 p\u00e4eva - Fit360","description":"Gaba tabletid - GABA on tuntud kui \u201caju naturaalne rahustaja,\u201d sest p\u00e4rsib aju \u00fclestimuleerimist, mis toimub stressi, vihastamise jms. tagaj\u00e4rjel.","robots":{"index":"index","follow":"follow","max-snippet":"max-snippet:-1","max-image-preview":"max-image-preview:large","max-video-preview":"max-video-preview:-1"},"canonical":"https:\/\/fit360.ee\/en\/pood\/product-groups\/sleep-enhancers-en\/melatonin-en\/gaba-90tab\/","og_locale":"en_US","og_type":"article","og_title":"GABA tabletid (90tk) - Aminohapped - Kiire tarne: 1-3 p\u00e4eva - Fit360","og_description":"Gaba tabletid - GABA on tuntud kui \u201caju naturaalne rahustaja,\u201d sest p\u00e4rsib aju \u00fclestimuleerimist, mis toimub stressi, vihastamise jms. tagaj\u00e4rjel.","og_url":"https:\/\/fit360.ee\/en\/pood\/product-groups\/sleep-enhancers-en\/melatonin-en\/gaba-90tab\/","og_site_name":"Fit360","article_modified_time":"2026-04-11T09:57:29+00:00","og_image":[{"width":600,"height":600,"url":"https:\/\/fit360.ee\/wp-content\/uploads\/2019\/03\/gaba-tabletid-fit360.ee-1.png","type":"image\/png"}],"twitter_card":"summary_large_image","twitter_misc":{"Est. reading time":"1 minute"},"schema":{"@context":"https:\/\/schema.org","@graph":[{"@type":"WebPage","@id":"https:\/\/fit360.ee\/en\/pood\/product-groups\/sleep-enhancers-en\/melatonin-en\/gaba-90tab\/","url":"https:\/\/fit360.ee\/en\/pood\/product-groups\/sleep-enhancers-en\/melatonin-en\/gaba-90tab\/","name":"GABA tabletid (90tk) - Aminohapped - Kiire tarne: 1-3 p\u00e4eva - Fit360","isPartOf":{"@id":"https:\/\/fit360.ee\/en\/#website"},"primaryImageOfPage":{"@id":"https:\/\/fit360.ee\/en\/pood\/product-groups\/sleep-enhancers-en\/melatonin-en\/gaba-90tab\/#primaryimage"},"image":{"@id":"https:\/\/fit360.ee\/en\/pood\/product-groups\/sleep-enhancers-en\/melatonin-en\/gaba-90tab\/#primaryimage"},"thumbnailUrl":"https:\/\/fit360.ee\/wp-content\/uploads\/2019\/03\/gaba-tabletid-fit360.ee-1.png","datePublished":"2019-03-27T16:49:37+00:00","dateModified":"2026-04-11T09:57:29+00:00","description":"Gaba tabletid - GABA on tuntud kui \u201caju naturaalne rahustaja,\u201d sest p\u00e4rsib aju \u00fclestimuleerimist, mis toimub stressi, vihastamise jms. tagaj\u00e4rjel.","breadcrumb":{"@id":"https:\/\/fit360.ee\/en\/pood\/product-groups\/sleep-enhancers-en\/melatonin-en\/gaba-90tab\/#breadcrumb"},"inLanguage":"en-US","potentialAction":[{"@type":"ReadAction","target":["https:\/\/fit360.ee\/en\/pood\/product-groups\/sleep-enhancers-en\/melatonin-en\/gaba-90tab\/"]}]},{"@type":"ImageObject","inLanguage":"en-US","@id":"https:\/\/fit360.ee\/en\/pood\/product-groups\/sleep-enhancers-en\/melatonin-en\/gaba-90tab\/#primaryimage","url":"https:\/\/fit360.ee\/wp-content\/uploads\/2019\/03\/gaba-tabletid-fit360.ee-1.png","contentUrl":"https:\/\/fit360.ee\/wp-content\/uploads\/2019\/03\/gaba-tabletid-fit360.ee-1.png","width":600,"height":600,"caption":"gaba tabletid - fit360.ee"},{"@type":"BreadcrumbList","@id":"https:\/\/fit360.ee\/en\/pood\/product-groups\/sleep-enhancers-en\/melatonin-en\/gaba-90tab\/#breadcrumb","itemListElement":[{"@type":"ListItem","position":1,"name":"Home","item":"https:\/\/fit360.ee\/en\/"},{"@type":"ListItem","position":2,"name":"Shop","item":"https:\/\/fit360.ee\/en\/shop\/"},{"@type":"ListItem","position":3,"name":"GABA+ (90tab)"}]},{"@type":"WebSite","@id":"https:\/\/fit360.ee\/en\/#website","url":"https:\/\/fit360.ee\/en\/","name":"Fit360","description":"","publisher":{"@id":"https:\/\/fit360.ee\/en\/#organization"},"potentialAction":[{"@type":"SearchAction","target":{"@type":"EntryPoint","urlTemplate":"https:\/\/fit360.ee\/en\/?s={search_term_string}"},"query-input":{"@type":"PropertyValueSpecification","valueRequired":true,"valueName":"search_term_string"}}],"inLanguage":"en-US"},{"@type":"Organization","@id":"https:\/\/fit360.ee\/en\/#organization","name":"Fit360","url":"https:\/\/fit360.ee\/en\/","logo":{"@type":"ImageObject","inLanguage":"en-US","@id":"https:\/\/fit360.ee\/en\/#\/schema\/logo\/image\/","url":"https:\/\/fit360.ee\/wp-content\/uploads\/2017\/01\/logo-fit360.png","contentUrl":"https:\/\/fit360.ee\/wp-content\/uploads\/2017\/01\/logo-fit360.png","width":180,"height":66,"caption":"Fit360"},"image":{"@id":"https:\/\/fit360.ee\/en\/#\/schema\/logo\/image\/"}}]}},"_links":{"self":[{"href":"https:\/\/fit360.ee\/en\/wp-json\/wp\/v2\/product\/20218","targetHints":{"allow":["GET"]}}],"collection":[{"href":"https:\/\/fit360.ee\/en\/wp-json\/wp\/v2\/product"}],"about":[{"href":"https:\/\/fit360.ee\/en\/wp-json\/wp\/v2\/types\/product"}],"replies":[{"embeddable":true,"href":"https:\/\/fit360.ee\/en\/wp-json\/wp\/v2\/comments?post=20218"}],"wp:featuredmedia":[{"embeddable":true,"href":"https:\/\/fit360.ee\/en\/wp-json\/wp\/v2\/media\/85280"}],"wp:attachment":[{"href":"https:\/\/fit360.ee\/en\/wp-json\/wp\/v2\/media?parent=20218"}],"wp:term":[{"taxonomy":"product_brand","embeddable":true,"href":"https:\/\/fit360.ee\/en\/wp-json\/wp\/v2\/product_brand?post=20218"},{"taxonomy":"product_cat","embeddable":true,"href":"https:\/\/fit360.ee\/en\/wp-json\/wp\/v2\/product_cat?post=20218"},{"taxonomy":"product_tag","embeddable":true,"href":"https:\/\/fit360.ee\/en\/wp-json\/wp\/v2\/product_tag?post=20218"},{"taxonomy":"giftcard-category","embeddable":true,"href":"https:\/\/fit360.ee\/en\/wp-json\/wp\/v2\/giftcard-category?post=20218"}],"curies":[{"name":"wp","href":"https:\/\/api.w.org\/{rel}","templated":true}]}}