{"id":20245,"date":"2019-04-01T15:32:51","date_gmt":"2019-04-01T13:32:51","guid":{"rendered":"https:\/\/fit360.ee\/pood\/uncategorized\/proactive-msm-300g\/"},"modified":"2025-09-26T15:43:17","modified_gmt":"2025-09-26T13:43:17","slug":"proactive-msm-300g","status":"publish","type":"product","link":"https:\/\/fit360.ee\/en\/pood\/product-groups\/superfoods-health-foods-en\/msm-en\/proactive-msm-300g\/","title":{"rendered":"ProActive MSM (300g)"},"content":{"rendered":"<p><strong>Koostisosad<\/strong>: Met\u00fc\u00fclsulfon\u00fc\u00fclmetan (MSM), vitamiin B6, paakumisvastane aine &#8211; r\u00e4nidioksiid.<\/p>\n<p><strong>Kasutamine<\/strong>: V\u00f5ta \u00fcks serveering p\u00e4evas 2g (1 m\u00f5\u00f5telusikas), segatuna 100ml veega.<\/p>\n<p><strong>Suurus<\/strong>: 300g &#8211; 150 serveeringut<\/p>\n<p><strong>Hoiustamine: <\/strong>kuivas ja jahedas kohas, eemal otsesest p\u00e4ikesevalgusest.<\/p>\n<table>\n<tbody>\n<tr>\n<td width=\"215\"><strong>Koostisosad<\/strong><\/td>\n<td width=\"220\"><strong>2g (1 m\u00f5\u00f5telusikas)<\/strong><\/td>\n<td width=\"184\"><strong>%SPK<\/strong><\/td>\n<\/tr>\n<tr>\n<td width=\"215\">MSM<\/td>\n<td width=\"220\">1,9g<\/td>\n<td width=\"184\">**<\/td>\n<\/tr>\n<tr>\n<td width=\"215\">Melatoniin<\/td>\n<td width=\"220\">1,4mg<\/td>\n<td width=\"184\">100%<\/td>\n<\/tr>\n<\/tbody>\n<\/table>\n<p>%SPK &#8211; soovitatud p\u00e4evane kogus<\/p>\n<p>** &#8211; soovitatud p\u00e4evane kogus pole kindlaks tehtud.<\/p>\n<p>Soovid kaupa osta suuremas koguses? Vaata antud toodet ka meie HULGI poest\u00a0<a href=\"https:\/\/toidulisandidhulgi.ee\/product\/proactive-msm-300g\/\"><strong>SIIT<\/strong><\/a>!<\/p>\n","protected":false},"excerpt":{"rendered":"<p><strong>MSM-i kasulikud omadused<\/strong>:<\/p>\n<div class=\"page-layout--block\">\n<div class=\"page-layout--content\">\n<div class=\"page-layout--inner\">\n<div class=\"article-main--content formatted--content \">\n<ul>\n<li>Suurendab liigeste painduvust.<\/li>\n<li>Suurep\u00e4rane abivahend spordivigastustest paranemisel.<\/li>\n<li>V\u00e4hendab lihasevalusid. N\u00e4iteks Oregoni \u00fclikooli teadlased uurisid rohkem kui 18 000 lihasvalude k\u00e4es vaevelnud inimest ning selgus, et MSM-i kasutamisel v\u00e4henesid 70%-l valud v\u00f5i kadusid sootuks. Sama lugu on ka lihaskrampidega \u2013 need v\u00e4henevad.<\/li>\n<li>Kaitseb oks\u00fcdatiivse stressi ja toksiinidest tulenevate kahjulike m\u00f5jude eest.<\/li>\n<li>Hea naha, k\u00fc\u00fcnte ja juuste heaolule. Kuiv ja kortsus nahk on v\u00e4hese kollageeni tulemus, MSM on aga oluline kollageeni tootmisel.<\/li>\n<li>Kasulik k\u00f5\u00f5lusep\u00f5letiku ja artriidi korral.<\/li>\n<li>Leevendab allergiat. Uuringud on andnud t\u00f5estust, et MSM leevendab t\u00e4nap\u00e4eval sedav\u00f5rd sagedasi toiduallergiaid.<\/li>\n<li>V\u00f5itleb parasiitide vastu. \u00dcks parimaid MSMi avastatud toimeid on see, et ta v\u00f5itleb mitmete soolestikuparasiitide vastu. Tulemused p\u00f5hinesid laboratooriumis uuritud hiirtel, millel olid ussid. Hiirtele s\u00f6\u00f6deti 17 p\u00e4eva jooksul koos toiduga v\u00e4ikeses koguses MSM-i. P\u00e4rast katset l\u00f5ppu ei leidunud n\u00e4riliste v\u00e4ljaheidetes enam parasiitidest m\u00e4rke<\/li>\n<li>Viib kehast m\u00fcrkaineid v\u00e4lja. MSM-il on v\u00f5ime rakkudest v\u00e4lja viia ainevahetuse j\u00e4\u00e4ke, suurendades vajalike toitainete omastamist, vee ja hapniku sisselaskvust.<\/li>\n<li>V\u00e4hendab stressi. Teadlased lasid 14 inimesel tarbida MSM-I erinevatel perioodidel seitsmest kuust \u00fche aastani. Selle perioodi jooksul ei haigestunud keegi ning inimesed tundsid end paremini.<\/li>\n<\/ul>\n<\/div>\n<\/div>\n<\/div>\n<\/div>\n<p>&nbsp;<\/p>\n<p><b>MSM<\/b><br \/>\nToidulisand liigestele(Met\u00fc\u00fclSulfon\u00fc\u00fclMetaan).<\/p>\n<p><strong>MSM ehk met\u00fc\u00fclsulfon\u00fc\u00fclmetaan<\/strong>\u00a0on v\u00e4\u00e4vli\u00fchend, mida leidub meie kehas\u00a0looduslikult. Puhtal kujul on see l\u00f5hnatu valge kristalliline pulber, millel on\u00a0natuke kibe maitse. \u00a0MSM-pulber sobib eriti h\u00e4sti oma naha ja sidekoe seisundist hoolivatele\u00a0inimestele ning rohket paindlikkust n\u00f5udvate spordialade (n\u00e4iteks jooga,\u00a0v\u00f5itluskunstid) harrastajatele.<\/p>\n<p>&nbsp;<\/p>\n","protected":false},"featured_media":20244,"comment_status":"open","ping_status":"closed","template":"","meta":[],"product_brand":[],"product_cat":[527,2342,1326,1454],"product_tag":[],"giftcard-category":[],"class_list":{"0":"post-20245","1":"product","2":"type-product","3":"status-publish","4":"has-post-thumbnail","6":"product_cat-joint-support-en","7":"product_cat-msm-en","8":"product_cat-proactive-en","9":"product_cat-superfoods-health-foods-en","10":"pa_toidulisand-branddd-proactive","11":"pa_tootegruppp-for-joints","12":"pa_tootegruppp-msm-en","13":"pa_tootegruppp-supertoit-tervisetoit-en","15":"first","16":"outofstock","17":"sale","18":"taxable","19":"shipping-taxable","20":"purchasable","21":"product-type-simple"},"yoast_head":"<!-- This site is optimized with the Yoast SEO plugin v27.3 - https:\/\/yoast.com\/product\/yoast-seo-wordpress\/ -->\n<title>ProActive MSM (300g) - Fit360<\/title>\n<meta name=\"robots\" content=\"index, follow, max-snippet:-1, max-image-preview:large, max-video-preview:-1\" \/>\n<link rel=\"canonical\" href=\"https:\/\/fit360.ee\/en\/pood\/product-groups\/superfoods-health-foods-en\/msm-en\/proactive-msm-300g\/\" \/>\n<meta property=\"og:locale\" content=\"en_US\" \/>\n<meta property=\"og:type\" content=\"article\" \/>\n<meta property=\"og:title\" content=\"ProActive MSM (300g) - Fit360\" \/>\n<meta property=\"og:description\" content=\"MSM-i kasulikud omadused:       Suurendab liigeste painduvust.  Suurep\u00e4rane abivahend spordivigastustest paranemisel.  V\u00e4hendab lihasevalusid. N\u00e4iteks Oregoni \u00fclikooli teadlased uurisid rohkem kui 18 000 lihasvalude k\u00e4es vaevelnud inimest ning selgus, et MSM-i kasutamisel v\u00e4henesid 70%-l valud v\u00f5i kadusid sootuks. Sama lugu on ka lihaskrampidega \u2013 need v\u00e4henevad.  Kaitseb oks\u00fcdatiivse stressi ja toksiinidest tulenevate kahjulike m\u00f5jude eest.  Hea naha, k\u00fc\u00fcnte ja juuste heaolule. Kuiv ja kortsus nahk on v\u00e4hese kollageeni tulemus, MSM on aga oluline kollageeni tootmisel.  Kasulik k\u00f5\u00f5lusep\u00f5letiku ja artriidi korral.  Leevendab allergiat. Uuringud on andnud t\u00f5estust, et MSM leevendab t\u00e4nap\u00e4eval sedav\u00f5rd sagedasi toiduallergiaid.  V\u00f5itleb parasiitide vastu. \u00dcks parimaid MSMi avastatud toimeid on see, et ta v\u00f5itleb mitmete soolestikuparasiitide vastu. Tulemused p\u00f5hinesid laboratooriumis uuritud hiirtel, millel olid ussid. Hiirtele s\u00f6\u00f6deti 17 p\u00e4eva jooksul koos toiduga v\u00e4ikeses koguses MSM-i. P\u00e4rast katset l\u00f5ppu ei leidunud n\u00e4riliste v\u00e4ljaheidetes enam parasiitidest m\u00e4rke  Viib kehast m\u00fcrkaineid v\u00e4lja. MSM-il on v\u00f5ime rakkudest v\u00e4lja viia ainevahetuse j\u00e4\u00e4ke, suurendades vajalike toitainete omastamist, vee ja hapniku sisselaskvust.  V\u00e4hendab stressi. Teadlased lasid 14 inimesel tarbida MSM-I erinevatel perioodidel seitsmest kuust \u00fche aastani. Selle perioodi jooksul ei haigestunud keegi ning inimesed tundsid end paremini.      &nbsp;  MSM Toidulisand liigestele(Met\u00fc\u00fclSulfon\u00fc\u00fclMetaan).  MSM ehk met\u00fc\u00fclsulfon\u00fc\u00fclmetaan\u00a0on v\u00e4\u00e4vli\u00fchend, mida leidub meie kehas\u00a0looduslikult. Puhtal kujul on see l\u00f5hnatu valge kristalliline pulber, millel on\u00a0natuke kibe maitse. \u00a0MSM-pulber sobib eriti h\u00e4sti oma naha ja sidekoe seisundist hoolivatele\u00a0inimestele ning rohket paindlikkust n\u00f5udvate spordialade (n\u00e4iteks jooga,\u00a0v\u00f5itluskunstid) harrastajatele.  &nbsp;\" \/>\n<meta property=\"og:url\" content=\"https:\/\/fit360.ee\/en\/pood\/product-groups\/superfoods-health-foods-en\/msm-en\/proactive-msm-300g\/\" \/>\n<meta property=\"og:site_name\" content=\"Fit360\" \/>\n<meta property=\"article:modified_time\" content=\"2025-09-26T13:43:17+00:00\" \/>\n<meta property=\"og:image\" content=\"https:\/\/fit360.ee\/wp-content\/uploads\/2019\/04\/proactive-msm.jpg\" \/>\n\t<meta property=\"og:image:width\" content=\"225\" \/>\n\t<meta property=\"og:image:height\" content=\"225\" \/>\n\t<meta property=\"og:image:type\" content=\"image\/jpeg\" \/>\n<meta name=\"twitter:card\" content=\"summary_large_image\" \/>\n<meta name=\"twitter:label1\" content=\"Est. reading time\" \/>\n\t<meta name=\"twitter:data1\" content=\"1 minute\" \/>\n<script type=\"application\/ld+json\" class=\"yoast-schema-graph\">{\"@context\":\"https:\\\/\\\/schema.org\",\"@graph\":[{\"@type\":\"WebPage\",\"@id\":\"https:\\\/\\\/fit360.ee\\\/en\\\/pood\\\/product-groups\\\/superfoods-health-foods-en\\\/msm-en\\\/proactive-msm-300g\\\/\",\"url\":\"https:\\\/\\\/fit360.ee\\\/en\\\/pood\\\/product-groups\\\/superfoods-health-foods-en\\\/msm-en\\\/proactive-msm-300g\\\/\",\"name\":\"ProActive MSM (300g) - Fit360\",\"isPartOf\":{\"@id\":\"https:\\\/\\\/fit360.ee\\\/en\\\/#website\"},\"primaryImageOfPage\":{\"@id\":\"https:\\\/\\\/fit360.ee\\\/en\\\/pood\\\/product-groups\\\/superfoods-health-foods-en\\\/msm-en\\\/proactive-msm-300g\\\/#primaryimage\"},\"image\":{\"@id\":\"https:\\\/\\\/fit360.ee\\\/en\\\/pood\\\/product-groups\\\/superfoods-health-foods-en\\\/msm-en\\\/proactive-msm-300g\\\/#primaryimage\"},\"thumbnailUrl\":\"https:\\\/\\\/fit360.ee\\\/wp-content\\\/uploads\\\/2019\\\/04\\\/proactive-msm.jpg\",\"datePublished\":\"2019-04-01T13:32:51+00:00\",\"dateModified\":\"2025-09-26T13:43:17+00:00\",\"breadcrumb\":{\"@id\":\"https:\\\/\\\/fit360.ee\\\/en\\\/pood\\\/product-groups\\\/superfoods-health-foods-en\\\/msm-en\\\/proactive-msm-300g\\\/#breadcrumb\"},\"inLanguage\":\"en-US\",\"potentialAction\":[{\"@type\":\"ReadAction\",\"target\":[\"https:\\\/\\\/fit360.ee\\\/en\\\/pood\\\/product-groups\\\/superfoods-health-foods-en\\\/msm-en\\\/proactive-msm-300g\\\/\"]}]},{\"@type\":\"ImageObject\",\"inLanguage\":\"en-US\",\"@id\":\"https:\\\/\\\/fit360.ee\\\/en\\\/pood\\\/product-groups\\\/superfoods-health-foods-en\\\/msm-en\\\/proactive-msm-300g\\\/#primaryimage\",\"url\":\"https:\\\/\\\/fit360.ee\\\/wp-content\\\/uploads\\\/2019\\\/04\\\/proactive-msm.jpg\",\"contentUrl\":\"https:\\\/\\\/fit360.ee\\\/wp-content\\\/uploads\\\/2019\\\/04\\\/proactive-msm.jpg\",\"width\":225,\"height\":225},{\"@type\":\"BreadcrumbList\",\"@id\":\"https:\\\/\\\/fit360.ee\\\/en\\\/pood\\\/product-groups\\\/superfoods-health-foods-en\\\/msm-en\\\/proactive-msm-300g\\\/#breadcrumb\",\"itemListElement\":[{\"@type\":\"ListItem\",\"position\":1,\"name\":\"Home\",\"item\":\"https:\\\/\\\/fit360.ee\\\/en\\\/\"},{\"@type\":\"ListItem\",\"position\":2,\"name\":\"Shop\",\"item\":\"https:\\\/\\\/fit360.ee\\\/en\\\/shop\\\/\"},{\"@type\":\"ListItem\",\"position\":3,\"name\":\"ProActive MSM (300g)\"}]},{\"@type\":\"WebSite\",\"@id\":\"https:\\\/\\\/fit360.ee\\\/en\\\/#website\",\"url\":\"https:\\\/\\\/fit360.ee\\\/en\\\/\",\"name\":\"Fit360\",\"description\":\"\",\"publisher\":{\"@id\":\"https:\\\/\\\/fit360.ee\\\/en\\\/#organization\"},\"potentialAction\":[{\"@type\":\"SearchAction\",\"target\":{\"@type\":\"EntryPoint\",\"urlTemplate\":\"https:\\\/\\\/fit360.ee\\\/en\\\/?s={search_term_string}\"},\"query-input\":{\"@type\":\"PropertyValueSpecification\",\"valueRequired\":true,\"valueName\":\"search_term_string\"}}],\"inLanguage\":\"en-US\"},{\"@type\":\"Organization\",\"@id\":\"https:\\\/\\\/fit360.ee\\\/en\\\/#organization\",\"name\":\"Fit360\",\"url\":\"https:\\\/\\\/fit360.ee\\\/en\\\/\",\"logo\":{\"@type\":\"ImageObject\",\"inLanguage\":\"en-US\",\"@id\":\"https:\\\/\\\/fit360.ee\\\/en\\\/#\\\/schema\\\/logo\\\/image\\\/\",\"url\":\"https:\\\/\\\/fit360.ee\\\/wp-content\\\/uploads\\\/2017\\\/01\\\/logo-fit360.png\",\"contentUrl\":\"https:\\\/\\\/fit360.ee\\\/wp-content\\\/uploads\\\/2017\\\/01\\\/logo-fit360.png\",\"width\":180,\"height\":66,\"caption\":\"Fit360\"},\"image\":{\"@id\":\"https:\\\/\\\/fit360.ee\\\/en\\\/#\\\/schema\\\/logo\\\/image\\\/\"}}]}<\/script>\n<!-- \/ Yoast SEO plugin. -->","yoast_head_json":{"title":"ProActive MSM (300g) - Fit360","robots":{"index":"index","follow":"follow","max-snippet":"max-snippet:-1","max-image-preview":"max-image-preview:large","max-video-preview":"max-video-preview:-1"},"canonical":"https:\/\/fit360.ee\/en\/pood\/product-groups\/superfoods-health-foods-en\/msm-en\/proactive-msm-300g\/","og_locale":"en_US","og_type":"article","og_title":"ProActive MSM (300g) - Fit360","og_description":"MSM-i kasulikud omadused:       Suurendab liigeste painduvust.  Suurep\u00e4rane abivahend spordivigastustest paranemisel.  V\u00e4hendab lihasevalusid. N\u00e4iteks Oregoni \u00fclikooli teadlased uurisid rohkem kui 18 000 lihasvalude k\u00e4es vaevelnud inimest ning selgus, et MSM-i kasutamisel v\u00e4henesid 70%-l valud v\u00f5i kadusid sootuks. Sama lugu on ka lihaskrampidega \u2013 need v\u00e4henevad.  Kaitseb oks\u00fcdatiivse stressi ja toksiinidest tulenevate kahjulike m\u00f5jude eest.  Hea naha, k\u00fc\u00fcnte ja juuste heaolule. Kuiv ja kortsus nahk on v\u00e4hese kollageeni tulemus, MSM on aga oluline kollageeni tootmisel.  Kasulik k\u00f5\u00f5lusep\u00f5letiku ja artriidi korral.  Leevendab allergiat. Uuringud on andnud t\u00f5estust, et MSM leevendab t\u00e4nap\u00e4eval sedav\u00f5rd sagedasi toiduallergiaid.  V\u00f5itleb parasiitide vastu. \u00dcks parimaid MSMi avastatud toimeid on see, et ta v\u00f5itleb mitmete soolestikuparasiitide vastu. Tulemused p\u00f5hinesid laboratooriumis uuritud hiirtel, millel olid ussid. Hiirtele s\u00f6\u00f6deti 17 p\u00e4eva jooksul koos toiduga v\u00e4ikeses koguses MSM-i. P\u00e4rast katset l\u00f5ppu ei leidunud n\u00e4riliste v\u00e4ljaheidetes enam parasiitidest m\u00e4rke  Viib kehast m\u00fcrkaineid v\u00e4lja. MSM-il on v\u00f5ime rakkudest v\u00e4lja viia ainevahetuse j\u00e4\u00e4ke, suurendades vajalike toitainete omastamist, vee ja hapniku sisselaskvust.  V\u00e4hendab stressi. Teadlased lasid 14 inimesel tarbida MSM-I erinevatel perioodidel seitsmest kuust \u00fche aastani. Selle perioodi jooksul ei haigestunud keegi ning inimesed tundsid end paremini.      &nbsp;  MSM Toidulisand liigestele(Met\u00fc\u00fclSulfon\u00fc\u00fclMetaan).  MSM ehk met\u00fc\u00fclsulfon\u00fc\u00fclmetaan\u00a0on v\u00e4\u00e4vli\u00fchend, mida leidub meie kehas\u00a0looduslikult. Puhtal kujul on see l\u00f5hnatu valge kristalliline pulber, millel on\u00a0natuke kibe maitse. \u00a0MSM-pulber sobib eriti h\u00e4sti oma naha ja sidekoe seisundist hoolivatele\u00a0inimestele ning rohket paindlikkust n\u00f5udvate spordialade (n\u00e4iteks jooga,\u00a0v\u00f5itluskunstid) harrastajatele.  &nbsp;","og_url":"https:\/\/fit360.ee\/en\/pood\/product-groups\/superfoods-health-foods-en\/msm-en\/proactive-msm-300g\/","og_site_name":"Fit360","article_modified_time":"2025-09-26T13:43:17+00:00","og_image":[{"width":225,"height":225,"url":"https:\/\/fit360.ee\/wp-content\/uploads\/2019\/04\/proactive-msm.jpg","type":"image\/jpeg"}],"twitter_card":"summary_large_image","twitter_misc":{"Est. reading time":"1 minute"},"schema":{"@context":"https:\/\/schema.org","@graph":[{"@type":"WebPage","@id":"https:\/\/fit360.ee\/en\/pood\/product-groups\/superfoods-health-foods-en\/msm-en\/proactive-msm-300g\/","url":"https:\/\/fit360.ee\/en\/pood\/product-groups\/superfoods-health-foods-en\/msm-en\/proactive-msm-300g\/","name":"ProActive MSM (300g) - Fit360","isPartOf":{"@id":"https:\/\/fit360.ee\/en\/#website"},"primaryImageOfPage":{"@id":"https:\/\/fit360.ee\/en\/pood\/product-groups\/superfoods-health-foods-en\/msm-en\/proactive-msm-300g\/#primaryimage"},"image":{"@id":"https:\/\/fit360.ee\/en\/pood\/product-groups\/superfoods-health-foods-en\/msm-en\/proactive-msm-300g\/#primaryimage"},"thumbnailUrl":"https:\/\/fit360.ee\/wp-content\/uploads\/2019\/04\/proactive-msm.jpg","datePublished":"2019-04-01T13:32:51+00:00","dateModified":"2025-09-26T13:43:17+00:00","breadcrumb":{"@id":"https:\/\/fit360.ee\/en\/pood\/product-groups\/superfoods-health-foods-en\/msm-en\/proactive-msm-300g\/#breadcrumb"},"inLanguage":"en-US","potentialAction":[{"@type":"ReadAction","target":["https:\/\/fit360.ee\/en\/pood\/product-groups\/superfoods-health-foods-en\/msm-en\/proactive-msm-300g\/"]}]},{"@type":"ImageObject","inLanguage":"en-US","@id":"https:\/\/fit360.ee\/en\/pood\/product-groups\/superfoods-health-foods-en\/msm-en\/proactive-msm-300g\/#primaryimage","url":"https:\/\/fit360.ee\/wp-content\/uploads\/2019\/04\/proactive-msm.jpg","contentUrl":"https:\/\/fit360.ee\/wp-content\/uploads\/2019\/04\/proactive-msm.jpg","width":225,"height":225},{"@type":"BreadcrumbList","@id":"https:\/\/fit360.ee\/en\/pood\/product-groups\/superfoods-health-foods-en\/msm-en\/proactive-msm-300g\/#breadcrumb","itemListElement":[{"@type":"ListItem","position":1,"name":"Home","item":"https:\/\/fit360.ee\/en\/"},{"@type":"ListItem","position":2,"name":"Shop","item":"https:\/\/fit360.ee\/en\/shop\/"},{"@type":"ListItem","position":3,"name":"ProActive MSM (300g)"}]},{"@type":"WebSite","@id":"https:\/\/fit360.ee\/en\/#website","url":"https:\/\/fit360.ee\/en\/","name":"Fit360","description":"","publisher":{"@id":"https:\/\/fit360.ee\/en\/#organization"},"potentialAction":[{"@type":"SearchAction","target":{"@type":"EntryPoint","urlTemplate":"https:\/\/fit360.ee\/en\/?s={search_term_string}"},"query-input":{"@type":"PropertyValueSpecification","valueRequired":true,"valueName":"search_term_string"}}],"inLanguage":"en-US"},{"@type":"Organization","@id":"https:\/\/fit360.ee\/en\/#organization","name":"Fit360","url":"https:\/\/fit360.ee\/en\/","logo":{"@type":"ImageObject","inLanguage":"en-US","@id":"https:\/\/fit360.ee\/en\/#\/schema\/logo\/image\/","url":"https:\/\/fit360.ee\/wp-content\/uploads\/2017\/01\/logo-fit360.png","contentUrl":"https:\/\/fit360.ee\/wp-content\/uploads\/2017\/01\/logo-fit360.png","width":180,"height":66,"caption":"Fit360"},"image":{"@id":"https:\/\/fit360.ee\/en\/#\/schema\/logo\/image\/"}}]}},"_links":{"self":[{"href":"https:\/\/fit360.ee\/en\/wp-json\/wp\/v2\/product\/20245","targetHints":{"allow":["GET"]}}],"collection":[{"href":"https:\/\/fit360.ee\/en\/wp-json\/wp\/v2\/product"}],"about":[{"href":"https:\/\/fit360.ee\/en\/wp-json\/wp\/v2\/types\/product"}],"replies":[{"embeddable":true,"href":"https:\/\/fit360.ee\/en\/wp-json\/wp\/v2\/comments?post=20245"}],"wp:featuredmedia":[{"embeddable":true,"href":"https:\/\/fit360.ee\/en\/wp-json\/wp\/v2\/media\/20244"}],"wp:attachment":[{"href":"https:\/\/fit360.ee\/en\/wp-json\/wp\/v2\/media?parent=20245"}],"wp:term":[{"taxonomy":"product_brand","embeddable":true,"href":"https:\/\/fit360.ee\/en\/wp-json\/wp\/v2\/product_brand?post=20245"},{"taxonomy":"product_cat","embeddable":true,"href":"https:\/\/fit360.ee\/en\/wp-json\/wp\/v2\/product_cat?post=20245"},{"taxonomy":"product_tag","embeddable":true,"href":"https:\/\/fit360.ee\/en\/wp-json\/wp\/v2\/product_tag?post=20245"},{"taxonomy":"giftcard-category","embeddable":true,"href":"https:\/\/fit360.ee\/en\/wp-json\/wp\/v2\/giftcard-category?post=20245"}],"curies":[{"name":"wp","href":"https:\/\/api.w.org\/{rel}","templated":true}]}}