{"id":20382,"date":"2019-04-12T17:49:48","date_gmt":"2019-04-12T15:49:48","guid":{"rendered":"https:\/\/fit360.ee\/pood\/uncategorized\/green-tea-90tab-2\/"},"modified":"2026-04-11T12:42:09","modified_gmt":"2026-04-11T10:42:09","slug":"green-tea-extract-90tab","status":"publish","type":"product","link":"https:\/\/fit360.ee\/en\/pood\/product-groups\/superfoods-health-foods-en\/green-tea-extract-en\/green-tea-extract-90tab\/","title":{"rendered":"Green Tea Extract  (90tab)"},"content":{"rendered":"<h2><strong>GREEN TEA EXTRACT &#8211; Rohelise tee ekstrakt<\/strong><\/h2>\n<p><strong>Green Tea<\/strong> <strong>Extract<\/strong> tabletid sisaldavad rohelise tee ekstrakti ning selles leiduvaid toimeaineid kontsentreeritud ja puhastatud kujul ning \u00f5iges vahekorras. Green Tea kapsleid on kiire ja lihtne tarbida.<\/p>\n<p><strong>Rohelise tee lehtede ekstrakt<\/strong> on soovitatav kasutada loomuliku ainevahetuse ja rasvap\u00f5letuse kiirendamiseks, mitte ainult f\u00fc\u00fcsiliselt aktiivsetele inimestel. T\u00e4iendavalt rikastab rohelise tee ekstrakt igap\u00e4evase toidu tugevate antioks\u00fcdantidega ja tagab keha loomuliku <em>detox<\/em>i protsessi.<\/p>\n<p><strong>Rohelise tee tabletid<\/strong>:<\/p>\n<ul>\n<li>Soodustavad rasvap\u00f5letust, takistades rasvade ladestumist<\/li>\n<li>Annavad lisaenergiat<\/li>\n<li>Suurendavad termogeneesi ja energiakulutust<\/li>\n<li>Toimivad t\u00f5husa antioks\u00fcdandina<\/li>\n<\/ul>\n<p><strong>Koostisosad<\/strong>: rohelise tee ekstrakt, mis on standardiseeritud: 40% pol\u00fcfenoolist, 20% katehhiinist, 7% EGCG-st, t\u00e4iteaine &#8211; tselluloos, riisit\u00e4rklis, paakumisvastased ained &#8211; rasvhapete magneesiumsoolad, r\u00e4nidioksiid.<\/p>\n<p><strong>Kasutamine<\/strong>: V\u00f5tke 1 tablett p\u00e4evas. Mitte \u00fcletada tarbimiseks soovitatud p\u00e4evast annust.<\/p>\n<p><strong>Suurus<\/strong>: 90 tabletti. Netomass: 126 g<\/p>\n<table>\n<tbody>\n<tr>\n<td width=\"307\"><strong>Anal\u00fc\u00fcs<\/strong><\/td>\n<td width=\"307\"><strong>1 tablett<\/strong><\/p>\n<p><strong>\u00a0<\/strong><\/td>\n<\/tr>\n<tr>\n<td width=\"307\">Rohelise tee ekstrakt, mis on standardiseeritud: \/ rohelise tee ekstraktiga, mis on standardiseeritud:<\/p>\n<p>40% pol\u00fcfenoolid \/ 40% pol\u00fcfenoolid<\/p>\n<p>20% katehhiinid \/ 20% katehhiinid<\/p>\n<p>7% EGCG \/ 7% EGCG<\/td>\n<td width=\"307\">1000 mg<\/p>\n<p>&nbsp;<\/td>\n<\/tr>\n<\/tbody>\n<\/table>\n<p><strong>NB:<\/strong> \u00c4rge kasutage, kui olete m\u00f5ne koostisosa suhtes allergiline. Toidulisandit ei saa kasutada mitmekesise toitumise ja tervisliku eluviisi asendajana. Toidulisandeid tuleb hoida v\u00e4ikelastele k\u00e4ttesaamatus kohas. Toode on m\u00f5eldud t\u00e4iskasvanutele ja tervetele inimestele. Toode ei ole ette n\u00e4htud lastele ja imetavatele v\u00f5i rasedatele naistele.<\/p>\n<p>Vaata ka meie Teisi Rasvap\u00f5letajaid <a href=\"https:\/\/fit360.ee\/en\/product-category\/product-groups\/fat-burners-en\/\"><strong>SIIT<\/strong><\/a> v\u00f5i Rohelise Tee Ekstrakte <a href=\"https:\/\/fit360.ee\/en\/product-category\/product-groups\/superfoods-health-foods-en\/green-tea-extract-en\/\"><strong>SIIT<\/strong><\/a>!<\/p>\n<p>Soovid kaupa osta suuremas koguses? Vaata antud toodet ka meie HULGI poest\u00a0<a href=\"https:\/\/toidulisandidhulgi.ee\/product\/green-tea-90tab\/\"><strong>SIIT<\/strong><\/a>!<\/p>\n","protected":false},"excerpt":{"rendered":"<ul>\n<li>Soodustavad rasvap\u00f5letust, takistades rasvade ladestumist<\/li>\n<li>Annavad lisaenergiat<\/li>\n<li>Suurendavad termogeneesi ja energiakulutust<\/li>\n<li>Toimivad t\u00f5husa antioks\u00fcdandina<\/li>\n<\/ul>\n<p>&nbsp;<\/p>\n","protected":false},"featured_media":85282,"comment_status":"open","ping_status":"closed","template":"","meta":[],"product_brand":[],"product_cat":[530,2371,1328,2408,1454,536],"product_tag":[2163,1812,2062],"giftcard-category":[],"class_list":{"0":"post-20382","1":"product","2":"type-product","3":"status-publish","4":"has-post-thumbnail","6":"product_cat-fat-burners-en","7":"product_cat-green-tea-extract-en","8":"product_cat-musclecare-en","9":"product_cat-stimulant-free-fat-burners-en","10":"product_cat-superfoods-health-foods-en","11":"product_cat-vitamins-and-minerals-en","12":"product_tag-green-tea-extract-en","13":"product_tag-musclecare-en","14":"product_tag-rohelise-tee-ekstrakt-en","15":"pa_toidulisand-branddd-musclecare","16":"pa_tootegruppp-rohelise-tee-ekstrakt-en","17":"pa_tootegruppp-stimulandivaba-en","18":"pa_tootegruppp-supertoit-tervisetoit-en","19":"pa_tootegruppp-vitamins-and-minerals","20":"pa_tootegruppp-weight-loss","22":"first","23":"instock","24":"sale","25":"taxable","26":"shipping-taxable","27":"purchasable","28":"product-type-simple"},"yoast_head":"<!-- This site is optimized with the Yoast SEO plugin v27.3 - https:\/\/yoast.com\/product\/yoast-seo-wordpress\/ -->\n<title>Green Tea Extract (90tab) - Rohelise Tee Ekstrakt - Kiire tarne - Fit360<\/title>\n<meta name=\"description\" content=\"Green Tea Extract ehk Rohelise Tee Ekstrakti on soovitatav kasutada loomuliku ainevahetuse ja rasvap\u00f5letuse kiirendamiseks.\" \/>\n<meta name=\"robots\" content=\"index, follow, max-snippet:-1, max-image-preview:large, max-video-preview:-1\" \/>\n<link rel=\"canonical\" href=\"https:\/\/fit360.ee\/en\/pood\/product-groups\/superfoods-health-foods-en\/green-tea-extract-en\/green-tea-extract-90tab\/\" \/>\n<meta property=\"og:locale\" content=\"en_US\" \/>\n<meta property=\"og:type\" content=\"article\" \/>\n<meta property=\"og:title\" content=\"Green Tea Extract (90tab) - Rohelise Tee Ekstrakt - Kiire tarne - Fit360\" \/>\n<meta property=\"og:description\" content=\"Green Tea Extract ehk Rohelise Tee Ekstrakti on soovitatav kasutada loomuliku ainevahetuse ja rasvap\u00f5letuse kiirendamiseks.\" \/>\n<meta property=\"og:url\" content=\"https:\/\/fit360.ee\/en\/pood\/product-groups\/superfoods-health-foods-en\/green-tea-extract-en\/green-tea-extract-90tab\/\" \/>\n<meta property=\"og:site_name\" content=\"Fit360\" \/>\n<meta property=\"article:modified_time\" content=\"2026-04-11T10:42:09+00:00\" \/>\n<meta property=\"og:image\" content=\"https:\/\/fit360.ee\/wp-content\/uploads\/2019\/04\/green-tea-extract-fit360.ee-1.png\" \/>\n\t<meta property=\"og:image:width\" content=\"335\" \/>\n\t<meta property=\"og:image:height\" content=\"431\" \/>\n\t<meta property=\"og:image:type\" content=\"image\/png\" \/>\n<meta name=\"twitter:card\" content=\"summary_large_image\" \/>\n<meta name=\"twitter:label1\" content=\"Est. reading time\" \/>\n\t<meta name=\"twitter:data1\" content=\"2 minutes\" \/>\n<script type=\"application\/ld+json\" class=\"yoast-schema-graph\">{\"@context\":\"https:\\\/\\\/schema.org\",\"@graph\":[{\"@type\":\"WebPage\",\"@id\":\"https:\\\/\\\/fit360.ee\\\/en\\\/pood\\\/product-groups\\\/superfoods-health-foods-en\\\/green-tea-extract-en\\\/green-tea-extract-90tab\\\/\",\"url\":\"https:\\\/\\\/fit360.ee\\\/en\\\/pood\\\/product-groups\\\/superfoods-health-foods-en\\\/green-tea-extract-en\\\/green-tea-extract-90tab\\\/\",\"name\":\"Green Tea Extract (90tab) - Rohelise Tee Ekstrakt - Kiire tarne - Fit360\",\"isPartOf\":{\"@id\":\"https:\\\/\\\/fit360.ee\\\/en\\\/#website\"},\"primaryImageOfPage\":{\"@id\":\"https:\\\/\\\/fit360.ee\\\/en\\\/pood\\\/product-groups\\\/superfoods-health-foods-en\\\/green-tea-extract-en\\\/green-tea-extract-90tab\\\/#primaryimage\"},\"image\":{\"@id\":\"https:\\\/\\\/fit360.ee\\\/en\\\/pood\\\/product-groups\\\/superfoods-health-foods-en\\\/green-tea-extract-en\\\/green-tea-extract-90tab\\\/#primaryimage\"},\"thumbnailUrl\":\"https:\\\/\\\/fit360.ee\\\/wp-content\\\/uploads\\\/2019\\\/04\\\/green-tea-extract-fit360.ee-1.png\",\"datePublished\":\"2019-04-12T15:49:48+00:00\",\"dateModified\":\"2026-04-11T10:42:09+00:00\",\"description\":\"Green Tea Extract ehk Rohelise Tee Ekstrakti on soovitatav kasutada loomuliku ainevahetuse ja rasvap\u00f5letuse kiirendamiseks.\",\"breadcrumb\":{\"@id\":\"https:\\\/\\\/fit360.ee\\\/en\\\/pood\\\/product-groups\\\/superfoods-health-foods-en\\\/green-tea-extract-en\\\/green-tea-extract-90tab\\\/#breadcrumb\"},\"inLanguage\":\"en-US\",\"potentialAction\":[{\"@type\":\"ReadAction\",\"target\":[\"https:\\\/\\\/fit360.ee\\\/en\\\/pood\\\/product-groups\\\/superfoods-health-foods-en\\\/green-tea-extract-en\\\/green-tea-extract-90tab\\\/\"]}]},{\"@type\":\"ImageObject\",\"inLanguage\":\"en-US\",\"@id\":\"https:\\\/\\\/fit360.ee\\\/en\\\/pood\\\/product-groups\\\/superfoods-health-foods-en\\\/green-tea-extract-en\\\/green-tea-extract-90tab\\\/#primaryimage\",\"url\":\"https:\\\/\\\/fit360.ee\\\/wp-content\\\/uploads\\\/2019\\\/04\\\/green-tea-extract-fit360.ee-1.png\",\"contentUrl\":\"https:\\\/\\\/fit360.ee\\\/wp-content\\\/uploads\\\/2019\\\/04\\\/green-tea-extract-fit360.ee-1.png\",\"width\":335,\"height\":431,\"caption\":\"green tea extract - fit360.ee\"},{\"@type\":\"BreadcrumbList\",\"@id\":\"https:\\\/\\\/fit360.ee\\\/en\\\/pood\\\/product-groups\\\/superfoods-health-foods-en\\\/green-tea-extract-en\\\/green-tea-extract-90tab\\\/#breadcrumb\",\"itemListElement\":[{\"@type\":\"ListItem\",\"position\":1,\"name\":\"Home\",\"item\":\"https:\\\/\\\/fit360.ee\\\/en\\\/\"},{\"@type\":\"ListItem\",\"position\":2,\"name\":\"Shop\",\"item\":\"https:\\\/\\\/fit360.ee\\\/en\\\/shop\\\/\"},{\"@type\":\"ListItem\",\"position\":3,\"name\":\"Green Tea Extract (90tab)\"}]},{\"@type\":\"WebSite\",\"@id\":\"https:\\\/\\\/fit360.ee\\\/en\\\/#website\",\"url\":\"https:\\\/\\\/fit360.ee\\\/en\\\/\",\"name\":\"Fit360\",\"description\":\"\",\"publisher\":{\"@id\":\"https:\\\/\\\/fit360.ee\\\/en\\\/#organization\"},\"potentialAction\":[{\"@type\":\"SearchAction\",\"target\":{\"@type\":\"EntryPoint\",\"urlTemplate\":\"https:\\\/\\\/fit360.ee\\\/en\\\/?s={search_term_string}\"},\"query-input\":{\"@type\":\"PropertyValueSpecification\",\"valueRequired\":true,\"valueName\":\"search_term_string\"}}],\"inLanguage\":\"en-US\"},{\"@type\":\"Organization\",\"@id\":\"https:\\\/\\\/fit360.ee\\\/en\\\/#organization\",\"name\":\"Fit360\",\"url\":\"https:\\\/\\\/fit360.ee\\\/en\\\/\",\"logo\":{\"@type\":\"ImageObject\",\"inLanguage\":\"en-US\",\"@id\":\"https:\\\/\\\/fit360.ee\\\/en\\\/#\\\/schema\\\/logo\\\/image\\\/\",\"url\":\"https:\\\/\\\/fit360.ee\\\/wp-content\\\/uploads\\\/2017\\\/01\\\/logo-fit360.png\",\"contentUrl\":\"https:\\\/\\\/fit360.ee\\\/wp-content\\\/uploads\\\/2017\\\/01\\\/logo-fit360.png\",\"width\":180,\"height\":66,\"caption\":\"Fit360\"},\"image\":{\"@id\":\"https:\\\/\\\/fit360.ee\\\/en\\\/#\\\/schema\\\/logo\\\/image\\\/\"}}]}<\/script>\n<!-- \/ Yoast SEO plugin. -->","yoast_head_json":{"title":"Green Tea Extract (90tab) - Rohelise Tee Ekstrakt - Kiire tarne - Fit360","description":"Green Tea Extract ehk Rohelise Tee Ekstrakti on soovitatav kasutada loomuliku ainevahetuse ja rasvap\u00f5letuse kiirendamiseks.","robots":{"index":"index","follow":"follow","max-snippet":"max-snippet:-1","max-image-preview":"max-image-preview:large","max-video-preview":"max-video-preview:-1"},"canonical":"https:\/\/fit360.ee\/en\/pood\/product-groups\/superfoods-health-foods-en\/green-tea-extract-en\/green-tea-extract-90tab\/","og_locale":"en_US","og_type":"article","og_title":"Green Tea Extract (90tab) - Rohelise Tee Ekstrakt - Kiire tarne - Fit360","og_description":"Green Tea Extract ehk Rohelise Tee Ekstrakti on soovitatav kasutada loomuliku ainevahetuse ja rasvap\u00f5letuse kiirendamiseks.","og_url":"https:\/\/fit360.ee\/en\/pood\/product-groups\/superfoods-health-foods-en\/green-tea-extract-en\/green-tea-extract-90tab\/","og_site_name":"Fit360","article_modified_time":"2026-04-11T10:42:09+00:00","og_image":[{"width":335,"height":431,"url":"https:\/\/fit360.ee\/wp-content\/uploads\/2019\/04\/green-tea-extract-fit360.ee-1.png","type":"image\/png"}],"twitter_card":"summary_large_image","twitter_misc":{"Est. reading time":"2 minutes"},"schema":{"@context":"https:\/\/schema.org","@graph":[{"@type":"WebPage","@id":"https:\/\/fit360.ee\/en\/pood\/product-groups\/superfoods-health-foods-en\/green-tea-extract-en\/green-tea-extract-90tab\/","url":"https:\/\/fit360.ee\/en\/pood\/product-groups\/superfoods-health-foods-en\/green-tea-extract-en\/green-tea-extract-90tab\/","name":"Green Tea Extract (90tab) - Rohelise Tee Ekstrakt - Kiire tarne - Fit360","isPartOf":{"@id":"https:\/\/fit360.ee\/en\/#website"},"primaryImageOfPage":{"@id":"https:\/\/fit360.ee\/en\/pood\/product-groups\/superfoods-health-foods-en\/green-tea-extract-en\/green-tea-extract-90tab\/#primaryimage"},"image":{"@id":"https:\/\/fit360.ee\/en\/pood\/product-groups\/superfoods-health-foods-en\/green-tea-extract-en\/green-tea-extract-90tab\/#primaryimage"},"thumbnailUrl":"https:\/\/fit360.ee\/wp-content\/uploads\/2019\/04\/green-tea-extract-fit360.ee-1.png","datePublished":"2019-04-12T15:49:48+00:00","dateModified":"2026-04-11T10:42:09+00:00","description":"Green Tea Extract ehk Rohelise Tee Ekstrakti on soovitatav kasutada loomuliku ainevahetuse ja rasvap\u00f5letuse kiirendamiseks.","breadcrumb":{"@id":"https:\/\/fit360.ee\/en\/pood\/product-groups\/superfoods-health-foods-en\/green-tea-extract-en\/green-tea-extract-90tab\/#breadcrumb"},"inLanguage":"en-US","potentialAction":[{"@type":"ReadAction","target":["https:\/\/fit360.ee\/en\/pood\/product-groups\/superfoods-health-foods-en\/green-tea-extract-en\/green-tea-extract-90tab\/"]}]},{"@type":"ImageObject","inLanguage":"en-US","@id":"https:\/\/fit360.ee\/en\/pood\/product-groups\/superfoods-health-foods-en\/green-tea-extract-en\/green-tea-extract-90tab\/#primaryimage","url":"https:\/\/fit360.ee\/wp-content\/uploads\/2019\/04\/green-tea-extract-fit360.ee-1.png","contentUrl":"https:\/\/fit360.ee\/wp-content\/uploads\/2019\/04\/green-tea-extract-fit360.ee-1.png","width":335,"height":431,"caption":"green tea extract - fit360.ee"},{"@type":"BreadcrumbList","@id":"https:\/\/fit360.ee\/en\/pood\/product-groups\/superfoods-health-foods-en\/green-tea-extract-en\/green-tea-extract-90tab\/#breadcrumb","itemListElement":[{"@type":"ListItem","position":1,"name":"Home","item":"https:\/\/fit360.ee\/en\/"},{"@type":"ListItem","position":2,"name":"Shop","item":"https:\/\/fit360.ee\/en\/shop\/"},{"@type":"ListItem","position":3,"name":"Green Tea Extract (90tab)"}]},{"@type":"WebSite","@id":"https:\/\/fit360.ee\/en\/#website","url":"https:\/\/fit360.ee\/en\/","name":"Fit360","description":"","publisher":{"@id":"https:\/\/fit360.ee\/en\/#organization"},"potentialAction":[{"@type":"SearchAction","target":{"@type":"EntryPoint","urlTemplate":"https:\/\/fit360.ee\/en\/?s={search_term_string}"},"query-input":{"@type":"PropertyValueSpecification","valueRequired":true,"valueName":"search_term_string"}}],"inLanguage":"en-US"},{"@type":"Organization","@id":"https:\/\/fit360.ee\/en\/#organization","name":"Fit360","url":"https:\/\/fit360.ee\/en\/","logo":{"@type":"ImageObject","inLanguage":"en-US","@id":"https:\/\/fit360.ee\/en\/#\/schema\/logo\/image\/","url":"https:\/\/fit360.ee\/wp-content\/uploads\/2017\/01\/logo-fit360.png","contentUrl":"https:\/\/fit360.ee\/wp-content\/uploads\/2017\/01\/logo-fit360.png","width":180,"height":66,"caption":"Fit360"},"image":{"@id":"https:\/\/fit360.ee\/en\/#\/schema\/logo\/image\/"}}]}},"_links":{"self":[{"href":"https:\/\/fit360.ee\/en\/wp-json\/wp\/v2\/product\/20382","targetHints":{"allow":["GET"]}}],"collection":[{"href":"https:\/\/fit360.ee\/en\/wp-json\/wp\/v2\/product"}],"about":[{"href":"https:\/\/fit360.ee\/en\/wp-json\/wp\/v2\/types\/product"}],"replies":[{"embeddable":true,"href":"https:\/\/fit360.ee\/en\/wp-json\/wp\/v2\/comments?post=20382"}],"wp:featuredmedia":[{"embeddable":true,"href":"https:\/\/fit360.ee\/en\/wp-json\/wp\/v2\/media\/85282"}],"wp:attachment":[{"href":"https:\/\/fit360.ee\/en\/wp-json\/wp\/v2\/media?parent=20382"}],"wp:term":[{"taxonomy":"product_brand","embeddable":true,"href":"https:\/\/fit360.ee\/en\/wp-json\/wp\/v2\/product_brand?post=20382"},{"taxonomy":"product_cat","embeddable":true,"href":"https:\/\/fit360.ee\/en\/wp-json\/wp\/v2\/product_cat?post=20382"},{"taxonomy":"product_tag","embeddable":true,"href":"https:\/\/fit360.ee\/en\/wp-json\/wp\/v2\/product_tag?post=20382"},{"taxonomy":"giftcard-category","embeddable":true,"href":"https:\/\/fit360.ee\/en\/wp-json\/wp\/v2\/giftcard-category?post=20382"}],"curies":[{"name":"wp","href":"https:\/\/api.w.org\/{rel}","templated":true}]}}