{"id":20875,"date":"2019-05-27T13:26:31","date_gmt":"2019-05-27T11:26:31","guid":{"rendered":"https:\/\/fit360.ee\/pood\/uncategorized\/spiruline-90tab\/"},"modified":"2025-08-13T07:35:52","modified_gmt":"2025-08-13T05:35:52","slug":"spirulina-90tab","status":"publish","type":"product","link":"https:\/\/fit360.ee\/en\/pood\/product-groups\/superfoods-health-foods-en\/spirulina-en\/spirulina-90tab\/","title":{"rendered":"Spirulina (90tab)"},"content":{"rendered":"<h1>Spirulina &#8211; spirulina tabletid<\/h1>\n<p>Spirulina sisaldab k\u00f5iki \u00fcheksat asendamatut aminohapet, mida inimkeha ise ei tooda ja vajame toidust. Aminohapped on ehituskivid valkudele, mis hoolitsevad lihase- ja koeehituse eest<\/p>\n<p>Spiruline (<i>Arthrospira sp<\/i>) on sinakasroheline mikroskoopiline vetikas, mis on eksisteerinud juba 3,6 miljardit aastat. Toitainerikkuse t\u00f5ttu on see v\u00e4ga hinnatud ning spirulinat kasutavad toiduainena paljud kultuurid.<\/p>\n<p>Katseklaasiuurimustes on uuritud spiruline kiirguse eest kaitsvat m\u00f5ju inimese rakkudele, ning loomkatsetel on uuritud, kas see aitab kaitsta s\u00fcdamekudesid keemiaravi korral. Samuti on spiruline kasulikke omadusi uuritud s\u00fcdameatakist taastumise ajal, vanusest tingitud m\u00e4lu halvenemise, diabeedi ja allergilise heinanohu vastu.<\/p>\n<p><strong><a href=\"https:\/\/www.ncbi.nlm.nih.gov\/pmc\/articles\/PMC6241722\/\" target=\"_blank\" rel=\"noopener noreferrer\">Teaduslikes uuringutes<\/a>\u00a0<\/strong>on saadud spirulinaga ka v\u00e4ga h\u00e4id tulemusi veregl\u00fckoosi taseme alandamiseks. See on eriti t\u00e4htis avastus n\u00e4iteks diabeetikutele kellele on k\u00f5rge veresuhkru tase ohtlik. Ka kolesterooli alandamiseks on tehtud\u00a0<a href=\"https:\/\/www.ncbi.nlm.nih.gov\/pubmed\/26433766\" target=\"_blank\" rel=\"noopener noreferrer\">teaduslikke uuringuid<\/a>\u00a0ning t\u00e4heldatud h\u00e4id tulemusi just halva kolesterooli taseme alandamiseks.\u00a0<strong>Detox omadused<\/strong>\u00a0on Spirulinal lausa maailmakuulsad ja seda on toetanud ka\u00a0<a href=\"https:\/\/www.tandfonline.com\/doi\/full\/10.3109\/13880209.2015.1077464\" target=\"_blank\" rel=\"noopener noreferrer\">2016a uuring<\/a>\u00a0milles saadi h\u00e4id tulemusi kehas kahjulike arseeni, fluoriidi, tina ja elavh\u00f5beda vastu.<\/p>\n<p>Sobilik veganitele.<\/p>\n<table>\n<tbody>\n<tr>\n<td width=\"205\"><strong>Anal\u00fc\u00fcs<\/strong><\/td>\n<td width=\"205\"><strong>1 tablett<\/strong><\/td>\n<td width=\"205\"><strong>2 tabletti<\/strong><\/td>\n<\/tr>\n<tr>\n<td width=\"205\">Spirulina<\/td>\n<td width=\"205\">500 mg<\/td>\n<td width=\"205\">1000 mg<\/td>\n<\/tr>\n<\/tbody>\n<\/table>\n<p>&nbsp;<\/p>\n<p><strong>Koostisosad: <\/strong>spiruliin, t\u00e4iteaine (mikrokristalne tselluloos), kartulit\u00e4rklis, paakumisvastane aine, magneesiumstearaat, kaltsiumkarbonaat, r\u00e4nidioksiid<\/p>\n<p><strong>Kasutamine <\/strong>tarbi \u00fcks serveering (2 tabletti) p\u00e4evas, \u00e4ra \u00fcleta soovitatud p\u00e4evast kogust (2 kapslit)<\/p>\n<p>\u00c4ra tarbi toidulisandeid asendusena balanseeritud ja varieeruvale dieedile. Toode on m\u00f5eldud tervetele t\u00e4iskasvanutele. Ei ole sobiv rasedatele naistele ning imetavatele emadele.<\/p>\n<p><strong>Hoiustamine: <\/strong>Hoia eemal otsesest p\u00e4ikesevalgusest, kuivas ja jahedas kohas, temperatuuril 25 kraadi kindlalt suletud pakendis. Hoia lastele k\u00e4ttesaamatus kohas.<\/p>\n<p><strong>Suurus: <\/strong>90 tabletti<\/p>\n<p>Soovid kaupa osta suuremas koguses? Vaata antud toodet ka meie HULGI poest\u00a0<a href=\"https:\/\/toidulisandidhulgi.ee\/product\/spiruline-90tab\/\"><strong>SIIT<\/strong><\/a>!<\/p>\n","protected":false},"excerpt":{"rendered":"<h2><strong>SPIRULINA:<\/strong><\/h2>\n<ul>\n<li>Suurep\u00e4rane valkude ja vitamiinide allikas<\/li>\n<li>Turvaline kasutada<\/li>\n<li>Kaitseb tervist<\/li>\n<\/ul>\n<p><b>Spirulina<\/b>\u00a0on filamentsete\u00a0ts\u00fcanobakterite\u00a0perekonda kuuluv sini-rohevetikas, mis kasvab soojades mageveekogudes. Parimad kasvutingimused on k\u00f5rge pH-taseme juures veekogudes, kus on palju\u00a0karbonaate ja bikarbonaate. <sup id=\"cite_ref-:5_1-0\" class=\"reference\"><\/sup>Spirulina sobib tarbimiseks nii inimestele kui loomadele ning seda on suure proteiinide ja vitamiinide sisalduse t\u00f5ttu juba ammusest ajast tarvitatud toidulisandina.<\/p>\n<p><strong>Spirulina<\/strong> on turvaline ka suuremates kogustes ning n\u00f5rgema organismi puhul ei ole sellel leitud toksilisi k\u00f5rvalm\u00f5jusid.<\/p>\n","protected":false},"featured_media":39494,"comment_status":"open","ping_status":"closed","template":"","meta":[],"product_brand":[],"product_cat":[515,2384,1454,536],"product_tag":[1803,2148],"giftcard-category":[],"class_list":{"0":"post-20875","1":"product","2":"type-product","3":"status-publish","4":"has-post-thumbnail","6":"product_cat-real-pharm","7":"product_cat-spirulina-en","8":"product_cat-superfoods-health-foods-en","9":"product_cat-vitamins-and-minerals-en","10":"product_tag-real-pharm-en","11":"product_tag-spirulina-en","12":"pa_toidulisand-branddd-real-pharm","13":"pa_tootegruppp-spirulina-en","14":"pa_tootegruppp-supertoit-tervisetoit-en","15":"pa_tootegruppp-vitamins-and-minerals","17":"first","18":"outofstock","19":"sale","20":"taxable","21":"shipping-taxable","22":"purchasable","23":"product-type-simple"},"yoast_head":"<!-- This site is optimized with the Yoast SEO plugin v27.3 - https:\/\/yoast.com\/product\/yoast-seo-wordpress\/ -->\n<title>Spirulina 90tab - Spirulina tabletid - Kiire tarne - Suurep\u00e4rane hind - Fit360<\/title>\n<meta name=\"description\" content=\"Spirulina on pungil t\u00e4is antioks\u00fcdante, vitamiine ja kasulikke toitaineid. Kasulik seedimisele ja eriti just kaalulangetamise ajal.\" \/>\n<meta name=\"robots\" content=\"index, follow, max-snippet:-1, max-image-preview:large, max-video-preview:-1\" \/>\n<link rel=\"canonical\" href=\"https:\/\/fit360.ee\/en\/pood\/product-groups\/superfoods-health-foods-en\/spirulina-en\/spirulina-90tab\/\" \/>\n<meta property=\"og:locale\" content=\"en_US\" \/>\n<meta property=\"og:type\" content=\"article\" \/>\n<meta property=\"og:title\" content=\"Spirulina 90tab - Spirulina tabletid - Kiire tarne - Suurep\u00e4rane hind - Fit360\" \/>\n<meta property=\"og:description\" content=\"Spirulina on pungil t\u00e4is antioks\u00fcdante, vitamiine ja kasulikke toitaineid. Kasulik seedimisele ja eriti just kaalulangetamise ajal.\" \/>\n<meta property=\"og:url\" content=\"https:\/\/fit360.ee\/en\/pood\/product-groups\/superfoods-health-foods-en\/spirulina-en\/spirulina-90tab\/\" \/>\n<meta property=\"og:site_name\" content=\"Fit360\" \/>\n<meta property=\"article:modified_time\" content=\"2025-08-13T05:35:52+00:00\" \/>\n<meta property=\"og:image\" content=\"https:\/\/fit360.ee\/wp-content\/uploads\/2019\/05\/Spirulina-tabletid-spiruline-fit360.ee_.png\" \/>\n\t<meta property=\"og:image:width\" content=\"800\" \/>\n\t<meta property=\"og:image:height\" content=\"800\" \/>\n\t<meta property=\"og:image:type\" content=\"image\/png\" \/>\n<meta name=\"twitter:card\" content=\"summary_large_image\" \/>\n<meta name=\"twitter:label1\" content=\"Est. reading time\" \/>\n\t<meta name=\"twitter:data1\" content=\"2 minutes\" \/>\n<script type=\"application\/ld+json\" class=\"yoast-schema-graph\">{\"@context\":\"https:\\\/\\\/schema.org\",\"@graph\":[{\"@type\":\"WebPage\",\"@id\":\"https:\\\/\\\/fit360.ee\\\/en\\\/pood\\\/product-groups\\\/superfoods-health-foods-en\\\/spirulina-en\\\/spirulina-90tab\\\/\",\"url\":\"https:\\\/\\\/fit360.ee\\\/en\\\/pood\\\/product-groups\\\/superfoods-health-foods-en\\\/spirulina-en\\\/spirulina-90tab\\\/\",\"name\":\"Spirulina 90tab - Spirulina tabletid - Kiire tarne - Suurep\u00e4rane hind - Fit360\",\"isPartOf\":{\"@id\":\"https:\\\/\\\/fit360.ee\\\/en\\\/#website\"},\"primaryImageOfPage\":{\"@id\":\"https:\\\/\\\/fit360.ee\\\/en\\\/pood\\\/product-groups\\\/superfoods-health-foods-en\\\/spirulina-en\\\/spirulina-90tab\\\/#primaryimage\"},\"image\":{\"@id\":\"https:\\\/\\\/fit360.ee\\\/en\\\/pood\\\/product-groups\\\/superfoods-health-foods-en\\\/spirulina-en\\\/spirulina-90tab\\\/#primaryimage\"},\"thumbnailUrl\":\"https:\\\/\\\/fit360.ee\\\/wp-content\\\/uploads\\\/2019\\\/05\\\/Spirulina-tabletid-spiruline-fit360.ee_.png\",\"datePublished\":\"2019-05-27T11:26:31+00:00\",\"dateModified\":\"2025-08-13T05:35:52+00:00\",\"description\":\"Spirulina on pungil t\u00e4is antioks\u00fcdante, vitamiine ja kasulikke toitaineid. Kasulik seedimisele ja eriti just kaalulangetamise ajal.\",\"breadcrumb\":{\"@id\":\"https:\\\/\\\/fit360.ee\\\/en\\\/pood\\\/product-groups\\\/superfoods-health-foods-en\\\/spirulina-en\\\/spirulina-90tab\\\/#breadcrumb\"},\"inLanguage\":\"en-US\",\"potentialAction\":[{\"@type\":\"ReadAction\",\"target\":[\"https:\\\/\\\/fit360.ee\\\/en\\\/pood\\\/product-groups\\\/superfoods-health-foods-en\\\/spirulina-en\\\/spirulina-90tab\\\/\"]}]},{\"@type\":\"ImageObject\",\"inLanguage\":\"en-US\",\"@id\":\"https:\\\/\\\/fit360.ee\\\/en\\\/pood\\\/product-groups\\\/superfoods-health-foods-en\\\/spirulina-en\\\/spirulina-90tab\\\/#primaryimage\",\"url\":\"https:\\\/\\\/fit360.ee\\\/wp-content\\\/uploads\\\/2019\\\/05\\\/Spirulina-tabletid-spiruline-fit360.ee_.png\",\"contentUrl\":\"https:\\\/\\\/fit360.ee\\\/wp-content\\\/uploads\\\/2019\\\/05\\\/Spirulina-tabletid-spiruline-fit360.ee_.png\",\"width\":800,\"height\":800,\"caption\":\"Spirulina tabletid spiruline - fit360.ee\"},{\"@type\":\"BreadcrumbList\",\"@id\":\"https:\\\/\\\/fit360.ee\\\/en\\\/pood\\\/product-groups\\\/superfoods-health-foods-en\\\/spirulina-en\\\/spirulina-90tab\\\/#breadcrumb\",\"itemListElement\":[{\"@type\":\"ListItem\",\"position\":1,\"name\":\"Home\",\"item\":\"https:\\\/\\\/fit360.ee\\\/en\\\/\"},{\"@type\":\"ListItem\",\"position\":2,\"name\":\"Shop\",\"item\":\"https:\\\/\\\/fit360.ee\\\/en\\\/shop\\\/\"},{\"@type\":\"ListItem\",\"position\":3,\"name\":\"Spirulina (90tab)\"}]},{\"@type\":\"WebSite\",\"@id\":\"https:\\\/\\\/fit360.ee\\\/en\\\/#website\",\"url\":\"https:\\\/\\\/fit360.ee\\\/en\\\/\",\"name\":\"Fit360\",\"description\":\"\",\"publisher\":{\"@id\":\"https:\\\/\\\/fit360.ee\\\/en\\\/#organization\"},\"potentialAction\":[{\"@type\":\"SearchAction\",\"target\":{\"@type\":\"EntryPoint\",\"urlTemplate\":\"https:\\\/\\\/fit360.ee\\\/en\\\/?s={search_term_string}\"},\"query-input\":{\"@type\":\"PropertyValueSpecification\",\"valueRequired\":true,\"valueName\":\"search_term_string\"}}],\"inLanguage\":\"en-US\"},{\"@type\":\"Organization\",\"@id\":\"https:\\\/\\\/fit360.ee\\\/en\\\/#organization\",\"name\":\"Fit360\",\"url\":\"https:\\\/\\\/fit360.ee\\\/en\\\/\",\"logo\":{\"@type\":\"ImageObject\",\"inLanguage\":\"en-US\",\"@id\":\"https:\\\/\\\/fit360.ee\\\/en\\\/#\\\/schema\\\/logo\\\/image\\\/\",\"url\":\"https:\\\/\\\/fit360.ee\\\/wp-content\\\/uploads\\\/2017\\\/01\\\/logo-fit360.png\",\"contentUrl\":\"https:\\\/\\\/fit360.ee\\\/wp-content\\\/uploads\\\/2017\\\/01\\\/logo-fit360.png\",\"width\":180,\"height\":66,\"caption\":\"Fit360\"},\"image\":{\"@id\":\"https:\\\/\\\/fit360.ee\\\/en\\\/#\\\/schema\\\/logo\\\/image\\\/\"}}]}<\/script>\n<!-- \/ Yoast SEO plugin. -->","yoast_head_json":{"title":"Spirulina 90tab - Spirulina tabletid - Kiire tarne - Suurep\u00e4rane hind - Fit360","description":"Spirulina on pungil t\u00e4is antioks\u00fcdante, vitamiine ja kasulikke toitaineid. Kasulik seedimisele ja eriti just kaalulangetamise ajal.","robots":{"index":"index","follow":"follow","max-snippet":"max-snippet:-1","max-image-preview":"max-image-preview:large","max-video-preview":"max-video-preview:-1"},"canonical":"https:\/\/fit360.ee\/en\/pood\/product-groups\/superfoods-health-foods-en\/spirulina-en\/spirulina-90tab\/","og_locale":"en_US","og_type":"article","og_title":"Spirulina 90tab - Spirulina tabletid - Kiire tarne - Suurep\u00e4rane hind - Fit360","og_description":"Spirulina on pungil t\u00e4is antioks\u00fcdante, vitamiine ja kasulikke toitaineid. Kasulik seedimisele ja eriti just kaalulangetamise ajal.","og_url":"https:\/\/fit360.ee\/en\/pood\/product-groups\/superfoods-health-foods-en\/spirulina-en\/spirulina-90tab\/","og_site_name":"Fit360","article_modified_time":"2025-08-13T05:35:52+00:00","og_image":[{"width":800,"height":800,"url":"https:\/\/fit360.ee\/wp-content\/uploads\/2019\/05\/Spirulina-tabletid-spiruline-fit360.ee_.png","type":"image\/png"}],"twitter_card":"summary_large_image","twitter_misc":{"Est. reading time":"2 minutes"},"schema":{"@context":"https:\/\/schema.org","@graph":[{"@type":"WebPage","@id":"https:\/\/fit360.ee\/en\/pood\/product-groups\/superfoods-health-foods-en\/spirulina-en\/spirulina-90tab\/","url":"https:\/\/fit360.ee\/en\/pood\/product-groups\/superfoods-health-foods-en\/spirulina-en\/spirulina-90tab\/","name":"Spirulina 90tab - Spirulina tabletid - Kiire tarne - Suurep\u00e4rane hind - Fit360","isPartOf":{"@id":"https:\/\/fit360.ee\/en\/#website"},"primaryImageOfPage":{"@id":"https:\/\/fit360.ee\/en\/pood\/product-groups\/superfoods-health-foods-en\/spirulina-en\/spirulina-90tab\/#primaryimage"},"image":{"@id":"https:\/\/fit360.ee\/en\/pood\/product-groups\/superfoods-health-foods-en\/spirulina-en\/spirulina-90tab\/#primaryimage"},"thumbnailUrl":"https:\/\/fit360.ee\/wp-content\/uploads\/2019\/05\/Spirulina-tabletid-spiruline-fit360.ee_.png","datePublished":"2019-05-27T11:26:31+00:00","dateModified":"2025-08-13T05:35:52+00:00","description":"Spirulina on pungil t\u00e4is antioks\u00fcdante, vitamiine ja kasulikke toitaineid. Kasulik seedimisele ja eriti just kaalulangetamise ajal.","breadcrumb":{"@id":"https:\/\/fit360.ee\/en\/pood\/product-groups\/superfoods-health-foods-en\/spirulina-en\/spirulina-90tab\/#breadcrumb"},"inLanguage":"en-US","potentialAction":[{"@type":"ReadAction","target":["https:\/\/fit360.ee\/en\/pood\/product-groups\/superfoods-health-foods-en\/spirulina-en\/spirulina-90tab\/"]}]},{"@type":"ImageObject","inLanguage":"en-US","@id":"https:\/\/fit360.ee\/en\/pood\/product-groups\/superfoods-health-foods-en\/spirulina-en\/spirulina-90tab\/#primaryimage","url":"https:\/\/fit360.ee\/wp-content\/uploads\/2019\/05\/Spirulina-tabletid-spiruline-fit360.ee_.png","contentUrl":"https:\/\/fit360.ee\/wp-content\/uploads\/2019\/05\/Spirulina-tabletid-spiruline-fit360.ee_.png","width":800,"height":800,"caption":"Spirulina tabletid spiruline - fit360.ee"},{"@type":"BreadcrumbList","@id":"https:\/\/fit360.ee\/en\/pood\/product-groups\/superfoods-health-foods-en\/spirulina-en\/spirulina-90tab\/#breadcrumb","itemListElement":[{"@type":"ListItem","position":1,"name":"Home","item":"https:\/\/fit360.ee\/en\/"},{"@type":"ListItem","position":2,"name":"Shop","item":"https:\/\/fit360.ee\/en\/shop\/"},{"@type":"ListItem","position":3,"name":"Spirulina (90tab)"}]},{"@type":"WebSite","@id":"https:\/\/fit360.ee\/en\/#website","url":"https:\/\/fit360.ee\/en\/","name":"Fit360","description":"","publisher":{"@id":"https:\/\/fit360.ee\/en\/#organization"},"potentialAction":[{"@type":"SearchAction","target":{"@type":"EntryPoint","urlTemplate":"https:\/\/fit360.ee\/en\/?s={search_term_string}"},"query-input":{"@type":"PropertyValueSpecification","valueRequired":true,"valueName":"search_term_string"}}],"inLanguage":"en-US"},{"@type":"Organization","@id":"https:\/\/fit360.ee\/en\/#organization","name":"Fit360","url":"https:\/\/fit360.ee\/en\/","logo":{"@type":"ImageObject","inLanguage":"en-US","@id":"https:\/\/fit360.ee\/en\/#\/schema\/logo\/image\/","url":"https:\/\/fit360.ee\/wp-content\/uploads\/2017\/01\/logo-fit360.png","contentUrl":"https:\/\/fit360.ee\/wp-content\/uploads\/2017\/01\/logo-fit360.png","width":180,"height":66,"caption":"Fit360"},"image":{"@id":"https:\/\/fit360.ee\/en\/#\/schema\/logo\/image\/"}}]}},"_links":{"self":[{"href":"https:\/\/fit360.ee\/en\/wp-json\/wp\/v2\/product\/20875","targetHints":{"allow":["GET"]}}],"collection":[{"href":"https:\/\/fit360.ee\/en\/wp-json\/wp\/v2\/product"}],"about":[{"href":"https:\/\/fit360.ee\/en\/wp-json\/wp\/v2\/types\/product"}],"replies":[{"embeddable":true,"href":"https:\/\/fit360.ee\/en\/wp-json\/wp\/v2\/comments?post=20875"}],"wp:featuredmedia":[{"embeddable":true,"href":"https:\/\/fit360.ee\/en\/wp-json\/wp\/v2\/media\/39494"}],"wp:attachment":[{"href":"https:\/\/fit360.ee\/en\/wp-json\/wp\/v2\/media?parent=20875"}],"wp:term":[{"taxonomy":"product_brand","embeddable":true,"href":"https:\/\/fit360.ee\/en\/wp-json\/wp\/v2\/product_brand?post=20875"},{"taxonomy":"product_cat","embeddable":true,"href":"https:\/\/fit360.ee\/en\/wp-json\/wp\/v2\/product_cat?post=20875"},{"taxonomy":"product_tag","embeddable":true,"href":"https:\/\/fit360.ee\/en\/wp-json\/wp\/v2\/product_tag?post=20875"},{"taxonomy":"giftcard-category","embeddable":true,"href":"https:\/\/fit360.ee\/en\/wp-json\/wp\/v2\/giftcard-category?post=20875"}],"curies":[{"name":"wp","href":"https:\/\/api.w.org\/{rel}","templated":true}]}}