{"id":21172,"date":"2019-07-08T18:38:59","date_gmt":"2019-07-08T16:38:59","guid":{"rendered":"https:\/\/fit360.ee\/pood\/uncategorized\/proactive-ashwagandha-120tabs\/"},"modified":"2025-12-03T11:40:46","modified_gmt":"2025-12-03T09:40:46","slug":"proactive-ashwagandha-120tabs","status":"publish","type":"product","link":"https:\/\/fit360.ee\/en\/pood\/product-groups\/superfoods-health-foods-en\/ashwagandha-en\/proactive-ashwagandha-120tabs\/","title":{"rendered":"ProActive Ashwagandha (120tabs)"},"content":{"rendered":"<h2><strong>Ashwagandha &#8211; Withania Somnifera<\/strong><\/h2>\n<p>Rahvap\u00e4rase nimetusega uimastav juustukirss, on tuntud peamiselt kui stressileevendaja ning on arvatud adaptogeenide ehk keha tasakaalu viijate hulka. Ent erinevalt Hiina \u017een-\u017eenni stimuleerivast toimest on ashwagandha uinutava ja rahustava toimega. See taim on \u00fcks v\u00e4heseid rahustavaid adaptogeene, mida on traditsiooniliselt kasutatud \u00e4revuse, halbade unen\u00e4gude, kerge obsessiiv-kompulsiivse h\u00e4ire, unetuse ja n\u00e4rvis\u00fcsteemi t\u00f6\u00f6 parandamiseks. Ladina keeles t\u00e4hendabki ashwaganda otset\u00f5lkes kui \u00abunetekitaja\u00bb, kuid taime nimi ashwagandha tuleneb siiski sanskriti keelest ja see on kombinatsioon s\u00f5nadest \u00abashva\u00bb, mis t\u00e4hendab hobust ning \u00abgandha\u00bb, mis t\u00e4hendab l\u00f5hna. Selle taime juurel on tugev aroom, mida on kirjeldatud kui hobusele omast.<\/p>\n<h4><strong>Kasulikud omadused:<\/strong><\/h4>\n<p>\u2022 \u00e4revuse, uneh\u00e4irete (unetuse), stressi puhul<br \/>\n\u2022 liigesep\u00f5letike, seljavalu, lihasreuma puhul<br \/>\n\u2022 kilpn\u00e4\u00e4rme talitlush\u00e4irete korral<br \/>\n\u2022 k\u00fclmetushaiguste, tuberkuloosi, astma ja bronhiidi puhul<br \/>\n\u2022 menstruaalvalude korral<\/p>\n<p>Lisaks arvatakse, et Ashwagandha:<br \/>\n\u2022 stabiliseerib veresuhkrut<br \/>\n\u2022 alandab kolesteroolitaset<br \/>\n\u2022 t\u00f5stab vastupidavust<br \/>\n\u2022 suurendab keskendumisv\u00f5imet<br \/>\n\u2022 pidurdab vananemist<br \/>\n\u2022 tugevdab suguiha ja suurendab viljakust<br \/>\n\u2022 stimuleerib kurnatud neerupealiseid<\/p>\n<p><strong>Ashwagandha<\/strong> juur toimib p\u00f5letikuvastaselt ja on kasulik fibrom\u00fcalgia (haigus, mis v\u00e4ljendub eelk\u00f5ige lihases esineva valuga, millega v\u00f5ib kaasneda katsumisel tundlike k\u00fchmude esinemine), rahutute jalgade s\u00fcndroomi, <em>Tourette<\/em>\u2019i s\u00fcndroomi (mittetahtlikud helid, h\u00e4\u00e4litsused v\u00f5i s\u00f5nad) kerge vormi ja osteoartriidi (liigesk\u00f5hre kulumine) toetuseks. H\u00e4sti aitab see ka autoimmuunh\u00e4irete puhul, mis m\u00f5jutavad lihaseid ja liigeseid, nagu reumatoidartriit (krooniline e edasiarenev liigesep\u00f5letik), ank\u00fcloseeriv spond\u00fcliit (krooniline l\u00fclisamba haigus), pol\u00fcm\u00fcosiit (hulgilihase p\u00f5letik) ja reumaatiline pol\u00fcm\u00fcalgia (iseloomulik kaela-, \u00f5la-, reie- ja puusalihaste valulikkus ja hommikune j\u00e4ikus). Ise\u00e4ranis t\u00f5husalt toimib taim liigesprobleemide puhul siis, kui j\u00e4tta toitumisest v\u00e4lja jahutooted ja suhkur, kui p\u00f5hiline p\u00f5letiku tekitaja.<\/p>\n<p><strong>Ashwagandha<\/strong> parandab meeste viljakust (suurendab spermatosoidide arvu ja seemnerakkude liikuvust), on suguiha tugevdav ning t\u00e4nu oma rauasisaldusele aitab aneemia puhul. Ashwagandha stimuleerib ka kilpn\u00e4\u00e4rme talitlust. Uuringud hiirtel on n\u00e4idanud m\u00e4rkimisv\u00e4\u00e4rset hormoonide T3 ( 18 %) ja T4 ( 111 %) taseme t\u00f5usu p\u00e4rast 20-p\u00e4evast kasutamist (Panda, 1998).<\/p>\n<p><strong>Koostisosad<\/strong>: Ashwagandha (withania somnifera) \u2013 kogu taime ekstrakt sisaldab v\u00e4hemalt 7% vitanoliide, t\u00e4iteaineid; mikrokristallilist tselluloosi, paakumisvastaseid aineid: magneesiumstearaati, r\u00e4nidioksiidi.<\/p>\n<p><strong>Kasutamine<\/strong>: V\u00f5ta 1 tablett 2 korda p\u00e4evas.<\/p>\n<p><strong>Suurus<\/strong>: 120 tabletti &#8211; 60 serveeringut. Tableti neto kaal: 700mg<\/p>\n<table>\n<tbody>\n<tr>\n<td width=\"205\"><strong>Toimeained<\/strong><\/td>\n<td width=\"205\"><strong>1 tablett<\/strong><\/td>\n<td width=\"205\"><strong>2 tabletti<\/strong><\/td>\n<\/tr>\n<tr>\n<td width=\"205\">Ashwagandha<\/td>\n<td width=\"205\">450mg<\/td>\n<td width=\"205\">900mg<\/td>\n<\/tr>\n<tr>\n<td width=\"205\"><em>sisaldab<\/em>: vitanoliide<\/td>\n<td width=\"205\">31,5mg<\/td>\n<td width=\"205\">63mg<\/td>\n<\/tr>\n<\/tbody>\n<\/table>\n<p>Vaata ka meie teisi Testosterooni T\u00f5stjaid <a href=\"https:\/\/fit360.ee\/en\/product-category\/product-groups\/testosterone-boosters-en\/\"><strong>SIIT<\/strong><\/a> v\u00f5i Ashwagandhasi <a href=\"https:\/\/fit360.ee\/en\/product-category\/product-groups\/superfoods-health-foods-en\/ashwagandha-en\/\"><strong>SIIT<\/strong><\/a>!<\/p>\n<p>Soovid kaupa osta suuremas koguses? Vaata antud toodet ka meie HULGI poest\u00a0<a href=\"https:\/\/toidulisandidhulgi.ee\/product\/proactive-ashwagandha-120tabs\/\"><strong>SIIT<\/strong><\/a>!<\/p>\n","protected":false},"excerpt":{"rendered":"<h2><strong>Ashwagandha<\/strong>:<\/h2>\n<ul>\n<li>Leevendab stressi<\/li>\n<li>V\u00e4ga hea antioks\u00fcdant<\/li>\n<li>Rahustab n\u00e4rvis\u00fcsteemi<\/li>\n<li>Annab j\u00f5udu ja energiat<\/li>\n<li>On valu-, paistetuse-, p\u00f5letiku- ja stressivastase toimega<\/li>\n<li>Stimuleerib immuuns\u00fcsteemi<\/li>\n<li>Parandab heaolutunnet<\/li>\n<li>Aitab f\u00fc\u00fcsilise v\u00e4simuse korral<\/li>\n<\/ul>\n<p><strong>Ashwagandha<\/strong>, tuntud ka\u00a0<strong>Talvekirsi ja India \u017een\u0161eni nime all<\/strong><em>,\u00a0<\/em>on populaarne India taim, mida peetakse eluj\u00f5u allikaks.<\/p>\n<p><strong>Ashwagandha\u00a0 <\/strong>aitab luua igap\u00e4evaselt hea enesetunde v\u00f5ideldes \u00fclet\u00f6\u00f6tamisest tekkinud f\u00fc\u00fcsilise v\u00e4simuse ilmingutega &#8211; stressi, kurnatuse, n\u00e4rvilisuse ja uneh\u00e4iretega.<\/p>\n<p>Samuti Ashwagandha stimuleerib hemoglobiini tekkimis, p\u00e4rsib enneaegset hallinemist ja aitab kaasa seksuaalsusele, suurendades reproduktiivset v\u00f5imet.<\/p>\n","protected":false},"featured_media":85270,"comment_status":"open","ping_status":"closed","template":"","meta":[],"product_brand":[],"product_cat":[2347,1326,1454,532,536],"product_tag":[2182,5423,1793],"giftcard-category":[],"class_list":{"0":"post-21172","1":"product","2":"type-product","3":"status-publish","4":"has-post-thumbnail","6":"product_cat-ashwagandha-en","7":"product_cat-proactive-en","8":"product_cat-superfoods-health-foods-en","9":"product_cat-testosterone-boosters-en","10":"product_cat-vitamins-and-minerals-en","11":"product_tag-ashwagandha-en","12":"product_tag-ashwagandha-tabletid-en","13":"product_tag-proactive-en","14":"pa_toidulisand-branddd-proactive","15":"pa_tootegruppp-ashwagandha-en","16":"pa_tootegruppp-supertoit-tervisetoit-en","17":"pa_tootegruppp-testosterone-enhancers","18":"pa_tootegruppp-vitamins-and-minerals","20":"first","21":"instock","22":"sale","23":"taxable","24":"shipping-taxable","25":"purchasable","26":"product-type-simple"},"yoast_head":"<!-- This site is optimized with the Yoast SEO plugin v27.3 - https:\/\/yoast.com\/product\/yoast-seo-wordpress\/ -->\n<title>Ashwagandha 450mg - India \u017den\u0161enn - Withania somnifera - 7,90\u20ac\/120tbl<\/title>\n<meta name=\"description\" content=\"Ashwagandha on tuntud peamiselt kui stressileevendaja ning on arvatud adaptogeenide ehk keha tasakaalu viijate hulka. \u00dclikiire tarne.\" \/>\n<meta name=\"robots\" content=\"index, follow, max-snippet:-1, max-image-preview:large, max-video-preview:-1\" \/>\n<link rel=\"canonical\" href=\"https:\/\/fit360.ee\/en\/pood\/product-groups\/superfoods-health-foods-en\/ashwagandha-en\/proactive-ashwagandha-120tabs\/\" \/>\n<meta property=\"og:locale\" content=\"en_US\" \/>\n<meta property=\"og:type\" content=\"article\" \/>\n<meta property=\"og:title\" content=\"Ashwagandha 450mg - India \u017den\u0161enn - Withania somnifera - 7,90\u20ac\/120tbl\" \/>\n<meta property=\"og:description\" content=\"Ashwagandha on tuntud peamiselt kui stressileevendaja ning on arvatud adaptogeenide ehk keha tasakaalu viijate hulka. \u00dclikiire tarne.\" \/>\n<meta property=\"og:url\" content=\"https:\/\/fit360.ee\/en\/pood\/product-groups\/superfoods-health-foods-en\/ashwagandha-en\/proactive-ashwagandha-120tabs\/\" \/>\n<meta property=\"og:site_name\" content=\"Fit360\" \/>\n<meta property=\"article:modified_time\" content=\"2025-12-03T09:40:46+00:00\" \/>\n<meta property=\"og:image\" content=\"https:\/\/fit360.ee\/wp-content\/uploads\/2019\/07\/ashwagandha-tabletid-fit360.ee_.jpg\" \/>\n\t<meta property=\"og:image:width\" content=\"600\" \/>\n\t<meta property=\"og:image:height\" content=\"600\" \/>\n\t<meta property=\"og:image:type\" content=\"image\/jpeg\" \/>\n<meta name=\"twitter:card\" content=\"summary_large_image\" \/>\n<meta name=\"twitter:label1\" content=\"Est. reading time\" \/>\n\t<meta name=\"twitter:data1\" content=\"2 minutes\" \/>\n<script type=\"application\/ld+json\" class=\"yoast-schema-graph\">{\"@context\":\"https:\\\/\\\/schema.org\",\"@graph\":[{\"@type\":\"WebPage\",\"@id\":\"https:\\\/\\\/fit360.ee\\\/en\\\/pood\\\/product-groups\\\/superfoods-health-foods-en\\\/ashwagandha-en\\\/proactive-ashwagandha-120tabs\\\/\",\"url\":\"https:\\\/\\\/fit360.ee\\\/en\\\/pood\\\/product-groups\\\/superfoods-health-foods-en\\\/ashwagandha-en\\\/proactive-ashwagandha-120tabs\\\/\",\"name\":\"Ashwagandha 450mg - India \u017den\u0161enn - Withania somnifera - 7,90\u20ac\\\/120tbl\",\"isPartOf\":{\"@id\":\"https:\\\/\\\/fit360.ee\\\/en\\\/#website\"},\"primaryImageOfPage\":{\"@id\":\"https:\\\/\\\/fit360.ee\\\/en\\\/pood\\\/product-groups\\\/superfoods-health-foods-en\\\/ashwagandha-en\\\/proactive-ashwagandha-120tabs\\\/#primaryimage\"},\"image\":{\"@id\":\"https:\\\/\\\/fit360.ee\\\/en\\\/pood\\\/product-groups\\\/superfoods-health-foods-en\\\/ashwagandha-en\\\/proactive-ashwagandha-120tabs\\\/#primaryimage\"},\"thumbnailUrl\":\"https:\\\/\\\/fit360.ee\\\/wp-content\\\/uploads\\\/2019\\\/07\\\/ashwagandha-tabletid-fit360.ee_.jpg\",\"datePublished\":\"2019-07-08T16:38:59+00:00\",\"dateModified\":\"2025-12-03T09:40:46+00:00\",\"description\":\"Ashwagandha on tuntud peamiselt kui stressileevendaja ning on arvatud adaptogeenide ehk keha tasakaalu viijate hulka. \u00dclikiire tarne.\",\"breadcrumb\":{\"@id\":\"https:\\\/\\\/fit360.ee\\\/en\\\/pood\\\/product-groups\\\/superfoods-health-foods-en\\\/ashwagandha-en\\\/proactive-ashwagandha-120tabs\\\/#breadcrumb\"},\"inLanguage\":\"en-US\",\"potentialAction\":[{\"@type\":\"ReadAction\",\"target\":[\"https:\\\/\\\/fit360.ee\\\/en\\\/pood\\\/product-groups\\\/superfoods-health-foods-en\\\/ashwagandha-en\\\/proactive-ashwagandha-120tabs\\\/\"]}]},{\"@type\":\"ImageObject\",\"inLanguage\":\"en-US\",\"@id\":\"https:\\\/\\\/fit360.ee\\\/en\\\/pood\\\/product-groups\\\/superfoods-health-foods-en\\\/ashwagandha-en\\\/proactive-ashwagandha-120tabs\\\/#primaryimage\",\"url\":\"https:\\\/\\\/fit360.ee\\\/wp-content\\\/uploads\\\/2019\\\/07\\\/ashwagandha-tabletid-fit360.ee_.jpg\",\"contentUrl\":\"https:\\\/\\\/fit360.ee\\\/wp-content\\\/uploads\\\/2019\\\/07\\\/ashwagandha-tabletid-fit360.ee_.jpg\",\"width\":600,\"height\":600,\"caption\":\"ashwagandha tabletid - fit360.ee\"},{\"@type\":\"BreadcrumbList\",\"@id\":\"https:\\\/\\\/fit360.ee\\\/en\\\/pood\\\/product-groups\\\/superfoods-health-foods-en\\\/ashwagandha-en\\\/proactive-ashwagandha-120tabs\\\/#breadcrumb\",\"itemListElement\":[{\"@type\":\"ListItem\",\"position\":1,\"name\":\"Home\",\"item\":\"https:\\\/\\\/fit360.ee\\\/en\\\/\"},{\"@type\":\"ListItem\",\"position\":2,\"name\":\"Shop\",\"item\":\"https:\\\/\\\/fit360.ee\\\/en\\\/shop\\\/\"},{\"@type\":\"ListItem\",\"position\":3,\"name\":\"ProActive Ashwagandha (120tabs)\"}]},{\"@type\":\"WebSite\",\"@id\":\"https:\\\/\\\/fit360.ee\\\/en\\\/#website\",\"url\":\"https:\\\/\\\/fit360.ee\\\/en\\\/\",\"name\":\"Fit360\",\"description\":\"\",\"publisher\":{\"@id\":\"https:\\\/\\\/fit360.ee\\\/en\\\/#organization\"},\"potentialAction\":[{\"@type\":\"SearchAction\",\"target\":{\"@type\":\"EntryPoint\",\"urlTemplate\":\"https:\\\/\\\/fit360.ee\\\/en\\\/?s={search_term_string}\"},\"query-input\":{\"@type\":\"PropertyValueSpecification\",\"valueRequired\":true,\"valueName\":\"search_term_string\"}}],\"inLanguage\":\"en-US\"},{\"@type\":\"Organization\",\"@id\":\"https:\\\/\\\/fit360.ee\\\/en\\\/#organization\",\"name\":\"Fit360\",\"url\":\"https:\\\/\\\/fit360.ee\\\/en\\\/\",\"logo\":{\"@type\":\"ImageObject\",\"inLanguage\":\"en-US\",\"@id\":\"https:\\\/\\\/fit360.ee\\\/en\\\/#\\\/schema\\\/logo\\\/image\\\/\",\"url\":\"https:\\\/\\\/fit360.ee\\\/wp-content\\\/uploads\\\/2017\\\/01\\\/logo-fit360.png\",\"contentUrl\":\"https:\\\/\\\/fit360.ee\\\/wp-content\\\/uploads\\\/2017\\\/01\\\/logo-fit360.png\",\"width\":180,\"height\":66,\"caption\":\"Fit360\"},\"image\":{\"@id\":\"https:\\\/\\\/fit360.ee\\\/en\\\/#\\\/schema\\\/logo\\\/image\\\/\"}}]}<\/script>\n<!-- \/ Yoast SEO plugin. -->","yoast_head_json":{"title":"Ashwagandha 450mg - India \u017den\u0161enn - Withania somnifera - 7,90\u20ac\/120tbl","description":"Ashwagandha on tuntud peamiselt kui stressileevendaja ning on arvatud adaptogeenide ehk keha tasakaalu viijate hulka. \u00dclikiire tarne.","robots":{"index":"index","follow":"follow","max-snippet":"max-snippet:-1","max-image-preview":"max-image-preview:large","max-video-preview":"max-video-preview:-1"},"canonical":"https:\/\/fit360.ee\/en\/pood\/product-groups\/superfoods-health-foods-en\/ashwagandha-en\/proactive-ashwagandha-120tabs\/","og_locale":"en_US","og_type":"article","og_title":"Ashwagandha 450mg - India \u017den\u0161enn - Withania somnifera - 7,90\u20ac\/120tbl","og_description":"Ashwagandha on tuntud peamiselt kui stressileevendaja ning on arvatud adaptogeenide ehk keha tasakaalu viijate hulka. \u00dclikiire tarne.","og_url":"https:\/\/fit360.ee\/en\/pood\/product-groups\/superfoods-health-foods-en\/ashwagandha-en\/proactive-ashwagandha-120tabs\/","og_site_name":"Fit360","article_modified_time":"2025-12-03T09:40:46+00:00","og_image":[{"width":600,"height":600,"url":"https:\/\/fit360.ee\/wp-content\/uploads\/2019\/07\/ashwagandha-tabletid-fit360.ee_.jpg","type":"image\/jpeg"}],"twitter_card":"summary_large_image","twitter_misc":{"Est. reading time":"2 minutes"},"schema":{"@context":"https:\/\/schema.org","@graph":[{"@type":"WebPage","@id":"https:\/\/fit360.ee\/en\/pood\/product-groups\/superfoods-health-foods-en\/ashwagandha-en\/proactive-ashwagandha-120tabs\/","url":"https:\/\/fit360.ee\/en\/pood\/product-groups\/superfoods-health-foods-en\/ashwagandha-en\/proactive-ashwagandha-120tabs\/","name":"Ashwagandha 450mg - India \u017den\u0161enn - Withania somnifera - 7,90\u20ac\/120tbl","isPartOf":{"@id":"https:\/\/fit360.ee\/en\/#website"},"primaryImageOfPage":{"@id":"https:\/\/fit360.ee\/en\/pood\/product-groups\/superfoods-health-foods-en\/ashwagandha-en\/proactive-ashwagandha-120tabs\/#primaryimage"},"image":{"@id":"https:\/\/fit360.ee\/en\/pood\/product-groups\/superfoods-health-foods-en\/ashwagandha-en\/proactive-ashwagandha-120tabs\/#primaryimage"},"thumbnailUrl":"https:\/\/fit360.ee\/wp-content\/uploads\/2019\/07\/ashwagandha-tabletid-fit360.ee_.jpg","datePublished":"2019-07-08T16:38:59+00:00","dateModified":"2025-12-03T09:40:46+00:00","description":"Ashwagandha on tuntud peamiselt kui stressileevendaja ning on arvatud adaptogeenide ehk keha tasakaalu viijate hulka. \u00dclikiire tarne.","breadcrumb":{"@id":"https:\/\/fit360.ee\/en\/pood\/product-groups\/superfoods-health-foods-en\/ashwagandha-en\/proactive-ashwagandha-120tabs\/#breadcrumb"},"inLanguage":"en-US","potentialAction":[{"@type":"ReadAction","target":["https:\/\/fit360.ee\/en\/pood\/product-groups\/superfoods-health-foods-en\/ashwagandha-en\/proactive-ashwagandha-120tabs\/"]}]},{"@type":"ImageObject","inLanguage":"en-US","@id":"https:\/\/fit360.ee\/en\/pood\/product-groups\/superfoods-health-foods-en\/ashwagandha-en\/proactive-ashwagandha-120tabs\/#primaryimage","url":"https:\/\/fit360.ee\/wp-content\/uploads\/2019\/07\/ashwagandha-tabletid-fit360.ee_.jpg","contentUrl":"https:\/\/fit360.ee\/wp-content\/uploads\/2019\/07\/ashwagandha-tabletid-fit360.ee_.jpg","width":600,"height":600,"caption":"ashwagandha tabletid - fit360.ee"},{"@type":"BreadcrumbList","@id":"https:\/\/fit360.ee\/en\/pood\/product-groups\/superfoods-health-foods-en\/ashwagandha-en\/proactive-ashwagandha-120tabs\/#breadcrumb","itemListElement":[{"@type":"ListItem","position":1,"name":"Home","item":"https:\/\/fit360.ee\/en\/"},{"@type":"ListItem","position":2,"name":"Shop","item":"https:\/\/fit360.ee\/en\/shop\/"},{"@type":"ListItem","position":3,"name":"ProActive Ashwagandha (120tabs)"}]},{"@type":"WebSite","@id":"https:\/\/fit360.ee\/en\/#website","url":"https:\/\/fit360.ee\/en\/","name":"Fit360","description":"","publisher":{"@id":"https:\/\/fit360.ee\/en\/#organization"},"potentialAction":[{"@type":"SearchAction","target":{"@type":"EntryPoint","urlTemplate":"https:\/\/fit360.ee\/en\/?s={search_term_string}"},"query-input":{"@type":"PropertyValueSpecification","valueRequired":true,"valueName":"search_term_string"}}],"inLanguage":"en-US"},{"@type":"Organization","@id":"https:\/\/fit360.ee\/en\/#organization","name":"Fit360","url":"https:\/\/fit360.ee\/en\/","logo":{"@type":"ImageObject","inLanguage":"en-US","@id":"https:\/\/fit360.ee\/en\/#\/schema\/logo\/image\/","url":"https:\/\/fit360.ee\/wp-content\/uploads\/2017\/01\/logo-fit360.png","contentUrl":"https:\/\/fit360.ee\/wp-content\/uploads\/2017\/01\/logo-fit360.png","width":180,"height":66,"caption":"Fit360"},"image":{"@id":"https:\/\/fit360.ee\/en\/#\/schema\/logo\/image\/"}}]}},"_links":{"self":[{"href":"https:\/\/fit360.ee\/en\/wp-json\/wp\/v2\/product\/21172","targetHints":{"allow":["GET"]}}],"collection":[{"href":"https:\/\/fit360.ee\/en\/wp-json\/wp\/v2\/product"}],"about":[{"href":"https:\/\/fit360.ee\/en\/wp-json\/wp\/v2\/types\/product"}],"replies":[{"embeddable":true,"href":"https:\/\/fit360.ee\/en\/wp-json\/wp\/v2\/comments?post=21172"}],"wp:featuredmedia":[{"embeddable":true,"href":"https:\/\/fit360.ee\/en\/wp-json\/wp\/v2\/media\/85270"}],"wp:attachment":[{"href":"https:\/\/fit360.ee\/en\/wp-json\/wp\/v2\/media?parent=21172"}],"wp:term":[{"taxonomy":"product_brand","embeddable":true,"href":"https:\/\/fit360.ee\/en\/wp-json\/wp\/v2\/product_brand?post=21172"},{"taxonomy":"product_cat","embeddable":true,"href":"https:\/\/fit360.ee\/en\/wp-json\/wp\/v2\/product_cat?post=21172"},{"taxonomy":"product_tag","embeddable":true,"href":"https:\/\/fit360.ee\/en\/wp-json\/wp\/v2\/product_tag?post=21172"},{"taxonomy":"giftcard-category","embeddable":true,"href":"https:\/\/fit360.ee\/en\/wp-json\/wp\/v2\/giftcard-category?post=21172"}],"curies":[{"name":"wp","href":"https:\/\/api.w.org\/{rel}","templated":true}]}}