{"id":21540,"date":"2019-08-02T10:57:03","date_gmt":"2019-08-02T08:57:03","guid":{"rendered":"https:\/\/fit360.ee\/pood\/uncategorized\/bb-sugar-hill-leggings-heleroosa\/"},"modified":"2025-08-13T07:37:38","modified_gmt":"2025-08-13T05:37:38","slug":"bb-sugar-hill-leggings-heleroosa","status":"publish","type":"product","link":"https:\/\/fit360.ee\/en\/pood\/training-equipment-en\/fitness-clothing-en\/bb-sugar-hill-leggings-heleroosa\/","title":{"rendered":"BB Sugar Hill Leggings, Heleroosa"},"content":{"rendered":"<p><img decoding=\"async\" src=\"https:\/\/cdn.filestackcontent.com\/cache=expiry:max\/resize=height:600,width:600\/compress\/svuwHjxKSdq8GYPKpV8Q\" alt=\"Sugar Hill Leggings, Pale Pink\" \/><\/p>\n<p><img decoding=\"async\" src=\"https:\/\/cdn.filestackcontent.com\/cache=expiry:max\/resize=height:600,width:600\/compress\/gIPy6u6NQVWw6MWYojFJ\" alt=\"Sugar Hill Leggings, Pale Pink\" \/><\/p>\n<p><img decoding=\"async\" src=\"https:\/\/cdn.filestackcontent.com\/cache=expiry:max\/resize=height:600,width:600\/compress\/MEQS6k2QSv2hnIHpnGTL\" alt=\"Sugar Hill Leggings, Pale Pink\" \/><\/p>\n<p>&nbsp;<\/p>\n","protected":false},"excerpt":{"rendered":"<ul>\n<li>MUGAVAD<\/li>\n<li>STIILSED<\/li>\n<li>\u00d5MBLUSTETA<\/li>\n<\/ul>\n<p>Need roosad <em>leggingsid<\/em> t\u00f5mbavad paralleeli <strong>New Yorgi Sugar Hill&#8217;i<\/strong> piirkonnaga, mille nimi tuleneb Harlemi renessansi magusast elust. Loodud mitme erineva \u00f5mblusteta kudumismeetodi abil, on Sugar Hilli s\u00e4\u00e4rised magusa sobivuse ja mugavuse kombinatsioon. Silmkoeline v\u00f6\u00f6pael pakub \u00fclimat mugavust, tagades samas, et retuusid p\u00fcsivad t\u00e4pselt seal, kuhu j\u00e4tsite.<\/p>\n<p><strong>SOOVITUSED<\/strong>: Sugar Hill leggingsid ei ole k\u00fcki kindlad! Heleda v\u00e4rvi t\u00f5ttu v\u00f5ivad need olla \u00f5hukesed.<\/p>\n<p><strong>Suuruse valik<\/strong>: Kui valid kahe suuruse vahel, siis pigem v\u00f5ta suuremad.<\/p>\n<p><strong>V\u00f6\u00f6koht<\/strong>: K\u00f5rge pikkus 7\/8<\/p>\n<p><strong>Materjal<\/strong>: Must: 92% Pol\u00fcamiid, 8% elastaan; Tumehall: 58% Pol\u00fcester, 35% Pol\u00fcamiid, 7% Elastaan; Tumesinine: 58% Pol\u00fcester, 35% Pol\u00fcamiid, 7% Elastaan; Heleroosa: 70% Pol\u00fcamiid, 23% Pol\u00fcester, 7% Elastaan.<\/p>\n<p><strong>SUURUSED<\/strong>:<br \/>\nXS = 55 cm, S = 57 cm, M = 59 cm, L = 61 cm<br \/>\nXS = 21 2\/3\u201d, S = 22 4\/9\u201d, M = 23 2\/9\u201d, L = 24\u201d<\/p>\n<p>&nbsp;<\/p>\n<p>&nbsp;<\/p>\n<p>&nbsp;<\/p>\n","protected":false},"featured_media":21535,"comment_status":"open","ping_status":"closed","template":"","meta":[],"product_brand":[],"product_cat":[547,538],"product_tag":[],"giftcard-category":[],"class_list":{"0":"post-21540","1":"product","2":"type-product","3":"status-publish","4":"has-post-thumbnail","6":"product_cat-fitness-clothing-en","7":"product_cat-training-equipment-en","8":"pa_suurus-l","9":"pa_suurus-m","10":"pa_suurus-s","11":"pa_suurus-xs","13":"first","14":"instock","15":"sale","16":"taxable","17":"shipping-taxable","18":"purchasable","19":"product-type-variable"},"yoast_head":"<!-- This site is optimized with the Yoast SEO plugin v27.3 - https:\/\/yoast.com\/product\/yoast-seo-wordpress\/ -->\n<title>BB Sugar Hill Leggings, Heleroosa - Fit360<\/title>\n<meta name=\"robots\" content=\"index, follow, max-snippet:-1, max-image-preview:large, max-video-preview:-1\" \/>\n<link rel=\"canonical\" href=\"https:\/\/fit360.ee\/en\/pood\/training-equipment-en\/fitness-clothing-en\/bb-sugar-hill-leggings-heleroosa\/\" \/>\n<meta property=\"og:locale\" content=\"en_US\" \/>\n<meta property=\"og:type\" content=\"article\" \/>\n<meta property=\"og:title\" content=\"BB Sugar Hill Leggings, Heleroosa - Fit360\" \/>\n<meta property=\"og:description\" content=\"MUGAVAD  STIILSED  \u00d5MBLUSTETA  Need roosad leggingsid t\u00f5mbavad paralleeli New Yorgi Sugar Hill&#039;i piirkonnaga, mille nimi tuleneb Harlemi renessansi magusast elust. Loodud mitme erineva \u00f5mblusteta kudumismeetodi abil, on Sugar Hilli s\u00e4\u00e4rised magusa sobivuse ja mugavuse kombinatsioon. Silmkoeline v\u00f6\u00f6pael pakub \u00fclimat mugavust, tagades samas, et retuusid p\u00fcsivad t\u00e4pselt seal, kuhu j\u00e4tsite.  SOOVITUSED: Sugar Hill leggingsid ei ole k\u00fcki kindlad! Heleda v\u00e4rvi t\u00f5ttu v\u00f5ivad need olla \u00f5hukesed.  Suuruse valik: Kui valid kahe suuruse vahel, siis pigem v\u00f5ta suuremad.  V\u00f6\u00f6koht: K\u00f5rge pikkus 7\/8  Materjal: Must: 92% Pol\u00fcamiid, 8% elastaan; Tumehall: 58% Pol\u00fcester, 35% Pol\u00fcamiid, 7% Elastaan; Tumesinine: 58% Pol\u00fcester, 35% Pol\u00fcamiid, 7% Elastaan; Heleroosa: 70% Pol\u00fcamiid, 23% Pol\u00fcester, 7% Elastaan.  SUURUSED: XS = 55 cm, S = 57 cm, M = 59 cm, L = 61 cm XS = 21 2\/3\u201d, S = 22 4\/9\u201d, M = 23 2\/9\u201d, L = 24\u201d  &nbsp;  &nbsp;  &nbsp;\" \/>\n<meta property=\"og:url\" content=\"https:\/\/fit360.ee\/en\/pood\/training-equipment-en\/fitness-clothing-en\/bb-sugar-hill-leggings-heleroosa\/\" \/>\n<meta property=\"og:site_name\" content=\"Fit360\" \/>\n<meta property=\"article:modified_time\" content=\"2025-08-13T05:37:38+00:00\" \/>\n<meta property=\"og:image\" content=\"https:\/\/fit360.ee\/wp-content\/uploads\/2019\/08\/sugar-hill-leggings-roosa-1.jpg\" \/>\n\t<meta property=\"og:image:width\" content=\"1440\" \/>\n\t<meta property=\"og:image:height\" content=\"1440\" \/>\n\t<meta property=\"og:image:type\" content=\"image\/jpeg\" \/>\n<meta name=\"twitter:card\" content=\"summary_large_image\" \/>\n<script type=\"application\/ld+json\" class=\"yoast-schema-graph\">{\"@context\":\"https:\\\/\\\/schema.org\",\"@graph\":[{\"@type\":\"WebPage\",\"@id\":\"https:\\\/\\\/fit360.ee\\\/en\\\/pood\\\/training-equipment-en\\\/fitness-clothing-en\\\/bb-sugar-hill-leggings-heleroosa\\\/\",\"url\":\"https:\\\/\\\/fit360.ee\\\/en\\\/pood\\\/training-equipment-en\\\/fitness-clothing-en\\\/bb-sugar-hill-leggings-heleroosa\\\/\",\"name\":\"BB Sugar Hill Leggings, Heleroosa - Fit360\",\"isPartOf\":{\"@id\":\"https:\\\/\\\/fit360.ee\\\/en\\\/#website\"},\"primaryImageOfPage\":{\"@id\":\"https:\\\/\\\/fit360.ee\\\/en\\\/pood\\\/training-equipment-en\\\/fitness-clothing-en\\\/bb-sugar-hill-leggings-heleroosa\\\/#primaryimage\"},\"image\":{\"@id\":\"https:\\\/\\\/fit360.ee\\\/en\\\/pood\\\/training-equipment-en\\\/fitness-clothing-en\\\/bb-sugar-hill-leggings-heleroosa\\\/#primaryimage\"},\"thumbnailUrl\":\"https:\\\/\\\/fit360.ee\\\/wp-content\\\/uploads\\\/2019\\\/08\\\/sugar-hill-leggings-roosa-1.jpg\",\"datePublished\":\"2019-08-02T08:57:03+00:00\",\"dateModified\":\"2025-08-13T05:37:38+00:00\",\"breadcrumb\":{\"@id\":\"https:\\\/\\\/fit360.ee\\\/en\\\/pood\\\/training-equipment-en\\\/fitness-clothing-en\\\/bb-sugar-hill-leggings-heleroosa\\\/#breadcrumb\"},\"inLanguage\":\"en-US\",\"potentialAction\":[{\"@type\":\"ReadAction\",\"target\":[\"https:\\\/\\\/fit360.ee\\\/en\\\/pood\\\/training-equipment-en\\\/fitness-clothing-en\\\/bb-sugar-hill-leggings-heleroosa\\\/\"]}]},{\"@type\":\"ImageObject\",\"inLanguage\":\"en-US\",\"@id\":\"https:\\\/\\\/fit360.ee\\\/en\\\/pood\\\/training-equipment-en\\\/fitness-clothing-en\\\/bb-sugar-hill-leggings-heleroosa\\\/#primaryimage\",\"url\":\"https:\\\/\\\/fit360.ee\\\/wp-content\\\/uploads\\\/2019\\\/08\\\/sugar-hill-leggings-roosa-1.jpg\",\"contentUrl\":\"https:\\\/\\\/fit360.ee\\\/wp-content\\\/uploads\\\/2019\\\/08\\\/sugar-hill-leggings-roosa-1.jpg\",\"width\":1440,\"height\":1440},{\"@type\":\"BreadcrumbList\",\"@id\":\"https:\\\/\\\/fit360.ee\\\/en\\\/pood\\\/training-equipment-en\\\/fitness-clothing-en\\\/bb-sugar-hill-leggings-heleroosa\\\/#breadcrumb\",\"itemListElement\":[{\"@type\":\"ListItem\",\"position\":1,\"name\":\"Home\",\"item\":\"https:\\\/\\\/fit360.ee\\\/en\\\/\"},{\"@type\":\"ListItem\",\"position\":2,\"name\":\"Shop\",\"item\":\"https:\\\/\\\/fit360.ee\\\/en\\\/shop\\\/\"},{\"@type\":\"ListItem\",\"position\":3,\"name\":\"BB Sugar Hill Leggings, Heleroosa\"}]},{\"@type\":\"WebSite\",\"@id\":\"https:\\\/\\\/fit360.ee\\\/en\\\/#website\",\"url\":\"https:\\\/\\\/fit360.ee\\\/en\\\/\",\"name\":\"Fit360\",\"description\":\"\",\"publisher\":{\"@id\":\"https:\\\/\\\/fit360.ee\\\/en\\\/#organization\"},\"potentialAction\":[{\"@type\":\"SearchAction\",\"target\":{\"@type\":\"EntryPoint\",\"urlTemplate\":\"https:\\\/\\\/fit360.ee\\\/en\\\/?s={search_term_string}\"},\"query-input\":{\"@type\":\"PropertyValueSpecification\",\"valueRequired\":true,\"valueName\":\"search_term_string\"}}],\"inLanguage\":\"en-US\"},{\"@type\":\"Organization\",\"@id\":\"https:\\\/\\\/fit360.ee\\\/en\\\/#organization\",\"name\":\"Fit360\",\"url\":\"https:\\\/\\\/fit360.ee\\\/en\\\/\",\"logo\":{\"@type\":\"ImageObject\",\"inLanguage\":\"en-US\",\"@id\":\"https:\\\/\\\/fit360.ee\\\/en\\\/#\\\/schema\\\/logo\\\/image\\\/\",\"url\":\"https:\\\/\\\/fit360.ee\\\/wp-content\\\/uploads\\\/2017\\\/01\\\/logo-fit360.png\",\"contentUrl\":\"https:\\\/\\\/fit360.ee\\\/wp-content\\\/uploads\\\/2017\\\/01\\\/logo-fit360.png\",\"width\":180,\"height\":66,\"caption\":\"Fit360\"},\"image\":{\"@id\":\"https:\\\/\\\/fit360.ee\\\/en\\\/#\\\/schema\\\/logo\\\/image\\\/\"}}]}<\/script>\n<!-- \/ Yoast SEO plugin. -->","yoast_head_json":{"title":"BB Sugar Hill Leggings, Heleroosa - Fit360","robots":{"index":"index","follow":"follow","max-snippet":"max-snippet:-1","max-image-preview":"max-image-preview:large","max-video-preview":"max-video-preview:-1"},"canonical":"https:\/\/fit360.ee\/en\/pood\/training-equipment-en\/fitness-clothing-en\/bb-sugar-hill-leggings-heleroosa\/","og_locale":"en_US","og_type":"article","og_title":"BB Sugar Hill Leggings, Heleroosa - Fit360","og_description":"MUGAVAD  STIILSED  \u00d5MBLUSTETA  Need roosad leggingsid t\u00f5mbavad paralleeli New Yorgi Sugar Hill'i piirkonnaga, mille nimi tuleneb Harlemi renessansi magusast elust. Loodud mitme erineva \u00f5mblusteta kudumismeetodi abil, on Sugar Hilli s\u00e4\u00e4rised magusa sobivuse ja mugavuse kombinatsioon. Silmkoeline v\u00f6\u00f6pael pakub \u00fclimat mugavust, tagades samas, et retuusid p\u00fcsivad t\u00e4pselt seal, kuhu j\u00e4tsite.  SOOVITUSED: Sugar Hill leggingsid ei ole k\u00fcki kindlad! Heleda v\u00e4rvi t\u00f5ttu v\u00f5ivad need olla \u00f5hukesed.  Suuruse valik: Kui valid kahe suuruse vahel, siis pigem v\u00f5ta suuremad.  V\u00f6\u00f6koht: K\u00f5rge pikkus 7\/8  Materjal: Must: 92% Pol\u00fcamiid, 8% elastaan; Tumehall: 58% Pol\u00fcester, 35% Pol\u00fcamiid, 7% Elastaan; Tumesinine: 58% Pol\u00fcester, 35% Pol\u00fcamiid, 7% Elastaan; Heleroosa: 70% Pol\u00fcamiid, 23% Pol\u00fcester, 7% Elastaan.  SUURUSED: XS = 55 cm, S = 57 cm, M = 59 cm, L = 61 cm XS = 21 2\/3\u201d, S = 22 4\/9\u201d, M = 23 2\/9\u201d, L = 24\u201d  &nbsp;  &nbsp;  &nbsp;","og_url":"https:\/\/fit360.ee\/en\/pood\/training-equipment-en\/fitness-clothing-en\/bb-sugar-hill-leggings-heleroosa\/","og_site_name":"Fit360","article_modified_time":"2025-08-13T05:37:38+00:00","og_image":[{"width":1440,"height":1440,"url":"https:\/\/fit360.ee\/wp-content\/uploads\/2019\/08\/sugar-hill-leggings-roosa-1.jpg","type":"image\/jpeg"}],"twitter_card":"summary_large_image","schema":{"@context":"https:\/\/schema.org","@graph":[{"@type":"WebPage","@id":"https:\/\/fit360.ee\/en\/pood\/training-equipment-en\/fitness-clothing-en\/bb-sugar-hill-leggings-heleroosa\/","url":"https:\/\/fit360.ee\/en\/pood\/training-equipment-en\/fitness-clothing-en\/bb-sugar-hill-leggings-heleroosa\/","name":"BB Sugar Hill Leggings, Heleroosa - Fit360","isPartOf":{"@id":"https:\/\/fit360.ee\/en\/#website"},"primaryImageOfPage":{"@id":"https:\/\/fit360.ee\/en\/pood\/training-equipment-en\/fitness-clothing-en\/bb-sugar-hill-leggings-heleroosa\/#primaryimage"},"image":{"@id":"https:\/\/fit360.ee\/en\/pood\/training-equipment-en\/fitness-clothing-en\/bb-sugar-hill-leggings-heleroosa\/#primaryimage"},"thumbnailUrl":"https:\/\/fit360.ee\/wp-content\/uploads\/2019\/08\/sugar-hill-leggings-roosa-1.jpg","datePublished":"2019-08-02T08:57:03+00:00","dateModified":"2025-08-13T05:37:38+00:00","breadcrumb":{"@id":"https:\/\/fit360.ee\/en\/pood\/training-equipment-en\/fitness-clothing-en\/bb-sugar-hill-leggings-heleroosa\/#breadcrumb"},"inLanguage":"en-US","potentialAction":[{"@type":"ReadAction","target":["https:\/\/fit360.ee\/en\/pood\/training-equipment-en\/fitness-clothing-en\/bb-sugar-hill-leggings-heleroosa\/"]}]},{"@type":"ImageObject","inLanguage":"en-US","@id":"https:\/\/fit360.ee\/en\/pood\/training-equipment-en\/fitness-clothing-en\/bb-sugar-hill-leggings-heleroosa\/#primaryimage","url":"https:\/\/fit360.ee\/wp-content\/uploads\/2019\/08\/sugar-hill-leggings-roosa-1.jpg","contentUrl":"https:\/\/fit360.ee\/wp-content\/uploads\/2019\/08\/sugar-hill-leggings-roosa-1.jpg","width":1440,"height":1440},{"@type":"BreadcrumbList","@id":"https:\/\/fit360.ee\/en\/pood\/training-equipment-en\/fitness-clothing-en\/bb-sugar-hill-leggings-heleroosa\/#breadcrumb","itemListElement":[{"@type":"ListItem","position":1,"name":"Home","item":"https:\/\/fit360.ee\/en\/"},{"@type":"ListItem","position":2,"name":"Shop","item":"https:\/\/fit360.ee\/en\/shop\/"},{"@type":"ListItem","position":3,"name":"BB Sugar Hill Leggings, Heleroosa"}]},{"@type":"WebSite","@id":"https:\/\/fit360.ee\/en\/#website","url":"https:\/\/fit360.ee\/en\/","name":"Fit360","description":"","publisher":{"@id":"https:\/\/fit360.ee\/en\/#organization"},"potentialAction":[{"@type":"SearchAction","target":{"@type":"EntryPoint","urlTemplate":"https:\/\/fit360.ee\/en\/?s={search_term_string}"},"query-input":{"@type":"PropertyValueSpecification","valueRequired":true,"valueName":"search_term_string"}}],"inLanguage":"en-US"},{"@type":"Organization","@id":"https:\/\/fit360.ee\/en\/#organization","name":"Fit360","url":"https:\/\/fit360.ee\/en\/","logo":{"@type":"ImageObject","inLanguage":"en-US","@id":"https:\/\/fit360.ee\/en\/#\/schema\/logo\/image\/","url":"https:\/\/fit360.ee\/wp-content\/uploads\/2017\/01\/logo-fit360.png","contentUrl":"https:\/\/fit360.ee\/wp-content\/uploads\/2017\/01\/logo-fit360.png","width":180,"height":66,"caption":"Fit360"},"image":{"@id":"https:\/\/fit360.ee\/en\/#\/schema\/logo\/image\/"}}]}},"_links":{"self":[{"href":"https:\/\/fit360.ee\/en\/wp-json\/wp\/v2\/product\/21540","targetHints":{"allow":["GET"]}}],"collection":[{"href":"https:\/\/fit360.ee\/en\/wp-json\/wp\/v2\/product"}],"about":[{"href":"https:\/\/fit360.ee\/en\/wp-json\/wp\/v2\/types\/product"}],"replies":[{"embeddable":true,"href":"https:\/\/fit360.ee\/en\/wp-json\/wp\/v2\/comments?post=21540"}],"wp:featuredmedia":[{"embeddable":true,"href":"https:\/\/fit360.ee\/en\/wp-json\/wp\/v2\/media\/21535"}],"wp:attachment":[{"href":"https:\/\/fit360.ee\/en\/wp-json\/wp\/v2\/media?parent=21540"}],"wp:term":[{"taxonomy":"product_brand","embeddable":true,"href":"https:\/\/fit360.ee\/en\/wp-json\/wp\/v2\/product_brand?post=21540"},{"taxonomy":"product_cat","embeddable":true,"href":"https:\/\/fit360.ee\/en\/wp-json\/wp\/v2\/product_cat?post=21540"},{"taxonomy":"product_tag","embeddable":true,"href":"https:\/\/fit360.ee\/en\/wp-json\/wp\/v2\/product_tag?post=21540"},{"taxonomy":"giftcard-category","embeddable":true,"href":"https:\/\/fit360.ee\/en\/wp-json\/wp\/v2\/giftcard-category?post=21540"}],"curies":[{"name":"wp","href":"https:\/\/api.w.org\/{rel}","templated":true}]}}