{"id":21927,"date":"2019-08-09T11:00:03","date_gmt":"2019-08-09T09:00:03","guid":{"rendered":"https:\/\/fit360.ee\/pood\/uncategorized\/universal-animal-whey-isolate-loaded-5lbs-2300g\/"},"modified":"2025-08-13T07:36:38","modified_gmt":"2025-08-13T05:36:38","slug":"universal-animal-whey-isolate-loaded-5lbs-2300g","status":"publish","type":"product","link":"https:\/\/fit360.ee\/en\/pood\/product-groups\/protein-poweders-en\/whey-protein-en\/universal-animal-whey-isolate-loaded-5lbs-2300g\/","title":{"rendered":"UNIVERSAL Animal Whey Isolate Loaded (5lbs &#8211; 2300g)"},"content":{"rendered":"<h1><strong>UNIVERSAL Animal Whey Isolate Loaded &#8211; k\u00f5rgeima klassiga proteiinipulber!<\/strong><\/h1>\n<p><a href=\"https:\/\/fit360.ee\/wp-content\/uploads\/2019\/08\/animalwhey3.jpg\"><img loading=\"lazy\" decoding=\"async\" class=\"alignnone size-medium wp-image-21931\" src=\"https:\/\/fit360.ee\/wp-content\/uploads\/2019\/08\/animalwhey3.jpg\" alt=\"\" width=\"496\" height=\"800\" srcset=\"https:\/\/fit360.ee\/wp-content\/uploads\/2019\/08\/animalwhey3.jpg 830w, https:\/\/fit360.ee\/wp-content\/uploads\/2019\/08\/animalwhey3-510x823.jpg 510w\" sizes=\"auto, (max-width: 496px) 100vw, 496px\" \/><\/a><\/p>\n<p><a href=\"https:\/\/fit360.ee\/wp-content\/uploads\/2019\/08\/animalwhey4.jpg\"><img loading=\"lazy\" decoding=\"async\" class=\"alignnone size-medium wp-image-21933\" src=\"https:\/\/fit360.ee\/wp-content\/uploads\/2019\/08\/animalwhey4.jpg\" alt=\"\" width=\"574\" height=\"800\" srcset=\"https:\/\/fit360.ee\/wp-content\/uploads\/2019\/08\/animalwhey4.jpg 812w, https:\/\/fit360.ee\/wp-content\/uploads\/2019\/08\/animalwhey4-510x711.jpg 510w\" sizes=\"auto, (max-width: 574px) 100vw, 574px\" \/><\/a><\/p>\n<p><a href=\"https:\/\/fit360.ee\/wp-content\/uploads\/2019\/08\/Universal_NutritionAnimal_Whey_Isolate_Loaded_5_lbs_2.3_kg_ing-1-scaled.jpg\"><img loading=\"lazy\" decoding=\"async\" class=\"alignnone size-medium wp-image-21935\" src=\"https:\/\/fit360.ee\/wp-content\/uploads\/2019\/08\/Universal_NutritionAnimal_Whey_Isolate_Loaded_5_lbs_2.3_kg_ing-1-scaled.jpg\" alt=\"\" width=\"235\" height=\"800\" srcset=\"https:\/\/fit360.ee\/wp-content\/uploads\/2019\/08\/Universal_NutritionAnimal_Whey_Isolate_Loaded_5_lbs_2.3_kg_ing-1-scaled.jpg 752w, https:\/\/fit360.ee\/wp-content\/uploads\/2019\/08\/Universal_NutritionAnimal_Whey_Isolate_Loaded_5_lbs_2.3_kg_ing-1-scaled-510x1736.jpg 510w\" sizes=\"auto, (max-width: 235px) 100vw, 235px\" \/><\/a><\/p>\n<p><strong>Kasutamine<\/strong>: 1-2 m\u00f5\u00f5telusikat\u00e4it peale treeningut v\u00f5i s\u00f6\u00f6gikordade vahel p\u00e4evas.<\/p>\n<p><strong>Suurus<\/strong>: 2300g<\/p>\n<p><strong>Maitsed<\/strong>: Maasikas, \u0161okolaad, vanilje<\/p>\n<p>Soovid teha suuremat tellimust? Vaata antud toodet meie HULGI lehelt\u00a0<a href=\"https:\/\/toidulisandidhulgi.ee\/product\/universal-animal\u2026oaded-5lbs-2300g\/\"><strong>SIIT<\/strong><\/a>!<\/p>\n","protected":false},"excerpt":{"rendered":"<h2><strong>ANIMAL WHEY proteiinipulber<\/strong>:<\/h2>\n<ul>\n<li>Suurep\u00e4rased maitsed<\/li>\n<li>Lisatud seedeens\u00fc\u00fcmid, mis parandavad imendumist ja seeditavust<\/li>\n<li>Lisatud suur kogus k\u00f5rgkvaliteetset Vadakuvalgu isolaati<\/li>\n<li>Parim ja usaldusv\u00e4\u00e4rseim kvaliteet<\/li>\n<\/ul>\n<p>Maailma kuulsaim toidulisandi brand on teinud toote, mida inimesed on aastaid oodanud &#8211; <strong>ANIMAL WHEY<\/strong>! Valgusegu mikrofiltreeritud vadakuvalgu isolaadist, millele on lisatud mikrofiltreeritud vadakuvalgu konsentraati. Seda on omakorda t\u00e4iendatud k\u00f5rgkvaliteetsete seedeens\u00fc\u00fcmide &#8211; <strong>papaiin<\/strong> ja <strong>bromelainiga<\/strong>.<\/p>\n<p>&nbsp;<\/p>\n","protected":false},"featured_media":21924,"comment_status":"open","ping_status":"closed","template":"","meta":[],"product_brand":[],"product_cat":[535,1390,2420,2424],"product_tag":[1736,1668,1670],"giftcard-category":[],"class_list":{"0":"post-21927","1":"product","2":"type-product","3":"status-publish","4":"has-post-thumbnail","6":"product_cat-protein-poweders-en","7":"product_cat-universal-en","8":"product_cat-whey-protein-en","9":"product_cat-whey-isolate-protein-en","10":"product_tag-animal-whey-en","11":"product_tag-proteiinipulber-en","12":"product_tag-valgupulber-en","13":"pa_maitse-chocolate","14":"pa_maitse-cookie","15":"pa_maitse-strawberry-2","16":"pa_maitse-vanilli","18":"first","19":"outofstock","20":"sale","21":"taxable","22":"shipping-taxable","23":"purchasable","24":"product-type-variable"},"yoast_head":"<!-- This site is optimized with the Yoast SEO plugin v27.3 - https:\/\/yoast.com\/product\/yoast-seo-wordpress\/ -->\n<title>Universal Animal Whey (2300g) - Tarne:1-3 p\u00e4eva - Kvaliteet proteiinipulber<\/title>\n<meta name=\"description\" content=\"Animal Whey on tipp-kvaliteediga valgupulber maailma nr. 1 toidulisandi tootjalt! Suur kogus vadakuvalgu isolaati. Lisatud seedeens\u00fc\u00fcme.\" \/>\n<meta name=\"robots\" content=\"index, follow, max-snippet:-1, max-image-preview:large, max-video-preview:-1\" \/>\n<link rel=\"canonical\" href=\"https:\/\/fit360.ee\/en\/pood\/product-groups\/protein-poweders-en\/whey-protein-en\/universal-animal-whey-isolate-loaded-5lbs-2300g\/\" \/>\n<meta property=\"og:locale\" content=\"en_US\" \/>\n<meta property=\"og:type\" content=\"article\" \/>\n<meta property=\"og:title\" content=\"Universal Animal Whey (2300g) - Tarne:1-3 p\u00e4eva - Kvaliteet proteiinipulber\" \/>\n<meta property=\"og:description\" content=\"Animal Whey on tipp-kvaliteediga valgupulber maailma nr. 1 toidulisandi tootjalt! Suur kogus vadakuvalgu isolaati. Lisatud seedeens\u00fc\u00fcme.\" \/>\n<meta property=\"og:url\" content=\"https:\/\/fit360.ee\/en\/pood\/product-groups\/protein-poweders-en\/whey-protein-en\/universal-animal-whey-isolate-loaded-5lbs-2300g\/\" \/>\n<meta property=\"og:site_name\" content=\"Fit360\" \/>\n<meta property=\"article:modified_time\" content=\"2025-08-13T05:36:38+00:00\" \/>\n<meta property=\"og:image\" content=\"https:\/\/fit360.ee\/wp-content\/uploads\/2019\/08\/animal-whey.jpg\" \/>\n\t<meta property=\"og:image:width\" content=\"700\" \/>\n\t<meta property=\"og:image:height\" content=\"700\" \/>\n\t<meta property=\"og:image:type\" content=\"image\/jpeg\" \/>\n<meta name=\"twitter:card\" content=\"summary_large_image\" \/>\n<meta name=\"twitter:label1\" content=\"Est. reading time\" \/>\n\t<meta name=\"twitter:data1\" content=\"1 minute\" \/>\n<script type=\"application\/ld+json\" class=\"yoast-schema-graph\">{\"@context\":\"https:\\\/\\\/schema.org\",\"@graph\":[{\"@type\":\"WebPage\",\"@id\":\"https:\\\/\\\/fit360.ee\\\/en\\\/pood\\\/product-groups\\\/protein-poweders-en\\\/whey-protein-en\\\/universal-animal-whey-isolate-loaded-5lbs-2300g\\\/\",\"url\":\"https:\\\/\\\/fit360.ee\\\/en\\\/pood\\\/product-groups\\\/protein-poweders-en\\\/whey-protein-en\\\/universal-animal-whey-isolate-loaded-5lbs-2300g\\\/\",\"name\":\"Universal Animal Whey (2300g) - Tarne:1-3 p\u00e4eva - Kvaliteet proteiinipulber\",\"isPartOf\":{\"@id\":\"https:\\\/\\\/fit360.ee\\\/en\\\/#website\"},\"primaryImageOfPage\":{\"@id\":\"https:\\\/\\\/fit360.ee\\\/en\\\/pood\\\/product-groups\\\/protein-poweders-en\\\/whey-protein-en\\\/universal-animal-whey-isolate-loaded-5lbs-2300g\\\/#primaryimage\"},\"image\":{\"@id\":\"https:\\\/\\\/fit360.ee\\\/en\\\/pood\\\/product-groups\\\/protein-poweders-en\\\/whey-protein-en\\\/universal-animal-whey-isolate-loaded-5lbs-2300g\\\/#primaryimage\"},\"thumbnailUrl\":\"https:\\\/\\\/fit360.ee\\\/wp-content\\\/uploads\\\/2019\\\/08\\\/animal-whey.jpg\",\"datePublished\":\"2019-08-09T09:00:03+00:00\",\"dateModified\":\"2025-08-13T05:36:38+00:00\",\"description\":\"Animal Whey on tipp-kvaliteediga valgupulber maailma nr. 1 toidulisandi tootjalt! Suur kogus vadakuvalgu isolaati. Lisatud seedeens\u00fc\u00fcme.\",\"breadcrumb\":{\"@id\":\"https:\\\/\\\/fit360.ee\\\/en\\\/pood\\\/product-groups\\\/protein-poweders-en\\\/whey-protein-en\\\/universal-animal-whey-isolate-loaded-5lbs-2300g\\\/#breadcrumb\"},\"inLanguage\":\"en-US\",\"potentialAction\":[{\"@type\":\"ReadAction\",\"target\":[\"https:\\\/\\\/fit360.ee\\\/en\\\/pood\\\/product-groups\\\/protein-poweders-en\\\/whey-protein-en\\\/universal-animal-whey-isolate-loaded-5lbs-2300g\\\/\"]}]},{\"@type\":\"ImageObject\",\"inLanguage\":\"en-US\",\"@id\":\"https:\\\/\\\/fit360.ee\\\/en\\\/pood\\\/product-groups\\\/protein-poweders-en\\\/whey-protein-en\\\/universal-animal-whey-isolate-loaded-5lbs-2300g\\\/#primaryimage\",\"url\":\"https:\\\/\\\/fit360.ee\\\/wp-content\\\/uploads\\\/2019\\\/08\\\/animal-whey.jpg\",\"contentUrl\":\"https:\\\/\\\/fit360.ee\\\/wp-content\\\/uploads\\\/2019\\\/08\\\/animal-whey.jpg\",\"width\":700,\"height\":700,\"caption\":\"maailma tasemel proteiinipulber - UNIVERSAL kvaliteet\"},{\"@type\":\"BreadcrumbList\",\"@id\":\"https:\\\/\\\/fit360.ee\\\/en\\\/pood\\\/product-groups\\\/protein-poweders-en\\\/whey-protein-en\\\/universal-animal-whey-isolate-loaded-5lbs-2300g\\\/#breadcrumb\",\"itemListElement\":[{\"@type\":\"ListItem\",\"position\":1,\"name\":\"Home\",\"item\":\"https:\\\/\\\/fit360.ee\\\/en\\\/\"},{\"@type\":\"ListItem\",\"position\":2,\"name\":\"Shop\",\"item\":\"https:\\\/\\\/fit360.ee\\\/en\\\/shop\\\/\"},{\"@type\":\"ListItem\",\"position\":3,\"name\":\"UNIVERSAL Animal Whey Isolate Loaded (5lbs &#8211; 2300g)\"}]},{\"@type\":\"WebSite\",\"@id\":\"https:\\\/\\\/fit360.ee\\\/en\\\/#website\",\"url\":\"https:\\\/\\\/fit360.ee\\\/en\\\/\",\"name\":\"Fit360\",\"description\":\"\",\"publisher\":{\"@id\":\"https:\\\/\\\/fit360.ee\\\/en\\\/#organization\"},\"potentialAction\":[{\"@type\":\"SearchAction\",\"target\":{\"@type\":\"EntryPoint\",\"urlTemplate\":\"https:\\\/\\\/fit360.ee\\\/en\\\/?s={search_term_string}\"},\"query-input\":{\"@type\":\"PropertyValueSpecification\",\"valueRequired\":true,\"valueName\":\"search_term_string\"}}],\"inLanguage\":\"en-US\"},{\"@type\":\"Organization\",\"@id\":\"https:\\\/\\\/fit360.ee\\\/en\\\/#organization\",\"name\":\"Fit360\",\"url\":\"https:\\\/\\\/fit360.ee\\\/en\\\/\",\"logo\":{\"@type\":\"ImageObject\",\"inLanguage\":\"en-US\",\"@id\":\"https:\\\/\\\/fit360.ee\\\/en\\\/#\\\/schema\\\/logo\\\/image\\\/\",\"url\":\"https:\\\/\\\/fit360.ee\\\/wp-content\\\/uploads\\\/2017\\\/01\\\/logo-fit360.png\",\"contentUrl\":\"https:\\\/\\\/fit360.ee\\\/wp-content\\\/uploads\\\/2017\\\/01\\\/logo-fit360.png\",\"width\":180,\"height\":66,\"caption\":\"Fit360\"},\"image\":{\"@id\":\"https:\\\/\\\/fit360.ee\\\/en\\\/#\\\/schema\\\/logo\\\/image\\\/\"}}]}<\/script>\n<!-- \/ Yoast SEO plugin. -->","yoast_head_json":{"title":"Universal Animal Whey (2300g) - Tarne:1-3 p\u00e4eva - Kvaliteet proteiinipulber","description":"Animal Whey on tipp-kvaliteediga valgupulber maailma nr. 1 toidulisandi tootjalt! Suur kogus vadakuvalgu isolaati. Lisatud seedeens\u00fc\u00fcme.","robots":{"index":"index","follow":"follow","max-snippet":"max-snippet:-1","max-image-preview":"max-image-preview:large","max-video-preview":"max-video-preview:-1"},"canonical":"https:\/\/fit360.ee\/en\/pood\/product-groups\/protein-poweders-en\/whey-protein-en\/universal-animal-whey-isolate-loaded-5lbs-2300g\/","og_locale":"en_US","og_type":"article","og_title":"Universal Animal Whey (2300g) - Tarne:1-3 p\u00e4eva - Kvaliteet proteiinipulber","og_description":"Animal Whey on tipp-kvaliteediga valgupulber maailma nr. 1 toidulisandi tootjalt! Suur kogus vadakuvalgu isolaati. Lisatud seedeens\u00fc\u00fcme.","og_url":"https:\/\/fit360.ee\/en\/pood\/product-groups\/protein-poweders-en\/whey-protein-en\/universal-animal-whey-isolate-loaded-5lbs-2300g\/","og_site_name":"Fit360","article_modified_time":"2025-08-13T05:36:38+00:00","og_image":[{"width":700,"height":700,"url":"https:\/\/fit360.ee\/wp-content\/uploads\/2019\/08\/animal-whey.jpg","type":"image\/jpeg"}],"twitter_card":"summary_large_image","twitter_misc":{"Est. reading time":"1 minute"},"schema":{"@context":"https:\/\/schema.org","@graph":[{"@type":"WebPage","@id":"https:\/\/fit360.ee\/en\/pood\/product-groups\/protein-poweders-en\/whey-protein-en\/universal-animal-whey-isolate-loaded-5lbs-2300g\/","url":"https:\/\/fit360.ee\/en\/pood\/product-groups\/protein-poweders-en\/whey-protein-en\/universal-animal-whey-isolate-loaded-5lbs-2300g\/","name":"Universal Animal Whey (2300g) - Tarne:1-3 p\u00e4eva - Kvaliteet proteiinipulber","isPartOf":{"@id":"https:\/\/fit360.ee\/en\/#website"},"primaryImageOfPage":{"@id":"https:\/\/fit360.ee\/en\/pood\/product-groups\/protein-poweders-en\/whey-protein-en\/universal-animal-whey-isolate-loaded-5lbs-2300g\/#primaryimage"},"image":{"@id":"https:\/\/fit360.ee\/en\/pood\/product-groups\/protein-poweders-en\/whey-protein-en\/universal-animal-whey-isolate-loaded-5lbs-2300g\/#primaryimage"},"thumbnailUrl":"https:\/\/fit360.ee\/wp-content\/uploads\/2019\/08\/animal-whey.jpg","datePublished":"2019-08-09T09:00:03+00:00","dateModified":"2025-08-13T05:36:38+00:00","description":"Animal Whey on tipp-kvaliteediga valgupulber maailma nr. 1 toidulisandi tootjalt! Suur kogus vadakuvalgu isolaati. Lisatud seedeens\u00fc\u00fcme.","breadcrumb":{"@id":"https:\/\/fit360.ee\/en\/pood\/product-groups\/protein-poweders-en\/whey-protein-en\/universal-animal-whey-isolate-loaded-5lbs-2300g\/#breadcrumb"},"inLanguage":"en-US","potentialAction":[{"@type":"ReadAction","target":["https:\/\/fit360.ee\/en\/pood\/product-groups\/protein-poweders-en\/whey-protein-en\/universal-animal-whey-isolate-loaded-5lbs-2300g\/"]}]},{"@type":"ImageObject","inLanguage":"en-US","@id":"https:\/\/fit360.ee\/en\/pood\/product-groups\/protein-poweders-en\/whey-protein-en\/universal-animal-whey-isolate-loaded-5lbs-2300g\/#primaryimage","url":"https:\/\/fit360.ee\/wp-content\/uploads\/2019\/08\/animal-whey.jpg","contentUrl":"https:\/\/fit360.ee\/wp-content\/uploads\/2019\/08\/animal-whey.jpg","width":700,"height":700,"caption":"maailma tasemel proteiinipulber - UNIVERSAL kvaliteet"},{"@type":"BreadcrumbList","@id":"https:\/\/fit360.ee\/en\/pood\/product-groups\/protein-poweders-en\/whey-protein-en\/universal-animal-whey-isolate-loaded-5lbs-2300g\/#breadcrumb","itemListElement":[{"@type":"ListItem","position":1,"name":"Home","item":"https:\/\/fit360.ee\/en\/"},{"@type":"ListItem","position":2,"name":"Shop","item":"https:\/\/fit360.ee\/en\/shop\/"},{"@type":"ListItem","position":3,"name":"UNIVERSAL Animal Whey Isolate Loaded (5lbs &#8211; 2300g)"}]},{"@type":"WebSite","@id":"https:\/\/fit360.ee\/en\/#website","url":"https:\/\/fit360.ee\/en\/","name":"Fit360","description":"","publisher":{"@id":"https:\/\/fit360.ee\/en\/#organization"},"potentialAction":[{"@type":"SearchAction","target":{"@type":"EntryPoint","urlTemplate":"https:\/\/fit360.ee\/en\/?s={search_term_string}"},"query-input":{"@type":"PropertyValueSpecification","valueRequired":true,"valueName":"search_term_string"}}],"inLanguage":"en-US"},{"@type":"Organization","@id":"https:\/\/fit360.ee\/en\/#organization","name":"Fit360","url":"https:\/\/fit360.ee\/en\/","logo":{"@type":"ImageObject","inLanguage":"en-US","@id":"https:\/\/fit360.ee\/en\/#\/schema\/logo\/image\/","url":"https:\/\/fit360.ee\/wp-content\/uploads\/2017\/01\/logo-fit360.png","contentUrl":"https:\/\/fit360.ee\/wp-content\/uploads\/2017\/01\/logo-fit360.png","width":180,"height":66,"caption":"Fit360"},"image":{"@id":"https:\/\/fit360.ee\/en\/#\/schema\/logo\/image\/"}}]}},"_links":{"self":[{"href":"https:\/\/fit360.ee\/en\/wp-json\/wp\/v2\/product\/21927","targetHints":{"allow":["GET"]}}],"collection":[{"href":"https:\/\/fit360.ee\/en\/wp-json\/wp\/v2\/product"}],"about":[{"href":"https:\/\/fit360.ee\/en\/wp-json\/wp\/v2\/types\/product"}],"replies":[{"embeddable":true,"href":"https:\/\/fit360.ee\/en\/wp-json\/wp\/v2\/comments?post=21927"}],"wp:featuredmedia":[{"embeddable":true,"href":"https:\/\/fit360.ee\/en\/wp-json\/wp\/v2\/media\/21924"}],"wp:attachment":[{"href":"https:\/\/fit360.ee\/en\/wp-json\/wp\/v2\/media?parent=21927"}],"wp:term":[{"taxonomy":"product_brand","embeddable":true,"href":"https:\/\/fit360.ee\/en\/wp-json\/wp\/v2\/product_brand?post=21927"},{"taxonomy":"product_cat","embeddable":true,"href":"https:\/\/fit360.ee\/en\/wp-json\/wp\/v2\/product_cat?post=21927"},{"taxonomy":"product_tag","embeddable":true,"href":"https:\/\/fit360.ee\/en\/wp-json\/wp\/v2\/product_tag?post=21927"},{"taxonomy":"giftcard-category","embeddable":true,"href":"https:\/\/fit360.ee\/en\/wp-json\/wp\/v2\/giftcard-category?post=21927"}],"curies":[{"name":"wp","href":"https:\/\/api.w.org\/{rel}","templated":true}]}}