{"id":21959,"date":"2019-08-09T12:00:06","date_gmt":"2019-08-09T10:00:06","guid":{"rendered":"https:\/\/fit360.ee\/?post_type=product&#038;p=21959"},"modified":"2026-04-08T11:56:22","modified_gmt":"2026-04-08T09:56:22","slug":"c4-karboniseeritud-energiajook-12x473ml","status":"publish","type":"product","link":"https:\/\/fit360.ee\/en\/pood\/product-groups\/drinks-shots\/c4-karboniseeritud-energiajook-12x473ml\/","title":{"rendered":"C4 karboniseeritud ENERGIAJOOK (12x473ml)"},"content":{"rendered":"<p><img decoding=\"async\" src=\"https:\/\/cdn8.bigcommerce.com\/s-8klxh9o\/product_images\/uploaded_images\/c4-carbonated-16oz-original-protein-pick-mix-uk.png\" alt=\"Pildiotsingu c4 carbonated on the go drink ingredients tulemus\" \/><\/p>\n<p><strong>Teised Koostisosad<\/strong>: Vesi, sidrunhape, kaaliumsorbaat, sukraloos, naturaalsed ja kunstlikud l\u00f5hna- ja maitseained, atsesulfaami kaalium, <em>FD&amp;C Blue #1<\/em>.<\/p>\n<p><strong>Kasutamine<\/strong>: 1 purk p\u00e4evas \u2013 soovitatavalt enne treeningut v\u00f5i pingutust. <strong>Suurus<\/strong>:\u00a0 16oz \u2013 473ml. Mitte \u00fcletada p\u00e4evast soovitatud kogust.<\/p>\n<p><strong>Aktiivsed toimeained: <\/strong>Energia 0kJ\/0kcal; Rasvad 0g; <em>millest k\u00fcllastunud <\/em>\u00a00g; S\u00fcsivesikud 0g; <em>millest suhkur<\/em> 0g; Niatsiin 30mg ( 150% SPK); Vitamiin B6\u00a0500mcg (25% SPK); Foolhape 250mcg (63% SPK); Vitamiin B12 35mcg (583% SPK); Kaalium 90mg (3% SPK); <strong>Plahvatusliku j\u00f5udluse Energia segu<\/strong>: Tsitrulliin-malaat; <em>CarnoSyn\u00ae<\/em> beeta-alaniin; <em>BetaPower\u00ae<\/em> veevaba betaiin; N-atset\u00fc\u00fcl-L-T\u00fcrosiin; veevaba kofeiin (200mg).<\/p>\n<p><strong>Parim enne<\/strong>: vaata pakendilt. Hoiustada kuivas ja jahedas kohas. <strong>Maaletooja<\/strong>: L-Fitness O\u00dc, Udeselja 2-3, Tallinn, 11913, +37256563323.<\/p>\n<p>&nbsp;<\/p>\n<p>&nbsp;<\/p>\n","protected":false},"excerpt":{"rendered":"<p><strong>C4 karboniseeritud Energiajook<\/strong>:<\/p>\n<ul>\n<li>Imeline maitse<\/li>\n<li>0g suhkrut<\/li>\n<li>0 kalorit<\/li>\n<li>Suurepr\u00e4ane pre-workoput kompleks<\/li>\n<\/ul>\n<p>Tutvustame Teile <strong>C4 &#8216;<em>On the Go<\/em>&#8216;<\/strong>, meie uusim C4 perekonna liige. Purgis, karboniseeritud ja laetud plahvatusliku energiaga ja legendaarse C4 seguga. <strong>C4 <em>On the Go<\/em><\/strong> on ideaalne k\u00fctus Sinu keha jaoks.<\/p>\n<p><strong>C4 <em>On the Go<\/em><\/strong> maitseb suurep\u00e4raselt ja sisaldab 0g suhkrut, 0 kalorit ja 0 s\u00fcsivesikut. <strong>C4 <em>On The Go<\/em><\/strong> maitsed on lihtsalt nii head, et pead neid ise proovima!<\/p>\n<p><strong>C4 sisaldab<\/strong>:<\/p>\n<ul>\n<li><strong>CarnoSyn\u00ae Beta-Alanine<\/strong> \u2013 L\u00fckab edasi lihasv\u00e4simust, andes lisaj\u00f5udu ja suutlikkust<\/li>\n<li><strong>Citrulline Malate<\/strong> \u2013 T\u00f5stab keha NO taset &#8211; v\u00f5imaldab kehal rohkem hapnikku omistada<\/li>\n<li><strong>BetaPower\u00ae Betaine<\/strong> \u2013 S\u00e4ilitab rakkude elektrol\u00fc\u00fctide konsentratsiooni ja toetab h\u00fcdratsiooni<\/li>\n<li><strong>N-Acetyl-L-Tyrosine<\/strong> \u2013 Toetab mentaalset ja kognitiivset tervist stressirohkel ajal<\/li>\n<\/ul>\n<p><strong>NB! Sisaldab kofeiini<\/strong><\/p>\n<p><strong>OSTA KASTIGA JA S\u00c4\u00c4STA!<\/strong><\/p>\n","protected":false},"featured_media":21967,"comment_status":"open","ping_status":"closed","template":"","meta":[],"product_brand":[],"product_cat":[1357,1072,523,533,2043],"product_tag":[],"giftcard-category":[],"class_list":{"0":"post-21959","1":"product","2":"type-product","3":"status-publish","4":"has-post-thumbnail","6":"product_cat-cellucor-en","7":"product_cat-drinks-and-protein-bars-in-bulk","8":"product_cat-drinks-shots","9":"product_cat-pre-workout-en","10":"product_cat-sugar-free-energy-drinks-en","11":"pa_maitse-apple","12":"pa_maitse-cosmic-rainbow-en","13":"pa_maitse-frozen-bombsicle-en","14":"pa_maitse-millions-bubblegum-en","15":"pa_maitse-millions-strawberry-en","16":"pa_maitse-orange-slice-en","17":"pa_maitse-pineapple","18":"pa_maitse-twisted-limeade-en","20":"first","21":"outofstock","22":"sale","23":"taxable","24":"shipping-taxable","25":"purchasable","26":"product-type-variable"},"yoast_head":"<!-- This site is optimized with the Yoast SEO plugin v27.3 - https:\/\/yoast.com\/product\/yoast-seo-wordpress\/ -->\n<title>C4 karboniseeritud ENERGIAJOOK (12x473ml) - Fit360<\/title>\n<meta name=\"robots\" content=\"index, follow, max-snippet:-1, max-image-preview:large, max-video-preview:-1\" \/>\n<link rel=\"canonical\" href=\"https:\/\/fit360.ee\/en\/pood\/product-groups\/drinks-shots\/c4-karboniseeritud-energiajook-12x473ml\/\" \/>\n<meta property=\"og:locale\" content=\"en_US\" \/>\n<meta property=\"og:type\" content=\"article\" \/>\n<meta property=\"og:title\" content=\"C4 karboniseeritud ENERGIAJOOK (12x473ml) - Fit360\" \/>\n<meta property=\"og:description\" content=\"C4 karboniseeritud Energiajook:   Imeline maitse  0g suhkrut  0 kalorit  Suurepr\u00e4ane pre-workoput kompleks  Tutvustame Teile C4 &#039;On the Go&#039;, meie uusim C4 perekonna liige. Purgis, karboniseeritud ja laetud plahvatusliku energiaga ja legendaarse C4 seguga. C4 On the Go on ideaalne k\u00fctus Sinu keha jaoks.  C4 On the Go maitseb suurep\u00e4raselt ja sisaldab 0g suhkrut, 0 kalorit ja 0 s\u00fcsivesikut. C4 On The Go maitsed on lihtsalt nii head, et pead neid ise proovima!  C4 sisaldab:   CarnoSyn\u00ae Beta-Alanine \u2013 L\u00fckab edasi lihasv\u00e4simust, andes lisaj\u00f5udu ja suutlikkust  Citrulline Malate \u2013 T\u00f5stab keha NO taset - v\u00f5imaldab kehal rohkem hapnikku omistada  BetaPower\u00ae Betaine \u2013 S\u00e4ilitab rakkude elektrol\u00fc\u00fctide konsentratsiooni ja toetab h\u00fcdratsiooni  N-Acetyl-L-Tyrosine \u2013 Toetab mentaalset ja kognitiivset tervist stressirohkel ajal  NB! Sisaldab kofeiini  OSTA KASTIGA JA S\u00c4\u00c4STA!\" \/>\n<meta property=\"og:url\" content=\"https:\/\/fit360.ee\/en\/pood\/product-groups\/drinks-shots\/c4-karboniseeritud-energiajook-12x473ml\/\" \/>\n<meta property=\"og:site_name\" content=\"Fit360\" \/>\n<meta property=\"article:modified_time\" content=\"2026-04-08T09:56:22+00:00\" \/>\n<meta property=\"og:image\" content=\"https:\/\/fit360.ee\/wp-content\/uploads\/2019\/08\/Carbonated_12pk_Tray_TB_Image.jpg\" \/>\n\t<meta property=\"og:image:width\" content=\"1080\" \/>\n\t<meta property=\"og:image:height\" content=\"1080\" \/>\n\t<meta property=\"og:image:type\" content=\"image\/jpeg\" \/>\n<meta name=\"twitter:card\" content=\"summary_large_image\" \/>\n<meta name=\"twitter:label1\" content=\"Est. reading time\" \/>\n\t<meta name=\"twitter:data1\" content=\"1 minute\" \/>\n<script type=\"application\/ld+json\" class=\"yoast-schema-graph\">{\"@context\":\"https:\\\/\\\/schema.org\",\"@graph\":[{\"@type\":\"WebPage\",\"@id\":\"https:\\\/\\\/fit360.ee\\\/en\\\/pood\\\/product-groups\\\/drinks-shots\\\/c4-karboniseeritud-energiajook-12x473ml\\\/\",\"url\":\"https:\\\/\\\/fit360.ee\\\/en\\\/pood\\\/product-groups\\\/drinks-shots\\\/c4-karboniseeritud-energiajook-12x473ml\\\/\",\"name\":\"C4 karboniseeritud ENERGIAJOOK (12x473ml) - Fit360\",\"isPartOf\":{\"@id\":\"https:\\\/\\\/fit360.ee\\\/en\\\/#website\"},\"primaryImageOfPage\":{\"@id\":\"https:\\\/\\\/fit360.ee\\\/en\\\/pood\\\/product-groups\\\/drinks-shots\\\/c4-karboniseeritud-energiajook-12x473ml\\\/#primaryimage\"},\"image\":{\"@id\":\"https:\\\/\\\/fit360.ee\\\/en\\\/pood\\\/product-groups\\\/drinks-shots\\\/c4-karboniseeritud-energiajook-12x473ml\\\/#primaryimage\"},\"thumbnailUrl\":\"https:\\\/\\\/fit360.ee\\\/wp-content\\\/uploads\\\/2019\\\/08\\\/Carbonated_12pk_Tray_TB_Image.jpg\",\"datePublished\":\"2019-08-09T10:00:06+00:00\",\"dateModified\":\"2026-04-08T09:56:22+00:00\",\"breadcrumb\":{\"@id\":\"https:\\\/\\\/fit360.ee\\\/en\\\/pood\\\/product-groups\\\/drinks-shots\\\/c4-karboniseeritud-energiajook-12x473ml\\\/#breadcrumb\"},\"inLanguage\":\"en-US\",\"potentialAction\":[{\"@type\":\"ReadAction\",\"target\":[\"https:\\\/\\\/fit360.ee\\\/en\\\/pood\\\/product-groups\\\/drinks-shots\\\/c4-karboniseeritud-energiajook-12x473ml\\\/\"]}]},{\"@type\":\"ImageObject\",\"inLanguage\":\"en-US\",\"@id\":\"https:\\\/\\\/fit360.ee\\\/en\\\/pood\\\/product-groups\\\/drinks-shots\\\/c4-karboniseeritud-energiajook-12x473ml\\\/#primaryimage\",\"url\":\"https:\\\/\\\/fit360.ee\\\/wp-content\\\/uploads\\\/2019\\\/08\\\/Carbonated_12pk_Tray_TB_Image.jpg\",\"contentUrl\":\"https:\\\/\\\/fit360.ee\\\/wp-content\\\/uploads\\\/2019\\\/08\\\/Carbonated_12pk_Tray_TB_Image.jpg\",\"width\":1080,\"height\":1080},{\"@type\":\"BreadcrumbList\",\"@id\":\"https:\\\/\\\/fit360.ee\\\/en\\\/pood\\\/product-groups\\\/drinks-shots\\\/c4-karboniseeritud-energiajook-12x473ml\\\/#breadcrumb\",\"itemListElement\":[{\"@type\":\"ListItem\",\"position\":1,\"name\":\"Home\",\"item\":\"https:\\\/\\\/fit360.ee\\\/en\\\/\"},{\"@type\":\"ListItem\",\"position\":2,\"name\":\"Shop\",\"item\":\"https:\\\/\\\/fit360.ee\\\/en\\\/shop\\\/\"},{\"@type\":\"ListItem\",\"position\":3,\"name\":\"C4 karboniseeritud ENERGIAJOOK (12x473ml)\"}]},{\"@type\":\"WebSite\",\"@id\":\"https:\\\/\\\/fit360.ee\\\/en\\\/#website\",\"url\":\"https:\\\/\\\/fit360.ee\\\/en\\\/\",\"name\":\"Fit360\",\"description\":\"\",\"publisher\":{\"@id\":\"https:\\\/\\\/fit360.ee\\\/en\\\/#organization\"},\"potentialAction\":[{\"@type\":\"SearchAction\",\"target\":{\"@type\":\"EntryPoint\",\"urlTemplate\":\"https:\\\/\\\/fit360.ee\\\/en\\\/?s={search_term_string}\"},\"query-input\":{\"@type\":\"PropertyValueSpecification\",\"valueRequired\":true,\"valueName\":\"search_term_string\"}}],\"inLanguage\":\"en-US\"},{\"@type\":\"Organization\",\"@id\":\"https:\\\/\\\/fit360.ee\\\/en\\\/#organization\",\"name\":\"Fit360\",\"url\":\"https:\\\/\\\/fit360.ee\\\/en\\\/\",\"logo\":{\"@type\":\"ImageObject\",\"inLanguage\":\"en-US\",\"@id\":\"https:\\\/\\\/fit360.ee\\\/en\\\/#\\\/schema\\\/logo\\\/image\\\/\",\"url\":\"https:\\\/\\\/fit360.ee\\\/wp-content\\\/uploads\\\/2017\\\/01\\\/logo-fit360.png\",\"contentUrl\":\"https:\\\/\\\/fit360.ee\\\/wp-content\\\/uploads\\\/2017\\\/01\\\/logo-fit360.png\",\"width\":180,\"height\":66,\"caption\":\"Fit360\"},\"image\":{\"@id\":\"https:\\\/\\\/fit360.ee\\\/en\\\/#\\\/schema\\\/logo\\\/image\\\/\"}}]}<\/script>\n<!-- \/ Yoast SEO plugin. -->","yoast_head_json":{"title":"C4 karboniseeritud ENERGIAJOOK (12x473ml) - Fit360","robots":{"index":"index","follow":"follow","max-snippet":"max-snippet:-1","max-image-preview":"max-image-preview:large","max-video-preview":"max-video-preview:-1"},"canonical":"https:\/\/fit360.ee\/en\/pood\/product-groups\/drinks-shots\/c4-karboniseeritud-energiajook-12x473ml\/","og_locale":"en_US","og_type":"article","og_title":"C4 karboniseeritud ENERGIAJOOK (12x473ml) - Fit360","og_description":"C4 karboniseeritud Energiajook:   Imeline maitse  0g suhkrut  0 kalorit  Suurepr\u00e4ane pre-workoput kompleks  Tutvustame Teile C4 'On the Go', meie uusim C4 perekonna liige. Purgis, karboniseeritud ja laetud plahvatusliku energiaga ja legendaarse C4 seguga. C4 On the Go on ideaalne k\u00fctus Sinu keha jaoks.  C4 On the Go maitseb suurep\u00e4raselt ja sisaldab 0g suhkrut, 0 kalorit ja 0 s\u00fcsivesikut. C4 On The Go maitsed on lihtsalt nii head, et pead neid ise proovima!  C4 sisaldab:   CarnoSyn\u00ae Beta-Alanine \u2013 L\u00fckab edasi lihasv\u00e4simust, andes lisaj\u00f5udu ja suutlikkust  Citrulline Malate \u2013 T\u00f5stab keha NO taset - v\u00f5imaldab kehal rohkem hapnikku omistada  BetaPower\u00ae Betaine \u2013 S\u00e4ilitab rakkude elektrol\u00fc\u00fctide konsentratsiooni ja toetab h\u00fcdratsiooni  N-Acetyl-L-Tyrosine \u2013 Toetab mentaalset ja kognitiivset tervist stressirohkel ajal  NB! Sisaldab kofeiini  OSTA KASTIGA JA S\u00c4\u00c4STA!","og_url":"https:\/\/fit360.ee\/en\/pood\/product-groups\/drinks-shots\/c4-karboniseeritud-energiajook-12x473ml\/","og_site_name":"Fit360","article_modified_time":"2026-04-08T09:56:22+00:00","og_image":[{"width":1080,"height":1080,"url":"https:\/\/fit360.ee\/wp-content\/uploads\/2019\/08\/Carbonated_12pk_Tray_TB_Image.jpg","type":"image\/jpeg"}],"twitter_card":"summary_large_image","twitter_misc":{"Est. reading time":"1 minute"},"schema":{"@context":"https:\/\/schema.org","@graph":[{"@type":"WebPage","@id":"https:\/\/fit360.ee\/en\/pood\/product-groups\/drinks-shots\/c4-karboniseeritud-energiajook-12x473ml\/","url":"https:\/\/fit360.ee\/en\/pood\/product-groups\/drinks-shots\/c4-karboniseeritud-energiajook-12x473ml\/","name":"C4 karboniseeritud ENERGIAJOOK (12x473ml) - Fit360","isPartOf":{"@id":"https:\/\/fit360.ee\/en\/#website"},"primaryImageOfPage":{"@id":"https:\/\/fit360.ee\/en\/pood\/product-groups\/drinks-shots\/c4-karboniseeritud-energiajook-12x473ml\/#primaryimage"},"image":{"@id":"https:\/\/fit360.ee\/en\/pood\/product-groups\/drinks-shots\/c4-karboniseeritud-energiajook-12x473ml\/#primaryimage"},"thumbnailUrl":"https:\/\/fit360.ee\/wp-content\/uploads\/2019\/08\/Carbonated_12pk_Tray_TB_Image.jpg","datePublished":"2019-08-09T10:00:06+00:00","dateModified":"2026-04-08T09:56:22+00:00","breadcrumb":{"@id":"https:\/\/fit360.ee\/en\/pood\/product-groups\/drinks-shots\/c4-karboniseeritud-energiajook-12x473ml\/#breadcrumb"},"inLanguage":"en-US","potentialAction":[{"@type":"ReadAction","target":["https:\/\/fit360.ee\/en\/pood\/product-groups\/drinks-shots\/c4-karboniseeritud-energiajook-12x473ml\/"]}]},{"@type":"ImageObject","inLanguage":"en-US","@id":"https:\/\/fit360.ee\/en\/pood\/product-groups\/drinks-shots\/c4-karboniseeritud-energiajook-12x473ml\/#primaryimage","url":"https:\/\/fit360.ee\/wp-content\/uploads\/2019\/08\/Carbonated_12pk_Tray_TB_Image.jpg","contentUrl":"https:\/\/fit360.ee\/wp-content\/uploads\/2019\/08\/Carbonated_12pk_Tray_TB_Image.jpg","width":1080,"height":1080},{"@type":"BreadcrumbList","@id":"https:\/\/fit360.ee\/en\/pood\/product-groups\/drinks-shots\/c4-karboniseeritud-energiajook-12x473ml\/#breadcrumb","itemListElement":[{"@type":"ListItem","position":1,"name":"Home","item":"https:\/\/fit360.ee\/en\/"},{"@type":"ListItem","position":2,"name":"Shop","item":"https:\/\/fit360.ee\/en\/shop\/"},{"@type":"ListItem","position":3,"name":"C4 karboniseeritud ENERGIAJOOK (12x473ml)"}]},{"@type":"WebSite","@id":"https:\/\/fit360.ee\/en\/#website","url":"https:\/\/fit360.ee\/en\/","name":"Fit360","description":"","publisher":{"@id":"https:\/\/fit360.ee\/en\/#organization"},"potentialAction":[{"@type":"SearchAction","target":{"@type":"EntryPoint","urlTemplate":"https:\/\/fit360.ee\/en\/?s={search_term_string}"},"query-input":{"@type":"PropertyValueSpecification","valueRequired":true,"valueName":"search_term_string"}}],"inLanguage":"en-US"},{"@type":"Organization","@id":"https:\/\/fit360.ee\/en\/#organization","name":"Fit360","url":"https:\/\/fit360.ee\/en\/","logo":{"@type":"ImageObject","inLanguage":"en-US","@id":"https:\/\/fit360.ee\/en\/#\/schema\/logo\/image\/","url":"https:\/\/fit360.ee\/wp-content\/uploads\/2017\/01\/logo-fit360.png","contentUrl":"https:\/\/fit360.ee\/wp-content\/uploads\/2017\/01\/logo-fit360.png","width":180,"height":66,"caption":"Fit360"},"image":{"@id":"https:\/\/fit360.ee\/en\/#\/schema\/logo\/image\/"}}]}},"_links":{"self":[{"href":"https:\/\/fit360.ee\/en\/wp-json\/wp\/v2\/product\/21959","targetHints":{"allow":["GET"]}}],"collection":[{"href":"https:\/\/fit360.ee\/en\/wp-json\/wp\/v2\/product"}],"about":[{"href":"https:\/\/fit360.ee\/en\/wp-json\/wp\/v2\/types\/product"}],"replies":[{"embeddable":true,"href":"https:\/\/fit360.ee\/en\/wp-json\/wp\/v2\/comments?post=21959"}],"wp:featuredmedia":[{"embeddable":true,"href":"https:\/\/fit360.ee\/en\/wp-json\/wp\/v2\/media\/21967"}],"wp:attachment":[{"href":"https:\/\/fit360.ee\/en\/wp-json\/wp\/v2\/media?parent=21959"}],"wp:term":[{"taxonomy":"product_brand","embeddable":true,"href":"https:\/\/fit360.ee\/en\/wp-json\/wp\/v2\/product_brand?post=21959"},{"taxonomy":"product_cat","embeddable":true,"href":"https:\/\/fit360.ee\/en\/wp-json\/wp\/v2\/product_cat?post=21959"},{"taxonomy":"product_tag","embeddable":true,"href":"https:\/\/fit360.ee\/en\/wp-json\/wp\/v2\/product_tag?post=21959"},{"taxonomy":"giftcard-category","embeddable":true,"href":"https:\/\/fit360.ee\/en\/wp-json\/wp\/v2\/giftcard-category?post=21959"}],"curies":[{"name":"wp","href":"https:\/\/api.w.org\/{rel}","templated":true}]}}