{"id":22298,"date":"2019-08-16T14:48:59","date_gmt":"2019-08-16T12:48:59","guid":{"rendered":"https:\/\/fit360.ee\/pood\/uncategorized\/proactive-tyrosine-200g\/"},"modified":"2025-08-13T07:38:40","modified_gmt":"2025-08-13T05:38:40","slug":"proactive-tyrosine-200g","status":"publish","type":"product","link":"https:\/\/fit360.ee\/en\/pood\/product-groups\/amino-acids-bcaa\/tyrosine-en\/proactive-tyrosine-200g\/","title":{"rendered":"ProActive Tyrosine (200g)"},"content":{"rendered":"<h1>ProActive Tyrosine (200g)<\/h1>\n<p>Tyrosine sobib suurep\u00e4raselt treeningueelseks &#8220;pump&#8221; efekti andmiseks, dieedi kergemaks l\u00e4biviimiseks ja kasutamiseks energiaallikana.<\/p>\n<p><strong>Koostisosad<\/strong>: L-t\u00fcrosiin, vitamiin B6, paakumisvastane aine &#8211; r\u00e4nidioksiid<\/p>\n<p><strong>Kasutamine<\/strong>: Tarbi \u00fcks kord p\u00e4evas, 2g toodet, segatuna 100ml veega. \u00a0\u00c4ra \u00fcleta soovitaud kogust (2g) p\u00e4evas.<\/p>\n<p><strong>Suurus: <\/strong>200g \u2013 100 serveeringut.<\/p>\n<table>\n<tbody>\n<tr>\n<td width=\"205\"><strong>Toimeained<\/strong><\/td>\n<td width=\"205\"><strong>\u00dcks serveering (g)<\/strong><\/td>\n<td width=\"205\"><strong>%SPK<\/strong><\/td>\n<\/tr>\n<tr>\n<td width=\"205\">T\u00fcrosiin<\/td>\n<td width=\"205\">1,9g<\/td>\n<td width=\"205\">**<\/td>\n<\/tr>\n<tr>\n<td width=\"205\">Vitamiin B6<\/td>\n<td width=\"205\">1,4mg<\/td>\n<td width=\"205\">100%<\/td>\n<\/tr>\n<\/tbody>\n<\/table>\n<p><strong>** SPK<\/strong> &#8211; Soovitatud p\u00e4evane kogus pole kindlaks tehtud<\/p>\n<p>Soovid kaupa osta suuremas koguses? Vaata antud toodet ka meie HULGI poest\u00a0<a href=\"https:\/\/toidulisandidhulgi.ee\/product\/proactive-tyrosine-200g\/\"><strong>SIIT<\/strong><\/a>!<\/p>\n","protected":false},"excerpt":{"rendered":"<h2><strong>ProActive Tyrosine<\/strong>:<\/h2>\n<ul>\n<li>Suurendab t\u00e4helepanuv\u00f5imet ja fookust<\/li>\n<li>T\u00f5stab motivatsiooni<\/li>\n<li>Annab energiat<\/li>\n<li>V\u00e4hendab s\u00f6\u00f6giisu<\/li>\n<li>Muudab treeningu efektiivsemaks<\/li>\n<li>Parandab meeleolu<\/li>\n<\/ul>\n<p>Suurep\u00e4rane toode, mis sobib: treeningueelseks &#8220;pump&#8221; efekti andmiseks, dieedi kergemaks l\u00e4biviimiseks\u00a0ja kasutamiseks energiaallikana.<\/p>\n","protected":false},"featured_media":37803,"comment_status":"open","ping_status":"closed","template":"","meta":[],"product_brand":[],"product_cat":[520,519,533,1326,2327],"product_tag":[1787,1793,1809,1810],"giftcard-category":[],"class_list":{"0":"post-22298","1":"product","2":"type-product","3":"status-publish","4":"has-post-thumbnail","6":"product_cat-amino-acids-bcaa","7":"product_cat-product-groups","8":"product_cat-pre-workout-en","9":"product_cat-proactive-en","10":"product_cat-tyrosine-en","11":"product_tag-aminohapped-en","12":"product_tag-proactive-en","13":"product_tag-turosiin-en","14":"product_tag-tyrosine-en","15":"pa_maitse-natural","16":"pa_toidulisand-branddd-proactive","17":"pa_tootegruppp-aju-tegevus-nootropics-en","18":"pa_tootegruppp-amino-acidsbcaa","19":"pa_tootegruppp-pre-workout","20":"pa_tootegruppp-turosiin-en","22":"first","23":"outofstock","24":"sale","25":"taxable","26":"shipping-taxable","27":"purchasable","28":"product-type-simple"},"yoast_head":"<!-- This site is optimized with the Yoast SEO plugin v27.3 - https:\/\/yoast.com\/product\/yoast-seo-wordpress\/ -->\n<title>Tyrosine ProActive (200g)- Aminohape - Kiire tarne: 1-3 p\u00e4eva - T\u00fcrosiin<\/title>\n<meta name=\"description\" content=\"Tyrosine pulber suurep\u00e4rase hinnaga! Tegemist on naturaalse t\u00fcrosiini allikaga. T\u00fcrosiin suurendab t\u00e4helepanu ja fookust.\" \/>\n<meta name=\"robots\" content=\"index, follow, max-snippet:-1, max-image-preview:large, max-video-preview:-1\" \/>\n<link rel=\"canonical\" href=\"https:\/\/fit360.ee\/en\/pood\/product-groups\/amino-acids-bcaa\/tyrosine-en\/proactive-tyrosine-200g\/\" \/>\n<meta property=\"og:locale\" content=\"en_US\" \/>\n<meta property=\"og:type\" content=\"article\" \/>\n<meta property=\"og:title\" content=\"Tyrosine ProActive (200g)- Aminohape - Kiire tarne: 1-3 p\u00e4eva - T\u00fcrosiin\" \/>\n<meta property=\"og:description\" content=\"Tyrosine pulber suurep\u00e4rase hinnaga! Tegemist on naturaalse t\u00fcrosiini allikaga. T\u00fcrosiin suurendab t\u00e4helepanu ja fookust.\" \/>\n<meta property=\"og:url\" content=\"https:\/\/fit360.ee\/en\/pood\/product-groups\/amino-acids-bcaa\/tyrosine-en\/proactive-tyrosine-200g\/\" \/>\n<meta property=\"og:site_name\" content=\"Fit360\" \/>\n<meta property=\"article:modified_time\" content=\"2025-08-13T05:38:40+00:00\" \/>\n<meta property=\"og:image\" content=\"https:\/\/fit360.ee\/wp-content\/uploads\/2019\/08\/proactive-tyrosine-200g-natural-1.jpg\" \/>\n\t<meta property=\"og:image:width\" content=\"800\" \/>\n\t<meta property=\"og:image:height\" content=\"800\" \/>\n\t<meta property=\"og:image:type\" content=\"image\/jpeg\" \/>\n<meta name=\"twitter:card\" content=\"summary_large_image\" \/>\n<meta name=\"twitter:label1\" content=\"Est. reading time\" \/>\n\t<meta name=\"twitter:data1\" content=\"1 minute\" \/>\n<script type=\"application\/ld+json\" class=\"yoast-schema-graph\">{\"@context\":\"https:\\\/\\\/schema.org\",\"@graph\":[{\"@type\":\"WebPage\",\"@id\":\"https:\\\/\\\/fit360.ee\\\/en\\\/pood\\\/product-groups\\\/amino-acids-bcaa\\\/tyrosine-en\\\/proactive-tyrosine-200g\\\/\",\"url\":\"https:\\\/\\\/fit360.ee\\\/en\\\/pood\\\/product-groups\\\/amino-acids-bcaa\\\/tyrosine-en\\\/proactive-tyrosine-200g\\\/\",\"name\":\"Tyrosine ProActive (200g)- Aminohape - Kiire tarne: 1-3 p\u00e4eva - T\u00fcrosiin\",\"isPartOf\":{\"@id\":\"https:\\\/\\\/fit360.ee\\\/en\\\/#website\"},\"primaryImageOfPage\":{\"@id\":\"https:\\\/\\\/fit360.ee\\\/en\\\/pood\\\/product-groups\\\/amino-acids-bcaa\\\/tyrosine-en\\\/proactive-tyrosine-200g\\\/#primaryimage\"},\"image\":{\"@id\":\"https:\\\/\\\/fit360.ee\\\/en\\\/pood\\\/product-groups\\\/amino-acids-bcaa\\\/tyrosine-en\\\/proactive-tyrosine-200g\\\/#primaryimage\"},\"thumbnailUrl\":\"https:\\\/\\\/fit360.ee\\\/wp-content\\\/uploads\\\/2019\\\/08\\\/proactive-tyrosine-200g-natural-1.jpg\",\"datePublished\":\"2019-08-16T12:48:59+00:00\",\"dateModified\":\"2025-08-13T05:38:40+00:00\",\"description\":\"Tyrosine pulber suurep\u00e4rase hinnaga! Tegemist on naturaalse t\u00fcrosiini allikaga. T\u00fcrosiin suurendab t\u00e4helepanu ja fookust.\",\"breadcrumb\":{\"@id\":\"https:\\\/\\\/fit360.ee\\\/en\\\/pood\\\/product-groups\\\/amino-acids-bcaa\\\/tyrosine-en\\\/proactive-tyrosine-200g\\\/#breadcrumb\"},\"inLanguage\":\"en-US\",\"potentialAction\":[{\"@type\":\"ReadAction\",\"target\":[\"https:\\\/\\\/fit360.ee\\\/en\\\/pood\\\/product-groups\\\/amino-acids-bcaa\\\/tyrosine-en\\\/proactive-tyrosine-200g\\\/\"]}]},{\"@type\":\"ImageObject\",\"inLanguage\":\"en-US\",\"@id\":\"https:\\\/\\\/fit360.ee\\\/en\\\/pood\\\/product-groups\\\/amino-acids-bcaa\\\/tyrosine-en\\\/proactive-tyrosine-200g\\\/#primaryimage\",\"url\":\"https:\\\/\\\/fit360.ee\\\/wp-content\\\/uploads\\\/2019\\\/08\\\/proactive-tyrosine-200g-natural-1.jpg\",\"contentUrl\":\"https:\\\/\\\/fit360.ee\\\/wp-content\\\/uploads\\\/2019\\\/08\\\/proactive-tyrosine-200g-natural-1.jpg\",\"width\":800,\"height\":800,\"caption\":\"Tyrosine pulber - fit360.ee\"},{\"@type\":\"BreadcrumbList\",\"@id\":\"https:\\\/\\\/fit360.ee\\\/en\\\/pood\\\/product-groups\\\/amino-acids-bcaa\\\/tyrosine-en\\\/proactive-tyrosine-200g\\\/#breadcrumb\",\"itemListElement\":[{\"@type\":\"ListItem\",\"position\":1,\"name\":\"Home\",\"item\":\"https:\\\/\\\/fit360.ee\\\/en\\\/\"},{\"@type\":\"ListItem\",\"position\":2,\"name\":\"Shop\",\"item\":\"https:\\\/\\\/fit360.ee\\\/en\\\/shop\\\/\"},{\"@type\":\"ListItem\",\"position\":3,\"name\":\"ProActive Tyrosine (200g)\"}]},{\"@type\":\"WebSite\",\"@id\":\"https:\\\/\\\/fit360.ee\\\/en\\\/#website\",\"url\":\"https:\\\/\\\/fit360.ee\\\/en\\\/\",\"name\":\"Fit360\",\"description\":\"\",\"publisher\":{\"@id\":\"https:\\\/\\\/fit360.ee\\\/en\\\/#organization\"},\"potentialAction\":[{\"@type\":\"SearchAction\",\"target\":{\"@type\":\"EntryPoint\",\"urlTemplate\":\"https:\\\/\\\/fit360.ee\\\/en\\\/?s={search_term_string}\"},\"query-input\":{\"@type\":\"PropertyValueSpecification\",\"valueRequired\":true,\"valueName\":\"search_term_string\"}}],\"inLanguage\":\"en-US\"},{\"@type\":\"Organization\",\"@id\":\"https:\\\/\\\/fit360.ee\\\/en\\\/#organization\",\"name\":\"Fit360\",\"url\":\"https:\\\/\\\/fit360.ee\\\/en\\\/\",\"logo\":{\"@type\":\"ImageObject\",\"inLanguage\":\"en-US\",\"@id\":\"https:\\\/\\\/fit360.ee\\\/en\\\/#\\\/schema\\\/logo\\\/image\\\/\",\"url\":\"https:\\\/\\\/fit360.ee\\\/wp-content\\\/uploads\\\/2017\\\/01\\\/logo-fit360.png\",\"contentUrl\":\"https:\\\/\\\/fit360.ee\\\/wp-content\\\/uploads\\\/2017\\\/01\\\/logo-fit360.png\",\"width\":180,\"height\":66,\"caption\":\"Fit360\"},\"image\":{\"@id\":\"https:\\\/\\\/fit360.ee\\\/en\\\/#\\\/schema\\\/logo\\\/image\\\/\"}}]}<\/script>\n<!-- \/ Yoast SEO plugin. -->","yoast_head_json":{"title":"Tyrosine ProActive (200g)- Aminohape - Kiire tarne: 1-3 p\u00e4eva - T\u00fcrosiin","description":"Tyrosine pulber suurep\u00e4rase hinnaga! Tegemist on naturaalse t\u00fcrosiini allikaga. T\u00fcrosiin suurendab t\u00e4helepanu ja fookust.","robots":{"index":"index","follow":"follow","max-snippet":"max-snippet:-1","max-image-preview":"max-image-preview:large","max-video-preview":"max-video-preview:-1"},"canonical":"https:\/\/fit360.ee\/en\/pood\/product-groups\/amino-acids-bcaa\/tyrosine-en\/proactive-tyrosine-200g\/","og_locale":"en_US","og_type":"article","og_title":"Tyrosine ProActive (200g)- Aminohape - Kiire tarne: 1-3 p\u00e4eva - T\u00fcrosiin","og_description":"Tyrosine pulber suurep\u00e4rase hinnaga! Tegemist on naturaalse t\u00fcrosiini allikaga. T\u00fcrosiin suurendab t\u00e4helepanu ja fookust.","og_url":"https:\/\/fit360.ee\/en\/pood\/product-groups\/amino-acids-bcaa\/tyrosine-en\/proactive-tyrosine-200g\/","og_site_name":"Fit360","article_modified_time":"2025-08-13T05:38:40+00:00","og_image":[{"width":800,"height":800,"url":"https:\/\/fit360.ee\/wp-content\/uploads\/2019\/08\/proactive-tyrosine-200g-natural-1.jpg","type":"image\/jpeg"}],"twitter_card":"summary_large_image","twitter_misc":{"Est. reading time":"1 minute"},"schema":{"@context":"https:\/\/schema.org","@graph":[{"@type":"WebPage","@id":"https:\/\/fit360.ee\/en\/pood\/product-groups\/amino-acids-bcaa\/tyrosine-en\/proactive-tyrosine-200g\/","url":"https:\/\/fit360.ee\/en\/pood\/product-groups\/amino-acids-bcaa\/tyrosine-en\/proactive-tyrosine-200g\/","name":"Tyrosine ProActive (200g)- Aminohape - Kiire tarne: 1-3 p\u00e4eva - T\u00fcrosiin","isPartOf":{"@id":"https:\/\/fit360.ee\/en\/#website"},"primaryImageOfPage":{"@id":"https:\/\/fit360.ee\/en\/pood\/product-groups\/amino-acids-bcaa\/tyrosine-en\/proactive-tyrosine-200g\/#primaryimage"},"image":{"@id":"https:\/\/fit360.ee\/en\/pood\/product-groups\/amino-acids-bcaa\/tyrosine-en\/proactive-tyrosine-200g\/#primaryimage"},"thumbnailUrl":"https:\/\/fit360.ee\/wp-content\/uploads\/2019\/08\/proactive-tyrosine-200g-natural-1.jpg","datePublished":"2019-08-16T12:48:59+00:00","dateModified":"2025-08-13T05:38:40+00:00","description":"Tyrosine pulber suurep\u00e4rase hinnaga! Tegemist on naturaalse t\u00fcrosiini allikaga. T\u00fcrosiin suurendab t\u00e4helepanu ja fookust.","breadcrumb":{"@id":"https:\/\/fit360.ee\/en\/pood\/product-groups\/amino-acids-bcaa\/tyrosine-en\/proactive-tyrosine-200g\/#breadcrumb"},"inLanguage":"en-US","potentialAction":[{"@type":"ReadAction","target":["https:\/\/fit360.ee\/en\/pood\/product-groups\/amino-acids-bcaa\/tyrosine-en\/proactive-tyrosine-200g\/"]}]},{"@type":"ImageObject","inLanguage":"en-US","@id":"https:\/\/fit360.ee\/en\/pood\/product-groups\/amino-acids-bcaa\/tyrosine-en\/proactive-tyrosine-200g\/#primaryimage","url":"https:\/\/fit360.ee\/wp-content\/uploads\/2019\/08\/proactive-tyrosine-200g-natural-1.jpg","contentUrl":"https:\/\/fit360.ee\/wp-content\/uploads\/2019\/08\/proactive-tyrosine-200g-natural-1.jpg","width":800,"height":800,"caption":"Tyrosine pulber - fit360.ee"},{"@type":"BreadcrumbList","@id":"https:\/\/fit360.ee\/en\/pood\/product-groups\/amino-acids-bcaa\/tyrosine-en\/proactive-tyrosine-200g\/#breadcrumb","itemListElement":[{"@type":"ListItem","position":1,"name":"Home","item":"https:\/\/fit360.ee\/en\/"},{"@type":"ListItem","position":2,"name":"Shop","item":"https:\/\/fit360.ee\/en\/shop\/"},{"@type":"ListItem","position":3,"name":"ProActive Tyrosine (200g)"}]},{"@type":"WebSite","@id":"https:\/\/fit360.ee\/en\/#website","url":"https:\/\/fit360.ee\/en\/","name":"Fit360","description":"","publisher":{"@id":"https:\/\/fit360.ee\/en\/#organization"},"potentialAction":[{"@type":"SearchAction","target":{"@type":"EntryPoint","urlTemplate":"https:\/\/fit360.ee\/en\/?s={search_term_string}"},"query-input":{"@type":"PropertyValueSpecification","valueRequired":true,"valueName":"search_term_string"}}],"inLanguage":"en-US"},{"@type":"Organization","@id":"https:\/\/fit360.ee\/en\/#organization","name":"Fit360","url":"https:\/\/fit360.ee\/en\/","logo":{"@type":"ImageObject","inLanguage":"en-US","@id":"https:\/\/fit360.ee\/en\/#\/schema\/logo\/image\/","url":"https:\/\/fit360.ee\/wp-content\/uploads\/2017\/01\/logo-fit360.png","contentUrl":"https:\/\/fit360.ee\/wp-content\/uploads\/2017\/01\/logo-fit360.png","width":180,"height":66,"caption":"Fit360"},"image":{"@id":"https:\/\/fit360.ee\/en\/#\/schema\/logo\/image\/"}}]}},"_links":{"self":[{"href":"https:\/\/fit360.ee\/en\/wp-json\/wp\/v2\/product\/22298","targetHints":{"allow":["GET"]}}],"collection":[{"href":"https:\/\/fit360.ee\/en\/wp-json\/wp\/v2\/product"}],"about":[{"href":"https:\/\/fit360.ee\/en\/wp-json\/wp\/v2\/types\/product"}],"replies":[{"embeddable":true,"href":"https:\/\/fit360.ee\/en\/wp-json\/wp\/v2\/comments?post=22298"}],"wp:featuredmedia":[{"embeddable":true,"href":"https:\/\/fit360.ee\/en\/wp-json\/wp\/v2\/media\/37803"}],"wp:attachment":[{"href":"https:\/\/fit360.ee\/en\/wp-json\/wp\/v2\/media?parent=22298"}],"wp:term":[{"taxonomy":"product_brand","embeddable":true,"href":"https:\/\/fit360.ee\/en\/wp-json\/wp\/v2\/product_brand?post=22298"},{"taxonomy":"product_cat","embeddable":true,"href":"https:\/\/fit360.ee\/en\/wp-json\/wp\/v2\/product_cat?post=22298"},{"taxonomy":"product_tag","embeddable":true,"href":"https:\/\/fit360.ee\/en\/wp-json\/wp\/v2\/product_tag?post=22298"},{"taxonomy":"giftcard-category","embeddable":true,"href":"https:\/\/fit360.ee\/en\/wp-json\/wp\/v2\/giftcard-category?post=22298"}],"curies":[{"name":"wp","href":"https:\/\/api.w.org\/{rel}","templated":true}]}}