{"id":22799,"date":"2019-08-30T14:48:58","date_gmt":"2019-08-30T12:48:58","guid":{"rendered":"https:\/\/fit360.ee\/pood\/uncategorized\/koensuum-q10-90-tbl\/"},"modified":"2026-04-10T15:42:06","modified_gmt":"2026-04-10T13:42:06","slug":"koensuum-q10-90-tbl","status":"publish","type":"product","link":"https:\/\/fit360.ee\/en\/pood\/product-groups\/vitamins-and-minerals-en\/coenzyme-q10-en\/koensuum-q10-90-tbl\/","title":{"rendered":"Koens\u00fc\u00fcm Q10 (90 tbl.)"},"content":{"rendered":"<h2><strong>Q10 &#8211; Koens\u00fc\u00fcm Q10<\/strong><\/h2>\n<p><strong>Koens\u00fc\u00fcm Q10<\/strong> on meie organismi igap\u00e4evase energiavarustuse jaoks \u00fclit\u00e4htis aine &#8211; see v\u00f5imaldab rakus energiat toota. Tervisliku elustiili ja tasakaalustatud toitumise korral on ka Q10 piisav tase meie organismis tagatud, aga Q10-puudus t\u00e4hendab v\u00e4simust, j\u00f5uetust ja kehalise koormuse taluvuse v\u00e4henemist.<\/p>\n<p><strong>Q10<\/strong> t\u00f5stab vastupanuv\u00f5imet stressile ja haigustele ning aitab pingelisel eluperioodil hoida keha tervena. Samuti parandab ta m\u00e4lu, suurendab keskendumis- ja anal\u00fc\u00fcsiv\u00f5imet ning aitab ennetada viirushaigusi.\u00a0 Q10-l on ka verer\u00f5hku ja veresuhkru sisaldust langetav toime.<\/p>\n<p>Pidevalt madal <strong>Q10<\/strong> tase organismis t\u00e4hendab suuremat s\u00fcdame- ja veresoonkonnahaiguste, igemep\u00f5letiku, immuuns\u00fcsteemi h\u00e4irete ja kasvajate ning n\u00e4rvis\u00fcsteemi kahjustavate h\u00e4irete, n\u00e4iteks seniilsus, ohtu. Q10-l on oluline roll ka keha vananemisprotsessi pidurdamisel.<\/p>\n<h4><strong>Q10 positiivsed m\u00f5jud<\/strong>:<\/h4>\n<ul>\n<li>T\u00f5hus antioks\u00fcdant, mis p\u00e4rsib vananemise protsesse, aitab stressiga hakkama saada ja tugevdab vastupanu haigustele<\/li>\n<li>Anal\u00fc\u00fcs aitab leida vastuseid \u00fcldise v\u00e4simuse ja nahaprobleemide p\u00f5hjustele<\/li>\n<li>Kaitseb veresoonte seinu, aju ja kogu n\u00e4rvis\u00fcsteemi kahjustuse eest<\/li>\n<li>Omab v\u00f5tmerolli rakkude energia tootmises, kaitseb raku membraane (ehk raku kestasid) ja vere lipoproteiine oks\u00fcdatiivse kahjustuse eest<\/li>\n<li>Tagab E-, C-vitamiini ja Alfa-lipoehappe aktiivsete vormide olemasolu<\/li>\n<\/ul>\n<p><strong>Koostisosad<\/strong>: koens\u00fc\u00fcm Q10, t\u00e4iteaine &#8211; tselluloos, riisit\u00e4rklis, paakumisvastased ained &#8211; rasvhapete magneesiumisoolad, r\u00e4nidioksiid.<\/p>\n<p><strong>Kasutamine<\/strong>: Tarbi 2 tabletti p\u00e4evas. \u00c4ra \u00fcleta soovitatud kogust. Hoida lastele k\u00e4ttesaamatus kohas, kuivas ja jahedas p\u00e4ikesevalgusest eemal. Ei sobi lastele ega rasendatele.<\/p>\n<p><strong>Suurus:<\/strong> 90 tabletti &#8211; 45 serveeringut<\/p>\n<table>\n<tbody>\n<tr>\n<td width=\"205\"><strong>Toimeained<\/strong><\/td>\n<td width=\"205\"><strong>1 tablett<\/strong><\/td>\n<td width=\"205\"><strong>2 tabletti<\/strong><\/td>\n<\/tr>\n<tr>\n<td width=\"205\">Koens\u00fc\u00fcm Q10<\/td>\n<td width=\"205\">30mg<\/td>\n<td width=\"205\">60mg<\/td>\n<\/tr>\n<\/tbody>\n<\/table>\n<p>Vaata ka meie Teisi Q10 Toidulisandeid <a href=\"https:\/\/fit360.ee\/en\/product-category\/product-groups\/vitamins-and-minerals-en\/coenzyme-q10-en\/\"><strong>SIIT<\/strong><\/a> v\u00f5i k\u00f5iki Vitamiine\/Mineraale <a href=\"https:\/\/fit360.ee\/en\/product-category\/product-groups\/vitamins-and-minerals-en\/\"><strong>SIIT<\/strong><\/a>!<\/p>\n<p>Soovid kaupa osta suuremas koguses? Vaata antud toodet ka meie HULGI poest\u00a0<a href=\"https:\/\/toidulisandidhulgi.ee\/product\/koensuum-q10-90-tbl\/\"><strong>SIIT<\/strong><\/a>!<\/p>\n","protected":false},"excerpt":{"rendered":"<ul>\n<li>T\u00f5hus antioks\u00fcdant, mis p\u00e4rsib vananemise protsesse, aitab stressiga hakkama saada ja tugevdab vastupanu haigustele<\/li>\n<li>Anal\u00fc\u00fcs aitab leida vastuseid \u00fcldise v\u00e4simuse ja nahaprobleemide p\u00f5hjustele<\/li>\n<li>Kaitseb veresoonte seinu, aju ja kogu n\u00e4rvis\u00fcsteemi kahjustuse eest<\/li>\n<li>Omab v\u00f5tmerolli rakkude energia tootmises, kaitseb raku membraane (ehk raku kestasid) ja vere lipoproteiine oks\u00fcdatiivse kahjustuse eest<\/li>\n<li>Tagab E-, C-vitamiini ja Alfa-lipoehappe aktiivsete vormide olemasolu<\/li>\n<\/ul>\n<p>&nbsp;<\/p>\n","protected":false},"featured_media":85286,"comment_status":"open","ping_status":"closed","template":"","meta":[],"product_brand":[],"product_cat":[5311,2279,519,5320,1328,536],"product_tag":[2157,2158,1812,2159],"giftcard-category":[],"class_list":{"0":"post-22799","1":"product","2":"type-product","3":"status-publish","4":"has-post-thumbnail","6":"product_cat-antioxidants-en","7":"product_cat-coenzyme-q10-en","8":"product_cat-product-groups","9":"product_cat-for-immunity-en","10":"product_cat-musclecare-en","11":"product_cat-vitamins-and-minerals-en","12":"product_tag-coq10-en","13":"product_tag-koensuum-q10-en","14":"product_tag-musclecare-en","15":"product_tag-q10-en","16":"pa_toidulisand-branddd-musclecare","17":"pa_tootegruppp-antioksudandid-en","18":"pa_tootegruppp-immuunsusteem-en","19":"pa_tootegruppp-koensuum-q10-en","20":"pa_tootegruppp-vitamins-and-minerals","22":"first","23":"outofstock","24":"sale","25":"taxable","26":"shipping-taxable","27":"purchasable","28":"product-type-simple"},"yoast_head":"<!-- This site is optimized with the Yoast SEO plugin v27.3 - https:\/\/yoast.com\/product\/yoast-seo-wordpress\/ -->\n<title>Koens\u00fc\u00fcm Q10 (90 tbl.) - Q10 - CoQ10 - Kiire tarne: 1-3 p\u00e4eva - Fit360<\/title>\n<meta name=\"description\" content=\"Koens\u00fc\u00fcm Q10 on t\u00f5hus antioks\u00fcdant, mis p\u00e4rsib vananemise protsesse, aitab stressiga hakkama saada ja tugevdab vastupanu haigustele\" \/>\n<meta name=\"robots\" content=\"index, follow, max-snippet:-1, max-image-preview:large, max-video-preview:-1\" \/>\n<link rel=\"canonical\" href=\"https:\/\/fit360.ee\/en\/pood\/product-groups\/vitamins-and-minerals-en\/coenzyme-q10-en\/koensuum-q10-90-tbl\/\" \/>\n<meta property=\"og:locale\" content=\"en_US\" \/>\n<meta property=\"og:type\" content=\"article\" \/>\n<meta property=\"og:title\" content=\"Koens\u00fc\u00fcm Q10 (90 tbl.) - Q10 - CoQ10 - Kiire tarne: 1-3 p\u00e4eva - Fit360\" \/>\n<meta property=\"og:description\" content=\"Koens\u00fc\u00fcm Q10 on t\u00f5hus antioks\u00fcdant, mis p\u00e4rsib vananemise protsesse, aitab stressiga hakkama saada ja tugevdab vastupanu haigustele\" \/>\n<meta property=\"og:url\" content=\"https:\/\/fit360.ee\/en\/pood\/product-groups\/vitamins-and-minerals-en\/coenzyme-q10-en\/koensuum-q10-90-tbl\/\" \/>\n<meta property=\"og:site_name\" content=\"Fit360\" \/>\n<meta property=\"article:modified_time\" content=\"2026-04-10T13:42:06+00:00\" \/>\n<meta property=\"og:image\" content=\"https:\/\/fit360.ee\/wp-content\/uploads\/2019\/08\/koensuum-q10-fit360.ee-1.png\" \/>\n\t<meta property=\"og:image:width\" content=\"600\" \/>\n\t<meta property=\"og:image:height\" content=\"600\" \/>\n\t<meta property=\"og:image:type\" content=\"image\/png\" \/>\n<meta name=\"twitter:card\" content=\"summary_large_image\" \/>\n<meta name=\"twitter:label1\" content=\"Est. reading time\" \/>\n\t<meta name=\"twitter:data1\" content=\"2 minutes\" \/>\n<script type=\"application\/ld+json\" class=\"yoast-schema-graph\">{\"@context\":\"https:\\\/\\\/schema.org\",\"@graph\":[{\"@type\":\"WebPage\",\"@id\":\"https:\\\/\\\/fit360.ee\\\/en\\\/pood\\\/product-groups\\\/vitamins-and-minerals-en\\\/coenzyme-q10-en\\\/koensuum-q10-90-tbl\\\/\",\"url\":\"https:\\\/\\\/fit360.ee\\\/en\\\/pood\\\/product-groups\\\/vitamins-and-minerals-en\\\/coenzyme-q10-en\\\/koensuum-q10-90-tbl\\\/\",\"name\":\"Koens\u00fc\u00fcm Q10 (90 tbl.) - Q10 - CoQ10 - Kiire tarne: 1-3 p\u00e4eva - Fit360\",\"isPartOf\":{\"@id\":\"https:\\\/\\\/fit360.ee\\\/en\\\/#website\"},\"primaryImageOfPage\":{\"@id\":\"https:\\\/\\\/fit360.ee\\\/en\\\/pood\\\/product-groups\\\/vitamins-and-minerals-en\\\/coenzyme-q10-en\\\/koensuum-q10-90-tbl\\\/#primaryimage\"},\"image\":{\"@id\":\"https:\\\/\\\/fit360.ee\\\/en\\\/pood\\\/product-groups\\\/vitamins-and-minerals-en\\\/coenzyme-q10-en\\\/koensuum-q10-90-tbl\\\/#primaryimage\"},\"thumbnailUrl\":\"https:\\\/\\\/fit360.ee\\\/wp-content\\\/uploads\\\/2019\\\/08\\\/koensuum-q10-fit360.ee-1.png\",\"datePublished\":\"2019-08-30T12:48:58+00:00\",\"dateModified\":\"2026-04-10T13:42:06+00:00\",\"description\":\"Koens\u00fc\u00fcm Q10 on t\u00f5hus antioks\u00fcdant, mis p\u00e4rsib vananemise protsesse, aitab stressiga hakkama saada ja tugevdab vastupanu haigustele\",\"breadcrumb\":{\"@id\":\"https:\\\/\\\/fit360.ee\\\/en\\\/pood\\\/product-groups\\\/vitamins-and-minerals-en\\\/coenzyme-q10-en\\\/koensuum-q10-90-tbl\\\/#breadcrumb\"},\"inLanguage\":\"en-US\",\"potentialAction\":[{\"@type\":\"ReadAction\",\"target\":[\"https:\\\/\\\/fit360.ee\\\/en\\\/pood\\\/product-groups\\\/vitamins-and-minerals-en\\\/coenzyme-q10-en\\\/koensuum-q10-90-tbl\\\/\"]}]},{\"@type\":\"ImageObject\",\"inLanguage\":\"en-US\",\"@id\":\"https:\\\/\\\/fit360.ee\\\/en\\\/pood\\\/product-groups\\\/vitamins-and-minerals-en\\\/coenzyme-q10-en\\\/koensuum-q10-90-tbl\\\/#primaryimage\",\"url\":\"https:\\\/\\\/fit360.ee\\\/wp-content\\\/uploads\\\/2019\\\/08\\\/koensuum-q10-fit360.ee-1.png\",\"contentUrl\":\"https:\\\/\\\/fit360.ee\\\/wp-content\\\/uploads\\\/2019\\\/08\\\/koensuum-q10-fit360.ee-1.png\",\"width\":600,\"height\":600,\"caption\":\"koens\u00fc\u00fcm q10 - fit360.ee\"},{\"@type\":\"BreadcrumbList\",\"@id\":\"https:\\\/\\\/fit360.ee\\\/en\\\/pood\\\/product-groups\\\/vitamins-and-minerals-en\\\/coenzyme-q10-en\\\/koensuum-q10-90-tbl\\\/#breadcrumb\",\"itemListElement\":[{\"@type\":\"ListItem\",\"position\":1,\"name\":\"Home\",\"item\":\"https:\\\/\\\/fit360.ee\\\/en\\\/\"},{\"@type\":\"ListItem\",\"position\":2,\"name\":\"Shop\",\"item\":\"https:\\\/\\\/fit360.ee\\\/en\\\/shop\\\/\"},{\"@type\":\"ListItem\",\"position\":3,\"name\":\"Koens\u00fc\u00fcm Q10 (90 tbl.)\"}]},{\"@type\":\"WebSite\",\"@id\":\"https:\\\/\\\/fit360.ee\\\/en\\\/#website\",\"url\":\"https:\\\/\\\/fit360.ee\\\/en\\\/\",\"name\":\"Fit360\",\"description\":\"\",\"publisher\":{\"@id\":\"https:\\\/\\\/fit360.ee\\\/en\\\/#organization\"},\"potentialAction\":[{\"@type\":\"SearchAction\",\"target\":{\"@type\":\"EntryPoint\",\"urlTemplate\":\"https:\\\/\\\/fit360.ee\\\/en\\\/?s={search_term_string}\"},\"query-input\":{\"@type\":\"PropertyValueSpecification\",\"valueRequired\":true,\"valueName\":\"search_term_string\"}}],\"inLanguage\":\"en-US\"},{\"@type\":\"Organization\",\"@id\":\"https:\\\/\\\/fit360.ee\\\/en\\\/#organization\",\"name\":\"Fit360\",\"url\":\"https:\\\/\\\/fit360.ee\\\/en\\\/\",\"logo\":{\"@type\":\"ImageObject\",\"inLanguage\":\"en-US\",\"@id\":\"https:\\\/\\\/fit360.ee\\\/en\\\/#\\\/schema\\\/logo\\\/image\\\/\",\"url\":\"https:\\\/\\\/fit360.ee\\\/wp-content\\\/uploads\\\/2017\\\/01\\\/logo-fit360.png\",\"contentUrl\":\"https:\\\/\\\/fit360.ee\\\/wp-content\\\/uploads\\\/2017\\\/01\\\/logo-fit360.png\",\"width\":180,\"height\":66,\"caption\":\"Fit360\"},\"image\":{\"@id\":\"https:\\\/\\\/fit360.ee\\\/en\\\/#\\\/schema\\\/logo\\\/image\\\/\"}}]}<\/script>\n<!-- \/ Yoast SEO plugin. -->","yoast_head_json":{"title":"Koens\u00fc\u00fcm Q10 (90 tbl.) - Q10 - CoQ10 - Kiire tarne: 1-3 p\u00e4eva - Fit360","description":"Koens\u00fc\u00fcm Q10 on t\u00f5hus antioks\u00fcdant, mis p\u00e4rsib vananemise protsesse, aitab stressiga hakkama saada ja tugevdab vastupanu haigustele","robots":{"index":"index","follow":"follow","max-snippet":"max-snippet:-1","max-image-preview":"max-image-preview:large","max-video-preview":"max-video-preview:-1"},"canonical":"https:\/\/fit360.ee\/en\/pood\/product-groups\/vitamins-and-minerals-en\/coenzyme-q10-en\/koensuum-q10-90-tbl\/","og_locale":"en_US","og_type":"article","og_title":"Koens\u00fc\u00fcm Q10 (90 tbl.) - Q10 - CoQ10 - Kiire tarne: 1-3 p\u00e4eva - Fit360","og_description":"Koens\u00fc\u00fcm Q10 on t\u00f5hus antioks\u00fcdant, mis p\u00e4rsib vananemise protsesse, aitab stressiga hakkama saada ja tugevdab vastupanu haigustele","og_url":"https:\/\/fit360.ee\/en\/pood\/product-groups\/vitamins-and-minerals-en\/coenzyme-q10-en\/koensuum-q10-90-tbl\/","og_site_name":"Fit360","article_modified_time":"2026-04-10T13:42:06+00:00","og_image":[{"width":600,"height":600,"url":"https:\/\/fit360.ee\/wp-content\/uploads\/2019\/08\/koensuum-q10-fit360.ee-1.png","type":"image\/png"}],"twitter_card":"summary_large_image","twitter_misc":{"Est. reading time":"2 minutes"},"schema":{"@context":"https:\/\/schema.org","@graph":[{"@type":"WebPage","@id":"https:\/\/fit360.ee\/en\/pood\/product-groups\/vitamins-and-minerals-en\/coenzyme-q10-en\/koensuum-q10-90-tbl\/","url":"https:\/\/fit360.ee\/en\/pood\/product-groups\/vitamins-and-minerals-en\/coenzyme-q10-en\/koensuum-q10-90-tbl\/","name":"Koens\u00fc\u00fcm Q10 (90 tbl.) - Q10 - CoQ10 - Kiire tarne: 1-3 p\u00e4eva - Fit360","isPartOf":{"@id":"https:\/\/fit360.ee\/en\/#website"},"primaryImageOfPage":{"@id":"https:\/\/fit360.ee\/en\/pood\/product-groups\/vitamins-and-minerals-en\/coenzyme-q10-en\/koensuum-q10-90-tbl\/#primaryimage"},"image":{"@id":"https:\/\/fit360.ee\/en\/pood\/product-groups\/vitamins-and-minerals-en\/coenzyme-q10-en\/koensuum-q10-90-tbl\/#primaryimage"},"thumbnailUrl":"https:\/\/fit360.ee\/wp-content\/uploads\/2019\/08\/koensuum-q10-fit360.ee-1.png","datePublished":"2019-08-30T12:48:58+00:00","dateModified":"2026-04-10T13:42:06+00:00","description":"Koens\u00fc\u00fcm Q10 on t\u00f5hus antioks\u00fcdant, mis p\u00e4rsib vananemise protsesse, aitab stressiga hakkama saada ja tugevdab vastupanu haigustele","breadcrumb":{"@id":"https:\/\/fit360.ee\/en\/pood\/product-groups\/vitamins-and-minerals-en\/coenzyme-q10-en\/koensuum-q10-90-tbl\/#breadcrumb"},"inLanguage":"en-US","potentialAction":[{"@type":"ReadAction","target":["https:\/\/fit360.ee\/en\/pood\/product-groups\/vitamins-and-minerals-en\/coenzyme-q10-en\/koensuum-q10-90-tbl\/"]}]},{"@type":"ImageObject","inLanguage":"en-US","@id":"https:\/\/fit360.ee\/en\/pood\/product-groups\/vitamins-and-minerals-en\/coenzyme-q10-en\/koensuum-q10-90-tbl\/#primaryimage","url":"https:\/\/fit360.ee\/wp-content\/uploads\/2019\/08\/koensuum-q10-fit360.ee-1.png","contentUrl":"https:\/\/fit360.ee\/wp-content\/uploads\/2019\/08\/koensuum-q10-fit360.ee-1.png","width":600,"height":600,"caption":"koens\u00fc\u00fcm q10 - fit360.ee"},{"@type":"BreadcrumbList","@id":"https:\/\/fit360.ee\/en\/pood\/product-groups\/vitamins-and-minerals-en\/coenzyme-q10-en\/koensuum-q10-90-tbl\/#breadcrumb","itemListElement":[{"@type":"ListItem","position":1,"name":"Home","item":"https:\/\/fit360.ee\/en\/"},{"@type":"ListItem","position":2,"name":"Shop","item":"https:\/\/fit360.ee\/en\/shop\/"},{"@type":"ListItem","position":3,"name":"Koens\u00fc\u00fcm Q10 (90 tbl.)"}]},{"@type":"WebSite","@id":"https:\/\/fit360.ee\/en\/#website","url":"https:\/\/fit360.ee\/en\/","name":"Fit360","description":"","publisher":{"@id":"https:\/\/fit360.ee\/en\/#organization"},"potentialAction":[{"@type":"SearchAction","target":{"@type":"EntryPoint","urlTemplate":"https:\/\/fit360.ee\/en\/?s={search_term_string}"},"query-input":{"@type":"PropertyValueSpecification","valueRequired":true,"valueName":"search_term_string"}}],"inLanguage":"en-US"},{"@type":"Organization","@id":"https:\/\/fit360.ee\/en\/#organization","name":"Fit360","url":"https:\/\/fit360.ee\/en\/","logo":{"@type":"ImageObject","inLanguage":"en-US","@id":"https:\/\/fit360.ee\/en\/#\/schema\/logo\/image\/","url":"https:\/\/fit360.ee\/wp-content\/uploads\/2017\/01\/logo-fit360.png","contentUrl":"https:\/\/fit360.ee\/wp-content\/uploads\/2017\/01\/logo-fit360.png","width":180,"height":66,"caption":"Fit360"},"image":{"@id":"https:\/\/fit360.ee\/en\/#\/schema\/logo\/image\/"}}]}},"_links":{"self":[{"href":"https:\/\/fit360.ee\/en\/wp-json\/wp\/v2\/product\/22799","targetHints":{"allow":["GET"]}}],"collection":[{"href":"https:\/\/fit360.ee\/en\/wp-json\/wp\/v2\/product"}],"about":[{"href":"https:\/\/fit360.ee\/en\/wp-json\/wp\/v2\/types\/product"}],"replies":[{"embeddable":true,"href":"https:\/\/fit360.ee\/en\/wp-json\/wp\/v2\/comments?post=22799"}],"wp:featuredmedia":[{"embeddable":true,"href":"https:\/\/fit360.ee\/en\/wp-json\/wp\/v2\/media\/85286"}],"wp:attachment":[{"href":"https:\/\/fit360.ee\/en\/wp-json\/wp\/v2\/media?parent=22799"}],"wp:term":[{"taxonomy":"product_brand","embeddable":true,"href":"https:\/\/fit360.ee\/en\/wp-json\/wp\/v2\/product_brand?post=22799"},{"taxonomy":"product_cat","embeddable":true,"href":"https:\/\/fit360.ee\/en\/wp-json\/wp\/v2\/product_cat?post=22799"},{"taxonomy":"product_tag","embeddable":true,"href":"https:\/\/fit360.ee\/en\/wp-json\/wp\/v2\/product_tag?post=22799"},{"taxonomy":"giftcard-category","embeddable":true,"href":"https:\/\/fit360.ee\/en\/wp-json\/wp\/v2\/giftcard-category?post=22799"}],"curies":[{"name":"wp","href":"https:\/\/api.w.org\/{rel}","templated":true}]}}