{"id":22810,"date":"2019-08-30T15:40:12","date_gmt":"2019-08-30T13:40:12","guid":{"rendered":"https:\/\/fit360.ee\/pood\/uncategorized\/eaa-essential-amino-acids-420g\/"},"modified":"2026-04-11T10:27:01","modified_gmt":"2026-04-11T08:27:01","slug":"eaa-essential-amino-acids-420g","status":"publish","type":"product","link":"https:\/\/fit360.ee\/en\/pood\/product-groups\/amino-acids-bcaa\/bcaa-en\/eaa-essential-amino-acids-420g\/","title":{"rendered":"EAA &#8211; Essential Amino Acids (420g)"},"content":{"rendered":"<h1>EAA &#8211; Essential Amino Acids<\/h1>\n<p>EAA &#8211; Asendamatud Aminohapped pulbri kujul<\/p>\n<p><strong>Koostisosad<\/strong>: Asendamatute <em>Instant<\/em> segunevate aminohapete segu: (sisaldab: L-leutsiin, L-valiin, L-l\u00fctsiin, L-fen\u00fc\u00fclalaiin, L-treoniin, L-isoleutsiin, L-histidiin, L-metioniin, L-tr\u00fcptofaan), happesuse regulaator: sidrunhape, l\u00f5hna- ja maitseained, magusained: sukraloos, v\u00e4rvained (k\u00fcsi t\u00e4psemalt &#8211; s\u00f5ltuvalt maitsest).<\/p>\n<p><strong>Kasutamine<\/strong>: Lahusta 12g (2 m\u00f5\u00f5tekulpi) 400ml (v\u00f5i rohkem) vee sees. Tarbi \u00fcks kord p\u00e4evas.<\/p>\n<p><strong>Suurus<\/strong>: 420g &#8211; 35 serveeringut<\/p>\n<p>&nbsp;<\/p>\n<table>\n<tbody>\n<tr>\n<td width=\"205\"><strong>Aktiivsed toimeained<\/strong><\/td>\n<td width=\"205\"><strong>Serveeringu kohta<\/strong><\/td>\n<td width=\"205\"><strong>%SPK<\/strong><\/td>\n<\/tr>\n<tr>\n<td width=\"205\">L-leutsiin<\/td>\n<td width=\"205\">3333mg<\/td>\n<td width=\"205\">**<\/td>\n<\/tr>\n<tr>\n<td width=\"205\">L-valiin<\/td>\n<td width=\"205\">1467mg<\/td>\n<td width=\"205\">**<\/td>\n<\/tr>\n<tr>\n<td width=\"205\">L-l\u00fctsiin<\/td>\n<td width=\"205\">1467mg<\/td>\n<td width=\"205\">**<\/td>\n<\/tr>\n<tr>\n<td width=\"205\">L-fen\u00fc\u00fclalaiin<\/td>\n<td width=\"205\">1200mg<\/td>\n<td width=\"205\">**<\/td>\n<\/tr>\n<tr>\n<td width=\"205\">L-treoniin<\/td>\n<td width=\"205\">1000mg<\/td>\n<td width=\"205\">**<\/td>\n<\/tr>\n<tr>\n<td width=\"205\">L-isoleutsiin<\/td>\n<td width=\"205\">600mg<\/td>\n<td width=\"205\">**<\/td>\n<\/tr>\n<tr>\n<td width=\"205\">L-histidiin<\/td>\n<td width=\"205\">467mg<\/td>\n<td width=\"205\">**<\/td>\n<\/tr>\n<tr>\n<td width=\"205\">L-metioniin<\/td>\n<td width=\"205\">333mg<\/td>\n<td width=\"205\">**<\/td>\n<\/tr>\n<tr>\n<td width=\"205\">L-tr\u00fcptofaan<\/td>\n<td width=\"205\">133mg<\/td>\n<td width=\"205\">**<\/td>\n<\/tr>\n<\/tbody>\n<\/table>\n<p>** SPK &#8211; soovitatud p\u00e4evane kogus &#8211; pole kindlaks tehtud<\/p>\n<p>Soovid kaupa osta suuremas koguses? Vaata antud toodet ka meie HULGI poest\u00a0<a href=\"https:\/\/toidulisandidhulgi.ee\/product\/eaa-essential-amino-acids-420g\/\"><strong>SIIT<\/strong><\/a>!<\/p>\n","protected":false},"excerpt":{"rendered":"<h2><strong><em>Essential Amino Acids<\/em> ehk asendamatud aminohapped<\/strong>:<\/h2>\n<ul>\n<li>vajalikud organismi kasvuks ja ehituseks,<\/li>\n<li>peaaegu k\u00f5ik ens\u00fc\u00fcmid ning osad hormoonid on valgulise koostisega,<\/li>\n<li>osalevad aktiivselt antikehade tootmises ja tagavad organismi tugeva ning toimiva immuuns\u00fcsteemi,<\/li>\n<li>osalevad paljude \u00fchendite transpordis,<\/li>\n<\/ul>\n<p><b>Asendamatud aminohapped<\/b>\u00a0on\u00a0aminohapped, mida inimese organism ise kas \u00fcldse ei tooda v\u00f5i toodab v\u00e4hesel m\u00e4\u00e4ral, nii et nende omastamine\u00a0toidust on m\u00f6\u00f6dap\u00e4\u00e4smatult vajalik. Valguvaese toidu tarvitamisel v\u00f5ib tekkida asendamatute aminohapete puudus. N\u00e4iteks esineb seda \u00fchek\u00fclgse\u00a0taimetoitluse\u00a0puhul.\u00a0Riisi- v\u00f5i\u00a0nisudieedi\u00a0korral on k\u00f5rgem t\u00f5en\u00e4osus\u00a0l\u00fcsiini\u00a0puuduseks,\u00a0sojaoa\u00a0dieedi\u00a0korral aga\u00a0metioniini\u00a0vajakaj\u00e4\u00e4miseks.<\/p>\n<p><strong>Asendamatud aminohapped<\/strong> on: isoleutsiin, leutsiin, l\u00fcsiin, metioniin, fen\u00fc\u00fclalaniin, treoniin, tr\u00fcptofaan, valiin, histidiin<\/p>\n","protected":false},"featured_media":63828,"comment_status":"open","ping_status":"closed","template":"","meta":[],"product_brand":[],"product_cat":[520,2299,2331,2335,515,2323],"product_tag":[1816,1817,1818,1803],"giftcard-category":[],"class_list":{"0":"post-22810","1":"product","2":"type-product","3":"status-publish","4":"has-post-thumbnail","6":"product_cat-amino-acids-bcaa","7":"product_cat-bcaa-en","8":"product_cat-essential-amino-acids-eaa-en","9":"product_cat-leucine-en","10":"product_cat-real-pharm","11":"product_cat-tryptophan-en","12":"product_tag-asendamatud-aminohapped-en","13":"product_tag-eaa-en","14":"product_tag-essential-amino-acids-en","15":"product_tag-real-pharm-en","16":"pa_maitse-forest-fruit","17":"pa_maitse-lemon","18":"pa_maitse-mango-maracuja-en","19":"pa_maitse-orange","20":"pa_maitse-puuviljapuns-en","21":"pa_maitse-strawberry-watermelon","23":"first","24":"instock","25":"sale","26":"taxable","27":"shipping-taxable","28":"purchasable","29":"product-type-variable"},"yoast_head":"<!-- This site is optimized with the Yoast SEO plugin v27.3 - https:\/\/yoast.com\/product\/yoast-seo-wordpress\/ -->\n<title>EAA - Asendamatud Aminohapped - Essential Amino Acids - Kiire tarne<\/title>\n<meta name=\"description\" content=\"EAA - Asendamatud aminohapped\u00a0on\u00a0aminohapped, mida organism ise kas \u00fcldse ei tooda v\u00f5i toodab v\u00e4hesel m\u00e4\u00e4ral. Vajalikud organismi kasvuks ja ehituseks.\" \/>\n<meta name=\"robots\" content=\"index, follow, max-snippet:-1, max-image-preview:large, max-video-preview:-1\" \/>\n<link rel=\"canonical\" href=\"https:\/\/fit360.ee\/en\/pood\/product-groups\/amino-acids-bcaa\/bcaa-en\/eaa-essential-amino-acids-420g\/\" \/>\n<meta property=\"og:locale\" content=\"en_US\" \/>\n<meta property=\"og:type\" content=\"article\" \/>\n<meta property=\"og:title\" content=\"EAA - Asendamatud Aminohapped - Essential Amino Acids - Kiire tarne\" \/>\n<meta property=\"og:description\" content=\"EAA - Asendamatud aminohapped\u00a0on\u00a0aminohapped, mida organism ise kas \u00fcldse ei tooda v\u00f5i toodab v\u00e4hesel m\u00e4\u00e4ral. Vajalikud organismi kasvuks ja ehituseks.\" \/>\n<meta property=\"og:url\" content=\"https:\/\/fit360.ee\/en\/pood\/product-groups\/amino-acids-bcaa\/bcaa-en\/eaa-essential-amino-acids-420g\/\" \/>\n<meta property=\"og:site_name\" content=\"Fit360\" \/>\n<meta property=\"article:modified_time\" content=\"2026-04-11T08:27:01+00:00\" \/>\n<meta property=\"og:image\" content=\"https:\/\/fit360.ee\/wp-content\/uploads\/2019\/08\/eaa-aminohapped-fit360.ee_.png\" \/>\n\t<meta property=\"og:image:width\" content=\"600\" \/>\n\t<meta property=\"og:image:height\" content=\"600\" \/>\n\t<meta property=\"og:image:type\" content=\"image\/png\" \/>\n<meta name=\"twitter:card\" content=\"summary_large_image\" \/>\n<meta name=\"twitter:label1\" content=\"Est. reading time\" \/>\n\t<meta name=\"twitter:data1\" content=\"1 minute\" \/>\n<script type=\"application\/ld+json\" class=\"yoast-schema-graph\">{\"@context\":\"https:\\\/\\\/schema.org\",\"@graph\":[{\"@type\":\"WebPage\",\"@id\":\"https:\\\/\\\/fit360.ee\\\/en\\\/pood\\\/product-groups\\\/amino-acids-bcaa\\\/bcaa-en\\\/eaa-essential-amino-acids-420g\\\/\",\"url\":\"https:\\\/\\\/fit360.ee\\\/en\\\/pood\\\/product-groups\\\/amino-acids-bcaa\\\/bcaa-en\\\/eaa-essential-amino-acids-420g\\\/\",\"name\":\"EAA - Asendamatud Aminohapped - Essential Amino Acids - Kiire tarne\",\"isPartOf\":{\"@id\":\"https:\\\/\\\/fit360.ee\\\/en\\\/#website\"},\"primaryImageOfPage\":{\"@id\":\"https:\\\/\\\/fit360.ee\\\/en\\\/pood\\\/product-groups\\\/amino-acids-bcaa\\\/bcaa-en\\\/eaa-essential-amino-acids-420g\\\/#primaryimage\"},\"image\":{\"@id\":\"https:\\\/\\\/fit360.ee\\\/en\\\/pood\\\/product-groups\\\/amino-acids-bcaa\\\/bcaa-en\\\/eaa-essential-amino-acids-420g\\\/#primaryimage\"},\"thumbnailUrl\":\"https:\\\/\\\/fit360.ee\\\/wp-content\\\/uploads\\\/2019\\\/08\\\/eaa-aminohapped-fit360.ee_.png\",\"datePublished\":\"2019-08-30T13:40:12+00:00\",\"dateModified\":\"2026-04-11T08:27:01+00:00\",\"description\":\"EAA - Asendamatud aminohapped\u00a0on\u00a0aminohapped, mida organism ise kas \u00fcldse ei tooda v\u00f5i toodab v\u00e4hesel m\u00e4\u00e4ral. Vajalikud organismi kasvuks ja ehituseks.\",\"breadcrumb\":{\"@id\":\"https:\\\/\\\/fit360.ee\\\/en\\\/pood\\\/product-groups\\\/amino-acids-bcaa\\\/bcaa-en\\\/eaa-essential-amino-acids-420g\\\/#breadcrumb\"},\"inLanguage\":\"en-US\",\"potentialAction\":[{\"@type\":\"ReadAction\",\"target\":[\"https:\\\/\\\/fit360.ee\\\/en\\\/pood\\\/product-groups\\\/amino-acids-bcaa\\\/bcaa-en\\\/eaa-essential-amino-acids-420g\\\/\"]}]},{\"@type\":\"ImageObject\",\"inLanguage\":\"en-US\",\"@id\":\"https:\\\/\\\/fit360.ee\\\/en\\\/pood\\\/product-groups\\\/amino-acids-bcaa\\\/bcaa-en\\\/eaa-essential-amino-acids-420g\\\/#primaryimage\",\"url\":\"https:\\\/\\\/fit360.ee\\\/wp-content\\\/uploads\\\/2019\\\/08\\\/eaa-aminohapped-fit360.ee_.png\",\"contentUrl\":\"https:\\\/\\\/fit360.ee\\\/wp-content\\\/uploads\\\/2019\\\/08\\\/eaa-aminohapped-fit360.ee_.png\",\"width\":600,\"height\":600,\"caption\":\"eaa aminohapped - fit360.ee\"},{\"@type\":\"BreadcrumbList\",\"@id\":\"https:\\\/\\\/fit360.ee\\\/en\\\/pood\\\/product-groups\\\/amino-acids-bcaa\\\/bcaa-en\\\/eaa-essential-amino-acids-420g\\\/#breadcrumb\",\"itemListElement\":[{\"@type\":\"ListItem\",\"position\":1,\"name\":\"Home\",\"item\":\"https:\\\/\\\/fit360.ee\\\/en\\\/\"},{\"@type\":\"ListItem\",\"position\":2,\"name\":\"Shop\",\"item\":\"https:\\\/\\\/fit360.ee\\\/en\\\/shop\\\/\"},{\"@type\":\"ListItem\",\"position\":3,\"name\":\"EAA &#8211; Essential Amino Acids (420g)\"}]},{\"@type\":\"WebSite\",\"@id\":\"https:\\\/\\\/fit360.ee\\\/en\\\/#website\",\"url\":\"https:\\\/\\\/fit360.ee\\\/en\\\/\",\"name\":\"Fit360\",\"description\":\"\",\"publisher\":{\"@id\":\"https:\\\/\\\/fit360.ee\\\/en\\\/#organization\"},\"potentialAction\":[{\"@type\":\"SearchAction\",\"target\":{\"@type\":\"EntryPoint\",\"urlTemplate\":\"https:\\\/\\\/fit360.ee\\\/en\\\/?s={search_term_string}\"},\"query-input\":{\"@type\":\"PropertyValueSpecification\",\"valueRequired\":true,\"valueName\":\"search_term_string\"}}],\"inLanguage\":\"en-US\"},{\"@type\":\"Organization\",\"@id\":\"https:\\\/\\\/fit360.ee\\\/en\\\/#organization\",\"name\":\"Fit360\",\"url\":\"https:\\\/\\\/fit360.ee\\\/en\\\/\",\"logo\":{\"@type\":\"ImageObject\",\"inLanguage\":\"en-US\",\"@id\":\"https:\\\/\\\/fit360.ee\\\/en\\\/#\\\/schema\\\/logo\\\/image\\\/\",\"url\":\"https:\\\/\\\/fit360.ee\\\/wp-content\\\/uploads\\\/2017\\\/01\\\/logo-fit360.png\",\"contentUrl\":\"https:\\\/\\\/fit360.ee\\\/wp-content\\\/uploads\\\/2017\\\/01\\\/logo-fit360.png\",\"width\":180,\"height\":66,\"caption\":\"Fit360\"},\"image\":{\"@id\":\"https:\\\/\\\/fit360.ee\\\/en\\\/#\\\/schema\\\/logo\\\/image\\\/\"}}]}<\/script>\n<!-- \/ Yoast SEO plugin. -->","yoast_head_json":{"title":"EAA - Asendamatud Aminohapped - Essential Amino Acids - Kiire tarne","description":"EAA - Asendamatud aminohapped\u00a0on\u00a0aminohapped, mida organism ise kas \u00fcldse ei tooda v\u00f5i toodab v\u00e4hesel m\u00e4\u00e4ral. Vajalikud organismi kasvuks ja ehituseks.","robots":{"index":"index","follow":"follow","max-snippet":"max-snippet:-1","max-image-preview":"max-image-preview:large","max-video-preview":"max-video-preview:-1"},"canonical":"https:\/\/fit360.ee\/en\/pood\/product-groups\/amino-acids-bcaa\/bcaa-en\/eaa-essential-amino-acids-420g\/","og_locale":"en_US","og_type":"article","og_title":"EAA - Asendamatud Aminohapped - Essential Amino Acids - Kiire tarne","og_description":"EAA - Asendamatud aminohapped\u00a0on\u00a0aminohapped, mida organism ise kas \u00fcldse ei tooda v\u00f5i toodab v\u00e4hesel m\u00e4\u00e4ral. Vajalikud organismi kasvuks ja ehituseks.","og_url":"https:\/\/fit360.ee\/en\/pood\/product-groups\/amino-acids-bcaa\/bcaa-en\/eaa-essential-amino-acids-420g\/","og_site_name":"Fit360","article_modified_time":"2026-04-11T08:27:01+00:00","og_image":[{"width":600,"height":600,"url":"https:\/\/fit360.ee\/wp-content\/uploads\/2019\/08\/eaa-aminohapped-fit360.ee_.png","type":"image\/png"}],"twitter_card":"summary_large_image","twitter_misc":{"Est. reading time":"1 minute"},"schema":{"@context":"https:\/\/schema.org","@graph":[{"@type":"WebPage","@id":"https:\/\/fit360.ee\/en\/pood\/product-groups\/amino-acids-bcaa\/bcaa-en\/eaa-essential-amino-acids-420g\/","url":"https:\/\/fit360.ee\/en\/pood\/product-groups\/amino-acids-bcaa\/bcaa-en\/eaa-essential-amino-acids-420g\/","name":"EAA - Asendamatud Aminohapped - Essential Amino Acids - Kiire tarne","isPartOf":{"@id":"https:\/\/fit360.ee\/en\/#website"},"primaryImageOfPage":{"@id":"https:\/\/fit360.ee\/en\/pood\/product-groups\/amino-acids-bcaa\/bcaa-en\/eaa-essential-amino-acids-420g\/#primaryimage"},"image":{"@id":"https:\/\/fit360.ee\/en\/pood\/product-groups\/amino-acids-bcaa\/bcaa-en\/eaa-essential-amino-acids-420g\/#primaryimage"},"thumbnailUrl":"https:\/\/fit360.ee\/wp-content\/uploads\/2019\/08\/eaa-aminohapped-fit360.ee_.png","datePublished":"2019-08-30T13:40:12+00:00","dateModified":"2026-04-11T08:27:01+00:00","description":"EAA - Asendamatud aminohapped\u00a0on\u00a0aminohapped, mida organism ise kas \u00fcldse ei tooda v\u00f5i toodab v\u00e4hesel m\u00e4\u00e4ral. Vajalikud organismi kasvuks ja ehituseks.","breadcrumb":{"@id":"https:\/\/fit360.ee\/en\/pood\/product-groups\/amino-acids-bcaa\/bcaa-en\/eaa-essential-amino-acids-420g\/#breadcrumb"},"inLanguage":"en-US","potentialAction":[{"@type":"ReadAction","target":["https:\/\/fit360.ee\/en\/pood\/product-groups\/amino-acids-bcaa\/bcaa-en\/eaa-essential-amino-acids-420g\/"]}]},{"@type":"ImageObject","inLanguage":"en-US","@id":"https:\/\/fit360.ee\/en\/pood\/product-groups\/amino-acids-bcaa\/bcaa-en\/eaa-essential-amino-acids-420g\/#primaryimage","url":"https:\/\/fit360.ee\/wp-content\/uploads\/2019\/08\/eaa-aminohapped-fit360.ee_.png","contentUrl":"https:\/\/fit360.ee\/wp-content\/uploads\/2019\/08\/eaa-aminohapped-fit360.ee_.png","width":600,"height":600,"caption":"eaa aminohapped - fit360.ee"},{"@type":"BreadcrumbList","@id":"https:\/\/fit360.ee\/en\/pood\/product-groups\/amino-acids-bcaa\/bcaa-en\/eaa-essential-amino-acids-420g\/#breadcrumb","itemListElement":[{"@type":"ListItem","position":1,"name":"Home","item":"https:\/\/fit360.ee\/en\/"},{"@type":"ListItem","position":2,"name":"Shop","item":"https:\/\/fit360.ee\/en\/shop\/"},{"@type":"ListItem","position":3,"name":"EAA &#8211; Essential Amino Acids (420g)"}]},{"@type":"WebSite","@id":"https:\/\/fit360.ee\/en\/#website","url":"https:\/\/fit360.ee\/en\/","name":"Fit360","description":"","publisher":{"@id":"https:\/\/fit360.ee\/en\/#organization"},"potentialAction":[{"@type":"SearchAction","target":{"@type":"EntryPoint","urlTemplate":"https:\/\/fit360.ee\/en\/?s={search_term_string}"},"query-input":{"@type":"PropertyValueSpecification","valueRequired":true,"valueName":"search_term_string"}}],"inLanguage":"en-US"},{"@type":"Organization","@id":"https:\/\/fit360.ee\/en\/#organization","name":"Fit360","url":"https:\/\/fit360.ee\/en\/","logo":{"@type":"ImageObject","inLanguage":"en-US","@id":"https:\/\/fit360.ee\/en\/#\/schema\/logo\/image\/","url":"https:\/\/fit360.ee\/wp-content\/uploads\/2017\/01\/logo-fit360.png","contentUrl":"https:\/\/fit360.ee\/wp-content\/uploads\/2017\/01\/logo-fit360.png","width":180,"height":66,"caption":"Fit360"},"image":{"@id":"https:\/\/fit360.ee\/en\/#\/schema\/logo\/image\/"}}]}},"_links":{"self":[{"href":"https:\/\/fit360.ee\/en\/wp-json\/wp\/v2\/product\/22810","targetHints":{"allow":["GET"]}}],"collection":[{"href":"https:\/\/fit360.ee\/en\/wp-json\/wp\/v2\/product"}],"about":[{"href":"https:\/\/fit360.ee\/en\/wp-json\/wp\/v2\/types\/product"}],"replies":[{"embeddable":true,"href":"https:\/\/fit360.ee\/en\/wp-json\/wp\/v2\/comments?post=22810"}],"wp:featuredmedia":[{"embeddable":true,"href":"https:\/\/fit360.ee\/en\/wp-json\/wp\/v2\/media\/63828"}],"wp:attachment":[{"href":"https:\/\/fit360.ee\/en\/wp-json\/wp\/v2\/media?parent=22810"}],"wp:term":[{"taxonomy":"product_brand","embeddable":true,"href":"https:\/\/fit360.ee\/en\/wp-json\/wp\/v2\/product_brand?post=22810"},{"taxonomy":"product_cat","embeddable":true,"href":"https:\/\/fit360.ee\/en\/wp-json\/wp\/v2\/product_cat?post=22810"},{"taxonomy":"product_tag","embeddable":true,"href":"https:\/\/fit360.ee\/en\/wp-json\/wp\/v2\/product_tag?post=22810"},{"taxonomy":"giftcard-category","embeddable":true,"href":"https:\/\/fit360.ee\/en\/wp-json\/wp\/v2\/giftcard-category?post=22810"}],"curies":[{"name":"wp","href":"https:\/\/api.w.org\/{rel}","templated":true}]}}