{"id":22826,"date":"2019-08-30T16:41:36","date_gmt":"2019-08-30T14:41:36","guid":{"rendered":"https:\/\/fit360.ee\/pood\/uncategorized\/biotiin-60tbl\/"},"modified":"2025-08-19T19:57:10","modified_gmt":"2025-08-19T17:57:10","slug":"biotiin-tabletid-60tbl","status":"publish","type":"product","link":"https:\/\/fit360.ee\/en\/pood\/product-groups\/vitamins-and-minerals-en\/b-vitamin-en\/biotiin-tabletid-60tbl\/","title":{"rendered":"Biotiin (60tbl)"},"content":{"rendered":"<h1>BIOTIIN &#8211; tableti kujul<\/h1>\n<p><b>Biotiin tabletid<\/b> ehk <b>H-vitamiin<\/b> ehk <b>B<sub>7<\/sub>-vitamiin<\/b> ehk <b>B<sub>8<\/sub>-vitamiin<\/b> ehk <b>koens\u00fc\u00fcm R<\/b> on valdavalt endogeenne vesilahustuv B-r\u00fchma vitamiin, mis on mikrokogustes igap\u00e4evaselt vajalik nii pro- kui ka eukar\u00fcootsete organismide f\u00fcsioloogiliste protsesside normaalseks toimimiseks. Biotine on paljude bakterite jaoks asendamatu kasvufaktor. Vitamiin B7 ja selle isomeerid on ka bioaktiivsed biomikromolekulid ja asendamatud koens\u00fc\u00fcmid. Biotiini leidub paljudes taimsetes ja loomsetes toitainetes ning normaalse f\u00fcsioloogiaga loomadel toimub biotiinis\u00fcntees mikroorganismidekaudu soolestikus. Seda kasutatakse ka ravimipreparaatide, s\u00f6\u00f6dalisandite, vitamiinipreparaatide ja kosmeetikatoodete oluline koostisosa. Biotiin tabletid hoiavad korras ja tugevdavad Sinu juukseid, k\u00fc\u00fcsi ja nahka.<\/p>\n<p>Biotiini t\u00e4ielik puudumine (ka bioaktiivsuse minetanuna) toidus v\u00f5i kestev vaegus v\u00f5ib olla organismile kahjulik ja koguni ohtlik<\/p>\n<p><strong>Koostisosad<\/strong>: biotiin, tsinklaktaat, naatriumselenaat, t\u00e4iteained: tselluloos, t\u00e4rklis, paakumisvastased ained: kaltsiumfosfaat, r\u00e4nidioksiid, rasvhapete magneesiumisoolad.<\/p>\n<p><strong>Kasutamine<\/strong>: V\u00f5ta 1 tablett p\u00e4evas veega.<\/p>\n<p><strong>Suurus<\/strong>: 60 tabletti<\/p>\n<table>\n<tbody>\n<tr>\n<td width=\"205\"><strong>Aktiivsed toimeained<\/strong><\/td>\n<td width=\"205\"><strong>1 tablett<\/strong><\/td>\n<td width=\"205\"><strong>%SPK<\/strong><\/td>\n<\/tr>\n<tr>\n<td width=\"205\">Biotiin<\/td>\n<td width=\"205\">2500\u00b5g<\/td>\n<td width=\"205\">5000%<\/td>\n<\/tr>\n<tr>\n<td width=\"205\">Tsink (tsinklaktaat)<\/td>\n<td width=\"205\">10mg<\/td>\n<td width=\"205\">100%<\/td>\n<\/tr>\n<tr>\n<td width=\"205\">Seleen (naatriumseleniit)<\/td>\n<td width=\"205\">55\u00b5g<\/td>\n<td width=\"205\">100%<\/td>\n<\/tr>\n<\/tbody>\n<\/table>\n<p>Soovid kaupa osta suuremas koguses? Vaata antud toodet ka meie HULGI poest\u00a0<a href=\"https:\/\/toidulisandidhulgi.ee\/product\/biotiin-60tbl\/\"><strong>SIIT<\/strong><\/a>!<\/p>\n","protected":false},"excerpt":{"rendered":"<h2>BIOTIIN:<\/h2>\n<p><strong>Biotiin<\/strong> on elutegevuseks oluline k\u00f5igile tuntud organismidele ning seda s\u00fcnteesivad taimed ja mikroorganismid, kuid loomadel, sh inimesel, on biotiini s\u00fcntees puudulik. Toidus leidub biotiini vabas v\u00f5i valguga seotud vormis.<\/p>\n<h4><strong>Biotiini<\/strong> on vaja:<\/h4>\n<ul>\n<li>Rasvhapete ja gl\u00fckoosi s\u00fcnteesis ning osade aminohapete ainevahetuses,<\/li>\n<li>valkude, foolhappe, pantoteenhappe ja B<sub>12<\/sub>-vitamiini ainevahetuses.<\/li>\n<li>Hoiab korras ja tugevdab Sinu juukseid, k\u00fc\u00fcsi ja nahka<\/li>\n<\/ul>\n<p>Biotiini t\u00e4ielik puudumine (ka bioaktiivsuse minetanuna) toidus v\u00f5i kestev vaegus v\u00f5ib olla organismile kahjulik ja koguni ohtlik<\/p>\n","protected":false},"featured_media":39501,"comment_status":"open","ping_status":"closed","template":"","meta":[],"product_brand":[],"product_cat":[2251,2255,515,1454,536],"product_tag":[2099,2151,1803],"giftcard-category":[],"class_list":{"0":"post-22826","1":"product","2":"type-product","3":"status-publish","4":"has-post-thumbnail","6":"product_cat-b-vitamin-en","7":"product_cat-biotin-en","8":"product_cat-real-pharm","9":"product_cat-superfoods-health-foods-en","10":"product_cat-vitamins-and-minerals-en","11":"product_tag-biotiin-en","12":"product_tag-biotiin-tabletid-en","13":"product_tag-real-pharm-en","14":"pa_toidulisand-branddd-real-pharm","15":"pa_tootegruppp-b-vitamiin-en","16":"pa_tootegruppp-biotiin-en","17":"pa_tootegruppp-supertoit-tervisetoit-en","18":"pa_tootegruppp-vitamins-and-minerals","20":"first","21":"instock","22":"sale","23":"taxable","24":"shipping-taxable","25":"purchasable","26":"product-type-simple"},"yoast_head":"<!-- This site is optimized with the Yoast SEO plugin v27.3 - https:\/\/yoast.com\/product\/yoast-seo-wordpress\/ -->\n<title>Biotiin tabletid (60tbl) - Biotiin - Biotiin juustele - Kiire tarne - Fit360<\/title>\n<meta name=\"description\" content=\"Biotiin tabletid - elutegevuseks vajalik k\u00f5igile organismidele. Biotiin hoiab korras ja tugevdab Sinu juukseid, k\u00fc\u00fcsi ja nahka. Kiire tarne!\" \/>\n<meta name=\"robots\" content=\"index, follow, max-snippet:-1, max-image-preview:large, max-video-preview:-1\" \/>\n<link rel=\"canonical\" href=\"https:\/\/fit360.ee\/en\/pood\/product-groups\/vitamins-and-minerals-en\/b-vitamin-en\/biotiin-tabletid-60tbl\/\" \/>\n<meta property=\"og:locale\" content=\"en_US\" \/>\n<meta property=\"og:type\" content=\"article\" \/>\n<meta property=\"og:title\" content=\"Biotiin tabletid (60tbl) - Biotiin - Biotiin juustele - Kiire tarne - Fit360\" \/>\n<meta property=\"og:description\" content=\"Biotiin tabletid - elutegevuseks vajalik k\u00f5igile organismidele. Biotiin hoiab korras ja tugevdab Sinu juukseid, k\u00fc\u00fcsi ja nahka. Kiire tarne!\" \/>\n<meta property=\"og:url\" content=\"https:\/\/fit360.ee\/en\/pood\/product-groups\/vitamins-and-minerals-en\/b-vitamin-en\/biotiin-tabletid-60tbl\/\" \/>\n<meta property=\"og:site_name\" content=\"Fit360\" \/>\n<meta property=\"article:modified_time\" content=\"2025-08-19T17:57:10+00:00\" \/>\n<meta property=\"og:image\" content=\"https:\/\/fit360.ee\/wp-content\/uploads\/2019\/08\/biotiin-tabletid-fit360.ee_.png\" \/>\n\t<meta property=\"og:image:width\" content=\"800\" \/>\n\t<meta property=\"og:image:height\" content=\"800\" \/>\n\t<meta property=\"og:image:type\" content=\"image\/png\" \/>\n<meta name=\"twitter:card\" content=\"summary_large_image\" \/>\n<meta name=\"twitter:label1\" content=\"Est. reading time\" \/>\n\t<meta name=\"twitter:data1\" content=\"2 minutes\" \/>\n<script type=\"application\/ld+json\" class=\"yoast-schema-graph\">{\"@context\":\"https:\\\/\\\/schema.org\",\"@graph\":[{\"@type\":\"WebPage\",\"@id\":\"https:\\\/\\\/fit360.ee\\\/en\\\/pood\\\/product-groups\\\/vitamins-and-minerals-en\\\/b-vitamin-en\\\/biotiin-tabletid-60tbl\\\/\",\"url\":\"https:\\\/\\\/fit360.ee\\\/en\\\/pood\\\/product-groups\\\/vitamins-and-minerals-en\\\/b-vitamin-en\\\/biotiin-tabletid-60tbl\\\/\",\"name\":\"Biotiin tabletid (60tbl) - Biotiin - Biotiin juustele - Kiire tarne - Fit360\",\"isPartOf\":{\"@id\":\"https:\\\/\\\/fit360.ee\\\/en\\\/#website\"},\"primaryImageOfPage\":{\"@id\":\"https:\\\/\\\/fit360.ee\\\/en\\\/pood\\\/product-groups\\\/vitamins-and-minerals-en\\\/b-vitamin-en\\\/biotiin-tabletid-60tbl\\\/#primaryimage\"},\"image\":{\"@id\":\"https:\\\/\\\/fit360.ee\\\/en\\\/pood\\\/product-groups\\\/vitamins-and-minerals-en\\\/b-vitamin-en\\\/biotiin-tabletid-60tbl\\\/#primaryimage\"},\"thumbnailUrl\":\"https:\\\/\\\/fit360.ee\\\/wp-content\\\/uploads\\\/2019\\\/08\\\/biotiin-tabletid-fit360.ee_.png\",\"datePublished\":\"2019-08-30T14:41:36+00:00\",\"dateModified\":\"2025-08-19T17:57:10+00:00\",\"description\":\"Biotiin tabletid - elutegevuseks vajalik k\u00f5igile organismidele. Biotiin hoiab korras ja tugevdab Sinu juukseid, k\u00fc\u00fcsi ja nahka. Kiire tarne!\",\"breadcrumb\":{\"@id\":\"https:\\\/\\\/fit360.ee\\\/en\\\/pood\\\/product-groups\\\/vitamins-and-minerals-en\\\/b-vitamin-en\\\/biotiin-tabletid-60tbl\\\/#breadcrumb\"},\"inLanguage\":\"en-US\",\"potentialAction\":[{\"@type\":\"ReadAction\",\"target\":[\"https:\\\/\\\/fit360.ee\\\/en\\\/pood\\\/product-groups\\\/vitamins-and-minerals-en\\\/b-vitamin-en\\\/biotiin-tabletid-60tbl\\\/\"]}]},{\"@type\":\"ImageObject\",\"inLanguage\":\"en-US\",\"@id\":\"https:\\\/\\\/fit360.ee\\\/en\\\/pood\\\/product-groups\\\/vitamins-and-minerals-en\\\/b-vitamin-en\\\/biotiin-tabletid-60tbl\\\/#primaryimage\",\"url\":\"https:\\\/\\\/fit360.ee\\\/wp-content\\\/uploads\\\/2019\\\/08\\\/biotiin-tabletid-fit360.ee_.png\",\"contentUrl\":\"https:\\\/\\\/fit360.ee\\\/wp-content\\\/uploads\\\/2019\\\/08\\\/biotiin-tabletid-fit360.ee_.png\",\"width\":800,\"height\":800,\"caption\":\"biotiin tabletid - fit360.ee\"},{\"@type\":\"BreadcrumbList\",\"@id\":\"https:\\\/\\\/fit360.ee\\\/en\\\/pood\\\/product-groups\\\/vitamins-and-minerals-en\\\/b-vitamin-en\\\/biotiin-tabletid-60tbl\\\/#breadcrumb\",\"itemListElement\":[{\"@type\":\"ListItem\",\"position\":1,\"name\":\"Home\",\"item\":\"https:\\\/\\\/fit360.ee\\\/en\\\/\"},{\"@type\":\"ListItem\",\"position\":2,\"name\":\"Shop\",\"item\":\"https:\\\/\\\/fit360.ee\\\/en\\\/shop\\\/\"},{\"@type\":\"ListItem\",\"position\":3,\"name\":\"Biotiin (60tbl)\"}]},{\"@type\":\"WebSite\",\"@id\":\"https:\\\/\\\/fit360.ee\\\/en\\\/#website\",\"url\":\"https:\\\/\\\/fit360.ee\\\/en\\\/\",\"name\":\"Fit360\",\"description\":\"\",\"publisher\":{\"@id\":\"https:\\\/\\\/fit360.ee\\\/en\\\/#organization\"},\"potentialAction\":[{\"@type\":\"SearchAction\",\"target\":{\"@type\":\"EntryPoint\",\"urlTemplate\":\"https:\\\/\\\/fit360.ee\\\/en\\\/?s={search_term_string}\"},\"query-input\":{\"@type\":\"PropertyValueSpecification\",\"valueRequired\":true,\"valueName\":\"search_term_string\"}}],\"inLanguage\":\"en-US\"},{\"@type\":\"Organization\",\"@id\":\"https:\\\/\\\/fit360.ee\\\/en\\\/#organization\",\"name\":\"Fit360\",\"url\":\"https:\\\/\\\/fit360.ee\\\/en\\\/\",\"logo\":{\"@type\":\"ImageObject\",\"inLanguage\":\"en-US\",\"@id\":\"https:\\\/\\\/fit360.ee\\\/en\\\/#\\\/schema\\\/logo\\\/image\\\/\",\"url\":\"https:\\\/\\\/fit360.ee\\\/wp-content\\\/uploads\\\/2017\\\/01\\\/logo-fit360.png\",\"contentUrl\":\"https:\\\/\\\/fit360.ee\\\/wp-content\\\/uploads\\\/2017\\\/01\\\/logo-fit360.png\",\"width\":180,\"height\":66,\"caption\":\"Fit360\"},\"image\":{\"@id\":\"https:\\\/\\\/fit360.ee\\\/en\\\/#\\\/schema\\\/logo\\\/image\\\/\"}}]}<\/script>\n<!-- \/ Yoast SEO plugin. -->","yoast_head_json":{"title":"Biotiin tabletid (60tbl) - Biotiin - Biotiin juustele - Kiire tarne - Fit360","description":"Biotiin tabletid - elutegevuseks vajalik k\u00f5igile organismidele. Biotiin hoiab korras ja tugevdab Sinu juukseid, k\u00fc\u00fcsi ja nahka. Kiire tarne!","robots":{"index":"index","follow":"follow","max-snippet":"max-snippet:-1","max-image-preview":"max-image-preview:large","max-video-preview":"max-video-preview:-1"},"canonical":"https:\/\/fit360.ee\/en\/pood\/product-groups\/vitamins-and-minerals-en\/b-vitamin-en\/biotiin-tabletid-60tbl\/","og_locale":"en_US","og_type":"article","og_title":"Biotiin tabletid (60tbl) - Biotiin - Biotiin juustele - Kiire tarne - Fit360","og_description":"Biotiin tabletid - elutegevuseks vajalik k\u00f5igile organismidele. Biotiin hoiab korras ja tugevdab Sinu juukseid, k\u00fc\u00fcsi ja nahka. Kiire tarne!","og_url":"https:\/\/fit360.ee\/en\/pood\/product-groups\/vitamins-and-minerals-en\/b-vitamin-en\/biotiin-tabletid-60tbl\/","og_site_name":"Fit360","article_modified_time":"2025-08-19T17:57:10+00:00","og_image":[{"width":800,"height":800,"url":"https:\/\/fit360.ee\/wp-content\/uploads\/2019\/08\/biotiin-tabletid-fit360.ee_.png","type":"image\/png"}],"twitter_card":"summary_large_image","twitter_misc":{"Est. reading time":"2 minutes"},"schema":{"@context":"https:\/\/schema.org","@graph":[{"@type":"WebPage","@id":"https:\/\/fit360.ee\/en\/pood\/product-groups\/vitamins-and-minerals-en\/b-vitamin-en\/biotiin-tabletid-60tbl\/","url":"https:\/\/fit360.ee\/en\/pood\/product-groups\/vitamins-and-minerals-en\/b-vitamin-en\/biotiin-tabletid-60tbl\/","name":"Biotiin tabletid (60tbl) - Biotiin - Biotiin juustele - Kiire tarne - Fit360","isPartOf":{"@id":"https:\/\/fit360.ee\/en\/#website"},"primaryImageOfPage":{"@id":"https:\/\/fit360.ee\/en\/pood\/product-groups\/vitamins-and-minerals-en\/b-vitamin-en\/biotiin-tabletid-60tbl\/#primaryimage"},"image":{"@id":"https:\/\/fit360.ee\/en\/pood\/product-groups\/vitamins-and-minerals-en\/b-vitamin-en\/biotiin-tabletid-60tbl\/#primaryimage"},"thumbnailUrl":"https:\/\/fit360.ee\/wp-content\/uploads\/2019\/08\/biotiin-tabletid-fit360.ee_.png","datePublished":"2019-08-30T14:41:36+00:00","dateModified":"2025-08-19T17:57:10+00:00","description":"Biotiin tabletid - elutegevuseks vajalik k\u00f5igile organismidele. Biotiin hoiab korras ja tugevdab Sinu juukseid, k\u00fc\u00fcsi ja nahka. Kiire tarne!","breadcrumb":{"@id":"https:\/\/fit360.ee\/en\/pood\/product-groups\/vitamins-and-minerals-en\/b-vitamin-en\/biotiin-tabletid-60tbl\/#breadcrumb"},"inLanguage":"en-US","potentialAction":[{"@type":"ReadAction","target":["https:\/\/fit360.ee\/en\/pood\/product-groups\/vitamins-and-minerals-en\/b-vitamin-en\/biotiin-tabletid-60tbl\/"]}]},{"@type":"ImageObject","inLanguage":"en-US","@id":"https:\/\/fit360.ee\/en\/pood\/product-groups\/vitamins-and-minerals-en\/b-vitamin-en\/biotiin-tabletid-60tbl\/#primaryimage","url":"https:\/\/fit360.ee\/wp-content\/uploads\/2019\/08\/biotiin-tabletid-fit360.ee_.png","contentUrl":"https:\/\/fit360.ee\/wp-content\/uploads\/2019\/08\/biotiin-tabletid-fit360.ee_.png","width":800,"height":800,"caption":"biotiin tabletid - fit360.ee"},{"@type":"BreadcrumbList","@id":"https:\/\/fit360.ee\/en\/pood\/product-groups\/vitamins-and-minerals-en\/b-vitamin-en\/biotiin-tabletid-60tbl\/#breadcrumb","itemListElement":[{"@type":"ListItem","position":1,"name":"Home","item":"https:\/\/fit360.ee\/en\/"},{"@type":"ListItem","position":2,"name":"Shop","item":"https:\/\/fit360.ee\/en\/shop\/"},{"@type":"ListItem","position":3,"name":"Biotiin (60tbl)"}]},{"@type":"WebSite","@id":"https:\/\/fit360.ee\/en\/#website","url":"https:\/\/fit360.ee\/en\/","name":"Fit360","description":"","publisher":{"@id":"https:\/\/fit360.ee\/en\/#organization"},"potentialAction":[{"@type":"SearchAction","target":{"@type":"EntryPoint","urlTemplate":"https:\/\/fit360.ee\/en\/?s={search_term_string}"},"query-input":{"@type":"PropertyValueSpecification","valueRequired":true,"valueName":"search_term_string"}}],"inLanguage":"en-US"},{"@type":"Organization","@id":"https:\/\/fit360.ee\/en\/#organization","name":"Fit360","url":"https:\/\/fit360.ee\/en\/","logo":{"@type":"ImageObject","inLanguage":"en-US","@id":"https:\/\/fit360.ee\/en\/#\/schema\/logo\/image\/","url":"https:\/\/fit360.ee\/wp-content\/uploads\/2017\/01\/logo-fit360.png","contentUrl":"https:\/\/fit360.ee\/wp-content\/uploads\/2017\/01\/logo-fit360.png","width":180,"height":66,"caption":"Fit360"},"image":{"@id":"https:\/\/fit360.ee\/en\/#\/schema\/logo\/image\/"}}]}},"_links":{"self":[{"href":"https:\/\/fit360.ee\/en\/wp-json\/wp\/v2\/product\/22826","targetHints":{"allow":["GET"]}}],"collection":[{"href":"https:\/\/fit360.ee\/en\/wp-json\/wp\/v2\/product"}],"about":[{"href":"https:\/\/fit360.ee\/en\/wp-json\/wp\/v2\/types\/product"}],"replies":[{"embeddable":true,"href":"https:\/\/fit360.ee\/en\/wp-json\/wp\/v2\/comments?post=22826"}],"wp:featuredmedia":[{"embeddable":true,"href":"https:\/\/fit360.ee\/en\/wp-json\/wp\/v2\/media\/39501"}],"wp:attachment":[{"href":"https:\/\/fit360.ee\/en\/wp-json\/wp\/v2\/media?parent=22826"}],"wp:term":[{"taxonomy":"product_brand","embeddable":true,"href":"https:\/\/fit360.ee\/en\/wp-json\/wp\/v2\/product_brand?post=22826"},{"taxonomy":"product_cat","embeddable":true,"href":"https:\/\/fit360.ee\/en\/wp-json\/wp\/v2\/product_cat?post=22826"},{"taxonomy":"product_tag","embeddable":true,"href":"https:\/\/fit360.ee\/en\/wp-json\/wp\/v2\/product_tag?post=22826"},{"taxonomy":"giftcard-category","embeddable":true,"href":"https:\/\/fit360.ee\/en\/wp-json\/wp\/v2\/giftcard-category?post=22826"}],"curies":[{"name":"wp","href":"https:\/\/api.w.org\/{rel}","templated":true}]}}